{"id":3106,"date":"2024-05-27T06:55:44","date_gmt":"2024-05-27T06:55:44","guid":{"rendered":"https:\/\/beditom.pl\/?page_id=3106"},"modified":"2024-06-12T18:18:44","modified_gmt":"2024-06-12T18:18:44","slug":"akcesoria","status":"publish","type":"page","link":"https:\/\/beditom.pl\/se\/dla-przemyslu\/bramy-przemyslowe-automatyka\/akcesoria\/","title":{"rendered":"AKCESORIA"},"content":{"rendered":"<section class=\"l-section wpb_row height_medium width_custom color_primary\" style=\"--site-content-width:1320px;\"><div class=\"l-section-h i-cf\"><div class=\"g-cols vc_row via_grid cols_1-4-1 laptops-cols_inherit tablets-cols_inherit mobiles-cols_1 valign_top type_default stacking_default\"><div class=\"wpb_column vc_column_container\"><div class=\"vc_column-inner\"><\/div><\/div><div class=\"wpb_column vc_column_container\"><div class=\"vc_column-inner\"><div class=\"w-html us_custom_b011e678 has_text_color\"><p>AKCESORIA\n<\/p><\/div><\/div><\/div><div class=\"wpb_column vc_column_container\"><div class=\"vc_column-inner\"><\/div><\/div><\/div><\/div><\/section><section class=\"l-section wpb_row us_custom_e29345e3 height_medium width_custom\" style=\"--site-content-width:1320px;\"><div class=\"l-section-h i-cf\"><div class=\"g-cols vc_row via_grid cols_1 laptops-cols_inherit tablets-cols_inherit mobiles-cols_1 valign_top type_default stacking_default\"><div class=\"wpb_column vc_column_container\"><div class=\"vc_column-inner\"><nav class=\"g-breadcrumbs us_custom_fdcab3db separator_icon align_none hide_current\" itemscope itemtype=\"http:\/\/schema.org\/BreadcrumbList\"><div class=\"g-breadcrumbs-item\" itemscope itemprop=\"itemListElement\" itemtype=\"http:\/\/schema.org\/ListItem\"><a itemprop=\"item\" href=\"https:\/\/beditom.pl\/se\/\"><span itemprop=\"name\">Hemsida<\/span><\/a><meta itemprop=\"position\" content=\"1\"\/><\/div><div class=\"g-breadcrumbs-separator\"><i class=\"far fa-angle-right\"><\/i><\/div><div class=\"g-breadcrumbs-item\">Sidor<\/div><\/nav><\/div><\/div><\/div><\/div><\/section>\n<section class=\"l-section wpb_row height_medium width_custom\" style=\"--site-content-width:1320px;\"><div class=\"l-section-h i-cf\"><div class=\"g-cols vc_row via_grid cols_1 laptops-cols_inherit tablets-cols_inherit mobiles-cols_1 valign_top type_default stacking_default\"><div class=\"wpb_column vc_column_container\"><div class=\"vc_column-inner\"><div class=\"wpb_text_column us_custom_ecd4848b has_text_color\"><div class=\"wpb_wrapper\"><p>PRODUKTBESKRIVNING<\/p>\n<\/div><\/div><div class=\"wpb_text_column us_custom_9ebf969f\"><div class=\"wpb_wrapper\"><p>Akcesoria do automatyki bram przemys\u0142owych<\/p>\n<\/div><\/div><\/div><\/div><\/div><\/div><\/section><section class=\"l-section wpb_row us_custom_887a049b height_medium width_custom\" style=\"--site-content-width:1320px;\"><div class=\"l-section-h i-cf\"><div class=\"g-cols vc_row via_grid cols_4 laptops-cols_inherit tablets-cols_inherit mobiles-cols_1 valign_top type_default stacking_default\"><div class=\"wpb_column vc_column_container\"><div class=\"vc_column-inner\"><div class=\"w-image align_center\"><div class=\"w-image-h\"><img decoding=\"async\" width=\"150\" height=\"150\" src=\"https:\/\/beditom.pl\/app\/uploads\/2024\/03\/GFA_zestaw_czujnikow_5-150x150.webp\" class=\"attachment-thumbnail size-thumbnail\" alt=\"Beditom bramy gara\u017cowe\" loading=\"lazy\" srcset=\"https:\/\/beditom.pl\/app\/uploads\/2024\/03\/GFA_zestaw_czujnikow_5-150x150.webp 150w, https:\/\/beditom.pl\/app\/uploads\/2024\/03\/GFA_zestaw_czujnikow_5-50x50.webp 50w\" sizes=\"auto, (max-width: 150px) 100vw, 150px\" title=\"Beditom takskjutportar f\u00f6r garage\"><\/div><\/div><div class=\"wpb_text_column us_custom_32207688\"><div class=\"wpb_wrapper\"><p style=\"text-align: center;\">Zestaw czujnik\u00f3w<\/p>\n<\/div><\/div><div class=\"w-separator size_small\"><\/div><div class=\"wpb_text_column\"><div class=\"wpb_wrapper\"><p style=\"text-align: center;\">Zabezpieczenia dolnej kraw\u0119dzi bramy montowe w dolnej uszczelce bramy w komplecie z przewodem spiralnym i puszk\u0105 \u0142\u0105czeniow\u0105<\/p>\n<\/div><\/div><\/div><\/div><div class=\"wpb_column vc_column_container\"><div class=\"vc_column-inner\"><div class=\"w-image align_center\"><div class=\"w-image-h\"><img decoding=\"async\" width=\"150\" height=\"150\" src=\"https:\/\/beditom.pl\/app\/uploads\/2024\/03\/gfa_kurtyna5_5-150x150.webp\" class=\"attachment-thumbnail size-thumbnail\" alt=\"Beditom bramy gara\u017cowe\" loading=\"lazy\" srcset=\"https:\/\/beditom.pl\/app\/uploads\/2024\/03\/gfa_kurtyna5_5-150x150.webp 150w, https:\/\/beditom.pl\/app\/uploads\/2024\/03\/gfa_kurtyna5_5-50x50.webp 50w, https:\/\/beditom.pl\/app\/uploads\/2024\/03\/gfa_kurtyna5_5-300x300.webp 300w\" sizes=\"auto, (max-width: 150px) 100vw, 150px\" title=\"Beditom takskjutportar f\u00f6r garage\"><\/div><\/div><div class=\"wpb_text_column us_custom_32207688\"><div class=\"wpb_wrapper\"><p style=\"text-align: center;\">Kurtyna \u015bwietlna<\/p>\n<\/div><\/div><div class=\"w-separator size_small\"><\/div><div class=\"wpb_text_column\"><div class=\"wpb_wrapper\"><p style=\"text-align: center;\">Zabezpiecza \u015bwiat\u0142o wjazdu, nie zast\u0105piona w bramach wyposa\u017conych w drzwi serwisowe z obni\u017conym progiem<\/p>\n<\/div><\/div><\/div><\/div><div class=\"wpb_column vc_column_container\"><div class=\"vc_column-inner\"><div class=\"w-image align_center\"><div class=\"w-image-h\"><img decoding=\"async\" width=\"150\" height=\"150\" src=\"https:\/\/beditom.pl\/app\/uploads\/2024\/03\/gfa_fotokomorki-150x150.webp\" class=\"attachment-thumbnail size-thumbnail\" alt=\"Beditom bramy gara\u017cowe\" loading=\"lazy\" srcset=\"https:\/\/beditom.pl\/app\/uploads\/2024\/03\/gfa_fotokomorki-150x150.webp 150w, https:\/\/beditom.pl\/app\/uploads\/2024\/03\/gfa_fotokomorki-50x50.webp 50w\" sizes=\"auto, (max-width: 150px) 100vw, 150px\" title=\"Beditom takskjutportar f\u00f6r garage\"><\/div><\/div><div class=\"wpb_text_column us_custom_32207688\"><div class=\"wpb_wrapper\"><p style=\"text-align: center;\">Fotokom\u00f3rki<\/p>\n<\/div><\/div><div class=\"w-separator size_small\"><\/div><div class=\"wpb_text_column\"><div class=\"wpb_wrapper\"><p style=\"text-align: center;\">Zabezpieczaj\u0105 \u015bwiat\u0142o wjazdu<\/p>\n<\/div><\/div><\/div><\/div><div class=\"wpb_column vc_column_container\"><div class=\"vc_column-inner\"><div class=\"w-image align_center\"><div class=\"w-image-h\"><img decoding=\"async\" width=\"150\" height=\"150\" src=\"https:\/\/beditom.pl\/app\/uploads\/2024\/03\/ENTRApin-1-150x150.webp\" class=\"attachment-thumbnail size-thumbnail\" alt=\"Beditom bramy gara\u017cowe\" loading=\"lazy\" srcset=\"https:\/\/beditom.pl\/app\/uploads\/2024\/03\/ENTRApin-1-150x150.webp 150w, https:\/\/beditom.pl\/app\/uploads\/2024\/03\/ENTRApin-1-50x50.webp 50w, https:\/\/beditom.pl\/app\/uploads\/2024\/03\/ENTRApin-1-300x300.webp 300w\" sizes=\"auto, (max-width: 150px) 100vw, 150px\" title=\"Beditom takskjutportar f\u00f6r garage\"><\/div><\/div><div class=\"wpb_text_column us_custom_32207688\"><div class=\"wpb_wrapper\"><p style=\"text-align: center;\">Klawiatura kodowa radiowa<\/p>\n<\/div><\/div><div class=\"w-separator size_small\"><\/div><div class=\"wpb_text_column\"><div class=\"wpb_wrapper\"><p style=\"text-align: center;\">Wsp\u00f3\u0142pracuje z odbiornikiem radiowym, umo\u017cliwia obs\u0142ug\u0119 bramy za pomoc\u0105 indywidualnego kodu<\/p>\n<\/div><\/div><\/div><\/div><\/div><\/div><\/section><section class=\"l-section wpb_row us_custom_887a049b height_medium width_custom\" style=\"--site-content-width:1320px;\"><div class=\"l-section-h i-cf\"><div class=\"g-cols vc_row via_grid cols_4 laptops-cols_inherit tablets-cols_inherit mobiles-cols_1 valign_top type_default stacking_default\"><div class=\"wpb_column vc_column_container\"><div class=\"vc_column-inner\"><div class=\"w-image align_center\"><div class=\"w-image-h\"><img decoding=\"async\" width=\"150\" height=\"150\" src=\"https:\/\/beditom.pl\/app\/uploads\/2024\/03\/gfa_klucz-150x150.webp\" class=\"attachment-thumbnail size-thumbnail\" alt=\"Beditom bramy gara\u017cowe\" loading=\"lazy\" srcset=\"https:\/\/beditom.pl\/app\/uploads\/2024\/03\/gfa_klucz-150x150.webp 150w, https:\/\/beditom.pl\/app\/uploads\/2024\/03\/gfa_klucz-50x50.webp 50w, https:\/\/beditom.pl\/app\/uploads\/2024\/03\/gfa_klucz-300x300.webp 300w\" sizes=\"auto, (max-width: 150px) 100vw, 150px\" title=\"Beditom takskjutportar f\u00f6r garage\"><\/div><\/div><div class=\"wpb_text_column us_custom_32207688\"><div class=\"wpb_wrapper\"><p style=\"text-align: center;\">Prze\u0142\u0105cznik kluczykowy<\/p>\n<\/div><\/div><div class=\"w-separator size_small\"><\/div><div class=\"wpb_text_column\"><div class=\"wpb_wrapper\"><p style=\"text-align: center;\">Jedno\/dwu pozycyjny natynkowy umo\u017cliwia obs\u0142ug\u0119 bramy za pomoc\u0105 kluczyka<\/p>\n<\/div><\/div><\/div><\/div><div class=\"wpb_column vc_column_container\"><div class=\"vc_column-inner\"><div class=\"w-image align_center\"><div class=\"w-image-h\"><img decoding=\"async\" width=\"150\" height=\"150\" src=\"https:\/\/beditom.pl\/app\/uploads\/2024\/03\/gfa_kaseta-150x150.webp\" class=\"attachment-thumbnail size-thumbnail\" alt=\"Beditom bramy gara\u017cowe\" loading=\"lazy\" srcset=\"https:\/\/beditom.pl\/app\/uploads\/2024\/03\/gfa_kaseta-150x150.webp 150w, https:\/\/beditom.pl\/app\/uploads\/2024\/03\/gfa_kaseta-50x50.webp 50w, https:\/\/beditom.pl\/app\/uploads\/2024\/03\/gfa_kaseta-300x300.webp 300w\" sizes=\"auto, (max-width: 150px) 100vw, 150px\" title=\"Beditom takskjutportar f\u00f6r garage\"><\/div><\/div><div class=\"wpb_text_column us_custom_32207688\"><div class=\"wpb_wrapper\"><p style=\"text-align: center;\">Kaseta steruj\u0105ca<\/p>\n<\/div><\/div><div class=\"w-separator size_small\"><\/div><div class=\"wpb_text_column\"><div class=\"wpb_wrapper\"><p style=\"text-align: center;\">3-przyciski g\u00f3ra stop d\u00f3\u0142 IP 65<\/p>\n<\/div><\/div><\/div><\/div><div class=\"wpb_column vc_column_container\"><div class=\"vc_column-inner\"><div class=\"w-image align_center\"><div class=\"w-image-h\"><img decoding=\"async\" width=\"150\" height=\"150\" src=\"https:\/\/beditom.pl\/app\/uploads\/2024\/03\/gfa_kaseta_klucz-150x150.webp\" class=\"attachment-thumbnail size-thumbnail\" alt=\"Beditom bramy gara\u017cowe\" loading=\"lazy\" srcset=\"https:\/\/beditom.pl\/app\/uploads\/2024\/03\/gfa_kaseta_klucz-150x150.webp 150w, https:\/\/beditom.pl\/app\/uploads\/2024\/03\/gfa_kaseta_klucz-50x50.webp 50w, https:\/\/beditom.pl\/app\/uploads\/2024\/03\/gfa_kaseta_klucz-300x300.webp 300w\" sizes=\"auto, (max-width: 150px) 100vw, 150px\" title=\"Beditom takskjutportar f\u00f6r garage\"><\/div><\/div><div class=\"wpb_text_column us_custom_32207688\"><div class=\"wpb_wrapper\"><p style=\"text-align: center;\">Kaseta steruj\u0105ca z kluczem<\/p>\n<\/div><\/div><div class=\"w-separator size_small\"><\/div><div class=\"wpb_text_column\"><div class=\"wpb_wrapper\"><p style=\"text-align: center;\">3-przyciski g\u00f3ra stop d\u00f3\u0142 IP 65, klucz umo\u017cliwia blokad\u0119 przycisk steruj\u0105cych<\/p>\n<\/div><\/div><\/div><\/div><div class=\"wpb_column vc_column_container\"><div class=\"vc_column-inner\"><div class=\"w-image align_center\"><div class=\"w-image-h\"><img decoding=\"async\" width=\"150\" height=\"150\" src=\"https:\/\/beditom.pl\/app\/uploads\/2024\/03\/wylacznik_sznurkowy-150x150.webp\" class=\"attachment-thumbnail size-thumbnail\" alt=\"Beditom bramy gara\u017cowe\" loading=\"lazy\" srcset=\"https:\/\/beditom.pl\/app\/uploads\/2024\/03\/wylacznik_sznurkowy-150x150.webp 150w, https:\/\/beditom.pl\/app\/uploads\/2024\/03\/wylacznik_sznurkowy-50x50.webp 50w, https:\/\/beditom.pl\/app\/uploads\/2024\/03\/wylacznik_sznurkowy-300x300.webp 300w\" sizes=\"auto, (max-width: 150px) 100vw, 150px\" title=\"Beditom takskjutportar f\u00f6r garage\"><\/div><\/div><div class=\"wpb_text_column us_custom_32207688\"><div class=\"wpb_wrapper\"><p style=\"text-align: center;\">Wy\u0142\u0105cznik poci\u0105gowy<\/p>\n<\/div><\/div><div class=\"w-separator size_small\"><\/div><div class=\"wpb_text_column\"><div class=\"wpb_wrapper\"><p style=\"text-align: center;\">Umo\u017cliwia uruchomienie bramy za pomoc\u0105 sznurka<\/p>\n<\/div><\/div><\/div><\/div><\/div><\/div><\/section><section class=\"l-section wpb_row us_custom_887a049b height_medium width_custom\" style=\"--site-content-width:1320px;\"><div class=\"l-section-h i-cf\"><div class=\"g-cols vc_row via_grid cols_4 laptops-cols_inherit tablets-cols_inherit mobiles-cols_1 valign_top type_default stacking_default\"><div class=\"wpb_column vc_column_container\"><div class=\"vc_column-inner\"><div class=\"w-image align_center\"><div class=\"w-image-h\"><img decoding=\"async\" width=\"150\" height=\"150\" src=\"https:\/\/beditom.pl\/app\/uploads\/2024\/03\/gfa_radio-150x150.webp\" class=\"attachment-thumbnail size-thumbnail\" alt=\"Beditom bramy gara\u017cowe\" loading=\"lazy\" srcset=\"https:\/\/beditom.pl\/app\/uploads\/2024\/03\/gfa_radio-150x150.webp 150w, https:\/\/beditom.pl\/app\/uploads\/2024\/03\/gfa_radio-50x50.webp 50w, https:\/\/beditom.pl\/app\/uploads\/2024\/03\/gfa_radio.webp 206w\" sizes=\"auto, (max-width: 150px) 100vw, 150px\" title=\"Beditom takskjutportar f\u00f6r garage\"><\/div><\/div><div class=\"wpb_text_column us_custom_32207688\"><div class=\"wpb_wrapper\"><p style=\"text-align: center;\">Odbiornik radiowy<\/p>\n<\/div><\/div><div class=\"w-separator size_small\"><\/div><div class=\"wpb_text_column\"><div class=\"wpb_wrapper\"><p style=\"text-align: center;\">Umo\u017cliwia obs\u0142ug\u0119 bramy za pomoc\u0105 akcesori\u00f3w radiowych<\/p>\n<\/div><\/div><\/div><\/div><div class=\"wpb_column vc_column_container\"><div class=\"vc_column-inner\"><div class=\"w-image align_center\"><div class=\"w-image-h\"><img decoding=\"async\" width=\"150\" height=\"150\" src=\"https:\/\/beditom.pl\/app\/uploads\/2024\/03\/gfa_pilot-150x150.webp\" class=\"attachment-thumbnail size-thumbnail\" alt=\"Beditom bramy gara\u017cowe\" loading=\"lazy\" srcset=\"https:\/\/beditom.pl\/app\/uploads\/2024\/03\/gfa_pilot-150x150.webp 150w, https:\/\/beditom.pl\/app\/uploads\/2024\/03\/gfa_pilot-50x50.webp 50w, https:\/\/beditom.pl\/app\/uploads\/2024\/03\/gfa_pilot.webp 300w\" sizes=\"auto, (max-width: 150px) 100vw, 150px\" title=\"Beditom takskjutportar f\u00f6r garage\"><\/div><\/div><div class=\"wpb_text_column us_custom_32207688\"><div class=\"wpb_wrapper\"><p style=\"text-align: center;\">Nadajnik radiowy (pilot)<\/p>\n<\/div><\/div><div class=\"w-separator size_small\"><\/div><div class=\"wpb_text_column\"><div class=\"wpb_wrapper\"><p style=\"text-align: center;\">Wsp\u00f3\u0142pracuje z odbiornikiem radiowym, umo\u017cliwia zdaln\u0105 obs\u0142ug\u0119 bramy<\/p>\n<\/div><\/div><\/div><\/div><div class=\"wpb_column vc_column_container\"><div class=\"vc_column-inner\"><div class=\"w-image align_center\"><div class=\"w-image-h\"><img decoding=\"async\" width=\"150\" height=\"150\" src=\"https:\/\/beditom.pl\/app\/uploads\/2024\/03\/gfa_led-150x150.webp\" class=\"attachment-thumbnail size-thumbnail\" alt=\"Beditom bramy gara\u017cowe\" loading=\"lazy\" srcset=\"https:\/\/beditom.pl\/app\/uploads\/2024\/03\/gfa_led-150x150.webp 150w, https:\/\/beditom.pl\/app\/uploads\/2024\/03\/gfa_led-50x50.webp 50w\" sizes=\"auto, (max-width: 150px) 100vw, 150px\" title=\"Beditom takskjutportar f\u00f6r garage\"><\/div><\/div><div class=\"wpb_text_column us_custom_32207688\"><div class=\"wpb_wrapper\"><p style=\"text-align: center;\">Lampa ostrzegawcza<\/p>\n<\/div><\/div><div class=\"w-separator size_small\"><\/div><div class=\"wpb_text_column\"><div class=\"wpb_wrapper\"><p style=\"text-align: center;\">Informuje \u015bwiat\u0142em o ruchu bramy<\/p>\n<\/div><\/div><\/div><\/div><div class=\"wpb_column vc_column_container\"><div class=\"vc_column-inner\"><div class=\"w-image align_center\"><div class=\"w-image-h\"><img decoding=\"async\" width=\"150\" height=\"150\" src=\"https:\/\/beditom.pl\/app\/uploads\/2024\/03\/gfa_sygnalizator-150x150.webp\" class=\"attachment-thumbnail size-thumbnail\" alt=\"Beditom bramy gara\u017cowe\" loading=\"lazy\" srcset=\"https:\/\/beditom.pl\/app\/uploads\/2024\/03\/gfa_sygnalizator-150x150.webp 150w, https:\/\/beditom.pl\/app\/uploads\/2024\/03\/gfa_sygnalizator-50x50.webp 50w\" sizes=\"auto, (max-width: 150px) 100vw, 150px\" title=\"Beditom takskjutportar f\u00f6r garage\"><\/div><\/div><div class=\"wpb_text_column us_custom_32207688\"><div class=\"wpb_wrapper\"><p style=\"text-align: center;\">Sygnalizatory \u015bwietlne<\/p>\n<\/div><\/div><div class=\"w-separator size_small\"><\/div><div class=\"wpb_text_column\"><div class=\"wpb_wrapper\"><p style=\"text-align: center;\">Informuj\u0105 o otwarciu lub zamkni\u0119ciu bramy<\/p>\n<\/div><\/div><\/div><\/div><\/div><\/div><\/section><section class=\"l-section wpb_row us_custom_887a049b height_medium width_custom\" style=\"--site-content-width:1320px;\"><div class=\"l-section-h i-cf\"><div class=\"g-cols vc_row via_grid cols_4 laptops-cols_inherit tablets-cols_inherit mobiles-cols_1 valign_top type_default stacking_default\"><div class=\"wpb_column vc_column_container\"><div class=\"vc_column-inner\"><div class=\"w-image align_center\"><div class=\"w-image-h\"><img decoding=\"async\" width=\"150\" height=\"150\" src=\"https:\/\/beditom.pl\/app\/uploads\/2024\/03\/gfa_indukcja-150x150.webp\" class=\"attachment-thumbnail size-thumbnail\" alt=\"Beditom bramy gara\u017cowe\" loading=\"lazy\" srcset=\"https:\/\/beditom.pl\/app\/uploads\/2024\/03\/gfa_indukcja-150x150.webp 150w, https:\/\/beditom.pl\/app\/uploads\/2024\/03\/gfa_indukcja-50x50.webp 50w, https:\/\/beditom.pl\/app\/uploads\/2024\/03\/gfa_indukcja-300x300.webp 300w\" sizes=\"auto, (max-width: 150px) 100vw, 150px\" title=\"Beditom takskjutportar f\u00f6r garage\"><\/div><\/div><div class=\"wpb_text_column us_custom_32207688\"><div class=\"wpb_wrapper\"><p style=\"text-align: center;\">Detektor p\u0119tli indukcyjnej<\/p>\n<\/div><\/div><div class=\"w-separator size_small\"><\/div><div class=\"wpb_text_column\"><div class=\"wpb_wrapper\"><p style=\"text-align: center;\">Wykrywa obecno\u015b\u0107 pojazdu w kontrolowanym obszarze i przekazuje sygna\u0142 do centrali steruj\u0105cej<\/p>\n<\/div><\/div><\/div><\/div><div class=\"wpb_column vc_column_container\"><div class=\"vc_column-inner\"><div class=\"w-image align_center\"><div class=\"w-image-h\"><img decoding=\"async\" width=\"150\" height=\"150\" src=\"https:\/\/beditom.pl\/app\/uploads\/2024\/03\/gfa_radar-150x150.webp\" class=\"attachment-thumbnail size-thumbnail\" alt=\"Beditom bramy gara\u017cowe\" loading=\"lazy\" srcset=\"https:\/\/beditom.pl\/app\/uploads\/2024\/03\/gfa_radar-150x150.webp 150w, https:\/\/beditom.pl\/app\/uploads\/2024\/03\/gfa_radar-50x50.webp 50w, https:\/\/beditom.pl\/app\/uploads\/2024\/03\/gfa_radar-300x300.webp 300w\" sizes=\"auto, (max-width: 150px) 100vw, 150px\" title=\"Beditom takskjutportar f\u00f6r garage\"><\/div><\/div><div class=\"wpb_text_column us_custom_32207688\"><div class=\"wpb_wrapper\"><p style=\"text-align: center;\">Detektor ruchu<\/p>\n<\/div><\/div><div class=\"w-separator size_small\"><\/div><div class=\"wpb_text_column\"><div class=\"wpb_wrapper\"><p style=\"text-align: center;\">Wykrywa zbli\u017caj\u0105ce \/ oddalaj\u0105ce si\u0119 obiekty i przekazuje sygna\u0142 do centrali steruj\u0105cej<\/p>\n<\/div><\/div><\/div><\/div><div class=\"wpb_column vc_column_container\"><div class=\"vc_column-inner\"><div class=\"w-image align_center\"><div class=\"w-image-h\"><img decoding=\"async\" width=\"150\" height=\"150\" src=\"https:\/\/beditom.pl\/app\/uploads\/2024\/03\/gfa_akcesoria_obrotowy-150x150.webp\" class=\"attachment-thumbnail size-thumbnail\" alt=\"Beditom bramy gara\u017cowe\" loading=\"lazy\" srcset=\"https:\/\/beditom.pl\/app\/uploads\/2024\/03\/gfa_akcesoria_obrotowy-150x150.webp 150w, https:\/\/beditom.pl\/app\/uploads\/2024\/03\/gfa_akcesoria_obrotowy-298x300.webp 298w, https:\/\/beditom.pl\/app\/uploads\/2024\/03\/gfa_akcesoria_obrotowy-50x50.webp 50w, https:\/\/beditom.pl\/app\/uploads\/2024\/03\/gfa_akcesoria_obrotowy-300x300.webp 300w, https:\/\/beditom.pl\/app\/uploads\/2024\/03\/gfa_akcesoria_obrotowy.webp 308w\" sizes=\"auto, (max-width: 150px) 100vw, 150px\" title=\"Beditom takskjutportar f\u00f6r garage\"><\/div><\/div><div class=\"wpb_text_column us_custom_32207688\"><div class=\"wpb_wrapper\"><p style=\"text-align: center;\">Prze\u0142\u0105cznik obrotowy<\/p>\n<\/div><\/div><\/div><\/div><div class=\"wpb_column vc_column_container\"><div class=\"vc_column-inner\"><div class=\"w-image align_center\"><div class=\"w-image-h\"><img decoding=\"async\" width=\"150\" height=\"150\" src=\"https:\/\/beditom.pl\/app\/uploads\/2024\/03\/gfa_akcesoria_awaryjny-150x150.webp\" class=\"attachment-thumbnail size-thumbnail\" alt=\"Beditom bramy gara\u017cowe\" loading=\"lazy\" srcset=\"https:\/\/beditom.pl\/app\/uploads\/2024\/03\/gfa_akcesoria_awaryjny-150x150.webp 150w, https:\/\/beditom.pl\/app\/uploads\/2024\/03\/gfa_akcesoria_awaryjny-50x50.webp 50w\" sizes=\"auto, (max-width: 150px) 100vw, 150px\" title=\"Beditom takskjutportar f\u00f6r garage\"><\/div><\/div><div class=\"wpb_text_column us_custom_32207688\"><div class=\"wpb_wrapper\"><p style=\"text-align: center;\">Wy\u0142\u0105cznik awaryjny<\/p>\n<\/div><\/div><\/div><\/div><\/div><\/div><\/section><section class=\"l-section wpb_row us_custom_5cd26a65 height_medium width_custom\" style=\"--site-content-width:1320px;\"><div class=\"l-section-h i-cf\"><div class=\"g-cols vc_row via_grid cols_3 laptops-cols_inherit tablets-cols_inherit mobiles-cols_1 valign_top type_default stacking_default\"><div class=\"wpb_column vc_column_container\"><div class=\"vc_column-inner\"><div class=\"w-image align_center\"><div class=\"w-image-h\"><img decoding=\"async\" width=\"150\" height=\"150\" src=\"https:\/\/beditom.pl\/app\/uploads\/2024\/03\/gfa_akcesoria_glowny-150x150.webp\" class=\"attachment-thumbnail size-thumbnail\" alt=\"Beditom bramy gara\u017cowe\" loading=\"lazy\" srcset=\"https:\/\/beditom.pl\/app\/uploads\/2024\/03\/gfa_akcesoria_glowny-150x150.webp 150w, https:\/\/beditom.pl\/app\/uploads\/2024\/03\/gfa_akcesoria_glowny-50x50.webp 50w\" sizes=\"auto, (max-width: 150px) 100vw, 150px\" title=\"Beditom takskjutportar f\u00f6r garage\"><\/div><\/div><div class=\"wpb_text_column us_custom_32207688\"><div class=\"wpb_wrapper\"><p style=\"text-align: center;\">Wy\u0142\u0105cznik g\u0142\u00f3wny<\/p>\n<\/div><\/div><\/div><\/div><div class=\"wpb_column vc_column_container\"><div class=\"vc_column-inner\"><div class=\"w-image align_center\"><div class=\"w-image-h\"><img decoding=\"async\" width=\"150\" height=\"150\" src=\"https:\/\/beditom.pl\/app\/uploads\/2024\/03\/gfa_akcesoria_oslona-150x150.webp\" class=\"attachment-thumbnail size-thumbnail\" alt=\"Beditom bramy gara\u017cowe\" loading=\"lazy\" srcset=\"https:\/\/beditom.pl\/app\/uploads\/2024\/03\/gfa_akcesoria_oslona-150x150.webp 150w, https:\/\/beditom.pl\/app\/uploads\/2024\/03\/gfa_akcesoria_oslona-50x50.webp 50w, https:\/\/beditom.pl\/app\/uploads\/2024\/03\/gfa_akcesoria_oslona-300x300.webp 300w\" sizes=\"auto, (max-width: 150px) 100vw, 150px\" title=\"Beditom takskjutportar f\u00f6r garage\"><\/div><\/div><div class=\"wpb_text_column us_custom_32207688\"><div class=\"wpb_wrapper\"><p style=\"text-align: center;\">Os\u0142ona klawiatury<\/p>\n<\/div><\/div><\/div><\/div><div class=\"wpb_column vc_column_container\"><div class=\"vc_column-inner\"><div class=\"w-image align_center\"><div class=\"w-image-h\"><img decoding=\"async\" width=\"150\" height=\"150\" src=\"https:\/\/beditom.pl\/app\/uploads\/2024\/03\/gfa_akcesoria_kluczykowy-150x150.webp\" class=\"attachment-thumbnail size-thumbnail\" alt=\"Beditom bramy gara\u017cowe\" loading=\"lazy\" srcset=\"https:\/\/beditom.pl\/app\/uploads\/2024\/03\/gfa_akcesoria_kluczykowy-150x150.webp 150w, https:\/\/beditom.pl\/app\/uploads\/2024\/03\/gfa_akcesoria_kluczykowy-50x50.webp 50w\" sizes=\"auto, (max-width: 150px) 100vw, 150px\" title=\"Beditom takskjutportar f\u00f6r garage\"><\/div><\/div><div class=\"wpb_text_column us_custom_32207688\"><div class=\"wpb_wrapper\"><p style=\"text-align: center;\">Prze\u0142\u0105cznik kluczykowy<\/p>\n<\/div><\/div><\/div><\/div><\/div><\/div><\/section>","protected":false},"excerpt":{"rendered":"AKCESORIA Strona g\u0142\u00f3wnaSidor OPIS PRODUKTU Akcesoria do automatyki bram przemys\u0142owych Zestaw czujnik\u00f3w Zabezpieczenia dolnej kraw\u0119dzi bramy montowe w dolnej uszczelce bramy w komplecie z przewodem spiralnym i puszk\u0105 \u0142\u0105czeniow\u0105 Kurtyna \u015bwietlna Zabezpiecza \u015bwiat\u0142o wjazdu, nie zast\u0105piona w bramach wyposa\u017conych w drzwi serwisowe z obni\u017conym progiem Fotokom\u00f3rki Zabezpieczaj\u0105 \u015bwiat\u0142o wjazdu Klawiatura kodowa radiowa Wsp\u00f3\u0142pracuje z odbiornikiem...","protected":false},"author":1,"featured_media":1379,"parent":1361,"menu_order":0,"comment_status":"closed","ping_status":"closed","template":"","meta":{"_acf_changed":false,"footnotes":""},"class_list":["post-3106","page","type-page","status-publish","has-post-thumbnail","hentry"],"acf":[],"_links":{"self":[{"href":"https:\/\/beditom.pl\/se\/wp-json\/wp\/v2\/pages\/3106","targetHints":{"allow":["GET"]}}],"collection":[{"href":"https:\/\/beditom.pl\/se\/wp-json\/wp\/v2\/pages"}],"about":[{"href":"https:\/\/beditom.pl\/se\/wp-json\/wp\/v2\/types\/page"}],"author":[{"embeddable":true,"href":"https:\/\/beditom.pl\/se\/wp-json\/wp\/v2\/users\/1"}],"replies":[{"embeddable":true,"href":"https:\/\/beditom.pl\/se\/wp-json\/wp\/v2\/comments?post=3106"}],"version-history":[{"count":8,"href":"https:\/\/beditom.pl\/se\/wp-json\/wp\/v2\/pages\/3106\/revisions"}],"predecessor-version":[{"id":3406,"href":"https:\/\/beditom.pl\/se\/wp-json\/wp\/v2\/pages\/3106\/revisions\/3406"}],"up":[{"embeddable":true,"href":"https:\/\/beditom.pl\/se\/wp-json\/wp\/v2\/pages\/1361"}],"wp:featuredmedia":[{"embeddable":true,"href":"https:\/\/beditom.pl\/se\/wp-json\/wp\/v2\/media\/1379"}],"wp:attachment":[{"href":"https:\/\/beditom.pl\/se\/wp-json\/wp\/v2\/media?parent=3106"}],"curies":[{"name":"wp","href":"https:\/\/api.w.org\/{rel}","templated":true}]}}