{"id":1334,"date":"2024-03-31T17:40:56","date_gmt":"2024-03-31T17:40:56","guid":{"rendered":"https:\/\/beditom.pl\/?page_id=1334"},"modified":"2024-12-09T14:10:09","modified_gmt":"2024-12-09T14:10:09","slug":"dlaczego-beditom","status":"publish","type":"page","link":"https:\/\/beditom.pl\/se\/dla-domu\/dlaczego-beditom\/","title":{"rendered":"Varf\u00f6r Beditom?"},"content":{"rendered":"<section class=\"l-section wpb_row height_medium width_custom color_primary\" style=\"--site-content-width:1320px;\"><div class=\"l-section-h i-cf\"><div class=\"g-cols vc_row via_grid cols_1-4-1 laptops-cols_inherit tablets-cols_inherit mobiles-cols_1 valign_top type_default stacking_default\"><div class=\"wpb_column vc_column_container\"><div class=\"vc_column-inner\"><\/div><\/div><div class=\"wpb_column vc_column_container\"><div class=\"vc_column-inner\"><div class=\"w-html us_custom_b011e678 has_text_color\"><h1 class=\"us_custom_b011e678\">Varf\u00f6r BEDITOM?\n<\/h1><\/div><\/div><\/div><div class=\"wpb_column vc_column_container\"><div class=\"vc_column-inner\"><\/div><\/div><\/div><\/div><\/section><section class=\"l-section wpb_row height_auto\"><div class=\"l-section-h i-cf\"><div class=\"g-cols vc_row via_grid cols_1 laptops-cols_inherit tablets-cols_inherit mobiles-cols_1 valign_top type_default stacking_default\"><div class=\"wpb_column vc_column_container\"><div class=\"vc_column-inner\"><\/div><\/div><\/div><\/div><\/section><section class=\"l-section wpb_row us_custom_eb849559 height_small\"><div class=\"l-section-h i-cf\"><div class=\"g-cols vc_row via_grid cols_1 laptops-cols_inherit tablets-cols_inherit mobiles-cols_1 valign_top type_default stacking_default\"><div class=\"wpb_column vc_column_container\"><div class=\"vc_column-inner\"><div class=\"w-separator size_medium\"><\/div><div class=\"g-cols wpb_row via_grid cols_3 laptops-cols_3 tablets-cols_inherit mobiles-cols_1 valign_top type_default stacking_default\" style=\"--columns-gap:3rem;\"><div class=\"wpb_column vc_column_container us_custom_38bb2da8\"><div class=\"vc_column-overlay\" style=\"background:var(--color-chrome-toolbar)\"><\/div><div class=\"vc_column-inner\"><div class=\"w-vwrapper us_custom_8b3d6790 has_text_color align_center valign_top\"><div class=\"wpb_text_column us_custom_adf5e1d0 has_text_color us_animate_this\"><div class=\"wpb_wrapper\"><p class=\"wp-block-heading\" style=\"text-align: center;\">1<\/p>\n<\/div><\/div><div class=\"wpb_text_column us_custom_a296b92a has_text_color\"><div class=\"wpb_wrapper\"><p data-pm-slice=\"1 1 &#091;&quot;bulletList&quot;,null,&quot;listItem&quot;,null&#093;\">bepr\u00f6vad kvalitet<\/p>\n<\/div><\/div><\/div><div class=\"w-separator size_small\"><\/div><div class=\"wpb_text_column\"><div class=\"wpb_wrapper\"><p>Bekr\u00e4ftas av certifikat fr\u00e5n oberoende institutioner. Tillverkningen av Beditom-portar sker med hj\u00e4lp av kvalitetsstyrningssystem enligt DNV ISO 9001 och uppfyller de h\u00f6gsta europeiska och globala kraven. Tack vare detta kan vi ge l\u00e5ngsiktiga garantier f\u00f6r v\u00e5ra produkter.<\/p>\n<\/div><\/div><div class=\"w-separator size_medium\"><\/div><\/div><\/div><div class=\"wpb_column vc_column_container us_custom_7ebc4029 has_bg_color\"><div class=\"vc_column-inner\"><div class=\"w-vwrapper us_custom_8b3d6790 has_text_color align_center valign_top\"><div class=\"wpb_text_column us_custom_adf5e1d0 has_text_color us_animate_this\"><div class=\"wpb_wrapper\"><p class=\"wp-block-heading\" style=\"text-align: center;\">2<\/p>\n<\/div><\/div><div class=\"wpb_text_column us_custom_a296b92a has_text_color\"><div class=\"wpb_wrapper\"><p data-pm-slice=\"1 1 &#091;&quot;bulletList&quot;,null,&quot;listItem&quot;,null&#093;\">erfarenhet av 30 \u00e5r<\/p>\n<\/div><\/div><\/div><div class=\"w-separator size_small\"><\/div><div class=\"wpb_text_column\"><div class=\"wpb_wrapper\"><p>Beditom har den st\u00f6rsta erfarenheten och traditionen inom f\u00f6rs\u00e4ljning och tillverkning av takskjutportar i Polen. V\u00e5ra h\u00f6gt kvalificerade specialister tar hand om varje detalj och arbetar kontinuerligt med innovativa tekniska l\u00f6sningar.<\/p>\n<\/div><\/div><div class=\"w-separator size_medium\"><\/div><\/div><\/div><div class=\"wpb_column vc_column_container us_custom_4a708eea has_bg_color\"><div class=\"vc_column-inner\"><h4 class=\"w-text us_custom_a2f79c23\"><span class=\"w-text-h\"><span class=\"w-text-value\">svar p\u00e5 f\u00f6rfr\u00e5gningar inom 24 timmar<\/span><\/span><\/h4><div class=\"w-separator size_medium\"><\/div><div class=\"w-separator size_medium\"><\/div><div class=\"w-separator size_medium\"><\/div><div class=\"w-separator size_medium\"><\/div><div class=\"w-separator size_medium\"><\/div><\/div><\/div><\/div><\/div><\/div><\/div><\/div><\/section><section class=\"l-section wpb_row us_custom_eb849559 height_small\"><div class=\"l-section-h i-cf\"><div class=\"g-cols vc_row via_grid cols_1 laptops-cols_inherit tablets-cols_inherit mobiles-cols_1 valign_top type_default stacking_default\"><div class=\"wpb_column vc_column_container\"><div class=\"vc_column-inner\"><div class=\"g-cols wpb_row via_grid cols_3 laptops-cols_3 tablets-cols_inherit mobiles-cols_1 valign_top type_default stacking_default\" style=\"--columns-gap:3rem;\"><div class=\"wpb_column vc_column_container us_custom_7cb7d878 has_bg_color\"><div class=\"vc_column-inner\"><div class=\"w-vwrapper align_center valign_top\"><div class=\"wpb_text_column us_custom_adf5e1d0 has_text_color us_animate_this\"><div class=\"wpb_wrapper\"><p class=\"wp-block-heading\" style=\"text-align: center;\">3<\/p>\n<\/div><\/div><div class=\"wpb_text_column us_custom_a296b92a has_text_color\"><div class=\"wpb_wrapper\"><p data-pm-slice=\"1 1 &#091;&quot;bulletList&quot;,null,&quot;listItem&quot;,null&#093;\">innovation och s\u00e4kerhet<\/p>\n<\/div><\/div><\/div><div class=\"w-separator size_small\"><\/div><div class=\"wpb_text_column\"><div class=\"wpb_wrapper\"><p>Fj\u00e4derbrottsskydd, kabelbrottsskydd, fingerl\u00e5sskydd och anv\u00e4ndning av en l\u00e5g tr\u00f6skel i serviced\u00f6rren garanterar s\u00e4ker anv\u00e4ndning av v\u00e5ra d\u00f6rrar under hela deras livsl\u00e4ngd.<\/p>\n<\/div><\/div><div class=\"w-separator size_medium\"><\/div><\/div><\/div><div class=\"wpb_column vc_column_container us_custom_508fa9a4 has_bg_color\"><div class=\"vc_column-inner\"><h4 class=\"w-text us_custom_a2f79c23\"><span class=\"w-text-h\"><span class=\"w-text-value\">PLATSSPECIFIKA L\u00d6SNINGAR<\/span><\/span><\/h4><div class=\"w-separator size_large\"><\/div><div class=\"w-separator size_large\"><\/div><div class=\"w-separator size_large\"><\/div><\/div><\/div><div class=\"wpb_column vc_column_container us_custom_38bb2da8\"><div class=\"vc_column-overlay\" style=\"background:var(--color-chrome-toolbar)\"><\/div><div class=\"vc_column-inner\"><div class=\"w-vwrapper align_center valign_top\"><div class=\"wpb_text_column us_custom_adf5e1d0 has_text_color us_animate_this\"><div class=\"wpb_wrapper\"><p class=\"wp-block-heading\" style=\"text-align: center;\">4<\/p>\n<\/div><\/div><div class=\"wpb_text_column us_custom_a296b92a has_text_color\"><div class=\"wpb_wrapper\"><p class=\"wp-block-heading\">Garanterad energieffektivitet<\/p>\n<\/div><\/div><\/div><div class=\"w-separator size_small\"><\/div><div class=\"wpb_text_column us_custom_eb849559\"><div class=\"wpb_wrapper\"><p>Beditom-d\u00f6rrarna \u00e4r tillverkade av 40 mm tjocka paneler fyllda med flamskyddad polyuretanskum (CFC-fri) och \u00e4r utrustade med ett system av h\u00e5llbara, flexibla och v\u00e4derbest\u00e4ndiga t\u00e4tningar som \u00e4r placerade runt d\u00f6rrens omkrets. De t\u00e4tningar vi anv\u00e4nder skyddar inte bara mot vind, regn och kyla, utan tack vare en bred U-formad golvt\u00e4tning utj\u00e4mnas \u00e4ven sm\u00e5 oj\u00e4mnheter i golvet.<\/p>\n<\/div><\/div><\/div><\/div><\/div><\/div><\/div><\/div><\/div><\/section><section class=\"l-section wpb_row height_small\"><div class=\"l-section-h i-cf\"><div class=\"g-cols vc_row via_grid cols_1 laptops-cols_inherit tablets-cols_inherit mobiles-cols_1 valign_top type_default stacking_default\"><div class=\"wpb_column vc_column_container\"><div class=\"vc_column-inner\"><div class=\"g-cols wpb_row via_grid cols_3 laptops-cols_3 tablets-cols_inherit mobiles-cols_1 valign_top type_default stacking_default\" style=\"--columns-gap:3rem;\"><div class=\"wpb_column vc_column_container us_custom_8108fcd0 has_bg_color\"><div class=\"vc_column-inner\"><h4 class=\"w-text us_custom_a2f79c23\"><span class=\"w-text-h\"><span class=\"w-text-value\">SAMARBETE MED V\u00c4LK\u00c4NDA AUTOMATIONSLEVERANT\u00d6RER<\/span><\/span><\/h4><div class=\"w-separator size_small\"><\/div><div class=\"w-separator size_small\"><\/div><div class=\"w-separator size_small\"><\/div><div class=\"w-separator size_small\"><\/div><div class=\"w-separator size_small\"><\/div><div class=\"w-separator size_small\"><\/div><div class=\"w-separator size_small\"><\/div><div class=\"w-separator size_small\"><\/div><div class=\"w-separator size_small\"><\/div><\/div><\/div><div class=\"wpb_column vc_column_container us_custom_7ebc4029 has_bg_color\"><div class=\"vc_column-inner\"><div class=\"w-vwrapper align_center valign_top\"><div class=\"wpb_text_column us_custom_adf5e1d0 has_text_color us_animate_this\"><div class=\"wpb_wrapper\"><p class=\"wp-block-heading\" style=\"text-align: center;\">5<\/p>\n<\/div><\/div><div class=\"wpb_text_column us_custom_a296b92a has_text_color\"><div class=\"wpb_wrapper\"><p data-pm-slice=\"1 1 &#091;&quot;bulletList&quot;,null,&quot;listItem&quot;,null&#093;\">teknisk r\u00e5dgivning<\/p>\n<\/div><\/div><\/div><div class=\"w-separator size_small\"><\/div><div class=\"wpb_text_column\"><div class=\"wpb_wrapper\"><p>J\u00e4mf\u00f6rt med l\u00f6sningar som anv\u00e4nds av konkurrerande f\u00f6retag, och s\u00e4rskilt n\u00e4r sv\u00e4ngportar planeras, ger Beditoms sektionsgrindar ett bredare passageomr\u00e5de, vilket \u00e4r s\u00e4rskilt viktigt f\u00f6r kunder som \u00e4ger nyare bilar, terr\u00e4ngfordon eller sk\u00e5pbilar.<\/p>\n<\/div><\/div><\/div><\/div><div class=\"wpb_column vc_column_container us_custom_7cb7d878 has_bg_color\"><div class=\"vc_column-inner\"><div class=\"w-vwrapper align_center valign_top\"><div class=\"wpb_text_column us_custom_adf5e1d0 has_text_color us_animate_this\"><div class=\"wpb_wrapper\"><p class=\"wp-block-heading\" style=\"text-align: center;\">6<\/p>\n<\/div><\/div><div class=\"wpb_text_column us_custom_a296b92a has_text_color\"><div class=\"wpb_wrapper\"><p class=\"wp-block-heading\">Tillf\u00f6rlitlig prestanda<\/p>\n<\/div><\/div><\/div><div class=\"w-separator size_small\"><\/div><div class=\"wpb_text_column\"><div class=\"wpb_wrapper\"><p>Komfort framf\u00f6r allt - genom att anv\u00e4nda v\u00e4rldsklassiga och v\u00e4lrenommerade drivenheter \u00f6ppnas v\u00e5ra portar automatiskt och genom att anv\u00e4nda till exempel Duo Rapido-drivenheten, som har en \u00f6kad \u00f6ppningshastighet p\u00e5 upp till 50 % j\u00e4mf\u00f6rt med konkurrerande l\u00f6sningar, m\u00f6jligg\u00f6r snabbare inpassering i garaget, vilket \u00e4r s\u00e4rskilt viktigt d\u00e4r det finns \u00f6kad trafik.<\/p>\n<\/div><\/div><\/div><\/div><\/div><\/div><\/div><\/div><\/div><\/section><section class=\"l-section wpb_row height_small\"><div class=\"l-section-h i-cf\"><div class=\"g-cols vc_row via_grid cols_1 laptops-cols_inherit tablets-cols_inherit mobiles-cols_1 valign_top type_default stacking_default\"><div class=\"wpb_column vc_column_container\"><div class=\"vc_column-inner\"><div class=\"g-cols wpb_row via_grid cols_3 laptops-cols_3 tablets-cols_inherit mobiles-cols_1 valign_top type_default stacking_default\" style=\"--columns-gap:3rem;\"><div class=\"wpb_column vc_column_container us_custom_7cb7d878 has_bg_color\"><div class=\"vc_column-inner\"><div class=\"w-vwrapper align_center valign_top\"><div class=\"wpb_text_column us_custom_adf5e1d0 has_text_color us_animate_this\"><div class=\"wpb_wrapper\"><p class=\"wp-block-heading\" style=\"text-align: center;\">7<\/p>\n<\/div><\/div><div class=\"wpb_text_column us_custom_a296b92a has_text_color\"><div class=\"wpb_wrapper\"><p class=\"wp-block-heading\">S\u00e4kert garage<\/p>\n<\/div><\/div><\/div><div class=\"w-separator size_small\"><\/div><div class=\"wpb_text_column\"><div class=\"wpb_wrapper\"><p>Sov gott och tryggt. Beditom automatiska grindar g\u00f6r att du kan sova lugnt. Den automatiska l\u00e5sningen i styrningen \u00e4r mycket effektiv mot inbrott och skyddar grindarna fr\u00e5n att undermineras \u00e4ven i h\u00e4ndelse av str\u00f6mavbrott.<\/p>\n<\/div><\/div><div class=\"w-separator size_medium\"><\/div><\/div><\/div><div class=\"wpb_column vc_column_container us_custom_dd0716b3 has_bg_color\"><div class=\"vc_column-inner\"><div class=\"w-vwrapper align_center valign_top\"><div class=\"wpb_text_column us_custom_adf5e1d0 has_text_color us_animate_this\"><div class=\"wpb_wrapper\"><p class=\"wp-block-heading\" style=\"text-align: center;\">8<\/p>\n<\/div><\/div><div class=\"wpb_text_column us_custom_a296b92a has_text_color\"><div class=\"wpb_wrapper\"><p class=\"wp-block-heading\">Vi bryter mot standarden f\u00f6r dimensioner<\/p>\n<\/div><\/div><\/div><div class=\"w-separator size_small\"><\/div><div class=\"wpb_text_column\"><div class=\"wpb_wrapper\"><p>Alla Beditom-grindar tillverkas efter individuell best\u00e4llning. D\u00e4rf\u00f6r \u00e4r alla grindbredder tillg\u00e4ngliga utan till\u00e4gg f\u00f6r m\u00e5tt som inte \u00e4r standard.<\/p>\n<\/div><\/div><div class=\"w-separator size_medium\"><\/div><\/div><\/div><div class=\"wpb_column vc_column_container us_custom_7cb7d878 has_bg_color\"><div class=\"vc_column-inner\"><div class=\"w-vwrapper align_center valign_top\"><div class=\"wpb_text_column us_custom_adf5e1d0 has_text_color us_animate_this\"><div class=\"wpb_wrapper\"><p class=\"wp-block-heading\" style=\"text-align: center;\">9<\/p>\n<\/div><\/div><div class=\"wpb_text_column us_custom_a296b92a has_text_color\"><div class=\"wpb_wrapper\"><p class=\"wp-block-heading\">Milj\u00f6v\u00e4nlig<\/p>\n<\/div><\/div><\/div><div class=\"w-separator size_small\"><\/div><div class=\"wpb_text_column\"><div class=\"wpb_wrapper\"><p>I syfte att skydda milj\u00f6n anv\u00e4nder vi endast ekologisk teknik. V\u00e5rt f\u00f6retag bryr sig inte bara om kvaliteten p\u00e5 v\u00e5ra produkter utan ocks\u00e5 om milj\u00f6n som omger oss, vilket \u00e4r anledningen till att vi bara anv\u00e4nder milj\u00f6v\u00e4nliga material i v\u00e5r produktion.<\/p>\n<\/div><\/div><div class=\"w-separator size_medium\"><\/div><\/div><\/div><\/div><\/div><\/div><\/div><\/div><\/section><div class=\"wpb_column vc_column_container\"><div class=\"vc_column-inner\"><div class=\"w-separator size_medium\"><\/div><\/div><\/div><section class=\"l-section wpb_row height_auto\"><div class=\"l-section-h i-cf\"><div class=\"g-cols vc_row via_grid cols_1 laptops-cols_inherit tablets-cols_inherit mobiles-cols_1 valign_top type_default stacking_default\"><div class=\"wpb_column vc_column_container\"><div class=\"vc_column-inner\"><div class=\"w-separator size_medium\"><\/div><div class=\"w-separator size_medium\"><\/div><\/div><\/div><\/div><\/div><\/section>","protected":false},"excerpt":{"rendered":"Dlaczego BEDITOM? 1 sprawdzona jako\u015b\u0107 Potwierdzona certyfikatami niezale\u017cnych instytucji. Produkcja bram Beditom odbywa si\u0119 z zastosowaniem system\u00f3w zarz\u0105dzania jako\u015bci\u0105 DNV ISO 9001 i spe\u0142nia najwy\u017csze wymagania europejskie i \u015bwiatowe. Dzi\u0119ki temu udzielamy wieloletnich gwarancji na nasze produkty. 2 do\u015bwiadczenie 30 lat Beditom posiada najwi\u0119ksze do\u015bwiadczenie i tradycje w zakresie sprzeda\u017cy i produkcji bram segmentowych w...","protected":false},"author":1,"featured_media":599,"parent":1926,"menu_order":0,"comment_status":"closed","ping_status":"closed","template":"","meta":{"_acf_changed":false,"footnotes":""},"class_list":["post-1334","page","type-page","status-publish","has-post-thumbnail","hentry"],"acf":[],"_links":{"self":[{"href":"https:\/\/beditom.pl\/se\/wp-json\/wp\/v2\/pages\/1334","targetHints":{"allow":["GET"]}}],"collection":[{"href":"https:\/\/beditom.pl\/se\/wp-json\/wp\/v2\/pages"}],"about":[{"href":"https:\/\/beditom.pl\/se\/wp-json\/wp\/v2\/types\/page"}],"author":[{"embeddable":true,"href":"https:\/\/beditom.pl\/se\/wp-json\/wp\/v2\/users\/1"}],"replies":[{"embeddable":true,"href":"https:\/\/beditom.pl\/se\/wp-json\/wp\/v2\/comments?post=1334"}],"version-history":[{"count":30,"href":"https:\/\/beditom.pl\/se\/wp-json\/wp\/v2\/pages\/1334\/revisions"}],"predecessor-version":[{"id":4534,"href":"https:\/\/beditom.pl\/se\/wp-json\/wp\/v2\/pages\/1334\/revisions\/4534"}],"up":[{"embeddable":true,"href":"https:\/\/beditom.pl\/se\/wp-json\/wp\/v2\/pages\/1926"}],"wp:featuredmedia":[{"embeddable":true,"href":"https:\/\/beditom.pl\/se\/wp-json\/wp\/v2\/media\/599"}],"wp:attachment":[{"href":"https:\/\/beditom.pl\/se\/wp-json\/wp\/v2\/media?parent=1334"}],"curies":[{"name":"wp","href":"https:\/\/api.w.org\/{rel}","templated":true}]}}