{"id":970,"date":"2024-03-24T20:23:07","date_gmt":"2024-03-24T20:23:07","guid":{"rendered":"https:\/\/beditom.pl\/?page_id=970"},"modified":"2024-07-19T08:42:44","modified_gmt":"2024-07-19T08:42:44","slug":"naped-do-bram-garazowych-ga101","status":"publish","type":"page","link":"https:\/\/beditom.pl\/no\/dla-domu\/automatyka-do-bram-garazowych\/berner\/naped-do-bram-garazowych-ga101\/","title":{"rendered":"Nap\u0119d do bram gara\u017cowych GA101"},"content":{"rendered":"<section class=\"l-section wpb_row height_medium width_custom color_primary\" style=\"--site-content-width:1320px;\"><div class=\"l-section-h i-cf\"><div class=\"g-cols vc_row via_grid cols_1-4-1 laptops-cols_inherit tablets-cols_inherit mobiles-cols_1 valign_top type_default stacking_default\"><div class=\"wpb_column vc_column_container\"><div class=\"vc_column-inner\"><\/div><\/div><div class=\"wpb_column vc_column_container\"><div class=\"vc_column-inner\"><div class=\"w-html us_custom_9dfb85bd has_text_color\"><p>TIL HJEMME<\/p><\/div><div class=\"w-html us_custom_b011e678 has_text_color\"><p>Berner Automatyka do bram gara\u017cowych\n<\/p><\/div><\/div><\/div><div class=\"wpb_column vc_column_container\"><div class=\"vc_column-inner\"><\/div><\/div><\/div><\/div><\/section><section class=\"l-section wpb_row us_custom_e29345e3 height_medium width_custom\" style=\"--site-content-width:1320px;\"><div class=\"l-section-h i-cf\"><div class=\"g-cols vc_row via_grid cols_1 laptops-cols_inherit tablets-cols_inherit mobiles-cols_1 valign_top type_default stacking_default\"><div class=\"wpb_column vc_column_container\"><div class=\"vc_column-inner\"><nav class=\"g-breadcrumbs us_custom_fdcab3db separator_icon align_none hide_current\" itemscope itemtype=\"http:\/\/schema.org\/BreadcrumbList\"><div class=\"g-breadcrumbs-item\" itemscope itemprop=\"itemListElement\" itemtype=\"http:\/\/schema.org\/ListItem\"><a itemprop=\"item\" href=\"https:\/\/beditom.pl\/no\/\"><span itemprop=\"name\">HJEM-prosjektet<\/span><\/a><meta itemprop=\"position\" content=\"1\"\/><\/div><div class=\"g-breadcrumbs-separator\"><i class=\"far fa-angle-right\"><\/i><\/div><div class=\"g-breadcrumbs-item\">Sider<\/div><\/nav><\/div><\/div><\/div><\/div><\/section>\n<section class=\"l-section wpb_row height_medium width_custom\" style=\"--site-content-width:1320px;\"><div class=\"l-section-h i-cf\"><div class=\"g-cols vc_row via_grid cols_2-1 laptops-cols_inherit tablets-cols_inherit mobiles-cols_1 valign_bottom type_default stacking_default\"><div class=\"wpb_column vc_column_container\"><div class=\"vc_column-inner\"><div class=\"w-image align_none\"><div class=\"w-image-h\"><img decoding=\"async\" width=\"300\" height=\"120\" src=\"https:\/\/beditom.pl\/app\/uploads\/2024\/03\/LOGO_BERNER_dystrybutor1-1-300x120.webp\" class=\"attachment-medium size-medium\" alt=\"Beditom bramy gara\u017cowe\" loading=\"lazy\" srcset=\"https:\/\/beditom.pl\/app\/uploads\/2024\/03\/LOGO_BERNER_dystrybutor1-1-300x120.webp 300w, https:\/\/beditom.pl\/app\/uploads\/2024\/03\/LOGO_BERNER_dystrybutor1-1.webp 440w\" sizes=\"auto, (max-width: 300px) 100vw, 300px\" title=\"Beditom bramy gara\u017cowe segmentowe\"><\/div><\/div><div class=\"w-separator size_medium\"><\/div><div class=\"w-html us_custom_9ebf969f\"><p>Nap\u0119d do bram gara\u017cowych GA101\n<\/p><\/div><div class=\"wpb_text_column\"><div class=\"wpb_wrapper\"><p>Nadaje si\u0119 do gara\u017cy z maksymalnie 2 stanowiskami<br \/>\nMaksymalna si\u0142a poci\u0105gowa \/ nacisku 400 N<br \/>\nWielko\u015b\u0107 bramy do 7 m2<br \/>\n40-dniowy okres u\u017cytkowania przy 4 cyklach pracy bramy dziennie (temperatura otoczenia 20 stopni)<\/p>\n<\/div><\/div><\/div><\/div><div class=\"wpb_column vc_column_container\"><div class=\"vc_column-inner\"><div class=\"w-image align_none\"><div class=\"w-image-h\"><img decoding=\"async\" width=\"400\" height=\"311\" src=\"https:\/\/beditom.pl\/app\/uploads\/2024\/03\/GA101.webp\" class=\"attachment-large size-large\" alt=\"Beditom bramy gara\u017cowe\" loading=\"lazy\" srcset=\"https:\/\/beditom.pl\/app\/uploads\/2024\/03\/GA101.webp 400w, https:\/\/beditom.pl\/app\/uploads\/2024\/03\/GA101-300x233.webp 300w\" sizes=\"auto, (max-width: 400px) 100vw, 400px\" title=\"Beditom bramy gara\u017cowe segmentowe\"><\/div><\/div><\/div><\/div><\/div><\/div><\/section><section class=\"l-section wpb_row height_medium width_custom\" style=\"--site-content-width:1320px;\"><div class=\"l-section-h i-cf\"><div class=\"g-cols vc_row via_grid cols_2-1 laptops-cols_inherit tablets-cols_inherit mobiles-cols_1 valign_top type_default stacking_default\"><div class=\"wpb_column vc_column_container\"><div class=\"vc_column-inner\"><div class=\"w-html us_custom_9ebf969f\"><p>Niezale\u017cno\u015b\u0107 GA101 z zasilaniem akumulatorowym\/solarnym\n\n<\/p><\/div><div class=\"wpb_text_column\"><div class=\"wpb_wrapper\"><p>Rozwi\u0105zanie dla gara\u017cy bez przy\u0142\u0105cza elektroenergetycznego.<\/p>\n<p>Nap\u0119d akumulatorowy\/s\u0142oneczny GA101 firmy Berner jest idealnym rozwi\u0105zaniem do automatycznego otwierania i zamykania wszystkich gara\u017cy bez dost\u0119pu do pr\u0105du \u2013 wygodna i prosta obs\u0142uga za pomoc\u0105 przycisku zapewniaj\u0105ca pe\u0142ny komfort i bezpiecze\u0144stwo.<\/p>\n<p>Akumulator mo\u017cna \u0142adowa\u0107 za pomoc\u0105 znajduj\u0105cego si\u0119 w zestawie zasilacza lub, alternatywnie, mo\u017ce magazynowa\u0107 energi\u0119 s\u0142oneczn\u0105 pozyskan\u0105 z panelu s\u0142onecznego.<\/p>\n<p>5-metrowy kabel pozwala umie\u015bci\u0107 dowolnie akumulator na \u015bcianie, suficie lub ziemi. Specjalny uchwyt i kompletny zestaw monta\u017cowy s\u0105 w zestawie.<\/p>\n<\/div><\/div><\/div><\/div><div class=\"wpb_column vc_column_container\"><div class=\"vc_column-inner\"><div class=\"w-image align_left meta_simple\"><div class=\"w-image-h\"><img decoding=\"async\" width=\"313\" height=\"230\" src=\"https:\/\/beditom.pl\/app\/uploads\/2024\/03\/GA101-2.webp\" class=\"attachment-large size-large\" alt=\"Beditom bramy gara\u017cowe\" loading=\"lazy\" srcset=\"https:\/\/beditom.pl\/app\/uploads\/2024\/03\/GA101-2.webp 313w, https:\/\/beditom.pl\/app\/uploads\/2024\/03\/GA101-2-300x220.webp 300w\" sizes=\"auto, (max-width: 313px) 100vw, 313px\" title=\"Beditom bramy gara\u017cowe segmentowe\"><\/div><div class=\"w-image-meta\"><div class=\"w-image-title\">akumulator i panel solarny<\/div><\/div><\/div><\/div><\/div><\/div><\/div><\/section>","protected":false},"excerpt":{"rendered":"DLA DOMUBerner Automatyka do bram gara\u017cowych Strona g\u0142\u00f3wnaSider Nap\u0119d do bram gara\u017cowych GA101 Nadaje si\u0119 do gara\u017cy z maksymalnie 2 stanowiskami Maksymalna si\u0142a poci\u0105gowa \/ nacisku 400 N Wielko\u015b\u0107 bramy do 7 m2 40-dniowy okres u\u017cytkowania przy 4 cyklach pracy bramy dziennie (temperatura otoczenia 20 stopni) Niezale\u017cno\u015b\u0107 GA101 z zasilaniem akumulatorowym\/solarnym Rozwi\u0105zanie dla gara\u017cy bez...","protected":false},"author":1,"featured_media":929,"parent":907,"menu_order":0,"comment_status":"closed","ping_status":"closed","template":"","meta":{"_acf_changed":false,"footnotes":""},"class_list":["post-970","page","type-page","status-publish","has-post-thumbnail","hentry"],"acf":[],"_links":{"self":[{"href":"https:\/\/beditom.pl\/no\/wp-json\/wp\/v2\/pages\/970","targetHints":{"allow":["GET"]}}],"collection":[{"href":"https:\/\/beditom.pl\/no\/wp-json\/wp\/v2\/pages"}],"about":[{"href":"https:\/\/beditom.pl\/no\/wp-json\/wp\/v2\/types\/page"}],"author":[{"embeddable":true,"href":"https:\/\/beditom.pl\/no\/wp-json\/wp\/v2\/users\/1"}],"replies":[{"embeddable":true,"href":"https:\/\/beditom.pl\/no\/wp-json\/wp\/v2\/comments?post=970"}],"version-history":[{"count":7,"href":"https:\/\/beditom.pl\/no\/wp-json\/wp\/v2\/pages\/970\/revisions"}],"predecessor-version":[{"id":4038,"href":"https:\/\/beditom.pl\/no\/wp-json\/wp\/v2\/pages\/970\/revisions\/4038"}],"up":[{"embeddable":true,"href":"https:\/\/beditom.pl\/no\/wp-json\/wp\/v2\/pages\/907"}],"wp:featuredmedia":[{"embeddable":true,"href":"https:\/\/beditom.pl\/no\/wp-json\/wp\/v2\/media\/929"}],"wp:attachment":[{"href":"https:\/\/beditom.pl\/no\/wp-json\/wp\/v2\/media?parent=970"}],"curies":[{"name":"wp","href":"https:\/\/api.w.org\/{rel}","templated":true}]}}