{"id":720,"date":"2024-03-14T21:51:19","date_gmt":"2024-03-14T21:51:19","guid":{"rendered":"https:\/\/beditom.pl\/?page_id=720"},"modified":"2025-03-31T16:07:31","modified_gmt":"2025-03-31T16:07:31","slug":"bramy-garazowe-lisbona","status":"publish","type":"page","link":"https:\/\/beditom.pl\/no\/dla-domu\/bramy-garazowe\/bramy-garazowe-lisbona\/","title":{"rendered":"Lisbona"},"content":{"rendered":"<section class=\"l-section wpb_row height_medium width_custom color_primary\" style=\"--site-content-width:1320px;\"><div class=\"l-section-h i-cf\"><div class=\"g-cols vc_row via_grid cols_1-4-1 laptops-cols_inherit tablets-cols_inherit mobiles-cols_1 valign_top type_default stacking_default\"><div class=\"wpb_column vc_column_container\"><div class=\"vc_column-inner\"><\/div><\/div><div class=\"wpb_column vc_column_container\"><div class=\"vc_column-inner\"><div class=\"w-html us_custom_b011e678 has_text_color\"><p>LISBONA<\/p><\/div><\/div><\/div><div class=\"wpb_column vc_column_container\"><div class=\"vc_column-inner\"><\/div><\/div><\/div><\/div><\/section><section class=\"l-section wpb_row us_custom_e29345e3 height_medium width_custom\" style=\"--site-content-width:1320px;\"><div class=\"l-section-h i-cf\"><div class=\"g-cols vc_row via_grid cols_1 laptops-cols_inherit tablets-cols_inherit mobiles-cols_1 valign_top type_default stacking_default\"><div class=\"wpb_column vc_column_container\"><div class=\"vc_column-inner\"><nav class=\"g-breadcrumbs us_custom_fdcab3db separator_icon align_none hide_current\" itemscope itemtype=\"http:\/\/schema.org\/BreadcrumbList\"><div class=\"g-breadcrumbs-item\" itemscope itemprop=\"itemListElement\" itemtype=\"http:\/\/schema.org\/ListItem\"><a itemprop=\"item\" href=\"https:\/\/beditom.pl\/no\/\"><span itemprop=\"name\">Strona g\u0142\u00f3wna<\/span><\/a><meta itemprop=\"position\" content=\"1\"\/><\/div><div class=\"g-breadcrumbs-separator\"><i class=\"far fa-angle-right\"><\/i><\/div><div class=\"g-breadcrumbs-item\">Sider<\/div><\/nav><\/div><\/div><\/div><\/div><\/section>\n<section class=\"l-section wpb_row height_medium width_custom\" style=\"--site-content-width:1320px;\"><div class=\"l-section-h i-cf\"><div class=\"g-cols vc_row via_grid cols_2 laptops-cols_inherit tablets-cols_inherit mobiles-cols_1 valign_top type_default stacking_default\"><div class=\"wpb_column vc_column_container\"><div class=\"vc_column-inner\"><div class=\"w-html us_custom_ecd4848b has_text_color\"><p>OPIS PRODUKTU<\/p><\/div><div class=\"w-html us_custom_9ebf969f\"><p>Lisbona\n<\/p><\/div><div class=\"wpb_text_column\"><div class=\"wpb_wrapper\"><p>Dowolna kolorystyka wraz ze specjalnie zaprojektowanym wype\u0142nieniem nadaje indywidualny i niepowtarzalny charakter twojego domu. Segmenty bramy wykonane z profili aluminiowych. Brama przeznaczona dla gara\u017cy gdzie wymagane jest maksymalne do\u015bwietlenie wn\u0119trza.<\/p>\n<p><img loading=\"lazy\" decoding=\"async\" class=\"aligncenter size-medium wp-image-3906\" src=\"https:\/\/beditom.pl\/app\/uploads\/2024\/07\/ALU-e1720778098293-300x292.jpg\" alt=\"Beditom bramy gara\u017cowe\" width=\"300\" height=\"292\" srcset=\"https:\/\/beditom.pl\/app\/uploads\/2024\/07\/ALU-e1720778098293-300x292.jpg 300w, https:\/\/beditom.pl\/app\/uploads\/2024\/07\/ALU-e1720778098293-200x195.jpg 200w, https:\/\/beditom.pl\/app\/uploads\/2024\/07\/ALU-e1720778098293.jpg 882w\" sizes=\"auto, (max-width: 300px) 100vw, 300px\" title=\"Beditom bramy gara\u017cowe segmentowe\"><\/p>\n<\/div><\/div><\/div><\/div><div class=\"wpb_column vc_column_container\"><div class=\"vc_column-inner\"><div class=\"w-image hide_on_default hide_on_laptops hide_on_tablets hide_on_mobiles align_none\"><div class=\"w-image-h\"><img decoding=\"async\" width=\"800\" height=\"761\" src=\"https:\/\/beditom.pl\/app\/uploads\/2024\/03\/render_garazowy_lisbona.webp\" class=\"attachment-large size-large\" alt=\"Beditom bramy gara\u017cowe\" loading=\"lazy\" srcset=\"https:\/\/beditom.pl\/app\/uploads\/2024\/03\/render_garazowy_lisbona.webp 800w, https:\/\/beditom.pl\/app\/uploads\/2024\/03\/render_garazowy_lisbona-300x285.webp 300w, https:\/\/beditom.pl\/app\/uploads\/2024\/03\/render_garazowy_lisbona-600x571.webp 600w\" sizes=\"auto, (max-width: 800px) 100vw, 800px\" title=\"Beditom bramy gara\u017cowe segmentowe\"><\/div><\/div><div class=\"w-slider style_none fit_scaledown nav_none count_2\"><div class=\"w-slider-h\" aria-hidden=\"true\"><div class=\"royalSlider\"><div class=\"rsContent\"><a class=\"rsImg\" data-rsw=\"760\" data-rsh=\"595\" href=\"https:\/\/beditom.pl\/app\/uploads\/2025\/03\/lisbona.png\"><span data-alt=\"\"><\/span><\/a><\/div><div class=\"rsContent\"><a class=\"rsImg\" data-rsw=\"800\" data-rsh=\"761\" href=\"https:\/\/beditom.pl\/app\/uploads\/2024\/03\/render_garazowy_lisbona.webp\"><span data-alt=\"\"><\/span><\/a><\/div><\/div><img decoding=\"async\" src=\"https:\/\/beditom.pl\/app\/uploads\/2025\/03\/lisbona.png\" width=\"760\" height=\"595\" loading=\"lazy\" alt=\"Beditom bramy gara\u017cowe\" title=\"Beditom bramy gara\u017cowe segmentowe\"><\/div><div class=\"w-slider-json\" onclick='return {&quot;autoScaleSlider&quot;:true,&quot;addActiveClass&quot;:true,&quot;loop&quot;:true,&quot;fadeInLoadedSlide&quot;:false,&quot;slidesSpacing&quot;:0,&quot;imageScalePadding&quot;:0,&quot;numImagesToPreload&quot;:2,&quot;arrowsNav&quot;:true,&quot;arrowsNavAutoHide&quot;:false,&quot;transitionType&quot;:&quot;move&quot;,&quot;transitionSpeed&quot;:250,&quot;block&quot;:{&quot;moveEffect&quot;:&quot;none&quot;,&quot;speed&quot;:300},&quot;thumbs&quot;:{&quot;fitInViewport&quot;:false,&quot;firstMargin&quot;:false,&quot;spacing&quot;:4},&quot;controlNavigation&quot;:&quot;none&quot;,&quot;autoScaleSliderWidth&quot;:760,&quot;autoScaleSliderHeight&quot;:595}'><\/div><\/div><\/div><\/div><\/div><\/div><\/section><section class=\"l-section wpb_row height_auto width_custom\" style=\"--site-content-width:1320px;\"><div class=\"l-section-h i-cf\"><div class=\"g-cols vc_row via_grid cols_1 laptops-cols_inherit tablets-cols_inherit mobiles-cols_1 valign_top type_default stacking_default\"><div class=\"wpb_column vc_column_container\"><div class=\"vc_column-inner\"><div class=\"w-html us_custom_ecd4848b has_text_color\"><p>KOLORYSTYKA<\/p><\/div><div class=\"w-gallery fit_cover type_grid ratio_1x1 count_10\" style=\"--columns:6;--items-gap:10px;\"><div class=\"w-gallery-list\"><div class=\"w-gallery-item\"><div class=\"w-gallery-item-img\"><img loading=\"lazy\" decoding=\"async\" width=\"1000\" height=\"1000\" src=\"https:\/\/beditom.pl\/app\/uploads\/2024\/07\/srebrny.webp\" class=\"attachment-large size-large\" alt=\"Beditom bramy gara\u017cowe\" srcset=\"https:\/\/beditom.pl\/app\/uploads\/2024\/07\/srebrny.webp 1000w, https:\/\/beditom.pl\/app\/uploads\/2024\/07\/srebrny-300x300.webp 300w, https:\/\/beditom.pl\/app\/uploads\/2024\/07\/srebrny-150x150.webp 150w, https:\/\/beditom.pl\/app\/uploads\/2024\/07\/srebrny-200x200.webp 200w\" sizes=\"auto, (max-width: 1000px) 100vw, 1000px\" title=\"Beditom bramy gara\u017cowe segmentowe\"><\/div><\/div><div class=\"w-gallery-item\"><div class=\"w-gallery-item-img\"><img loading=\"lazy\" decoding=\"async\" width=\"897\" height=\"916\" src=\"https:\/\/beditom.pl\/app\/uploads\/2024\/07\/9010.webp\" class=\"attachment-large size-large\" alt=\"Beditom bramy gara\u017cowe\" srcset=\"https:\/\/beditom.pl\/app\/uploads\/2024\/07\/9010.webp 897w, https:\/\/beditom.pl\/app\/uploads\/2024\/07\/9010-294x300.webp 294w, https:\/\/beditom.pl\/app\/uploads\/2024\/07\/9010-196x200.webp 196w\" sizes=\"auto, (max-width: 897px) 100vw, 897px\" title=\"Beditom bramy gara\u017cowe segmentowe\"><\/div><\/div><div class=\"w-gallery-item\"><div class=\"w-gallery-item-img\"><img loading=\"lazy\" decoding=\"async\" width=\"897\" height=\"916\" src=\"https:\/\/beditom.pl\/app\/uploads\/2024\/07\/9006.webp\" class=\"attachment-large size-large\" alt=\"Beditom bramy gara\u017cowe\" srcset=\"https:\/\/beditom.pl\/app\/uploads\/2024\/07\/9006.webp 897w, https:\/\/beditom.pl\/app\/uploads\/2024\/07\/9006-294x300.webp 294w, https:\/\/beditom.pl\/app\/uploads\/2024\/07\/9006-196x200.webp 196w\" sizes=\"auto, (max-width: 897px) 100vw, 897px\" title=\"Beditom bramy gara\u017cowe segmentowe\"><\/div><\/div><div class=\"w-gallery-item\"><div class=\"w-gallery-item-img\"><img loading=\"lazy\" decoding=\"async\" width=\"1000\" height=\"1000\" src=\"https:\/\/beditom.pl\/app\/uploads\/2024\/07\/7016.webp\" class=\"attachment-large size-large\" alt=\"Beditom bramy gara\u017cowe\" srcset=\"https:\/\/beditom.pl\/app\/uploads\/2024\/07\/7016.webp 1000w, https:\/\/beditom.pl\/app\/uploads\/2024\/07\/7016-300x300.webp 300w, https:\/\/beditom.pl\/app\/uploads\/2024\/07\/7016-150x150.webp 150w, https:\/\/beditom.pl\/app\/uploads\/2024\/07\/7016-200x200.webp 200w\" sizes=\"auto, (max-width: 1000px) 100vw, 1000px\" title=\"Beditom bramy gara\u017cowe segmentowe\"><\/div><\/div><div class=\"w-gallery-item\"><div class=\"w-gallery-item-img\"><img loading=\"lazy\" decoding=\"async\" width=\"1000\" height=\"1000\" src=\"https:\/\/beditom.pl\/app\/uploads\/2024\/07\/1003.webp\" class=\"attachment-large size-large\" alt=\"Beditom bramy gara\u017cowe\" srcset=\"https:\/\/beditom.pl\/app\/uploads\/2024\/07\/1003.webp 1000w, https:\/\/beditom.pl\/app\/uploads\/2024\/07\/1003-300x300.webp 300w, https:\/\/beditom.pl\/app\/uploads\/2024\/07\/1003-150x150.webp 150w, https:\/\/beditom.pl\/app\/uploads\/2024\/07\/1003-200x200.webp 200w\" sizes=\"auto, (max-width: 1000px) 100vw, 1000px\" title=\"Beditom bramy gara\u017cowe segmentowe\"><\/div><\/div><div class=\"w-gallery-item\"><div class=\"w-gallery-item-img\"><img loading=\"lazy\" decoding=\"async\" width=\"1000\" height=\"1000\" src=\"https:\/\/beditom.pl\/app\/uploads\/2024\/07\/2004.webp\" class=\"attachment-large size-large\" alt=\"Beditom bramy gara\u017cowe\" srcset=\"https:\/\/beditom.pl\/app\/uploads\/2024\/07\/2004.webp 1000w, https:\/\/beditom.pl\/app\/uploads\/2024\/07\/2004-300x300.webp 300w, https:\/\/beditom.pl\/app\/uploads\/2024\/07\/2004-150x150.webp 150w, https:\/\/beditom.pl\/app\/uploads\/2024\/07\/2004-200x200.webp 200w\" sizes=\"auto, (max-width: 1000px) 100vw, 1000px\" title=\"Beditom bramy gara\u017cowe segmentowe\"><\/div><\/div><div class=\"w-gallery-item\"><div class=\"w-gallery-item-img\"><img loading=\"lazy\" decoding=\"async\" width=\"1000\" height=\"1000\" src=\"https:\/\/beditom.pl\/app\/uploads\/2024\/07\/3020.webp\" class=\"attachment-large size-large\" alt=\"Beditom bramy gara\u017cowe\" srcset=\"https:\/\/beditom.pl\/app\/uploads\/2024\/07\/3020.webp 1000w, https:\/\/beditom.pl\/app\/uploads\/2024\/07\/3020-300x300.webp 300w, https:\/\/beditom.pl\/app\/uploads\/2024\/07\/3020-150x150.webp 150w, https:\/\/beditom.pl\/app\/uploads\/2024\/07\/3020-200x200.webp 200w\" sizes=\"auto, (max-width: 1000px) 100vw, 1000px\" title=\"Beditom bramy gara\u017cowe segmentowe\"><\/div><\/div><div class=\"w-gallery-item\"><div class=\"w-gallery-item-img\"><img loading=\"lazy\" decoding=\"async\" width=\"1000\" height=\"1000\" src=\"https:\/\/beditom.pl\/app\/uploads\/2024\/07\/4008.webp\" class=\"attachment-large size-large\" alt=\"Beditom bramy gara\u017cowe\" srcset=\"https:\/\/beditom.pl\/app\/uploads\/2024\/07\/4008.webp 1000w, https:\/\/beditom.pl\/app\/uploads\/2024\/07\/4008-300x300.webp 300w, https:\/\/beditom.pl\/app\/uploads\/2024\/07\/4008-150x150.webp 150w, https:\/\/beditom.pl\/app\/uploads\/2024\/07\/4008-200x200.webp 200w\" sizes=\"auto, (max-width: 1000px) 100vw, 1000px\" title=\"Beditom bramy gara\u017cowe segmentowe\"><\/div><\/div><div class=\"w-gallery-item\"><div class=\"w-gallery-item-img\"><img loading=\"lazy\" decoding=\"async\" width=\"1000\" height=\"1000\" src=\"https:\/\/beditom.pl\/app\/uploads\/2024\/07\/6005.webp\" class=\"attachment-large size-large\" alt=\"Beditom bramy gara\u017cowe\" srcset=\"https:\/\/beditom.pl\/app\/uploads\/2024\/07\/6005.webp 1000w, https:\/\/beditom.pl\/app\/uploads\/2024\/07\/6005-300x300.webp 300w, https:\/\/beditom.pl\/app\/uploads\/2024\/07\/6005-150x150.webp 150w, https:\/\/beditom.pl\/app\/uploads\/2024\/07\/6005-200x200.webp 200w\" sizes=\"auto, (max-width: 1000px) 100vw, 1000px\" title=\"Beditom bramy gara\u017cowe segmentowe\"><\/div><\/div><div class=\"w-gallery-item\"><div class=\"w-gallery-item-img\"><img loading=\"lazy\" decoding=\"async\" width=\"950\" height=\"942\" src=\"https:\/\/beditom.pl\/app\/uploads\/2024\/07\/RAL_wachlarz_.jpg\" class=\"attachment-large size-large\" alt=\"Wachlarz kolor\u00f3w palety RAL\" srcset=\"https:\/\/beditom.pl\/app\/uploads\/2024\/07\/RAL_wachlarz_.jpg 950w, https:\/\/beditom.pl\/app\/uploads\/2024\/07\/RAL_wachlarz_-300x297.jpg 300w, https:\/\/beditom.pl\/app\/uploads\/2024\/07\/RAL_wachlarz_-150x150.jpg 150w, https:\/\/beditom.pl\/app\/uploads\/2024\/07\/RAL_wachlarz_-200x198.jpg 200w\" sizes=\"auto, (max-width: 950px) 100vw, 950px\" title=\"Beditom bramy gara\u017cowe segmentowe\"><\/div><\/div><\/div><\/div><div class=\"w-html us_custom_9ebf969f\"><p>\n<\/p><\/div><\/div><\/div><\/div><\/div><\/section><section class=\"l-section wpb_row height_auto width_custom\" style=\"--site-content-width:1320px;\"><div class=\"l-section-h i-cf\"><div class=\"g-cols vc_row via_grid cols_1 laptops-cols_inherit tablets-cols_inherit mobiles-cols_1 valign_top type_default stacking_default\"><div class=\"wpb_column vc_column_container\"><div class=\"vc_column-inner\"><div class=\"w-html us_custom_ecd4848b has_text_color\"><p>KOLORY PRZESZKLE\u0143<\/p><\/div><div class=\"w-gallery fit_cover type_grid ratio_1x1 count_5\" style=\"--columns:6;--items-gap:10px;\"><div class=\"w-gallery-list\"><div class=\"w-gallery-item\"><div class=\"w-gallery-item-img\"><img loading=\"lazy\" decoding=\"async\" width=\"175\" height=\"175\" src=\"https:\/\/beditom.pl\/app\/uploads\/2024\/03\/kolory_lisbona_szary.jpg\" class=\"attachment-large size-large\" alt=\"Beditom bramy gara\u017cowe\" srcset=\"https:\/\/beditom.pl\/app\/uploads\/2024\/03\/kolory_lisbona_szary.jpg 175w, https:\/\/beditom.pl\/app\/uploads\/2024\/03\/kolory_lisbona_szary-150x150.jpg 150w, https:\/\/beditom.pl\/app\/uploads\/2024\/03\/kolory_lisbona_szary-50x50.jpg 50w\" sizes=\"auto, (max-width: 175px) 100vw, 175px\" title=\"Beditom bramy gara\u017cowe segmentowe\"><\/div><div class=\"w-gallery-item-meta\"><div class=\"w-gallery-item-title\">Szary<\/div><\/div><\/div><div class=\"w-gallery-item\"><div class=\"w-gallery-item-img\"><img loading=\"lazy\" decoding=\"async\" width=\"175\" height=\"175\" src=\"https:\/\/beditom.pl\/app\/uploads\/2024\/03\/kolory_lisbona_niebieski.jpg\" class=\"attachment-large size-large\" alt=\"Beditom bramy gara\u017cowe\" srcset=\"https:\/\/beditom.pl\/app\/uploads\/2024\/03\/kolory_lisbona_niebieski.jpg 175w, https:\/\/beditom.pl\/app\/uploads\/2024\/03\/kolory_lisbona_niebieski-150x150.jpg 150w, https:\/\/beditom.pl\/app\/uploads\/2024\/03\/kolory_lisbona_niebieski-50x50.jpg 50w\" sizes=\"auto, (max-width: 175px) 100vw, 175px\" title=\"Beditom bramy gara\u017cowe segmentowe\"><\/div><div class=\"w-gallery-item-meta\"><div class=\"w-gallery-item-title\">Niebieski<\/div><\/div><\/div><div class=\"w-gallery-item\"><div class=\"w-gallery-item-img\"><img loading=\"lazy\" decoding=\"async\" width=\"175\" height=\"175\" src=\"https:\/\/beditom.pl\/app\/uploads\/2024\/03\/kolory_lisbona_mleczny.jpg\" class=\"attachment-large size-large\" alt=\"Beditom bramy gara\u017cowe\" srcset=\"https:\/\/beditom.pl\/app\/uploads\/2024\/03\/kolory_lisbona_mleczny.jpg 175w, https:\/\/beditom.pl\/app\/uploads\/2024\/03\/kolory_lisbona_mleczny-150x150.jpg 150w, https:\/\/beditom.pl\/app\/uploads\/2024\/03\/kolory_lisbona_mleczny-50x50.jpg 50w\" sizes=\"auto, (max-width: 175px) 100vw, 175px\" title=\"Beditom bramy gara\u017cowe segmentowe\"><\/div><div class=\"w-gallery-item-meta\"><div class=\"w-gallery-item-title\">Mleczny<\/div><\/div><\/div><div class=\"w-gallery-item\"><div class=\"w-gallery-item-img\"><img loading=\"lazy\" decoding=\"async\" width=\"175\" height=\"175\" src=\"https:\/\/beditom.pl\/app\/uploads\/2024\/03\/kolory_lisbona_satyna.jpg\" class=\"attachment-large size-large\" alt=\"Beditom bramy gara\u017cowe\" srcset=\"https:\/\/beditom.pl\/app\/uploads\/2024\/03\/kolory_lisbona_satyna.jpg 175w, https:\/\/beditom.pl\/app\/uploads\/2024\/03\/kolory_lisbona_satyna-150x150.jpg 150w, https:\/\/beditom.pl\/app\/uploads\/2024\/03\/kolory_lisbona_satyna-50x50.jpg 50w\" sizes=\"auto, (max-width: 175px) 100vw, 175px\" title=\"Beditom bramy gara\u017cowe segmentowe\"><\/div><div class=\"w-gallery-item-meta\"><div class=\"w-gallery-item-title\">Satyna<\/div><\/div><\/div><div class=\"w-gallery-item\"><div class=\"w-gallery-item-img\"><img loading=\"lazy\" decoding=\"async\" width=\"175\" height=\"175\" src=\"https:\/\/beditom.pl\/app\/uploads\/2024\/03\/kolory_lisbona_dymiony.jpg\" class=\"attachment-large size-large\" alt=\"Beditom bramy gara\u017cowe\" srcset=\"https:\/\/beditom.pl\/app\/uploads\/2024\/03\/kolory_lisbona_dymiony.jpg 175w, https:\/\/beditom.pl\/app\/uploads\/2024\/03\/kolory_lisbona_dymiony-150x150.jpg 150w, https:\/\/beditom.pl\/app\/uploads\/2024\/03\/kolory_lisbona_dymiony-50x50.jpg 50w\" sizes=\"auto, (max-width: 175px) 100vw, 175px\" title=\"Beditom bramy gara\u017cowe segmentowe\"><\/div><div class=\"w-gallery-item-meta\"><div class=\"w-gallery-item-title\">Dymiony<\/div><\/div><\/div><\/div><\/div><div class=\"w-html us_custom_9ebf969f\"><p>\n<\/p><\/div><\/div><\/div><\/div><\/div><\/section><section class=\"l-section wpb_row height_auto width_custom\" style=\"--site-content-width:1320px;\"><div class=\"l-section-h i-cf\"><div class=\"g-cols vc_row via_grid cols_1 laptops-cols_inherit tablets-cols_inherit mobiles-cols_1 valign_top type_default stacking_default\"><div class=\"wpb_column vc_column_container\"><div class=\"vc_column-inner\"><div class=\"w-html us_custom_ecd4848b has_text_color\"><p>PLIKI DO POBRANIA<\/p><\/div><div class=\"w-grid us_grid type_grid layout_737 cols_2 preload_style_spinner\" id=\"us_grid_1\" style=\"--columns:2;--gap:1.5rem;\"><style>@media (max-width:480px){#us_grid_1{--columns:1!important}}.layout_737 .w-grid-item-h{}@media(max-width:479px){.layout_737 .usg_post_image_1{display:none!important}}.layout_737 .usg_hwrapper_1{color:var(--color-content-text)!important;padding-top:6%!important;padding-bottom:6%!important;background:var(--color-content-bg-alt)!important}.layout_737 .usg_vwrapper_1{width:48%!important;margin-left:6%!important;margin-right:0!important}.layout_737 .usg_post_image_1{text-align:right!important;width:50%!important;max-width:150px!important;margin-left:7%!important}.layout_737 .usg_post_title_1{font-size:1.6rem!important;line-height:1.1!important}@media (max-width:480px){.layout_737 .usg_hwrapper_1{margin-left:0!important;margin-right:0!important;padding-top:0!important;padding-bottom:0!important}.layout_737 .usg_vwrapper_1{width:86%!important;margin:7% 7% 5% 7%!important}.layout_737 .usg_post_image_1{width:100%!important;margin-left:0!important;margin-right:0!important}}<\/style><div class=\"w-grid-list\">\t<article class=\"w-grid-item size_1x1 post-3506 plik type-plik status-publish has-post-thumbnail hentry\" data-id=\"3506\">\r\n\t\t<div class=\"w-grid-item-h\">\r\n\t\t\t\t\t\t<div class=\"w-hwrapper usg_hwrapper_1 has_text_color align_left valign_middle wrap\" style=\"--hwrapper-gap:1rem\"><div class=\"w-vwrapper usg_vwrapper_1 align_left valign_top\"><h3 class=\"w-post-elm post_title usg_post_title_1 entry-title color_link_inherit\"><a href=\"https:\/\/beditom.pl\/no\/plik\/warunki-zabudowy-bram-garazowych\/\">Warunki zabudowy bram garaz\u0307owych<\/a><\/h3><a class=\"w-btn us-btn-style_4 usg_btn_1\" href=\"https:\/\/beditom.pl\/no\/plik\/warunki-zabudowy-bram-garazowych\/\"><span class=\"w-btn-label\">Zobacz PDF<\/span><\/a><\/div><div class=\"w-post-elm post_image usg_post_image_1 has_width stretched\"><a href=\"https:\/\/beditom.pl\/no\/plik\/warunki-zabudowy-bram-garazowych\/\" aria-label=\"Warunki zabudowy bram garaz\u0307owych\"><img loading=\"lazy\" decoding=\"async\" width=\"150\" height=\"150\" src=\"https:\/\/beditom.pl\/app\/uploads\/2024\/07\/segmentowe_bramy_garazowe_warunki-150x150.png\" class=\"attachment-thumbnail size-thumbnail wp-post-image\" alt=\"Beditom bramy gara\u017cowe\" srcset=\"https:\/\/beditom.pl\/app\/uploads\/2024\/07\/segmentowe_bramy_garazowe_warunki-150x150.png 150w, https:\/\/beditom.pl\/app\/uploads\/2024\/07\/segmentowe_bramy_garazowe_warunki-200x200.png 200w, https:\/\/beditom.pl\/app\/uploads\/2024\/07\/segmentowe_bramy_garazowe_warunki.png 300w\" sizes=\"auto, (max-width: 150px) 100vw, 150px\" title=\"Beditom bramy gara\u017cowe segmentowe\"><\/a><\/div><\/div>\t\t<\/div>\r\n\t\t\t<\/article>\r\n\t<article class=\"w-grid-item size_1x1 post-732 plik type-plik status-publish has-post-thumbnail hentry\" data-id=\"732\">\r\n\t\t<div class=\"w-grid-item-h\">\r\n\t\t\t\t\t\t<div class=\"w-hwrapper usg_hwrapper_1 has_text_color align_left valign_middle wrap\" style=\"--hwrapper-gap:1rem\"><div class=\"w-vwrapper usg_vwrapper_1 align_left valign_top\"><h3 class=\"w-post-elm post_title usg_post_title_1 entry-title color_link_inherit\"><a href=\"https:\/\/beditom.pl\/no\/plik\/bramy-garazowe-folder-beditom\/\">Beditom &#8211; Bramy gara\u017cowe<\/a><\/h3><a class=\"w-btn us-btn-style_4 usg_btn_1\" href=\"https:\/\/beditom.pl\/no\/plik\/bramy-garazowe-folder-beditom\/\"><span class=\"w-btn-label\">Zobacz PDF<\/span><\/a><\/div><div class=\"w-post-elm post_image usg_post_image_1 has_width stretched\"><a href=\"https:\/\/beditom.pl\/no\/plik\/bramy-garazowe-folder-beditom\/\" aria-label=\"Beditom &#8211; Bramy gara\u017cowe\"><img loading=\"lazy\" decoding=\"async\" width=\"150\" height=\"150\" src=\"https:\/\/beditom.pl\/app\/uploads\/2024\/03\/BEDITOM_folder_2025_03_nowosc-150x150.png\" class=\"attachment-thumbnail size-thumbnail wp-post-image\" alt=\"Beditom bramy gara\u017cowe\" srcset=\"https:\/\/beditom.pl\/app\/uploads\/2024\/03\/BEDITOM_folder_2025_03_nowosc-150x150.png 150w, https:\/\/beditom.pl\/app\/uploads\/2024\/03\/BEDITOM_folder_2025_03_nowosc-300x300.png 300w, https:\/\/beditom.pl\/app\/uploads\/2024\/03\/BEDITOM_folder_2025_03_nowosc-1024x1024.png 1024w, https:\/\/beditom.pl\/app\/uploads\/2024\/03\/BEDITOM_folder_2025_03_nowosc-12x12.png 12w, https:\/\/beditom.pl\/app\/uploads\/2024\/03\/BEDITOM_folder_2025_03_nowosc-200x200.png 200w, https:\/\/beditom.pl\/app\/uploads\/2024\/03\/BEDITOM_folder_2025_03_nowosc.png 1620w\" sizes=\"auto, (max-width: 150px) 100vw, 150px\" title=\"Beditom bramy gara\u017cowe segmentowe\"><\/a><\/div><\/div>\t\t<\/div>\r\n\t\t\t<\/article>\r\n<\/div>\t<div class=\"w-grid-preloader\">\r\n\t\t<div class=\"g-preloader type_1\">\r\n\t\t\t<div><\/div>\r\n\t\t<\/div>\r\n\t<\/div>\r\n\t\t<div class=\"w-grid-json hidden\" onclick='return {&quot;action&quot;:&quot;us_ajax_grid&quot;,&quot;infinite_scroll&quot;:0,&quot;max_num_pages&quot;:1,&quot;pagination&quot;:&quot;none&quot;,&quot;template_vars&quot;:{&quot;columns&quot;:&quot;2&quot;,&quot;exclude_items&quot;:&quot;none&quot;,&quot;img_size&quot;:&quot;default&quot;,&quot;ignore_items_size&quot;:0,&quot;items_layout&quot;:&quot;737&quot;,&quot;items_offset&quot;:&quot;1&quot;,&quot;load_animation&quot;:&quot;none&quot;,&quot;overriding_link&quot;:&quot;%7B%22url%22%3A%22%22%7D&quot;,&quot;post_id&quot;:3551,&quot;query_args&quot;:{&quot;ignore_sticky_posts&quot;:1,&quot;post_type&quot;:&quot;any&quot;,&quot;post__in&quot;:[&quot;3506&quot;,&quot;732&quot;],&quot;posts_per_page&quot;:&quot;10&quot;},&quot;orderby_query_args&quot;:{&quot;orderby&quot;:{&quot;date&quot;:&quot;DESC&quot;}},&quot;type&quot;:&quot;grid&quot;,&quot;us_grid_post_type&quot;:&quot;ids&quot;,&quot;us_grid_ajax_index&quot;:1,&quot;us_grid_filter_query_string&quot;:null,&quot;us_grid_index&quot;:1,&quot;page_args&quot;:[]}}'><\/div>\r\n\t<\/div>\n<div class=\"w-separator size_medium\"><\/div><\/div><\/div><\/div><\/div><\/section>\n","protected":false},"excerpt":{"rendered":"","protected":false},"author":1,"featured_media":4685,"parent":598,"menu_order":0,"comment_status":"closed","ping_status":"closed","template":"","meta":{"_acf_changed":false,"footnotes":""},"class_list":["post-720","page","type-page","status-publish","has-post-thumbnail","hentry"],"acf":[],"_links":{"self":[{"href":"https:\/\/beditom.pl\/no\/wp-json\/wp\/v2\/pages\/720","targetHints":{"allow":["GET"]}}],"collection":[{"href":"https:\/\/beditom.pl\/no\/wp-json\/wp\/v2\/pages"}],"about":[{"href":"https:\/\/beditom.pl\/no\/wp-json\/wp\/v2\/types\/page"}],"author":[{"embeddable":true,"href":"https:\/\/beditom.pl\/no\/wp-json\/wp\/v2\/users\/1"}],"replies":[{"embeddable":true,"href":"https:\/\/beditom.pl\/no\/wp-json\/wp\/v2\/comments?post=720"}],"version-history":[{"count":25,"href":"https:\/\/beditom.pl\/no\/wp-json\/wp\/v2\/pages\/720\/revisions"}],"predecessor-version":[{"id":3907,"href":"https:\/\/beditom.pl\/no\/wp-json\/wp\/v2\/pages\/720\/revisions\/3907"}],"up":[{"embeddable":true,"href":"https:\/\/beditom.pl\/no\/wp-json\/wp\/v2\/pages\/598"}],"wp:featuredmedia":[{"embeddable":true,"href":"https:\/\/beditom.pl\/no\/wp-json\/wp\/v2\/media\/4685"}],"wp:attachment":[{"href":"https:\/\/beditom.pl\/no\/wp-json\/wp\/v2\/media?parent=720"}],"curies":[{"name":"wp","href":"https:\/\/api.w.org\/{rel}","templated":true}]}}