{"id":3600,"date":"2024-07-02T19:22:47","date_gmt":"2024-07-02T19:22:47","guid":{"rendered":"https:\/\/beditom.pl\/?page_id=3600"},"modified":"2024-07-19T13:29:35","modified_gmt":"2024-07-19T13:29:35","slug":"liftmaster-automatyka-do-bram-wjazdowych","status":"publish","type":"page","link":"https:\/\/beditom.pl\/no\/dla-przemyslu\/automatyka-do-bram-wjazdowych\/liftmaster-automatyka-do-bram-wjazdowych\/","title":{"rendered":"LiftMaster nap\u0119dy do bram przesuwnych i rozwiernych"},"content":{"rendered":"<section class=\"l-section wpb_row height_medium width_custom color_primary\" style=\"--site-content-width:1320px;\"><div class=\"l-section-h i-cf\"><div class=\"g-cols vc_row via_grid cols_1-4-1 laptops-cols_inherit tablets-cols_inherit mobiles-cols_1 valign_top type_default stacking_default\"><div class=\"wpb_column vc_column_container\"><div class=\"vc_column-inner\"><\/div><\/div><div class=\"wpb_column vc_column_container\"><div class=\"vc_column-inner\"><div class=\"w-html us_custom_b011e678 has_text_color\"><p>LiftMaster Automatyka do bram wjazdowych\n<\/p><\/div><\/div><\/div><div class=\"wpb_column vc_column_container\"><div class=\"vc_column-inner\"><\/div><\/div><\/div><\/div><\/section><section class=\"l-section wpb_row us_custom_e29345e3 height_medium width_custom\" style=\"--site-content-width:1320px;\"><div class=\"l-section-h i-cf\"><div class=\"g-cols vc_row via_grid cols_1 laptops-cols_inherit tablets-cols_inherit mobiles-cols_1 valign_top type_default stacking_default\"><div class=\"wpb_column vc_column_container\"><div class=\"vc_column-inner\"><nav class=\"g-breadcrumbs us_custom_fdcab3db separator_icon align_none hide_current\" itemscope itemtype=\"http:\/\/schema.org\/BreadcrumbList\"><div class=\"g-breadcrumbs-item\" itemscope itemprop=\"itemListElement\" itemtype=\"http:\/\/schema.org\/ListItem\"><a itemprop=\"item\" href=\"https:\/\/beditom.pl\/no\/\"><span itemprop=\"name\">HJEM-prosjektet<\/span><\/a><meta itemprop=\"position\" content=\"1\"\/><\/div><div class=\"g-breadcrumbs-separator\"><i class=\"far fa-angle-right\"><\/i><\/div><div class=\"g-breadcrumbs-item\">Sider<\/div><\/nav><\/div><\/div><\/div><\/div><\/section>\n<section class=\"l-section wpb_row height_medium width_custom\" style=\"--site-content-width:1320px;\"><div class=\"l-section-h i-cf\"><div class=\"g-cols vc_row via_grid cols_2 laptops-cols_inherit tablets-cols_inherit mobiles-cols_1 valign_middle type_default stacking_default\"><div class=\"wpb_column vc_column_container\"><div class=\"vc_column-inner\"><div class=\"w-image align_none\"><div class=\"w-image-h\"><img decoding=\"async\" width=\"300\" height=\"52\" src=\"https:\/\/beditom.pl\/app\/uploads\/2024\/03\/Logo_LiftMaster-300x52.webp\" class=\"attachment-medium size-medium\" alt=\"Beditom bramy gara\u017cowe\" loading=\"lazy\" srcset=\"https:\/\/beditom.pl\/app\/uploads\/2024\/03\/Logo_LiftMaster-300x52.webp 300w, https:\/\/beditom.pl\/app\/uploads\/2024\/03\/Logo_LiftMaster-600x104.webp 600w, https:\/\/beditom.pl\/app\/uploads\/2024\/03\/Logo_LiftMaster.webp 1023w\" sizes=\"auto, (max-width: 300px) 100vw, 300px\" title=\"Beditom bramy gara\u017cowe segmentowe\"><\/div><\/div><div class=\"w-separator size_medium\"><\/div><div class=\"wpb_text_column us_custom_ecd4848b has_text_color\"><div class=\"wpb_wrapper\"><p>Opis produktu<\/p>\n<\/div><\/div><div class=\"w-html us_custom_9ebf969f\"><p>AUTOMATISERING FOR ENTRENCE D\u00d8RER<\/p><\/div><div class=\"wpb_text_column\"><div class=\"wpb_wrapper\"><p>Nap\u0119dy bram zewn\u0119trznych <strong>LiftMaster<\/strong> \u0142\u0105cz\u0105 wszystko, czego chc\u0105 w\u0142a\u015bciciele ma\u0142ych firm: \u0142atwe i wygodne zastosowanie dzi\u0119ki myQ oraz bezpiecze\u0144stwo na najwy\u017cszym poziomie techniki.<\/p>\n<\/div><\/div><\/div><\/div><div class=\"wpb_column vc_column_container\"><div class=\"vc_column-inner\"><div class=\"w-image align_none\"><div class=\"w-image-h\"><img decoding=\"async\" width=\"532\" height=\"346\" src=\"https:\/\/beditom.pl\/app\/uploads\/2024\/06\/lmas.jpg\" class=\"attachment-woocommerce_single size-woocommerce_single\" alt=\"Beditom bramy gara\u017cowe\" loading=\"lazy\" srcset=\"https:\/\/beditom.pl\/app\/uploads\/2024\/06\/lmas.jpg 532w, https:\/\/beditom.pl\/app\/uploads\/2024\/06\/lmas-300x195.jpg 300w, https:\/\/beditom.pl\/app\/uploads\/2024\/06\/lmas-200x130.jpg 200w\" sizes=\"auto, (max-width: 532px) 100vw, 532px\" title=\"Beditom bramy gara\u017cowe segmentowe\"><\/div><\/div><\/div><\/div><\/div><\/div><\/section><section class=\"l-section wpb_row height_medium width_custom\" style=\"--site-content-width:1320px;\"><div class=\"l-section-h i-cf\"><div class=\"g-cols vc_row via_grid cols_1 laptops-cols_inherit tablets-cols_inherit mobiles-cols_1 valign_top type_default stacking_default\"><div class=\"wpb_column vc_column_container\"><div class=\"vc_column-inner\"><div class=\"wpb_text_column us_custom_ecd4848b has_text_color\"><div class=\"wpb_wrapper\"><p>Produkty<\/p>\n<\/div><\/div><div class=\"w-html us_custom_9ebf969f\"><p>Nap\u0119dy do bram wjazdowych dwuskrzyd\u0142owych<\/p><\/div><\/div><\/div><\/div><\/div><\/section><section class=\"l-section wpb_row us_custom_887a049b height_medium width_custom\" style=\"--site-content-width:1320px;\"><div class=\"l-section-h i-cf\"><div class=\"g-cols vc_row via_grid cols_3 laptops-cols_inherit tablets-cols_inherit mobiles-cols_1 valign_top type_default stacking_default\"><div class=\"wpb_column vc_column_container\"><div class=\"vc_column-inner\"><div class=\"w-separator size_small\"><\/div><div class=\"w-image align_center\"><div class=\"w-image-h\"><img decoding=\"async\" width=\"200\" height=\"128\" src=\"https:\/\/beditom.pl\/app\/uploads\/2024\/06\/liftmaster-gate-opener-la250evk-200x128.png\" class=\"attachment-us_200_200 size-us_200_200\" alt=\"Beditom bramy gara\u017cowe\" loading=\"lazy\" srcset=\"https:\/\/beditom.pl\/app\/uploads\/2024\/06\/liftmaster-gate-opener-la250evk-200x128.png 200w, https:\/\/beditom.pl\/app\/uploads\/2024\/06\/liftmaster-gate-opener-la250evk-300x192.png 300w, https:\/\/beditom.pl\/app\/uploads\/2024\/06\/liftmaster-gate-opener-la250evk.png 800w\" sizes=\"auto, (max-width: 200px) 100vw, 200px\" title=\"Beditom bramy gara\u017cowe segmentowe\"><\/div><\/div><div class=\"w-separator size_small\"><\/div><div class=\"wpb_text_column us_custom_32207688\"><div class=\"wpb_wrapper\"><p style=\"text-align: center;\">LA250EVK<\/p>\n<\/div><\/div><div class=\"w-separator size_small\"><\/div><div class=\"wpb_text_column\"><div class=\"wpb_wrapper\"><p style=\"text-align: center;\">125 daN | do bram do 250 kg na skrzyd\u0142o<\/p>\n<\/div><\/div><\/div><\/div><div class=\"wpb_column vc_column_container\"><div class=\"vc_column-inner\"><div class=\"w-separator size_small\"><\/div><div class=\"w-image align_center\"><div class=\"w-image-h\"><img decoding=\"async\" width=\"200\" height=\"128\" src=\"https:\/\/beditom.pl\/app\/uploads\/2024\/06\/liftmaster-gate-opener-la300evk-200x128.png\" class=\"attachment-us_200_200 size-us_200_200\" alt=\"Beditom bramy gara\u017cowe\" loading=\"lazy\" srcset=\"https:\/\/beditom.pl\/app\/uploads\/2024\/06\/liftmaster-gate-opener-la300evk-200x128.png 200w, https:\/\/beditom.pl\/app\/uploads\/2024\/06\/liftmaster-gate-opener-la300evk-300x192.png 300w, https:\/\/beditom.pl\/app\/uploads\/2024\/06\/liftmaster-gate-opener-la300evk.png 800w\" sizes=\"auto, (max-width: 200px) 100vw, 200px\" title=\"Beditom bramy gara\u017cowe segmentowe\"><\/div><\/div><div class=\"w-separator size_small\"><\/div><div class=\"wpb_text_column us_custom_32207688\"><div class=\"wpb_wrapper\"><p style=\"text-align: center;\">LA300EVK<\/p>\n<\/div><\/div><div class=\"w-separator size_small\"><\/div><div class=\"wpb_text_column\"><div class=\"wpb_wrapper\"><p style=\"text-align: center;\">150 daN | do bram do 300 kg na skrzyd\u0142o<\/p>\n<\/div><\/div><\/div><\/div><div class=\"wpb_column vc_column_container\"><div class=\"vc_column-inner\"><div class=\"w-separator size_small\"><\/div><div class=\"w-separator size_small\"><\/div><div class=\"w-separator size_small\"><\/div><div class=\"w-separator size_small\"><\/div><div class=\"w-image align_center\"><div class=\"w-image-h\"><img decoding=\"async\" width=\"200\" height=\"71\" src=\"https:\/\/beditom.pl\/app\/uploads\/2024\/06\/Zrzut-ekranu-2024-06-12-o-22.10.19-200x71.png\" class=\"attachment-us_200_200 size-us_200_200\" alt=\"Beditom bramy gara\u017cowe\" loading=\"lazy\" srcset=\"https:\/\/beditom.pl\/app\/uploads\/2024\/06\/Zrzut-ekranu-2024-06-12-o-22.10.19-200x71.png 200w, https:\/\/beditom.pl\/app\/uploads\/2024\/06\/Zrzut-ekranu-2024-06-12-o-22.10.19-300x106.png 300w, https:\/\/beditom.pl\/app\/uploads\/2024\/06\/Zrzut-ekranu-2024-06-12-o-22.10.19.png 994w\" sizes=\"auto, (max-width: 200px) 100vw, 200px\" title=\"Beditom bramy gara\u017cowe segmentowe\"><\/div><\/div><div class=\"w-separator size_small\"><\/div><div class=\"wpb_text_column us_custom_32207688\"><div class=\"wpb_wrapper\"><p style=\"text-align: center;\">LA400EVK<\/p>\n<\/div><\/div><div class=\"w-separator size_small\"><\/div><div class=\"wpb_text_column\"><div class=\"wpb_wrapper\"><p style=\"text-align: center;\">250 daN | do bram do 250 kg na skrzyd\u0142o<\/p>\n<\/div><\/div><\/div><\/div><\/div><\/div><\/section><section class=\"l-section wpb_row height_auto width_custom\" style=\"--site-content-width:1320px;\"><div class=\"l-section-h i-cf\"><div class=\"g-cols vc_row via_grid cols_1 laptops-cols_inherit tablets-cols_inherit mobiles-cols_1 valign_top type_default stacking_default\"><div class=\"wpb_column vc_column_container\"><div class=\"vc_column-inner\"><div class=\"wpb_text_column us_custom_ecd4848b has_text_color\"><div class=\"wpb_wrapper\"><p>Produkty<\/p>\n<\/div><\/div><div class=\"w-html us_custom_9ebf969f\"><p>Nap\u0119dy do bram wjazdowych przesuwnych<\/p><\/div><\/div><\/div><\/div><\/div><\/section><section class=\"l-section wpb_row us_custom_887a049b height_medium width_custom\" style=\"--site-content-width:1320px;\"><div class=\"l-section-h i-cf\"><div class=\"g-cols vc_row via_grid cols_3 laptops-cols_inherit tablets-cols_inherit mobiles-cols_1 valign_top type_default stacking_default\"><div class=\"wpb_column vc_column_container\"><div class=\"vc_column-inner\"><div class=\"w-separator size_small\"><\/div><div class=\"w-image align_center\"><div class=\"w-image-h\"><img decoding=\"async\" width=\"200\" height=\"128\" src=\"https:\/\/beditom.pl\/app\/uploads\/2024\/06\/liftmaster-gate-opener-sl400evk-200x128.png\" class=\"attachment-us_200_200 size-us_200_200\" alt=\"Beditom bramy gara\u017cowe\" loading=\"lazy\" srcset=\"https:\/\/beditom.pl\/app\/uploads\/2024\/06\/liftmaster-gate-opener-sl400evk-200x128.png 200w, https:\/\/beditom.pl\/app\/uploads\/2024\/06\/liftmaster-gate-opener-sl400evk-300x192.png 300w, https:\/\/beditom.pl\/app\/uploads\/2024\/06\/liftmaster-gate-opener-sl400evk.png 800w\" sizes=\"auto, (max-width: 200px) 100vw, 200px\" title=\"Beditom bramy gara\u017cowe segmentowe\"><\/div><\/div><div class=\"w-separator size_small\"><\/div><div class=\"wpb_text_column us_custom_32207688\"><div class=\"wpb_wrapper\"><p style=\"text-align: center;\">SL400EVK<\/p>\n<\/div><\/div><div class=\"w-separator size_small\"><\/div><div class=\"wpb_text_column\"><div class=\"wpb_wrapper\"><p style=\"text-align: center;\">400 daN | do bram do 400 kg na skrzyd\u0142o<\/p>\n<\/div><\/div><\/div><\/div><div class=\"wpb_column vc_column_container\"><div class=\"vc_column-inner\"><div class=\"w-separator size_small\"><\/div><div class=\"w-image align_center\"><div class=\"w-image-h\"><img decoding=\"async\" width=\"200\" height=\"128\" src=\"https:\/\/beditom.pl\/app\/uploads\/2024\/06\/liftmaster-gate-opener-sl400evk-200x128.png\" class=\"attachment-us_200_200 size-us_200_200\" alt=\"Beditom bramy gara\u017cowe\" loading=\"lazy\" srcset=\"https:\/\/beditom.pl\/app\/uploads\/2024\/06\/liftmaster-gate-opener-sl400evk-200x128.png 200w, https:\/\/beditom.pl\/app\/uploads\/2024\/06\/liftmaster-gate-opener-sl400evk-300x192.png 300w, https:\/\/beditom.pl\/app\/uploads\/2024\/06\/liftmaster-gate-opener-sl400evk.png 800w\" sizes=\"auto, (max-width: 200px) 100vw, 200px\" title=\"Beditom bramy gara\u017cowe segmentowe\"><\/div><\/div><div class=\"w-separator size_small\"><\/div><div class=\"wpb_text_column us_custom_32207688\"><div class=\"wpb_wrapper\"><p style=\"text-align: center;\">SL600EVK<\/p>\n<\/div><\/div><div class=\"w-separator size_small\"><\/div><div class=\"wpb_text_column\"><div class=\"wpb_wrapper\"><p style=\"text-align: center;\">600 daN | do bram do 600 kg na skrzyd\u0142o<\/p>\n<\/div><\/div><\/div><\/div><div class=\"wpb_column vc_column_container\"><div class=\"vc_column-inner\"><div class=\"w-separator size_small\"><\/div><div class=\"w-image align_center\"><div class=\"w-image-h\"><img decoding=\"async\" width=\"200\" height=\"128\" src=\"https:\/\/beditom.pl\/app\/uploads\/2024\/06\/liftmaster-gate-opener-sl400evk-200x128.png\" class=\"attachment-us_200_200 size-us_200_200\" alt=\"Beditom bramy gara\u017cowe\" loading=\"lazy\" srcset=\"https:\/\/beditom.pl\/app\/uploads\/2024\/06\/liftmaster-gate-opener-sl400evk-200x128.png 200w, https:\/\/beditom.pl\/app\/uploads\/2024\/06\/liftmaster-gate-opener-sl400evk-300x192.png 300w, https:\/\/beditom.pl\/app\/uploads\/2024\/06\/liftmaster-gate-opener-sl400evk.png 800w\" sizes=\"auto, (max-width: 200px) 100vw, 200px\" title=\"Beditom bramy gara\u017cowe segmentowe\"><\/div><\/div><div class=\"w-separator size_small\"><\/div><div class=\"wpb_text_column us_custom_32207688\"><div class=\"wpb_wrapper\"><p style=\"text-align: center;\">SL100EVK<\/p>\n<\/div><\/div><div class=\"w-separator size_small\"><\/div><div class=\"wpb_text_column\"><div class=\"wpb_wrapper\"><p style=\"text-align: center;\">800 daN | do bram do 1000 kg na skrzyd\u0142o<\/p>\n<\/div><\/div><\/div><\/div><\/div><\/div><\/section><section class=\"l-section wpb_row height_auto width_custom\" style=\"--site-content-width:1320px;\"><div class=\"l-section-h i-cf\"><div class=\"g-cols vc_row via_grid cols_1 laptops-cols_inherit tablets-cols_inherit mobiles-cols_1 valign_top type_default stacking_default\"><div class=\"wpb_column vc_column_container\"><div class=\"vc_column-inner\"><div class=\"wpb_text_column us_custom_ecd4848b has_text_color\"><div class=\"wpb_wrapper\"><p>Akcesoria<\/p>\n<\/div><\/div><\/div><\/div><\/div><\/div><\/section><section class=\"l-section wpb_row us_custom_887a049b height_medium width_custom\" style=\"--site-content-width:1320px;\"><div class=\"l-section-h i-cf\"><div class=\"g-cols vc_row via_grid cols_3 laptops-cols_inherit tablets-cols_inherit mobiles-cols_1 valign_top type_default stacking_default\"><div class=\"wpb_column vc_column_container\"><div class=\"vc_column-inner\"><div class=\"w-separator size_small\"><\/div><div class=\"w-image align_center\"><div class=\"w-image-h\"><img decoding=\"async\" width=\"200\" height=\"141\" src=\"https:\/\/beditom.pl\/app\/uploads\/2024\/06\/dgdgf-200x141.png\" class=\"attachment-us_200_200 size-us_200_200\" alt=\"Beditom bramy gara\u017cowe\" loading=\"lazy\" srcset=\"https:\/\/beditom.pl\/app\/uploads\/2024\/06\/dgdgf-200x141.png 200w, https:\/\/beditom.pl\/app\/uploads\/2024\/06\/dgdgf.png 250w\" sizes=\"auto, (max-width: 200px) 100vw, 200px\" title=\"Beditom bramy gara\u017cowe segmentowe\"><\/div><\/div><div class=\"w-separator size_small\"><\/div><div class=\"wpb_text_column us_custom_32207688\"><div class=\"wpb_wrapper\"><p style=\"text-align: center;\"><strong>TX4EVF \u2014 4-kana\u0142owy nadajnik r\u0119czny<\/strong><\/p>\n<\/div><\/div><div class=\"w-separator size_small\"><\/div><div class=\"wpb_text_column\"><div class=\"wpb_wrapper\"><ul>\n<li>Nadajnik r\u0119czny o konstrukcji kluczyka\u00a0samochodowego<\/li>\n<li>Bardzo du\u017ce przyciski zapewniaj\u0105 dodatkowy komfort<\/li>\n<\/ul>\n<p style=\"text-align: center;\">TX4EVF: kod Security+2.0 cz\u0119stotliwo\u015b\u0107 868 MHz (niebieska dioda LED)<\/p>\n<p style=\"text-align: center;\">TX4UNIF: kod Billion, Rolling lub Security+2.0 Cz\u0119stotliwo\u015b\u0107 433 MHz (bia\u0142a dioda LED)<\/p>\n<\/div><\/div><\/div><\/div><div class=\"wpb_column vc_column_container\"><div class=\"vc_column-inner\"><div class=\"w-image align_center\"><div class=\"w-image-h\"><img decoding=\"async\" width=\"192\" height=\"170\" src=\"https:\/\/beditom.pl\/app\/uploads\/2024\/06\/772.png\" class=\"attachment-us_200_200 size-us_200_200\" alt=\"Beditom bramy gara\u017cowe\" loading=\"lazy\" title=\"Beditom bramy gara\u017cowe segmentowe\"><\/div><\/div><div class=\"w-separator size_small\"><\/div><div class=\"wpb_text_column us_custom_32207688\"><div class=\"wpb_wrapper\"><p style=\"text-align: center;\"><strong>772E-01 \u2014 fotokom\u00f3rka na podczerwie\u0144<\/strong><\/p>\n<\/div><\/div><div class=\"w-separator size_small\"><\/div><div class=\"wpb_text_column\"><div class=\"wpb_wrapper\"><ul>\n<li>Kompatybilna ze wszystkimi nap\u0119dami bram zewn\u0119trznych i gara\u017cowych LiftMaster<\/li>\n<li>Nowoczesna i atrakcyjna stylistyka<\/li>\n<li>IP44 \u2022 Zasi\u0119g 15 m<\/li>\n<\/ul>\n<\/div><\/div><\/div><\/div><div class=\"wpb_column vc_column_container\"><div class=\"vc_column-inner\"><div class=\"w-separator size_small\"><\/div><div class=\"w-image align_center\"><div class=\"w-image-h\"><img decoding=\"async\" width=\"186\" height=\"148\" src=\"https:\/\/beditom.pl\/app\/uploads\/2024\/06\/fla.png\" class=\"attachment-us_200_200 size-us_200_200\" alt=\"Beditom bramy gara\u017cowe\" loading=\"lazy\" title=\"Beditom bramy gara\u017cowe segmentowe\"><\/div><\/div><div class=\"w-separator size_small\"><\/div><div class=\"wpb_text_column us_custom_32207688\"><div class=\"wpb_wrapper\"><p style=\"text-align: center;\"><strong>FLA1-LED \u2014 lampka migaj\u0105ca 24 V LED<\/strong><\/p>\n<\/div><\/div><div class=\"w-separator size_small\"><\/div><div class=\"wpb_text_column\"><div class=\"wpb_wrapper\"><ul>\n<li>Lampa miga, dop\u00f3ki nap\u0119d jest w ruchu<\/li>\n<li>Uniwersalne zastosowanie do nap\u0119d\u00f3w bram gara\u017cowych i zewn\u0119trznych<\/li>\n<li>Zawarto\u015b\u0107: lampa ze sterowaniem i\u00a0materia\u0142ami mocuj\u0105cymi<\/li>\n<\/ul>\n<\/div><\/div><\/div><\/div><\/div><\/div><\/section><section class=\"l-section wpb_row us_custom_887a049b height_medium width_custom\" style=\"--site-content-width:1320px;\"><div class=\"l-section-h i-cf\"><div class=\"g-cols vc_row via_grid cols_3 laptops-cols_inherit tablets-cols_inherit mobiles-cols_1 valign_top type_default stacking_default\"><div class=\"wpb_column vc_column_container\"><div class=\"vc_column-inner\"><div class=\"w-image align_center\"><div class=\"w-image-h\"><img decoding=\"async\" width=\"142\" height=\"176\" src=\"https:\/\/beditom.pl\/app\/uploads\/2024\/06\/780ev.png\" class=\"attachment-us_200_200 size-us_200_200\" alt=\"Beditom bramy gara\u017cowe\" loading=\"lazy\" title=\"Beditom bramy gara\u017cowe segmentowe\"><\/div><\/div><div class=\"w-separator size_small\"><\/div><div class=\"wpb_text_column us_custom_32207688\"><div class=\"wpb_wrapper\"><p style=\"text-align: center;\"><strong>780EV Szyfr radiowy<\/strong><\/p>\n<\/div><\/div><div class=\"w-separator size_small\"><\/div><div class=\"wpb_text_column\"><div class=\"wpb_wrapper\"><ul>\n<li>4-cyfrowy numer PIN<\/li>\n<li>Tymczasowy kod PIN dla odwiedzaj\u0105cych<\/li>\n<li>Komfortowa funkcja \u201ezamykania jednym przyciskiem\u201d<\/li>\n<li>Prosta instalacja bez kabli<\/li>\n<li>Technologia Security+ 2.0\u00ae, 433 MHz<\/li>\n<li>Obszar zastosowania w\u00a0pomieszczeniach i na zewn\u0105trz<\/li>\n<\/ul>\n<\/div><\/div><\/div><\/div><div class=\"wpb_column vc_column_container\"><div class=\"vc_column-inner\"><div class=\"w-image align_center\"><div class=\"w-image-h\"><img decoding=\"async\" width=\"152\" height=\"176\" src=\"https:\/\/beditom.pl\/app\/uploads\/2024\/06\/850ev.png\" class=\"attachment-us_200_200 size-us_200_200\" alt=\"Beditom bramy gara\u017cowe\" loading=\"lazy\" title=\"Beditom bramy gara\u017cowe segmentowe\"><\/div><\/div><div class=\"w-separator size_small\"><\/div><div class=\"wpb_text_column us_custom_32207688\"><div class=\"wpb_wrapper\"><p style=\"text-align: center;\"><strong>850EV Szyfr radiowy <\/strong><\/p>\n<\/div><\/div><div class=\"w-separator size_small\"><\/div><div class=\"wpb_text_column\"><div class=\"wpb_wrapper\"><ul>\n<li>4-cyfrowy numer PIN<\/li>\n<li>6-cyfrowy PIN g\u0142\u00f3wny<\/li>\n<li>\u0141atwe usuwanie pojedynczego kodu\u00a0PIN<\/li>\n<li>Tryb blokady<\/li>\n<li>Prosta instalacja bez kabli<\/li>\n<li>Technologia Security+ 2.0\u00ae, 433 MHz<\/li>\n<li>Obszar zastosowania w\u00a0pomieszczeniach i na zewn\u0105trz<\/li>\n<\/ul>\n<\/div><\/div><\/div><\/div><div class=\"wpb_column vc_column_container\"><div class=\"vc_column-inner\"><div class=\"w-separator size_small\"><\/div><div class=\"w-image align_center\"><div class=\"w-image-h\"><img decoding=\"async\" width=\"200\" height=\"127\" src=\"https:\/\/beditom.pl\/app\/uploads\/2024\/06\/860ev1-200x127.png\" class=\"attachment-us_200_200 size-us_200_200\" alt=\"Beditom bramy gara\u017cowe\" loading=\"lazy\" srcset=\"https:\/\/beditom.pl\/app\/uploads\/2024\/06\/860ev1-200x127.png 200w, https:\/\/beditom.pl\/app\/uploads\/2024\/06\/860ev1.png 256w\" sizes=\"auto, (max-width: 200px) 100vw, 200px\" title=\"Beditom bramy gara\u017cowe segmentowe\"><\/div><\/div><div class=\"w-separator size_small\"><\/div><div class=\"w-separator size_small\"><\/div><div class=\"wpb_text_column us_custom_32207688\"><div class=\"wpb_wrapper\"><p style=\"text-align: center;\"><strong>860EV \u2014 3-kana\u0142owy odbiornik uniwersalny <\/strong><\/p>\n<\/div><\/div><div class=\"w-separator size_small\"><\/div><div class=\"wpb_text_column\"><div class=\"wpb_wrapper\"><ul>\n<li>3 kana\u0142y, kana\u0142 1: maks. 50 nadajnik\u00f3w, kana\u0142 2: maks. 20 nadajnik\u00f3w, kana\u0142 3: maks. 20 nadajnik\u00f3w<\/li>\n<li>Kompatybilny ze wszystkimi nadajnikami\u00a0r\u0119cznymi TX<\/li>\n<li>IP45 do zastosowania na zewn\u0105trz<\/li>\n<li>Czas prze\u0142\u0105czania 250\u00a0ms<\/li>\n<li>Styki przeka\u017anikowe maks. 5 A, 28 V AC\/DC, napi\u0119cie\/zasilanie: 9-30 V AC lub 9-34 V DC<\/li>\n<li>50 mA, cz\u0119stotliwo\u015b\u0107 radiowa 433, 868\u00a0MHz<\/li>\n<\/ul>\n<\/div><\/div><\/div><\/div><\/div><\/div><\/section><section class=\"l-section wpb_row us_custom_887a049b height_medium width_custom\" style=\"--site-content-width:1320px;\"><div class=\"l-section-h i-cf\"><div class=\"g-cols vc_row via_grid cols_3 laptops-cols_inherit tablets-cols_inherit mobiles-cols_1 valign_top type_default stacking_default\"><div class=\"wpb_column vc_column_container\"><div class=\"vc_column-inner\"><div class=\"w-image align_center\"><div class=\"w-image-h\"><img decoding=\"async\" width=\"200\" height=\"122\" src=\"https:\/\/beditom.pl\/app\/uploads\/2024\/06\/828-200x122.png\" class=\"attachment-us_200_200 size-us_200_200\" alt=\"Beditom bramy gara\u017cowe\" loading=\"lazy\" srcset=\"https:\/\/beditom.pl\/app\/uploads\/2024\/06\/828-200x122.png 200w, https:\/\/beditom.pl\/app\/uploads\/2024\/06\/828.png 272w\" sizes=\"auto, (max-width: 200px) 100vw, 200px\" title=\"Beditom bramy gara\u017cowe segmentowe\"><\/div><\/div><div class=\"w-separator size_small\"><\/div><div class=\"wpb_text_column us_custom_32207688\"><div class=\"wpb_wrapper\"><p style=\"text-align: center;\"><strong>828EV \u2014 bramka internetowa <\/strong><\/p>\n<\/div><\/div><div class=\"w-separator size_small\"><\/div><div class=\"wpb_text_column\"><div class=\"wpb_wrapper\"><ul>\n<li>\u0141\u0105czy nap\u0119d bramy gara\u017cowej przez\u00a0router z Internetem. Umo\u017cliwia w ten spos\u00f3b nadzorowanie i za\u0142\u0105czanie bramy z dowolnego miejsca na \u015bwiecie, bardzo \u0142atwo za po\u015brednictwem smartfona lub tabletu. Z\u00a0instalowan\u0105 obowi\u0105zkowo fotokom\u00f3rk\u0105.<\/li>\n<\/ul>\n<\/div><\/div><\/div><\/div><div class=\"wpb_column vc_column_container\"><div class=\"vc_column-inner\"><\/div><\/div><div class=\"wpb_column vc_column_container\"><div class=\"vc_column-inner\"><\/div><\/div><\/div><\/div><\/section>","protected":false},"excerpt":{"rendered":"LiftMaster Automatyka do bram wjazdowych Strona g\u0142\u00f3wnaSider Opis produktu Automatyka do bram wjazdowychNap\u0119dy bram zewn\u0119trznych LiftMaster \u0142\u0105cz\u0105 wszystko, czego chc\u0105 w\u0142a\u015bciciele ma\u0142ych firm: \u0142atwe i wygodne zastosowanie dzi\u0119ki myQ oraz bezpiecze\u0144stwo na najwy\u017cszym poziomie techniki. Produkty Nap\u0119dy do bram wjazdowych dwuskrzyd\u0142owychLA250EVK 125 daN | do bram do 250 kg na skrzyd\u0142o LA300EVK 150 daN |...","protected":false},"author":3,"featured_media":3774,"parent":3088,"menu_order":0,"comment_status":"closed","ping_status":"closed","template":"","meta":{"_acf_changed":false,"footnotes":""},"class_list":["post-3600","page","type-page","status-publish","has-post-thumbnail","hentry"],"acf":[],"_links":{"self":[{"href":"https:\/\/beditom.pl\/no\/wp-json\/wp\/v2\/pages\/3600","targetHints":{"allow":["GET"]}}],"collection":[{"href":"https:\/\/beditom.pl\/no\/wp-json\/wp\/v2\/pages"}],"about":[{"href":"https:\/\/beditom.pl\/no\/wp-json\/wp\/v2\/types\/page"}],"author":[{"embeddable":true,"href":"https:\/\/beditom.pl\/no\/wp-json\/wp\/v2\/users\/3"}],"replies":[{"embeddable":true,"href":"https:\/\/beditom.pl\/no\/wp-json\/wp\/v2\/comments?post=3600"}],"version-history":[{"count":4,"href":"https:\/\/beditom.pl\/no\/wp-json\/wp\/v2\/pages\/3600\/revisions"}],"predecessor-version":[{"id":4120,"href":"https:\/\/beditom.pl\/no\/wp-json\/wp\/v2\/pages\/3600\/revisions\/4120"}],"up":[{"embeddable":true,"href":"https:\/\/beditom.pl\/no\/wp-json\/wp\/v2\/pages\/3088"}],"wp:featuredmedia":[{"embeddable":true,"href":"https:\/\/beditom.pl\/no\/wp-json\/wp\/v2\/media\/3774"}],"wp:attachment":[{"href":"https:\/\/beditom.pl\/no\/wp-json\/wp\/v2\/media?parent=3600"}],"curies":[{"name":"wp","href":"https:\/\/api.w.org\/{rel}","templated":true}]}}