{"id":1873,"date":"2024-04-01T17:51:43","date_gmt":"2024-04-01T17:51:43","guid":{"rendered":"https:\/\/beditom.pl\/?page_id=1873"},"modified":"2024-12-09T13:38:02","modified_gmt":"2024-12-09T13:38:02","slug":"dla-firm-wspolpraca","status":"publish","type":"page","link":"https:\/\/beditom.pl\/no\/kontakt\/dla-firm-wspolpraca\/","title":{"rendered":"Dla firm \u2013 wsp\u00f3\u0142praca"},"content":{"rendered":"<section class=\"l-section wpb_row height_medium width_custom color_primary\" style=\"--site-content-width:1320px;\"><div class=\"l-section-h i-cf\"><div class=\"g-cols vc_row via_grid cols_1-4-1 laptops-cols_inherit tablets-cols_inherit mobiles-cols_1 valign_top type_default stacking_default\"><div class=\"wpb_column vc_column_container\"><div class=\"vc_column-inner\"><\/div><\/div><div class=\"wpb_column vc_column_container\"><div class=\"vc_column-inner\"><div class=\"w-html us_custom_9dfb85bd has_text_color\"><p>DLA FIRM<\/p><\/div><div class=\"w-html us_custom_b011e678 has_text_color\"><h1 class=\"us_custom_b011e678\">Dla firm \u2013 wsp\u00f3\u0142praca<\/h1><\/div><\/div><\/div><div class=\"wpb_column vc_column_container\"><div class=\"vc_column-inner\"><\/div><\/div><\/div><\/div><\/section><section class=\"l-section wpb_row us_custom_e29345e3 height_medium width_custom\" style=\"--site-content-width:1320px;\"><div class=\"l-section-h i-cf\"><div class=\"g-cols vc_row via_grid cols_1 laptops-cols_inherit tablets-cols_inherit mobiles-cols_1 valign_top type_default stacking_default\"><div class=\"wpb_column vc_column_container\"><div class=\"vc_column-inner\"><nav class=\"g-breadcrumbs us_custom_fdcab3db separator_icon align_none hide_current\" itemscope itemtype=\"http:\/\/schema.org\/BreadcrumbList\"><div class=\"g-breadcrumbs-item\" itemscope itemprop=\"itemListElement\" itemtype=\"http:\/\/schema.org\/ListItem\"><a itemprop=\"item\" href=\"https:\/\/beditom.pl\/no\/\"><span itemprop=\"name\">HJEM-prosjektet<\/span><\/a><meta itemprop=\"position\" content=\"1\"\/><\/div><div class=\"g-breadcrumbs-separator\"><i class=\"far fa-angle-right\"><\/i><\/div><div class=\"g-breadcrumbs-item\">Sider<\/div><\/nav><\/div><\/div><\/div><\/div><\/section>\n<section class=\"l-section wpb_row height_medium width_custom\" style=\"--site-content-width:1320px;\"><div class=\"l-section-h i-cf\"><div class=\"g-cols vc_row via_grid cols_1 laptops-cols_inherit tablets-cols_inherit mobiles-cols_1 valign_bottom type_default stacking_default\"><div class=\"wpb_column vc_column_container\"><div class=\"vc_column-inner\"><div class=\"wpb_text_column us_custom_9ebf969f\"><div class=\"wpb_wrapper\"><p>Dla firm \u2013 wsp\u00f3\u0142praca<\/p>\n<\/div><\/div><div class=\"wpb_text_column\"><div class=\"wpb_wrapper\"><p>Zapraszamy do wsp\u00f3\u0142pracy firmy wykonawcze z bran\u017cy budowlanej, ekipy monterskie oraz partner\u00f3w\u00a0 handlowych. Zapewniamy szkolenia i atrakcyjne warunki wsp\u00f3\u0142pracy.<\/p>\n<\/div><\/div><\/div><\/div><\/div><\/div><\/section><section class=\"l-section wpb_row height_medium width_custom\" style=\"--site-content-width:1320px;\"><div class=\"l-section-h i-cf\"><div class=\"g-cols vc_row via_grid cols_2 laptops-cols_inherit tablets-cols_inherit mobiles-cols_1 valign_top type_default stacking_default\"><div class=\"wpb_column vc_column_container\"><div class=\"vc_column-inner\"><div class=\"wpb_text_column\"><div class=\"wpb_wrapper\"><p>Nawi\u0105\u017cemy wsp\u00f3\u0142prac\u0119 z <strong>EKIPAMI MONTERSKIMI<\/strong> bram przemys\u0142owych, gara\u017cowych i automatyki do bram na terenie ca\u0142ego kraju.<\/p>\n<\/div><\/div><\/div><\/div><div class=\"wpb_column vc_column_container\"><div class=\"vc_column-inner\"><div class=\"wpb_text_column\"><div class=\"wpb_wrapper\"><p>Nawi\u0105\u017cemy wsp\u00f3\u0142prac\u0119 z <strong>FIRMAMI DEALERSKIMI<\/strong> na terenie kraju i zagranic\u0105.<\/p>\n<\/div><\/div><\/div><\/div><\/div><\/div><\/section><section class=\"l-section wpb_row us_custom_5cd26a65 height_medium width_custom\" style=\"--site-content-width:1320px;\"><div class=\"l-section-h i-cf\"><div class=\"g-cols vc_row via_grid cols_1 laptops-cols_inherit tablets-cols_inherit mobiles-cols_1 valign_bottom type_default stacking_default\"><div class=\"wpb_column vc_column_container\"><div class=\"vc_column-inner\"><div class=\"wpb_text_column us_custom_9ebf969f\"><div class=\"wpb_wrapper\"><p style=\"text-align: left;\">Skontaktuj si\u0119 z nami telefonicznie lub mailowo<\/p>\n<\/div><\/div><div class=\"w-contacts\"><div class=\"w-contacts-list\"><div class=\"w-contacts-item for_phone\"><span class=\"w-contacts-item-value\">+48 58 667 37 11<\/span><\/div><div class=\"w-contacts-item for_mobile\"><span class=\"w-contacts-item-value\">+48 605 929 948<\/span><\/div><div class=\"w-contacts-item for_email\"><span class=\"w-contacts-item-value\"><a href=\"mailto:kontakt@beditom.pl\">kontakt@beditom.pl<\/a><\/span><\/div><\/div><\/div><\/div><\/div><\/div><\/div><\/section><section class=\"l-section wpb_row us_custom_5cd26a65 height_medium width_custom\" style=\"--site-content-width:1320px;\"><div class=\"l-section-h i-cf\"><div class=\"g-cols vc_row via_grid cols_2 laptops-cols_inherit tablets-cols_inherit mobiles-cols_1 valign_top type_default stacking_default\"><div class=\"wpb_column vc_column_container\"><div class=\"vc_column-inner\"><form class=\"w-form  us-field-style_1 layout_ver show_message_after_sending for_cform us_form_1\" action=\"https:\/\/beditom.pl\/no\/no\/wp-json\/wp\/v2\/pages\/1873\" method=\"post\" enctype=\"multipart\/form-data\" data-trp-original-action=\"https:\/\/beditom.pl\/no\/no\/wp-json\/wp\/v2\/pages\/1873\"><div class=\"w-form-h\"><div class=\"w-form-row for_text has_label required\">\r\n\t\t\t<div class=\"w-form-row-label\">\r\n\t\t\t<span>Nazwa firmy *<\/span>\r\n\t\t<\/div>\r\n\t\t<div class=\"w-form-row-field\">\r\n\t\t\t\t\t\t<input aria-label=\"Nazwa firmy\" type=\"text\" name=\"us_form_1_text_1\" value placeholder data-required=\"true\" aria-required=\"true\"\/>\r\n\t\t\t<\/div>\r\n\t\t<div class=\"w-form-row-state\">Fill out this field<\/div>\r\n<\/div>\r\n<div class=\"w-form-row for_text has_label required\">\r\n\t\t\t<div class=\"w-form-row-label\">\r\n\t\t\t<span>Adres siedziby firmy *<\/span>\r\n\t\t<\/div>\r\n\t\t<div class=\"w-form-row-field\">\r\n\t\t\t\t\t\t<input aria-label=\"Adres siedziby firmy\" type=\"text\" name=\"us_form_1_text_2\" value placeholder data-required=\"true\" aria-required=\"true\"\/>\r\n\t\t\t<\/div>\r\n\t\t<div class=\"w-form-row-state\">Fill out this field<\/div>\r\n<\/div>\r\n<div class=\"w-form-row for_text has_label required\">\r\n\t\t\t<div class=\"w-form-row-label\">\r\n\t\t\t<span>Osoba do kontaktu *<\/span>\r\n\t\t<\/div>\r\n\t\t<div class=\"w-form-row-field\">\r\n\t\t\t\t\t\t<input aria-label=\"Osoba do kontaktu\" type=\"text\" name=\"us_form_1_text_3\" value placeholder data-required=\"true\" aria-required=\"true\"\/>\r\n\t\t\t<\/div>\r\n\t\t<div class=\"w-form-row-state\">Fill out this field<\/div>\r\n<\/div>\r\n<div class=\"w-form-row for_text has_label required\">\r\n\t\t\t<div class=\"w-form-row-label\">\r\n\t\t\t<span>Numer telefonu *<\/span>\r\n\t\t<\/div>\r\n\t\t<div class=\"w-form-row-field\">\r\n\t\t\t\t\t\t<input aria-label=\"Numer telefonu\" type=\"text\" name=\"us_form_1_text_4\" value placeholder data-required=\"true\" aria-required=\"true\"\/>\r\n\t\t\t<\/div>\r\n\t\t<div class=\"w-form-row-state\">Fill out this field<\/div>\r\n<\/div>\r\n<div class=\"w-form-row for_email has_label required\">\r\n\t\t\t<div class=\"w-form-row-label\">\r\n\t\t\t<span>Adres e-mail *<\/span>\r\n\t\t<\/div>\r\n\t\t<div class=\"w-form-row-field\">\r\n\t\t\t\t\t\t<input aria-label=\"Adres e-mail\" type=\"email\" name=\"us_form_1_email_1\" value placeholder data-required=\"true\" aria-required=\"true\"\/>\r\n\t\t\t<\/div>\r\n\t\t<div class=\"w-form-row-state\">Skriv inn ei gyldig epostadresse.<\/div>\r\n<\/div>\r\n<div class=\"w-form-row for_textarea has_label\">\r\n\t\t\t<div class=\"w-form-row-label\">\r\n\t\t\t<span>Informacje dodatkowe<\/span>\r\n\t\t<\/div>\r\n\t\t<div class=\"w-form-row-field\">\r\n\t\t\t\t\t\t<textarea aria-label=\"Informacje dodatkowe\" name=\"us_form_1_textarea_1\" placeholder><\/textarea>\r\n\t\t\t<\/div>\r\n\t\t<div class=\"w-form-row-state\">Fill out this field<\/div>\r\n<\/div>\r\n<div class=\"w-form-row for_file has_label\">\r\n\t\t\t<div class=\"w-form-row-label\">\r\n\t\t\t<span>Za\u0142\u0105cznik<\/span>\r\n\t\t<\/div>\r\n\t\t<div class=\"w-form-row-field\">\r\n\t\t\t\t\t\t<input aria-label=\"Za\u0142\u0105cznik\" type=\"file\" name=\"us_form_1_file_1\" data-std=\"10MB\" data-max_size=\"10\"\/>\r\n\t\t\t<\/div>\r\n\t\t<div class=\"w-form-row-state\">Fill out this field<\/div>\r\n<\/div>\r\n<div class=\"w-form-row for_agreement required\">\r\n\t\t<div class=\"w-form-row-field\">\r\n\t\t\t\t<label>\r\n\t\t\t<input type=\"checkbox\" value=\"1\" data-required=\"true\" aria-required=\"true\" name=\"us_form_1_agreement_1\"\/>\r\n\t\t\t<span>Potwierdzam, \u017ce zapozna\u0142em si\u0119 i akceptuj\u0119 <a href=\"https:\/\/beditom.pl\/no\/regulamin-serwisu-internetowego\/\">regulamin serwisu internetowego<\/a>.<\/span>\r\n\t\t<\/label>\r\n\t\t\t<\/div>\r\n\t\t<div class=\"w-form-row-state\">You need to agree with the terms to proceed<\/div>\r\n<\/div>\r\n<div class=\"w-form-row for_agreement required\">\r\n\t\t<div class=\"w-form-row-field\">\r\n\t\t\t\t<label>\r\n\t\t\t<input type=\"checkbox\" value=\"1\" data-required=\"true\" aria-required=\"true\" name=\"us_form_1_agreement_2\"\/>\r\n\t\t\t<span>Potwierdzam, \u017ce zapozna\u0142em si\u0119 z <a href=\"https:\/\/beditom.pl\/no\/polityka-prywatnosci\/\">polityk\u0105 prywatno\u015bci<\/a> serwisu internetowego. <br \/>Administratorem danych osobowych zbieranych za po\u015brednictwem serwisu internetowego jest Beditom sp. z o.o. z siedzib\u0105 w Gdyni. Dane s\u0105 lub mog\u0105 by\u0107 przetwarzane w celach oraz na podstawach wskazanych szczeg\u00f3\u0142owo w polityce prywatno\u015bci (np. korzystanie z us\u0142ug elektronicznych, marketing bezpo\u015bredni). Polityka prywatno\u015bci zawiera pe\u0142n\u0105 informacj\u0119 na temat przetwarzania danych przez administratora wraz z prawami przys\u0142uguj\u0105cymi osobie, kt\u00f3rej dane dotycz\u0105. Szybki kontakt z administratorem: rodo@beditom.pl, numer telefonu: +48 58 667 37 10.<\/span>\r\n\t\t<\/label>\r\n\t\t\t<\/div>\r\n\t\t<div class=\"w-form-row-state\">You need to agree with the terms to proceed<\/div>\r\n<\/div>\r\n<input type=\"hidden\" name=\"action\" value=\"us_ajax_cform\" \/>\r\n<input type=\"hidden\" name=\"post_id\" value=\"0\" \/>\r\n<input type=\"hidden\" name=\"form_index\" value=\"1\" \/>\r\n<div class=\"w-form-row for_submit align_none\"><button class=\"w-btn us-btn-style_4\" type=\"submit\" aria-label=\"Wy\u015blij\"><span class=\"g-preloader type_1\"><\/span><span class=\"w-btn-label\">Wy\u015blij<\/span><\/button><\/div><\/div><div class=\"w-form-message\"><\/div><div class=\"w-form-json hidden\" onclick='return {&quot;ajaxurl&quot;:&quot;https:\\\/\\\/beditom.pl\\\/wp\\\/wp-admin\\\/admin-ajax.php&quot;,&quot;messages&quot;:{&quot;err_empty&quot;:&quot;Fill out this field&quot;,&quot;err_size&quot;:&quot;File size cannot exceed %s MB&quot;,&quot;err_extension&quot;:&quot;%s file type is not allowed&quot;,&quot;err_recaptcha_keys&quot;:&quot;reCAPTCHA keys are incorrect&quot;}}'><\/div><input type=\"hidden\" name=\"trp-form-language\" value=\"no\"\/><\/form><\/div><\/div><div class=\"wpb_column vc_column_container\"><div class=\"vc_column-inner\"><div class=\"w-image align_none\"><div class=\"w-image-h\"><img decoding=\"async\" width=\"1024\" height=\"768\" src=\"https:\/\/beditom.pl\/app\/uploads\/2024\/04\/man-beditom_2024-1024x768.jpg\" class=\"attachment-large size-large\" alt=\"BEDITOM - ci\u0119\u017car\u00f3wka z przyczep\u0105\" loading=\"lazy\" srcset=\"https:\/\/beditom.pl\/app\/uploads\/2024\/04\/man-beditom_2024-1024x768.jpg 1024w, https:\/\/beditom.pl\/app\/uploads\/2024\/04\/man-beditom_2024-300x225.jpg 300w, https:\/\/beditom.pl\/app\/uploads\/2024\/04\/man-beditom_2024-200x150.jpg 200w, https:\/\/beditom.pl\/app\/uploads\/2024\/04\/man-beditom_2024.jpg 1210w\" sizes=\"auto, (max-width: 1024px) 100vw, 1024px\" title=\"Beditom bramy gara\u017cowe segmentowe\"><\/div><\/div><div class=\"w-separator size_medium\"><\/div><div class=\"w-image align_none\"><div class=\"w-image-h\"><img decoding=\"async\" width=\"1024\" height=\"683\" src=\"https:\/\/beditom.pl\/app\/uploads\/2024\/04\/1_g_2-1024x683.webp\" class=\"attachment-large size-large\" alt=\"Beditom bramy gara\u017cowe\" loading=\"lazy\" srcset=\"https:\/\/beditom.pl\/app\/uploads\/2024\/04\/1_g_2-1024x683.webp 1024w, https:\/\/beditom.pl\/app\/uploads\/2024\/04\/1_g_2-300x200.webp 300w, https:\/\/beditom.pl\/app\/uploads\/2024\/04\/1_g_2-50x33.webp 50w, https:\/\/beditom.pl\/app\/uploads\/2024\/04\/1_g_2-600x400.webp 600w, https:\/\/beditom.pl\/app\/uploads\/2024\/04\/1_g_2.webp 1920w\" sizes=\"auto, (max-width: 1024px) 100vw, 1024px\" title=\"Beditom bramy gara\u017cowe segmentowe\"><\/div><\/div><\/div><\/div><\/div><\/div><\/section>","protected":false},"excerpt":{"rendered":"DLA FIRMDla firm \u2013 wsp\u00f3\u0142pracaStrona g\u0142\u00f3wnaSider Dla firm \u2013 wsp\u00f3\u0142praca Zapraszamy do wsp\u00f3\u0142pracy firmy wykonawcze z bran\u017cy budowlanej, ekipy monterskie oraz partner\u00f3w\u00a0 handlowych. Zapewniamy szkolenia i atrakcyjne warunki wsp\u00f3\u0142pracy. Nawi\u0105\u017cemy wsp\u00f3\u0142prac\u0119 z EKIPAMI MONTERSKIMI bram przemys\u0142owych, gara\u017cowych i automatyki do bram na terenie ca\u0142ego kraju. Nawi\u0105\u017cemy wsp\u00f3\u0142prac\u0119 z FIRMAMI DEALERSKIMI na terenie kraju i zagranic\u0105....","protected":false},"author":1,"featured_media":1717,"parent":1879,"menu_order":0,"comment_status":"closed","ping_status":"closed","template":"","meta":{"_acf_changed":false,"footnotes":""},"class_list":["post-1873","page","type-page","status-publish","has-post-thumbnail","hentry"],"acf":[],"_links":{"self":[{"href":"https:\/\/beditom.pl\/no\/wp-json\/wp\/v2\/pages\/1873","targetHints":{"allow":["GET"]}}],"collection":[{"href":"https:\/\/beditom.pl\/no\/wp-json\/wp\/v2\/pages"}],"about":[{"href":"https:\/\/beditom.pl\/no\/wp-json\/wp\/v2\/types\/page"}],"author":[{"embeddable":true,"href":"https:\/\/beditom.pl\/no\/wp-json\/wp\/v2\/users\/1"}],"replies":[{"embeddable":true,"href":"https:\/\/beditom.pl\/no\/wp-json\/wp\/v2\/comments?post=1873"}],"version-history":[{"count":25,"href":"https:\/\/beditom.pl\/no\/wp-json\/wp\/v2\/pages\/1873\/revisions"}],"predecessor-version":[{"id":4521,"href":"https:\/\/beditom.pl\/no\/wp-json\/wp\/v2\/pages\/1873\/revisions\/4521"}],"up":[{"embeddable":true,"href":"https:\/\/beditom.pl\/no\/wp-json\/wp\/v2\/pages\/1879"}],"wp:featuredmedia":[{"embeddable":true,"href":"https:\/\/beditom.pl\/no\/wp-json\/wp\/v2\/media\/1717"}],"wp:attachment":[{"href":"https:\/\/beditom.pl\/no\/wp-json\/wp\/v2\/media?parent=1873"}],"curies":[{"name":"wp","href":"https:\/\/api.w.org\/{rel}","templated":true}]}}