{"id":1866,"date":"2024-04-01T17:47:29","date_gmt":"2024-04-01T17:47:29","guid":{"rendered":"https:\/\/beditom.pl\/?page_id=1866"},"modified":"2024-12-09T13:36:34","modified_gmt":"2024-12-09T13:36:34","slug":"zapytanie-ofertowe-dla-firm","status":"publish","type":"page","link":"https:\/\/beditom.pl\/no\/kontakt\/zapytanie-ofertowe-dla-firm\/","title":{"rendered":"Zapytanie ofertowe dla firm"},"content":{"rendered":"<section class=\"l-section wpb_row height_medium width_custom color_primary\" style=\"--site-content-width:1320px;\"><div class=\"l-section-h i-cf\"><div class=\"g-cols vc_row via_grid cols_1-4-1 laptops-cols_inherit tablets-cols_inherit mobiles-cols_1 valign_top type_default stacking_default\"><div class=\"wpb_column vc_column_container\"><div class=\"vc_column-inner\"><\/div><\/div><div class=\"wpb_column vc_column_container\"><div class=\"vc_column-inner\"><div class=\"w-html us_custom_9dfb85bd has_text_color\"><p>FOR INDUSTRIEN<\/p><\/div><div class=\"w-html us_custom_b011e678 has_text_color\"><h1 class=\"us_custom_b011e678\">Foresp\u00f8rsel om tilbud om industri<\/h1><\/div><\/div><\/div><div class=\"wpb_column vc_column_container\"><div class=\"vc_column-inner\"><\/div><\/div><\/div><\/div><\/section><section class=\"l-section wpb_row us_custom_e29345e3 height_medium width_custom\" style=\"--site-content-width:1320px;\"><div class=\"l-section-h i-cf\"><div class=\"g-cols vc_row via_grid cols_1 laptops-cols_inherit tablets-cols_inherit mobiles-cols_1 valign_top type_default stacking_default\"><div class=\"wpb_column vc_column_container\"><div class=\"vc_column-inner\"><nav class=\"g-breadcrumbs us_custom_fdcab3db separator_icon align_none hide_current\" itemscope itemtype=\"http:\/\/schema.org\/BreadcrumbList\"><div class=\"g-breadcrumbs-item\" itemscope itemprop=\"itemListElement\" itemtype=\"http:\/\/schema.org\/ListItem\"><a itemprop=\"item\" href=\"https:\/\/beditom.pl\/no\/\"><span itemprop=\"name\">HJEM-prosjektet<\/span><\/a><meta itemprop=\"position\" content=\"1\"\/><\/div><div class=\"g-breadcrumbs-separator\"><i class=\"far fa-angle-right\"><\/i><\/div><div class=\"g-breadcrumbs-item\">Sider<\/div><\/nav><\/div><\/div><\/div><\/div><\/section>\n<section class=\"l-section wpb_row height_medium width_custom\" style=\"--site-content-width:1320px;\"><div class=\"l-section-h i-cf\"><div class=\"g-cols vc_row via_grid cols_2 laptops-cols_inherit tablets-cols_inherit mobiles-cols_1 valign_top type_default stacking_default\"><div class=\"wpb_column vc_column_container\"><div class=\"vc_column-inner\"><form class=\"w-form  us-field-style_1 layout_ver show_message_after_sending for_cform us_form_1\" action=\"https:\/\/beditom.pl\/no\/no\/wp-json\/wp\/v2\/pages\/1866\" method=\"post\" enctype=\"multipart\/form-data\" data-trp-original-action=\"https:\/\/beditom.pl\/no\/no\/wp-json\/wp\/v2\/pages\/1866\"><div class=\"w-form-h\"><div class=\"w-form-row for_checkboxes has_label\">\r\n\t\t\t<div class=\"w-form-row-label\">\r\n\t\t\t<span>Jestem zainteresowana\/y nast\u0119puj\u0105cym asortymentem<\/span>\r\n\t\t<\/div>\r\n\t\t<div class=\"w-form-row-field\">\r\n\t\t\t\t\t<label>\r\n\t\t\t\t<input type=\"checkbox\" name=\"us_form_1_checkboxes_1[]\" value=\"Bramy przemys\u0142owe segmentowe\"\/>\r\n\t\t\t\t<span>Bramy przemys\u0142owe segmentowe<\/span>\r\n\t\t\t<\/label>\r\n\t\t\t\t\t\t<label>\r\n\t\t\t\t<input type=\"checkbox\" name=\"us_form_1_checkboxes_1[]\" value=\"Automatyka przemys\u0142owa\"\/>\r\n\t\t\t\t<span>Automatyka przemys\u0142owa<\/span>\r\n\t\t\t<\/label>\r\n\t\t\t\t\t\t<label>\r\n\t\t\t\t<input type=\"checkbox\" name=\"us_form_1_checkboxes_1[]\" value=\"Drzwi przemys\u0142owe\"\/>\r\n\t\t\t\t<span>Drzwi przemys\u0142owe<\/span>\r\n\t\t\t<\/label>\r\n\t\t\t\t\t\t<label>\r\n\t\t\t\t<input type=\"checkbox\" name=\"us_form_1_checkboxes_1[]\" value=\"Doki prze\u0142adunkowe\"\/>\r\n\t\t\t\t<span>Doki prze\u0142adunkowe<\/span>\r\n\t\t\t<\/label>\r\n\t\t\t\t\t\t<label>\r\n\t\t\t\t<input type=\"checkbox\" name=\"us_form_1_checkboxes_1[]\" value=\"Bramy szybkobie\u017cne\"\/>\r\n\t\t\t\t<span>H\u00f8yhastighetsd\u00f8rer<\/span>\r\n\t\t\t<\/label>\r\n\t\t\t\t\t\t<label>\r\n\t\t\t\t<input type=\"checkbox\" name=\"us_form_1_checkboxes_1[]\" value=\"Inne\"\/>\r\n\t\t\t\t<span>Inne<\/span>\r\n\t\t\t<\/label>\r\n\t\t\t\t<\/div>\r\n\t\t<div class=\"w-form-row-state\">Select an option<\/div>\r\n<\/div>\r\n<div class=\"w-form-row for_text has_label required\">\r\n\t\t\t<div class=\"w-form-row-label\">\r\n\t\t\t<span>Nazwa firmy *<\/span>\r\n\t\t<\/div>\r\n\t\t<div class=\"w-form-row-field\">\r\n\t\t\t\t\t\t<input aria-label=\"Nazwa firmy\" type=\"text\" name=\"us_form_1_text_1\" value placeholder data-required=\"true\" aria-required=\"true\"\/>\r\n\t\t\t<\/div>\r\n\t\t<div class=\"w-form-row-state\">Fill out this field<\/div>\r\n<\/div>\r\n<div class=\"w-form-row for_text has_label required\">\r\n\t\t\t<div class=\"w-form-row-label\">\r\n\t\t\t<span>Imi\u0119 i nazwisko *<\/span>\r\n\t\t<\/div>\r\n\t\t<div class=\"w-form-row-field\">\r\n\t\t\t\t\t\t<input aria-label=\"Imi\u0119 i nazwisko\" type=\"text\" name=\"us_form_1_text_2\" value placeholder data-required=\"true\" aria-required=\"true\"\/>\r\n\t\t\t<\/div>\r\n\t\t<div class=\"w-form-row-state\">Fill out this field<\/div>\r\n<\/div>\r\n<div class=\"w-form-row for_text has_label required\">\r\n\t\t\t<div class=\"w-form-row-label\">\r\n\t\t\t<span>Numer telefonu *<\/span>\r\n\t\t<\/div>\r\n\t\t<div class=\"w-form-row-field\">\r\n\t\t\t\t\t\t<input aria-label=\"Numer telefonu\" type=\"text\" name=\"us_form_1_text_3\" value placeholder data-required=\"true\" aria-required=\"true\"\/>\r\n\t\t\t<\/div>\r\n\t\t<div class=\"w-form-row-state\">Fill out this field<\/div>\r\n<\/div>\r\n<div class=\"w-form-row for_email has_label required\">\r\n\t\t\t<div class=\"w-form-row-label\">\r\n\t\t\t<span>Adres e-mail *<\/span>\r\n\t\t<\/div>\r\n\t\t<div class=\"w-form-row-field\">\r\n\t\t\t\t\t\t<input aria-label=\"Adres e-mail\" type=\"email\" name=\"us_form_1_email_1\" value placeholder data-required=\"true\" aria-required=\"true\"\/>\r\n\t\t\t<\/div>\r\n\t\t<div class=\"w-form-row-state\">Skriv inn ei gyldig epostadresse.<\/div>\r\n<\/div>\r\n<div class=\"w-form-row for_select has_label required\">\r\n\t\t\t<div class=\"w-form-row-label\">\r\n\t\t\t<span>Wojew\u00f3dztwo *<\/span>\r\n\t\t<\/div>\r\n\t\t<div class=\"w-form-row-field\">\r\n\t\t\t\t\t\t<select aria-label=\"Wojew\u00f3dztwo\" data-required=\"true\" aria-required=\"true\" name=\"us_form_1_select_1\">\r\n\t\t\t<option value=\"pomorskie\">pomorskie<\/option><option value=\"dolno\u015bl\u0105skie\">dolno\u015bl\u0105skie<\/option><option value=\"kujawsko-pomorskie\">kujawsko-pomorskie<\/option><option value=\"lubelskie\">lubelskie<\/option><option value=\"lubuskie\">lubuskie<\/option><option value=\"\u0142\u00f3dzkie\">\u0142\u00f3dzkie<\/option><option value=\"ma\u0142opolskie\">ma\u0142opolskie<\/option><option value=\"mazowieckie\">mazowieckie<\/option><option value=\"opolskie\">opolskie<\/option><option value=\"podkarpackie\">podkarpackie<\/option><option value=\"podlaskie\">podlaskie<\/option><option value=\"\u015bl\u0105skie\">\u015bl\u0105skie<\/option><option value=\"\u015bwi\u0119tokrzyskie\">\u015bwi\u0119tokrzyskie<\/option><option value=\"warmi\u0144sko-mazurskie\">warmi\u0144sko-mazurskie<\/option><option value=\"wielkopolskie\">wielkopolskie<\/option><option value=\"zachodniopomorskie\">zachodniopomorskie<\/option>\t\t<\/select>\r\n\t\t\t<\/div>\r\n\t\t<div class=\"w-form-row-state\">Select an option<\/div>\r\n<\/div>\r\n<div class=\"w-form-row for_text has_label required\">\r\n\t\t\t<div class=\"w-form-row-label\">\r\n\t\t\t<span>Miejscowo\u015b\u0107 *<\/span>\r\n\t\t<\/div>\r\n\t\t<div class=\"w-form-row-field\">\r\n\t\t\t\t\t\t<input aria-label=\"Miejscowo\u015b\u0107\" type=\"text\" name=\"us_form_1_text_4\" value placeholder data-required=\"true\" aria-required=\"true\"\/>\r\n\t\t\t<\/div>\r\n\t\t<div class=\"w-form-row-state\">Fill out this field<\/div>\r\n<\/div>\r\n<div class=\"w-form-row for_textarea has_label\">\r\n\t\t\t<div class=\"w-form-row-label\">\r\n\t\t\t<span>o\tInformacje dodatkowe (szczeg\u00f3\u0142y zapytania)<\/span>\r\n\t\t<\/div>\r\n\t\t<div class=\"w-form-row-field\">\r\n\t\t\t\t\t\t<textarea aria-label=\"o\tInformacje dodatkowe (szczeg\u00f3\u0142y zapytania)\" name=\"us_form_1_textarea_1\" placeholder><\/textarea>\r\n\t\t\t<\/div>\r\n\t\t<div class=\"w-form-row-state\">Fill out this field<\/div>\r\n<\/div>\r\n<div class=\"w-form-row for_file has_label\">\r\n\t\t\t<div class=\"w-form-row-label\">\r\n\t\t\t<span>Za\u0142\u0105czniki (rys. techniczny lub zdj\u0119cie obiektu)<\/span>\r\n\t\t<\/div>\r\n\t\t<div class=\"w-form-row-field\">\r\n\t\t\t\t\t\t<input aria-label=\"Za\u0142\u0105czniki (rys. techniczny lub zdj\u0119cie obiektu)\" type=\"file\" name=\"us_form_1_file_1\" data-std=\"10MB\" data-max_size=\"10\"\/>\r\n\t\t\t<\/div>\r\n\t\t<div class=\"w-form-row-state\">Fill out this field<\/div>\r\n<\/div>\r\n<div class=\"w-form-row for_agreement required\">\r\n\t\t<div class=\"w-form-row-field\">\r\n\t\t\t\t<label>\r\n\t\t\t<input type=\"checkbox\" value=\"1\" data-required=\"true\" aria-required=\"true\" name=\"us_form_1_agreement_1\"\/>\r\n\t\t\t<span>Potwierdzam, \u017ce zapozna\u0142em si\u0119 i akceptuj\u0119 <a href=\"https:\/\/beditom.pl\/no\/regulamin-serwisu-internetowego\/\" target=\"_blank\">regulamin serwisu internetowego<\/a>.<\/span>\r\n\t\t<\/label>\r\n\t\t\t<\/div>\r\n\t\t<div class=\"w-form-row-state\">You need to agree with the terms to proceed<\/div>\r\n<\/div>\r\n<div class=\"w-form-row for_agreement required\">\r\n\t\t<div class=\"w-form-row-field\">\r\n\t\t\t\t<label>\r\n\t\t\t<input type=\"checkbox\" value=\"1\" data-required=\"true\" aria-required=\"true\" name=\"us_form_1_agreement_2\"\/>\r\n\t\t\t<span>Potwierdzam, \u017ce zapozna\u0142em si\u0119 z <a href=\"https:\/\/beditom.pl\/no\/polityka-prywatnosci\/\" target=\"_blank\">polityk\u0105 prywatno\u015bci<\/a> serwisu internetowego. <br \/>Administratorem danych osobowych zbieranych za po\u015brednictwem serwisu internetowego jest Beditom sp. z o.o. z siedzib\u0105 w Gdyni. Dane s\u0105 lub mog\u0105 by\u0107 przetwarzane w celach oraz na podstawach wskazanych szczeg\u00f3\u0142owo w polityce prywatno\u015bci (np. korzystanie z us\u0142ug elektronicznych, marketing bezpo\u015bredni). Polityka prywatno\u015bci zawiera pe\u0142n\u0105 informacj\u0119 na temat przetwarzania danych przez administratora wraz z prawami przys\u0142uguj\u0105cymi osobie, kt\u00f3rej dane dotycz\u0105. Szybki kontakt z administratorem: rodo@beditom.pl, numer telefonu: +48 58 667 37 10.<\/span>\r\n\t\t<\/label>\r\n\t\t\t<\/div>\r\n\t\t<div class=\"w-form-row-state\">You need to agree with the terms to proceed<\/div>\r\n<\/div>\r\n<input type=\"hidden\" name=\"action\" value=\"us_ajax_cform\" \/>\r\n<input type=\"hidden\" name=\"post_id\" value=\"0\" \/>\r\n<input type=\"hidden\" name=\"form_index\" value=\"1\" \/>\r\n<div class=\"w-form-row for_submit align_none\"><button class=\"w-btn us-btn-style_4\" type=\"submit\" aria-label=\"Send foresp\u00f8rsel\"><span class=\"g-preloader type_1\"><\/span><span class=\"w-btn-label\">Send foresp\u00f8rsel<\/span><\/button><\/div><\/div><div class=\"w-form-message\"><\/div><div class=\"w-form-json hidden\" onclick='return {&quot;ajaxurl&quot;:&quot;https:\\\/\\\/beditom.pl\\\/wp\\\/wp-admin\\\/admin-ajax.php&quot;,&quot;messages&quot;:{&quot;err_empty&quot;:&quot;Fill out this field&quot;,&quot;err_size&quot;:&quot;File size cannot exceed %s MB&quot;,&quot;err_extension&quot;:&quot;%s file type is not allowed&quot;,&quot;err_recaptcha_keys&quot;:&quot;reCAPTCHA keys are incorrect&quot;}}'><\/div><input type=\"hidden\" name=\"trp-form-language\" value=\"no\"\/><\/form><\/div><\/div><div class=\"wpb_column vc_column_container\"><div class=\"vc_column-inner\"><div class=\"w-image align_none\"><div class=\"w-image-h\"><img decoding=\"async\" width=\"1024\" height=\"681\" src=\"https:\/\/beditom.pl\/app\/uploads\/2024\/04\/3_p_3-1024x681.webp\" class=\"attachment-large size-large\" alt=\"Beditom bramy gara\u017cowe\" loading=\"lazy\" srcset=\"https:\/\/beditom.pl\/app\/uploads\/2024\/04\/3_p_3-1024x681.webp 1024w, https:\/\/beditom.pl\/app\/uploads\/2024\/04\/3_p_3-300x199.webp 300w, https:\/\/beditom.pl\/app\/uploads\/2024\/04\/3_p_3-50x33.webp 50w, https:\/\/beditom.pl\/app\/uploads\/2024\/04\/3_p_3-600x399.webp 600w, https:\/\/beditom.pl\/app\/uploads\/2024\/04\/3_p_3.webp 1920w\" sizes=\"auto, (max-width: 1024px) 100vw, 1024px\" title=\"Beditom bramy gara\u017cowe segmentowe\"><\/div><\/div><div class=\"w-separator size_medium\"><\/div><div class=\"w-image align_none\"><div class=\"w-image-h\"><img decoding=\"async\" width=\"1024\" height=\"683\" src=\"https:\/\/beditom.pl\/app\/uploads\/2024\/04\/4_p_2-1024x683.webp\" class=\"attachment-large size-large\" alt=\"Beditom bramy gara\u017cowe\" loading=\"lazy\" srcset=\"https:\/\/beditom.pl\/app\/uploads\/2024\/04\/4_p_2-1024x683.webp 1024w, https:\/\/beditom.pl\/app\/uploads\/2024\/04\/4_p_2-300x200.webp 300w, https:\/\/beditom.pl\/app\/uploads\/2024\/04\/4_p_2-50x33.webp 50w, https:\/\/beditom.pl\/app\/uploads\/2024\/04\/4_p_2-600x400.webp 600w, https:\/\/beditom.pl\/app\/uploads\/2024\/04\/4_p_2.webp 1920w\" sizes=\"auto, (max-width: 1024px) 100vw, 1024px\" title=\"Beditom bramy gara\u017cowe segmentowe\"><\/div><\/div><div class=\"w-separator size_medium\"><\/div><div class=\"w-image align_none\"><div class=\"w-image-h\"><img decoding=\"async\" width=\"1024\" height=\"683\" src=\"https:\/\/beditom.pl\/app\/uploads\/2024\/04\/4_p_9-1024x683.webp\" class=\"attachment-large size-large\" alt=\"Beditom bramy gara\u017cowe\" loading=\"lazy\" srcset=\"https:\/\/beditom.pl\/app\/uploads\/2024\/04\/4_p_9-1024x683.webp 1024w, https:\/\/beditom.pl\/app\/uploads\/2024\/04\/4_p_9-300x200.webp 300w, https:\/\/beditom.pl\/app\/uploads\/2024\/04\/4_p_9-50x33.webp 50w, https:\/\/beditom.pl\/app\/uploads\/2024\/04\/4_p_9-600x400.webp 600w, https:\/\/beditom.pl\/app\/uploads\/2024\/04\/4_p_9.webp 1920w\" sizes=\"auto, (max-width: 1024px) 100vw, 1024px\" title=\"Beditom bramy gara\u017cowe segmentowe\"><\/div><\/div><\/div><\/div><\/div><\/div><\/section>","protected":false},"excerpt":{"rendered":"DLA PRZEMYS\u0141UZapytanie ofertowe dla przemys\u0142uStrona g\u0142\u00f3wnaSider Jestem zainteresowana\/y nast\u0119puj\u0105cym asortymentem Bramy przemys\u0142owe segmentowe Automatyka przemys\u0142owa Drzwi przemys\u0142owe Doki prze\u0142adunkowe Bramy szybkobie\u017cne Inne Select an option Nazwa firmy * Fill out this field Imi\u0119 i nazwisko * Fill out this field Numer telefonu * Fill out this field Adres e-mail * Skriv inn ei gyldig epostadresse....","protected":false},"author":1,"featured_media":1728,"parent":1879,"menu_order":0,"comment_status":"closed","ping_status":"closed","template":"","meta":{"_acf_changed":false,"footnotes":""},"class_list":["post-1866","page","type-page","status-publish","has-post-thumbnail","hentry"],"acf":[],"_links":{"self":[{"href":"https:\/\/beditom.pl\/no\/wp-json\/wp\/v2\/pages\/1866","targetHints":{"allow":["GET"]}}],"collection":[{"href":"https:\/\/beditom.pl\/no\/wp-json\/wp\/v2\/pages"}],"about":[{"href":"https:\/\/beditom.pl\/no\/wp-json\/wp\/v2\/types\/page"}],"author":[{"embeddable":true,"href":"https:\/\/beditom.pl\/no\/wp-json\/wp\/v2\/users\/1"}],"replies":[{"embeddable":true,"href":"https:\/\/beditom.pl\/no\/wp-json\/wp\/v2\/comments?post=1866"}],"version-history":[{"count":24,"href":"https:\/\/beditom.pl\/no\/wp-json\/wp\/v2\/pages\/1866\/revisions"}],"predecessor-version":[{"id":4520,"href":"https:\/\/beditom.pl\/no\/wp-json\/wp\/v2\/pages\/1866\/revisions\/4520"}],"up":[{"embeddable":true,"href":"https:\/\/beditom.pl\/no\/wp-json\/wp\/v2\/pages\/1879"}],"wp:featuredmedia":[{"embeddable":true,"href":"https:\/\/beditom.pl\/no\/wp-json\/wp\/v2\/media\/1728"}],"wp:attachment":[{"href":"https:\/\/beditom.pl\/no\/wp-json\/wp\/v2\/media?parent=1866"}],"curies":[{"name":"wp","href":"https:\/\/api.w.org\/{rel}","templated":true}]}}