{"id":1656,"date":"2024-04-01T12:05:31","date_gmt":"2024-04-01T12:05:31","guid":{"rendered":"https:\/\/beditom.pl\/?page_id=1656"},"modified":"2026-03-24T11:26:30","modified_gmt":"2026-03-24T10:26:30","slug":"bramy-szybkobiezne","status":"publish","type":"page","link":"https:\/\/beditom.pl\/no\/dla-przemyslu\/bramy-szybkobiezne\/","title":{"rendered":"H\u00d8YASTIGHETSD\u00d8RER"},"content":{"rendered":"<section class=\"l-section wpb_row height_medium width_custom color_primary with_img\" style=\"--site-content-width:1320px;\"><div class=\"l-section-img\" role=\"img\" aria-label=\"Bilete\" data-img-width=\"2048\" data-img-height=\"1536\" style=\"background-image: url(https:\/\/beditom.pl\/app\/uploads\/2024\/05\/Pack-20070504-010.jpg);\"><\/div><div class=\"l-section-h i-cf\"><div class=\"g-cols vc_row via_grid cols_1-4-1 laptops-cols_inherit tablets-cols_inherit mobiles-cols_1 valign_top type_default stacking_default\"><div class=\"wpb_column vc_column_container\"><div class=\"vc_column-inner\"><\/div><\/div><div class=\"wpb_column vc_column_container\"><div class=\"vc_column-inner\"><div class=\"w-html us_custom_b011e678 has_text_color\"><p>H\u00f8yhastighetsd\u00f8rer\n\n<\/p><\/div><\/div><\/div><div class=\"wpb_column vc_column_container\"><div class=\"vc_column-inner\"><\/div><\/div><\/div><\/div><\/section><section class=\"l-section wpb_row us_custom_e29345e3 height_medium width_custom\" style=\"--site-content-width:1320px;\"><div class=\"l-section-h i-cf\"><div class=\"g-cols vc_row via_grid cols_1 laptops-cols_inherit tablets-cols_inherit mobiles-cols_1 valign_top type_default stacking_default\"><div class=\"wpb_column vc_column_container\"><div class=\"vc_column-inner\"><nav class=\"g-breadcrumbs us_custom_fdcab3db separator_icon align_none hide_current\" itemscope itemtype=\"http:\/\/schema.org\/BreadcrumbList\"><div class=\"g-breadcrumbs-item\" itemscope itemprop=\"itemListElement\" itemtype=\"http:\/\/schema.org\/ListItem\"><a itemprop=\"item\" href=\"https:\/\/beditom.pl\/no\/\"><span itemprop=\"name\">HJEM-prosjektet<\/span><\/a><meta itemprop=\"position\" content=\"1\"\/><\/div><div class=\"g-breadcrumbs-separator\"><i class=\"far fa-angle-right\"><\/i><\/div><div class=\"g-breadcrumbs-item\">Sider<\/div><\/nav><\/div><\/div><\/div><\/div><\/section>\n<section class=\"l-section wpb_row height_auto width_custom\" style=\"--site-content-width:1320px;\"><div class=\"l-section-h i-cf\"><div class=\"g-cols vc_row via_grid cols_2 laptops-cols_inherit tablets-cols_inherit mobiles-cols_1 valign_middle type_default stacking_default\"><div class=\"wpb_column vc_column_container\"><div class=\"vc_column-inner\"><div class=\"w-html us_custom_ecd4848b has_text_color\"><p>H\u00f8yhastighetsd\u00f8rer<\/p><\/div><div class=\"wpb_text_column us_custom_9ebf969f\"><div class=\"wpb_wrapper\"><h2><strong>H\u00d8YASTIGHETSD\u00d8RER<\/strong><\/h2>\n<\/div><\/div><div class=\"wpb_text_column\"><div class=\"wpb_wrapper\"><p><strong>H\u00d8YASTIGHETSD\u00d8RER<\/strong>\u00a0bruker b\u00e5de i avv\u00e6relige byggbygninger, de omtabildrevne transport\u00f8r-behandler, inneklima og energitap-avler. V\u00e5rt transport\u00f8rtransport\u00f8r med stasjonsport og fleksibelt, deksel i kombinasjons-med-eksjoner og rullel\u00f8per, effektiv og og lettvindus glattere vedlikehold med aluminiumsprofiler.<\/p>\n<p><strong>De funksjonalitet og gjennomgir sikkerhets\u00e6r<\/strong>\u00a0enkelt tilbeh\u00f8r ekstra, noen av det samtidige med minimertinibfjern. De syr sikrer sv\u00e6rt v\u00e6r h\u00f8y \u00f8konomi, noe som \u00e5 stjele noen reduserer ventiden forenden d\u00f8ren. Alle utstr\u00f8ms er dyr og med n\u00f8d n\u00f8d i tilfellebrudd str\u00f8m.<\/p>\n<\/div><\/div><\/div><\/div><div class=\"wpb_column vc_column_container\"><div class=\"vc_column-inner\"><div class=\"w-grid us_carousel us_custom_8b3d6790 has_text_color type_carousel layout_gallery_cropped preload_style_spinner ratio_1x1\" id=\"us_grid_1\" style=\"--item-ratio:1;\"><style>.layout_gallery_cropped .w-grid-item-h{}.layout_gallery_cropped .usg_post_image_1{position:absolute!important;left:0!important;top:0!important;bottom:0!important;right:0!important}<\/style><div class=\"w-grid-list owl-carousel valign_middle dotstyle_circle navstyle_circle arrows-ver-pos_middle arrows-hor-pos_on_sides_outside arrows-disabled_hide owl-responsive-2000\" style=\"--transition-duration:350ms;\">\t<article class=\"w-grid-item post-2909 attachment type-attachment status-inherit hentry\" data-id=\"2909\">\r\n\t\t<div class=\"w-grid-item-h\">\r\n\t\t\t\t\t\t<div class=\"w-post-elm post_image usg_post_image_1 stretched\"><img loading=\"lazy\" decoding=\"async\" width=\"1024\" height=\"992\" src=\"https:\/\/beditom.pl\/app\/uploads\/2024\/05\/5555-1024x992.jpg\" class=\"attachment-large size-large\" alt=\"Beditom bramy gara\u017cowe\" srcset=\"https:\/\/beditom.pl\/app\/uploads\/2024\/05\/5555-1024x992.jpg 1024w, https:\/\/beditom.pl\/app\/uploads\/2024\/05\/5555-300x290.jpg 300w, https:\/\/beditom.pl\/app\/uploads\/2024\/05\/5555-200x194.jpg 200w\" sizes=\"auto, (max-width: 1024px) 100vw, 1024px\" title=\"Beditom bramy gara\u017cowe segmentowe\"><\/div>\t\t<\/div>\r\n\t\t\t<\/article>\r\n\t<article class=\"w-grid-item post-2907 attachment type-attachment status-inherit hentry\" data-id=\"2907\">\r\n\t\t<div class=\"w-grid-item-h\">\r\n\t\t\t\t\t\t<div class=\"w-post-elm post_image usg_post_image_1 stretched\"><img loading=\"lazy\" decoding=\"async\" width=\"1024\" height=\"987\" src=\"https:\/\/beditom.pl\/app\/uploads\/2024\/05\/4444-1024x987.jpg\" class=\"attachment-large size-large\" alt=\"Beditom bramy gara\u017cowe\" srcset=\"https:\/\/beditom.pl\/app\/uploads\/2024\/05\/4444-1024x987.jpg 1024w, https:\/\/beditom.pl\/app\/uploads\/2024\/05\/4444-300x289.jpg 300w, https:\/\/beditom.pl\/app\/uploads\/2024\/05\/4444-200x193.jpg 200w, https:\/\/beditom.pl\/app\/uploads\/2024\/05\/4444.jpg 2030w\" sizes=\"auto, (max-width: 1024px) 100vw, 1024px\" title=\"Beditom bramy gara\u017cowe segmentowe\"><\/div>\t\t<\/div>\r\n\t\t\t<\/article>\r\n\t<article class=\"w-grid-item post-2905 attachment type-attachment status-inherit hentry\" data-id=\"2905\">\r\n\t\t<div class=\"w-grid-item-h\">\r\n\t\t\t\t\t\t<div class=\"w-post-elm post_image usg_post_image_1 stretched\"><img loading=\"lazy\" decoding=\"async\" width=\"1024\" height=\"1004\" src=\"https:\/\/beditom.pl\/app\/uploads\/2024\/05\/dynam333-1024x1004.jpg\" class=\"attachment-large size-large\" alt=\"Beditom bramy gara\u017cowe\" srcset=\"https:\/\/beditom.pl\/app\/uploads\/2024\/05\/dynam333-1024x1004.jpg 1024w, https:\/\/beditom.pl\/app\/uploads\/2024\/05\/dynam333-300x294.jpg 300w, https:\/\/beditom.pl\/app\/uploads\/2024\/05\/dynam333-200x196.jpg 200w\" sizes=\"auto, (max-width: 1024px) 100vw, 1024px\" title=\"Beditom bramy gara\u017cowe segmentowe\"><\/div>\t\t<\/div>\r\n\t\t\t<\/article>\r\n\t<article class=\"w-grid-item post-2903 attachment type-attachment status-inherit hentry\" data-id=\"2903\">\r\n\t\t<div class=\"w-grid-item-h\">\r\n\t\t\t\t\t\t<div class=\"w-post-elm post_image usg_post_image_1 stretched\"><img loading=\"lazy\" decoding=\"async\" width=\"1024\" height=\"987\" src=\"https:\/\/beditom.pl\/app\/uploads\/2024\/05\/gg222-1024x987.jpg\" class=\"attachment-large size-large\" alt=\"Beditom bramy gara\u017cowe\" srcset=\"https:\/\/beditom.pl\/app\/uploads\/2024\/05\/gg222-1024x987.jpg 1024w, https:\/\/beditom.pl\/app\/uploads\/2024\/05\/gg222-300x289.jpg 300w, https:\/\/beditom.pl\/app\/uploads\/2024\/05\/gg222-200x193.jpg 200w, https:\/\/beditom.pl\/app\/uploads\/2024\/05\/gg222.jpg 1200w\" sizes=\"auto, (max-width: 1024px) 100vw, 1024px\" title=\"Beditom bramy gara\u017cowe segmentowe\"><\/div>\t\t<\/div>\r\n\t\t\t<\/article>\r\n\t<article class=\"w-grid-item post-2897 attachment type-attachment status-inherit hentry\" data-id=\"2897\">\r\n\t\t<div class=\"w-grid-item-h\">\r\n\t\t\t\t\t\t<div class=\"w-post-elm post_image usg_post_image_1 stretched\"><img loading=\"lazy\" decoding=\"async\" width=\"732\" height=\"1024\" src=\"https:\/\/beditom.pl\/app\/uploads\/2024\/05\/copertina-732x1024.png\" class=\"attachment-large size-large\" alt=\"Beditom bramy gara\u017cowe\" srcset=\"https:\/\/beditom.pl\/app\/uploads\/2024\/05\/copertina-732x1024.png 732w, https:\/\/beditom.pl\/app\/uploads\/2024\/05\/copertina-215x300.png 215w, https:\/\/beditom.pl\/app\/uploads\/2024\/05\/copertina-143x200.png 143w\" sizes=\"auto, (max-width: 732px) 100vw, 732px\" title=\"Beditom bramy gara\u017cowe segmentowe\"><\/div>\t\t<\/div>\r\n\t\t\t<\/article>\r\n\t<article class=\"w-grid-item post-2883 attachment type-attachment status-inherit hentry\" data-id=\"2883\">\r\n\t\t<div class=\"w-grid-item-h\">\r\n\t\t\t\t\t\t<div class=\"w-post-elm post_image usg_post_image_1 stretched\"><img loading=\"lazy\" decoding=\"async\" width=\"1024\" height=\"768\" src=\"https:\/\/beditom.pl\/app\/uploads\/2024\/05\/Dynamicroll-D-RAL2004-F-RAL9005-2-1024x768.jpg\" class=\"attachment-large size-large\" alt=\"Beditom bramy gara\u017cowe\" srcset=\"https:\/\/beditom.pl\/app\/uploads\/2024\/05\/Dynamicroll-D-RAL2004-F-RAL9005-2-1024x768.jpg 1024w, https:\/\/beditom.pl\/app\/uploads\/2024\/05\/Dynamicroll-D-RAL2004-F-RAL9005-2-300x225.jpg 300w, https:\/\/beditom.pl\/app\/uploads\/2024\/05\/Dynamicroll-D-RAL2004-F-RAL9005-2-200x150.jpg 200w, https:\/\/beditom.pl\/app\/uploads\/2024\/05\/Dynamicroll-D-RAL2004-F-RAL9005-2.jpg 1600w\" sizes=\"auto, (max-width: 1024px) 100vw, 1024px\" title=\"Beditom bramy gara\u017cowe segmentowe\"><\/div>\t\t<\/div>\r\n\t\t\t<\/article>\r\n\t<article class=\"w-grid-item post-2880 attachment type-attachment status-inherit hentry\" data-id=\"2880\">\r\n\t\t<div class=\"w-grid-item-h\">\r\n\t\t\t\t\t\t<div class=\"w-post-elm post_image usg_post_image_1 stretched\"><img loading=\"lazy\" decoding=\"async\" width=\"1024\" height=\"576\" src=\"https:\/\/beditom.pl\/app\/uploads\/2024\/05\/DYN-FOOD-INOX-1024x576.png\" class=\"attachment-large size-large\" alt=\"Beditom bramy gara\u017cowe\" srcset=\"https:\/\/beditom.pl\/app\/uploads\/2024\/05\/DYN-FOOD-INOX-1024x576.png 1024w, https:\/\/beditom.pl\/app\/uploads\/2024\/05\/DYN-FOOD-INOX-300x169.png 300w, https:\/\/beditom.pl\/app\/uploads\/2024\/05\/DYN-FOOD-INOX-200x112.png 200w, https:\/\/beditom.pl\/app\/uploads\/2024\/05\/DYN-FOOD-INOX.png 1599w\" sizes=\"auto, (max-width: 1024px) 100vw, 1024px\" title=\"Beditom bramy gara\u017cowe segmentowe\"><\/div>\t\t<\/div>\r\n\t\t\t<\/article>\r\n<\/div><div class=\"w-grid-carousel-json hidden\" onclick='return {&quot;carousel_settings&quot;:{&quot;aria_labels&quot;:{&quot;prev&quot;:&quot;F\\u00f8rre&quot;,&quot;next&quot;:&quot;Neste&quot;},&quot;autoplayContinual&quot;:false,&quot;autoplayHoverPause&quot;:false,&quot;autoplayTimeout&quot;:3000,&quot;autoWidth&quot;:false,&quot;smartSpeed&quot;:350,&quot;margin&quot;:0,&quot;mouseDrag&quot;:true,&quot;rtl&quot;:false,&quot;slideBy&quot;:&quot;1&quot;,&quot;touchDrag&quot;:true,&quot;slideTransition&quot;:&quot;&quot;,&quot;responsive&quot;:{&quot;0&quot;:{&quot;autoHeight&quot;:false,&quot;autoplay&quot;:false,&quot;autoWidth&quot;:false,&quot;center&quot;:false,&quot;dots&quot;:false,&quot;items&quot;:1,&quot;loop&quot;:false,&quot;nav&quot;:false,&quot;stagePadding&quot;:0,&quot;slideBy&quot;:&quot;1&quot;},&quot;481&quot;:{&quot;items&quot;:1,&quot;autoplay&quot;:true,&quot;center&quot;:false,&quot;dots&quot;:false,&quot;nav&quot;:false,&quot;autoHeight&quot;:false,&quot;autoWidth&quot;:false,&quot;loop&quot;:true,&quot;stagePadding&quot;:0}}}}'><\/div><\/div><\/div><\/div><\/div><\/div><\/section>","protected":false},"excerpt":{"rendered":"","protected":false},"author":1,"featured_media":4126,"parent":139,"menu_order":0,"comment_status":"closed","ping_status":"closed","template":"","meta":{"_acf_changed":false,"footnotes":""},"class_list":["post-1656","page","type-page","status-publish","has-post-thumbnail","hentry"],"acf":[],"_links":{"self":[{"href":"https:\/\/beditom.pl\/no\/wp-json\/wp\/v2\/pages\/1656","targetHints":{"allow":["GET"]}}],"collection":[{"href":"https:\/\/beditom.pl\/no\/wp-json\/wp\/v2\/pages"}],"about":[{"href":"https:\/\/beditom.pl\/no\/wp-json\/wp\/v2\/types\/page"}],"author":[{"embeddable":true,"href":"https:\/\/beditom.pl\/no\/wp-json\/wp\/v2\/users\/1"}],"replies":[{"embeddable":true,"href":"https:\/\/beditom.pl\/no\/wp-json\/wp\/v2\/comments?post=1656"}],"version-history":[{"count":26,"href":"https:\/\/beditom.pl\/no\/wp-json\/wp\/v2\/pages\/1656\/revisions"}],"predecessor-version":[{"id":5101,"href":"https:\/\/beditom.pl\/no\/wp-json\/wp\/v2\/pages\/1656\/revisions\/5101"}],"up":[{"embeddable":true,"href":"https:\/\/beditom.pl\/no\/wp-json\/wp\/v2\/pages\/139"}],"wp:featuredmedia":[{"embeddable":true,"href":"https:\/\/beditom.pl\/no\/wp-json\/wp\/v2\/media\/4126"}],"wp:attachment":[{"href":"https:\/\/beditom.pl\/no\/wp-json\/wp\/v2\/media?parent=1656"}],"curies":[{"name":"wp","href":"https:\/\/api.w.org\/{rel}","templated":true}]}}