{"id":1361,"date":"2024-03-31T19:00:59","date_gmt":"2024-03-31T19:00:59","guid":{"rendered":"https:\/\/beditom.pl\/?page_id=1361"},"modified":"2026-03-20T12:48:18","modified_gmt":"2026-03-20T11:48:18","slug":"bramy-przemyslowe-automatyka","status":"publish","type":"page","link":"https:\/\/beditom.pl\/no\/dla-przemyslu\/bramy-przemyslowe-automatyka\/","title":{"rendered":"AUTOMATISERING FOR INDUSTRIELLE D\u00d8RER"},"content":{"rendered":"<section class=\"l-section wpb_row height_large width_custom color_primary with_img\" style=\"--site-content-width:1320px;\"><div class=\"l-section-img\" role=\"img\" aria-label=\"Bilete\" data-img-width=\"1600\" data-img-height=\"900\" style=\"background-image: url(https:\/\/beditom.pl\/app\/uploads\/2024\/05\/TS_971_Programmierung_01_Logo_1600x900_300dpi.jpg);background-position: bottom center;background-repeat: no-repeat;\"><\/div><div class=\"l-section-overlay\" style=\"background:var(--color-header-top-transparent-bg)\"><\/div><div class=\"l-section-h i-cf\"><div class=\"g-cols vc_row via_grid cols_1-4-1 laptops-cols_inherit tablets-cols_inherit mobiles-cols_1 valign_top type_default stacking_default\"><div class=\"wpb_column vc_column_container\"><div class=\"vc_column-inner\"><\/div><\/div><div class=\"wpb_column vc_column_container\"><div class=\"vc_column-inner\"><div class=\"w-html us_custom_b011e678 has_text_color\"><p>AUTOMATYKA DO BRAM PRZEMYS\u0141OWYCH\n<\/p><\/div><\/div><\/div><div class=\"wpb_column vc_column_container\"><div class=\"vc_column-inner\"><\/div><\/div><\/div><\/div><\/section><section class=\"l-section wpb_row us_custom_e29345e3 height_medium width_custom\" style=\"--site-content-width:1320px;\"><div class=\"l-section-h i-cf\"><div class=\"g-cols vc_row via_grid cols_1 laptops-cols_inherit tablets-cols_inherit mobiles-cols_1 valign_top type_default stacking_default\"><div class=\"wpb_column vc_column_container\"><div class=\"vc_column-inner\"><nav class=\"g-breadcrumbs us_custom_fdcab3db separator_icon align_none hide_current\" itemscope itemtype=\"http:\/\/schema.org\/BreadcrumbList\"><div class=\"g-breadcrumbs-item\" itemscope itemprop=\"itemListElement\" itemtype=\"http:\/\/schema.org\/ListItem\"><a itemprop=\"item\" href=\"https:\/\/beditom.pl\/no\/\"><span itemprop=\"name\">HJEM-prosjektet<\/span><\/a><meta itemprop=\"position\" content=\"1\"\/><\/div><div class=\"g-breadcrumbs-separator\"><i class=\"far fa-angle-right\"><\/i><\/div><div class=\"g-breadcrumbs-item\">Sider<\/div><\/nav><\/div><\/div><\/div><\/div><\/section>\n<section class=\"l-section wpb_row us_custom_5cd26a65 height_medium width_custom\" style=\"--site-content-width:1320px;\"><div class=\"l-section-h i-cf\"><div class=\"g-cols vc_row via_grid cols_2 laptops-cols_inherit tablets-cols_inherit mobiles-cols_1 valign_middle type_default stacking_default\"><div class=\"wpb_column vc_column_container\"><div class=\"vc_column-inner\"><div class=\"wpb_text_column us_custom_ecd4848b has_text_color\"><div class=\"wpb_wrapper\"><p>PRODUKTBESKRIVELSE<\/p>\n<\/div><\/div><div class=\"g-cols wpb_row via_grid cols_5-1 laptops-cols_inherit tablets-cols_inherit mobiles-cols_1 valign_top type_default stacking_default\" style=\"--columns-gap:3rem;\"><div class=\"wpb_column vc_column_container\"><div class=\"vc_column-inner\"><div class=\"wpb_text_column us_custom_9ebf969f\"><div class=\"wpb_wrapper\"><p>Automatisering<br \/>\nfor industri for \u00e5<\/p>\n<\/div><\/div><\/div><\/div><div class=\"wpb_column vc_column_container\"><div class=\"vc_column-inner\"><div class=\"w-image align_none\"><div class=\"w-image-h\"><img decoding=\"async\" width=\"177\" height=\"178\" src=\"https:\/\/beditom.pl\/app\/uploads\/2024\/03\/gfa_logo_2.webp\" class=\"attachment-large size-large\" alt=\"Beditom bramy gara\u017cowe\" loading=\"lazy\" srcset=\"https:\/\/beditom.pl\/app\/uploads\/2024\/03\/gfa_logo_2.webp 177w, https:\/\/beditom.pl\/app\/uploads\/2024\/03\/gfa_logo_2-150x150.webp 150w, https:\/\/beditom.pl\/app\/uploads\/2024\/03\/gfa_logo_2-50x50.webp 50w\" sizes=\"auto, (max-width: 177px) 100vw, 177px\" title=\"Beditom bramy gara\u017cowe segmentowe\"><\/div><\/div><\/div><\/div><\/div><div class=\"wpb_text_column\"><div class=\"wpb_wrapper\"><p>Industrid\u00f8r <strong>BEDITOM<\/strong> sammen med riktig valgt, p\u00e5litelig skaper for avdriften av driftsvirksomhet.<\/p>\n<p>Mange \u00e5rs erfaring kombinert med den nyeste dataassisterte teknologien og streng kvalitetskontroll sikrer at produktene som leveres er av h\u00f8yeste kvalitet.<\/p>\n<p>Et perfekt utformet utvalg av stasjoner og kontrollere gj\u00f8r det mulig \u00e5 tilpasse individuelle justeringer av d\u00f8rautomatiseringen til behovene til de mest krevende kundene. Bruken av komponentene av h\u00f8yeste kvalitet sikrer problemfri drift i mange \u00e5r.<\/p>\n<\/div><\/div><\/div><\/div><div class=\"wpb_column vc_column_container\"><div class=\"vc_column-inner\"><div class=\"w-grid us_carousel us_custom_8b3d6790 has_text_color type_carousel layout_gallery_cropped preload_style_spinner ratio_1x1\" id=\"us_grid_1\" style=\"--item-ratio:1;\"><style>.layout_gallery_cropped .w-grid-item-h{}.layout_gallery_cropped .usg_post_image_1{position:absolute!important;left:0!important;top:0!important;bottom:0!important;right:0!important}<\/style><div class=\"w-grid-list owl-carousel valign_middle dotstyle_circle navstyle_circle arrows-ver-pos_middle arrows-hor-pos_on_sides_outside arrows-disabled_hide owl-responsive-2000\" style=\"--transition-duration:350ms;\">\t<article class=\"w-grid-item post-2981 attachment type-attachment status-inherit hentry\" data-id=\"2981\">\r\n\t\t<div class=\"w-grid-item-h\">\r\n\t\t\t\t\t\t<div class=\"w-post-elm post_image usg_post_image_1 stretched\"><img loading=\"lazy\" decoding=\"async\" width=\"1024\" height=\"768\" src=\"https:\/\/beditom.pl\/app\/uploads\/2024\/05\/SG50E_SE_14.80_FU_ER-1024x768.png\" class=\"attachment-large size-large\" alt=\"Beditom bramy gara\u017cowe\" srcset=\"https:\/\/beditom.pl\/app\/uploads\/2024\/05\/SG50E_SE_14.80_FU_ER-1024x768.png 1024w, https:\/\/beditom.pl\/app\/uploads\/2024\/05\/SG50E_SE_14.80_FU_ER-300x225.png 300w, https:\/\/beditom.pl\/app\/uploads\/2024\/05\/SG50E_SE_14.80_FU_ER-200x150.png 200w, https:\/\/beditom.pl\/app\/uploads\/2024\/05\/SG50E_SE_14.80_FU_ER.png 1600w\" sizes=\"auto, (max-width: 1024px) 100vw, 1024px\" title=\"Beditom bramy gara\u017cowe segmentowe\"><\/div>\t\t<\/div>\r\n\t\t\t<\/article>\r\n\t<article class=\"w-grid-item post-2982 attachment type-attachment status-inherit hentry\" data-id=\"2982\">\r\n\t\t<div class=\"w-grid-item-h\">\r\n\t\t\t\t\t\t<div class=\"w-post-elm post_image usg_post_image_1 stretched\"><img loading=\"lazy\" decoding=\"async\" width=\"1024\" height=\"768\" src=\"https:\/\/beditom.pl\/app\/uploads\/2024\/05\/TS_959_Igel-1024x768.png\" class=\"attachment-large size-large\" alt=\"Beditom bramy gara\u017cowe\" srcset=\"https:\/\/beditom.pl\/app\/uploads\/2024\/05\/TS_959_Igel-1024x768.png 1024w, https:\/\/beditom.pl\/app\/uploads\/2024\/05\/TS_959_Igel-300x225.png 300w, https:\/\/beditom.pl\/app\/uploads\/2024\/05\/TS_959_Igel-200x150.png 200w\" sizes=\"auto, (max-width: 1024px) 100vw, 1024px\" title=\"Beditom bramy gara\u017cowe segmentowe\"><\/div>\t\t<\/div>\r\n\t\t\t<\/article>\r\n\t<article class=\"w-grid-item post-2983 attachment type-attachment status-inherit hentry\" data-id=\"2983\">\r\n\t\t<div class=\"w-grid-item-h\">\r\n\t\t\t\t\t\t<div class=\"w-post-elm post_image usg_post_image_1 stretched\"><img loading=\"lazy\" decoding=\"async\" width=\"1024\" height=\"768\" src=\"https:\/\/beditom.pl\/app\/uploads\/2024\/05\/Torarten_SE_Standard-1024x768.png\" class=\"attachment-large size-large\" alt=\"Beditom bramy gara\u017cowe\" srcset=\"https:\/\/beditom.pl\/app\/uploads\/2024\/05\/Torarten_SE_Standard-1024x768.png 1024w, https:\/\/beditom.pl\/app\/uploads\/2024\/05\/Torarten_SE_Standard-300x225.png 300w, https:\/\/beditom.pl\/app\/uploads\/2024\/05\/Torarten_SE_Standard-200x150.png 200w, https:\/\/beditom.pl\/app\/uploads\/2024\/05\/Torarten_SE_Standard.png 1600w\" sizes=\"auto, (max-width: 1024px) 100vw, 1024px\" title=\"Beditom bramy gara\u017cowe segmentowe\"><\/div>\t\t<\/div>\r\n\t\t\t<\/article>\r\n<\/div><div class=\"w-grid-carousel-json hidden\" onclick='return {&quot;carousel_settings&quot;:{&quot;aria_labels&quot;:{&quot;prev&quot;:&quot;F\\u00f8rre&quot;,&quot;next&quot;:&quot;Neste&quot;},&quot;autoplayContinual&quot;:false,&quot;autoplayHoverPause&quot;:false,&quot;autoplayTimeout&quot;:3000,&quot;autoWidth&quot;:false,&quot;smartSpeed&quot;:350,&quot;margin&quot;:0,&quot;mouseDrag&quot;:true,&quot;rtl&quot;:false,&quot;slideBy&quot;:&quot;1&quot;,&quot;touchDrag&quot;:true,&quot;slideTransition&quot;:&quot;&quot;,&quot;responsive&quot;:{&quot;0&quot;:{&quot;autoHeight&quot;:false,&quot;autoplay&quot;:false,&quot;autoWidth&quot;:false,&quot;center&quot;:false,&quot;dots&quot;:false,&quot;items&quot;:1,&quot;loop&quot;:false,&quot;nav&quot;:false,&quot;stagePadding&quot;:0,&quot;slideBy&quot;:&quot;1&quot;},&quot;481&quot;:{&quot;items&quot;:1,&quot;autoplay&quot;:true,&quot;center&quot;:false,&quot;dots&quot;:false,&quot;nav&quot;:false,&quot;autoHeight&quot;:false,&quot;autoWidth&quot;:false,&quot;loop&quot;:true,&quot;stagePadding&quot;:0}}}}'><\/div><\/div><\/div><\/div><\/div><\/div><\/section><section class=\"l-section wpb_row height_auto width_custom\" style=\"--site-content-width:1320px;\"><div class=\"l-section-h i-cf\"><div class=\"g-cols vc_row via_grid cols_1 laptops-cols_inherit tablets-cols_inherit mobiles-cols_1 valign_top type_default stacking_default\"><div class=\"wpb_column vc_column_container\"><div class=\"vc_column-inner\"><div class=\"wpb_text_column us_custom_ecd4848b has_text_color\"><div class=\"wpb_wrapper\"><p><span>UTSTYR-ELEMENTER<\/span><\/p>\n<\/div><\/div><div class=\"w-html\"><div class=\"w-grid us_custom_eb849559 type_grid layout_711 cols_4 preload_style_spinner\" id=\"us_grid_2\" style=\"--columns:4;--gap:4rem;\"><style>@media (max-width:1380px){#us_grid_2{--columns:3!important}}@media (max-width:1124px){#us_grid_2{--columns:2!important}}@media (max-width:480px){#us_grid_2{--columns:1!important}}.layout_711 .w-grid-item-h{}.layout_711 .usg_post_title_1{font-size:18px!important;font-weight:700!important}.layout_711 .usg_btn_1{margin-top:20px!important}<\/style><div class=\"w-grid-list\">\t<article class=\"w-grid-item post-1383 page type-page status-publish has-post-thumbnail hentry\" data-id=\"1383\">\n\t\t<div class=\"w-grid-item-h\">\n\t\t\t\t\t\t<div class=\"w-vwrapper usg_vwrapper_1 align_none valign_top\"><div class=\"w-post-elm post_image usg_post_image_1 stretched\"><a target=\"_blank\" href=\"https:\/\/gfa-elektromaten.com\/en-DE\/products_SE.html\" aria-label=\"KJ\u00d8RER\" rel=\"noopener\"><img loading=\"lazy\" decoding=\"async\" width=\"150\" height=\"150\" src=\"https:\/\/beditom.pl\/app\/uploads\/2024\/05\/gfa_1-300x300-1-150x150.webp\" class=\"attachment-thumbnail size-thumbnail wp-post-image\" alt=\"Beditom bramy gara\u017cowe\" srcset=\"https:\/\/beditom.pl\/app\/uploads\/2024\/05\/gfa_1-300x300-1-150x150.webp 150w, https:\/\/beditom.pl\/app\/uploads\/2024\/05\/gfa_1-300x300-1-200x200.webp 200w, https:\/\/beditom.pl\/app\/uploads\/2024\/05\/gfa_1-300x300-1.webp 300w\" sizes=\"auto, (max-width: 150px) 100vw, 150px\" title=\"Beditom bramy gara\u017cowe segmentowe\"><\/a><\/div><p class=\"w-post-elm post_title usg_post_title_1 entry-title color_link_inherit\"><a href=\"https:\/\/gfa-elektromaten.com\/en-DE\/products_SE.html\" target=\"_blank\" rel=\"noopener\">KJ\u00d8RER<\/a><\/p><\/div><a class=\"w-btn us-btn-style_4 usg_btn_1\" href=\"https:\/\/gfa-elektromaten.com\/en-DE\/products_SE.html\" target=\"_blank\" rel=\"noopener\"><span class=\"w-btn-label\">Sjekk detaljene<\/span><\/a>\t\t<\/div>\n\t\t\t<\/article>\n\t<article class=\"w-grid-item post-1386 page type-page status-publish has-post-thumbnail hentry\" data-id=\"1386\">\n\t\t<div class=\"w-grid-item-h\">\n\t\t\t\t\t\t<div class=\"w-vwrapper usg_vwrapper_1 align_none valign_top\"><div class=\"w-post-elm post_image usg_post_image_1 stretched\"><a href=\"https:\/\/gfa-elektromaten.com\/en-DE\/products_TS.html\" target=\"_blank\" aria-label=\"KONTROLLENHETER\" rel=\"noopener\"><img loading=\"lazy\" decoding=\"async\" width=\"150\" height=\"150\" src=\"https:\/\/beditom.pl\/app\/uploads\/2024\/05\/gfa_6-150x150.webp\" class=\"attachment-thumbnail size-thumbnail wp-post-image\" alt=\"Beditom bramy gara\u017cowe\" srcset=\"https:\/\/beditom.pl\/app\/uploads\/2024\/05\/gfa_6-150x150.webp 150w, https:\/\/beditom.pl\/app\/uploads\/2024\/05\/gfa_6-300x300.webp 300w, https:\/\/beditom.pl\/app\/uploads\/2024\/05\/gfa_6-200x200.webp 200w, https:\/\/beditom.pl\/app\/uploads\/2024\/05\/gfa_6.webp 600w\" sizes=\"auto, (max-width: 150px) 100vw, 150px\" title=\"Beditom bramy gara\u017cowe segmentowe\"><\/a><\/div><p class=\"w-post-elm post_title usg_post_title_1 entry-title color_link_inherit\"><a href=\"https:\/\/gfa-elektromaten.com\/en-DE\/products_TS.html\" target=\"_blank\" rel=\"noopener\">KONTROLLENHETER<\/a><\/p><\/div><a class=\"w-btn us-btn-style_4 usg_btn_1\" href=\"https:\/\/gfa-elektromaten.com\/en-DE\/products_TS.html\" target=\"_blank\" rel=\"noopener\"><span class=\"w-btn-label\">Sjekk detaljene<\/span><\/a>\t\t<\/div>\n\t\t\t<\/article>\n\n\t<article class=\"w-grid-item post-3106 page type-page status-publish has-post-thumbnail hentry\" data-id=\"3106\">\n\t\t<div class=\"w-grid-item-h\">\n\t\t\t\t\t\t<div class=\"w-vwrapper usg_vwrapper_1 align_none valign_top\"><div class=\"w-post-elm post_image usg_post_image_1 stretched\"><a href=\"https:\/\/gfa-elektromaten.com\/en-DE\/products_ZB.html\" target=\"_blank\" aria-label=\"TILBEH\u00d8R\" rel=\"noopener\"><img loading=\"lazy\" decoding=\"async\" width=\"150\" height=\"150\" src=\"https:\/\/beditom.pl\/app\/uploads\/2024\/03\/gfa_sygnalizator-150x150.webp\" class=\"attachment-thumbnail size-thumbnail wp-post-image\" alt=\"Beditom bramy gara\u017cowe\" srcset=\"https:\/\/beditom.pl\/app\/uploads\/2024\/03\/gfa_sygnalizator-150x150.webp 150w, https:\/\/beditom.pl\/app\/uploads\/2024\/03\/gfa_sygnalizator-50x50.webp 50w\" sizes=\"auto, (max-width: 150px) 100vw, 150px\" title=\"Beditom bramy gara\u017cowe segmentowe\"><\/a><\/div><p class=\"w-post-elm post_title usg_post_title_1 entry-title color_link_inherit\"><a href=\"https:\/\/gfa-elektromaten.com\/en-DE\/products_ZB.html\" target=\"_blank\" rel=\"noopener\">TILBEH\u00d8R<\/a><\/p><\/div><a class=\"w-btn us-btn-style_4 usg_btn_1\" href=\"https:\/\/gfa-elektromaten.com\/en-DE\/products_ZB.html\" target=\"_blank\" rel=\"noopener\"><span class=\"w-btn-label\">Sjekk detaljene<\/span><\/a>\t\t<\/div>\n\t\t\t<\/article>\n<\/div><div class=\"w-grid-preloader\">\t<div class=\"g-preloader type_1\">\n\t\t<div><\/div>\n\t<\/div>\n\t<\/div>\t\n\t<\/div><\/div><div class=\"w-separator size_small\"><\/div><\/div><\/div><\/div><\/div><\/section>","protected":false},"excerpt":{"rendered":"","protected":false},"author":1,"featured_media":2453,"parent":139,"menu_order":0,"comment_status":"closed","ping_status":"closed","template":"","meta":{"_acf_changed":false,"footnotes":""},"class_list":["post-1361","page","type-page","status-publish","has-post-thumbnail","hentry"],"acf":[],"_links":{"self":[{"href":"https:\/\/beditom.pl\/no\/wp-json\/wp\/v2\/pages\/1361","targetHints":{"allow":["GET"]}}],"collection":[{"href":"https:\/\/beditom.pl\/no\/wp-json\/wp\/v2\/pages"}],"about":[{"href":"https:\/\/beditom.pl\/no\/wp-json\/wp\/v2\/types\/page"}],"author":[{"embeddable":true,"href":"https:\/\/beditom.pl\/no\/wp-json\/wp\/v2\/users\/1"}],"replies":[{"embeddable":true,"href":"https:\/\/beditom.pl\/no\/wp-json\/wp\/v2\/comments?post=1361"}],"version-history":[{"count":58,"href":"https:\/\/beditom.pl\/no\/wp-json\/wp\/v2\/pages\/1361\/revisions"}],"predecessor-version":[{"id":5062,"href":"https:\/\/beditom.pl\/no\/wp-json\/wp\/v2\/pages\/1361\/revisions\/5062"}],"up":[{"embeddable":true,"href":"https:\/\/beditom.pl\/no\/wp-json\/wp\/v2\/pages\/139"}],"wp:featuredmedia":[{"embeddable":true,"href":"https:\/\/beditom.pl\/no\/wp-json\/wp\/v2\/media\/2453"}],"wp:attachment":[{"href":"https:\/\/beditom.pl\/no\/wp-json\/wp\/v2\/media?parent=1361"}],"curies":[{"name":"wp","href":"https:\/\/api.w.org\/{rel}","templated":true}]}}