{"id":1340,"date":"2024-03-31T18:08:10","date_gmt":"2024-03-31T18:08:10","guid":{"rendered":"https:\/\/beditom.pl\/?page_id=1340"},"modified":"2025-08-12T11:35:40","modified_gmt":"2025-08-12T11:35:40","slug":"warto-wiedziec-o-bramach-garazowych","status":"publish","type":"page","link":"https:\/\/beditom.pl\/no\/dla-domu\/warto-wiedziec-o-bramach-garazowych\/","title":{"rendered":"Hva du du \u00e5 vite vite garasjespiller"},"content":{"rendered":"<section class=\"l-section wpb_row height_medium width_custom color_primary\" style=\"--site-content-width:1320px;\"><div class=\"l-section-h i-cf\"><div class=\"g-cols vc_row via_grid cols_1-4-1 laptops-cols_inherit tablets-cols_inherit mobiles-cols_1 valign_top type_default stacking_default\"><div class=\"wpb_column vc_column_container\"><div class=\"vc_column-inner\"><\/div><\/div><div class=\"wpb_column vc_column_container\"><div class=\"vc_column-inner\"><div class=\"w-html us_custom_9dfb85bd has_text_color\"><p>TIL HJEMME<\/p><\/div><div class=\"w-html us_custom_b011e678 has_text_color\"><h1 class=\"us_custom_b011e678\">Hva du du \u00e5 vite vite garasjespiller\n<\/h1><\/div><\/div><\/div><div class=\"wpb_column vc_column_container\"><div class=\"vc_column-inner\"><\/div><\/div><\/div><\/div><\/section><section class=\"l-section wpb_row us_custom_e29345e3 height_medium width_custom\" style=\"--site-content-width:1320px;\"><div class=\"l-section-h i-cf\"><div class=\"g-cols vc_row via_grid cols_1 laptops-cols_inherit tablets-cols_inherit mobiles-cols_1 valign_top type_default stacking_default\"><div class=\"wpb_column vc_column_container\"><div class=\"vc_column-inner\"><nav class=\"g-breadcrumbs us_custom_fdcab3db separator_icon align_none hide_current\" itemscope itemtype=\"http:\/\/schema.org\/BreadcrumbList\"><div class=\"g-breadcrumbs-item\" itemscope itemprop=\"itemListElement\" itemtype=\"http:\/\/schema.org\/ListItem\"><a itemprop=\"item\" href=\"https:\/\/beditom.pl\/no\/\"><span itemprop=\"name\">HJEM-prosjektet<\/span><\/a><meta itemprop=\"position\" content=\"1\"\/><\/div><div class=\"g-breadcrumbs-separator\"><i class=\"far fa-angle-right\"><\/i><\/div><div class=\"g-breadcrumbs-item\">Sider<\/div><\/nav><\/div><\/div><\/div><\/div><\/section>\n<section class=\"l-section wpb_row height_medium width_custom\" style=\"--site-content-width:1320px;\"><div class=\"l-section-h i-cf\"><div class=\"g-cols vc_row via_grid cols_1 laptops-cols_inherit tablets-cols_inherit mobiles-cols_1 valign_top type_default stacking_default\"><div class=\"wpb_column vc_column_container\"><div class=\"vc_column-inner\"><div class=\"w-tabs style_default switch_click accordion has_scrolling\" style=\"--sections-title-size:inherit\"><div class=\"w-tabs-sections titles-align_none icon_chevron cpos_right\"><div class=\"w-tabs-section has_text_color active\" id=\"n260\"><button class=\"w-tabs-section-header active\" aria-controls=\"content-n260\" aria-expanded=\"true\"><div class=\"w-tabs-section-title\">Vet du hva?<\/div><div class=\"w-tabs-section-control\"><\/div><\/button><div  class=\"w-tabs-section-content us_custom_df5f4c97\" id=\"content-n260\"><div class=\"w-tabs-section-content-h i-cf\"><div class=\"wpb_text_column\"><div class=\"wpb_wrapper\"><ul>\n<li>Garasjed\u00f8ren tar opptil 40% av fasaden av en boligbygning og er en av hovedelementene som former arkitekturen i ditt hjem.<\/li>\n<li>En seksjonsd\u00f8r er det st\u00f8rste bevegelige strukturelle elementet i hjemmet ditt.<\/li>\n<li>En riktig valgt garasjeport, sammen med automatisering og et passende intelligent kontrollsystem, gir mulighet for betydelige energibesparelser.<\/li>\n<li>Regelmessige inspeksjoner \u00f8ker levetiden til d\u00f8rer og har en positiv innvirkning p\u00e5 milj\u00f8et.<\/li>\n<li>Den estimerte levetiden til BEDITOM garasjeporter overstiger 25 \u00e5r.<\/li>\n<\/ul>\n<\/div><\/div><\/div><\/div><\/div><div class=\"w-tabs-section has_text_color\" id=\"a48d\"><button class=\"w-tabs-section-header\" aria-controls=\"content-a48d\" aria-expanded=\"false\"><div class=\"w-tabs-section-title\">Hvilken d\u00f8r b\u00f8r du velge - tilt-and-sving, swing-and-sving eller seksjonal?<\/div><div class=\"w-tabs-section-control\"><\/div><\/button><div  class=\"w-tabs-section-content us_custom_df5f4c97\" id=\"content-a48d\"><div class=\"w-tabs-section-content-h i-cf\"><div class=\"wpb_text_column\"><div class=\"wpb_wrapper\"><ul>\n<li>D\u00d8RER <strong>dobbeltb\u00f8ller svingende <\/strong>Bargareport er en l\u00f8sning tradisjonell. For denne \u00f8men er det det \u00e5 n\u00f8dvendig dem (beskjer, l\u00e5g,) mot ukontroller utenkende\/, f.eks. p\u00e5 grunn av av vindkast. fornel Parkering det \u00e5 skade en opprettholde en st\u00f8rre bredde p\u00e5 vegen, ingen noen n\u00f8dvendig ganger \u00e5 planlegge \u00e5 enger gir oppkj\u00f8rsel.<\/li>\n<li>D\u00d8RER <strong>en vipped\u00f8r<\/strong> slitt plass mindre til \u00e5 jobb den en for end sving. Menn p\u00e5 grunn av sin design, fort forholds det det ledig plass for \u00e5 \u00e5 \u00e5 d\u00f8ren \u00e5pne seg ut fullt. Videre er opp-og-over ofte meg og isolerte seg til \u00e5 lufte s\u00f8rger. Som svinger, er disse plagg i eller kald moderat klima, spesielt over, vinter selv en mengde av akkumulerer sn\u00f8re, formen for \u00e5 v\u00e6re moderat klimaklimask, for\u00e5rsaker n\u00e5r du \u00e5pner \u00e5 pr\u00f8ver.<\/li>\n<li>D\u00d8RER <strong>en seksjonsd\u00f8r<\/strong> er den beste Bygg. Bygg. N\u00e5r brukeren Nd, kan du parkere din bilen din rett forn, d\u00f8ren forgader seksjonsbordett bevegelskjeftet seg vertikal \u00e5pning i oppover dekker, og juster seg med med horisontal guide under Design og tekniske l\u00f8sninger p\u00e5 v\u00e5rejen BEDITOM-d\u00f8rsyker perfekt balansert, en som p\u00e5 bekte bite lye kraft er sv\u00e6rt for n\u00f8dvendig \u00e5 \u00e5pne og dem, og denete-automatisert engasjert gir full for. Et-utl\u00f8stet av guider, panelmiddelstrakt med 40 eller 60 mm polyure-tykn\u00f8lsyre-s\u00f8lromer, og et satt inn med smeltende seksjonsinnretninger p\u00e5 serandersytrerterm\u00f8rfjernersnors isolasjon (Varm House, Passive House, etc.), og bredt og et av av avr den estetisk effekte.<\/li>\n<\/ul>\n<\/div><\/div><\/div><\/div><\/div><div class=\"w-tabs-section has_text_color\" id=\"a674\"><button class=\"w-tabs-section-header\" aria-controls=\"content-a674\" aria-expanded=\"false\"><div class=\"w-tabs-section-title\">Hva slags fj\u00e6rer b\u00f8r d\u00f8ren min ha - torsjon eller forlengelse?<\/div><div class=\"w-tabs-section-control\"><\/div><\/button><div  class=\"w-tabs-section-content us_custom_df5f4c97\" id=\"content-a674\"><div class=\"w-tabs-section-content-h i-cf\"><div class=\"wpb_text_column\"><div class=\"wpb_wrapper\"><p>W bramach segmentowych mo\u017cna zastosowa\u0107 dwa podstawowe typy wywa\u017cenia bram<span style=\"text-decoration: line-through;\">y<\/span> basert p\u00e5 torsjonsfj\u00e6rer eller strekkfj\u00e6rer. Torsjonsfj\u00e6rer er montert p\u00e5 en aksel og, avhengig av installasjonsforholdene, installert rett over d\u00f8ren i overliggeren eller bak de horisontale skinnene under taket (s\u00e5kalt lave skinner). Trekkfj\u00e6rer er igjen, uavhengig av installasjonsforholdene, alltid plassert i de vertikale skinnene, p\u00e5 venstre og h\u00f8yre side av portbladet.<\/p>\n<p>Begge balanseringssystemene er utformet slik at brukeren enkelt kan \u00e5pne BEDITOM-d\u00f8rer manuelt, uten un\u00f8dvendig anstrengelse. I tillegg er begge fj\u00e6rpakkene utformet for sikkerhet, noe som betyr at hvis en av fj\u00e6rene ryker, vil ikke d\u00f8ren plutselig falle eller vippe.<\/p>\n<\/div><\/div><\/div><\/div><\/div><div class=\"w-tabs-section has_text_color\" id=\"z864\"><button class=\"w-tabs-section-header\" aria-controls=\"content-z864\" aria-expanded=\"false\"><div class=\"w-tabs-section-title\">Hvor mye fritt overligger trenger en BEDITOM leddport?<\/div><div class=\"w-tabs-section-control\"><\/div><\/button><div  class=\"w-tabs-section-content us_custom_df5f4c97\" id=\"content-z864\"><div class=\"w-tabs-section-content-h i-cf\"><div class=\"wpb_text_column\"><div class=\"wpb_wrapper\"><div class=\"elementor-accordion-item\">\n<div id=\"elementor-tab-content-17012\" class=\"elementor-tab-content elementor-clearfix elementor-active\" role=\"region\" data-tab=\"12\" aria-labelledby=\"elementor-tab-title-17012\">\n<p>BEDITOM-d\u00f8rer tilbyr en rekke skinnel\u00f8sninger for leddporter. Standard takh\u00f8yde p\u00e5 200 mm er n\u00f8dvendig. I denne varianten er torsjonsfj\u00e6rer montert p\u00e5 overliggeren, noe som muliggj\u00f8r enkel installasjon av en passende elektrisk motor. Om n\u00f8dvendig kan vi ogs\u00e5 produsere d\u00f8rer med et lavere takh\u00f8ydesystem, ned til 115 mm, samtidig som vi fortsatt tillater installasjon av en elektrisk motor for \u00e5 \u00e5pne og lukke d\u00f8ren.<\/p>\n<\/div>\n<\/div>\n<div class=\"elementor-accordion-item\"><\/div>\n<\/div><\/div><\/div><\/div><\/div><div class=\"w-tabs-section has_text_color\" id=\"ea4b\"><button class=\"w-tabs-section-header\" aria-controls=\"content-ea4b\" aria-expanded=\"false\"><div class=\"w-tabs-section-title\">Hvor stor b\u00f8r en garasjeport v\u00e6re?<\/div><div class=\"w-tabs-section-control\"><\/div><\/button><div  class=\"w-tabs-section-content us_custom_df5f4c97\" id=\"content-ea4b\"><div class=\"w-tabs-section-content-h i-cf\"><div class=\"wpb_text_column\"><div class=\"wpb_wrapper\"><p>For enbilsgarasjer og de fleste personbiler er en d\u00f8rbredde p\u00e5 2500 mm tilstrekkelig. For doble garasjer hvor biler er parkert ved siden av hverandre, anbefaler vi d\u00f8rer med en bredde p\u00e5 4800-5000 mm, avhengig av type og forventet st\u00f8rrelse p\u00e5 kj\u00f8ret\u00f8yene dine.<\/p>\n<p>For en standard personbil er den anbefalte \u00e5pningsh\u00f8yden 2125 mm. Hvis du har en off-road kj\u00f8ret\u00f8y, minivan, eller en bil med lignende h\u00f8yde, anbefaler vi \u00e5 lage en d\u00f8r med en klar \u00e5pningsh\u00f8yde p\u00e5 minst 2250 mm. For de fleste leveringskj\u00f8ret\u00f8y b\u00f8r inngangsh\u00f8yden i klar \u00e5pning v\u00e6re minst 2500 mm. La oss ogs\u00e5 huske at bilmodellene som produseres blir st\u00f8rre over tid. Hvis du bestemmer deg for \u00e5 bygge en garasje eller erstatte d\u00f8ren, m\u00e5 du ta hensyn til at BEDITOM-d\u00f8ren vil vare mye lenger enn gjennomsnittlig levetid for et kj\u00f8ret\u00f8y.<\/p>\n<\/div><\/div><\/div><\/div><\/div><div class=\"w-tabs-section has_text_color\" id=\"qc26\"><button class=\"w-tabs-section-header\" aria-controls=\"content-qc26\" aria-expanded=\"false\"><div class=\"w-tabs-section-title\">Kan jeg matche fargen p\u00e5 beditom-d\u00f8ren til vinduene og d\u00f8rene i huset mitt?<\/div><div class=\"w-tabs-section-control\"><\/div><\/button><div  class=\"w-tabs-section-content us_custom_df5f4c97\" id=\"content-qc26\"><div class=\"w-tabs-section-content-h i-cf\"><div class=\"wpb_text_column\"><div class=\"wpb_wrapper\"><p>V\u00e5rt tilbud inkluderer produkter perfekt tilpasset i farger til WIK\u0118D d\u00f8rer og vinduer. Hvis du har tre eller fin\u00e9ret snekkeri fra en annen produsent, vil v\u00e5rt omfattende utvalg av m\u00f8nstre sannsynligvis gj\u00f8re det mulig for deg \u00e5 velge den perfekte innredningen som oppfyller dine forventninger.<\/p>\n<p>Hvis du trenger \u00e5 matche fargevalget til dine individuelle behov, kan vi male d\u00f8rbladet i v\u00e5rt malekammer i hvilken som helst RAL-farge, ved hjelp av maling fra anerkjente produsenter, samtidig som vi opprettholder strenge teknologiske og \u00f8kologiske forhold. BEDITOM-d\u00f8rer er dekket med anti-korrosjonsbelegg, inkludert galvanisert metallplate og minst to lag med maling av forskjellige farger og grader av matt finish.<\/p>\n<\/div><\/div><\/div><\/div><\/div><div class=\"w-tabs-section has_text_color\" id=\"me21\"><button class=\"w-tabs-section-header\" aria-controls=\"content-me21\" aria-expanded=\"false\"><div class=\"w-tabs-section-title\">Hvilken kraft i elektrisk drift kreves for BEDITOM-d\u00f8ren?<\/div><div class=\"w-tabs-section-control\"><\/div><\/button><div  class=\"w-tabs-section-content us_custom_df5f4c97\" id=\"content-me21\"><div class=\"w-tabs-section-content-h i-cf\"><div class=\"wpb_text_column\"><div class=\"wpb_wrapper\"><div class=\"elementor-accordion-item\">\n<div id=\"elementor-tab-content-17013\" class=\"elementor-tab-content elementor-clearfix elementor-active\" role=\"region\" data-tab=\"13\" aria-labelledby=\"elementor-tab-title-17013\">\n<p>Drivkraften er valgt basert p\u00e5 d\u00f8rst\u00f8rrelsen og typen guider. Fordi BEDITOM seksjonsd\u00f8rer er n\u00f8yaktig balansert, er kraften som kreves for \u00e5 \u00e5pne dem 2-4 kg (kraften som trengs for \u00e5 \u00e5pne d\u00f8ren uanstrengt med en h\u00e5nd). Derfor kan v\u00e5re d\u00f8rer utstyres med en elektrisk stasjon fra enhver produsent, i samsvar med deres retningslinjer for d\u00f8rdimensjonene. BEDITOM anbefaler stasjoner og utstyr fra den amerikanske produsenten LIFTMASTER for garasjeporter, og fra den tyske produsenten GFA for industrid\u00f8rer. Begge selskapene, med mange \u00e5rs erfaring, er markedsledere og garanterer kvaliteten p\u00e5 produktene som tilbys. Drivene de produserer er preget av h\u00f8y p\u00e5litelighet og kvalitet, samt tilpasning av rekkevidde og tilbeh\u00f8r til det europeiske markedet (de oppfyller EU-standarder og har de riktige sertifikatene).<\/p>\n<\/div>\n<\/div>\n<div class=\"elementor-accordion-item\"><\/div>\n<\/div><\/div><\/div><\/div><\/div><div class=\"w-tabs-section has_text_color\" id=\"ofe7\"><button class=\"w-tabs-section-header\" aria-controls=\"content-ofe7\" aria-expanded=\"false\"><div class=\"w-tabs-section-title\">Hvis jeg installerer BEDITOM-d\u00f8ren, vil jeg st\u00f8te p\u00e5 eventuelle problemer med \u00e5 skaffe det n\u00f8dvendige energisertifikatet for bygningen?<\/div><div class=\"w-tabs-section-control\"><\/div><\/button><div  class=\"w-tabs-section-content us_custom_df5f4c97\" id=\"content-ofe7\"><div class=\"w-tabs-section-content-h i-cf\"><div class=\"wpb_text_column\"><div class=\"wpb_wrapper\"><p>BEDITOM-d\u00f8rer oppfyller kriteriene for \"Clean Air\" -programmet. H\u00f8y isolasjon av segmentene, tette forbindelser mellom segmentene, og riktig utformet tetningselementer for hele d\u00f8ren, sikrer ikke bare problemfri sertifisering, men ogs\u00e5 sikre riktig energieffektivitet i bygningen. Varmeoverf\u00f8ringskoeffisienten for de fleste av v\u00e5re faste d\u00f8rer er mellom 1,1 og 1,3 W\/m2K.<\/p>\n<\/div><\/div><\/div><\/div><\/div><div class=\"w-tabs-section has_text_color\" id=\"a1bb\"><button class=\"w-tabs-section-header\" aria-controls=\"content-a1bb\" aria-expanded=\"false\"><div class=\"w-tabs-section-title\">Hvordan \u00e5 bestille en d\u00f8r?<\/div><div class=\"w-tabs-section-control\"><\/div><\/button><div  class=\"w-tabs-section-content us_custom_df5f4c97\" id=\"content-a1bb\"><div class=\"w-tabs-section-content-h i-cf\"><div class=\"wpb_text_column\"><div class=\"wpb_wrapper\"><p>Vennligst send oss et utfylt foresp\u00f8rselsskjema om d\u00f8rmodellen du er interessert i. Det er alt! V\u00e5r medarbeider vil kontakte deg, diskutere tekniske detaljer, hjelpe deg med \u00e5 velge riktig produkt og gi deg r\u00e5d om de beste l\u00f8sningene for deg.<\/p>\n<p>Gjennomsnittlig leveringstid for typiske bestillinger er  10 til 15 virkedager fra datoen for \u00e5 signere bestillingen.<\/p>\n<\/div><\/div><\/div><\/div><\/div><div class=\"w-tabs-section has_text_color\" id=\"e38c\"><button class=\"w-tabs-section-header\" aria-controls=\"content-e38c\" aria-expanded=\"false\"><div class=\"w-tabs-section-title\">N\u00e5r kan du dra nytte av 8% momssats?<\/div><div class=\"w-tabs-section-control\"><\/div><\/button><div  class=\"w-tabs-section-content us_custom_df5f4c97\" id=\"content-e38c\"><div class=\"w-tabs-section-content-h i-cf\"><div class=\"wpb_text_column\"><div class=\"wpb_wrapper\"><p>I tilfelle av boligbygging, er garasjen bare plassert i kroppen av boligbygningen. 8 % momssats p\u00e5 8 prosent gjelder for levering av et produkt med en monteringstjeneste \u2013 dette gjelder ogs\u00e5 automatiske d\u00f8rer (utstyrt med en elektrisk stasjon). 8% MVA-satsen inkluderer ikke automatisering for inngangsd\u00f8rer til eiendommen.<br \/> <i>For Polen, sjekk ut offentlige fasiliteter og programmer for innbyggere i landet ditt.<\/i><\/p>\n<\/div><\/div><\/div><\/div><\/div><div class=\"w-tabs-section has_text_color\" id=\"m57d\"><button class=\"w-tabs-section-header\" aria-controls=\"content-m57d\" aria-expanded=\"false\"><div class=\"w-tabs-section-title\">Hvor mye koster det \u00e5 installere en garasjeport?<\/div><div class=\"w-tabs-section-control\"><\/div><\/button><div  class=\"w-tabs-section-content us_custom_df5f4c97\" id=\"content-m57d\"><div class=\"w-tabs-section-content-h i-cf\"><div class=\"wpb_text_column\"><div class=\"wpb_wrapper\"><p>De grunnleggende faktorene som p\u00e5virker fastsettelsen av kostnader er:<\/p>\n<ul>\n<li>st\u00f8rrelse og modell av garasjeporten,<\/li>\n<li>type stasjon som brukes,<\/li>\n<li>utstyre d\u00f8ren med ekstra tilbeh\u00f8r,<\/li>\n<li>L\u00f8nnskostnader knyttet til monteringstjenesten (avhengig av byggeforhold).<\/li>\n<\/ul>\n<p>All n\u00f8dvendig informasjon vil bli gitt til deg av BEDITOM kundeservicepersonalet etter en detaljert analyse av dine behov ang\u00e5ende kj\u00f8p av produktet og tjenesten relatert til installasjon.<\/p>\n<\/div><\/div><\/div><\/div><\/div><div class=\"w-tabs-section has_text_color\" id=\"x775\"><button class=\"w-tabs-section-header\" aria-controls=\"content-x775\" aria-expanded=\"false\"><div class=\"w-tabs-section-title\">Hvor kan man kj\u00f8pe en BedITOM-d\u00f8r?<\/div><div class=\"w-tabs-section-control\"><\/div><\/button><div  class=\"w-tabs-section-content us_custom_df5f4c97\" id=\"content-x775\"><div class=\"w-tabs-section-content-h i-cf\"><div class=\"wpb_text_column\"><div class=\"wpb_wrapper\"><div class=\"elementor-accordion-item\">\n<div id=\"elementor-tab-content-17019\" class=\"elementor-tab-content elementor-clearfix elementor-active\" role=\"region\" data-tab=\"19\" aria-labelledby=\"elementor-tab-title-17019\">\n<p>BEDITOM har et eventyr av ingunderslag i hele Polen. For mer informasjon,vennligst bes\u00f8k <a href=\"https:\/\/beditom.pl\/no\/gdzie-kupic\/\">https:\/\/beditom.pl\/gdzie-kupic\/<\/a>\u00a0 eller kontakt v\u00e5r kundeserviceavdeling <a href=\"https:\/\/beditom.pl\/no\/kontakt\/\">https:\/\/beditom.pl\/kontakt\/<\/a> , hvor vi vil gi deg detaljert informasjon.<\/p>\n<\/div>\n<\/div>\n<div class=\"elementor-accordion-item\"><\/div>\n<\/div><\/div><\/div><\/div><\/div><div class=\"w-tabs-section has_text_color\" id=\"n969\"><button class=\"w-tabs-section-header\" aria-controls=\"content-n969\" aria-expanded=\"false\"><div class=\"w-tabs-section-title\">Kan jeg installere BEDITOM-dermen selv?<\/div><div class=\"w-tabs-section-control\"><\/div><\/button><div  class=\"w-tabs-section-content us_custom_df5f4c97\" id=\"content-n969\"><div class=\"w-tabs-section-content-h i-cf\"><div class=\"wpb_text_column\"><div class=\"wpb_wrapper\"><div class=\"elementor-accordion-item\">\n<div id=\"elementor-tab-content-17016\" class=\"elementor-tab-content elementor-clearfix elementor-active\" role=\"region\" data-tab=\"16\" aria-labelledby=\"elementor-tab-title-17016\">\n<p>P\u00e5 grunn av l\u00f8sningene som brukes, er installasjon av BEDITOM seksjonsd\u00f8rer brukervennlig for et spesialisert monteringsteam. P\u00e5 grunn av den store st\u00f8rrelsen p\u00e5 d\u00f8ren og den n\u00f8dvendige presisjonen av installasjonen, anbefaler vi at et profesjonelt og trent monteringsteam utf\u00f8rer installasjonen. Installasjonen av noen elementer i en seksjonsd\u00f8r krever spesialiserte verkt\u00f8y (f.eks. installasjon og justering av torsjonsfj\u00e6rer). Kvalitetsinstallasjon er n\u00f8kkelen til problemfri og komfortabel drift av d\u00f8ren i mange \u00e5r. Feil installasjon vil resultere i ulemper ved daglig bruk og i ekstreme tilfeller hyppige sammenbrudd.<\/p>\n<p>I tilfelle av garasjeporter, installasjon tar vanligvis fra 2 til 4 timer avhengig av forholdene p\u00e5 installasjonsstedet, for eksempel: energitilgjengelighet, tilstand av garasje\u00e5pning, gulvforberedelse, etc. Installasjonstiden vil ogs\u00e5 avhenge av st\u00f8rrelsen p\u00e5 d\u00f8ren og antall ekstra utstyrsdeler (stasjon, fotoceller og ekstra sikkerhet). Etter installasjon kontrolleres riktig drift, og alle typer sikkerhetsenheter som beskytter mot ulykker, kontrolleres. P\u00e5 dette stadiet er installasjonsteamet p\u00e5lagt \u00e5 kontakte investoren\/brukeren og gi dem korte bruksanvisninger, sammen med relevant dokumentasjon. Det endelige elementet er signeringen av en bilateral akseptprotokoll. Fra dette \u00f8yeblikket er d\u00f8ren godkjent for bruk og dekket av garantien.<\/p>\n<\/div>\n<\/div>\n<\/div><\/div><\/div><\/div><\/div><div class=\"w-tabs-section has_text_color\" id=\"mb4a\"><button class=\"w-tabs-section-header\" aria-controls=\"content-mb4a\" aria-expanded=\"false\"><div class=\"w-tabs-section-title\">Er bygging og maskinvare av alle seksjonelle garasjeporter samme?<\/div><div class=\"w-tabs-section-control\"><\/div><\/button><div  class=\"w-tabs-section-content us_custom_df5f4c97\" id=\"content-mb4a\"><div class=\"w-tabs-section-content-h i-cf\"><div class=\"wpb_text_column\"><div class=\"wpb_wrapper\"><p>Det finnes mange produsenter av seksjonsd\u00f8rer. Kvaliteten p\u00e5 produktet og dets pris avhenger av kvaliteten p\u00e5 materialer, tilbeh\u00f8r og automatisering som brukes.<\/p>\n<p>BEDITOM har produsent seksjon avd\u00f8rs mer i ti\u00e5r. seg selv som daglig bruk, v\u00e5r har vi utviklet av moderne l\u00f8sninger som fjernet delys. Vi samarbeidspartner med medlemskompetisjonsbaserte, infrastrukturanleggstilbeh\u00f8rsmarkedet. Vi er klar over p\u00e5 konementer som brukes noen bruker har en avgj\u00f8rende p\u00e5 den langsiktig og feilfri drift drift av v\u00e5re-produkter. Vis inng\u00e5else p\u00e5 kvalitet i. Vi er en av europener deee, med ledende p\u00e5 fokus-sikkerh\u00e5ndsh\u00e5nds og for produkter. Du kan l\u00e6re mer v\u00e5r p\u00e5: <a href=\"https:\/\/beditom.pl\/no\/o-firmie\/\">https:\/\/beditom.pl\/o-firmie\/<\/a>.<\/p>\n<\/div><\/div><\/div><\/div><\/div><div class=\"w-tabs-section has_text_color\" id=\"id37\"><button class=\"w-tabs-section-header\" aria-controls=\"content-id37\" aria-expanded=\"false\"><div class=\"w-tabs-section-title\">Hvordan skal jeg opprettholde og ta vare p\u00e5 min nye BEDITOM-d\u00f8r?<\/div><div class=\"w-tabs-section-control\"><\/div><\/button><div  class=\"w-tabs-section-content us_custom_df5f4c97\" id=\"content-id37\"><div class=\"w-tabs-section-content-h i-cf\"><div class=\"wpb_text_column\"><div class=\"wpb_wrapper\"><p>BEDITOM-d\u00f8rer krever ingen spesiell oppmerksomhet fra brukeren. Normalt vedlikehold er tilstrekkelig, inkludert \u00e5 holde d\u00f8rsegmentene rene og sikre at de mekaniske komponentene er fri for smuss og vedlikeholdt med passende beskyttelsesmidler. Friksjonselementer b\u00f8r sm\u00f8res for \u00e5 sikre jevn drift, noe som vil sikre mange \u00e5r med problemfri levetid.<\/p>\n<p>P\u00e5 grunn av den typiske byggesyklusen og mange \u00e5rs erfaring i produksjon og installasjon av seksjonsd\u00f8rer, anbefaler vi en garantiinspeksjon etter det f\u00f8rste drifts\u00e5ret. Vi er klar over at under byggingen er d\u00f8rer utsatt for spesielt vanskelige arbeidsforhold i et milj\u00f8 som er sv\u00e6rt ugunstig for mekaniske elementer (sementst\u00f8v, plastering, fyllstoff, gulv, etc.).<\/p>\n<p>Etter fullf\u00f8ring av byggearbeid anbefales profesjonell service, inkludert justering av d\u00f8ren, med tanke p\u00e5 den faktiske, n\u00e5v\u00e6rende tilstanden til produktet p\u00e5 installasjonsstedet, etter alle potensielle endringer (f.eks. endring i gulvh\u00f8yde p\u00e5 grunn av installasjon av terracotta fliser). Det er ogs\u00e5 n\u00f8dvendig \u00e5 sjekke d\u00f8rbalansen og effektiviteten av eventuelle mekaniske og elektriske beskyttelsesinnretninger som ikke er designet for \u00e5 fungere under st\u00f8vete forhold (f.eks. ved p\u00e5f\u00f8ring av gips).<\/p>\n<p>Den h\u00f8ye kvaliteten p\u00e5 produktet og de tekniske l\u00f8sningene som er vedtatt for seksjonsd\u00f8rer, betyr at enhver uaktsomhet i ovennevnte omfang vil ha innvirkning p\u00e5 holdbarheten og komforten av bruk av d\u00f8ren i de f\u00f8lgende drifts\u00e5rene.<\/p>\n<\/div><\/div><\/div><\/div><\/div><\/div><\/div><\/div><\/div><\/div><\/div><\/section>","protected":false},"excerpt":{"rendered":"DLA DOMUWarto wiedzie\u0107 o bramach gara\u017cowych Strona g\u0142\u00f3wnaSider Czy wiesz \u017ce? Brama gara\u017cowa zajmuje do 40% powierzchni elewacji frontowej budynku mieszkalnego i jest jednym z g\u0142\u00f3wnych element\u00f3w kszta\u0142tuj\u0105cych architektur\u0119 Twojego domu. Brama segmentowa jest najwi\u0119kszym ruchomym elementem konstrukcyjnym Twojego domu. Odpowiednio dobrana brama gara\u017cowa wraz z automatyk\u0105 i odpowiednim inteligentnym systemem sterowania pozwala zaoszcz\u0119dzi\u0107 znaczne...","protected":false},"author":1,"featured_media":599,"parent":1926,"menu_order":0,"comment_status":"closed","ping_status":"closed","template":"","meta":{"_acf_changed":false,"footnotes":""},"class_list":["post-1340","page","type-page","status-publish","has-post-thumbnail","hentry"],"acf":[],"_links":{"self":[{"href":"https:\/\/beditom.pl\/no\/wp-json\/wp\/v2\/pages\/1340","targetHints":{"allow":["GET"]}}],"collection":[{"href":"https:\/\/beditom.pl\/no\/wp-json\/wp\/v2\/pages"}],"about":[{"href":"https:\/\/beditom.pl\/no\/wp-json\/wp\/v2\/types\/page"}],"author":[{"embeddable":true,"href":"https:\/\/beditom.pl\/no\/wp-json\/wp\/v2\/users\/1"}],"replies":[{"embeddable":true,"href":"https:\/\/beditom.pl\/no\/wp-json\/wp\/v2\/comments?post=1340"}],"version-history":[{"count":24,"href":"https:\/\/beditom.pl\/no\/wp-json\/wp\/v2\/pages\/1340\/revisions"}],"predecessor-version":[{"id":4784,"href":"https:\/\/beditom.pl\/no\/wp-json\/wp\/v2\/pages\/1340\/revisions\/4784"}],"up":[{"embeddable":true,"href":"https:\/\/beditom.pl\/no\/wp-json\/wp\/v2\/pages\/1926"}],"wp:featuredmedia":[{"embeddable":true,"href":"https:\/\/beditom.pl\/no\/wp-json\/wp\/v2\/media\/599"}],"wp:attachment":[{"href":"https:\/\/beditom.pl\/no\/wp-json\/wp\/v2\/media?parent=1340"}],"curies":[{"name":"wp","href":"https:\/\/api.w.org\/{rel}","templated":true}]}}