{"id":1334,"date":"2024-03-31T17:40:56","date_gmt":"2024-03-31T17:40:56","guid":{"rendered":"https:\/\/beditom.pl\/?page_id=1334"},"modified":"2024-12-09T14:10:09","modified_gmt":"2024-12-09T14:10:09","slug":"dlaczego-beditom","status":"publish","type":"page","link":"https:\/\/beditom.pl\/no\/dla-domu\/dlaczego-beditom\/","title":{"rendered":"HVORFOR BEDITOM?"},"content":{"rendered":"<section class=\"l-section wpb_row height_medium width_custom color_primary\" style=\"--site-content-width:1320px;\"><div class=\"l-section-h i-cf\"><div class=\"g-cols vc_row via_grid cols_1-4-1 laptops-cols_inherit tablets-cols_inherit mobiles-cols_1 valign_top type_default stacking_default\"><div class=\"wpb_column vc_column_container\"><div class=\"vc_column-inner\"><\/div><\/div><div class=\"wpb_column vc_column_container\"><div class=\"vc_column-inner\"><div class=\"w-html us_custom_b011e678 has_text_color\"><h1 class=\"us_custom_b011e678\">Hvorfor BEDITOM?\n<\/h1><\/div><\/div><\/div><div class=\"wpb_column vc_column_container\"><div class=\"vc_column-inner\"><\/div><\/div><\/div><\/div><\/section><section class=\"l-section wpb_row height_auto\"><div class=\"l-section-h i-cf\"><div class=\"g-cols vc_row via_grid cols_1 laptops-cols_inherit tablets-cols_inherit mobiles-cols_1 valign_top type_default stacking_default\"><div class=\"wpb_column vc_column_container\"><div class=\"vc_column-inner\"><\/div><\/div><\/div><\/div><\/section><section class=\"l-section wpb_row us_custom_eb849559 height_small\"><div class=\"l-section-h i-cf\"><div class=\"g-cols vc_row via_grid cols_1 laptops-cols_inherit tablets-cols_inherit mobiles-cols_1 valign_top type_default stacking_default\"><div class=\"wpb_column vc_column_container\"><div class=\"vc_column-inner\"><div class=\"w-separator size_medium\"><\/div><div class=\"g-cols wpb_row via_grid cols_3 laptops-cols_3 tablets-cols_inherit mobiles-cols_1 valign_top type_default stacking_default\" style=\"--columns-gap:3rem;\"><div class=\"wpb_column vc_column_container us_custom_38bb2da8\"><div class=\"vc_column-overlay\" style=\"background:var(--color-chrome-toolbar)\"><\/div><div class=\"vc_column-inner\"><div class=\"w-vwrapper us_custom_8b3d6790 has_text_color align_center valign_top\"><div class=\"wpb_text_column us_custom_adf5e1d0 has_text_color us_animate_this\"><div class=\"wpb_wrapper\"><p class=\"wp-block-heading\" style=\"text-align: center;\">1<\/p>\n<\/div><\/div><div class=\"wpb_text_column us_custom_a296b92a has_text_color\"><div class=\"wpb_wrapper\"><p data-pm-slice=\"1 1 &#091;&quot;bulletList&quot;,null,&quot;listItem&quot;,null&#093;\">Bevist kvalitet<\/p>\n<\/div><\/div><\/div><div class=\"w-separator size_small\"><\/div><div class=\"wpb_text_column\"><div class=\"wpb_wrapper\"><p>Bekreftet av sertifikater fra uavhengige institusjoner. Produksjonen av Beditom-d\u00f8rer utf\u00f8res ved hjelp av DNV ISO 9001 kvalitetsstyringssystemer og overholder de h\u00f8yeste europeiske og globale standardene. Takket v\u00e6re dette gir vi langsiktige garantier p\u00e5 v\u00e5re produkter.<\/p>\n<\/div><\/div><div class=\"w-separator size_medium\"><\/div><\/div><\/div><div class=\"wpb_column vc_column_container us_custom_7ebc4029 has_bg_color\"><div class=\"vc_column-inner\"><div class=\"w-vwrapper us_custom_8b3d6790 has_text_color align_center valign_top\"><div class=\"wpb_text_column us_custom_adf5e1d0 has_text_color us_animate_this\"><div class=\"wpb_wrapper\"><p class=\"wp-block-heading\" style=\"text-align: center;\">2<\/p>\n<\/div><\/div><div class=\"wpb_text_column us_custom_a296b92a has_text_color\"><div class=\"wpb_wrapper\"><p data-pm-slice=\"1 1 &#091;&quot;bulletList&quot;,null,&quot;listItem&quot;,null&#093;\">30 \u00e5rs erfaring<\/p>\n<\/div><\/div><\/div><div class=\"w-separator size_small\"><\/div><div class=\"wpb_text_column\"><div class=\"wpb_wrapper\"><p>Beditom har den st\u00f8rste erfaring og tradisjon i salg og produksjon av seksjonsd\u00f8rer i Polen. V\u00e5re h\u00f8yt kvalifiserte spesialister tar hensyn til alle detaljer og jobber kontinuerlig med innovative tekniske l\u00f8sninger.<\/p>\n<\/div><\/div><div class=\"w-separator size_medium\"><\/div><\/div><\/div><div class=\"wpb_column vc_column_container us_custom_4a708eea has_bg_color\"><div class=\"vc_column-inner\"><h4 class=\"w-text us_custom_a2f79c23\"><span class=\"w-text-h\"><span class=\"w-text-value\">Svar p\u00e5r innen 24 timer<\/span><\/span><\/h4><div class=\"w-separator size_medium\"><\/div><div class=\"w-separator size_medium\"><\/div><div class=\"w-separator size_medium\"><\/div><div class=\"w-separator size_medium\"><\/div><div class=\"w-separator size_medium\"><\/div><\/div><\/div><\/div><\/div><\/div><\/div><\/div><\/section><section class=\"l-section wpb_row us_custom_eb849559 height_small\"><div class=\"l-section-h i-cf\"><div class=\"g-cols vc_row via_grid cols_1 laptops-cols_inherit tablets-cols_inherit mobiles-cols_1 valign_top type_default stacking_default\"><div class=\"wpb_column vc_column_container\"><div class=\"vc_column-inner\"><div class=\"g-cols wpb_row via_grid cols_3 laptops-cols_3 tablets-cols_inherit mobiles-cols_1 valign_top type_default stacking_default\" style=\"--columns-gap:3rem;\"><div class=\"wpb_column vc_column_container us_custom_7cb7d878 has_bg_color\"><div class=\"vc_column-inner\"><div class=\"w-vwrapper align_center valign_top\"><div class=\"wpb_text_column us_custom_adf5e1d0 has_text_color us_animate_this\"><div class=\"wpb_wrapper\"><p class=\"wp-block-heading\" style=\"text-align: center;\">3<\/p>\n<\/div><\/div><div class=\"wpb_text_column us_custom_a296b92a has_text_color\"><div class=\"wpb_wrapper\"><p data-pm-slice=\"1 1 &#091;&quot;bulletList&quot;,null,&quot;listItem&quot;,null&#093;\">Innovasjon og sikkerhet<\/p>\n<\/div><\/div><\/div><div class=\"w-separator size_small\"><\/div><div class=\"wpb_text_column\"><div class=\"wpb_wrapper\"><p>beskyttelse mot fj\u00e6rbrudd, kabelbrudd og fingerfangst, samt bruk av en lav terskel i serviced\u00f8ren, muliggj\u00f8r sikker drift av v\u00e5re d\u00f8rer gjennom hele levetiden.<\/p>\n<\/div><\/div><div class=\"w-separator size_medium\"><\/div><\/div><\/div><div class=\"wpb_column vc_column_container us_custom_508fa9a4 has_bg_color\"><div class=\"vc_column-inner\"><h4 class=\"w-text us_custom_a2f79c23\"><span class=\"w-text-h\"><span class=\"w-text-value\">L\u00d8SNINGER SKREDDERSYDD TIL BEHOV TIL ANLEGGET<\/span><\/span><\/h4><div class=\"w-separator size_large\"><\/div><div class=\"w-separator size_large\"><\/div><div class=\"w-separator size_large\"><\/div><\/div><\/div><div class=\"wpb_column vc_column_container us_custom_38bb2da8\"><div class=\"vc_column-overlay\" style=\"background:var(--color-chrome-toolbar)\"><\/div><div class=\"vc_column-inner\"><div class=\"w-vwrapper align_center valign_top\"><div class=\"wpb_text_column us_custom_adf5e1d0 has_text_color us_animate_this\"><div class=\"wpb_wrapper\"><p class=\"wp-block-heading\" style=\"text-align: center;\">4<\/p>\n<\/div><\/div><div class=\"wpb_text_column us_custom_a296b92a has_text_color\"><div class=\"wpb_wrapper\"><p class=\"wp-block-heading\">Energieffektivitet garantert<\/p>\n<\/div><\/div><\/div><div class=\"w-separator size_small\"><\/div><div class=\"wpb_text_column us_custom_eb849559\"><div class=\"wpb_wrapper\"><p>Beditom d\u00f8rer er laget av et 40 mm tykt panel fylt med flammehemmende polyuretanskum (CFC-fri) og er utstyrt med et system med slitesterke, fleksible og v\u00e6rbestandige forseglinger plassert rundt hele omkretsen av d\u00f8ren. Selene vi bruker beskytter ikke bare mot vind, regn og kulde, men ogs\u00e5, takket v\u00e6re bruken av en bred U-formet gulvforsegling, kompensere for mindre gulv uregelmessigheter.<\/p>\n<\/div><\/div><\/div><\/div><\/div><\/div><\/div><\/div><\/div><\/section><section class=\"l-section wpb_row height_small\"><div class=\"l-section-h i-cf\"><div class=\"g-cols vc_row via_grid cols_1 laptops-cols_inherit tablets-cols_inherit mobiles-cols_1 valign_top type_default stacking_default\"><div class=\"wpb_column vc_column_container\"><div class=\"vc_column-inner\"><div class=\"g-cols wpb_row via_grid cols_3 laptops-cols_3 tablets-cols_inherit mobiles-cols_1 valign_top type_default stacking_default\" style=\"--columns-gap:3rem;\"><div class=\"wpb_column vc_column_container us_custom_8108fcd0 has_bg_color\"><div class=\"vc_column-inner\"><h4 class=\"w-text us_custom_a2f79c23\"><span class=\"w-text-h\"><span class=\"w-text-value\"><small>SAMARBEID MED ANERKJENTE AUTOMATISERING-SLEVERAND\u00d8RER<\/small><\/span><\/span><\/h4><div class=\"w-separator size_small\"><\/div><div class=\"w-separator size_small\"><\/div><div class=\"w-separator size_small\"><\/div><div class=\"w-separator size_small\"><\/div><div class=\"w-separator size_small\"><\/div><div class=\"w-separator size_small\"><\/div><div class=\"w-separator size_small\"><\/div><div class=\"w-separator size_small\"><\/div><div class=\"w-separator size_small\"><\/div><\/div><\/div><div class=\"wpb_column vc_column_container us_custom_7ebc4029 has_bg_color\"><div class=\"vc_column-inner\"><div class=\"w-vwrapper align_center valign_top\"><div class=\"wpb_text_column us_custom_adf5e1d0 has_text_color us_animate_this\"><div class=\"wpb_wrapper\"><p class=\"wp-block-heading\" style=\"text-align: center;\">5<\/p>\n<\/div><\/div><div class=\"wpb_text_column us_custom_a296b92a has_text_color\"><div class=\"wpb_wrapper\"><p data-pm-slice=\"1 1 &#091;&quot;bulletList&quot;,null,&quot;listItem&quot;,null&#093;\">Tekniske r\u00e5d<\/p>\n<\/div><\/div><\/div><div class=\"w-separator size_small\"><\/div><div class=\"wpb_text_column\"><div class=\"wpb_wrapper\"><p>Sammenlignet med l\u00f8sninger som brukes av konkurrerende selskaper, spesielt der svingd\u00f8rer er gitt, tilbyr Beditom seksjonsd\u00f8rer en bredere passasje, noe som er spesielt viktig for kunder som eier moderne personbiler, off-road kj\u00f8ret\u00f8y eller varebiler.<\/p>\n<\/div><\/div><\/div><\/div><div class=\"wpb_column vc_column_container us_custom_7cb7d878 has_bg_color\"><div class=\"vc_column-inner\"><div class=\"w-vwrapper align_center valign_top\"><div class=\"wpb_text_column us_custom_adf5e1d0 has_text_color us_animate_this\"><div class=\"wpb_wrapper\"><p class=\"wp-block-heading\" style=\"text-align: center;\">6<\/p>\n<\/div><\/div><div class=\"wpb_text_column us_custom_a296b92a has_text_color\"><div class=\"wpb_wrapper\"><p class=\"wp-block-heading\">P\u00e5litelig operasjon<\/p>\n<\/div><\/div><\/div><div class=\"w-separator size_small\"><\/div><div class=\"wpb_text_column\"><div class=\"wpb_wrapper\"><p>Komfort fremfor alt - ved \u00e5 bruke verdensklasse og kjente stasjoner, \u00e5pner d\u00f8rene v\u00e5re automatisk og, takket v\u00e6re bruken av for eksempel Duo Rapido-stasjonen, som er preget av en \u00e5pningshastighet \u00f8kt med opptil 50% sammenlignet med konkurransedyktige l\u00f8sninger, gir raskere inngang til garasjen, noe som er spesielt viktig i omr\u00e5der med h\u00f8y trafikk.<\/p>\n<\/div><\/div><\/div><\/div><\/div><\/div><\/div><\/div><\/div><\/section><section class=\"l-section wpb_row height_small\"><div class=\"l-section-h i-cf\"><div class=\"g-cols vc_row via_grid cols_1 laptops-cols_inherit tablets-cols_inherit mobiles-cols_1 valign_top type_default stacking_default\"><div class=\"wpb_column vc_column_container\"><div class=\"vc_column-inner\"><div class=\"g-cols wpb_row via_grid cols_3 laptops-cols_3 tablets-cols_inherit mobiles-cols_1 valign_top type_default stacking_default\" style=\"--columns-gap:3rem;\"><div class=\"wpb_column vc_column_container us_custom_7cb7d878 has_bg_color\"><div class=\"vc_column-inner\"><div class=\"w-vwrapper align_center valign_top\"><div class=\"wpb_text_column us_custom_adf5e1d0 has_text_color us_animate_this\"><div class=\"wpb_wrapper\"><p class=\"wp-block-heading\" style=\"text-align: center;\">7<\/p>\n<\/div><\/div><div class=\"wpb_text_column us_custom_a296b92a has_text_color\"><div class=\"wpb_wrapper\"><p class=\"wp-block-heading\">Trygg garasje<\/p>\n<\/div><\/div><\/div><div class=\"w-separator size_small\"><\/div><div class=\"wpb_text_column\"><div class=\"wpb_wrapper\"><p>Sov tett. Beditom automatiske d\u00f8rer lar deg sove godt. Automatisk l\u00e5sing i f\u00f8ringen gir effektiv beskyttelse mot innbrudd, og holder d\u00f8rene sikre selv i tilfelle str\u00f8mbrudd.<\/p>\n<\/div><\/div><div class=\"w-separator size_medium\"><\/div><\/div><\/div><div class=\"wpb_column vc_column_container us_custom_dd0716b3 has_bg_color\"><div class=\"vc_column-inner\"><div class=\"w-vwrapper align_center valign_top\"><div class=\"wpb_text_column us_custom_adf5e1d0 has_text_color us_animate_this\"><div class=\"wpb_wrapper\"><p class=\"wp-block-heading\" style=\"text-align: center;\">8<\/p>\n<\/div><\/div><div class=\"wpb_text_column us_custom_a296b92a has_text_color\"><div class=\"wpb_wrapper\"><p class=\"wp-block-heading\">Vi bryter dimensjonsstandardene<\/p>\n<\/div><\/div><\/div><div class=\"w-separator size_small\"><\/div><div class=\"wpb_text_column\"><div class=\"wpb_wrapper\"><p>Alle beditom d\u00f8rer er laget til individuell rekkef\u00f8lge. Derfor er alle d\u00f8rbredder tilgjengelige uten ekstra kostnader for ikke-standard dimensjoner.<\/p>\n<\/div><\/div><div class=\"w-separator size_medium\"><\/div><\/div><\/div><div class=\"wpb_column vc_column_container us_custom_7cb7d878 has_bg_color\"><div class=\"vc_column-inner\"><div class=\"w-vwrapper align_center valign_top\"><div class=\"wpb_text_column us_custom_adf5e1d0 has_text_color us_animate_this\"><div class=\"wpb_wrapper\"><p class=\"wp-block-heading\" style=\"text-align: center;\">9<\/p>\n<\/div><\/div><div class=\"wpb_text_column us_custom_a296b92a has_text_color\"><div class=\"wpb_wrapper\"><p class=\"wp-block-heading\">\u00d8kologisk vennlig<\/p>\n<\/div><\/div><\/div><div class=\"w-separator size_small\"><\/div><div class=\"wpb_text_column\"><div class=\"wpb_wrapper\"><p>Med milj\u00f8vern i tankene bruker vi bare milj\u00f8vennlige teknologier. V\u00e5rt firma bryr seg ikke bare om kvaliteten p\u00e5 v\u00e5re produkter, men ogs\u00e5 om milj\u00f8et rundt oss, og derfor bruker vi bare \u00f8kologisk vennlige materialer i v\u00e5r produksjon.<\/p>\n<\/div><\/div><div class=\"w-separator size_medium\"><\/div><\/div><\/div><\/div><\/div><\/div><\/div><\/div><\/section><div class=\"wpb_column vc_column_container\"><div class=\"vc_column-inner\"><div class=\"w-separator size_medium\"><\/div><\/div><\/div><section class=\"l-section wpb_row height_auto\"><div class=\"l-section-h i-cf\"><div class=\"g-cols vc_row via_grid cols_1 laptops-cols_inherit tablets-cols_inherit mobiles-cols_1 valign_top type_default stacking_default\"><div class=\"wpb_column vc_column_container\"><div class=\"vc_column-inner\"><div class=\"w-separator size_medium\"><\/div><div class=\"w-separator size_medium\"><\/div><\/div><\/div><\/div><\/div><\/section>","protected":false},"excerpt":{"rendered":"Dlaczego BEDITOM? 1 sprawdzona jako\u015b\u0107 Potwierdzona certyfikatami niezale\u017cnych instytucji. Produkcja bram Beditom odbywa si\u0119 z zastosowaniem system\u00f3w zarz\u0105dzania jako\u015bci\u0105 DNV ISO 9001 i spe\u0142nia najwy\u017csze wymagania europejskie i \u015bwiatowe. Dzi\u0119ki temu udzielamy wieloletnich gwarancji na nasze produkty. 2 do\u015bwiadczenie 30 lat Beditom posiada najwi\u0119ksze do\u015bwiadczenie i tradycje w zakresie sprzeda\u017cy i produkcji bram segmentowych w...","protected":false},"author":1,"featured_media":599,"parent":1926,"menu_order":0,"comment_status":"closed","ping_status":"closed","template":"","meta":{"_acf_changed":false,"footnotes":""},"class_list":["post-1334","page","type-page","status-publish","has-post-thumbnail","hentry"],"acf":[],"_links":{"self":[{"href":"https:\/\/beditom.pl\/no\/wp-json\/wp\/v2\/pages\/1334","targetHints":{"allow":["GET"]}}],"collection":[{"href":"https:\/\/beditom.pl\/no\/wp-json\/wp\/v2\/pages"}],"about":[{"href":"https:\/\/beditom.pl\/no\/wp-json\/wp\/v2\/types\/page"}],"author":[{"embeddable":true,"href":"https:\/\/beditom.pl\/no\/wp-json\/wp\/v2\/users\/1"}],"replies":[{"embeddable":true,"href":"https:\/\/beditom.pl\/no\/wp-json\/wp\/v2\/comments?post=1334"}],"version-history":[{"count":30,"href":"https:\/\/beditom.pl\/no\/wp-json\/wp\/v2\/pages\/1334\/revisions"}],"predecessor-version":[{"id":4534,"href":"https:\/\/beditom.pl\/no\/wp-json\/wp\/v2\/pages\/1334\/revisions\/4534"}],"up":[{"embeddable":true,"href":"https:\/\/beditom.pl\/no\/wp-json\/wp\/v2\/pages\/1926"}],"wp:featuredmedia":[{"embeddable":true,"href":"https:\/\/beditom.pl\/no\/wp-json\/wp\/v2\/media\/599"}],"wp:attachment":[{"href":"https:\/\/beditom.pl\/no\/wp-json\/wp\/v2\/media?parent=1334"}],"curies":[{"name":"wp","href":"https:\/\/api.w.org\/{rel}","templated":true}]}}