{"id":3088,"date":"2024-05-27T06:24:50","date_gmt":"2024-05-27T06:24:50","guid":{"rendered":"https:\/\/beditom.pl\/?page_id=3088"},"modified":"2026-03-20T12:50:27","modified_gmt":"2026-03-20T11:50:27","slug":"automatyka-do-bram-wjazdowych","status":"publish","type":"page","link":"https:\/\/beditom.pl\/it\/dla-przemyslu\/automatyka-do-bram-wjazdowych\/","title":{"rendered":"Automazione del cancello d'ingresso"},"content":{"rendered":"<section class=\"l-section wpb_row height_large width_custom color_primary with_img\" style=\"--site-content-width:1320px;\"><div class=\"l-section-img\" role=\"img\" aria-label=\"Immagine\" data-img-width=\"1600\" data-img-height=\"900\" style=\"background-image: url(https:\/\/beditom.pl\/app\/uploads\/2024\/05\/TS_971_Programmierung_01_Logo_1600x900_300dpi.jpg);background-position: bottom center;background-repeat: no-repeat;\"><\/div><div class=\"l-section-h i-cf\"><div class=\"g-cols vc_row via_grid cols_1-4-1 laptops-cols_inherit tablets-cols_inherit mobiles-cols_1 valign_top type_default stacking_default\"><div class=\"wpb_column vc_column_container\"><div class=\"vc_column-inner\"><\/div><\/div><div class=\"wpb_column vc_column_container\"><div class=\"vc_column-inner\"><div class=\"w-html us_custom_b011e678 has_text_color\"><p>AUTOMATICA\n<\/p><\/div><\/div><\/div><div class=\"wpb_column vc_column_container\"><div class=\"vc_column-inner\"><\/div><\/div><\/div><\/div><\/section><section class=\"l-section wpb_row us_custom_e29345e3 height_medium width_custom\" style=\"--site-content-width:1320px;\"><div class=\"l-section-h i-cf\"><div class=\"g-cols vc_row via_grid cols_1 laptops-cols_inherit tablets-cols_inherit mobiles-cols_1 valign_top type_default stacking_default\"><div class=\"wpb_column vc_column_container\"><div class=\"vc_column-inner\"><nav class=\"g-breadcrumbs us_custom_fdcab3db separator_icon align_none hide_current\" itemscope itemtype=\"http:\/\/schema.org\/BreadcrumbList\"><div class=\"g-breadcrumbs-item\" itemscope itemprop=\"itemListElement\" itemtype=\"http:\/\/schema.org\/ListItem\"><a itemprop=\"item\" href=\"https:\/\/beditom.pl\/it\/\"><span itemprop=\"name\">Homepage<\/span><\/a><meta itemprop=\"position\" content=\"1\"\/><\/div><div class=\"g-breadcrumbs-separator\"><i class=\"far fa-angle-right\"><\/i><\/div><div class=\"g-breadcrumbs-item\">Pagine<\/div><\/nav><\/div><\/div><\/div><\/div><\/section>\n<section class=\"l-section wpb_row height_medium width_custom\" style=\"--site-content-width:1320px;\"><div class=\"l-section-h i-cf\"><div class=\"g-cols vc_row via_grid cols_1 laptops-cols_inherit tablets-cols_inherit mobiles-cols_1 valign_top type_default stacking_default\"><div class=\"wpb_column vc_column_container\"><div class=\"vc_column-inner\"><div class=\"w-html us_custom_ecd4848b has_text_color\"><p>PRODOTTI<\/p><\/div><div class=\"w-html us_custom_9ebf969f\"><p>Automazione del cancello d'ingresso<\/p><\/div><div class=\"wpb_text_column\"><div class=\"wpb_wrapper\"><p><span>Nel campo dell'automazione delle porte, collaboriamo solo con le migliori aziende europee. Grazie a ci\u00f2, offriamo ai nostri clienti il massimo livello di comfort e sicurezza.<\/span><\/p>\n<\/div><\/div><div class=\"g-cols wpb_row via_grid cols_3 laptops-cols_inherit tablets-cols_inherit mobiles-cols_1 valign_top type_default stacking_default\" style=\"--columns-gap:3rem;\"><div class=\"wpb_column vc_column_container\"><div class=\"vc_column-inner\"><div class=\"w-html\"><div class=\"w-grid-item-h\">\n\t\t\t\t\t\t<div class=\"w-vwrapper usg_vwrapper_1 align_left valign_top\"><div class=\"w-post-elm post_image usg_post_image_1 stretched\"><a target=\"_blank\" href=\"https:\/\/liftmaster.eu\/en\/collections\/swing-gates\" aria-label=\"Automazione LiftMaster per porte d&#039;ingresso\" rel=\"noopener\"><img fetchpriority=\"high\" decoding=\"async\" width=\"300\" height=\"200\" src=\"https:\/\/beditom.pl\/app\/uploads\/2024\/07\/Logo_LiftMaster-e1720681628112.png\" class=\"attachment-medium size-medium wp-post-image\" alt=\"Beditom bramy gara\u017cowe\" srcset=\"https:\/\/beditom.pl\/app\/uploads\/2024\/07\/Logo_LiftMaster-e1720681628112.png 300w, https:\/\/beditom.pl\/app\/uploads\/2024\/07\/Logo_LiftMaster-e1720681628112-200x133.png 200w\" sizes=\"(max-width: 300px) 100vw, 300px\" title=\"Automazione Beditom per porte d&#039;ingresso\"><\/a><\/div><p class=\"w-post-elm post_title usg_post_title_1 entry-title color_link_inherit\"><a target=\"_blank\" href=\"https:\/\/liftmaster.eu\/en\/collections\/swing-gates\" rel=\"noopener\">Automazione LiftMaster per porte d'ingresso<\/a><\/p><a class=\"w-btn us-btn-style_4 usg_btn_1\" href=\"https:\/\/liftmaster.eu\/en\/collections\/swing-gates\" target=\"_blank\" rel=\"noopener\"><span class=\"w-btn-label\">Di pi\u00f9<\/span><\/a><\/div>\t\t<\/div><\/div><\/div><\/div><div class=\"wpb_column vc_column_container\"><div class=\"vc_column-inner\"><div class=\"w-html\"><div class=\"w-grid-item-h\">\n\t\t\t\t\t\t<div class=\"w-vwrapper usg_vwrapper_1 align_left valign_top\"><div class=\"w-post-elm post_image usg_post_image_1 stretched\"><a target=\"_blank\" href=\"https:\/\/www.sommer.eu\/en-int\/products\/swing-gate-operators\" aria-label=\"Automazione Sommer per porte d&#039;ingresso\" rel=\"noopener\"><img loading=\"lazy\" decoding=\"async\" width=\"300\" height=\"200\" src=\"https:\/\/beditom.pl\/app\/uploads\/2024\/07\/logo_sommer-e1720681671456.png\" class=\"attachment-medium size-medium wp-post-image\" alt=\"Beditom automation for entrance doors\" srcset=\"https:\/\/beditom.pl\/app\/uploads\/2024\/07\/logo_sommer-e1720681671456.png 300w, https:\/\/beditom.pl\/app\/uploads\/2024\/07\/logo_sommer-e1720681671456-200x133.png 200w\" sizes=\"auto, (max-width: 300px) 100vw, 300px\" title=\"Porte sezionali da garage Beditom\"><\/a><\/div><p class=\"w-post-elm post_title usg_post_title_1 entry-title color_link_inherit\"><a target=\"_blank\" href=\"https:\/\/www.sommer.eu\/en-int\/products\/swing-gate-operators\" rel=\"noopener\">Automazione Sommer per porte d'ingresso<\/a><\/p><a class=\"w-btn us-btn-style_4 usg_btn_1\" href=\"https:\/\/www.sommer.eu\/en-int\/products\/swing-gate-operators\" target=\"_blank\" rel=\"noopener\"><span class=\"w-btn-label\">Di pi\u00f9<\/span><\/a><\/div>\t\t<\/div><\/div><\/div><\/div><div class=\"wpb_column vc_column_container\"><div class=\"vc_column-inner\"><div class=\"w-html\"><div class=\"w-grid-item-h\">\n\t\t\t\t\t\t<div class=\"w-vwrapper usg_vwrapper_1 align_left valign_top\"><div class=\"w-post-elm post_image usg_post_image_1 stretched\"><a target=\"_blank\" href=\"https:\/\/www.somfy.co.uk\/products\/gate-automation\" aria-label=\"Automazione Somfy per porte d&#039;ingresso\" rel=\"noopener\"><img loading=\"lazy\" decoding=\"async\" width=\"300\" height=\"200\" src=\"https:\/\/beditom.pl\/app\/uploads\/2024\/07\/logo_somfy-e1720681654505.png\" class=\"attachment-medium size-medium wp-post-image\" alt=\"Beditom automation for entrance doors\" srcset=\"https:\/\/beditom.pl\/app\/uploads\/2024\/07\/logo_somfy-e1720681654505.png 300w, https:\/\/beditom.pl\/app\/uploads\/2024\/07\/logo_somfy-e1720681654505-200x133.png 200w\" sizes=\"auto, (max-width: 300px) 100vw, 300px\" title=\"Porte sezionali da garage Beditom\"><\/a><\/div><p class=\"w-post-elm post_title usg_post_title_1 entry-title color_link_inherit\"><a target=\"_blank\" href=\"https:\/\/www.somfy.co.uk\/products\/gate-automation\" rel=\"noopener\">Automazione Somfy per porte d'ingresso<\/a><\/p><a class=\"w-btn us-btn-style_4 usg_btn_1\" href=\"https:\/\/www.somfy.co.uk\/products\/gate-automation\" target=\"_blank\" rel=\"noopener\"><span class=\"w-btn-label\">Di pi\u00f9<\/span><\/a><\/div>\t\t<\/div><\/div><\/div><\/div><\/div><\/div><\/div><\/div><\/div><\/section>","protected":false},"excerpt":{"rendered":"Somfy Automatyka do bram przesuwnych i skrzyd\u0142owych Strona g\u0142\u00f3wnaPagine OPIS PRODUKTU Automatyka do bram skrzyd\u0142owychNap\u0119dy z serii Ixengo s\u0105 przeznaczone do bram skrzyd\u0142owych wykonanych ze stali, drewna, PCV lub aluminium. Czy wiesz, \u017ce nawet przy braku zasilania mo\u017cesz otworzy\u0107 lub zamkn\u0105\u0107 swoj\u0105 bram\u0119? MODELE Ixengo L 230 V RTSMaks. masa bramy 400 kgMaks. d\u0142ugo\u015b\u0107 bramy:...","protected":false},"author":1,"featured_media":3595,"parent":139,"menu_order":0,"comment_status":"closed","ping_status":"closed","template":"","meta":{"_acf_changed":false,"footnotes":""},"class_list":["post-3088","page","type-page","status-publish","has-post-thumbnail","hentry"],"acf":[],"_links":{"self":[{"href":"https:\/\/beditom.pl\/it\/wp-json\/wp\/v2\/pages\/3088","targetHints":{"allow":["GET"]}}],"collection":[{"href":"https:\/\/beditom.pl\/it\/wp-json\/wp\/v2\/pages"}],"about":[{"href":"https:\/\/beditom.pl\/it\/wp-json\/wp\/v2\/types\/page"}],"author":[{"embeddable":true,"href":"https:\/\/beditom.pl\/it\/wp-json\/wp\/v2\/users\/1"}],"replies":[{"embeddable":true,"href":"https:\/\/beditom.pl\/it\/wp-json\/wp\/v2\/comments?post=3088"}],"version-history":[{"count":10,"href":"https:\/\/beditom.pl\/it\/wp-json\/wp\/v2\/pages\/3088\/revisions"}],"predecessor-version":[{"id":5063,"href":"https:\/\/beditom.pl\/it\/wp-json\/wp\/v2\/pages\/3088\/revisions\/5063"}],"up":[{"embeddable":true,"href":"https:\/\/beditom.pl\/it\/wp-json\/wp\/v2\/pages\/139"}],"wp:featuredmedia":[{"embeddable":true,"href":"https:\/\/beditom.pl\/it\/wp-json\/wp\/v2\/media\/3595"}],"wp:attachment":[{"href":"https:\/\/beditom.pl\/it\/wp-json\/wp\/v2\/media?parent=3088"}],"curies":[{"name":"wp","href":"https:\/\/api.w.org\/{rel}","templated":true}]}}