{"id":2744,"date":"2024-05-21T06:58:10","date_gmt":"2024-05-21T06:58:10","guid":{"rendered":"https:\/\/beditom.pl\/?page_id=2744"},"modified":"2024-07-05T10:19:05","modified_gmt":"2024-07-05T10:19:05","slug":"bramy-harmonijkowe","status":"publish","type":"page","link":"https:\/\/beditom.pl\/it\/dla-przemyslu\/bramy-harmonijkowe\/","title":{"rendered":"Cancelli pieghevoli"},"content":{"rendered":"<section class=\"l-section wpb_row us_custom_b4006493 height_large width_custom color_primary with_img\" style=\"--site-content-width:1320px;\"><div class=\"l-section-img\" role=\"img\" aria-label=\"Immagine\" data-img-width=\"2560\" data-img-height=\"1709\" style=\"background-image: url(https:\/\/beditom.pl\/app\/uploads\/2024\/05\/DHL-distribution-center-Schiphol-with-Compact-doors-scaled.jpg);background-position: top center;background-repeat: no-repeat;\"><\/div><div class=\"l-section-overlay\" style=\"background:rgba(0,0,0,0.32)\"><\/div><div class=\"l-section-h i-cf\"><div class=\"g-cols vc_row via_grid cols_1-4-1 laptops-cols_inherit tablets-cols_inherit mobiles-cols_1 valign_top type_default stacking_default\"><div class=\"wpb_column vc_column_container\"><div class=\"vc_column-inner\"><\/div><\/div><div class=\"wpb_column vc_column_container\"><div class=\"vc_column-inner\"><div class=\"w-html us_custom_b011e678 has_text_color\"><p>Bramy harmonijkowe\n\n<\/p><\/div><\/div><\/div><div class=\"wpb_column vc_column_container\"><div class=\"vc_column-inner\"><\/div><\/div><\/div><\/div><\/section><section class=\"l-section wpb_row us_custom_e29345e3 height_medium width_custom\" style=\"--site-content-width:1320px;\"><div class=\"l-section-h i-cf\"><div class=\"g-cols vc_row via_grid cols_1 laptops-cols_inherit tablets-cols_inherit mobiles-cols_1 valign_top type_default stacking_default\"><div class=\"wpb_column vc_column_container\"><div class=\"vc_column-inner\"><nav class=\"g-breadcrumbs us_custom_fdcab3db separator_icon align_none hide_current\" itemscope itemtype=\"http:\/\/schema.org\/BreadcrumbList\"><div class=\"g-breadcrumbs-item\" itemscope itemprop=\"itemListElement\" itemtype=\"http:\/\/schema.org\/ListItem\"><a itemprop=\"item\" href=\"https:\/\/beditom.pl\/it\/\"><span itemprop=\"name\">Strona g\u0142\u00f3wna<\/span><\/a><meta itemprop=\"position\" content=\"1\"\/><\/div><div class=\"g-breadcrumbs-separator\"><i class=\"far fa-angle-right\"><\/i><\/div><div class=\"g-breadcrumbs-item\">Pagine<\/div><\/nav><\/div><\/div><\/div><\/div><\/section>\n<section class=\"l-section wpb_row height_medium width_custom\" style=\"--site-content-width:1320px;\"><div class=\"l-section-h i-cf\"><div class=\"g-cols vc_row via_grid cols_2 laptops-cols_inherit tablets-cols_inherit mobiles-cols_1 valign_top type_default stacking_default\"><div class=\"wpb_column vc_column_container\"><div class=\"vc_column-inner\"><div class=\"wpb_text_column us_custom_ecd4848b has_text_color\"><div class=\"wpb_wrapper\"><p>Bramy harmonijkowe<\/p>\n<\/div><\/div><div class=\"wpb_text_column us_custom_9ebf969f\"><div class=\"wpb_wrapper\"><p>Bramy harmonijkowe typu Compact<\/p>\n<\/div><\/div><div class=\"wpb_text_column\"><div class=\"wpb_wrapper\"><div>\n<div>\n<div>\n<p>charakteryzuj\u0105 si\u0119 wykorzystaniem unikalnego i opatentowanego uk\u0142adu szyn, kt\u00f3ry nie wymaga stosowania tradycyjnych spr\u0119\u017cyn wywa\u017caj\u0105cych. Ten <strong>nowatorski system zapewnia d\u0142ug\u0105 \u017cywotno\u015b\u0107 bramy<\/strong> oraz minimalne potrzeby w zakresie regularnych prac serwisowych i konserwacyjnych.<\/p>\n<p>Dzi\u0119ki kompaktowej budowie bramy te zajmuj\u0105 niewiele miejsca, co sprawia, \u017ce doskonale nadaj\u0105 si\u0119 do niemal ka\u017cdej zabudowy i projektu architektonicznego. Idealnie sprawdzaj\u0105 si\u0119 w sytuacjach, gdzie monta\u017c tradycyjnych bram segmentowych jest niemo\u017cliwy lub utrudniony.<\/p>\n<p>Wykorzystanie pionowego systemu szyn pozwala na uzyskanie <strong>efektu wszechstronno\u015bci i uniwersalno\u015bci konstrukcji<\/strong>. Dzi\u0119ki temu bramy harmonijkowe typu Compact mog\u0105 by\u0107 z powodzeniem stosowane w r\u00f3\u017cnorodnych \u015brodowiskach przemys\u0142owych i komercyjnych, zapewniaj\u0105c niezawodne i efektywne rozwi\u0105zanie dla wymagaj\u0105cych u\u017cytkownik\u00f3w.<\/p>\n<\/div>\n<\/div>\n<\/div>\n<\/div><\/div><\/div><\/div><div class=\"wpb_column vc_column_container\"><div class=\"vc_column-inner\"><div class=\"w-grid us_carousel us_custom_8b3d6790 has_text_color type_carousel layout_gallery_cropped preload_style_spinner ratio_1x1\" id=\"us_grid_1\" style=\"--item-ratio:1;\"><style>.layout_gallery_cropped .w-grid-item-h{}.layout_gallery_cropped .usg_post_image_1{position:absolute!important;left:0!important;top:0!important;bottom:0!important;right:0!important}<\/style><div class=\"w-grid-list owl-carousel valign_middle dotstyle_circle navstyle_circle arrows-ver-pos_middle arrows-hor-pos_on_sides_outside arrows-disabled_hide owl-responsive-2000\" style=\"--transition-duration:350ms;\">\t<article class=\"w-grid-item post-2786 attachment type-attachment status-inherit hentry\" data-id=\"2786\">\r\n\t\t<div class=\"w-grid-item-h\">\r\n\t\t\t\t\t\t<div class=\"w-post-elm post_image usg_post_image_1 stretched\"><img loading=\"lazy\" decoding=\"async\" width=\"1024\" height=\"767\" src=\"https:\/\/beditom.pl\/app\/uploads\/2024\/05\/Compact-door-as-a-solution-for-car-lifting-platforms-1024x767.jpg\" class=\"attachment-large size-large\" alt=\"Beditom bramy gara\u017cowe\" srcset=\"https:\/\/beditom.pl\/app\/uploads\/2024\/05\/Compact-door-as-a-solution-for-car-lifting-platforms-1024x767.jpg 1024w, https:\/\/beditom.pl\/app\/uploads\/2024\/05\/Compact-door-as-a-solution-for-car-lifting-platforms-300x225.jpg 300w, https:\/\/beditom.pl\/app\/uploads\/2024\/05\/Compact-door-as-a-solution-for-car-lifting-platforms-200x150.jpg 200w, https:\/\/beditom.pl\/app\/uploads\/2024\/05\/Compact-door-as-a-solution-for-car-lifting-platforms.jpg 1026w\" sizes=\"auto, (max-width: 1024px) 100vw, 1024px\" title=\"Beditom bramy gara\u017cowe segmentowe\"><\/div>\t\t<\/div>\r\n\t\t\t<\/article>\r\n\t<article class=\"w-grid-item post-2787 attachment type-attachment status-inherit hentry\" data-id=\"2787\">\r\n\t\t<div class=\"w-grid-item-h\">\r\n\t\t\t\t\t\t<div class=\"w-post-elm post_image usg_post_image_1 stretched\"><img loading=\"lazy\" decoding=\"async\" width=\"1024\" height=\"768\" src=\"https:\/\/beditom.pl\/app\/uploads\/2024\/05\/Car-dealer-with-Compact-folding-doors.jpg\" class=\"attachment-large size-large\" alt=\"Brama harmonijkowa\" srcset=\"https:\/\/beditom.pl\/app\/uploads\/2024\/05\/Car-dealer-with-Compact-folding-doors.jpg 1024w, https:\/\/beditom.pl\/app\/uploads\/2024\/05\/Car-dealer-with-Compact-folding-doors-300x225.jpg 300w, https:\/\/beditom.pl\/app\/uploads\/2024\/05\/Car-dealer-with-Compact-folding-doors-200x150.jpg 200w\" sizes=\"auto, (max-width: 1024px) 100vw, 1024px\" title=\"Beditom bramy gara\u017cowe segmentowe\"><\/div>\t\t<\/div>\r\n\t\t\t<\/article>\r\n\t<article class=\"w-grid-item post-2784 attachment type-attachment status-inherit hentry\" data-id=\"2784\">\r\n\t\t<div class=\"w-grid-item-h\">\r\n\t\t\t\t\t\t<div class=\"w-post-elm post_image usg_post_image_1 stretched\"><img loading=\"lazy\" decoding=\"async\" width=\"1000\" height=\"667\" src=\"https:\/\/beditom.pl\/app\/uploads\/2024\/05\/Compact-doors-at-a-construction-company.jpg\" class=\"attachment-large size-large\" alt=\"Beditom bramy gara\u017cowe\" srcset=\"https:\/\/beditom.pl\/app\/uploads\/2024\/05\/Compact-doors-at-a-construction-company.jpg 1000w, https:\/\/beditom.pl\/app\/uploads\/2024\/05\/Compact-doors-at-a-construction-company-300x200.jpg 300w, https:\/\/beditom.pl\/app\/uploads\/2024\/05\/Compact-doors-at-a-construction-company-200x133.jpg 200w\" sizes=\"auto, (max-width: 1000px) 100vw, 1000px\" title=\"Beditom bramy gara\u017cowe segmentowe\"><\/div>\t\t<\/div>\r\n\t\t\t<\/article>\r\n\t<article class=\"w-grid-item post-2785 attachment type-attachment status-inherit hentry\" data-id=\"2785\">\r\n\t\t<div class=\"w-grid-item-h\">\r\n\t\t\t\t\t\t<div class=\"w-post-elm post_image usg_post_image_1 stretched\"><img loading=\"lazy\" decoding=\"async\" width=\"912\" height=\"768\" src=\"https:\/\/beditom.pl\/app\/uploads\/2024\/05\/Compact-doors-in-a-workshop-with-car-lift-in-Delfgauw.jpg\" class=\"attachment-large size-large\" alt=\"Beditom bramy gara\u017cowe\" srcset=\"https:\/\/beditom.pl\/app\/uploads\/2024\/05\/Compact-doors-in-a-workshop-with-car-lift-in-Delfgauw.jpg 912w, https:\/\/beditom.pl\/app\/uploads\/2024\/05\/Compact-doors-in-a-workshop-with-car-lift-in-Delfgauw-300x253.jpg 300w, https:\/\/beditom.pl\/app\/uploads\/2024\/05\/Compact-doors-in-a-workshop-with-car-lift-in-Delfgauw-200x168.jpg 200w\" sizes=\"auto, (max-width: 912px) 100vw, 912px\" title=\"Beditom bramy gara\u017cowe segmentowe\"><\/div>\t\t<\/div>\r\n\t\t\t<\/article>\r\n\t<article class=\"w-grid-item post-2753 attachment type-attachment status-inherit hentry\" data-id=\"2753\">\r\n\t\t<div class=\"w-grid-item-h\">\r\n\t\t\t\t\t\t<div class=\"w-post-elm post_image usg_post_image_1 stretched\"><img loading=\"lazy\" decoding=\"async\" width=\"1024\" height=\"768\" src=\"https:\/\/beditom.pl\/app\/uploads\/2024\/05\/Spraybooth-with-Compact-doors-at-Van-Mossel-1024x768.jpg\" class=\"attachment-large size-large\" alt=\"Beditom bramy gara\u017cowe\" srcset=\"https:\/\/beditom.pl\/app\/uploads\/2024\/05\/Spraybooth-with-Compact-doors-at-Van-Mossel-1024x768.jpg 1024w, https:\/\/beditom.pl\/app\/uploads\/2024\/05\/Spraybooth-with-Compact-doors-at-Van-Mossel-300x225.jpg 300w, https:\/\/beditom.pl\/app\/uploads\/2024\/05\/Spraybooth-with-Compact-doors-at-Van-Mossel-200x150.jpg 200w, https:\/\/beditom.pl\/app\/uploads\/2024\/05\/Spraybooth-with-Compact-doors-at-Van-Mossel.jpg 1959w\" sizes=\"auto, (max-width: 1024px) 100vw, 1024px\" title=\"Beditom bramy gara\u017cowe segmentowe\"><\/div>\t\t<\/div>\r\n\t\t\t<\/article>\r\n<\/div><div class=\"w-grid-carousel-json hidden\" onclick='return {&quot;carousel_settings&quot;:{&quot;aria_labels&quot;:{&quot;prev&quot;:&quot;Precedente&quot;,&quot;next&quot;:&quot;Prossimo&quot;},&quot;autoplayContinual&quot;:false,&quot;autoplayHoverPause&quot;:false,&quot;autoplayTimeout&quot;:3000,&quot;autoWidth&quot;:false,&quot;smartSpeed&quot;:350,&quot;margin&quot;:0,&quot;mouseDrag&quot;:true,&quot;rtl&quot;:false,&quot;slideBy&quot;:&quot;1&quot;,&quot;touchDrag&quot;:true,&quot;slideTransition&quot;:&quot;&quot;,&quot;responsive&quot;:{&quot;0&quot;:{&quot;autoHeight&quot;:false,&quot;autoplay&quot;:false,&quot;autoWidth&quot;:false,&quot;center&quot;:false,&quot;dots&quot;:false,&quot;items&quot;:1,&quot;loop&quot;:false,&quot;nav&quot;:false,&quot;stagePadding&quot;:0,&quot;slideBy&quot;:&quot;1&quot;},&quot;481&quot;:{&quot;items&quot;:1,&quot;autoplay&quot;:true,&quot;center&quot;:false,&quot;dots&quot;:false,&quot;nav&quot;:false,&quot;autoHeight&quot;:false,&quot;autoWidth&quot;:false,&quot;loop&quot;:true,&quot;stagePadding&quot;:0}}}}'><\/div><\/div><\/div><\/div><\/div><\/div><\/section><section class=\"l-section wpb_row height_auto width_custom\" style=\"--site-content-width:1320px;\"><div class=\"l-section-h i-cf\"><div class=\"g-cols vc_row via_grid cols_1 laptops-cols_inherit tablets-cols_inherit mobiles-cols_1 valign_top type_default stacking_default\"><div class=\"wpb_column vc_column_container\"><div class=\"vc_column-inner\"><div class=\"w-html us_custom_ecd4848b has_text_color\"><p>PRODUKTY<\/p><\/div><div class=\"w-html us_custom_9ebf969f\"><p>Bramy harmonijkowe\n\n dla  firmy<\/p><\/div><div class=\"g-cols wpb_row via_grid cols_3 laptops-cols_inherit tablets-cols_inherit mobiles-cols_1 valign_top type_default stacking_default\" style=\"--columns-gap:3rem;\"><div class=\"wpb_column vc_column_container\"><div class=\"vc_column-inner\"><div class=\"w-grid us_grid us_custom_eb849559 type_grid layout_711 cols_1 preload_style_spinner\" id=\"us_grid_2\" style=\"--columns:1;--gap:4rem;\"><style>.layout_711 .w-grid-item-h{}.layout_711 .usg_post_title_1{font-size:18px!important;font-weight:700!important}.layout_711 .usg_btn_1{margin-top:20px!important}<\/style><div class=\"w-grid-list\">\t<article class=\"w-grid-item size_1x1 post-1530 page type-page status-publish has-post-thumbnail hentry\" data-id=\"1530\">\r\n\t\t<div class=\"w-grid-item-h\">\r\n\t\t\t\t\t\t<div class=\"w-vwrapper usg_vwrapper_1 align_none valign_top\"><div class=\"w-post-elm post_image usg_post_image_1 stretched\"><a href=\"https:\/\/beditom.pl\/it\/dla-przemyslu\/bramy-harmonijkowe\/compact\/\" aria-label=\"COMPACT\"><img loading=\"lazy\" decoding=\"async\" width=\"1252\" height=\"1258\" src=\"https:\/\/beditom.pl\/app\/uploads\/2024\/05\/Zrzut-ekranu-2024-05-21-o-11.17.25.png\" class=\"attachment-us_400_400_crop size-us_400_400_crop wp-post-image\" alt=\"Beditom bramy gara\u017cowe\" srcset=\"https:\/\/beditom.pl\/app\/uploads\/2024\/05\/Zrzut-ekranu-2024-05-21-o-11.17.25.png 1252w, https:\/\/beditom.pl\/app\/uploads\/2024\/05\/Zrzut-ekranu-2024-05-21-o-11.17.25-300x300.png 300w, https:\/\/beditom.pl\/app\/uploads\/2024\/05\/Zrzut-ekranu-2024-05-21-o-11.17.25-1019x1024.png 1019w, https:\/\/beditom.pl\/app\/uploads\/2024\/05\/Zrzut-ekranu-2024-05-21-o-11.17.25-150x150.png 150w, https:\/\/beditom.pl\/app\/uploads\/2024\/05\/Zrzut-ekranu-2024-05-21-o-11.17.25-200x200.png 200w\" sizes=\"auto, (max-width: 1252px) 100vw, 1252px\" title=\"Beditom bramy gara\u017cowe segmentowe\"><\/a><\/div><p class=\"w-post-elm post_title usg_post_title_1 entry-title color_link_inherit\"><a href=\"https:\/\/beditom.pl\/it\/dla-przemyslu\/bramy-harmonijkowe\/compact\/\">COMPACT<\/a><\/p><\/div><a class=\"w-btn us-btn-style_4 usg_btn_1\" href=\"https:\/\/beditom.pl\/it\/dla-przemyslu\/bramy-harmonijkowe\/compact\/\"><span class=\"w-btn-label\">Sprawd\u017a szczeg\u00f3\u0142y<\/span><\/a>\t\t<\/div>\r\n\t\t\t<\/article>\r\n<\/div>\t<div class=\"w-grid-preloader\">\r\n\t\t<div class=\"g-preloader type_1\">\r\n\t\t\t<div><\/div>\r\n\t\t<\/div>\r\n\t<\/div>\r\n\t\t<div class=\"w-grid-json hidden\" onclick='return {&quot;action&quot;:&quot;us_ajax_grid&quot;,&quot;infinite_scroll&quot;:0,&quot;max_num_pages&quot;:1,&quot;pagination&quot;:&quot;none&quot;,&quot;template_vars&quot;:{&quot;columns&quot;:&quot;1&quot;,&quot;exclude_items&quot;:&quot;none&quot;,&quot;img_size&quot;:&quot;default&quot;,&quot;ignore_items_size&quot;:0,&quot;items_layout&quot;:&quot;711&quot;,&quot;items_offset&quot;:&quot;1&quot;,&quot;load_animation&quot;:&quot;none&quot;,&quot;overriding_link&quot;:&quot;%7B%22url%22%3A%22%22%7D&quot;,&quot;post_id&quot;:0,&quot;query_args&quot;:{&quot;ignore_sticky_posts&quot;:1,&quot;post_type&quot;:&quot;any&quot;,&quot;post__in&quot;:[&quot;1530&quot;],&quot;posts_per_page&quot;:&quot;10&quot;},&quot;orderby_query_args&quot;:{&quot;orderby&quot;:{&quot;post__in&quot;:&quot;ASC&quot;},&quot;order&quot;:&quot;ASC&quot;},&quot;type&quot;:&quot;grid&quot;,&quot;us_grid_post_type&quot;:&quot;ids&quot;,&quot;us_grid_ajax_index&quot;:2,&quot;us_grid_filter_query_string&quot;:null,&quot;us_grid_index&quot;:2,&quot;page_args&quot;:[]}}'><\/div>\r\n\t<\/div><\/div><\/div><div class=\"wpb_column vc_column_container\"><div class=\"vc_column-inner\"><\/div><\/div><div class=\"wpb_column vc_column_container\"><div class=\"vc_column-inner\"><\/div><\/div><\/div><\/div><\/div><\/div><\/div><\/section><section class=\"l-section wpb_row height_auto width_custom\" style=\"--site-content-width:1320px;\"><div class=\"l-section-h i-cf\"><div class=\"g-cols vc_row via_grid cols_1 laptops-cols_inherit tablets-cols_inherit mobiles-cols_1 valign_top type_default stacking_default\"><div class=\"wpb_column vc_column_container\"><div class=\"vc_column-inner\"><div class=\"w-separator size_medium\"><\/div><div class=\"wpb_text_column us_custom_ecd4848b has_text_color\"><div class=\"wpb_wrapper\"><p>Pliki do pobrania<\/p>\n<\/div><\/div><div class=\"w-grid us_grid type_grid layout_737 cols_2 preload_style_spinner\" id=\"us_grid_3\" style=\"--columns:2;--gap:1.5rem;\"><style>@media (max-width:480px){#us_grid_3{--columns:1!important}}.layout_737 .w-grid-item-h{}@media(max-width:479px){.layout_737 .usg_post_image_1{display:none!important}}.layout_737 .usg_hwrapper_1{color:var(--color-content-text)!important;padding-top:6%!important;padding-bottom:6%!important;background:var(--color-content-bg-alt)!important}.layout_737 .usg_vwrapper_1{width:48%!important;margin-left:6%!important;margin-right:0!important}.layout_737 .usg_post_image_1{text-align:right!important;width:50%!important;max-width:150px!important;margin-left:7%!important}.layout_737 .usg_post_title_1{font-size:1.6rem!important;line-height:1.1!important}@media (max-width:480px){.layout_737 .usg_hwrapper_1{margin-left:0!important;margin-right:0!important;padding-top:0!important;padding-bottom:0!important}.layout_737 .usg_vwrapper_1{width:86%!important;margin:7% 7% 5% 7%!important}.layout_737 .usg_post_image_1{width:100%!important;margin-left:0!important;margin-right:0!important}}<\/style><div class=\"w-grid-list\">\t<article class=\"w-grid-item size_1x1 post-3674 plik type-plik status-publish has-post-thumbnail hentry\" data-id=\"3674\">\r\n\t\t<div class=\"w-grid-item-h\">\r\n\t\t\t\t\t\t<div class=\"w-hwrapper usg_hwrapper_1 has_text_color align_left valign_middle wrap\" style=\"--hwrapper-gap:1rem\"><div class=\"w-vwrapper usg_vwrapper_1 align_left valign_top\"><h3 class=\"w-post-elm post_title usg_post_title_1 entry-title color_link_inherit\"><a href=\"https:\/\/beditom.pl\/it\/plik\/bramy-harmonijkowe\/\">Bramy harmonijkowe<\/a><\/h3><a class=\"w-btn us-btn-style_4 usg_btn_1\" href=\"https:\/\/beditom.pl\/it\/plik\/bramy-harmonijkowe\/\"><span class=\"w-btn-label\">Zobacz PDF<\/span><\/a><\/div><div class=\"w-post-elm post_image usg_post_image_1 has_width stretched\"><a href=\"https:\/\/beditom.pl\/it\/plik\/bramy-harmonijkowe\/\" aria-label=\"Bramy harmonijkowe\"><img loading=\"lazy\" decoding=\"async\" width=\"150\" height=\"150\" src=\"https:\/\/beditom.pl\/app\/uploads\/2024\/07\/Bramy-harmonijkowe-150x150.png\" class=\"attachment-thumbnail size-thumbnail wp-post-image\" alt=\"Beditom bramy gara\u017cowe\" srcset=\"https:\/\/beditom.pl\/app\/uploads\/2024\/07\/Bramy-harmonijkowe-150x150.png 150w, https:\/\/beditom.pl\/app\/uploads\/2024\/07\/Bramy-harmonijkowe-200x200.png 200w, https:\/\/beditom.pl\/app\/uploads\/2024\/07\/Bramy-harmonijkowe.png 300w\" sizes=\"auto, (max-width: 150px) 100vw, 150px\" title=\"Beditom bramy gara\u017cowe segmentowe\"><\/a><\/div><\/div>\t\t<\/div>\r\n\t\t\t<\/article>\r\n<\/div>\t<div class=\"w-grid-preloader\">\r\n\t\t<div class=\"g-preloader type_1\">\r\n\t\t\t<div><\/div>\r\n\t\t<\/div>\r\n\t<\/div>\r\n\t\t<div class=\"w-grid-json hidden\" onclick='return {&quot;action&quot;:&quot;us_ajax_grid&quot;,&quot;infinite_scroll&quot;:0,&quot;max_num_pages&quot;:1,&quot;pagination&quot;:&quot;none&quot;,&quot;template_vars&quot;:{&quot;columns&quot;:&quot;2&quot;,&quot;exclude_items&quot;:&quot;none&quot;,&quot;img_size&quot;:&quot;default&quot;,&quot;ignore_items_size&quot;:0,&quot;items_layout&quot;:&quot;737&quot;,&quot;items_offset&quot;:&quot;1&quot;,&quot;load_animation&quot;:&quot;none&quot;,&quot;overriding_link&quot;:&quot;%7B%22url%22%3A%22%22%7D&quot;,&quot;post_id&quot;:3669,&quot;query_args&quot;:{&quot;ignore_sticky_posts&quot;:1,&quot;post_type&quot;:&quot;any&quot;,&quot;post__in&quot;:[&quot;3674&quot;],&quot;posts_per_page&quot;:&quot;10&quot;},&quot;orderby_query_args&quot;:{&quot;orderby&quot;:{&quot;date&quot;:&quot;DESC&quot;}},&quot;type&quot;:&quot;grid&quot;,&quot;us_grid_post_type&quot;:&quot;ids&quot;,&quot;us_grid_ajax_index&quot;:1,&quot;us_grid_filter_query_string&quot;:null,&quot;us_grid_index&quot;:3,&quot;page_args&quot;:[]}}'><\/div>\r\n\t<\/div>\n<div class=\"w-separator size_medium\"><\/div><\/div><\/div><\/div><\/div><\/section>\n","protected":false},"excerpt":{"rendered":"","protected":false},"author":1,"featured_media":2787,"parent":139,"menu_order":0,"comment_status":"closed","ping_status":"closed","template":"","meta":{"_acf_changed":false,"footnotes":""},"class_list":["post-2744","page","type-page","status-publish","has-post-thumbnail","hentry"],"acf":[],"_links":{"self":[{"href":"https:\/\/beditom.pl\/it\/wp-json\/wp\/v2\/pages\/2744","targetHints":{"allow":["GET"]}}],"collection":[{"href":"https:\/\/beditom.pl\/it\/wp-json\/wp\/v2\/pages"}],"about":[{"href":"https:\/\/beditom.pl\/it\/wp-json\/wp\/v2\/types\/page"}],"author":[{"embeddable":true,"href":"https:\/\/beditom.pl\/it\/wp-json\/wp\/v2\/users\/1"}],"replies":[{"embeddable":true,"href":"https:\/\/beditom.pl\/it\/wp-json\/wp\/v2\/comments?post=2744"}],"version-history":[{"count":51,"href":"https:\/\/beditom.pl\/it\/wp-json\/wp\/v2\/pages\/2744\/revisions"}],"predecessor-version":[{"id":3673,"href":"https:\/\/beditom.pl\/it\/wp-json\/wp\/v2\/pages\/2744\/revisions\/3673"}],"up":[{"embeddable":true,"href":"https:\/\/beditom.pl\/it\/wp-json\/wp\/v2\/pages\/139"}],"wp:featuredmedia":[{"embeddable":true,"href":"https:\/\/beditom.pl\/it\/wp-json\/wp\/v2\/media\/2787"}],"wp:attachment":[{"href":"https:\/\/beditom.pl\/it\/wp-json\/wp\/v2\/media?parent=2744"}],"curies":[{"name":"wp","href":"https:\/\/api.w.org\/{rel}","templated":true}]}}