{"id":1688,"date":"2024-04-01T14:25:39","date_gmt":"2024-04-01T14:25:39","guid":{"rendered":"https:\/\/beditom.pl\/?page_id=1688"},"modified":"2024-07-10T07:43:50","modified_gmt":"2024-07-10T07:43:50","slug":"realizacje","status":"publish","type":"page","link":"https:\/\/beditom.pl\/it\/realizacje\/","title":{"rendered":"Realizzazioni e ispirazioni"},"content":{"rendered":"<section class=\"l-section wpb_row height_medium width_custom color_primary\" style=\"--site-content-width:1320px;\"><div class=\"l-section-h i-cf\"><div class=\"g-cols vc_row via_grid cols_1-4-1 laptops-cols_inherit tablets-cols_inherit mobiles-cols_1 valign_top type_default stacking_default\"><div class=\"wpb_column vc_column_container\"><div class=\"vc_column-inner\"><\/div><\/div><div class=\"wpb_column vc_column_container\"><div class=\"vc_column-inner\"><div class=\"w-html us_custom_b011e678 has_text_color\"><p>Realizacje i inspiracje\n<\/p><\/div><\/div><\/div><div class=\"wpb_column vc_column_container\"><div class=\"vc_column-inner\"><\/div><\/div><\/div><\/div><\/section><section class=\"l-section wpb_row height_medium width_custom\" style=\"--site-content-width:1320px;\"><div class=\"l-section-h i-cf\"><div class=\"g-cols vc_row via_grid cols_1 laptops-cols_inherit tablets-cols_inherit mobiles-cols_1 valign_top type_default stacking_default\"><div class=\"wpb_column vc_column_container us_custom_60e9caca us_animate_this\"><div class=\"vc_column-inner\"><div class=\"wpb_text_column us_custom_ecd4848b has_text_color\"><div class=\"wpb_wrapper\"><p><a href=\"https:\/\/beditom.pl\/realizacje\/\">REALIZACJE<\/a><\/p>\n<\/div><\/div><div class=\"wpb_text_column us_custom_9ebf969f\"><div class=\"wpb_wrapper\"><p>Ostatnie realizacje BEDITOM<\/p>\n<\/div><\/div><div class=\"w-grid us_grid type_grid layout_365 cols_2 preload_style_spinner\" id=\"us_grid_1\" style=\"--columns:2;--gap:1.5rem;\"><style>@media (max-width:480px){#us_grid_1{--columns:1!important}}.layout_365 .w-grid-item-h{}@media(max-width:479px){.layout_365 .usg_post_image_1{display:none!important}}.layout_365 .usg_hwrapper_1{color:var(--color-content-text)!important;margin-right:10%!important;padding-top:3%!important;padding-bottom:3%!important;background:var(--color-chrome-toolbar)!important}.layout_365 .usg_vwrapper_1{width:48%!important;margin-left:6%!important;margin-right:0!important}.layout_365 .usg_post_image_1{font-weight:700!important;width:45%!important;margin-left:8%!important;margin-right:-20%!important}.layout_365 .usg_post_title_1{font-size:1.6rem!important;line-height:1.1!important;font-weight:700!important}@media (max-width:480px){.layout_365 .usg_hwrapper_1{margin-left:0!important;margin-right:0!important;padding-top:0!important;padding-bottom:0!important}.layout_365 .usg_vwrapper_1{width:86%!important;margin:7% 7% 5% 7%!important}.layout_365 .usg_post_image_1{width:100%!important;margin-left:0!important;margin-right:0!important}}<\/style><div class=\"w-grid-list\">\t<article class=\"w-grid-item size_1x1 post-1965 page type-page status-publish has-post-thumbnail hentry\" data-id=\"1965\">\r\n\t\t<div class=\"w-grid-item-h\">\r\n\t\t\t\t\t\t<div class=\"w-hwrapper usg_hwrapper_1 has_text_color align_left valign_center wrap\"><div class=\"w-vwrapper usg_vwrapper_1 align_left valign_top\"><h3 class=\"w-post-elm post_title usg_post_title_1 entry-title color_link_inherit\"><a href=\"https:\/\/beditom.pl\/it\/realizacje\/realizacje-dla-domu\/\">Przyk\u0142adowe realizacje dla domu<\/a><\/h3><\/div><div class=\"w-post-elm post_image usg_post_image_1 has_width has_ratio\"><a href=\"https:\/\/beditom.pl\/it\/realizacje\/realizacje-dla-domu\/\" aria-label=\"Przyk\u0142adowe realizacje dla domu\"><img loading=\"lazy\" decoding=\"async\" width=\"300\" height=\"225\" src=\"https:\/\/beditom.pl\/app\/uploads\/2024\/04\/1_g_16-300x225.webp\" class=\"attachment-medium size-medium wp-post-image\" alt=\"Beditom bramy gara\u017cowe\" title=\"Beditom bramy gara\u017cowe segmentowe\"><\/a><div style=\"padding-bottom:56.25%\"><\/div><\/div><\/div>\t\t<\/div>\r\n\t\t\t<\/article>\r\n\t<article class=\"w-grid-item size_1x1 post-1967 page type-page status-publish has-post-thumbnail hentry\" data-id=\"1967\">\r\n\t\t<div class=\"w-grid-item-h\">\r\n\t\t\t\t\t\t<div class=\"w-hwrapper usg_hwrapper_1 has_text_color align_left valign_center wrap\"><div class=\"w-vwrapper usg_vwrapper_1 align_left valign_top\"><h3 class=\"w-post-elm post_title usg_post_title_1 entry-title color_link_inherit\"><a href=\"https:\/\/beditom.pl\/it\/realizacje\/realizacje-dla-przemyslu\/\">Przyk\u0142adowe realizacje dla przemys\u0142u<\/a><\/h3><\/div><div class=\"w-post-elm post_image usg_post_image_1 has_width has_ratio\"><a href=\"https:\/\/beditom.pl\/it\/realizacje\/realizacje-dla-przemyslu\/\" aria-label=\"Przyk\u0142adowe realizacje dla przemys\u0142u\"><img loading=\"lazy\" decoding=\"async\" width=\"300\" height=\"200\" src=\"https:\/\/beditom.pl\/app\/uploads\/2024\/04\/3_p_12-300x200.webp\" class=\"attachment-medium size-medium wp-post-image\" alt=\"Beditom bramy gara\u017cowe\" title=\"Beditom bramy gara\u017cowe segmentowe\"><\/a><div style=\"padding-bottom:56.25%\"><\/div><\/div><\/div>\t\t<\/div>\r\n\t\t\t<\/article>\r\n<\/div>\t<div class=\"w-grid-preloader\">\r\n\t\t<div class=\"g-preloader type_1\">\r\n\t\t\t<div><\/div>\r\n\t\t<\/div>\r\n\t<\/div>\r\n\t\t<div class=\"w-grid-json hidden\" onclick='return {&quot;action&quot;:&quot;us_ajax_grid&quot;,&quot;infinite_scroll&quot;:0,&quot;max_num_pages&quot;:1,&quot;pagination&quot;:&quot;none&quot;,&quot;template_vars&quot;:{&quot;columns&quot;:&quot;2&quot;,&quot;exclude_items&quot;:&quot;none&quot;,&quot;img_size&quot;:&quot;default&quot;,&quot;ignore_items_size&quot;:0,&quot;items_layout&quot;:&quot;365&quot;,&quot;items_offset&quot;:&quot;1&quot;,&quot;load_animation&quot;:&quot;none&quot;,&quot;overriding_link&quot;:&quot;%7B%22url%22%3A%22%22%7D&quot;,&quot;post_id&quot;:1973,&quot;query_args&quot;:{&quot;ignore_sticky_posts&quot;:1,&quot;post_type&quot;:&quot;any&quot;,&quot;post__in&quot;:[&quot;1965&quot;,&quot;1967&quot;],&quot;posts_per_page&quot;:&quot;10&quot;},&quot;orderby_query_args&quot;:{&quot;orderby&quot;:{&quot;post__in&quot;:&quot;ASC&quot;},&quot;order&quot;:&quot;ASC&quot;},&quot;type&quot;:&quot;grid&quot;,&quot;us_grid_post_type&quot;:&quot;ids&quot;,&quot;us_grid_ajax_index&quot;:1,&quot;us_grid_filter_query_string&quot;:null,&quot;us_grid_index&quot;:1,&quot;page_args&quot;:[]}}'><\/div>\r\n\t<\/div>\n<\/div><\/div><\/div><\/div><\/section><section class=\"l-section wpb_row us_custom_4eb0a6fd height_auto width_custom\" style=\"--site-content-width:1320px;\"><div class=\"l-section-h i-cf\"><div class=\"g-cols vc_row via_grid cols_3-2 laptops-cols_inherit tablets-cols_inherit mobiles-cols_1 valign_middle type_default stacking_default\"><div class=\"wpb_column vc_column_container\"><div class=\"vc_column-inner\"><div class=\"w-image align_none\"><div class=\"w-image-h\"><img decoding=\"async\" width=\"1024\" height=\"684\" src=\"https:\/\/beditom.pl\/app\/uploads\/2024\/04\/1_g_17-1024x684.webp\" class=\"attachment-large size-large\" alt=\"Beditom bramy gara\u017cowe\" loading=\"lazy\" srcset=\"https:\/\/beditom.pl\/app\/uploads\/2024\/04\/1_g_17-1024x684.webp 1024w, https:\/\/beditom.pl\/app\/uploads\/2024\/04\/1_g_17-300x200.webp 300w, https:\/\/beditom.pl\/app\/uploads\/2024\/04\/1_g_17-50x33.webp 50w, https:\/\/beditom.pl\/app\/uploads\/2024\/04\/1_g_17-600x401.webp 600w, https:\/\/beditom.pl\/app\/uploads\/2024\/04\/1_g_17.webp 1920w\" sizes=\"auto, (max-width: 1024px) 100vw, 1024px\" title=\"Beditom bramy gara\u017cowe segmentowe\"><\/div><\/div><\/div><\/div><div class=\"wpb_column vc_column_container us_custom_47474b22 us_animate_this\"><div class=\"vc_column-inner\"><div class=\"wpb_text_column us_custom_ecd4848b has_text_color\"><div class=\"wpb_wrapper\"><p>NASZ CEL<\/p>\n<\/div><\/div><div class=\"wpb_text_column us_custom_6699c06c\"><div class=\"wpb_wrapper\"><p>Nasze realizacje s\u0105 odzwierciedleniem naszej pasji<\/p>\n<\/div><\/div><div class=\"wpb_text_column us_custom_2d059602\"><div class=\"wpb_wrapper\"><p>D\u0105\u017cymy do tego, aby nasze projekty by\u0142y nie tylko funkcjonalne, ale tak\u017ce estetyczne i <strong>dopasowane do potrzeb naszych klient\u00f3w<\/strong>. Pracujemy z najwy\u017cszej jako\u015bci materia\u0142ami i nowoczesnymi technologiami, aby zapewni\u0107 trwa\u0142o\u015b\u0107 i wytrzyma\u0142o\u015b\u0107 naszych realizacji. Ka\u017cdy etap procesu, od projektowania po wykonanie, jest starannie monitorowany, aby zapewni\u0107 <strong>najwy\u017cszy standard jako\u015bci<\/strong>.<\/p>\n<p>\u00a0<\/p>\n<\/div><\/div><\/div><\/div><\/div><\/div><\/section>\n","protected":false},"excerpt":{"rendered":"BEDITOM DLA FIRMStrona g\u0142\u00f3wnaPagine 4_p_1 brama_beditom_skosne1 brama_beditom_skosne 3_p_11 brama_beditom_hl 2_p_1 2_p_2 2_p_3 2_p_4 brama_beditom_2 2_p_5 2_p_6 brama_beditom_namiot 3_p_12 2_p_7 2_p_8 2_p_10 2_p_9 3_p_1 3_p_2 3_p_3 2_p_12 4_p_10 2_Brama_Aludoor_4 3_p_5 3_p_6 3_p_7 3_p_9 1_P_50 3_p_10 1 2 Prossimo","protected":false},"author":1,"featured_media":599,"parent":0,"menu_order":0,"comment_status":"closed","ping_status":"closed","template":"","meta":{"_acf_changed":false,"footnotes":""},"class_list":["post-1688","page","type-page","status-publish","has-post-thumbnail","hentry"],"acf":[],"_links":{"self":[{"href":"https:\/\/beditom.pl\/it\/wp-json\/wp\/v2\/pages\/1688","targetHints":{"allow":["GET"]}}],"collection":[{"href":"https:\/\/beditom.pl\/it\/wp-json\/wp\/v2\/pages"}],"about":[{"href":"https:\/\/beditom.pl\/it\/wp-json\/wp\/v2\/types\/page"}],"author":[{"embeddable":true,"href":"https:\/\/beditom.pl\/it\/wp-json\/wp\/v2\/users\/1"}],"replies":[{"embeddable":true,"href":"https:\/\/beditom.pl\/it\/wp-json\/wp\/v2\/comments?post=1688"}],"version-history":[{"count":15,"href":"https:\/\/beditom.pl\/it\/wp-json\/wp\/v2\/pages\/1688\/revisions"}],"predecessor-version":[{"id":3754,"href":"https:\/\/beditom.pl\/it\/wp-json\/wp\/v2\/pages\/1688\/revisions\/3754"}],"wp:featuredmedia":[{"embeddable":true,"href":"https:\/\/beditom.pl\/it\/wp-json\/wp\/v2\/media\/599"}],"wp:attachment":[{"href":"https:\/\/beditom.pl\/it\/wp-json\/wp\/v2\/media?parent=1688"}],"curies":[{"name":"wp","href":"https:\/\/api.w.org\/{rel}","templated":true}]}}