{"id":1592,"date":"2024-04-01T10:54:47","date_gmt":"2024-04-01T10:54:47","guid":{"rendered":"https:\/\/beditom.pl\/?page_id=1592"},"modified":"2024-07-05T12:56:06","modified_gmt":"2024-07-05T12:56:06","slug":"doki-przeladunkowe","status":"publish","type":"page","link":"https:\/\/beditom.pl\/it\/dla-przemyslu\/doki-przeladunkowe\/","title":{"rendered":"Banchine di carico"},"content":{"rendered":"<section class=\"l-section wpb_row height_large width_custom color_primary with_img\" style=\"--site-content-width:1320px;\"><div class=\"l-section-img\" role=\"img\" aria-label=\"Immagine\" data-img-width=\"1920\" data-img-height=\"1280\" style=\"background-image: url(https:\/\/beditom.pl\/app\/uploads\/2024\/04\/4_p_9.webp);background-repeat: no-repeat;\"><\/div><div class=\"l-section-overlay\" style=\"background:var(--color-header-top-transparent-bg)\"><\/div><div class=\"l-section-h i-cf\"><div class=\"g-cols vc_row via_grid cols_1-4-1 laptops-cols_inherit tablets-cols_inherit mobiles-cols_1 valign_top type_default stacking_default\"><div class=\"wpb_column vc_column_container\"><div class=\"vc_column-inner\"><\/div><\/div><div class=\"wpb_column vc_column_container\"><div class=\"vc_column-inner\"><div class=\"w-html us_custom_b011e678 has_text_color\"><p>Doki prze\u0142adunkowe\n\n<\/p><\/div><\/div><\/div><div class=\"wpb_column vc_column_container\"><div class=\"vc_column-inner\"><\/div><\/div><\/div><\/div><\/section><section class=\"l-section wpb_row us_custom_e29345e3 height_medium width_custom\" style=\"--site-content-width:1320px;\"><div class=\"l-section-h i-cf\"><div class=\"g-cols vc_row via_grid cols_1 laptops-cols_inherit tablets-cols_inherit mobiles-cols_1 valign_top type_default stacking_default\"><div class=\"wpb_column vc_column_container\"><div class=\"vc_column-inner\"><nav class=\"g-breadcrumbs us_custom_fdcab3db separator_icon align_none hide_current\" itemscope itemtype=\"http:\/\/schema.org\/BreadcrumbList\"><div class=\"g-breadcrumbs-item\" itemscope itemprop=\"itemListElement\" itemtype=\"http:\/\/schema.org\/ListItem\"><a itemprop=\"item\" href=\"https:\/\/beditom.pl\/it\/\"><span itemprop=\"name\">Strona g\u0142\u00f3wna<\/span><\/a><meta itemprop=\"position\" content=\"1\"\/><\/div><div class=\"g-breadcrumbs-separator\"><i class=\"far fa-angle-right\"><\/i><\/div><div class=\"g-breadcrumbs-item\">Pagine<\/div><\/nav><\/div><\/div><\/div><\/div><\/section>\n<section class=\"l-section wpb_row height_medium width_custom\" style=\"--site-content-width:1320px;\"><div class=\"l-section-h i-cf\"><div class=\"g-cols vc_row via_grid cols_2 laptops-cols_inherit tablets-cols_inherit mobiles-cols_1 valign_middle type_default stacking_default\"><div class=\"wpb_column vc_column_container\"><div class=\"vc_column-inner\"><div class=\"w-html us_custom_ecd4848b has_text_color\"><p>Doki prze\u0142adunkowe<\/p><\/div><div class=\"wpb_text_column us_custom_9ebf969f\"><div class=\"wpb_wrapper\"><p>Kompleksowe rozwi\u0105zanie dla wymagaj\u0105cych<\/p>\n<\/div><\/div><div class=\"wpb_text_column\"><div class=\"wpb_wrapper\"><p>Doki prze\u0142adunkowe stosowane s\u0105 w obiektach o du\u017cej intensywno\u015bci wymiany towar\u00f3w pomi\u0119dzy magazynami a \u015brodkami transportu.<\/p>\n<p>Zaprojektowane s\u0105 najcz\u0119\u015bciej z trzech podstawowych urz\u0105dze\u0144; bram segmentowej, pomostu prze\u0142adunkowego i r\u0119kawu uszczelniaj\u0105cego.<\/p>\n<p>System ten konfiguruje si\u0119 indywidualnie wed\u0142ug potrzeb i wymaga\u0144 Klienta. Dobrze zaprojektowany dok prze\u0142adunkowy przez d\u0142ugie lata umo\u017cliwia bezpieczn\u0105 i wydajn\u0105 prac\u0119 wielu urz\u0105dze\u0144 prze\u0142adunkowych i \u015brodk\u00f3w transportu.<\/p>\n<p>Nasze doki spe\u0142niaj\u0105 wszystkie wymagania normy EN 1398 oraz posiadaj\u0105 oznaczenie CE.<\/p>\n<\/div><\/div><\/div><\/div><div class=\"wpb_column vc_column_container\"><div class=\"vc_column-inner\"><div class=\"w-grid us_carousel us_custom_8b3d6790 has_text_color type_carousel layout_gallery_cropped preload_style_spinner ratio_1x1\" id=\"us_grid_1\" style=\"--item-ratio:1;\"><style>.layout_gallery_cropped .w-grid-item-h{}.layout_gallery_cropped .usg_post_image_1{position:absolute!important;left:0!important;top:0!important;bottom:0!important;right:0!important}<\/style><div class=\"w-grid-list owl-carousel valign_middle dotstyle_circle navstyle_circle arrows-ver-pos_middle arrows-hor-pos_on_sides_outside arrows-disabled_hide owl-responsive-2000\" style=\"--transition-duration:350ms;\">\t<article class=\"w-grid-item post-2956 attachment type-attachment status-inherit hentry\" data-id=\"2956\">\r\n\t\t<div class=\"w-grid-item-h\">\r\n\t\t\t\t\t\t<div class=\"w-post-elm post_image usg_post_image_1 stretched\"><img loading=\"lazy\" decoding=\"async\" width=\"1024\" height=\"682\" src=\"https:\/\/beditom.pl\/app\/uploads\/2024\/05\/Fotolia_116932508_Subscription_Monthly_M-1024x682.jpg\" class=\"attachment-large size-large\" alt=\"Doki prze\u0142adunkowe\" srcset=\"https:\/\/beditom.pl\/app\/uploads\/2024\/05\/Fotolia_116932508_Subscription_Monthly_M-1024x682.jpg 1024w, https:\/\/beditom.pl\/app\/uploads\/2024\/05\/Fotolia_116932508_Subscription_Monthly_M-300x200.jpg 300w, https:\/\/beditom.pl\/app\/uploads\/2024\/05\/Fotolia_116932508_Subscription_Monthly_M-200x133.jpg 200w, https:\/\/beditom.pl\/app\/uploads\/2024\/05\/Fotolia_116932508_Subscription_Monthly_M.jpg 1688w\" sizes=\"auto, (max-width: 1024px) 100vw, 1024px\" title=\"Beditom bramy gara\u017cowe segmentowe\"><\/div>\t\t<\/div>\r\n\t\t\t<\/article>\r\n\t<article class=\"w-grid-item post-2955 attachment type-attachment status-inherit hentry\" data-id=\"2955\">\r\n\t\t<div class=\"w-grid-item-h\">\r\n\t\t\t\t\t\t<div class=\"w-post-elm post_image usg_post_image_1 stretched\"><img loading=\"lazy\" decoding=\"async\" width=\"1024\" height=\"683\" src=\"https:\/\/beditom.pl\/app\/uploads\/2024\/05\/Fotolia_174520683_Subscription_Monthly_XXL-1024x683.jpg\" class=\"attachment-large size-large\" alt=\"Beditom bramy gara\u017cowe\" srcset=\"https:\/\/beditom.pl\/app\/uploads\/2024\/05\/Fotolia_174520683_Subscription_Monthly_XXL-1024x683.jpg 1024w, https:\/\/beditom.pl\/app\/uploads\/2024\/05\/Fotolia_174520683_Subscription_Monthly_XXL-300x200.jpg 300w, https:\/\/beditom.pl\/app\/uploads\/2024\/05\/Fotolia_174520683_Subscription_Monthly_XXL-200x133.jpg 200w\" sizes=\"auto, (max-width: 1024px) 100vw, 1024px\" title=\"Beditom bramy gara\u017cowe segmentowe\"><\/div>\t\t<\/div>\r\n\t\t\t<\/article>\r\n\t<article class=\"w-grid-item post-2954 attachment type-attachment status-inherit hentry\" data-id=\"2954\">\r\n\t\t<div class=\"w-grid-item-h\">\r\n\t\t\t\t\t\t<div class=\"w-post-elm post_image usg_post_image_1 stretched\"><img loading=\"lazy\" decoding=\"async\" width=\"1024\" height=\"768\" src=\"https:\/\/beditom.pl\/app\/uploads\/2024\/05\/shutterstock_438384379-1024x768.jpg\" class=\"attachment-large size-large\" alt=\"Beditom bramy gara\u017cowe\" srcset=\"https:\/\/beditom.pl\/app\/uploads\/2024\/05\/shutterstock_438384379-1024x768.jpg 1024w, https:\/\/beditom.pl\/app\/uploads\/2024\/05\/shutterstock_438384379-300x225.jpg 300w, https:\/\/beditom.pl\/app\/uploads\/2024\/05\/shutterstock_438384379-200x150.jpg 200w\" sizes=\"auto, (max-width: 1024px) 100vw, 1024px\" title=\"Beditom bramy gara\u017cowe segmentowe\"><\/div>\t\t<\/div>\r\n\t\t\t<\/article>\r\n\t<article class=\"w-grid-item post-2951 attachment type-attachment status-inherit hentry\" data-id=\"2951\">\r\n\t\t<div class=\"w-grid-item-h\">\r\n\t\t\t\t\t\t<div class=\"w-post-elm post_image usg_post_image_1 stretched\"><img loading=\"lazy\" decoding=\"async\" width=\"1024\" height=\"594\" src=\"https:\/\/beditom.pl\/app\/uploads\/2024\/05\/555-1024x594.jpg\" class=\"attachment-large size-large\" alt=\"Beditom bramy gara\u017cowe\" srcset=\"https:\/\/beditom.pl\/app\/uploads\/2024\/05\/555-1024x594.jpg 1024w, https:\/\/beditom.pl\/app\/uploads\/2024\/05\/555-300x174.jpg 300w, https:\/\/beditom.pl\/app\/uploads\/2024\/05\/555-200x116.jpg 200w\" sizes=\"auto, (max-width: 1024px) 100vw, 1024px\" title=\"Beditom bramy gara\u017cowe segmentowe\"><\/div>\t\t<\/div>\r\n\t\t\t<\/article>\r\n<\/div><div class=\"w-grid-carousel-json hidden\" onclick='return {&quot;carousel_settings&quot;:{&quot;aria_labels&quot;:{&quot;prev&quot;:&quot;Precedente&quot;,&quot;next&quot;:&quot;Prossimo&quot;},&quot;autoplayContinual&quot;:false,&quot;autoplayHoverPause&quot;:false,&quot;autoplayTimeout&quot;:3000,&quot;autoWidth&quot;:false,&quot;smartSpeed&quot;:350,&quot;margin&quot;:0,&quot;mouseDrag&quot;:true,&quot;rtl&quot;:false,&quot;slideBy&quot;:&quot;1&quot;,&quot;touchDrag&quot;:true,&quot;slideTransition&quot;:&quot;&quot;,&quot;responsive&quot;:{&quot;0&quot;:{&quot;autoHeight&quot;:false,&quot;autoplay&quot;:false,&quot;autoWidth&quot;:false,&quot;center&quot;:false,&quot;dots&quot;:false,&quot;items&quot;:1,&quot;loop&quot;:false,&quot;nav&quot;:false,&quot;stagePadding&quot;:0,&quot;slideBy&quot;:&quot;1&quot;},&quot;481&quot;:{&quot;items&quot;:1,&quot;autoplay&quot;:true,&quot;center&quot;:false,&quot;dots&quot;:false,&quot;nav&quot;:false,&quot;autoHeight&quot;:false,&quot;autoWidth&quot;:false,&quot;loop&quot;:true,&quot;stagePadding&quot;:0}}}}'><\/div><\/div><\/div><\/div><\/div><\/div><\/section><section class=\"l-section wpb_row height_auto width_custom\" style=\"--site-content-width:1320px;\"><div class=\"l-section-h i-cf\"><div class=\"g-cols vc_row via_grid cols_1 laptops-cols_inherit tablets-cols_inherit mobiles-cols_1 valign_top type_default stacking_default\"><div class=\"wpb_column vc_column_container\"><div class=\"vc_column-inner\"><div class=\"w-html us_custom_ecd4848b has_text_color\"><p>Elementy dok\u00f3w<\/p><\/div><div class=\"w-grid us_grid us_custom_e0726fb5 type_grid layout_711 cols_3 preload_style_spinner\" id=\"us_grid_2\" style=\"--columns:3;--gap:4rem;\"><style>@media (max-width:1124px){#us_grid_2{--columns:2!important}}@media (max-width:480px){#us_grid_2{--columns:1!important}}.layout_711 .w-grid-item-h{}.layout_711 .usg_post_title_1{font-size:18px!important;font-weight:700!important}.layout_711 .usg_btn_1{margin-top:20px!important}<\/style><div class=\"w-grid-list\">\t<article class=\"w-grid-item size_1x1 post-1597 page type-page status-publish has-post-thumbnail hentry\" data-id=\"1597\">\r\n\t\t<div class=\"w-grid-item-h\">\r\n\t\t\t\t\t\t<div class=\"w-vwrapper usg_vwrapper_1 align_none valign_top\"><div class=\"w-post-elm post_image usg_post_image_1 stretched\"><a href=\"https:\/\/beditom.pl\/it\/dla-przemyslu\/doki-przeladunkowe\/rampy-przeladunkowe\/\" aria-label=\"Rampy\"><img loading=\"lazy\" decoding=\"async\" width=\"600\" height=\"600\" src=\"https:\/\/beditom.pl\/app\/uploads\/2024\/04\/doki_pomosty-1.webp\" class=\"attachment-us_400_400_crop size-us_400_400_crop wp-post-image\" alt=\"Beditom bramy gara\u017cowe\" srcset=\"https:\/\/beditom.pl\/app\/uploads\/2024\/04\/doki_pomosty-1.webp 600w, https:\/\/beditom.pl\/app\/uploads\/2024\/04\/doki_pomosty-1-300x300.webp 300w, https:\/\/beditom.pl\/app\/uploads\/2024\/04\/doki_pomosty-1-150x150.webp 150w, https:\/\/beditom.pl\/app\/uploads\/2024\/04\/doki_pomosty-1-50x50.webp 50w\" sizes=\"auto, (max-width: 600px) 100vw, 600px\" title=\"Beditom bramy gara\u017cowe segmentowe\"><\/a><\/div><p class=\"w-post-elm post_title usg_post_title_1 entry-title color_link_inherit\"><a href=\"https:\/\/beditom.pl\/it\/dla-przemyslu\/doki-przeladunkowe\/rampy-przeladunkowe\/\">Rampy<\/a><\/p><\/div><a class=\"w-btn us-btn-style_4 usg_btn_1\" href=\"https:\/\/beditom.pl\/it\/dla-przemyslu\/doki-przeladunkowe\/rampy-przeladunkowe\/\"><span class=\"w-btn-label\">Sprawd\u017a szczeg\u00f3\u0142y<\/span><\/a>\t\t<\/div>\r\n\t\t\t<\/article>\r\n\t<article class=\"w-grid-item size_1x1 post-1623 page type-page status-publish has-post-thumbnail hentry\" data-id=\"1623\">\r\n\t\t<div class=\"w-grid-item-h\">\r\n\t\t\t\t\t\t<div class=\"w-vwrapper usg_vwrapper_1 align_none valign_top\"><div class=\"w-post-elm post_image usg_post_image_1 stretched\"><a href=\"https:\/\/beditom.pl\/it\/dla-przemyslu\/doki-przeladunkowe\/uszczelnienia\/\" aria-label=\"Uszczelnienia\"><img loading=\"lazy\" decoding=\"async\" width=\"600\" height=\"600\" src=\"https:\/\/beditom.pl\/app\/uploads\/2024\/04\/doki_rekawy_1.webp\" class=\"attachment-us_400_400_crop size-us_400_400_crop wp-post-image\" alt=\"Beditom bramy gara\u017cowe\" srcset=\"https:\/\/beditom.pl\/app\/uploads\/2024\/04\/doki_rekawy_1.webp 600w, https:\/\/beditom.pl\/app\/uploads\/2024\/04\/doki_rekawy_1-300x300.webp 300w, https:\/\/beditom.pl\/app\/uploads\/2024\/04\/doki_rekawy_1-150x150.webp 150w, https:\/\/beditom.pl\/app\/uploads\/2024\/04\/doki_rekawy_1-50x50.webp 50w\" sizes=\"auto, (max-width: 600px) 100vw, 600px\" title=\"Beditom bramy gara\u017cowe segmentowe\"><\/a><\/div><p class=\"w-post-elm post_title usg_post_title_1 entry-title color_link_inherit\"><a href=\"https:\/\/beditom.pl\/it\/dla-przemyslu\/doki-przeladunkowe\/uszczelnienia\/\">Uszczelnienia<\/a><\/p><\/div><a class=\"w-btn us-btn-style_4 usg_btn_1\" href=\"https:\/\/beditom.pl\/it\/dla-przemyslu\/doki-przeladunkowe\/uszczelnienia\/\"><span class=\"w-btn-label\">Sprawd\u017a szczeg\u00f3\u0142y<\/span><\/a>\t\t<\/div>\r\n\t\t\t<\/article>\r\n\t<article class=\"w-grid-item size_1x1 post-1642 page type-page status-publish has-post-thumbnail hentry\" data-id=\"1642\">\r\n\t\t<div class=\"w-grid-item-h\">\r\n\t\t\t\t\t\t<div class=\"w-vwrapper usg_vwrapper_1 align_none valign_top\"><div class=\"w-post-elm post_image usg_post_image_1 stretched\"><a href=\"https:\/\/beditom.pl\/it\/dla-przemyslu\/doki-przeladunkowe\/pomosty\/\" aria-label=\"Pomosty\"><img loading=\"lazy\" decoding=\"async\" width=\"600\" height=\"600\" src=\"https:\/\/beditom.pl\/app\/uploads\/2024\/04\/doki_rampy_1_2.webp\" class=\"attachment-us_400_400_crop size-us_400_400_crop wp-post-image\" alt=\"Beditom bramy gara\u017cowe\" srcset=\"https:\/\/beditom.pl\/app\/uploads\/2024\/04\/doki_rampy_1_2.webp 600w, https:\/\/beditom.pl\/app\/uploads\/2024\/04\/doki_rampy_1_2-300x300.webp 300w, https:\/\/beditom.pl\/app\/uploads\/2024\/04\/doki_rampy_1_2-150x150.webp 150w, https:\/\/beditom.pl\/app\/uploads\/2024\/04\/doki_rampy_1_2-50x50.webp 50w\" sizes=\"auto, (max-width: 600px) 100vw, 600px\" title=\"Beditom bramy gara\u017cowe segmentowe\"><\/a><\/div><p class=\"w-post-elm post_title usg_post_title_1 entry-title color_link_inherit\"><a href=\"https:\/\/beditom.pl\/it\/dla-przemyslu\/doki-przeladunkowe\/pomosty\/\">Pomosty<\/a><\/p><\/div><a class=\"w-btn us-btn-style_4 usg_btn_1\" href=\"https:\/\/beditom.pl\/it\/dla-przemyslu\/doki-przeladunkowe\/pomosty\/\"><span class=\"w-btn-label\">Sprawd\u017a szczeg\u00f3\u0142y<\/span><\/a>\t\t<\/div>\r\n\t\t\t<\/article>\r\n<\/div>\t<div class=\"w-grid-preloader\">\r\n\t\t<div class=\"g-preloader type_1\">\r\n\t\t\t<div><\/div>\r\n\t\t<\/div>\r\n\t<\/div>\r\n\t\t<div class=\"w-grid-json hidden\" onclick='return {&quot;action&quot;:&quot;us_ajax_grid&quot;,&quot;infinite_scroll&quot;:0,&quot;max_num_pages&quot;:1,&quot;pagination&quot;:&quot;none&quot;,&quot;template_vars&quot;:{&quot;columns&quot;:&quot;3&quot;,&quot;exclude_items&quot;:&quot;none&quot;,&quot;img_size&quot;:&quot;default&quot;,&quot;ignore_items_size&quot;:0,&quot;items_layout&quot;:&quot;711&quot;,&quot;items_offset&quot;:&quot;1&quot;,&quot;load_animation&quot;:&quot;none&quot;,&quot;overriding_link&quot;:&quot;%7B%22url%22%3A%22%22%7D&quot;,&quot;post_id&quot;:0,&quot;query_args&quot;:{&quot;ignore_sticky_posts&quot;:1,&quot;post_type&quot;:&quot;any&quot;,&quot;post__in&quot;:[&quot;1597&quot;,&quot;1623&quot;,&quot;1642&quot;],&quot;posts_per_page&quot;:&quot;10&quot;},&quot;orderby_query_args&quot;:{&quot;orderby&quot;:{&quot;post__in&quot;:&quot;ASC&quot;},&quot;order&quot;:&quot;ASC&quot;},&quot;type&quot;:&quot;grid&quot;,&quot;us_grid_post_type&quot;:&quot;ids&quot;,&quot;us_grid_ajax_index&quot;:2,&quot;us_grid_filter_query_string&quot;:null,&quot;us_grid_index&quot;:2,&quot;page_args&quot;:[]}}'><\/div>\r\n\t<\/div><\/div><\/div><\/div><\/div><\/section><section class=\"l-section wpb_row height_auto width_custom\" style=\"--site-content-width:1320px;\"><div class=\"l-section-h i-cf\"><div class=\"g-cols vc_row via_grid cols_1 laptops-cols_inherit tablets-cols_inherit mobiles-cols_1 valign_top type_default stacking_default\"><div class=\"wpb_column vc_column_container\"><div class=\"vc_column-inner\"><div class=\"w-html us_custom_ecd4848b has_text_color\"><p>PLIKI DO POBRANIA<\/p><\/div><section class=\"l-section wpb_row height_medium\"><div class=\"l-section-h i-cf\"><div class=\"g-cols vc_row via_grid cols_1 laptops-cols_inherit tablets-cols_inherit mobiles-cols_1 valign_top type_default stacking_default\"><div class=\"wpb_column vc_column_container\"><div class=\"vc_column-inner\"><div class=\"w-grid us_grid type_grid layout_737 cols_2 preload_style_spinner\" id=\"us_grid_3\" style=\"--columns:2;--gap:1.5rem;\"><style>@media (max-width:480px){#us_grid_3{--columns:1!important}}.layout_737 .w-grid-item-h{}@media(max-width:479px){.layout_737 .usg_post_image_1{display:none!important}}.layout_737 .usg_hwrapper_1{color:var(--color-content-text)!important;padding-top:6%!important;padding-bottom:6%!important;background:var(--color-content-bg-alt)!important}.layout_737 .usg_vwrapper_1{width:48%!important;margin-left:6%!important;margin-right:0!important}.layout_737 .usg_post_image_1{text-align:right!important;width:50%!important;max-width:150px!important;margin-left:7%!important}.layout_737 .usg_post_title_1{font-size:1.6rem!important;line-height:1.1!important}@media (max-width:480px){.layout_737 .usg_hwrapper_1{margin-left:0!important;margin-right:0!important;padding-top:0!important;padding-bottom:0!important}.layout_737 .usg_vwrapper_1{width:86%!important;margin:7% 7% 5% 7%!important}.layout_737 .usg_post_image_1{width:100%!important;margin-left:0!important;margin-right:0!important}}<\/style><div class=\"w-grid-list\">\t<article class=\"w-grid-item size_1x1 post-3706 plik type-plik status-publish has-post-thumbnail hentry\" data-id=\"3706\">\r\n\t\t<div class=\"w-grid-item-h\">\r\n\t\t\t\t\t\t<div class=\"w-hwrapper usg_hwrapper_1 has_text_color align_left valign_middle wrap\" style=\"--hwrapper-gap:1rem\"><div class=\"w-vwrapper usg_vwrapper_1 align_left valign_top\"><h3 class=\"w-post-elm post_title usg_post_title_1 entry-title color_link_inherit\"><a href=\"https:\/\/beditom.pl\/it\/plik\/kurtyna-uszczelniajaca\/\">Kurtyna uszczelniaj\u0105ca<\/a><\/h3><a class=\"w-btn us-btn-style_4 usg_btn_1\" href=\"https:\/\/beditom.pl\/it\/plik\/kurtyna-uszczelniajaca\/\"><span class=\"w-btn-label\">Zobacz PDF<\/span><\/a><\/div><div class=\"w-post-elm post_image usg_post_image_1 has_width stretched\"><a href=\"https:\/\/beditom.pl\/it\/plik\/kurtyna-uszczelniajaca\/\" aria-label=\"Kurtyna uszczelniaj\u0105ca\"><img loading=\"lazy\" decoding=\"async\" width=\"150\" height=\"150\" src=\"https:\/\/beditom.pl\/app\/uploads\/2024\/07\/kurtyna_uszczelniajaca-150x150.png\" class=\"attachment-thumbnail size-thumbnail wp-post-image\" alt=\"Beditom bramy gara\u017cowe\" srcset=\"https:\/\/beditom.pl\/app\/uploads\/2024\/07\/kurtyna_uszczelniajaca-150x150.png 150w, https:\/\/beditom.pl\/app\/uploads\/2024\/07\/kurtyna_uszczelniajaca-200x200.png 200w, https:\/\/beditom.pl\/app\/uploads\/2024\/07\/kurtyna_uszczelniajaca.png 300w\" sizes=\"auto, (max-width: 150px) 100vw, 150px\" title=\"Beditom bramy gara\u017cowe segmentowe\"><\/a><\/div><\/div>\t\t<\/div>\r\n\t\t\t<\/article>\r\n\t<article class=\"w-grid-item size_1x1 post-3503 plik type-plik status-publish has-post-thumbnail hentry\" data-id=\"3503\">\r\n\t\t<div class=\"w-grid-item-h\">\r\n\t\t\t\t\t\t<div class=\"w-hwrapper usg_hwrapper_1 has_text_color align_left valign_middle wrap\" style=\"--hwrapper-gap:1rem\"><div class=\"w-vwrapper usg_vwrapper_1 align_left valign_top\"><h3 class=\"w-post-elm post_title usg_post_title_1 entry-title color_link_inherit\"><a href=\"https:\/\/beditom.pl\/it\/plik\/dokowe-odboje-gumowe\/\">Dokowe odboje gumowe<\/a><\/h3><a class=\"w-btn us-btn-style_4 usg_btn_1\" href=\"https:\/\/beditom.pl\/it\/plik\/dokowe-odboje-gumowe\/\"><span class=\"w-btn-label\">Zobacz PDF<\/span><\/a><\/div><div class=\"w-post-elm post_image usg_post_image_1 has_width stretched\"><a href=\"https:\/\/beditom.pl\/it\/plik\/dokowe-odboje-gumowe\/\" aria-label=\"Dokowe odboje gumowe\"><img loading=\"lazy\" decoding=\"async\" width=\"150\" height=\"150\" src=\"https:\/\/beditom.pl\/app\/uploads\/2024\/06\/Doki-odboje-gumowe-150x150.png\" class=\"attachment-thumbnail size-thumbnail wp-post-image\" alt=\"Beditom bramy gara\u017cowe\" srcset=\"https:\/\/beditom.pl\/app\/uploads\/2024\/06\/Doki-odboje-gumowe-150x150.png 150w, https:\/\/beditom.pl\/app\/uploads\/2024\/06\/Doki-odboje-gumowe-200x200.png 200w, https:\/\/beditom.pl\/app\/uploads\/2024\/06\/Doki-odboje-gumowe.png 300w\" sizes=\"auto, (max-width: 150px) 100vw, 150px\" title=\"Beditom bramy gara\u017cowe segmentowe\"><\/a><\/div><\/div>\t\t<\/div>\r\n\t\t\t<\/article>\r\n\t<article class=\"w-grid-item size_1x1 post-3499 plik type-plik status-publish has-post-thumbnail hentry\" data-id=\"3499\">\r\n\t\t<div class=\"w-grid-item-h\">\r\n\t\t\t\t\t\t<div class=\"w-hwrapper usg_hwrapper_1 has_text_color align_left valign_middle wrap\" style=\"--hwrapper-gap:1rem\"><div class=\"w-vwrapper usg_vwrapper_1 align_left valign_top\"><h3 class=\"w-post-elm post_title usg_post_title_1 entry-title color_link_inherit\"><a href=\"https:\/\/beditom.pl\/it\/plik\/rampa-hydrauliczna-rh12b\/\">Rampa hydrauliczna RH12B<\/a><\/h3><a class=\"w-btn us-btn-style_4 usg_btn_1\" href=\"https:\/\/beditom.pl\/it\/plik\/rampa-hydrauliczna-rh12b\/\"><span class=\"w-btn-label\">Zobacz PDF<\/span><\/a><\/div><div class=\"w-post-elm post_image usg_post_image_1 has_width stretched\"><a href=\"https:\/\/beditom.pl\/it\/plik\/rampa-hydrauliczna-rh12b\/\" aria-label=\"Rampa hydrauliczna RH12B\"><img loading=\"lazy\" decoding=\"async\" width=\"150\" height=\"150\" src=\"https:\/\/beditom.pl\/app\/uploads\/2024\/06\/Doki-rampa-hydrauliczna-RH12B-150x150.png\" class=\"attachment-thumbnail size-thumbnail wp-post-image\" alt=\"Beditom bramy gara\u017cowe\" srcset=\"https:\/\/beditom.pl\/app\/uploads\/2024\/06\/Doki-rampa-hydrauliczna-RH12B-150x150.png 150w, https:\/\/beditom.pl\/app\/uploads\/2024\/06\/Doki-rampa-hydrauliczna-RH12B-200x200.png 200w, https:\/\/beditom.pl\/app\/uploads\/2024\/06\/Doki-rampa-hydrauliczna-RH12B.png 300w\" sizes=\"auto, (max-width: 150px) 100vw, 150px\" title=\"Beditom bramy gara\u017cowe segmentowe\"><\/a><\/div><\/div>\t\t<\/div>\r\n\t\t\t<\/article>\r\n\t<article class=\"w-grid-item size_1x1 post-3488 plik type-plik status-publish has-post-thumbnail hentry\" data-id=\"3488\">\r\n\t\t<div class=\"w-grid-item-h\">\r\n\t\t\t\t\t\t<div class=\"w-hwrapper usg_hwrapper_1 has_text_color align_left valign_middle wrap\" style=\"--hwrapper-gap:1rem\"><div class=\"w-vwrapper usg_vwrapper_1 align_left valign_top\"><h3 class=\"w-post-elm post_title usg_post_title_1 entry-title color_link_inherit\"><a href=\"https:\/\/beditom.pl\/it\/plik\/naprowadzacze\/\">Naprowadzacze <br \/>symetryczne<br \/> proste<\/a><\/h3><a class=\"w-btn us-btn-style_4 usg_btn_1\" href=\"https:\/\/beditom.pl\/it\/plik\/naprowadzacze\/\"><span class=\"w-btn-label\">Zobacz PDF<\/span><\/a><\/div><div class=\"w-post-elm post_image usg_post_image_1 has_width stretched\"><a href=\"https:\/\/beditom.pl\/it\/plik\/naprowadzacze\/\" aria-label=\"Naprowadzacze symetryczne proste\"><img loading=\"lazy\" decoding=\"async\" width=\"150\" height=\"150\" src=\"https:\/\/beditom.pl\/app\/uploads\/2024\/06\/Doki-naprowadzacze-150x150.png\" class=\"attachment-thumbnail size-thumbnail wp-post-image\" alt=\"Beditom bramy gara\u017cowe\" srcset=\"https:\/\/beditom.pl\/app\/uploads\/2024\/06\/Doki-naprowadzacze-150x150.png 150w, https:\/\/beditom.pl\/app\/uploads\/2024\/06\/Doki-naprowadzacze-200x200.png 200w, https:\/\/beditom.pl\/app\/uploads\/2024\/06\/Doki-naprowadzacze.png 300w\" sizes=\"auto, (max-width: 150px) 100vw, 150px\" title=\"Beditom bramy gara\u017cowe segmentowe\"><\/a><\/div><\/div>\t\t<\/div>\r\n\t\t\t<\/article>\r\n<\/div>\t<div class=\"w-grid-preloader\">\r\n\t\t<div class=\"g-preloader type_1\">\r\n\t\t\t<div><\/div>\r\n\t\t<\/div>\r\n\t<\/div>\r\n\t\t<div class=\"w-grid-json hidden\" onclick='return {&quot;action&quot;:&quot;us_ajax_grid&quot;,&quot;infinite_scroll&quot;:0,&quot;max_num_pages&quot;:1,&quot;pagination&quot;:&quot;none&quot;,&quot;template_vars&quot;:{&quot;columns&quot;:&quot;2&quot;,&quot;exclude_items&quot;:&quot;none&quot;,&quot;img_size&quot;:&quot;default&quot;,&quot;ignore_items_size&quot;:0,&quot;items_layout&quot;:&quot;737&quot;,&quot;items_offset&quot;:&quot;1&quot;,&quot;load_animation&quot;:&quot;none&quot;,&quot;overriding_link&quot;:&quot;%7B%22url%22%3A%22%22%7D&quot;,&quot;post_id&quot;:3690,&quot;query_args&quot;:{&quot;ignore_sticky_posts&quot;:1,&quot;post_type&quot;:&quot;any&quot;,&quot;post__in&quot;:[&quot;3499&quot;,&quot;3503&quot;,&quot;3706&quot;,&quot;3488&quot;],&quot;posts_per_page&quot;:&quot;10&quot;},&quot;orderby_query_args&quot;:{&quot;orderby&quot;:{&quot;date&quot;:&quot;DESC&quot;}},&quot;type&quot;:&quot;grid&quot;,&quot;us_grid_post_type&quot;:&quot;ids&quot;,&quot;us_grid_ajax_index&quot;:1,&quot;us_grid_filter_query_string&quot;:null,&quot;us_grid_index&quot;:3,&quot;page_args&quot;:[]}}'><\/div>\r\n\t<\/div><\/div><\/div><\/div><\/div><\/section>\n<div class=\"w-separator size_medium\"><\/div><\/div><\/div><\/div><\/div><\/section>\n","protected":false},"excerpt":{"rendered":"","protected":false},"author":1,"featured_media":2956,"parent":139,"menu_order":0,"comment_status":"closed","ping_status":"closed","template":"","meta":{"_acf_changed":false,"footnotes":""},"class_list":["post-1592","page","type-page","status-publish","has-post-thumbnail","hentry"],"acf":[],"_links":{"self":[{"href":"https:\/\/beditom.pl\/it\/wp-json\/wp\/v2\/pages\/1592","targetHints":{"allow":["GET"]}}],"collection":[{"href":"https:\/\/beditom.pl\/it\/wp-json\/wp\/v2\/pages"}],"about":[{"href":"https:\/\/beditom.pl\/it\/wp-json\/wp\/v2\/types\/page"}],"author":[{"embeddable":true,"href":"https:\/\/beditom.pl\/it\/wp-json\/wp\/v2\/users\/1"}],"replies":[{"embeddable":true,"href":"https:\/\/beditom.pl\/it\/wp-json\/wp\/v2\/comments?post=1592"}],"version-history":[{"count":32,"href":"https:\/\/beditom.pl\/it\/wp-json\/wp\/v2\/pages\/1592\/revisions"}],"predecessor-version":[{"id":3714,"href":"https:\/\/beditom.pl\/it\/wp-json\/wp\/v2\/pages\/1592\/revisions\/3714"}],"up":[{"embeddable":true,"href":"https:\/\/beditom.pl\/it\/wp-json\/wp\/v2\/pages\/139"}],"wp:featuredmedia":[{"embeddable":true,"href":"https:\/\/beditom.pl\/it\/wp-json\/wp\/v2\/media\/2956"}],"wp:attachment":[{"href":"https:\/\/beditom.pl\/it\/wp-json\/wp\/v2\/media?parent=1592"}],"curies":[{"name":"wp","href":"https:\/\/api.w.org\/{rel}","templated":true}]}}