{"id":1570,"date":"2024-04-01T10:33:41","date_gmt":"2024-04-01T10:33:41","guid":{"rendered":"https:\/\/beditom.pl\/?page_id=1570"},"modified":"2024-06-12T18:11:09","modified_gmt":"2024-06-12T18:11:09","slug":"abs-6010","status":"publish","type":"page","link":"https:\/\/beditom.pl\/it\/dla-przemyslu\/szlabany\/abs-6010\/","title":{"rendered":"Szlaban stalowy 6m"},"content":{"rendered":"<section class=\"l-section wpb_row height_medium width_custom color_primary\" style=\"--site-content-width:1320px;\"><div class=\"l-section-h i-cf\"><div class=\"g-cols vc_row via_grid cols_1-4-1 laptops-cols_inherit tablets-cols_inherit mobiles-cols_1 valign_top type_default stacking_default\"><div class=\"wpb_column vc_column_container\"><div class=\"vc_column-inner\"><\/div><\/div><div class=\"wpb_column vc_column_container\"><div class=\"vc_column-inner\"><div class=\"w-html us_custom_b011e678 has_text_color\"><p>Szlaban ABS-6010<\/p><\/div><\/div><\/div><div class=\"wpb_column vc_column_container\"><div class=\"vc_column-inner\"><\/div><\/div><\/div><\/div><\/section><section class=\"l-section wpb_row us_custom_e29345e3 height_medium width_custom\" style=\"--site-content-width:1320px;\"><div class=\"l-section-h i-cf\"><div class=\"g-cols vc_row via_grid cols_1 laptops-cols_inherit tablets-cols_inherit mobiles-cols_1 valign_top type_default stacking_default\"><div class=\"wpb_column vc_column_container\"><div class=\"vc_column-inner\"><nav class=\"g-breadcrumbs us_custom_fdcab3db separator_icon align_none hide_current\" itemscope itemtype=\"http:\/\/schema.org\/BreadcrumbList\"><div class=\"g-breadcrumbs-item\" itemscope itemprop=\"itemListElement\" itemtype=\"http:\/\/schema.org\/ListItem\"><a itemprop=\"item\" href=\"https:\/\/beditom.pl\/it\/\"><span itemprop=\"name\">Homepage<\/span><\/a><meta itemprop=\"position\" content=\"1\"\/><\/div><div class=\"g-breadcrumbs-separator\"><i class=\"far fa-angle-right\"><\/i><\/div><div class=\"g-breadcrumbs-item\">Pagine<\/div><\/nav><\/div><\/div><\/div><\/div><\/section>\n<section class=\"l-section wpb_row height_medium width_custom\" style=\"--site-content-width:1320px;\"><div class=\"l-section-h i-cf\"><div class=\"g-cols vc_row via_grid cols_2 laptops-cols_inherit tablets-cols_inherit mobiles-cols_1 valign_middle type_default stacking_default\"><div class=\"wpb_column vc_column_container\"><div class=\"vc_column-inner\"><div class=\"w-html us_custom_ecd4848b has_text_color\"><p>DESCRIZIONE DEL PRODOTTO<\/p><\/div><div class=\"wpb_text_column us_custom_9ebf969f\"><div class=\"wpb_wrapper\"><p>Szlaban stalowy 6m ABS-6010<\/p>\n<\/div><\/div><div class=\"wpb_text_column us_custom_a574d586 has_text_color\"><div class=\"wpb_wrapper\"><p>W obudowie stalowej<\/p>\n<\/div><\/div><div class=\"wpb_text_column\"><div class=\"wpb_wrapper\"><p>Szlaban ASB-6010 jest dost\u0119pny w wersji prawo- lub lewostronnej. Sze\u015bciometrow\u0105 belk\u0119 szlabanu mo\u017cna w razie potrzeby skr\u00f3ci\u0107 do wymaganej d\u0142ugo\u015bci.<\/p>\n<\/div><\/div><\/div><\/div><div class=\"wpb_column vc_column_container\"><div class=\"vc_column-inner\"><div class=\"w-image align_none\"><div class=\"w-image-h\"><img decoding=\"async\" width=\"600\" height=\"290\" src=\"https:\/\/beditom.pl\/app\/uploads\/2024\/04\/sommer_ASB_6010-1-600x290.webp\" class=\"attachment-woocommerce_single size-woocommerce_single\" alt=\"Beditom bramy gara\u017cowe\" loading=\"lazy\" srcset=\"https:\/\/beditom.pl\/app\/uploads\/2024\/04\/sommer_ASB_6010-1-600x290.webp 600w, https:\/\/beditom.pl\/app\/uploads\/2024\/04\/sommer_ASB_6010-1-300x145.webp 300w, https:\/\/beditom.pl\/app\/uploads\/2024\/04\/sommer_ASB_6010-1-1024x495.webp 1024w, https:\/\/beditom.pl\/app\/uploads\/2024\/04\/sommer_ASB_6010-1-50x24.webp 50w, https:\/\/beditom.pl\/app\/uploads\/2024\/04\/sommer_ASB_6010-1.webp 1180w\" sizes=\"auto, (max-width: 600px) 100vw, 600px\" title=\"Porte sezionali da garage Beditom\"><\/div><\/div><\/div><\/div><\/div><\/div><\/section><section class=\"l-section wpb_row height_medium width_custom\" style=\"--site-content-width:1320px;\"><div class=\"l-section-h i-cf\"><div class=\"g-cols vc_row via_grid cols_2 laptops-cols_inherit tablets-cols_inherit mobiles-cols_1 valign_top type_default stacking_default\"><div class=\"wpb_column vc_column_container\"><div class=\"vc_column-inner\"><div class=\"wpb_text_column\"><div class=\"wpb_wrapper\"><p><b>Elastyczne mo\u017cliwo\u015bci dopasowania<\/b><br \/>Belk\u0119 szlabanu mo\u017cna skr\u00f3ci\u0107 na miejscu do dok\u0142adnego wymiaru. Pozwala to na dostosowanie produktu do indywidualnych preferencji bezpo\u015brednio na placu budowy.<\/p>\n<p><b>Prosty monta\u017c<\/b><br \/>Dzi\u0119ki zastosowaniu metody Plug and Go wystarczy tylko ustawi\u0107 i pod\u0142\u0105czy\u0107 \u2013 monta\u017c gotowy!<\/p>\n<p><b>Odblokowanie awaryjne w przypadku zaniku pr\u0105du<\/b><br \/>W przypadku zaniku pr\u0105du mo\u017cliwa jest r\u0119czna aktywacja mechanicznej korby awaryjnej w celu otwarcia lub zamkni\u0119cia szlabanu.<\/p>\n<p><b>Bezpiecze\u0144stwo dzi\u0119ki rozpoznawaniu przeszk\u00f3d<\/b><br \/>Automatyczne rozpoznawanie przeszk\u00f3d zapewnia automatyczne otwieranie szlabanu w przypadku wykrycia przeszkody (ruch wsteczny), zabezpieczaj\u0105c osoby lub pojazdy przed zakleszczeniem.<\/p>\n<p><b>Przy\u0142\u0105cza wyposa\u017cenia zabezpieczaj\u0105cego<\/b><br \/>Wszystkie przy\u0142\u0105cza akcesori\u00f3w istotnych dla bezpiecze\u0144stwa s\u0105 ju\u017c dost\u0119pne.<\/p>\n<p><b>Wysoka trwa\u0142o\u015b\u0107<\/b><br \/>Solidne elementy wysokiej jako\u015bci gwarantuj\u0105 d\u0142ug\u0105 trwa\u0142o\u015b\u0107.<\/p>\n<\/div><\/div><\/div><\/div><div class=\"wpb_column vc_column_container\"><div class=\"vc_column-inner\"><div class=\"wpb_text_column us_custom_9ebf969f\"><div class=\"wpb_wrapper\"><p>Specifiche tecniche<\/p>\n<\/div><\/div><div class=\"wpb_text_column\"><div class=\"wpb_wrapper\"><table class=\"ipTableManagement table\" border=\"0\">\n<tbody>\n<tr>\n<td colspan=\"2\">Model<\/td>\n<td>ABS-6010<\/td>\n<\/tr>\n<tr>\n<td colspan=\"2\">Zakres temperatur<\/td>\n<td>-20\u00baC do 60\u00baC<\/td>\n<\/tr>\n<tr>\n<td colspan=\"2\">belka szlabanu<\/td>\n<td>p\u0142aska aluminium<\/td>\n<\/tr>\n<tr>\n<td colspan=\"2\">szeroko\u015b\u0107 blokowania<\/td>\n<td>max 5,55 m<\/td>\n<\/tr>\n<tr>\n<td colspan=\"2\">zasilanie<\/td>\n<td>230V 50Hz<\/td>\n<\/tr>\n<tr>\n<td colspan=\"2\">moc silnika<\/td>\n<td>80W 24V<\/td>\n<\/tr>\n<tr>\n<td colspan=\"2\">liczba dozwolonych cykli w ci\u0105gu dnia<\/td>\n<td>max 350<\/td>\n<\/tr>\n<tr>\n<td colspan=\"2\">stopie\u0144 ochrony<\/td>\n<td>IP 44<\/td>\n<\/tr>\n<tr>\n<td colspan=\"2\">obudowa szlabanu<\/td>\n<td>stal<\/td>\n<\/tr>\n<\/tbody>\n<\/table>\n<\/div><\/div><\/div><\/div><\/div><\/div><\/section>","protected":false},"excerpt":{"rendered":"Szlaban ABS-6010Strona g\u0142\u00f3wnaPagine OPIS PRODUKTUSzlaban stalowy 6m ABS-6010 W obudowie stalowej Szlaban ASB-6010 jest dost\u0119pny w wersji prawo- lub lewostronnej. Sze\u015bciometrow\u0105 belk\u0119 szlabanu mo\u017cna w razie potrzeby skr\u00f3ci\u0107 do wymaganej d\u0142ugo\u015bci. Elastyczne mo\u017cliwo\u015bci dopasowaniaBelk\u0119 szlabanu mo\u017cna skr\u00f3ci\u0107 na miejscu do dok\u0142adnego wymiaru. Pozwala to na dostosowanie produktu do indywidualnych preferencji bezpo\u015brednio na placu budowy. Prosty...","protected":false},"author":1,"featured_media":1573,"parent":1556,"menu_order":0,"comment_status":"closed","ping_status":"closed","template":"","meta":{"_acf_changed":false,"footnotes":""},"class_list":["post-1570","page","type-page","status-publish","has-post-thumbnail","hentry"],"acf":[],"_links":{"self":[{"href":"https:\/\/beditom.pl\/it\/wp-json\/wp\/v2\/pages\/1570","targetHints":{"allow":["GET"]}}],"collection":[{"href":"https:\/\/beditom.pl\/it\/wp-json\/wp\/v2\/pages"}],"about":[{"href":"https:\/\/beditom.pl\/it\/wp-json\/wp\/v2\/types\/page"}],"author":[{"embeddable":true,"href":"https:\/\/beditom.pl\/it\/wp-json\/wp\/v2\/users\/1"}],"replies":[{"embeddable":true,"href":"https:\/\/beditom.pl\/it\/wp-json\/wp\/v2\/comments?post=1570"}],"version-history":[{"count":12,"href":"https:\/\/beditom.pl\/it\/wp-json\/wp\/v2\/pages\/1570\/revisions"}],"predecessor-version":[{"id":3395,"href":"https:\/\/beditom.pl\/it\/wp-json\/wp\/v2\/pages\/1570\/revisions\/3395"}],"up":[{"embeddable":true,"href":"https:\/\/beditom.pl\/it\/wp-json\/wp\/v2\/pages\/1556"}],"wp:featuredmedia":[{"embeddable":true,"href":"https:\/\/beditom.pl\/it\/wp-json\/wp\/v2\/media\/1573"}],"wp:attachment":[{"href":"https:\/\/beditom.pl\/it\/wp-json\/wp\/v2\/media?parent=1570"}],"curies":[{"name":"wp","href":"https:\/\/api.w.org\/{rel}","templated":true}]}}