{"id":1340,"date":"2024-03-31T18:08:10","date_gmt":"2024-03-31T18:08:10","guid":{"rendered":"https:\/\/beditom.pl\/?page_id=1340"},"modified":"2025-08-12T11:35:40","modified_gmt":"2025-08-12T11:35:40","slug":"warto-wiedziec-o-bramach-garazowych","status":"publish","type":"page","link":"https:\/\/beditom.pl\/it\/dla-domu\/warto-wiedziec-o-bramach-garazowych\/","title":{"rendered":"Buono a sapersi sulle porte di garage"},"content":{"rendered":"<section class=\"l-section wpb_row height_medium width_custom color_primary\" style=\"--site-content-width:1320px;\"><div class=\"l-section-h i-cf\"><div class=\"g-cols vc_row via_grid cols_1-4-1 laptops-cols_inherit tablets-cols_inherit mobiles-cols_1 valign_top type_default stacking_default\"><div class=\"wpb_column vc_column_container\"><div class=\"vc_column-inner\"><\/div><\/div><div class=\"wpb_column vc_column_container\"><div class=\"vc_column-inner\"><div class=\"w-html us_custom_9dfb85bd has_text_color\"><p>PER LA CASA<\/p><\/div><div class=\"w-html us_custom_b011e678 has_text_color\"><h1 class=\"us_custom_b011e678\">Buono a sapersi sulle porte di garage\n<\/h1><\/div><\/div><\/div><div class=\"wpb_column vc_column_container\"><div class=\"vc_column-inner\"><\/div><\/div><\/div><\/div><\/section><section class=\"l-section wpb_row us_custom_e29345e3 height_medium width_custom\" style=\"--site-content-width:1320px;\"><div class=\"l-section-h i-cf\"><div class=\"g-cols vc_row via_grid cols_1 laptops-cols_inherit tablets-cols_inherit mobiles-cols_1 valign_top type_default stacking_default\"><div class=\"wpb_column vc_column_container\"><div class=\"vc_column-inner\"><nav class=\"g-breadcrumbs us_custom_fdcab3db separator_icon align_none hide_current\" itemscope itemtype=\"http:\/\/schema.org\/BreadcrumbList\"><div class=\"g-breadcrumbs-item\" itemscope itemprop=\"itemListElement\" itemtype=\"http:\/\/schema.org\/ListItem\"><a itemprop=\"item\" href=\"https:\/\/beditom.pl\/it\/\"><span itemprop=\"name\">Homepage<\/span><\/a><meta itemprop=\"position\" content=\"1\"\/><\/div><div class=\"g-breadcrumbs-separator\"><i class=\"far fa-angle-right\"><\/i><\/div><div class=\"g-breadcrumbs-item\">Pagine<\/div><\/nav><\/div><\/div><\/div><\/div><\/section>\n<section class=\"l-section wpb_row height_medium width_custom\" style=\"--site-content-width:1320px;\"><div class=\"l-section-h i-cf\"><div class=\"g-cols vc_row via_grid cols_1 laptops-cols_inherit tablets-cols_inherit mobiles-cols_1 valign_top type_default stacking_default\"><div class=\"wpb_column vc_column_container\"><div class=\"vc_column-inner\"><div class=\"w-tabs style_default switch_click accordion has_scrolling\" style=\"--sections-title-size:inherit\"><div class=\"w-tabs-sections titles-align_none icon_chevron cpos_right\"><div class=\"w-tabs-section has_text_color active\" id=\"u3e0\"><button class=\"w-tabs-section-header active\" aria-controls=\"content-u3e0\" aria-expanded=\"true\"><div class=\"w-tabs-section-title\">Lo sapevate?<\/div><div class=\"w-tabs-section-control\"><\/div><\/button><div  class=\"w-tabs-section-content us_custom_df5f4c97\" id=\"content-u3e0\"><div class=\"w-tabs-section-content-h i-cf\"><div class=\"wpb_text_column\"><div class=\"wpb_wrapper\"><ul>\n<li>La porta del garage occupa fino a 40% del prospetto anteriore di un edificio residenziale ed \u00e8 uno dei principali elementi che caratterizzano l'architettura della casa.<\/li>\n<li>Il portone sezionale \u00e8 il pi\u00f9 grande elemento strutturale mobile della vostra casa.<\/li>\n<li>La porta da garage giusta, insieme all'automazione e a un sistema di controllo intelligente adeguato, pu\u00f2 far risparmiare notevoli quantit\u00e0 di energia.<\/li>\n<li>Una manutenzione regolare aumenta la durata delle porte e ha un impatto positivo sull'ambiente.<\/li>\n<li>La vita utile calcolata delle porte da garage BEDITOM supera i 25 anni.<\/li>\n<\/ul>\n<\/div><\/div><\/div><\/div><\/div><div class=\"w-tabs-section has_text_color\" id=\"y61d\"><button class=\"w-tabs-section-header\" aria-controls=\"content-y61d\" aria-expanded=\"false\"><div class=\"w-tabs-section-title\">Quale cancello scegliere: basculante, a battente o sezionale?<\/div><div class=\"w-tabs-section-control\"><\/div><\/button><div  class=\"w-tabs-section-content us_custom_df5f4c97\" id=\"content-y61d\"><div class=\"w-tabs-section-content-h i-cf\"><div class=\"wpb_text_column\"><div class=\"wpb_wrapper\"><ul>\n<li>Porta d'ingresso <strong>inclinazione <\/strong>La porta del garage a due ante \u00e8 una soluzione tradizionale. Per questo tipo di porta \u00e8 necessario prevedere una protezione (piede, serratura, fermo) contro la chiusura\/apertura incontrollata, ad esempio a causa di forti raffiche di vento. Il parcheggio davanti ad essa richiede una distanza superiore alla larghezza dell'anta, il che rende talvolta necessaria la progettazione di un vialetto pi\u00f9 grande.<\/li>\n<li>Porta d'ingresso <strong>annullabile<\/strong> ha bisogno di uno spazio leggermente inferiore per operare davanti a s\u00e9 rispetto a un cancello a battente. Tuttavia, a causa del suo funzionamento, ha comunque bisogno di uno spazio libero davanti al cancello per poterlo aprire completamente. Inoltre, i cancelli a battente spesso non sono isolati e non sono molto ermetici. Come i cancelli a battente, questi modelli sono problematici in condizioni climatiche fredde o moderate, soprattutto in inverno, quando anche una minima quantit\u00e0 di neve soffiata e accumulata davanti al cancello provoca un fastidio quando si cerca di aprirlo.<\/li>\n<li>Porta d'ingresso <strong>segmentato<\/strong> \u00e8 la soluzione costruttiva migliore. Nel caso della sua applicazione, possiamo parcheggiare l'auto direttamente davanti al portone, poich\u00e9 il manto del portone sezionale si muove verticalmente verso l'alto nell'apertura e poi si adagia in binari orizzontali sotto il soffitto del garage. Le soluzioni costruttive e tecniche dei nostri portoni rendono i portoni BEDITOM perfettamente bilanciati, il che significa che \u00e8 necessaria pochissima forza per aprirli e chiuderli, e l'automazione dedicata consente un pieno comfort di utilizzo. Un'ampia gamma di binari, pannelli con anima isolante in poliuretano espanso da 40 o 60 mm, una serie completa di guarnizioni rendono i nostri portoni sezionali conformi agli attuali requisiti di isolamento termico (Warm House, Passive House, ecc.), e un'ampia gamma di colori completa l'effetto estetico.<\/li>\n<\/ul>\n<\/div><\/div><\/div><\/div><\/div><div class=\"w-tabs-section has_text_color\" id=\"m826\"><button class=\"w-tabs-section-header\" aria-controls=\"content-m826\" aria-expanded=\"false\"><div class=\"w-tabs-section-title\">Quali molle deve avere la mia porta: a torsione o a trazione?<\/div><div class=\"w-tabs-section-control\"><\/div><\/button><div  class=\"w-tabs-section-content us_custom_df5f4c97\" id=\"content-m826\"><div class=\"w-tabs-section-content-h i-cf\"><div class=\"wpb_text_column\"><div class=\"wpb_wrapper\"><p>Per i portoni sezionali si possono utilizzare due tipi fondamentali di bilanciamento dei portoni<span style=\"text-decoration: line-through;\">y<\/span> basate su molle a torsione o a trazione. Le molle di torsione sono montate su un albero e, a seconda della situazione di installazione, sono installate direttamente sopra la porta nell'architrave o dietro i binari orizzontali sotto il soffitto (la cosiddetta testata bassa).  Le molle di trazione, invece, sono sempre collocate nei binari verticali a sinistra e a destra dell'anta, indipendentemente dalle condizioni di montaggio.<\/p>\n<p>Entrambi i sistemi di bilanciamento sono progettati per garantire che l'utente possa aprire le porte BEDITOM facilmente a mano, senza sforzi eccessivi. Inoltre, entrambi i pacchi di molle sono progettati per essere sicuri, il che significa che in caso di rottura di una delle molle non si verificher\u00e0 una rapida caduta o uno sbandamento del telo della porta.<\/p>\n<\/div><\/div><\/div><\/div><\/div><div class=\"w-tabs-section has_text_color\" id=\"na17\"><button class=\"w-tabs-section-header\" aria-controls=\"content-na17\" aria-expanded=\"false\"><div class=\"w-tabs-section-title\">Quanto spazio in altezza \u00e8 necessario per un portone sezionale BEDITOM?<\/div><div class=\"w-tabs-section-control\"><\/div><\/button><div  class=\"w-tabs-section-content us_custom_df5f4c97\" id=\"content-na17\"><div class=\"w-tabs-section-content-h i-cf\"><div class=\"wpb_text_column\"><div class=\"wpb_wrapper\"><div class=\"elementor-accordion-item\">\n<div id=\"elementor-tab-content-17012\" class=\"elementor-tab-content elementor-clearfix elementor-active\" role=\"region\" data-tab=\"12\" aria-labelledby=\"elementor-tab-title-17012\">\n<p>I portoni BEDITOM offrono una gamma di soluzioni di guida per il portone sezionale. Di serie \u00e8 richiesta un'altezza libera di 200 mm. In questa variante, le molle di torsione sono fissate all'architrave e non ci sono problemi a dotare il portone di una qualsiasi motorizzazione elettrica adatta. In caso di necessit\u00e0, possiamo produrre il portone in un sistema con un'altezza libera inferiore, fino a 115 mm, dove sar\u00e0 comunque possibile installare un azionamento elettrico per aprire e chiudere il portone.<\/p>\n<\/div>\n<\/div>\n<div class=\"elementor-accordion-item\"><\/div>\n<\/div><\/div><\/div><\/div><\/div><div class=\"w-tabs-section has_text_color\" id=\"pc10\"><button class=\"w-tabs-section-header\" aria-controls=\"content-pc10\" aria-expanded=\"false\"><div class=\"w-tabs-section-title\">Che dimensioni deve avere la porta di un garage?<\/div><div class=\"w-tabs-section-control\"><\/div><\/button><div  class=\"w-tabs-section-content us_custom_df5f4c97\" id=\"content-pc10\"><div class=\"w-tabs-section-content-h i-cf\"><div class=\"wpb_text_column\"><div class=\"wpb_wrapper\"><p>Per i garage singoli e la maggior parte delle auto, \u00e8 sufficiente una larghezza della porta di 2500 mm. Per i garage a due posti, quando le auto sono affiancate, si consiglia una larghezza della porta di 4800-5000 mm, a seconda del tipo e delle dimensioni previste delle auto.<\/p>\n<p>Per un'autovettura standard, l'altezza libera di apertura consigliata \u00e8 di 2125 mm. Se avete un SUV, un minivan o un'auto di altezza simile, vi consigliamo un'altezza di apertura di almeno 2250 mm. Per la maggior parte dei furgoni, \u00e8 necessario prevedere un'altezza libera di apertura di almeno 2500 mm. Occorre inoltre tenere presente che i modelli di auto prodotti diventano sempre pi\u00f9 grandi nel corso del tempo. Se decidete di costruire un garage o di sostituire la porta, dovete tenere conto che la porta BEDITOM durer\u00e0 molto pi\u00f9 a lungo della vita media di un veicolo.<\/p>\n<\/div><\/div><\/div><\/div><\/div><div class=\"w-tabs-section has_text_color\" id=\"jdfd\"><button class=\"w-tabs-section-header\" aria-controls=\"content-jdfd\" aria-expanded=\"false\"><div class=\"w-tabs-section-title\">Posso abbinare il colore della porta del letto agli infissi della mia casa?<\/div><div class=\"w-tabs-section-control\"><\/div><\/button><div  class=\"w-tabs-section-content us_custom_df5f4c97\" id=\"content-jdfd\"><div class=\"w-tabs-section-content-h i-cf\"><div class=\"wpb_text_column\"><div class=\"wpb_wrapper\"><p>Nella nostra offerta troverete prodotti che si adattano perfettamente ai colori dei serramenti WIK\u0118D. Se disponete di serramenti in legno o impiallacciati di altri produttori, la nostra ampia gamma di modelli vi permetter\u00e0 probabilmente di scegliere un decoro adatto alle vostre aspettative.<\/p>\n<p>In caso di necessit\u00e0 di colorazione personalizzata, possiamo eseguire la verniciatura dell'involucro del cancello nella nostra camera di verniciatura in qualsiasi colore RAL, utilizzando vernici di produttori rinomati, nel rispetto di rigorosi regimi tecnologici e di considerazioni ecologiche. I cancelli BEDITOM sono rivestiti con rivestimenti anticorrosione, tra cui lamiera zincata e un minimo di due strati di vernice con colori e gradi di opacit\u00e0 diversi.<\/p>\n<\/div><\/div><\/div><\/div><\/div><div class=\"w-tabs-section has_text_color\" id=\"hffa\"><button class=\"w-tabs-section-header\" aria-controls=\"content-hffa\" aria-expanded=\"false\"><div class=\"w-tabs-section-title\">Qual \u00e8 la potenza dell'azionamento elettrico necessario per il cancello BEDITOM?<\/div><div class=\"w-tabs-section-control\"><\/div><\/button><div  class=\"w-tabs-section-content us_custom_df5f4c97\" id=\"content-hffa\"><div class=\"w-tabs-section-content-h i-cf\"><div class=\"wpb_text_column\"><div class=\"wpb_wrapper\"><div class=\"elementor-accordion-item\">\n<div id=\"elementor-tab-content-17013\" class=\"elementor-tab-content elementor-clearfix elementor-active\" role=\"region\" data-tab=\"13\" aria-labelledby=\"elementor-tab-title-17013\">\n<p>La potenza dell'azionamento viene scelta in base alle dimensioni della porta e al tipo di binario. Poich\u00e9 i portoni sezionali BEDITOM sono bilanciati con precisione, la forza necessaria per aprire il portone \u00e8 di 2-4 kg (la forza con cui il portone pu\u00f2 essere aperto senza sforzo con una mano). \u00c8 quindi possibile utilizzare per i nostri portoni un azionamento elettrico di qualsiasi produttore, in base alle loro specifiche sulle dimensioni del portone. BEDITOM raccomanda per le sue porte da garage azionamenti e attrezzature del produttore americano LIFTMASTER e per le porte industriali del produttore tedesco GFA. Entrambe le aziende, con molti anni di esperienza, sono tra i leader del mercato e garantiscono la qualit\u00e0 dei prodotti offerti. Gli azionamenti che producono sono caratterizzati da un'elevata affidabilit\u00e0 e qualit\u00e0, oltre che dall'adattamento della gamma e degli accessori al mercato europeo (sono conformi alle norme UE e dispongono dei relativi certificati).<\/p>\n<\/div>\n<\/div>\n<div class=\"elementor-accordion-item\"><\/div>\n<\/div><\/div><\/div><\/div><\/div><div class=\"w-tabs-section has_text_color\" id=\"h1c2\"><button class=\"w-tabs-section-header\" aria-controls=\"content-h1c2\" aria-expanded=\"false\"><div class=\"w-tabs-section-title\">Se installo una porta BEDITOM, non avr\u00f2 problemi ad ottenere il certificato energetico dell'edificio?<\/div><div class=\"w-tabs-section-control\"><\/div><\/button><div  class=\"w-tabs-section-content us_custom_df5f4c97\" id=\"content-h1c2\"><div class=\"w-tabs-section-content-h i-cf\"><div class=\"wpb_text_column\"><div class=\"wpb_wrapper\"><p>Le porte BEDITOM soddisfano i criteri associati al Programma Aria Pulita. L'elevato isolamento dei segmenti, le connessioni strette tra i segmenti e gli elementi di tenuta adeguatamente progettati dell'intera porta non solo garantiscono l'ottenimento del certificato senza problemi, ma assicurano anche un'adeguata efficienza energetica dell'edificio. Il coefficiente di trasferimento del calore per la maggior parte delle nostre porte massicce \u00e8 compreso tra 1,1 e 1,3 W\/m2K. .<\/p>\n<\/div><\/div><\/div><\/div><\/div><div class=\"w-tabs-section has_text_color\" id=\"n3a1\"><button class=\"w-tabs-section-header\" aria-controls=\"content-n3a1\" aria-expanded=\"false\"><div class=\"w-tabs-section-title\">Come si ordina un cancello?<\/div><div class=\"w-tabs-section-control\"><\/div><\/button><div  class=\"w-tabs-section-content us_custom_df5f4c97\" id=\"content-n3a1\"><div class=\"w-tabs-section-content-h i-cf\"><div class=\"wpb_text_column\"><div class=\"wpb_wrapper\"><p>Inviateci il modulo di richiesta compilato per il modello di porta che vi interessa. Questo \u00e8 tutto! Un nostro collaboratore vi contatter\u00e0, discuter\u00e0 i dettagli tecnici, vi aiuter\u00e0 a scegliere il prodotto e vi consiglier\u00e0 la soluzione migliore per voi.<\/p>\n<p>I tempi medi di consegna per gli ordini tipici sono compresi tra 10 e 15 giorni lavorativi dal giorno della firma dell'ordine.<\/p>\n<\/div><\/div><\/div><\/div><\/div><div class=\"w-tabs-section has_text_color\" id=\"w574\"><button class=\"w-tabs-section-header\" aria-controls=\"content-w574\" aria-expanded=\"false\"><div class=\"w-tabs-section-title\">Quando \u00e8 possibile utilizzare l'aliquota IVA 8%?<\/div><div class=\"w-tabs-section-control\"><\/div><\/button><div  class=\"w-tabs-section-content us_custom_df5f4c97\" id=\"content-w574\"><div class=\"w-tabs-section-content-h i-cf\"><div class=\"wpb_text_column\"><div class=\"wpb_wrapper\"><p>Nel caso di edifici residenziali, solo se il garage \u00e8 situato nel corpo dell'edificio residenziale. L'aliquota IVA 8% si applica quando un prodotto \u00e8 fornito insieme a un servizio di installazione - questo vale anche per i cancelli automatici (dotati di azionamento elettrico). L'aliquota IVA 8% non si applica ai cancelli automatici per l'accesso alla propriet\u00e0.<\/p>\n<\/div><\/div><\/div><\/div><\/div><div class=\"w-tabs-section has_text_color\" id=\"w76c\"><button class=\"w-tabs-section-header\" aria-controls=\"content-w76c\" aria-expanded=\"false\"><div class=\"w-tabs-section-title\">Quanto costa installare una porta di garage?<\/div><div class=\"w-tabs-section-control\"><\/div><\/button><div  class=\"w-tabs-section-content us_custom_df5f4c97\" id=\"content-w76c\"><div class=\"w-tabs-section-content-h i-cf\"><div class=\"wpb_text_column\"><div class=\"wpb_wrapper\"><p>I principali fattori che influenzano la determinazione dei costi sono:<\/p>\n<ul>\n<li>dimensioni e modello della porta del garage,<\/li>\n<li>tipo di unit\u00e0 utilizzata,<\/li>\n<li>dotare la porta di accessori aggiuntivi,<\/li>\n<li>costi di manodopera per il servizio di installazione (a seconda delle condizioni di installazione).<\/li>\n<\/ul>\n<p>Tutte le informazioni necessarie saranno fornite dal Servizio Clienti BEDITOM dopo un'analisi dettagliata delle vostre esigenze relative all'acquisto del prodotto e al servizio di installazione.<\/p>\n<\/div><\/div><\/div><\/div><\/div><div class=\"w-tabs-section has_text_color\" id=\"r96e\"><button class=\"w-tabs-section-header\" aria-controls=\"content-r96e\" aria-expanded=\"false\"><div class=\"w-tabs-section-title\">Dove acquistare una porta BEDITOM?<\/div><div class=\"w-tabs-section-control\"><\/div><\/button><div  class=\"w-tabs-section-content us_custom_df5f4c97\" id=\"content-r96e\"><div class=\"w-tabs-section-content-h i-cf\"><div class=\"wpb_text_column\"><div class=\"wpb_wrapper\"><div class=\"elementor-accordion-item\">\n<div id=\"elementor-tab-content-17019\" class=\"elementor-tab-content elementor-clearfix elementor-active\" role=\"region\" data-tab=\"19\" aria-labelledby=\"elementor-tab-title-17019\">\n<p>BEDITOM dispone di una rete di punti vendita autorizzati in tutta la Polonia. Per ulteriori informazioni, visitate il sito <a href=\"https:\/\/beditom.pl\/it\/gdzie-kupic\/\">https:\/\/beditom.pl\/gdzie-kupic\/<\/a>\u00a0 oppure contattate il nostro Ufficio Assistenza Clienti <a href=\"https:\/\/beditom.pl\/it\/kontakt\/\">https:\/\/beditom.pl\/kontakt\/<\/a> , dove vi forniremo informazioni dettagliate.<\/p>\n<\/div>\n<\/div>\n<div class=\"elementor-accordion-item\"><\/div>\n<\/div><\/div><\/div><\/div><\/div><div class=\"w-tabs-section has_text_color\" id=\"vb7a\"><button class=\"w-tabs-section-header\" aria-controls=\"content-vb7a\" aria-expanded=\"false\"><div class=\"w-tabs-section-title\">Posso installare una porta BEDITOM da solo?<\/div><div class=\"w-tabs-section-control\"><\/div><\/button><div  class=\"w-tabs-section-content us_custom_df5f4c97\" id=\"content-vb7a\"><div class=\"w-tabs-section-content-h i-cf\"><div class=\"wpb_text_column\"><div class=\"wpb_wrapper\"><div class=\"elementor-accordion-item\">\n<div id=\"elementor-tab-content-17016\" class=\"elementor-tab-content elementor-clearfix elementor-active\" role=\"region\" data-tab=\"16\" aria-labelledby=\"elementor-tab-title-17016\">\n<p>L'installazione dei portoni sezionali BEDITOM, a causa delle soluzioni utilizzate, \u00e8 affidata a una squadra di montaggio specializzata. A causa delle grandi dimensioni del portone e della precisione di montaggio richiesta, si consiglia di affidare l'installazione a una squadra di montaggio professionale e addestrata. L'installazione di alcune parti del portone sezionale richiede strumenti specializzati (ad esempio, l'installazione e la regolazione delle molle di torsione). Un montaggio di qualit\u00e0 \u00e8 la chiave per un funzionamento senza problemi e confortevole del portone per molti anni. Un'installazione errata comporta disagi nell'uso quotidiano e, in casi estremi, frequenti guasti.<\/p>\n<p>Nel caso delle porte da garage, l'installazione richiede solitamente dalle 2 alle 4 ore, a seconda delle condizioni del sito, quali: disponibilit\u00e0 di energia, condizioni dell'apertura del garage, preparazione del pavimento, ecc. Il tempo di installazione dipende anche dalle dimensioni della porta e dal numero di accessori (operatore, fotocellule, dispositivi di sicurezza aggiuntivi). L'installazione \u00e8 seguita da un controllo funzionale e da una verifica di eventuali dispositivi di sicurezza per evitare incidenti. In questa fase, la squadra di installatori \u00e8 tenuta a rivolgersi al cliente\/utente e a fornirgli brevi istruzioni per l'uso e la relativa documentazione. L'elemento finale \u00e8 la firma di un protocollo di accettazione bilaterale. Da questo momento in poi, la porta \u00e8 libera di essere utilizzata e coperta dalla garanzia.<\/p>\n<\/div>\n<\/div>\n<\/div><\/div><\/div><\/div><\/div><div class=\"w-tabs-section has_text_color\" id=\"qd64\"><button class=\"w-tabs-section-header\" aria-controls=\"content-qd64\" aria-expanded=\"false\"><div class=\"w-tabs-section-title\">La costruzione e le dotazioni di tutte le porte sezionali per garage sono uguali?<\/div><div class=\"w-tabs-section-control\"><\/div><\/button><div  class=\"w-tabs-section-content us_custom_df5f4c97\" id=\"content-qd64\"><div class=\"w-tabs-section-content-h i-cf\"><div class=\"wpb_text_column\"><div class=\"wpb_wrapper\"><p>Esistono molti produttori di porte sezionali. A seconda della qualit\u00e0 dei materiali utilizzati, dei componenti della ferramenta e dell'automazione, la qualit\u00e0 del prodotto e il suo prezzo prendono forma.<\/p>\n<p>BEDITOM \u00e8 un produttore di porte sezionali da diversi decenni. Grazie alla nostra esperienza, abbiamo sviluppato soluzioni moderne che soddisfano i pi\u00f9 alti standard di qualit\u00e0. Lavoriamo esclusivamente con rinomati fornitori di componenti del mercato europeo. Siamo consapevoli che la qualit\u00e0 dei componenti utilizzati ha un impatto decisivo sul funzionamento a lungo termine e senza difetti dei nostri prodotti. Non scendiamo a compromessi sulla qualit\u00e0 delle nostre porte. Siamo uno dei produttori leader che si concentra sulla durata e sulla sicurezza operativa dei propri prodotti. Per saperne di pi\u00f9 sul nostro approccio, visitate il sito: <a href=\"https:\/\/beditom.pl\/it\/o-firmie\/\">https:\/\/beditom.pl\/o-firmie\/<\/a>.<\/p>\n<\/div><\/div><\/div><\/div><\/div><div class=\"w-tabs-section has_text_color\" id=\"kf59\"><button class=\"w-tabs-section-header\" aria-controls=\"content-kf59\" aria-expanded=\"false\"><div class=\"w-tabs-section-title\">Come si effettua la manutenzione e la cura della nuova porta BEDITOM?<\/div><div class=\"w-tabs-section-control\"><\/div><\/button><div  class=\"w-tabs-section-content us_custom_df5f4c97\" id=\"content-kf59\"><div class=\"w-tabs-section-content-h i-cf\"><div class=\"wpb_text_column\"><div class=\"wpb_wrapper\"><p>Le porte BEDITOM non richiedono particolari cure da parte dell'utente. \u00c8 sufficiente mantenere pulite le sezioni della porta e i componenti meccanici privi di sporcizia e mantenerli con gli appositi agenti protettivi. Gli elementi di attrito devono essere lubrificati per garantire un funzionamento regolare, assicurando cos\u00ec molti anni di vita senza problemi.<\/p>\n<p>A causa del tipico ciclo di costruzione e dell'esperienza pluriennale nella produzione e nell'installazione di portoni sezionali, raccomandiamo un controllo in garanzia dopo il primo anno di funzionamento. Siamo consapevoli del fatto che in condizioni di costruzione i portoni sono esposti a condizioni di lavoro particolarmente dure in un ambiente meccanico molto sfavorevole (polvere di cemento, intonacatura, lisciatura, pavimentazione, ecc.).<\/p>\n<p>Al termine dei lavori di costruzione, \u00e8 consigliabile effettuare un servizio professionale che comprenda la regolazione della porta, tenendo conto dello stato effettivo e attuale del prodotto in cantiere, dopo tutte le potenziali modifiche (ad esempio, la variazione dell'altezza del pavimento dovuta alla posa di piastrelle in cotto). \u00c8 inoltre necessario verificare l'equilibrio della porta e l'efficacia di eventuali dispositivi di sicurezza meccanici ed elettrici non progettati per funzionare in condizioni di polvere (ad esempio, durante la posa dell'intonaco).<\/p>\n<p>L'alta qualit\u00e0 del prodotto e le soluzioni tecniche adottate per i portoni sezionali fanno s\u00ec che eventuali negligenze non manchino di ripercuotersi sulla durata e sul comfort del portone negli anni successivi di utilizzo.<\/p>\n<\/div><\/div><\/div><\/div><\/div><\/div><\/div><\/div><\/div><\/div><\/div><\/section>","protected":false},"excerpt":{"rendered":"DLA DOMUWarto wiedzie\u0107 o bramach gara\u017cowych Strona g\u0142\u00f3wnaPagine Czy wiesz \u017ce? Brama gara\u017cowa zajmuje do 40% powierzchni elewacji frontowej budynku mieszkalnego i jest jednym z g\u0142\u00f3wnych element\u00f3w kszta\u0142tuj\u0105cych architektur\u0119 Twojego domu. Brama segmentowa jest najwi\u0119kszym ruchomym elementem konstrukcyjnym Twojego domu. Odpowiednio dobrana brama gara\u017cowa wraz z automatyk\u0105 i odpowiednim inteligentnym systemem sterowania pozwala zaoszcz\u0119dzi\u0107 znaczne...","protected":false},"author":1,"featured_media":599,"parent":1926,"menu_order":0,"comment_status":"closed","ping_status":"closed","template":"","meta":{"_acf_changed":false,"footnotes":""},"class_list":["post-1340","page","type-page","status-publish","has-post-thumbnail","hentry"],"acf":[],"_links":{"self":[{"href":"https:\/\/beditom.pl\/it\/wp-json\/wp\/v2\/pages\/1340","targetHints":{"allow":["GET"]}}],"collection":[{"href":"https:\/\/beditom.pl\/it\/wp-json\/wp\/v2\/pages"}],"about":[{"href":"https:\/\/beditom.pl\/it\/wp-json\/wp\/v2\/types\/page"}],"author":[{"embeddable":true,"href":"https:\/\/beditom.pl\/it\/wp-json\/wp\/v2\/users\/1"}],"replies":[{"embeddable":true,"href":"https:\/\/beditom.pl\/it\/wp-json\/wp\/v2\/comments?post=1340"}],"version-history":[{"count":24,"href":"https:\/\/beditom.pl\/it\/wp-json\/wp\/v2\/pages\/1340\/revisions"}],"predecessor-version":[{"id":4784,"href":"https:\/\/beditom.pl\/it\/wp-json\/wp\/v2\/pages\/1340\/revisions\/4784"}],"up":[{"embeddable":true,"href":"https:\/\/beditom.pl\/it\/wp-json\/wp\/v2\/pages\/1926"}],"wp:featuredmedia":[{"embeddable":true,"href":"https:\/\/beditom.pl\/it\/wp-json\/wp\/v2\/media\/599"}],"wp:attachment":[{"href":"https:\/\/beditom.pl\/it\/wp-json\/wp\/v2\/media?parent=1340"}],"curies":[{"name":"wp","href":"https:\/\/api.w.org\/{rel}","templated":true}]}}