{"id":903,"date":"2024-03-23T13:05:38","date_gmt":"2024-03-23T13:05:38","guid":{"rendered":"https:\/\/beditom.pl\/?page_id=903"},"modified":"2026-03-20T12:41:01","modified_gmt":"2026-03-20T11:41:01","slug":"automatyka-do-bram-garazowych","status":"publish","type":"page","link":"https:\/\/beditom.pl\/fr\/dla-domu\/automatyka-do-bram-garazowych\/","title":{"rendered":"Automatisation de la porte de garage"},"content":{"rendered":"<section class=\"l-section wpb_row height_medium width_custom color_primary\" style=\"--site-content-width:1320px;\"><div class=\"l-section-h i-cf\"><div class=\"g-cols vc_row via_grid cols_1-4-1 laptops-cols_inherit tablets-cols_inherit mobiles-cols_1 valign_top type_default stacking_default\"><div class=\"wpb_column vc_column_container\"><div class=\"vc_column-inner\"><\/div><\/div><div class=\"wpb_column vc_column_container\"><div class=\"vc_column-inner\"><div class=\"w-html us_custom_b011e678 has_text_color\"><h1 class=\"us_custom_b011e678\">Automatisation de la porte de garage\n<\/h1><\/div><\/div><\/div><div class=\"wpb_column vc_column_container\"><div class=\"vc_column-inner\"><\/div><\/div><\/div><\/div><\/section><section class=\"l-section wpb_row us_custom_e29345e3 height_medium width_custom\" style=\"--site-content-width:1320px;\"><div class=\"l-section-h i-cf\"><div class=\"g-cols vc_row via_grid cols_1 laptops-cols_inherit tablets-cols_inherit mobiles-cols_1 valign_top type_default stacking_default\"><div class=\"wpb_column vc_column_container\"><div class=\"vc_column-inner\"><nav class=\"g-breadcrumbs us_custom_fdcab3db separator_icon align_none hide_current\" itemscope itemtype=\"http:\/\/schema.org\/BreadcrumbList\"><div class=\"g-breadcrumbs-item\" itemscope itemprop=\"itemListElement\" itemtype=\"http:\/\/schema.org\/ListItem\"><a itemprop=\"item\" href=\"https:\/\/beditom.pl\/fr\/\"><span itemprop=\"name\">Page d'accueil<\/span><\/a><meta itemprop=\"position\" content=\"1\"\/><\/div><div class=\"g-breadcrumbs-separator\"><i class=\"far fa-angle-right\"><\/i><\/div><div class=\"g-breadcrumbs-item\">Pages<\/div><\/nav><\/div><\/div><\/div><\/div><\/section>\n<section class=\"l-section wpb_row height_medium width_custom\" style=\"--site-content-width:1320px;\"><div class=\"l-section-h i-cf\"><div class=\"g-cols vc_row via_grid cols_1 laptops-cols_inherit tablets-cols_inherit mobiles-cols_1 valign_top type_default stacking_default\"><div class=\"wpb_column vc_column_container\"><div class=\"vc_column-inner\"><div class=\"w-html us_custom_ecd4848b has_text_color\"><p>Automatisation de la porte de garage\n\n<\/p><\/div><div class=\"w-html us_custom_9ebf969f\"><p>Automatisation de la porte de garage pour votre maison<\/p><\/div><div class=\"wpb_text_column\"><div class=\"wpb_wrapper\"><p><span>Dans le domaine de l'automatisation des portes de garage, nous ne collaborons qu'avec les meilleures entreprises europ\u00e9ennes. Gr\u00e2ce \u00e0 cela, nous offrons \u00e0 nos clients le plus haut niveau de confort et de s\u00e9curit\u00e9.<\/span><\/p>\n<\/div><\/div><div class=\"g-cols wpb_row via_grid cols_3 laptops-cols_inherit tablets-cols_inherit mobiles-cols_1 valign_top type_default stacking_default\" style=\"--columns-gap:3rem;\"><div class=\"wpb_column vc_column_container\"><div class=\"vc_column-inner\"><div class=\"w-html\"><div class=\"w-grid-item-h\">\n\t\t\t\t\t\t<div class=\"w-vwrapper usg_vwrapper_1 align_left valign_top\"><div class=\"w-post-elm post_image usg_post_image_1 stretched\"><a target=\"_blank\" href=\"https:\/\/liftmaster.eu\/en\/collections\/garage-door-openers\" aria-label=\"Automatisation des portes de garage LiftMaster\" rel=\"noopener\"><img fetchpriority=\"high\" decoding=\"async\" width=\"300\" height=\"200\" src=\"https:\/\/beditom.pl\/app\/uploads\/2024\/07\/Logo_LiftMaster-e1720681628112.png\" class=\"attachment-medium size-medium wp-post-image\" alt=\"Beditom bramy gara\u017cowe\" srcset=\"https:\/\/beditom.pl\/app\/uploads\/2024\/07\/Logo_LiftMaster-e1720681628112.png 300w, https:\/\/beditom.pl\/app\/uploads\/2024\/07\/Logo_LiftMaster-e1720681628112-200x133.png 200w\" sizes=\"(max-width: 300px) 100vw, 300px\" title=\"Portes de garage sectionnelles Beditom\"><\/a><\/div><p class=\"w-post-elm post_title usg_post_title_1 entry-title color_link_inherit\"><a href=\"https:\/\/liftmaster.eu\/en\/collections\/garage-door-openers\" target=\"_blank\" rel=\"noopener\">Automatisation des portes de garage LiftMaster<\/a><\/p><a target=\"_blank\" class=\"w-btn us-btn-style_4 usg_btn_1\" href=\"https:\/\/liftmaster.eu\/en\/collections\/garage-door-openers\" rel=\"noopener\"><span class=\"w-btn-label\">Plus d'informations<\/span><\/a><\/div>\t\t<\/div><\/div><\/div><\/div><div class=\"wpb_column vc_column_container\"><div class=\"vc_column-inner\"><div class=\"w-html\"><div class=\"w-grid-item-h\">\n\t\t\t\t\t\t<div class=\"w-vwrapper usg_vwrapper_1 align_left valign_top\"><div class=\"w-post-elm post_image usg_post_image_1 stretched\"><a target=\"_blank\" href=\"https:\/\/www.sommer.eu\/en-int\/products\/garage-door-operators\" aria-label=\"Automatismes Sommer pour portes de garage\" rel=\"noopener\"><img loading=\"lazy\" decoding=\"async\" width=\"300\" height=\"200\" src=\"https:\/\/beditom.pl\/app\/uploads\/2024\/07\/logo_sommer-e1720681671456.png\" class=\"attachment-medium size-medium wp-post-image\" alt=\"Beditom bramy gara\u017cowe\" srcset=\"https:\/\/beditom.pl\/app\/uploads\/2024\/07\/logo_sommer-e1720681671456.png 300w, https:\/\/beditom.pl\/app\/uploads\/2024\/07\/logo_sommer-e1720681671456-200x133.png 200w\" sizes=\"auto, (max-width: 300px) 100vw, 300px\" title=\"Portes de garage sectionnelles Beditom\"><\/a><\/div><p class=\"w-post-elm post_title usg_post_title_1 entry-title color_link_inherit\"><a href=\"https:\/\/www.sommer.eu\/en-int\/products\/garage-door-operators\" target=\"_blank\" rel=\"noopener\">Automatismes Sommer pour portes de garage<\/a><\/p><a target=\"_blank\" class=\"w-btn us-btn-style_4 usg_btn_1\" href=\"https:\/\/www.sommer.eu\/en-int\/products\/garage-door-operators\" rel=\"noopener\"><span class=\"w-btn-label\">Plus d'informations<\/span><\/a><\/div>\t\t<\/div><\/div><\/div><\/div><div class=\"wpb_column vc_column_container\"><div class=\"vc_column-inner\"><div class=\"w-html\"><div class=\"w-grid-item-h\">\n\t\t\t\t\t\t<div class=\"w-vwrapper usg_vwrapper_1 align_left valign_top\"><div class=\"w-post-elm post_image usg_post_image_1 stretched\"><a target=\"_blank\" href=\"https:\/\/www.somfy.co.uk\/products\/electric-garage-doors\/motors\" aria-label=\"Automatisation Somfy pour portes de garage\" rel=\"noopener\"><img loading=\"lazy\" decoding=\"async\" width=\"300\" height=\"200\" src=\"https:\/\/beditom.pl\/app\/uploads\/2024\/07\/logo_somfy-e1720681654505.png\" class=\"attachment-medium size-medium wp-post-image\" alt=\"Beditom bramy gara\u017cowe\" srcset=\"https:\/\/beditom.pl\/app\/uploads\/2024\/07\/logo_somfy-e1720681654505.png 300w, https:\/\/beditom.pl\/app\/uploads\/2024\/07\/logo_somfy-e1720681654505-200x133.png 200w\" sizes=\"auto, (max-width: 300px) 100vw, 300px\" title=\"Portes de garage sectionnelles Beditom\"><\/a><\/div><p class=\"w-post-elm post_title usg_post_title_1 entry-title color_link_inherit\"><a href=\"https:\/\/www.somfy.co.uk\/products\/electric-garage-doors\/motors\" target=\"_blank\" rel=\"noopener\">Automatisation Somfy pour portes de garage<\/a><\/p><a target=\"_blank\" class=\"w-btn us-btn-style_4 usg_btn_1\" href=\"https:\/\/www.somfy.co.uk\/products\/electric-garage-doors\/motors\" rel=\"noopener\"><span class=\"w-btn-label\">Plus d'informations<\/span><\/a><\/div>\t\t<\/div><\/div><\/div><\/div><\/div><\/div><\/div><\/div><\/div><\/section>","protected":false},"excerpt":{"rendered":"Somfy automatyka do bram gara\u017cowych Strona g\u0142\u00f3wnaPages Opis produktu Lepsza jako\u015b\u0107 \u017cycia wok\u00f3\u0142 Twojego domu Wyb\u00f3r nap\u0119d\u00f3w Somfy oznacza czerpanie korzy\u015bci z niepowtarzalnych, innowacyjnych zalet wysokowarto\u015bciowego produktu, kt\u00f3ry nigdy nie staje si\u0119 przestarza\u0142y. Nieustannie powi\u0119kszany i ulepszany, szeroki asortyment produkt\u00f3w odpowiadaj\u0105cych dok\u0142adnie na potrzeby klient\u00f3w. Aplikacja Somfy Connexoon Tw\u00f3j pierwszy krok do inteligentnego domu Dzi\u0119ki...","protected":false},"author":1,"featured_media":1938,"parent":1926,"menu_order":0,"comment_status":"closed","ping_status":"closed","template":"","meta":{"_acf_changed":false,"footnotes":""},"class_list":["post-903","page","type-page","status-publish","has-post-thumbnail","hentry"],"acf":[],"_links":{"self":[{"href":"https:\/\/beditom.pl\/fr\/wp-json\/wp\/v2\/pages\/903","targetHints":{"allow":["GET"]}}],"collection":[{"href":"https:\/\/beditom.pl\/fr\/wp-json\/wp\/v2\/pages"}],"about":[{"href":"https:\/\/beditom.pl\/fr\/wp-json\/wp\/v2\/types\/page"}],"author":[{"embeddable":true,"href":"https:\/\/beditom.pl\/fr\/wp-json\/wp\/v2\/users\/1"}],"replies":[{"embeddable":true,"href":"https:\/\/beditom.pl\/fr\/wp-json\/wp\/v2\/comments?post=903"}],"version-history":[{"count":22,"href":"https:\/\/beditom.pl\/fr\/wp-json\/wp\/v2\/pages\/903\/revisions"}],"predecessor-version":[{"id":5059,"href":"https:\/\/beditom.pl\/fr\/wp-json\/wp\/v2\/pages\/903\/revisions\/5059"}],"up":[{"embeddable":true,"href":"https:\/\/beditom.pl\/fr\/wp-json\/wp\/v2\/pages\/1926"}],"wp:featuredmedia":[{"embeddable":true,"href":"https:\/\/beditom.pl\/fr\/wp-json\/wp\/v2\/media\/1938"}],"wp:attachment":[{"href":"https:\/\/beditom.pl\/fr\/wp-json\/wp\/v2\/media?parent=903"}],"curies":[{"name":"wp","href":"https:\/\/api.w.org\/{rel}","templated":true}]}}