{"id":723,"date":"2024-03-14T21:52:11","date_gmt":"2024-03-14T21:52:11","guid":{"rendered":"https:\/\/beditom.pl\/?page_id=723"},"modified":"2026-03-23T08:13:42","modified_gmt":"2026-03-23T07:13:42","slug":"bramy-garazowe-termoline-60","status":"publish","type":"page","link":"https:\/\/beditom.pl\/fr\/dla-domu\/bramy-garazowe\/bramy-garazowe-termoline-60\/","title":{"rendered":"Termoline 60"},"content":{"rendered":"<section class=\"l-section wpb_row height_medium width_custom color_primary\" style=\"--site-content-width:1320px;\"><div class=\"l-section-h i-cf\"><div class=\"g-cols vc_row via_grid cols_1-4-1 laptops-cols_inherit tablets-cols_inherit mobiles-cols_1 valign_top type_default stacking_default\"><div class=\"wpb_column vc_column_container\"><div class=\"vc_column-inner\"><\/div><\/div><div class=\"wpb_column vc_column_container\"><div class=\"vc_column-inner\"><div class=\"w-html us_custom_b011e678 has_text_color\"><p>TERMOLINE 60<\/p><\/div><\/div><\/div><div class=\"wpb_column vc_column_container\"><div class=\"vc_column-inner\"><\/div><\/div><\/div><\/div><\/section><section class=\"l-section wpb_row us_custom_e29345e3 height_medium width_custom\" style=\"--site-content-width:1320px;\"><div class=\"l-section-h i-cf\"><div class=\"g-cols vc_row via_grid cols_1 laptops-cols_inherit tablets-cols_inherit mobiles-cols_1 valign_top type_default stacking_default\"><div class=\"wpb_column vc_column_container\"><div class=\"vc_column-inner\"><nav class=\"g-breadcrumbs us_custom_fdcab3db separator_icon align_none hide_current\" itemscope itemtype=\"http:\/\/schema.org\/BreadcrumbList\"><div class=\"g-breadcrumbs-item\" itemscope itemprop=\"itemListElement\" itemtype=\"http:\/\/schema.org\/ListItem\"><a itemprop=\"item\" href=\"https:\/\/beditom.pl\/fr\/\"><span itemprop=\"name\">Page d'accueil<\/span><\/a><meta itemprop=\"position\" content=\"1\"\/><\/div><div class=\"g-breadcrumbs-separator\"><i class=\"far fa-angle-right\"><\/i><\/div><div class=\"g-breadcrumbs-item\">Pages<\/div><\/nav><\/div><\/div><\/div><\/div><\/section>\n<section class=\"l-section wpb_row height_medium width_custom\" style=\"--site-content-width:1320px;\"><div class=\"l-section-h i-cf\"><div class=\"g-cols vc_row via_grid cols_2 laptops-cols_inherit tablets-cols_inherit mobiles-cols_1 valign_top type_default stacking_default\"><div class=\"wpb_column vc_column_container\"><div class=\"vc_column-inner\"><div class=\"w-html us_custom_ecd4848b has_text_color\"><p>DESCRIPTION DU PRODUIT<\/p><\/div><div class=\"w-html us_custom_9ebf969f\"><p>Termoline 60\n<\/p><\/div><div class=\"wpb_text_column\"><div class=\"wpb_wrapper\"><p>La porte Termoline est compos\u00e9e de sections de 60 mm d'\u00e9paisseur avec un coefficient de transfert thermique K=0,34 W\/m<sup>2<\/sup>K.<\/p>\n<p><img loading=\"lazy\" decoding=\"async\" class=\"aligncenter size-medium wp-image-3850\" src=\"https:\/\/beditom.pl\/app\/uploads\/2024\/07\/panel_termoline-300x196.png\" alt=\"Beditom bramy gara\u017cowe\" width=\"300\" height=\"196\" srcset=\"https:\/\/beditom.pl\/app\/uploads\/2024\/07\/panel_termoline-300x196.png 300w, https:\/\/beditom.pl\/app\/uploads\/2024\/07\/panel_termoline-200x131.png 200w, https:\/\/beditom.pl\/app\/uploads\/2024\/07\/panel_termoline.png 494w\" sizes=\"auto, (max-width: 300px) 100vw, 300px\" title=\"Portes de garage sectionnelles Beditom\"><\/p>\n<p>Gr\u00e2ce \u00e0 sa conception sp\u00e9ciale, il est dot\u00e9 d'un double syst\u00e8me d'\u00e9tanch\u00e9it\u00e9 dans les zones critiques o\u00f9 se produisent les plus grandes pertes de chaleur, \u00e0 savoir : les joints entre les sections, le joint p\u00e9rim\u00e9trique vertical, le joint dans le linteau de la porte et dans la zone du seuil inf\u00e9rieur en contact avec le sol. En outre, un joint sp\u00e9cial \u201ethermobreak\u201d a \u00e9t\u00e9 utilis\u00e9 entre la structure de guidage en acier et les murs du garage, ce qui permet d'\u00e9viter des pertes de chaleur allant jusqu'\u00e0 15%.<\/p>\n<p>Il est important de noter que la fr\u00e9quence et le moment d'ouverture de la porte ont une influence majeure sur la perte de chaleur dans le garage. Les portes de garage automatiques Termoline sont \u00e9quip\u00e9es d'un excellent syst\u00e8me d'automatisation de la soci\u00e9t\u00e9 allemande Berner, avec des vitesses d'ouverture et de fermeture r\u00e9glables. Par cons\u00e9quent, le cycle d'ouverture\/fermeture de la porte peut \u00eatre r\u00e9duit de 30% par rapport aux portes \u00e9quip\u00e9es d'autres op\u00e9rateurs sur le march\u00e9.<\/p>\n<\/div><\/div><\/div><\/div><div class=\"wpb_column vc_column_container\"><div class=\"vc_column-inner\"><div class=\"w-image align_center\"><div class=\"w-image-h\"><img decoding=\"async\" width=\"800\" height=\"769\" src=\"https:\/\/beditom.pl\/app\/uploads\/2024\/03\/render_garazowy_topline.webp\" class=\"attachment-full size-full\" alt=\"Beditom bramy gara\u017cowe\" loading=\"lazy\" srcset=\"https:\/\/beditom.pl\/app\/uploads\/2024\/03\/render_garazowy_topline.webp 800w, https:\/\/beditom.pl\/app\/uploads\/2024\/03\/render_garazowy_topline-300x288.webp 300w, https:\/\/beditom.pl\/app\/uploads\/2024\/03\/render_garazowy_topline-600x577.webp 600w\" sizes=\"auto, (max-width: 800px) 100vw, 800px\" title=\"Portes de garage sectionnelles Beditom\"><\/div><\/div><\/div><\/div><\/div><\/div><\/section><section class=\"l-section wpb_row height_auto width_custom\" style=\"--site-content-width:1320px;\"><div class=\"l-section-h i-cf\"><div class=\"g-cols vc_row via_grid cols_1 laptops-cols_inherit tablets-cols_inherit mobiles-cols_1 valign_top type_default stacking_default\"><div class=\"wpb_column vc_column_container\"><div class=\"vc_column-inner\"><div class=\"w-html us_custom_ecd4848b has_text_color\"><p>STRUCTURE ET COLORATION<\/p><\/div><\/div><\/div><\/div><\/div><\/section><section class=\"l-section wpb_row height_small width_custom\" style=\"--site-content-width:1320px;\"><div class=\"l-section-h i-cf\"><div class=\"g-cols vc_row via_grid cols_1-4 laptops-cols_inherit tablets-cols_inherit mobiles-cols_1 valign_top type_default stacking_default\"><div class=\"wpb_column vc_column_container\"><div class=\"vc_column-inner\"><div class=\"wpb_text_column\"><div class=\"wpb_wrapper\"><p style=\"text-align: center;\">Structure lisse<\/p>\n<\/div><\/div><div class=\"w-image style_circle align_center\"><div class=\"w-image-h\"><img decoding=\"async\" width=\"175\" height=\"175\" src=\"https:\/\/beditom.pl\/app\/uploads\/2024\/03\/kolor_ral_9010.jpg\" class=\"attachment-medium size-medium\" alt=\"Beditom bramy gara\u017cowe\" loading=\"eager\" srcset=\"https:\/\/beditom.pl\/app\/uploads\/2024\/03\/kolor_ral_9010.jpg 175w, https:\/\/beditom.pl\/app\/uploads\/2024\/03\/kolor_ral_9010-150x150.jpg 150w, https:\/\/beditom.pl\/app\/uploads\/2024\/03\/kolor_ral_9010-50x50.jpg 50w\" sizes=\"(max-width: 175px) 100vw, 175px\" title=\"Portes de garage sectionnelles Beditom\"><\/div><\/div><\/div><\/div><div class=\"wpb_column vc_column_container\"><div class=\"vc_column-inner\"><div class=\"w-gallery fit_cover type_grid ratio_1x1 count_4\" style=\"--columns:4;--items-gap:10px;\"><div class=\"w-gallery-list\"><div class=\"w-gallery-item\"><div class=\"w-gallery-item-img\"><img loading=\"lazy\" decoding=\"async\" width=\"294\" height=\"300\" src=\"https:\/\/beditom.pl\/app\/uploads\/2024\/07\/9010-294x300.webp\" class=\"attachment-medium size-medium\" alt=\"Beditom bramy gara\u017cowe\" srcset=\"https:\/\/beditom.pl\/app\/uploads\/2024\/07\/9010-294x300.webp 294w, https:\/\/beditom.pl\/app\/uploads\/2024\/07\/9010-196x200.webp 196w, https:\/\/beditom.pl\/app\/uploads\/2024\/07\/9010.webp 897w\" sizes=\"auto, (max-width: 294px) 100vw, 294px\" title=\"Portes de garage sectionnelles Beditom\"><\/div><\/div><div class=\"w-gallery-item\"><div class=\"w-gallery-item-img\"><img loading=\"lazy\" decoding=\"async\" width=\"294\" height=\"300\" src=\"https:\/\/beditom.pl\/app\/uploads\/2024\/07\/8014-294x300.webp\" class=\"attachment-medium size-medium\" alt=\"Beditom bramy gara\u017cowe\" srcset=\"https:\/\/beditom.pl\/app\/uploads\/2024\/07\/8014-294x300.webp 294w, https:\/\/beditom.pl\/app\/uploads\/2024\/07\/8014-196x200.webp 196w, https:\/\/beditom.pl\/app\/uploads\/2024\/07\/8014.webp 897w\" sizes=\"auto, (max-width: 294px) 100vw, 294px\" title=\"Portes de garage sectionnelles Beditom\"><\/div><\/div><div class=\"w-gallery-item\"><div class=\"w-gallery-item-img\"><img loading=\"lazy\" decoding=\"async\" width=\"300\" height=\"300\" src=\"https:\/\/beditom.pl\/app\/uploads\/2024\/07\/7016-300x300.webp\" class=\"attachment-medium size-medium\" alt=\"Beditom bramy gara\u017cowe\" srcset=\"https:\/\/beditom.pl\/app\/uploads\/2024\/07\/7016-300x300.webp 300w, https:\/\/beditom.pl\/app\/uploads\/2024\/07\/7016-150x150.webp 150w, https:\/\/beditom.pl\/app\/uploads\/2024\/07\/7016-200x200.webp 200w, https:\/\/beditom.pl\/app\/uploads\/2024\/07\/7016.webp 1000w\" sizes=\"auto, (max-width: 300px) 100vw, 300px\" title=\"Portes de garage sectionnelles Beditom\"><\/div><\/div><div class=\"w-gallery-item\"><div class=\"w-gallery-item-img\"><img loading=\"lazy\" decoding=\"async\" width=\"300\" height=\"297\" src=\"https:\/\/beditom.pl\/app\/uploads\/2024\/07\/RAL_wachlarz_-300x297.jpg\" class=\"attachment-medium size-medium\" alt=\"Wachlarz kolor\u00f3w palety RAL\" srcset=\"https:\/\/beditom.pl\/app\/uploads\/2024\/07\/RAL_wachlarz_-300x297.jpg 300w, https:\/\/beditom.pl\/app\/uploads\/2024\/07\/RAL_wachlarz_-150x150.jpg 150w, https:\/\/beditom.pl\/app\/uploads\/2024\/07\/RAL_wachlarz_-200x198.jpg 200w, https:\/\/beditom.pl\/app\/uploads\/2024\/07\/RAL_wachlarz_.jpg 950w\" sizes=\"auto, (max-width: 300px) 100vw, 300px\" title=\"Portes de garage sectionnelles Beditom\"><\/div><\/div><\/div><\/div><\/div><\/div><\/div><\/div><\/section>","protected":false},"excerpt":{"rendered":"","protected":false},"author":1,"featured_media":716,"parent":598,"menu_order":0,"comment_status":"closed","ping_status":"closed","template":"","meta":{"_acf_changed":false,"footnotes":""},"class_list":["post-723","page","type-page","status-publish","has-post-thumbnail","hentry"],"acf":[],"_links":{"self":[{"href":"https:\/\/beditom.pl\/fr\/wp-json\/wp\/v2\/pages\/723","targetHints":{"allow":["GET"]}}],"collection":[{"href":"https:\/\/beditom.pl\/fr\/wp-json\/wp\/v2\/pages"}],"about":[{"href":"https:\/\/beditom.pl\/fr\/wp-json\/wp\/v2\/types\/page"}],"author":[{"embeddable":true,"href":"https:\/\/beditom.pl\/fr\/wp-json\/wp\/v2\/users\/1"}],"replies":[{"embeddable":true,"href":"https:\/\/beditom.pl\/fr\/wp-json\/wp\/v2\/comments?post=723"}],"version-history":[{"count":23,"href":"https:\/\/beditom.pl\/fr\/wp-json\/wp\/v2\/pages\/723\/revisions"}],"predecessor-version":[{"id":5084,"href":"https:\/\/beditom.pl\/fr\/wp-json\/wp\/v2\/pages\/723\/revisions\/5084"}],"up":[{"embeddable":true,"href":"https:\/\/beditom.pl\/fr\/wp-json\/wp\/v2\/pages\/598"}],"wp:featuredmedia":[{"embeddable":true,"href":"https:\/\/beditom.pl\/fr\/wp-json\/wp\/v2\/media\/716"}],"wp:attachment":[{"href":"https:\/\/beditom.pl\/fr\/wp-json\/wp\/v2\/media?parent=723"}],"curies":[{"name":"wp","href":"https:\/\/api.w.org\/{rel}","templated":true}]}}