{"id":702,"date":"2024-03-14T21:16:15","date_gmt":"2024-03-14T21:16:15","guid":{"rendered":"https:\/\/beditom.pl\/?page_id=702"},"modified":"2026-03-23T08:12:30","modified_gmt":"2026-03-23T07:12:30","slug":"bramy-garazowe-izoline","status":"publish","type":"page","link":"https:\/\/beditom.pl\/fr\/dla-domu\/bramy-garazowe\/bramy-garazowe-izoline\/","title":{"rendered":"Isoline"},"content":{"rendered":"<section class=\"l-section wpb_row height_medium width_custom color_primary\" style=\"--site-content-width:1320px;\"><div class=\"l-section-h i-cf\"><div class=\"g-cols vc_row via_grid cols_1-4-1 laptops-cols_inherit tablets-cols_inherit mobiles-cols_1 valign_top type_default stacking_default\"><div class=\"wpb_column vc_column_container\"><div class=\"vc_column-inner\"><\/div><\/div><div class=\"wpb_column vc_column_container\"><div class=\"vc_column-inner\"><div class=\"w-html us_custom_b011e678 has_text_color\"><p>IZOLINE<\/p><\/div><\/div><\/div><div class=\"wpb_column vc_column_container\"><div class=\"vc_column-inner\"><\/div><\/div><\/div><\/div><\/section><section class=\"l-section wpb_row us_custom_e29345e3 height_medium width_custom\" style=\"--site-content-width:1320px;\"><div class=\"l-section-h i-cf\"><div class=\"g-cols vc_row via_grid cols_1 laptops-cols_inherit tablets-cols_inherit mobiles-cols_1 valign_top type_default stacking_default\"><div class=\"wpb_column vc_column_container\"><div class=\"vc_column-inner\"><nav class=\"g-breadcrumbs us_custom_fdcab3db separator_icon align_none hide_current\" itemscope itemtype=\"http:\/\/schema.org\/BreadcrumbList\"><div class=\"g-breadcrumbs-item\" itemscope itemprop=\"itemListElement\" itemtype=\"http:\/\/schema.org\/ListItem\"><a itemprop=\"item\" href=\"https:\/\/beditom.pl\/fr\/\"><span itemprop=\"name\">Page d'accueil<\/span><\/a><meta itemprop=\"position\" content=\"1\"\/><\/div><div class=\"g-breadcrumbs-separator\"><i class=\"far fa-angle-right\"><\/i><\/div><div class=\"g-breadcrumbs-item\">Pages<\/div><\/nav><\/div><\/div><\/div><\/div><\/section>\n<section class=\"l-section wpb_row height_medium width_custom\" style=\"--site-content-width:1320px;\"><div class=\"l-section-h i-cf\"><div class=\"g-cols vc_row via_grid cols_2 laptops-cols_inherit tablets-cols_inherit mobiles-cols_1 valign_top type_default stacking_default\"><div class=\"wpb_column vc_column_container\"><div class=\"vc_column-inner\"><div class=\"w-html us_custom_ecd4848b has_text_color\"><p>DESCRIPTION DU PRODUIT<\/p><\/div><div class=\"w-html us_custom_9ebf969f\"><p>Isoline\n<\/p><\/div><div class=\"wpb_text_column\"><div class=\"wpb_wrapper\"><div class=\"page\" title=\"Page 4\">\n<div class=\"section\">\n<div class=\"layoutArea\">\n<div class=\"column\">\n<p>Les portes Izoline \u00e0 gaufrage \u00e9troit sont avant tout un motif de gaufrage parfaitement agenc\u00e9 qui s'adapte \u00e0 toutes les solutions architecturales.<\/p>\n<ul>\n<li>lame de porte en panneaux d'acier avec une \u00e2me isolante en mousse de polyur\u00e9thane sans CFC<\/li>\n<li>gaufrage horizontal, \u00e9troit et espac\u00e9 d'environ 10 cm<\/li>\n<li>\u00e9paisseur de la porte 40 mm<\/li>\n<li>panneaux avec protection contre le pincement des doigts<\/li>\n<li>\u00e9l\u00e9ments de construction de la porte en plaques d'acier galvanis\u00e9 \u00e0 chaud de 1,5 mm d'\u00e9paisseur<\/li>\n<li>La balance de porte est con\u00e7ue pour un minimum de 25 000 cycles. 25 000 cycles avec la possibilit\u00e9 d'augmenter<\/li>\n<li>protection contre la chute incontr\u00f4l\u00e9e de la porte en cas de rupture du ressort<\/li>\n<li>Les portes Isoline sont disponibles en version manuelle ou automatique<\/li>\n<\/ul>\n<p><img loading=\"lazy\" decoding=\"async\" class=\"aligncenter size-medium wp-image-3780\" src=\"https:\/\/beditom.pl\/app\/uploads\/2024\/07\/panel_z_waskim_przetloczeniem-300x289.png\" alt=\"Beditom bramy gara\u017cowe\" width=\"300\" height=\"289\" srcset=\"https:\/\/beditom.pl\/app\/uploads\/2024\/07\/panel_z_waskim_przetloczeniem-300x289.png 300w, https:\/\/beditom.pl\/app\/uploads\/2024\/07\/panel_z_waskim_przetloczeniem-200x193.png 200w, https:\/\/beditom.pl\/app\/uploads\/2024\/07\/panel_z_waskim_przetloczeniem.png 307w\" sizes=\"auto, (max-width: 300px) 100vw, 300px\" title=\"Portes de garage sectionnelles Beditom\"><\/p>\n<p style=\"text-align: center;\">Panneau sectionnel avec motif gaufr\u00e9.<\/p>\n<\/div>\n<\/div>\n<\/div>\n<\/div>\n<\/div><\/div><\/div><\/div><div class=\"wpb_column vc_column_container\"><div class=\"vc_column-inner\"><div class=\"w-image align_none\"><div class=\"w-image-h\"><img decoding=\"async\" width=\"800\" height=\"746\" src=\"https:\/\/beditom.pl\/app\/uploads\/2024\/03\/render_garazowy_izoline_.webp\" class=\"attachment-large size-large\" alt=\"Beditom bramy gara\u017cowe\" loading=\"lazy\" srcset=\"https:\/\/beditom.pl\/app\/uploads\/2024\/03\/render_garazowy_izoline_.webp 800w, https:\/\/beditom.pl\/app\/uploads\/2024\/03\/render_garazowy_izoline_-300x280.webp 300w, https:\/\/beditom.pl\/app\/uploads\/2024\/03\/render_garazowy_izoline_-600x560.webp 600w\" sizes=\"auto, (max-width: 800px) 100vw, 800px\" title=\"Portes de garage sectionnelles Beditom\"><\/div><\/div><\/div><\/div><\/div><\/div><\/section><section class=\"l-section wpb_row height_auto width_custom\" style=\"--site-content-width:1320px;\"><div class=\"l-section-h i-cf\"><div class=\"g-cols vc_row via_grid cols_1 laptops-cols_inherit tablets-cols_inherit mobiles-cols_1 valign_top type_default stacking_default\"><div class=\"wpb_column vc_column_container\"><div class=\"vc_column-inner\"><div class=\"w-html us_custom_ecd4848b has_text_color\"><p>STRUCTURE ET COLORATION<\/p><\/div><\/div><\/div><\/div><\/div><\/section><section class=\"l-section wpb_row height_small width_custom\" style=\"--site-content-width:1320px;\"><div class=\"l-section-h i-cf\"><div class=\"g-cols vc_row via_grid cols_1-4 laptops-cols_inherit tablets-cols_inherit mobiles-cols_1 valign_top type_default stacking_default\"><div class=\"wpb_column vc_column_container\"><div class=\"vc_column-inner\"><div class=\"wpb_text_column\"><div class=\"wpb_wrapper\"><p style=\"text-align: center;\">Structure en bois<\/p>\n<\/div><\/div><div class=\"w-image style_circle align_center\"><div class=\"w-image-h\"><img fetchpriority=\"high\" decoding=\"async\" width=\"300\" height=\"289\" src=\"https:\/\/beditom.pl\/app\/uploads\/2024\/07\/struktura_woodgrain-300x289.png\" class=\"attachment-medium size-medium\" alt=\"Beditom bramy gara\u017cowe\" loading=\"eager\" srcset=\"https:\/\/beditom.pl\/app\/uploads\/2024\/07\/struktura_woodgrain-300x289.png 300w, https:\/\/beditom.pl\/app\/uploads\/2024\/07\/struktura_woodgrain-200x193.png 200w, https:\/\/beditom.pl\/app\/uploads\/2024\/07\/struktura_woodgrain.png 307w\" sizes=\"(max-width: 300px) 100vw, 300px\" title=\"Portes de garage sectionnelles Beditom\"><\/div><\/div><\/div><\/div><div class=\"wpb_column vc_column_container\"><div class=\"vc_column-inner\"><div class=\"w-gallery fit_cover type_grid ratio_1x1 count_6\" style=\"--columns:4;--items-gap:10px;\"><div class=\"w-gallery-list\"><div class=\"w-gallery-item\"><div class=\"w-gallery-item-img\"><img loading=\"lazy\" decoding=\"async\" width=\"294\" height=\"300\" src=\"https:\/\/beditom.pl\/app\/uploads\/2024\/07\/9010-294x300.webp\" class=\"attachment-medium size-medium\" alt=\"Beditom bramy gara\u017cowe\" srcset=\"https:\/\/beditom.pl\/app\/uploads\/2024\/07\/9010-294x300.webp 294w, https:\/\/beditom.pl\/app\/uploads\/2024\/07\/9010-196x200.webp 196w, https:\/\/beditom.pl\/app\/uploads\/2024\/07\/9010.webp 897w\" sizes=\"auto, (max-width: 294px) 100vw, 294px\" title=\"Portes de garage sectionnelles Beditom\"><\/div><\/div><div class=\"w-gallery-item\"><div class=\"w-gallery-item-img\"><img loading=\"lazy\" decoding=\"async\" width=\"294\" height=\"300\" src=\"https:\/\/beditom.pl\/app\/uploads\/2024\/07\/9006-294x300.webp\" class=\"attachment-medium size-medium\" alt=\"Beditom bramy gara\u017cowe\" srcset=\"https:\/\/beditom.pl\/app\/uploads\/2024\/07\/9006-294x300.webp 294w, https:\/\/beditom.pl\/app\/uploads\/2024\/07\/9006-196x200.webp 196w, https:\/\/beditom.pl\/app\/uploads\/2024\/07\/9006.webp 897w\" sizes=\"auto, (max-width: 294px) 100vw, 294px\" title=\"Portes de garage sectionnelles Beditom\"><\/div><\/div><div class=\"w-gallery-item\"><div class=\"w-gallery-item-img\"><img loading=\"lazy\" decoding=\"async\" width=\"300\" height=\"300\" src=\"https:\/\/beditom.pl\/app\/uploads\/2024\/07\/9007-300x300.webp\" class=\"attachment-medium size-medium\" alt=\"Beditom bramy gara\u017cowe\" srcset=\"https:\/\/beditom.pl\/app\/uploads\/2024\/07\/9007-300x300.webp 300w, https:\/\/beditom.pl\/app\/uploads\/2024\/07\/9007-150x150.webp 150w, https:\/\/beditom.pl\/app\/uploads\/2024\/07\/9007-200x200.webp 200w, https:\/\/beditom.pl\/app\/uploads\/2024\/07\/9007.webp 1000w\" sizes=\"auto, (max-width: 300px) 100vw, 300px\" title=\"Portes de garage sectionnelles Beditom\"><\/div><\/div><div class=\"w-gallery-item\"><div class=\"w-gallery-item-img\"><img loading=\"lazy\" decoding=\"async\" width=\"294\" height=\"300\" src=\"https:\/\/beditom.pl\/app\/uploads\/2024\/07\/8014-294x300.webp\" class=\"attachment-medium size-medium\" alt=\"Beditom bramy gara\u017cowe\" srcset=\"https:\/\/beditom.pl\/app\/uploads\/2024\/07\/8014-294x300.webp 294w, https:\/\/beditom.pl\/app\/uploads\/2024\/07\/8014-196x200.webp 196w, https:\/\/beditom.pl\/app\/uploads\/2024\/07\/8014.webp 897w\" sizes=\"auto, (max-width: 294px) 100vw, 294px\" title=\"Portes de garage sectionnelles Beditom\"><\/div><\/div><div class=\"w-gallery-item\"><div class=\"w-gallery-item-img\"><img loading=\"lazy\" decoding=\"async\" width=\"300\" height=\"300\" src=\"https:\/\/beditom.pl\/app\/uploads\/2024\/07\/7016-300x300.webp\" class=\"attachment-medium size-medium\" alt=\"Beditom bramy gara\u017cowe\" srcset=\"https:\/\/beditom.pl\/app\/uploads\/2024\/07\/7016-300x300.webp 300w, https:\/\/beditom.pl\/app\/uploads\/2024\/07\/7016-150x150.webp 150w, https:\/\/beditom.pl\/app\/uploads\/2024\/07\/7016-200x200.webp 200w, https:\/\/beditom.pl\/app\/uploads\/2024\/07\/7016.webp 1000w\" sizes=\"auto, (max-width: 300px) 100vw, 300px\" title=\"Portes de garage sectionnelles Beditom\"><\/div><\/div><div class=\"w-gallery-item\"><div class=\"w-gallery-item-img\"><img loading=\"lazy\" decoding=\"async\" width=\"300\" height=\"297\" src=\"https:\/\/beditom.pl\/app\/uploads\/2024\/07\/RAL_wachlarz_-300x297.jpg\" class=\"attachment-medium size-medium\" alt=\"Wachlarz kolor\u00f3w palety RAL\" srcset=\"https:\/\/beditom.pl\/app\/uploads\/2024\/07\/RAL_wachlarz_-300x297.jpg 300w, https:\/\/beditom.pl\/app\/uploads\/2024\/07\/RAL_wachlarz_-150x150.jpg 150w, https:\/\/beditom.pl\/app\/uploads\/2024\/07\/RAL_wachlarz_-200x198.jpg 200w, https:\/\/beditom.pl\/app\/uploads\/2024\/07\/RAL_wachlarz_.jpg 950w\" sizes=\"auto, (max-width: 300px) 100vw, 300px\" title=\"Portes de garage sectionnelles Beditom\"><\/div><\/div><\/div><\/div><\/div><\/div><\/div><\/div><\/section><section class=\"l-section wpb_row height_auto width_custom\" style=\"--site-content-width:1320px;\"><div class=\"l-section-h i-cf\"><div class=\"g-cols vc_row via_grid cols_1 laptops-cols_inherit tablets-cols_inherit mobiles-cols_1 valign_top type_default stacking_default\"><div class=\"wpb_column vc_column_container\"><div class=\"vc_column-inner\"><div class=\"w-html us_custom_ecd4848b has_text_color\"><p>OPTIONS DE PERFORMANCE<\/p><\/div><div class=\"w-hwrapper valign_top align_center\"><div class=\"w-image align_center meta_simple\"><div class=\"w-image-h\"><img decoding=\"async\" width=\"300\" height=\"264\" src=\"https:\/\/beditom.pl\/app\/uploads\/2024\/05\/Zrzut-ekranu-2024-05-21-o-11.48.11-300x264.png\" class=\"attachment-medium size-medium\" alt=\"Beditom bramy gara\u017cowe\" loading=\"lazy\" srcset=\"https:\/\/beditom.pl\/app\/uploads\/2024\/05\/Zrzut-ekranu-2024-05-21-o-11.48.11-300x264.png 300w, https:\/\/beditom.pl\/app\/uploads\/2024\/05\/Zrzut-ekranu-2024-05-21-o-11.48.11-1024x900.png 1024w, https:\/\/beditom.pl\/app\/uploads\/2024\/05\/Zrzut-ekranu-2024-05-21-o-11.48.11-200x176.png 200w, https:\/\/beditom.pl\/app\/uploads\/2024\/05\/Zrzut-ekranu-2024-05-21-o-11.48.11.png 1556w\" sizes=\"auto, (max-width: 300px) 100vw, 300px\" title=\"Portes de garage sectionnelles Beditom\"><\/div><div class=\"w-image-meta\"><div class=\"w-image-title\">ALUDOOR panneau en aluminium<\/div><\/div><\/div><div class=\"w-image align_center meta_simple\"><div class=\"w-image-h\"><img decoding=\"async\" width=\"300\" height=\"264\" src=\"https:\/\/beditom.pl\/app\/uploads\/2024\/05\/Zrzut-ekranu-2024-05-21-o-11.48.22-300x264.png\" class=\"attachment-medium size-medium\" alt=\"Beditom bramy gara\u017cowe\" loading=\"lazy\" srcset=\"https:\/\/beditom.pl\/app\/uploads\/2024\/05\/Zrzut-ekranu-2024-05-21-o-11.48.22-300x264.png 300w, https:\/\/beditom.pl\/app\/uploads\/2024\/05\/Zrzut-ekranu-2024-05-21-o-11.48.22-1024x901.png 1024w, https:\/\/beditom.pl\/app\/uploads\/2024\/05\/Zrzut-ekranu-2024-05-21-o-11.48.22-200x176.png 200w, https:\/\/beditom.pl\/app\/uploads\/2024\/05\/Zrzut-ekranu-2024-05-21-o-11.48.22.png 1548w\" sizes=\"auto, (max-width: 300px) 100vw, 300px\" title=\"Portes de garage sectionnelles Beditom\"><\/div><div class=\"w-image-meta\"><div class=\"w-image-title\">P3 Fen\u00eatre 430x770mm<\/div><\/div><\/div><div class=\"w-image align_center meta_simple\"><div class=\"w-image-h\"><img decoding=\"async\" width=\"300\" height=\"263\" src=\"https:\/\/beditom.pl\/app\/uploads\/2024\/05\/Zrzut-ekranu-2024-05-21-o-11.48.32-300x263.png\" class=\"attachment-medium size-medium\" alt=\"Beditom bramy gara\u017cowe\" loading=\"lazy\" srcset=\"https:\/\/beditom.pl\/app\/uploads\/2024\/05\/Zrzut-ekranu-2024-05-21-o-11.48.32-300x263.png 300w, https:\/\/beditom.pl\/app\/uploads\/2024\/05\/Zrzut-ekranu-2024-05-21-o-11.48.32-1024x896.png 1024w, https:\/\/beditom.pl\/app\/uploads\/2024\/05\/Zrzut-ekranu-2024-05-21-o-11.48.32-200x175.png 200w, https:\/\/beditom.pl\/app\/uploads\/2024\/05\/Zrzut-ekranu-2024-05-21-o-11.48.32.png 1558w\" sizes=\"auto, (max-width: 300px) 100vw, 300px\" title=\"Portes de garage sectionnelles Beditom\"><\/div><div class=\"w-image-meta\"><div class=\"w-image-title\">Fen\u00eatre P2 336x640mm avec porte de service<\/div><\/div><\/div><div class=\"w-image align_center meta_simple\"><div class=\"w-image-h\"><img decoding=\"async\" width=\"300\" height=\"264\" src=\"https:\/\/beditom.pl\/app\/uploads\/2024\/05\/Zrzut-ekranu-2024-05-21-o-11.48.41-300x264.png\" class=\"attachment-medium size-medium\" alt=\"Beditom bramy gara\u017cowe\" loading=\"lazy\" srcset=\"https:\/\/beditom.pl\/app\/uploads\/2024\/05\/Zrzut-ekranu-2024-05-21-o-11.48.41-300x264.png 300w, https:\/\/beditom.pl\/app\/uploads\/2024\/05\/Zrzut-ekranu-2024-05-21-o-11.48.41-1024x901.png 1024w, https:\/\/beditom.pl\/app\/uploads\/2024\/05\/Zrzut-ekranu-2024-05-21-o-11.48.41-200x176.png 200w, https:\/\/beditom.pl\/app\/uploads\/2024\/05\/Zrzut-ekranu-2024-05-21-o-11.48.41.png 1552w\" sizes=\"auto, (max-width: 300px) 100vw, 300px\" title=\"Portes de garage sectionnelles Beditom\"><\/div><div class=\"w-image-meta\"><div class=\"w-image-title\">Fen\u00eatre P1 203x610mm<\/div><\/div><\/div><\/div><\/div><\/div><\/div><\/div><\/section>","protected":false},"excerpt":{"rendered":"","protected":false},"author":1,"featured_media":704,"parent":598,"menu_order":0,"comment_status":"closed","ping_status":"closed","template":"","meta":{"_acf_changed":false,"footnotes":""},"class_list":["post-702","page","type-page","status-publish","has-post-thumbnail","hentry"],"acf":[],"_links":{"self":[{"href":"https:\/\/beditom.pl\/fr\/wp-json\/wp\/v2\/pages\/702","targetHints":{"allow":["GET"]}}],"collection":[{"href":"https:\/\/beditom.pl\/fr\/wp-json\/wp\/v2\/pages"}],"about":[{"href":"https:\/\/beditom.pl\/fr\/wp-json\/wp\/v2\/types\/page"}],"author":[{"embeddable":true,"href":"https:\/\/beditom.pl\/fr\/wp-json\/wp\/v2\/users\/1"}],"replies":[{"embeddable":true,"href":"https:\/\/beditom.pl\/fr\/wp-json\/wp\/v2\/comments?post=702"}],"version-history":[{"count":40,"href":"https:\/\/beditom.pl\/fr\/wp-json\/wp\/v2\/pages\/702\/revisions"}],"predecessor-version":[{"id":5083,"href":"https:\/\/beditom.pl\/fr\/wp-json\/wp\/v2\/pages\/702\/revisions\/5083"}],"up":[{"embeddable":true,"href":"https:\/\/beditom.pl\/fr\/wp-json\/wp\/v2\/pages\/598"}],"wp:featuredmedia":[{"embeddable":true,"href":"https:\/\/beditom.pl\/fr\/wp-json\/wp\/v2\/media\/704"}],"wp:attachment":[{"href":"https:\/\/beditom.pl\/fr\/wp-json\/wp\/v2\/media?parent=702"}],"curies":[{"name":"wp","href":"https:\/\/api.w.org\/{rel}","templated":true}]}}