{"id":4661,"date":"2025-03-28T12:58:12","date_gmt":"2025-03-28T12:58:12","guid":{"rendered":"https:\/\/beditom.pl\/?page_id=4661"},"modified":"2026-03-23T08:03:57","modified_gmt":"2026-03-23T07:03:57","slug":"decoline","status":"publish","type":"page","link":"https:\/\/beditom.pl\/fr\/dla-domu\/bramy-garazowe\/decoline\/","title":{"rendered":"D\u00e9coline"},"content":{"rendered":"<section class=\"l-section wpb_row height_medium width_custom color_primary\" style=\"--site-content-width:1320px;\"><div class=\"l-section-h i-cf\"><div class=\"g-cols vc_row via_grid cols_1-4-1 laptops-cols_inherit tablets-cols_inherit mobiles-cols_1 valign_top type_default stacking_default\"><div class=\"wpb_column vc_column_container\"><div class=\"vc_column-inner\"><\/div><\/div><div class=\"wpb_column vc_column_container\"><div class=\"vc_column-inner\"><div class=\"w-html us_custom_b011e678 has_text_color\"><p>DECOLINE<\/p><\/div><\/div><\/div><div class=\"wpb_column vc_column_container\"><div class=\"vc_column-inner\"><\/div><\/div><\/div><\/div><\/section><section class=\"l-section wpb_row us_custom_e29345e3 height_medium width_custom\" style=\"--site-content-width:1320px;\"><div class=\"l-section-h i-cf\"><div class=\"g-cols vc_row via_grid cols_1 laptops-cols_inherit tablets-cols_inherit mobiles-cols_1 valign_top type_default stacking_default\"><div class=\"wpb_column vc_column_container\"><div class=\"vc_column-inner\"><nav class=\"g-breadcrumbs us_custom_fdcab3db separator_icon align_none hide_current\" itemscope itemtype=\"http:\/\/schema.org\/BreadcrumbList\"><div class=\"g-breadcrumbs-item\" itemscope itemprop=\"itemListElement\" itemtype=\"http:\/\/schema.org\/ListItem\"><a itemprop=\"item\" href=\"https:\/\/beditom.pl\/fr\/\"><span itemprop=\"name\">Page d'accueil<\/span><\/a><meta itemprop=\"position\" content=\"1\"\/><\/div><div class=\"g-breadcrumbs-separator\"><i class=\"far fa-angle-right\"><\/i><\/div><div class=\"g-breadcrumbs-item\">Pages<\/div><\/nav><\/div><\/div><\/div><\/div><\/section>\n<section class=\"l-section wpb_row height_small width_custom\" style=\"--site-content-width:1320px;\"><div class=\"l-section-h i-cf\"><div class=\"g-cols vc_row via_grid cols_2 laptops-cols_inherit tablets-cols_inherit mobiles-cols_1 valign_top type_default stacking_default\"><div class=\"wpb_column vc_column_container\"><div class=\"vc_column-inner\"><div class=\"w-separator size_medium\"><\/div><div class=\"w-html us_custom_ecd4848b has_text_color\"><p>DESCRIPTION DU PRODUIT\n<\/p><\/div><div class=\"w-html us_custom_9ebf969f\"><p>D\u00e9coline\n<\/p><\/div><div class=\"wpb_text_column\"><div class=\"wpb_wrapper\"><div class=\"page\" title=\"Page 1\">\n<div class=\"section\">\n<div class=\"layoutArea\">\n<div class=\"column\">\n<p>Les portes DECOLINE sont recouvertes des stratifi\u00e9s les plus populaires de la gamme \u201eNATURAL DECOR\u201d de la c\u00e9l\u00e8bre marque de portes ext\u00e9rieures. <b>WIK\u0118D <img loading=\"lazy\" decoding=\"async\" class=\"wp-image-3344 alignnone\" src=\"https:\/\/beditom.pl\/app\/uploads\/2024\/06\/cropped-Wiked_SYGNET_PODST_RGB-1-1-300x300.png\" alt=\"Beditom bramy gara\u017cowe\" width=\"22\" height=\"22\" srcset=\"https:\/\/beditom.pl\/app\/uploads\/2024\/06\/cropped-Wiked_SYGNET_PODST_RGB-1-1-300x300.png 300w, https:\/\/beditom.pl\/app\/uploads\/2024\/06\/cropped-Wiked_SYGNET_PODST_RGB-1-1-150x150.png 150w, https:\/\/beditom.pl\/app\/uploads\/2024\/06\/cropped-Wiked_SYGNET_PODST_RGB-1-1-200x200.png 200w, https:\/\/beditom.pl\/app\/uploads\/2024\/06\/cropped-Wiked_SYGNET_PODST_RGB-1-1.png 512w\" sizes=\"auto, (max-width: 22px) 100vw, 22px\" title=\"Portes de garage sectionnelles Beditom\"><\/b>. Il s'agit d'un travail de haute qualit\u00e9 dans les d\u00e9cors les plus \u00e0 la mode et les plus intemporels utilis\u00e9s dans les produits WIK\u0118D. Il assure une compatibilit\u00e9 de couleur \u00e0 100 % de l'ensemble : portail-porte-fen\u00eatre, que l'on voit sur la fa\u00e7ade ext\u00e9rieure du b\u00e2timent.<\/p>\n<div class=\"page\" title=\"Page 2\">\n<div class=\"layoutArea\">\n<div class=\"column\">\n<p><img loading=\"lazy\" decoding=\"async\" class=\"aligncenter size-medium wp-image-3778\" src=\"https:\/\/beditom.pl\/app\/uploads\/2024\/07\/panel_gladki-300x289.png\" alt=\"Beditom bramy gara\u017cowe\" width=\"300\" height=\"289\" srcset=\"https:\/\/beditom.pl\/app\/uploads\/2024\/07\/panel_gladki-300x289.png 300w, https:\/\/beditom.pl\/app\/uploads\/2024\/07\/panel_gladki-200x193.png 200w, https:\/\/beditom.pl\/app\/uploads\/2024\/07\/panel_gladki.png 307w\" sizes=\"auto, (max-width: 300px) 100vw, 300px\" title=\"Portes de garage sectionnelles Beditom\"><\/p>\n<p style=\"text-align: center;\">Panneau sans gaufrage.<\/p>\n<\/div>\n<\/div>\n<\/div>\n<\/div>\n<\/div>\n<\/div>\n<\/div>\n<\/div><\/div><div class=\"w-separator size_medium\"><\/div><\/div><\/div><div class=\"wpb_column vc_column_container\"><div class=\"vc_column-inner\"><div class=\"w-image hide_on_default hide_on_laptops hide_on_tablets hide_on_mobiles align_left\"><div class=\"w-image-h\"><img decoding=\"async\" width=\"800\" height=\"769\" src=\"https:\/\/beditom.pl\/app\/uploads\/2024\/05\/green.png\" class=\"attachment-full size-full\" alt=\"Beditom bramy gara\u017cowe\" loading=\"lazy\" srcset=\"https:\/\/beditom.pl\/app\/uploads\/2024\/05\/green.png 800w, https:\/\/beditom.pl\/app\/uploads\/2024\/05\/green-300x288.png 300w, https:\/\/beditom.pl\/app\/uploads\/2024\/05\/green-200x192.png 200w\" sizes=\"auto, (max-width: 800px) 100vw, 800px\" title=\"Portes de garage sectionnelles Beditom\"><\/div><\/div><div class=\"w-image align_left\"><div class=\"w-image-h\"><img decoding=\"async\" width=\"810\" height=\"811\" src=\"https:\/\/beditom.pl\/app\/uploads\/2025\/03\/decoline_2025.png\" class=\"attachment-full size-full\" alt=\"Beditom bramy gara\u017cowe\" loading=\"lazy\" srcset=\"https:\/\/beditom.pl\/app\/uploads\/2025\/03\/decoline_2025.png 810w, https:\/\/beditom.pl\/app\/uploads\/2025\/03\/decoline_2025-300x300.png 300w, https:\/\/beditom.pl\/app\/uploads\/2025\/03\/decoline_2025-150x150.png 150w, https:\/\/beditom.pl\/app\/uploads\/2025\/03\/decoline_2025-12x12.png 12w, https:\/\/beditom.pl\/app\/uploads\/2025\/03\/decoline_2025-200x200.png 200w\" sizes=\"auto, (max-width: 810px) 100vw, 810px\" title=\"Portes de garage sectionnelles Beditom\"><\/div><\/div><\/div><\/div><\/div><\/div><\/section><section class=\"l-section wpb_row height_auto width_custom\" style=\"--site-content-width:1320px;\"><div class=\"l-section-h i-cf\"><div class=\"g-cols vc_row via_grid cols_1 laptops-cols_inherit tablets-cols_inherit mobiles-cols_1 valign_top type_default stacking_default\"><div class=\"wpb_column vc_column_container\"><div class=\"vc_column-inner\"><div class=\"wpb_text_column\"><div class=\"wpb_wrapper\"><div class=\"page\" title=\"Page 1\">\n<div class=\"section\">\n<div class=\"layoutArea\">\n<div class=\"column\">\n<div class=\"page\" title=\"Page 2\">\n<div class=\"layoutArea\">\n<div class=\"column\">\n<p style=\"text-align: center;\"><img loading=\"lazy\" decoding=\"async\" class=\"aligncenter wp-image-4640\" src=\"https:\/\/beditom.pl\/app\/uploads\/2025\/03\/dom_decoline-300x174.png\" alt=\"Beditom bramy gara\u017cowe\" width=\"624\" height=\"362\" srcset=\"https:\/\/beditom.pl\/app\/uploads\/2025\/03\/dom_decoline-300x174.png 300w, https:\/\/beditom.pl\/app\/uploads\/2025\/03\/dom_decoline-1024x594.png 1024w, https:\/\/beditom.pl\/app\/uploads\/2025\/03\/dom_decoline-18x10.png 18w, https:\/\/beditom.pl\/app\/uploads\/2025\/03\/dom_decoline-200x116.png 200w, https:\/\/beditom.pl\/app\/uploads\/2025\/03\/dom_decoline.png 2036w\" sizes=\"auto, (max-width: 624px) 100vw, 624px\" title=\"Portes de garage sectionnelles Beditom\">Des portes d\u00e9di\u00e9es de la collection WIK\u00caD Classic design ont \u00e9t\u00e9 utilis\u00e9es pour la visualisation.\u00a0 <strong>26d<\/strong><\/p>\n<p><img loading=\"lazy\" decoding=\"async\" class=\"aligncenter wp-image-4649 size-full\" src=\"https:\/\/beditom.pl\/app\/uploads\/2025\/03\/Natural_decor.png\" alt=\"Beditom bramy gara\u017cowe\" width=\"223\" height=\"37\" srcset=\"https:\/\/beditom.pl\/app\/uploads\/2025\/03\/Natural_decor.png 223w, https:\/\/beditom.pl\/app\/uploads\/2025\/03\/Natural_decor-18x3.png 18w, https:\/\/beditom.pl\/app\/uploads\/2025\/03\/Natural_decor-200x33.png 200w\" sizes=\"auto, (max-width: 223px) 100vw, 223px\" title=\"Portes de garage sectionnelles Beditom\"><\/p>\n<\/div>\n<\/div>\n<\/div>\n<\/div>\n<\/div>\n<\/div>\n<\/div>\n<\/div><\/div><div class=\"w-separator size_medium\"><\/div><div class=\"w-html us_custom_ecd4848b has_text_color\"><p>STRUCTURE ET COLORATION<\/p><\/div><\/div><\/div><\/div><\/div><\/section><section class=\"l-section wpb_row height_small width_custom\" style=\"--site-content-width:1320px;\"><div class=\"l-section-h i-cf\"><div class=\"g-cols vc_row via_grid cols_1 laptops-cols_inherit tablets-cols_inherit mobiles-cols_1 valign_top type_default stacking_default\"><div class=\"wpb_column vc_column_container\"><div class=\"vc_column-inner\"><div class=\"w-gallery fit_cover type_grid action_popup_image ratio_1x1 count_7\" style=\"--columns:4;--items-gap:10px;\"><div class=\"w-gallery-list\"><div class=\"w-gallery-item\"><div class=\"w-gallery-item-img\"><img loading=\"lazy\" decoding=\"async\" width=\"300\" height=\"300\" src=\"https:\/\/beditom.pl\/app\/uploads\/2025\/03\/woodec-300x300.webp\" class=\"attachment-medium size-medium\" alt=\"Beditom bramy gara\u017cowe\" srcset=\"https:\/\/beditom.pl\/app\/uploads\/2025\/03\/woodec-300x300.webp 300w, https:\/\/beditom.pl\/app\/uploads\/2025\/03\/woodec-150x150.webp 150w, https:\/\/beditom.pl\/app\/uploads\/2025\/03\/woodec-12x12.webp 12w, https:\/\/beditom.pl\/app\/uploads\/2025\/03\/woodec-200x200.webp 200w, https:\/\/beditom.pl\/app\/uploads\/2025\/03\/woodec.webp 1000w\" sizes=\"auto, (max-width: 300px) 100vw, 300px\" title=\"Portes de garage sectionnelles Beditom\"><\/div><a class=\"w-gallery-item-link\" aria-label=\"woodec\" href=\"https:\/\/beditom.pl\/fr\/app\/uploads\/2025\/03\/woodec.webp\/\"><\/a><\/div><div class=\"w-gallery-item\"><div class=\"w-gallery-item-img\"><img loading=\"lazy\" decoding=\"async\" width=\"300\" height=\"300\" src=\"https:\/\/beditom.pl\/app\/uploads\/2026\/02\/WINCHESTER_-300x300.webp\" class=\"attachment-medium size-medium\" alt=\"Beditom bramy gara\u017cowe\" srcset=\"https:\/\/beditom.pl\/app\/uploads\/2026\/02\/WINCHESTER_-300x300.webp 300w, https:\/\/beditom.pl\/app\/uploads\/2026\/02\/WINCHESTER_-150x150.webp 150w, https:\/\/beditom.pl\/app\/uploads\/2026\/02\/WINCHESTER_-12x12.webp 12w, https:\/\/beditom.pl\/app\/uploads\/2026\/02\/WINCHESTER_-200x200.webp 200w, https:\/\/beditom.pl\/app\/uploads\/2026\/02\/WINCHESTER_.webp 1000w\" sizes=\"auto, (max-width: 300px) 100vw, 300px\" title=\"Portes de garage sectionnelles Beditom\"><\/div><a class=\"w-gallery-item-link\" aria-label=\"WINCHESTER_\" href=\"https:\/\/beditom.pl\/fr\/app\/uploads\/2026\/02\/WINCHESTER_.webp\/\"><\/a><\/div><div class=\"w-gallery-item\"><div class=\"w-gallery-item-img\"><img loading=\"lazy\" decoding=\"async\" width=\"300\" height=\"300\" src=\"https:\/\/beditom.pl\/app\/uploads\/2026\/02\/ZLOTY_DAB_-300x300.webp\" class=\"attachment-medium size-medium\" alt=\"Beditom bramy gara\u017cowe\" srcset=\"https:\/\/beditom.pl\/app\/uploads\/2026\/02\/ZLOTY_DAB_-300x300.webp 300w, https:\/\/beditom.pl\/app\/uploads\/2026\/02\/ZLOTY_DAB_-150x150.webp 150w, https:\/\/beditom.pl\/app\/uploads\/2026\/02\/ZLOTY_DAB_-12x12.webp 12w, https:\/\/beditom.pl\/app\/uploads\/2026\/02\/ZLOTY_DAB_-200x200.webp 200w, https:\/\/beditom.pl\/app\/uploads\/2026\/02\/ZLOTY_DAB_.webp 1000w\" sizes=\"auto, (max-width: 300px) 100vw, 300px\" title=\"Portes de garage sectionnelles Beditom\"><\/div><a class=\"w-gallery-item-link\" aria-label=\"ZLOTY_DAB_\" href=\"https:\/\/beditom.pl\/fr\/app\/uploads\/2026\/02\/ZLOTY_DAB_.webp\/\"><\/a><\/div><div class=\"w-gallery-item\"><div class=\"w-gallery-item-img\"><img loading=\"lazy\" decoding=\"async\" width=\"300\" height=\"300\" src=\"https:\/\/beditom.pl\/app\/uploads\/2026\/02\/ORZECH_-300x300.webp\" class=\"attachment-medium size-medium\" alt=\"Beditom bramy gara\u017cowe\" srcset=\"https:\/\/beditom.pl\/app\/uploads\/2026\/02\/ORZECH_-300x300.webp 300w, https:\/\/beditom.pl\/app\/uploads\/2026\/02\/ORZECH_-150x150.webp 150w, https:\/\/beditom.pl\/app\/uploads\/2026\/02\/ORZECH_-12x12.webp 12w, https:\/\/beditom.pl\/app\/uploads\/2026\/02\/ORZECH_-200x200.webp 200w, https:\/\/beditom.pl\/app\/uploads\/2026\/02\/ORZECH_.webp 1000w\" sizes=\"auto, (max-width: 300px) 100vw, 300px\" title=\"Portes de garage sectionnelles Beditom\"><\/div><a class=\"w-gallery-item-link\" aria-label=\"ORZECH\" href=\"https:\/\/beditom.pl\/fr\/app\/uploads\/2026\/02\/ORZECH_.webp\/\"><\/a><\/div><div class=\"w-gallery-item\"><div class=\"w-gallery-item-img\"><img loading=\"lazy\" decoding=\"async\" width=\"300\" height=\"300\" src=\"https:\/\/beditom.pl\/app\/uploads\/2026\/02\/ANTRACYT_JEDWABNY_-300x300.webp\" class=\"attachment-medium size-medium\" alt=\"Beditom bramy gara\u017cowe\" srcset=\"https:\/\/beditom.pl\/app\/uploads\/2026\/02\/ANTRACYT_JEDWABNY_-300x300.webp 300w, https:\/\/beditom.pl\/app\/uploads\/2026\/02\/ANTRACYT_JEDWABNY_-150x150.webp 150w, https:\/\/beditom.pl\/app\/uploads\/2026\/02\/ANTRACYT_JEDWABNY_-12x12.webp 12w, https:\/\/beditom.pl\/app\/uploads\/2026\/02\/ANTRACYT_JEDWABNY_-200x200.webp 200w, https:\/\/beditom.pl\/app\/uploads\/2026\/02\/ANTRACYT_JEDWABNY_.webp 1000w\" sizes=\"auto, (max-width: 300px) 100vw, 300px\" title=\"Portes de garage sectionnelles Beditom\"><\/div><a class=\"w-gallery-item-link\" aria-label=\"ANTHRACITE_SILK_\" href=\"https:\/\/beditom.pl\/fr\/app\/uploads\/2026\/02\/ANTRACYT_JEDWABNY_.webp\/\"><\/a><\/div><div class=\"w-gallery-item\"><div class=\"w-gallery-item-img\"><img loading=\"lazy\" decoding=\"async\" width=\"300\" height=\"300\" src=\"https:\/\/beditom.pl\/app\/uploads\/2025\/03\/antracyt_gladki-300x300.webp\" class=\"attachment-medium size-medium\" alt=\"Beditom bramy gara\u017cowe\" srcset=\"https:\/\/beditom.pl\/app\/uploads\/2025\/03\/antracyt_gladki-300x300.webp 300w, https:\/\/beditom.pl\/app\/uploads\/2025\/03\/antracyt_gladki-150x150.webp 150w, https:\/\/beditom.pl\/app\/uploads\/2025\/03\/antracyt_gladki-12x12.webp 12w, https:\/\/beditom.pl\/app\/uploads\/2025\/03\/antracyt_gladki-200x200.webp 200w, https:\/\/beditom.pl\/app\/uploads\/2025\/03\/antracyt_gladki.webp 1000w\" sizes=\"auto, (max-width: 300px) 100vw, 300px\" title=\"Portes de garage sectionnelles Beditom\"><\/div><a class=\"w-gallery-item-link\" aria-label=\"anthracite_gloss\" href=\"https:\/\/beditom.pl\/fr\/app\/uploads\/2025\/03\/antracyt_gladki.webp\/\"><\/a><\/div><div class=\"w-gallery-item\"><div class=\"w-gallery-item-img\"><img loading=\"lazy\" decoding=\"async\" width=\"300\" height=\"300\" src=\"https:\/\/beditom.pl\/app\/uploads\/2026\/02\/ANTRACYT-STRUKTURA_-300x300.webp\" class=\"attachment-medium size-medium\" alt=\"Beditom bramy gara\u017cowe\" srcset=\"https:\/\/beditom.pl\/app\/uploads\/2026\/02\/ANTRACYT-STRUKTURA_-300x300.webp 300w, https:\/\/beditom.pl\/app\/uploads\/2026\/02\/ANTRACYT-STRUKTURA_-150x150.webp 150w, https:\/\/beditom.pl\/app\/uploads\/2026\/02\/ANTRACYT-STRUKTURA_-12x12.webp 12w, https:\/\/beditom.pl\/app\/uploads\/2026\/02\/ANTRACYT-STRUKTURA_-200x200.webp 200w, https:\/\/beditom.pl\/app\/uploads\/2026\/02\/ANTRACYT-STRUKTURA_.webp 1000w\" sizes=\"auto, (max-width: 300px) 100vw, 300px\" title=\"Portes de garage sectionnelles Beditom\"><\/div><a class=\"w-gallery-item-link\" aria-label=\"STRUCTURE ANTHRACITE\" href=\"https:\/\/beditom.pl\/fr\/app\/uploads\/2026\/02\/ANTRACYT-STRUKTURA_.webp\/\"><\/a><\/div><\/div><\/div><\/div><\/div><\/div><\/div><\/section><section class=\"l-section wpb_row height_auto width_custom\" style=\"--site-content-width:1320px;\"><div class=\"l-section-h i-cf\"><div class=\"g-cols vc_row via_grid cols_1 laptops-cols_inherit tablets-cols_inherit mobiles-cols_1 valign_top type_default stacking_default\"><div class=\"wpb_column vc_column_container\"><div class=\"vc_column-inner\"><div class=\"w-html us_custom_ecd4848b has_text_color\"><p>OPTIONS DE PERFORMANCE<\/p><\/div><div class=\"w-hwrapper valign_top align_center\"><div class=\"w-image align_center meta_simple\"><div class=\"w-image-h\"><img decoding=\"async\" width=\"300\" height=\"264\" src=\"https:\/\/beditom.pl\/app\/uploads\/2024\/05\/Zrzut-ekranu-2024-05-21-o-11.48.11-300x264.png\" class=\"attachment-medium size-medium\" alt=\"Beditom bramy gara\u017cowe\" loading=\"lazy\" srcset=\"https:\/\/beditom.pl\/app\/uploads\/2024\/05\/Zrzut-ekranu-2024-05-21-o-11.48.11-300x264.png 300w, https:\/\/beditom.pl\/app\/uploads\/2024\/05\/Zrzut-ekranu-2024-05-21-o-11.48.11-1024x900.png 1024w, https:\/\/beditom.pl\/app\/uploads\/2024\/05\/Zrzut-ekranu-2024-05-21-o-11.48.11-200x176.png 200w, https:\/\/beditom.pl\/app\/uploads\/2024\/05\/Zrzut-ekranu-2024-05-21-o-11.48.11.png 1556w\" sizes=\"auto, (max-width: 300px) 100vw, 300px\" title=\"Portes de garage sectionnelles Beditom\"><\/div><div class=\"w-image-meta\"><div class=\"w-image-title\">ALUDOOR panneau en aluminium<\/div><\/div><\/div><div class=\"w-image align_center meta_simple\"><div class=\"w-image-h\"><img decoding=\"async\" width=\"300\" height=\"264\" src=\"https:\/\/beditom.pl\/app\/uploads\/2024\/05\/Zrzut-ekranu-2024-05-21-o-11.48.22-300x264.png\" class=\"attachment-medium size-medium\" alt=\"Beditom bramy gara\u017cowe\" loading=\"lazy\" srcset=\"https:\/\/beditom.pl\/app\/uploads\/2024\/05\/Zrzut-ekranu-2024-05-21-o-11.48.22-300x264.png 300w, https:\/\/beditom.pl\/app\/uploads\/2024\/05\/Zrzut-ekranu-2024-05-21-o-11.48.22-1024x901.png 1024w, https:\/\/beditom.pl\/app\/uploads\/2024\/05\/Zrzut-ekranu-2024-05-21-o-11.48.22-200x176.png 200w, https:\/\/beditom.pl\/app\/uploads\/2024\/05\/Zrzut-ekranu-2024-05-21-o-11.48.22.png 1548w\" sizes=\"auto, (max-width: 300px) 100vw, 300px\" title=\"Portes de garage sectionnelles Beditom\"><\/div><div class=\"w-image-meta\"><div class=\"w-image-title\">P3 Fen\u00eatre 430x770mm<\/div><\/div><\/div><div class=\"w-image align_center meta_simple\"><div class=\"w-image-h\"><img decoding=\"async\" width=\"300\" height=\"263\" src=\"https:\/\/beditom.pl\/app\/uploads\/2024\/05\/Zrzut-ekranu-2024-05-21-o-11.48.32-300x263.png\" class=\"attachment-medium size-medium\" alt=\"Beditom bramy gara\u017cowe\" loading=\"lazy\" srcset=\"https:\/\/beditom.pl\/app\/uploads\/2024\/05\/Zrzut-ekranu-2024-05-21-o-11.48.32-300x263.png 300w, https:\/\/beditom.pl\/app\/uploads\/2024\/05\/Zrzut-ekranu-2024-05-21-o-11.48.32-1024x896.png 1024w, https:\/\/beditom.pl\/app\/uploads\/2024\/05\/Zrzut-ekranu-2024-05-21-o-11.48.32-200x175.png 200w, https:\/\/beditom.pl\/app\/uploads\/2024\/05\/Zrzut-ekranu-2024-05-21-o-11.48.32.png 1558w\" sizes=\"auto, (max-width: 300px) 100vw, 300px\" title=\"Portes de garage sectionnelles Beditom\"><\/div><div class=\"w-image-meta\"><div class=\"w-image-title\">Fen\u00eatre P2 336x640mm avec porte de service<\/div><\/div><\/div><div class=\"w-image align_center meta_simple\"><div class=\"w-image-h\"><img decoding=\"async\" width=\"300\" height=\"264\" src=\"https:\/\/beditom.pl\/app\/uploads\/2024\/05\/Zrzut-ekranu-2024-05-21-o-11.48.41-300x264.png\" class=\"attachment-medium size-medium\" alt=\"Beditom bramy gara\u017cowe\" loading=\"lazy\" srcset=\"https:\/\/beditom.pl\/app\/uploads\/2024\/05\/Zrzut-ekranu-2024-05-21-o-11.48.41-300x264.png 300w, https:\/\/beditom.pl\/app\/uploads\/2024\/05\/Zrzut-ekranu-2024-05-21-o-11.48.41-1024x901.png 1024w, https:\/\/beditom.pl\/app\/uploads\/2024\/05\/Zrzut-ekranu-2024-05-21-o-11.48.41-200x176.png 200w, https:\/\/beditom.pl\/app\/uploads\/2024\/05\/Zrzut-ekranu-2024-05-21-o-11.48.41.png 1552w\" sizes=\"auto, (max-width: 300px) 100vw, 300px\" title=\"Portes de garage sectionnelles Beditom\"><\/div><div class=\"w-image-meta\"><div class=\"w-image-title\">Fen\u00eatre P1 203x610mm<\/div><\/div><\/div><\/div><\/div><\/div><\/div><\/div><\/section>","protected":false},"excerpt":{"rendered":"","protected":false},"author":3,"featured_media":4687,"parent":598,"menu_order":0,"comment_status":"closed","ping_status":"closed","template":"","meta":{"_acf_changed":false,"footnotes":""},"class_list":["post-4661","page","type-page","status-publish","has-post-thumbnail","hentry"],"acf":[],"_links":{"self":[{"href":"https:\/\/beditom.pl\/fr\/wp-json\/wp\/v2\/pages\/4661","targetHints":{"allow":["GET"]}}],"collection":[{"href":"https:\/\/beditom.pl\/fr\/wp-json\/wp\/v2\/pages"}],"about":[{"href":"https:\/\/beditom.pl\/fr\/wp-json\/wp\/v2\/types\/page"}],"author":[{"embeddable":true,"href":"https:\/\/beditom.pl\/fr\/wp-json\/wp\/v2\/users\/3"}],"replies":[{"embeddable":true,"href":"https:\/\/beditom.pl\/fr\/wp-json\/wp\/v2\/comments?post=4661"}],"version-history":[{"count":9,"href":"https:\/\/beditom.pl\/fr\/wp-json\/wp\/v2\/pages\/4661\/revisions"}],"predecessor-version":[{"id":5082,"href":"https:\/\/beditom.pl\/fr\/wp-json\/wp\/v2\/pages\/4661\/revisions\/5082"}],"up":[{"embeddable":true,"href":"https:\/\/beditom.pl\/fr\/wp-json\/wp\/v2\/pages\/598"}],"wp:featuredmedia":[{"embeddable":true,"href":"https:\/\/beditom.pl\/fr\/wp-json\/wp\/v2\/media\/4687"}],"wp:attachment":[{"href":"https:\/\/beditom.pl\/fr\/wp-json\/wp\/v2\/media?parent=4661"}],"curies":[{"name":"wp","href":"https:\/\/api.w.org\/{rel}","templated":true}]}}