{"id":4652,"date":"2025-03-28T12:39:17","date_gmt":"2025-03-28T12:39:17","guid":{"rendered":"https:\/\/beditom.pl\/?page_id=4652"},"modified":"2026-03-23T08:03:42","modified_gmt":"2026-03-23T07:03:42","slug":"trendline","status":"publish","type":"page","link":"https:\/\/beditom.pl\/fr\/dla-domu\/bramy-garazowe\/trendline\/","title":{"rendered":"Ligne de tendance"},"content":{"rendered":"<section class=\"l-section wpb_row height_medium width_custom color_primary\" style=\"--site-content-width:1320px;\"><div class=\"l-section-h i-cf\"><div class=\"g-cols vc_row via_grid cols_1-4-1 laptops-cols_inherit tablets-cols_inherit mobiles-cols_1 valign_top type_default stacking_default\"><div class=\"wpb_column vc_column_container\"><div class=\"vc_column-inner\"><\/div><\/div><div class=\"wpb_column vc_column_container\"><div class=\"vc_column-inner\"><div class=\"w-html us_custom_b011e678 has_text_color\"><p>LIGNE DE TENDANCE<\/p><\/div><\/div><\/div><div class=\"wpb_column vc_column_container\"><div class=\"vc_column-inner\"><\/div><\/div><\/div><\/div><\/section><section class=\"l-section wpb_row us_custom_e29345e3 height_medium width_custom\" style=\"--site-content-width:1320px;\"><div class=\"l-section-h i-cf\"><div class=\"g-cols vc_row via_grid cols_1 laptops-cols_inherit tablets-cols_inherit mobiles-cols_1 valign_top type_default stacking_default\"><div class=\"wpb_column vc_column_container\"><div class=\"vc_column-inner\"><nav class=\"g-breadcrumbs us_custom_fdcab3db separator_icon align_none hide_current\" itemscope itemtype=\"http:\/\/schema.org\/BreadcrumbList\"><div class=\"g-breadcrumbs-item\" itemscope itemprop=\"itemListElement\" itemtype=\"http:\/\/schema.org\/ListItem\"><a itemprop=\"item\" href=\"https:\/\/beditom.pl\/fr\/\"><span itemprop=\"name\">Page d'accueil<\/span><\/a><meta itemprop=\"position\" content=\"1\"\/><\/div><div class=\"g-breadcrumbs-separator\"><i class=\"far fa-angle-right\"><\/i><\/div><div class=\"g-breadcrumbs-item\">Pages<\/div><\/nav><\/div><\/div><\/div><\/div><\/section>\n<section class=\"l-section wpb_row height_small width_custom\" style=\"--site-content-width:1320px;\"><div class=\"l-section-h i-cf\"><div class=\"g-cols vc_row via_grid cols_2 laptops-cols_inherit tablets-cols_inherit mobiles-cols_1 valign_top type_default stacking_default\"><div class=\"wpb_column vc_column_container\"><div class=\"vc_column-inner\"><div class=\"w-separator size_medium\"><\/div><div class=\"w-html us_custom_ecd4848b has_text_color\"><p>DESCRIPTION DU PRODUIT\n<\/p><\/div><div class=\"w-html us_custom_9ebf969f\"><p>Ligne de tendance\n<\/p><\/div><div class=\"wpb_text_column\"><div class=\"wpb_wrapper\"><div class=\"page\" title=\"Page 1\">\n<div class=\"section\">\n<div class=\"layoutArea\">\n<div class=\"column\">\n<p>Les portes TRENDLINE sont fabriqu\u00e9es dans la palette de couleurs modernes et \u00e0 la mode \u201eTOP TRENDS COLOR\u201d de la c\u00e9l\u00e8bre marque de portes ext\u00e9rieures. <b>WIK\u0118D <img loading=\"lazy\" decoding=\"async\" class=\"wp-image-3344 alignnone\" src=\"https:\/\/beditom.pl\/app\/uploads\/2024\/06\/cropped-Wiked_SYGNET_PODST_RGB-1-1-300x300.png\" alt=\"Beditom bramy gara\u017cowe\" width=\"22\" height=\"22\" srcset=\"https:\/\/beditom.pl\/app\/uploads\/2024\/06\/cropped-Wiked_SYGNET_PODST_RGB-1-1-300x300.png 300w, https:\/\/beditom.pl\/app\/uploads\/2024\/06\/cropped-Wiked_SYGNET_PODST_RGB-1-1-150x150.png 150w, https:\/\/beditom.pl\/app\/uploads\/2024\/06\/cropped-Wiked_SYGNET_PODST_RGB-1-1-200x200.png 200w, https:\/\/beditom.pl\/app\/uploads\/2024\/06\/cropped-Wiked_SYGNET_PODST_RGB-1-1.png 512w\" sizes=\"auto, (max-width: 22px) 100vw, 22px\" title=\"Portes de garage sectionnelles Beditom\"><\/b>. La liste comprend des couleurs r\u00e9compens\u00e9es par PANTONE, le garant des tendances actuelles en mati\u00e8re d'architecture. Il s'agit d'une proposition pour ceux qui recherchent des solutions color\u00e9es originales et modernes pour leur maison.  Des solutions constructives uniques, peintes en noir ou en blanc, compl\u00e8tent la forme du standard esth\u00e9tique le plus \u00e9lev\u00e9 dans la cat\u00e9gorie des portes sectionnelles.<\/p>\n<div class=\"page\" title=\"Page 2\">\n<div class=\"layoutArea\">\n<div class=\"column\">\n<p><img loading=\"lazy\" decoding=\"async\" class=\"aligncenter size-medium wp-image-3778\" src=\"https:\/\/beditom.pl\/app\/uploads\/2024\/07\/panel_gladki-300x289.png\" alt=\"Beditom bramy gara\u017cowe\" width=\"300\" height=\"289\" srcset=\"https:\/\/beditom.pl\/app\/uploads\/2024\/07\/panel_gladki-300x289.png 300w, https:\/\/beditom.pl\/app\/uploads\/2024\/07\/panel_gladki-200x193.png 200w, https:\/\/beditom.pl\/app\/uploads\/2024\/07\/panel_gladki.png 307w\" sizes=\"auto, (max-width: 300px) 100vw, 300px\" title=\"Portes de garage sectionnelles Beditom\"><\/p>\n<p style=\"text-align: center;\">Panneau sans gaufrage.<br \/>\nSp\u00e9cialement pr\u00e9par\u00e9 pour la peinture.<\/p>\n<\/div>\n<\/div>\n<\/div>\n<\/div>\n<\/div>\n<\/div>\n<\/div>\n<\/div><\/div><div class=\"w-separator size_medium\"><\/div><\/div><\/div><div class=\"wpb_column vc_column_container\"><div class=\"vc_column-inner\"><div class=\"w-image hide_on_default hide_on_laptops hide_on_tablets hide_on_mobiles align_left\"><div class=\"w-image-h\"><img decoding=\"async\" width=\"800\" height=\"769\" src=\"https:\/\/beditom.pl\/app\/uploads\/2024\/05\/green.png\" class=\"attachment-full size-full\" alt=\"Beditom bramy gara\u017cowe\" loading=\"lazy\" srcset=\"https:\/\/beditom.pl\/app\/uploads\/2024\/05\/green.png 800w, https:\/\/beditom.pl\/app\/uploads\/2024\/05\/green-300x288.png 300w, https:\/\/beditom.pl\/app\/uploads\/2024\/05\/green-200x192.png 200w\" sizes=\"auto, (max-width: 800px) 100vw, 800px\" title=\"Portes de garage sectionnelles Beditom\"><\/div><\/div><div class=\"w-image align_left\"><div class=\"w-image-h\"><img decoding=\"async\" width=\"810\" height=\"811\" src=\"https:\/\/beditom.pl\/app\/uploads\/2025\/03\/trendline_2025.png\" class=\"attachment-full size-full\" alt=\"Beditom bramy gara\u017cowe\" loading=\"lazy\" srcset=\"https:\/\/beditom.pl\/app\/uploads\/2025\/03\/trendline_2025.png 810w, https:\/\/beditom.pl\/app\/uploads\/2025\/03\/trendline_2025-300x300.png 300w, https:\/\/beditom.pl\/app\/uploads\/2025\/03\/trendline_2025-150x150.png 150w, https:\/\/beditom.pl\/app\/uploads\/2025\/03\/trendline_2025-12x12.png 12w, https:\/\/beditom.pl\/app\/uploads\/2025\/03\/trendline_2025-200x200.png 200w\" sizes=\"auto, (max-width: 810px) 100vw, 810px\" title=\"Portes de garage sectionnelles Beditom\"><\/div><\/div><\/div><\/div><\/div><\/div><\/section><section class=\"l-section wpb_row height_auto width_custom\" style=\"--site-content-width:1320px;\"><div class=\"l-section-h i-cf\"><div class=\"g-cols vc_row via_grid cols_1 laptops-cols_inherit tablets-cols_inherit mobiles-cols_1 valign_top type_default stacking_default\"><div class=\"wpb_column vc_column_container\"><div class=\"vc_column-inner\"><div class=\"w-html us_custom_ecd4848b has_text_color\"><p>Une performance prestigieuse et unique<\/p><\/div><\/div><\/div><\/div><\/div><\/section><section class=\"l-section wpb_row height_auto width_custom\" style=\"--site-content-width:1320px;\"><div class=\"l-section-h i-cf\"><div class=\"g-cols vc_row via_grid cols_3 laptops-cols_inherit tablets-cols_inherit mobiles-cols_1 valign_top type_default stacking_default\"><div class=\"wpb_column vc_column_container\"><div class=\"vc_column-inner\"><div class=\"w-image us_custom_06c796b3 align_center meta_simple\"><div class=\"w-image-h\"><img decoding=\"async\" width=\"300\" height=\"300\" src=\"https:\/\/beditom.pl\/app\/uploads\/2024\/05\/Zrzut-ekranu-2024-05-27-o-12.24.05-300x300.png\" class=\"attachment-medium size-medium\" alt=\"Beditom bramy gara\u017cowe\" loading=\"lazy\" srcset=\"https:\/\/beditom.pl\/app\/uploads\/2024\/05\/Zrzut-ekranu-2024-05-27-o-12.24.05-300x300.png 300w, https:\/\/beditom.pl\/app\/uploads\/2024\/05\/Zrzut-ekranu-2024-05-27-o-12.24.05-150x150.png 150w, https:\/\/beditom.pl\/app\/uploads\/2024\/05\/Zrzut-ekranu-2024-05-27-o-12.24.05-200x200.png 200w, https:\/\/beditom.pl\/app\/uploads\/2024\/05\/Zrzut-ekranu-2024-05-27-o-12.24.05.png 914w\" sizes=\"auto, (max-width: 300px) 100vw, 300px\" title=\"Portes de garage sectionnelles Beditom\"><\/div><div class=\"w-image-meta\"><div class=\"w-image-title\">noir<\/div><\/div><\/div><\/div><\/div><div class=\"wpb_column vc_column_container\"><div class=\"vc_column-inner\"><div class=\"wpb_text_column\"><div class=\"wpb_wrapper\"><div class=\"wpb_text_column\">\n<div class=\"wpb_wrapper\">\n<div class=\"page\" title=\"Page 1\">\n<div class=\"section\">\n<div class=\"layoutArea\">\n<div class=\"column\">\n<div class=\"page\" title=\"Page 2\">\n<div class=\"layoutArea\">\n<div class=\"column\">\n<p>Outre la durabilit\u00e9 et la fiabilit\u00e9, nous accordons de plus en plus d'importance au design. Les portes Trendline sont fabriqu\u00e9es avec une attention particuli\u00e8re pour chaque d\u00e9tail esth\u00e9tique. Les \u00e9l\u00e9ments structurels galvanis\u00e9s et thermolaqu\u00e9s, tels que les guides verticaux et horizontaux ou les syst\u00e8mes de suspension r\u00e9glables, augmentent leur dur\u00e9e de vie et am\u00e9liorent consid\u00e9rablement l'esth\u00e9tique. En fonction du style du garage et des attentes de l'investisseur, nous pouvons les r\u00e9aliser en noir ou en blanc.<\/p>\n<\/div>\n<\/div>\n<\/div>\n<\/div>\n<\/div>\n<\/div>\n<\/div>\n<\/div>\n<\/div>\n<\/div><\/div><\/div><\/div><div class=\"wpb_column vc_column_container\"><div class=\"vc_column-inner\"><div class=\"w-image us_custom_06c796b3 align_center meta_simple\"><div class=\"w-image-h\"><img decoding=\"async\" width=\"300\" height=\"300\" src=\"https:\/\/beditom.pl\/app\/uploads\/2024\/05\/Zrzut-ekranu-2024-05-27-o-12.24.15-300x300.png\" class=\"attachment-medium size-medium\" alt=\"Beditom bramy gara\u017cowe\" loading=\"lazy\" srcset=\"https:\/\/beditom.pl\/app\/uploads\/2024\/05\/Zrzut-ekranu-2024-05-27-o-12.24.15-300x300.png 300w, https:\/\/beditom.pl\/app\/uploads\/2024\/05\/Zrzut-ekranu-2024-05-27-o-12.24.15-150x150.png 150w, https:\/\/beditom.pl\/app\/uploads\/2024\/05\/Zrzut-ekranu-2024-05-27-o-12.24.15-200x200.png 200w, https:\/\/beditom.pl\/app\/uploads\/2024\/05\/Zrzut-ekranu-2024-05-27-o-12.24.15.png 912w\" sizes=\"auto, (max-width: 300px) 100vw, 300px\" title=\"Portes de garage sectionnelles Beditom\"><\/div><div class=\"w-image-meta\"><div class=\"w-image-title\">blanc<\/div><\/div><\/div><\/div><\/div><\/div><\/div><\/section><section class=\"l-section wpb_row height_auto width_custom\" style=\"--site-content-width:1320px;\"><div class=\"l-section-h i-cf\"><div class=\"g-cols vc_row via_grid cols_1 laptops-cols_inherit tablets-cols_inherit mobiles-cols_1 valign_top type_default stacking_default\"><div class=\"wpb_column vc_column_container\"><div class=\"vc_column-inner\"><div class=\"w-separator size_medium\"><\/div><div class=\"w-html us_custom_ecd4848b has_text_color\"><p>STRUCTURE ET COLORATION<\/p><\/div><div class=\"wpb_text_column\"><div class=\"wpb_wrapper\"><div class=\"page\" title=\"Page 1\">\n<div class=\"section\">\n<div class=\"layoutArea\">\n<div class=\"column\">\n<div class=\"page\" title=\"Page 2\">\n<div class=\"layoutArea\">\n<div class=\"column\">\n<p style=\"text-align: center;\"><img loading=\"lazy\" decoding=\"async\" class=\"aligncenter wp-image-4646\" src=\"https:\/\/beditom.pl\/app\/uploads\/2025\/03\/dom_trendline-300x174.png\" alt=\"Beditom bramy gara\u017cowe\" width=\"583\" height=\"338\" srcset=\"https:\/\/beditom.pl\/app\/uploads\/2025\/03\/dom_trendline-300x174.png 300w, https:\/\/beditom.pl\/app\/uploads\/2025\/03\/dom_trendline-1024x594.png 1024w, https:\/\/beditom.pl\/app\/uploads\/2025\/03\/dom_trendline-18x10.png 18w, https:\/\/beditom.pl\/app\/uploads\/2025\/03\/dom_trendline-200x116.png 200w, https:\/\/beditom.pl\/app\/uploads\/2025\/03\/dom_trendline.png 2036w\" sizes=\"auto, (max-width: 583px) 100vw, 583px\" title=\"Portes de garage sectionnelles Beditom\">La visualisation utilise des portes d\u00e9di\u00e9es de la collection WIK\u00caD design <strong>GL02<\/strong><\/p>\n<p><img loading=\"lazy\" decoding=\"async\" class=\"aligncenter wp-image-4650 size-full\" src=\"https:\/\/beditom.pl\/app\/uploads\/2025\/03\/Top_trends.png\" alt=\"Beditom bramy gara\u017cowe\" width=\"269\" height=\"39\" srcset=\"https:\/\/beditom.pl\/app\/uploads\/2025\/03\/Top_trends.png 269w, https:\/\/beditom.pl\/app\/uploads\/2025\/03\/Top_trends-18x3.png 18w, https:\/\/beditom.pl\/app\/uploads\/2025\/03\/Top_trends-200x29.png 200w\" sizes=\"auto, (max-width: 269px) 100vw, 269px\" title=\"Portes de garage sectionnelles Beditom\"><\/p>\n<\/div>\n<\/div>\n<\/div>\n<\/div>\n<\/div>\n<\/div>\n<\/div>\n<\/div><\/div><\/div><\/div><\/div><\/div><\/section><section class=\"l-section wpb_row height_small width_custom\" style=\"--site-content-width:1320px;\"><div class=\"l-section-h i-cf\"><div class=\"g-cols vc_row via_grid cols_1 laptops-cols_inherit tablets-cols_inherit mobiles-cols_1 valign_top type_default stacking_default\"><div class=\"wpb_column vc_column_container\"><div class=\"vc_column-inner\"><div class=\"w-gallery fit_cover type_grid action_popup_image ratio_1x1 count_7\" style=\"--columns:5;--items-gap:10px;\"><div class=\"w-gallery-list\"><div class=\"w-gallery-item\"><div class=\"w-gallery-item-img\"><img loading=\"lazy\" decoding=\"async\" width=\"300\" height=\"300\" src=\"https:\/\/beditom.pl\/app\/uploads\/2025\/03\/BlueMist-300x300.webp\" class=\"attachment-medium size-medium\" alt=\"Beditom bramy gara\u017cowe\" srcset=\"https:\/\/beditom.pl\/app\/uploads\/2025\/03\/BlueMist-300x300.webp 300w, https:\/\/beditom.pl\/app\/uploads\/2025\/03\/BlueMist-150x150.webp 150w, https:\/\/beditom.pl\/app\/uploads\/2025\/03\/BlueMist-12x12.webp 12w, https:\/\/beditom.pl\/app\/uploads\/2025\/03\/BlueMist-200x200.webp 200w, https:\/\/beditom.pl\/app\/uploads\/2025\/03\/BlueMist.webp 1000w\" sizes=\"auto, (max-width: 300px) 100vw, 300px\" title=\"Portes de garage sectionnelles Beditom\"><\/div><a class=\"w-gallery-item-link\" aria-label=\"Brume bleue\" href=\"https:\/\/beditom.pl\/fr\/app\/uploads\/2025\/03\/BlueMist.webp\/\"><\/a><\/div><div class=\"w-gallery-item\"><div class=\"w-gallery-item-img\"><img loading=\"lazy\" decoding=\"async\" width=\"300\" height=\"300\" src=\"https:\/\/beditom.pl\/app\/uploads\/2025\/03\/Ink-300x300.webp\" class=\"attachment-medium size-medium\" alt=\"Beditom bramy gara\u017cowe\" srcset=\"https:\/\/beditom.pl\/app\/uploads\/2025\/03\/Ink-300x300.webp 300w, https:\/\/beditom.pl\/app\/uploads\/2025\/03\/Ink-150x150.webp 150w, https:\/\/beditom.pl\/app\/uploads\/2025\/03\/Ink-12x12.webp 12w, https:\/\/beditom.pl\/app\/uploads\/2025\/03\/Ink-200x200.webp 200w, https:\/\/beditom.pl\/app\/uploads\/2025\/03\/Ink.webp 1000w\" sizes=\"auto, (max-width: 300px) 100vw, 300px\" title=\"Portes de garage sectionnelles Beditom\"><\/div><a class=\"w-gallery-item-link\" aria-label=\"Encre\" href=\"https:\/\/beditom.pl\/fr\/app\/uploads\/2025\/03\/Ink.webp\/\"><\/a><\/div><div class=\"w-gallery-item\"><div class=\"w-gallery-item-img\"><img loading=\"lazy\" decoding=\"async\" width=\"300\" height=\"300\" src=\"https:\/\/beditom.pl\/app\/uploads\/2025\/03\/HotChili-300x300.webp\" class=\"attachment-medium size-medium\" alt=\"Beditom bramy gara\u017cowe\" srcset=\"https:\/\/beditom.pl\/app\/uploads\/2025\/03\/HotChili-300x300.webp 300w, https:\/\/beditom.pl\/app\/uploads\/2025\/03\/HotChili-150x150.webp 150w, https:\/\/beditom.pl\/app\/uploads\/2025\/03\/HotChili-12x12.webp 12w, https:\/\/beditom.pl\/app\/uploads\/2025\/03\/HotChili-200x200.webp 200w, https:\/\/beditom.pl\/app\/uploads\/2025\/03\/HotChili.webp 1000w\" sizes=\"auto, (max-width: 300px) 100vw, 300px\" title=\"Portes de garage sectionnelles Beditom\"><\/div><a class=\"w-gallery-item-link\" aria-label=\"HotChili\" href=\"https:\/\/beditom.pl\/fr\/app\/uploads\/2025\/03\/HotChili.webp\/\"><\/a><\/div><div class=\"w-gallery-item\"><div class=\"w-gallery-item-img\"><img loading=\"lazy\" decoding=\"async\" width=\"300\" height=\"300\" src=\"https:\/\/beditom.pl\/app\/uploads\/2026\/02\/sage_-300x300.webp\" class=\"attachment-medium size-medium\" alt=\"Beditom bramy gara\u017cowe\" srcset=\"https:\/\/beditom.pl\/app\/uploads\/2026\/02\/sage_-300x300.webp 300w, https:\/\/beditom.pl\/app\/uploads\/2026\/02\/sage_-150x150.webp 150w, https:\/\/beditom.pl\/app\/uploads\/2026\/02\/sage_-12x12.webp 12w, https:\/\/beditom.pl\/app\/uploads\/2026\/02\/sage_-200x200.webp 200w, https:\/\/beditom.pl\/app\/uploads\/2026\/02\/sage_.webp 1000w\" sizes=\"auto, (max-width: 300px) 100vw, 300px\" title=\"Portes de garage sectionnelles Beditom\"><\/div><a class=\"w-gallery-item-link\" aria-label=\"sage_\" href=\"https:\/\/beditom.pl\/fr\/app\/uploads\/2026\/02\/sage_.webp\/\"><\/a><\/div><div class=\"w-gallery-item\"><div class=\"w-gallery-item-img\"><img loading=\"lazy\" decoding=\"async\" width=\"300\" height=\"300\" src=\"https:\/\/beditom.pl\/app\/uploads\/2025\/03\/ForestGreen-300x300.webp\" class=\"attachment-medium size-medium\" alt=\"Beditom bramy gara\u017cowe\" srcset=\"https:\/\/beditom.pl\/app\/uploads\/2025\/03\/ForestGreen-300x300.webp 300w, https:\/\/beditom.pl\/app\/uploads\/2025\/03\/ForestGreen-150x150.webp 150w, https:\/\/beditom.pl\/app\/uploads\/2025\/03\/ForestGreen-12x12.webp 12w, https:\/\/beditom.pl\/app\/uploads\/2025\/03\/ForestGreen-200x200.webp 200w, https:\/\/beditom.pl\/app\/uploads\/2025\/03\/ForestGreen.webp 1000w\" sizes=\"auto, (max-width: 300px) 100vw, 300px\" title=\"Portes de garage sectionnelles Beditom\"><\/div><a class=\"w-gallery-item-link\" aria-label=\"Vert de la for\u00eat\" href=\"https:\/\/beditom.pl\/fr\/app\/uploads\/2025\/03\/ForestGreen.webp\/\"><\/a><\/div><div class=\"w-gallery-item\"><div class=\"w-gallery-item-img\"><img loading=\"lazy\" decoding=\"async\" width=\"300\" height=\"300\" src=\"https:\/\/beditom.pl\/app\/uploads\/2025\/03\/Concrete-300x300.webp\" class=\"attachment-medium size-medium\" alt=\"Beditom bramy gara\u017cowe\" srcset=\"https:\/\/beditom.pl\/app\/uploads\/2025\/03\/Concrete-300x300.webp 300w, https:\/\/beditom.pl\/app\/uploads\/2025\/03\/Concrete-150x150.webp 150w, https:\/\/beditom.pl\/app\/uploads\/2025\/03\/Concrete-12x12.webp 12w, https:\/\/beditom.pl\/app\/uploads\/2025\/03\/Concrete-200x200.webp 200w, https:\/\/beditom.pl\/app\/uploads\/2025\/03\/Concrete.webp 1000w\" sizes=\"auto, (max-width: 300px) 100vw, 300px\" title=\"Portes de garage sectionnelles Beditom\"><\/div><a class=\"w-gallery-item-link\" aria-label=\"B\u00e9ton\" href=\"https:\/\/beditom.pl\/fr\/app\/uploads\/2025\/03\/Concrete.webp\/\"><\/a><\/div><div class=\"w-gallery-item\"><div class=\"w-gallery-item-img\"><img loading=\"lazy\" decoding=\"async\" width=\"300\" height=\"300\" src=\"https:\/\/beditom.pl\/app\/uploads\/2026\/02\/OBSIDIAN_GRAY_-300x300.webp\" class=\"attachment-medium size-medium\" alt=\"Beditom bramy gara\u017cowe\" srcset=\"https:\/\/beditom.pl\/app\/uploads\/2026\/02\/OBSIDIAN_GRAY_-300x300.webp 300w, https:\/\/beditom.pl\/app\/uploads\/2026\/02\/OBSIDIAN_GRAY_-150x150.webp 150w, https:\/\/beditom.pl\/app\/uploads\/2026\/02\/OBSIDIAN_GRAY_-12x12.webp 12w, https:\/\/beditom.pl\/app\/uploads\/2026\/02\/OBSIDIAN_GRAY_-200x200.webp 200w, https:\/\/beditom.pl\/app\/uploads\/2026\/02\/OBSIDIAN_GRAY_.webp 1000w\" sizes=\"auto, (max-width: 300px) 100vw, 300px\" title=\"Portes de garage sectionnelles Beditom\"><\/div><a class=\"w-gallery-item-link\" aria-label=\"OBSIDIAN_GRAY\" href=\"https:\/\/beditom.pl\/fr\/app\/uploads\/2026\/02\/OBSIDIAN_GRAY_.webp\/\"><\/a><\/div><\/div><\/div><\/div><\/div><\/div><\/div><\/section><section class=\"l-section wpb_row height_auto width_custom\" style=\"--site-content-width:1320px;\"><div class=\"l-section-h i-cf\"><div class=\"g-cols vc_row via_grid cols_1 laptops-cols_inherit tablets-cols_inherit mobiles-cols_1 valign_top type_default stacking_default\"><div class=\"wpb_column vc_column_container\"><div class=\"vc_column-inner\"><div class=\"w-html us_custom_ecd4848b has_text_color\"><p>OPTIONS DE PERFORMANCE<\/p><\/div><div class=\"w-hwrapper valign_top align_center\"><div class=\"w-image align_center meta_simple\"><div class=\"w-image-h\"><img decoding=\"async\" width=\"300\" height=\"264\" src=\"https:\/\/beditom.pl\/app\/uploads\/2024\/05\/Zrzut-ekranu-2024-05-21-o-11.48.11-300x264.png\" class=\"attachment-medium size-medium\" alt=\"Beditom bramy gara\u017cowe\" loading=\"lazy\" srcset=\"https:\/\/beditom.pl\/app\/uploads\/2024\/05\/Zrzut-ekranu-2024-05-21-o-11.48.11-300x264.png 300w, https:\/\/beditom.pl\/app\/uploads\/2024\/05\/Zrzut-ekranu-2024-05-21-o-11.48.11-1024x900.png 1024w, https:\/\/beditom.pl\/app\/uploads\/2024\/05\/Zrzut-ekranu-2024-05-21-o-11.48.11-200x176.png 200w, https:\/\/beditom.pl\/app\/uploads\/2024\/05\/Zrzut-ekranu-2024-05-21-o-11.48.11.png 1556w\" sizes=\"auto, (max-width: 300px) 100vw, 300px\" title=\"Portes de garage sectionnelles Beditom\"><\/div><div class=\"w-image-meta\"><div class=\"w-image-title\">ALUDOOR panneau en aluminium<\/div><\/div><\/div><div class=\"w-image align_center meta_simple\"><div class=\"w-image-h\"><img decoding=\"async\" width=\"300\" height=\"264\" src=\"https:\/\/beditom.pl\/app\/uploads\/2024\/05\/Zrzut-ekranu-2024-05-21-o-11.48.22-300x264.png\" class=\"attachment-medium size-medium\" alt=\"Beditom bramy gara\u017cowe\" loading=\"lazy\" srcset=\"https:\/\/beditom.pl\/app\/uploads\/2024\/05\/Zrzut-ekranu-2024-05-21-o-11.48.22-300x264.png 300w, https:\/\/beditom.pl\/app\/uploads\/2024\/05\/Zrzut-ekranu-2024-05-21-o-11.48.22-1024x901.png 1024w, https:\/\/beditom.pl\/app\/uploads\/2024\/05\/Zrzut-ekranu-2024-05-21-o-11.48.22-200x176.png 200w, https:\/\/beditom.pl\/app\/uploads\/2024\/05\/Zrzut-ekranu-2024-05-21-o-11.48.22.png 1548w\" sizes=\"auto, (max-width: 300px) 100vw, 300px\" title=\"Portes de garage sectionnelles Beditom\"><\/div><div class=\"w-image-meta\"><div class=\"w-image-title\">P3 Fen\u00eatre 430x770mm<\/div><\/div><\/div><div class=\"w-image align_center meta_simple\"><div class=\"w-image-h\"><img decoding=\"async\" width=\"300\" height=\"263\" src=\"https:\/\/beditom.pl\/app\/uploads\/2024\/05\/Zrzut-ekranu-2024-05-21-o-11.48.32-300x263.png\" class=\"attachment-medium size-medium\" alt=\"Beditom bramy gara\u017cowe\" loading=\"lazy\" srcset=\"https:\/\/beditom.pl\/app\/uploads\/2024\/05\/Zrzut-ekranu-2024-05-21-o-11.48.32-300x263.png 300w, https:\/\/beditom.pl\/app\/uploads\/2024\/05\/Zrzut-ekranu-2024-05-21-o-11.48.32-1024x896.png 1024w, https:\/\/beditom.pl\/app\/uploads\/2024\/05\/Zrzut-ekranu-2024-05-21-o-11.48.32-200x175.png 200w, https:\/\/beditom.pl\/app\/uploads\/2024\/05\/Zrzut-ekranu-2024-05-21-o-11.48.32.png 1558w\" sizes=\"auto, (max-width: 300px) 100vw, 300px\" title=\"Portes de garage sectionnelles Beditom\"><\/div><div class=\"w-image-meta\"><div class=\"w-image-title\">Fen\u00eatre P2 336x640mm avec porte de service<\/div><\/div><\/div><div class=\"w-image align_center meta_simple\"><div class=\"w-image-h\"><img decoding=\"async\" width=\"300\" height=\"264\" src=\"https:\/\/beditom.pl\/app\/uploads\/2024\/05\/Zrzut-ekranu-2024-05-21-o-11.48.41-300x264.png\" class=\"attachment-medium size-medium\" alt=\"Beditom bramy gara\u017cowe\" loading=\"lazy\" srcset=\"https:\/\/beditom.pl\/app\/uploads\/2024\/05\/Zrzut-ekranu-2024-05-21-o-11.48.41-300x264.png 300w, https:\/\/beditom.pl\/app\/uploads\/2024\/05\/Zrzut-ekranu-2024-05-21-o-11.48.41-1024x901.png 1024w, https:\/\/beditom.pl\/app\/uploads\/2024\/05\/Zrzut-ekranu-2024-05-21-o-11.48.41-200x176.png 200w, https:\/\/beditom.pl\/app\/uploads\/2024\/05\/Zrzut-ekranu-2024-05-21-o-11.48.41.png 1552w\" sizes=\"auto, (max-width: 300px) 100vw, 300px\" title=\"Portes de garage sectionnelles Beditom\"><\/div><div class=\"w-image-meta\"><div class=\"w-image-title\">Fen\u00eatre P1 203x610mm<\/div><\/div><\/div><\/div><\/div><\/div><\/div><\/div><\/section>","protected":false},"excerpt":{"rendered":"","protected":false},"author":3,"featured_media":4689,"parent":598,"menu_order":0,"comment_status":"closed","ping_status":"closed","template":"","meta":{"_acf_changed":false,"footnotes":""},"class_list":["post-4652","page","type-page","status-publish","has-post-thumbnail","hentry"],"acf":[],"_links":{"self":[{"href":"https:\/\/beditom.pl\/fr\/wp-json\/wp\/v2\/pages\/4652","targetHints":{"allow":["GET"]}}],"collection":[{"href":"https:\/\/beditom.pl\/fr\/wp-json\/wp\/v2\/pages"}],"about":[{"href":"https:\/\/beditom.pl\/fr\/wp-json\/wp\/v2\/types\/page"}],"author":[{"embeddable":true,"href":"https:\/\/beditom.pl\/fr\/wp-json\/wp\/v2\/users\/3"}],"replies":[{"embeddable":true,"href":"https:\/\/beditom.pl\/fr\/wp-json\/wp\/v2\/comments?post=4652"}],"version-history":[{"count":8,"href":"https:\/\/beditom.pl\/fr\/wp-json\/wp\/v2\/pages\/4652\/revisions"}],"predecessor-version":[{"id":5081,"href":"https:\/\/beditom.pl\/fr\/wp-json\/wp\/v2\/pages\/4652\/revisions\/5081"}],"up":[{"embeddable":true,"href":"https:\/\/beditom.pl\/fr\/wp-json\/wp\/v2\/pages\/598"}],"wp:featuredmedia":[{"embeddable":true,"href":"https:\/\/beditom.pl\/fr\/wp-json\/wp\/v2\/media\/4689"}],"wp:attachment":[{"href":"https:\/\/beditom.pl\/fr\/wp-json\/wp\/v2\/media?parent=4652"}],"curies":[{"name":"wp","href":"https:\/\/api.w.org\/{rel}","templated":true}]}}