{"id":2083,"date":"2024-04-15T16:28:16","date_gmt":"2024-04-15T16:28:16","guid":{"rendered":"https:\/\/beditom.pl\/?page_id=2083"},"modified":"2024-07-25T08:04:12","modified_gmt":"2024-07-25T08:04:12","slug":"o-firmie","status":"publish","type":"page","link":"https:\/\/beditom.pl\/fr\/o-firmie\/","title":{"rendered":"A propos de l'entreprise"},"content":{"rendered":"<section class=\"l-section wpb_row height_medium width_custom color_primary\" style=\"--site-content-width:1320px;\"><div class=\"l-section-h i-cf\"><div class=\"g-cols vc_row via_grid cols_1 laptops-cols_inherit tablets-cols_inherit mobiles-cols_1 valign_top type_default stacking_default\"><div class=\"wpb_column vc_column_container\"><div class=\"vc_column-inner\"><div class=\"w-html us_custom_b011e678 has_text_color\"><p>\nFirma BEDITOM, za\u0142o\u017cona w 1995 roku, specjalizuje si\u0119 w produkcji bram segmentowych przemys\u0142owych i gara\u017cowych, b\u0119d\u0105c jednym z pionier\u00f3w w tej dziedzinie na polskim rynku.\n<\/p><\/div><\/div><\/div><\/div><\/div><\/section><section class=\"l-section wpb_row us_custom_e29345e3 height_medium width_custom\" style=\"--site-content-width:1320px;\"><div class=\"l-section-h i-cf\"><div class=\"g-cols vc_row via_grid cols_1 laptops-cols_inherit tablets-cols_inherit mobiles-cols_1 valign_top type_default stacking_default\"><div class=\"wpb_column vc_column_container\"><div class=\"vc_column-inner\"><nav class=\"g-breadcrumbs us_custom_fdcab3db separator_icon align_none hide_current\" itemscope itemtype=\"http:\/\/schema.org\/BreadcrumbList\"><div class=\"g-breadcrumbs-item\" itemscope itemprop=\"itemListElement\" itemtype=\"http:\/\/schema.org\/ListItem\"><a itemprop=\"item\" href=\"https:\/\/beditom.pl\/fr\/\"><span itemprop=\"name\">Page d'accueil<\/span><\/a><meta itemprop=\"position\" content=\"1\"\/><\/div><div class=\"g-breadcrumbs-separator\"><i class=\"far fa-angle-right\"><\/i><\/div><div class=\"g-breadcrumbs-item\">Pages<\/div><\/nav><\/div><\/div><\/div><\/div><\/section>\n<section class=\"l-section wpb_row us_custom_ed832219 height_medium width_custom\" style=\"--site-content-width:1320px;\"><div class=\"l-section-h i-cf\"><div class=\"g-cols vc_row via_grid cols_1 laptops-cols_inherit tablets-cols_inherit mobiles-cols_1 valign_top type_default stacking_default\"><div class=\"wpb_column vc_column_container\"><div class=\"vc_column-inner\"><\/div><\/div><\/div><\/div><\/section><section class=\"l-section wpb_row us_custom_5cd26a65 height_medium width_custom\" style=\"--site-content-width:1320px;\"><div class=\"l-section-h i-cf\"><div class=\"g-cols vc_row via_grid cols_2 laptops-cols_2 tablets-cols_inherit mobiles-cols_1 valign_top type_default stacking_default\"><div class=\"wpb_column vc_column_container\"><div class=\"vc_column-inner\"><div class=\"wpb_text_column us_custom_9ebf969f\"><div class=\"wpb_wrapper\"><p>Historique de l'entreprise<\/p>\n<\/div><\/div><div class=\"wpb_text_column\"><div class=\"wpb_wrapper\"><p><span data-sheets-root=\"1\" data-sheets-value=\"{&quot;1&quot;:2,&quot;2&quot;:&quot;Firma BEDITOM powsta\u0142a w 1995. Od samego pocz\u0105tku dzia\u0142a na rynku bram, drzwi i nap\u0119d\u00f3w automatycznych dla budownictwa mieszkaniowego oraz przemys\u0142owego.\\nJeste\u015bmy jednym z pierwszych producent\u00f3w segmentowych bram przemys\u0142owych i gara\u017cowych w Polsce. Przez kolejne lata stopniowo uzupe\u0142niamy ofert\u0119 naszych produkt\u00f3w. \\nOd pocz\u0105tku istnienia wsp\u00f3\u0142pracujemy z wiod\u0105cymi dostawcami komponent\u00f3w do produkcji naszych wyrob\u00f3w oraz najbardziej renomowanymi producentami automatyki do bram w Europie i na \u015bwiecie. Wsp\u00f3lnie tworzymy oryginalne i nowatorskie rozwi\u0105zania. \\nDzi\u0119ki wieloletniemu do\u015bwiadczeniu, zespo\u0142owi o wysokich kwalifikacjach oraz wsp\u00f3\u0142pracy z najlepszym firmami z bran\u017cy, mo\u017cemy zaoferowa\u0107 naszym klientom najwy\u017csz\u0105 jako\u015b\u0107 produkt\u00f3w i obs\u0142ugi handlowej, poprzez sie\u0107 autoryzowanych partner\u00f3w handlowych. Od 2022 roku jeste\u015bmy cz\u0119\u015bci\u0105 Grupy WIK\u0118D, lidera na rynku drzwi zewn\u0119trznych oraz uznanego producenta stolarki okiennej. Dzi\u0119ki temu jeste\u015bmy w stanie kompleksowo obs\u0142u\u017cy\u0107 potrzeby naszych klient\u00f3w oferuj\u0105c im idealnie dobrany zestaw produkt\u00f3w widocznych w bryle zewn\u0119trznej budynk\u00f3w mieszkaniowych jak r\u00f3wnie\u017c przemys\u0142owych.\\n&quot;}\" data-sheets-userformat=\"{&quot;2&quot;:961,&quot;3&quot;:{&quot;1&quot;:0},&quot;9&quot;:0,&quot;10&quot;:1,&quot;11&quot;:4,&quot;12&quot;:0}\">Firma <strong>BEDITOM<\/strong> powsta\u0142a w 1995. Od samego pocz\u0105tku dzia\u0142a na rynku bram, drzwi i nap\u0119d\u00f3w automatycznych dla budownictwa mieszkaniowego oraz przemys\u0142owego.<\/span><\/p>\n<p><span data-sheets-root=\"1\" data-sheets-value=\"{&quot;1&quot;:2,&quot;2&quot;:&quot;Firma BEDITOM powsta\u0142a w 1995. Od samego pocz\u0105tku dzia\u0142a na rynku bram, drzwi i nap\u0119d\u00f3w automatycznych dla budownictwa mieszkaniowego oraz przemys\u0142owego.\\nJeste\u015bmy jednym z pierwszych producent\u00f3w segmentowych bram przemys\u0142owych i gara\u017cowych w Polsce. Przez kolejne lata stopniowo uzupe\u0142niamy ofert\u0119 naszych produkt\u00f3w. \\nOd pocz\u0105tku istnienia wsp\u00f3\u0142pracujemy z wiod\u0105cymi dostawcami komponent\u00f3w do produkcji naszych wyrob\u00f3w oraz najbardziej renomowanymi producentami automatyki do bram w Europie i na \u015bwiecie. Wsp\u00f3lnie tworzymy oryginalne i nowatorskie rozwi\u0105zania. \\nDzi\u0119ki wieloletniemu do\u015bwiadczeniu, zespo\u0142owi o wysokich kwalifikacjach oraz wsp\u00f3\u0142pracy z najlepszym firmami z bran\u017cy, mo\u017cemy zaoferowa\u0107 naszym klientom najwy\u017csz\u0105 jako\u015b\u0107 produkt\u00f3w i obs\u0142ugi handlowej, poprzez sie\u0107 autoryzowanych partner\u00f3w handlowych. Od 2022 roku jeste\u015bmy cz\u0119\u015bci\u0105 Grupy WIK\u0118D, lidera na rynku drzwi zewn\u0119trznych oraz uznanego producenta stolarki okiennej. Dzi\u0119ki temu jeste\u015bmy w stanie kompleksowo obs\u0142u\u017cy\u0107 potrzeby naszych klient\u00f3w oferuj\u0105c im idealnie dobrany zestaw produkt\u00f3w widocznych w bryle zewn\u0119trznej budynk\u00f3w mieszkaniowych jak r\u00f3wnie\u017c przemys\u0142owych.\\n&quot;}\" data-sheets-userformat=\"{&quot;2&quot;:961,&quot;3&quot;:{&quot;1&quot;:0},&quot;9&quot;:0,&quot;10&quot;:1,&quot;11&quot;:4,&quot;12&quot;:0}\">Jeste\u015bmy jednym z pierwszych producent\u00f3w segmentowych bram przemys\u0142owych i gara\u017cowych w Polsce. Przez kolejne lata stopniowo uzupe\u0142niamy ofert\u0119 naszych produkt\u00f3w.<\/span><\/p>\n<p><span data-sheets-root=\"1\" data-sheets-value=\"{&quot;1&quot;:2,&quot;2&quot;:&quot;Firma BEDITOM powsta\u0142a w 1995. Od samego pocz\u0105tku dzia\u0142a na rynku bram, drzwi i nap\u0119d\u00f3w automatycznych dla budownictwa mieszkaniowego oraz przemys\u0142owego.\\nJeste\u015bmy jednym z pierwszych producent\u00f3w segmentowych bram przemys\u0142owych i gara\u017cowych w Polsce. Przez kolejne lata stopniowo uzupe\u0142niamy ofert\u0119 naszych produkt\u00f3w. \\nOd pocz\u0105tku istnienia wsp\u00f3\u0142pracujemy z wiod\u0105cymi dostawcami komponent\u00f3w do produkcji naszych wyrob\u00f3w oraz najbardziej renomowanymi producentami automatyki do bram w Europie i na \u015bwiecie. Wsp\u00f3lnie tworzymy oryginalne i nowatorskie rozwi\u0105zania. \\nDzi\u0119ki wieloletniemu do\u015bwiadczeniu, zespo\u0142owi o wysokich kwalifikacjach oraz wsp\u00f3\u0142pracy z najlepszym firmami z bran\u017cy, mo\u017cemy zaoferowa\u0107 naszym klientom najwy\u017csz\u0105 jako\u015b\u0107 produkt\u00f3w i obs\u0142ugi handlowej, poprzez sie\u0107 autoryzowanych partner\u00f3w handlowych. Od 2022 roku jeste\u015bmy cz\u0119\u015bci\u0105 Grupy WIK\u0118D, lidera na rynku drzwi zewn\u0119trznych oraz uznanego producenta stolarki okiennej. Dzi\u0119ki temu jeste\u015bmy w stanie kompleksowo obs\u0142u\u017cy\u0107 potrzeby naszych klient\u00f3w oferuj\u0105c im idealnie dobrany zestaw produkt\u00f3w widocznych w bryle zewn\u0119trznej budynk\u00f3w mieszkaniowych jak r\u00f3wnie\u017c przemys\u0142owych.\\n&quot;}\" data-sheets-userformat=\"{&quot;2&quot;:961,&quot;3&quot;:{&quot;1&quot;:0},&quot;9&quot;:0,&quot;10&quot;:1,&quot;11&quot;:4,&quot;12&quot;:0}\">Od pocz\u0105tku istnienia wsp\u00f3\u0142pracujemy z wiod\u0105cymi dostawcami komponent\u00f3w do produkcji naszych wyrob\u00f3w oraz najbardziej renomowanymi producentami automatyki do bram w Europie i na \u015bwiecie. Wsp\u00f3lnie tworzymy oryginalne i nowatorskie rozwi\u0105zania.<\/span><\/p>\n<p><span data-sheets-root=\"1\" data-sheets-value=\"{&quot;1&quot;:2,&quot;2&quot;:&quot;Firma BEDITOM powsta\u0142a w 1995. Od samego pocz\u0105tku dzia\u0142a na rynku bram, drzwi i nap\u0119d\u00f3w automatycznych dla budownictwa mieszkaniowego oraz przemys\u0142owego.\\nJeste\u015bmy jednym z pierwszych producent\u00f3w segmentowych bram przemys\u0142owych i gara\u017cowych w Polsce. Przez kolejne lata stopniowo uzupe\u0142niamy ofert\u0119 naszych produkt\u00f3w. \\nOd pocz\u0105tku istnienia wsp\u00f3\u0142pracujemy z wiod\u0105cymi dostawcami komponent\u00f3w do produkcji naszych wyrob\u00f3w oraz najbardziej renomowanymi producentami automatyki do bram w Europie i na \u015bwiecie. Wsp\u00f3lnie tworzymy oryginalne i nowatorskie rozwi\u0105zania. \\nDzi\u0119ki wieloletniemu do\u015bwiadczeniu, zespo\u0142owi o wysokich kwalifikacjach oraz wsp\u00f3\u0142pracy z najlepszym firmami z bran\u017cy, mo\u017cemy zaoferowa\u0107 naszym klientom najwy\u017csz\u0105 jako\u015b\u0107 produkt\u00f3w i obs\u0142ugi handlowej, poprzez sie\u0107 autoryzowanych partner\u00f3w handlowych. Od 2022 roku jeste\u015bmy cz\u0119\u015bci\u0105 Grupy WIK\u0118D, lidera na rynku drzwi zewn\u0119trznych oraz uznanego producenta stolarki okiennej. Dzi\u0119ki temu jeste\u015bmy w stanie kompleksowo obs\u0142u\u017cy\u0107 potrzeby naszych klient\u00f3w oferuj\u0105c im idealnie dobrany zestaw produkt\u00f3w widocznych w bryle zewn\u0119trznej budynk\u00f3w mieszkaniowych jak r\u00f3wnie\u017c przemys\u0142owych.\\n&quot;}\" data-sheets-userformat=\"{&quot;2&quot;:961,&quot;3&quot;:{&quot;1&quot;:0},&quot;9&quot;:0,&quot;10&quot;:1,&quot;11&quot;:4,&quot;12&quot;:0}\">Dzi\u0119ki wieloletniemu do\u015bwiadczeniu, zespo\u0142owi ludzi o wysokich kwalifikacjach, wsp\u00f3\u0142pracy z najlepszym firmami z bran\u017cy, oferujemy naszym klientom najwy\u017csz\u0105 jako\u015b\u0107 produkt\u00f3w oraz specjalistyczn\u0105 wiedz\u0119 i serwis sprzeda\u017cowy realizowany poprzez <\/span><span data-sheets-root=\"1\" data-sheets-value=\"{&quot;1&quot;:2,&quot;2&quot;:&quot;Firma BEDITOM powsta\u0142a w 1995. Od samego pocz\u0105tku dzia\u0142a na rynku bram, drzwi i nap\u0119d\u00f3w automatycznych dla budownictwa mieszkaniowego oraz przemys\u0142owego.\\nJeste\u015bmy jednym z pierwszych producent\u00f3w segmentowych bram przemys\u0142owych i gara\u017cowych w Polsce. Przez kolejne lata stopniowo uzupe\u0142niamy ofert\u0119 naszych produkt\u00f3w. \\nOd pocz\u0105tku istnienia wsp\u00f3\u0142pracujemy z wiod\u0105cymi dostawcami komponent\u00f3w do produkcji naszych wyrob\u00f3w oraz najbardziej renomowanymi producentami automatyki do bram w Europie i na \u015bwiecie. Wsp\u00f3lnie tworzymy oryginalne i nowatorskie rozwi\u0105zania. \\nDzi\u0119ki wieloletniemu do\u015bwiadczeniu, zespo\u0142owi o wysokich kwalifikacjach oraz wsp\u00f3\u0142pracy z najlepszym firmami z bran\u017cy, mo\u017cemy zaoferowa\u0107 naszym klientom najwy\u017csz\u0105 jako\u015b\u0107 produkt\u00f3w i obs\u0142ugi handlowej, poprzez sie\u0107 autoryzowanych partner\u00f3w handlowych. Od 2022 roku jeste\u015bmy cz\u0119\u015bci\u0105 Grupy WIK\u0118D, lidera na rynku drzwi zewn\u0119trznych oraz uznanego producenta stolarki okiennej. Dzi\u0119ki temu jeste\u015bmy w stanie kompleksowo obs\u0142u\u017cy\u0107 potrzeby naszych klient\u00f3w oferuj\u0105c im idealnie dobrany zestaw produkt\u00f3w widocznych w bryle zewn\u0119trznej budynk\u00f3w mieszkaniowych jak r\u00f3wnie\u017c przemys\u0142owych.\\n&quot;}\" data-sheets-userformat=\"{&quot;2&quot;:961,&quot;3&quot;:{&quot;1&quot;:0},&quot;9&quot;:0,&quot;10&quot;:1,&quot;11&quot;:4,&quot;12&quot;:0}\">sie\u0107 autoryzowanych partner\u00f3w handlowych. <\/span><\/p>\n<p><span data-sheets-root=\"1\" data-sheets-value=\"{&quot;1&quot;:2,&quot;2&quot;:&quot;Firma BEDITOM powsta\u0142a w 1995. Od samego pocz\u0105tku dzia\u0142a na rynku bram, drzwi i nap\u0119d\u00f3w automatycznych dla budownictwa mieszkaniowego oraz przemys\u0142owego.\\nJeste\u015bmy jednym z pierwszych producent\u00f3w segmentowych bram przemys\u0142owych i gara\u017cowych w Polsce. Przez kolejne lata stopniowo uzupe\u0142niamy ofert\u0119 naszych produkt\u00f3w. \\nOd pocz\u0105tku istnienia wsp\u00f3\u0142pracujemy z wiod\u0105cymi dostawcami komponent\u00f3w do produkcji naszych wyrob\u00f3w oraz najbardziej renomowanymi producentami automatyki do bram w Europie i na \u015bwiecie. Wsp\u00f3lnie tworzymy oryginalne i nowatorskie rozwi\u0105zania. \\nDzi\u0119ki wieloletniemu do\u015bwiadczeniu, zespo\u0142owi o wysokich kwalifikacjach oraz wsp\u00f3\u0142pracy z najlepszym firmami z bran\u017cy, mo\u017cemy zaoferowa\u0107 naszym klientom najwy\u017csz\u0105 jako\u015b\u0107 produkt\u00f3w i obs\u0142ugi handlowej, poprzez sie\u0107 autoryzowanych partner\u00f3w handlowych. Od 2022 roku jeste\u015bmy cz\u0119\u015bci\u0105 Grupy WIK\u0118D, lidera na rynku drzwi zewn\u0119trznych oraz uznanego producenta stolarki okiennej. Dzi\u0119ki temu jeste\u015bmy w stanie kompleksowo obs\u0142u\u017cy\u0107 potrzeby naszych klient\u00f3w oferuj\u0105c im idealnie dobrany zestaw produkt\u00f3w widocznych w bryle zewn\u0119trznej budynk\u00f3w mieszkaniowych jak r\u00f3wnie\u017c przemys\u0142owych.\\n&quot;}\" data-sheets-userformat=\"{&quot;2&quot;:961,&quot;3&quot;:{&quot;1&quot;:0},&quot;9&quot;:0,&quot;10&quot;:1,&quot;11&quot;:4,&quot;12&quot;:0}\">Od 2022 roku jeste\u015bmy cz\u0119\u015bci\u0105\u00a0<strong>GRUPY WIK\u0118D <img loading=\"lazy\" decoding=\"async\" class=\"wp-image-3344 alignnone\" src=\"https:\/\/beditom.pl\/app\/uploads\/2024\/06\/cropped-Wiked_SYGNET_PODST_RGB-1-1-300x300.png\" alt=\"Beditom bramy gara\u017cowe\" width=\"22\" height=\"22\" srcset=\"https:\/\/beditom.pl\/app\/uploads\/2024\/06\/cropped-Wiked_SYGNET_PODST_RGB-1-1-300x300.png 300w, https:\/\/beditom.pl\/app\/uploads\/2024\/06\/cropped-Wiked_SYGNET_PODST_RGB-1-1-150x150.png 150w, https:\/\/beditom.pl\/app\/uploads\/2024\/06\/cropped-Wiked_SYGNET_PODST_RGB-1-1-200x200.png 200w, https:\/\/beditom.pl\/app\/uploads\/2024\/06\/cropped-Wiked_SYGNET_PODST_RGB-1-1.png 512w\" sizes=\"auto, (max-width: 22px) 100vw, 22px\" title=\"Portes de garage sectionnelles Beditom\"><\/strong>, lidera na rynku drzwi zewn\u0119trznych oraz uznanego producenta stolarki okiennej. Dzi\u0119ki temu jeste\u015bmy w stanie kompleksowo obs\u0142u\u017cy\u0107 potrzeby naszych klient\u00f3w oferuj\u0105c im idealnie dobrany zestaw produkt\u00f3w widocznych w bryle zewn\u0119trznej budynk\u00f3w mieszkaniowych jak r\u00f3wnie\u017c przemys\u0142owych.<\/span><\/p>\n<\/div><\/div><\/div><\/div><div class=\"wpb_column vc_column_container\"><div class=\"vc_column-inner\"><div class=\"w-separator size_huge\"><\/div><div class=\"w-image us_custom_47474b22 us_animate_this align_center\"><div class=\"w-image-h\"><img decoding=\"async\" width=\"1024\" height=\"767\" src=\"https:\/\/beditom.pl\/app\/uploads\/2024\/04\/1_g_16-1024x767.webp\" class=\"attachment-large size-large\" alt=\"Beditom bramy gara\u017cowe\" loading=\"lazy\" srcset=\"https:\/\/beditom.pl\/app\/uploads\/2024\/04\/1_g_16-1024x767.webp 1024w, https:\/\/beditom.pl\/app\/uploads\/2024\/04\/1_g_16-300x225.webp 300w, https:\/\/beditom.pl\/app\/uploads\/2024\/04\/1_g_16-50x37.webp 50w, https:\/\/beditom.pl\/app\/uploads\/2024\/04\/1_g_16-600x449.webp 600w, https:\/\/beditom.pl\/app\/uploads\/2024\/04\/1_g_16.webp 1718w\" sizes=\"auto, (max-width: 1024px) 100vw, 1024px\" title=\"Portes de garage sectionnelles Beditom\"><\/div><\/div><\/div><\/div><\/div><\/div><\/section><section class=\"l-section wpb_row height_auto width_custom\" style=\"--site-content-width:1320px;\"><div class=\"l-section-h i-cf\"><div class=\"g-cols vc_row via_grid cols_1 laptops-cols_inherit tablets-cols_inherit mobiles-cols_1 valign_top type_default stacking_default\"><div class=\"wpb_column vc_column_container\"><div class=\"vc_column-inner\"><div class=\"w-html us_custom_9ebf969f\"><p>Cele i misja firmy BEDITOM\n\n<\/p><\/div><div class=\"g-cols wpb_row via_grid cols_3 laptops-cols_3 tablets-cols_inherit mobiles-cols_1 valign_top type_default stacking_default\" style=\"--columns-gap:3rem;\"><div class=\"wpb_column vc_column_container us_custom_3a970018 has_bg_color\"><div class=\"vc_column-inner\"><div class=\"w-image us_custom_2515fe1d has_height align_center\"><div class=\"w-image-h\"><img decoding=\"async\" width=\"1000\" height=\"1000\" src=\"https:\/\/beditom.pl\/app\/uploads\/2024\/05\/BEDITOM-sygnet-kolor.png\" class=\"attachment-us_200_200 size-us_200_200\" alt=\"Beditom bramy gara\u017cowe\" loading=\"lazy\" srcset=\"https:\/\/beditom.pl\/app\/uploads\/2024\/05\/BEDITOM-sygnet-kolor.png 1000w, https:\/\/beditom.pl\/app\/uploads\/2024\/05\/BEDITOM-sygnet-kolor-300x300.png 300w, https:\/\/beditom.pl\/app\/uploads\/2024\/05\/BEDITOM-sygnet-kolor-150x150.png 150w\" sizes=\"auto, (max-width: 1000px) 100vw, 1000px\" title=\"Portes de garage sectionnelles Beditom\"><\/div><\/div><div class=\"w-separator size_small\"><\/div><div class=\"wpb_text_column us_custom_93768ad6 has_text_color\"><div class=\"wpb_wrapper\"><p>Naszym celem jest<\/p>\n<\/div><\/div><div class=\"w-separator size_small\"><\/div><div class=\"wpb_text_column us_custom_df5f4c97 has_text_color\"><div class=\"wpb_wrapper\"><p>dostarczanie klientom produkt\u00f3w na najwy\u017cszym poziomie technologicznym.<br \/>Rozpoznajemy potrzeby odbiorc\u00f3w a nast\u0119pnie przetwarzamy je w innowacyjne rozwi\u0105zania dbaj\u0105c o konkurencyjno\u015b\u0107 naszych wyrob\u00f3w.<\/p>\n<\/div><\/div><\/div><\/div><div class=\"wpb_column vc_column_container us_custom_3a970018 has_bg_color\"><div class=\"vc_column-inner\"><div class=\"w-image us_custom_2515fe1d has_height align_center\"><div class=\"w-image-h\"><img decoding=\"async\" src=\"https:\/\/beditom.pl\/app\/uploads\/2024\/05\/02-zadowolenie-klienta.svg\" class=\"attachment-us_200_200 size-us_200_200\" alt=\"Beditom bramy gara\u017cowe\" loading=\"lazy\" title=\"Portes de garage sectionnelles Beditom\"><\/div><\/div><div class=\"w-separator size_small\"><\/div><div class=\"wpb_text_column us_custom_954cbfd9 has_text_color\"><div class=\"wpb_wrapper\"><p>Zadowolenie klienta<\/p>\n<\/div><\/div><div class=\"w-separator size_small\"><\/div><div class=\"wpb_text_column\"><div class=\"wpb_wrapper\"><p>komfort u\u017cytkowania i bezpiecze\u0144stwo jest dla nas najwy\u017cszym wyzwaniem.<br \/>Oferujemy obs\u0142ug\u0119 klienta od etapu\u00a0 doradztwa poprzez wykonanie, monta\u017c oraz serwis w ca\u0142ym okresie u\u017cytkowania.<\/p>\n<\/div><\/div><\/div><\/div><div class=\"wpb_column vc_column_container us_custom_3a970018 has_bg_color\"><div class=\"vc_column-inner\"><div class=\"w-image us_custom_2515fe1d has_height align_center\"><div class=\"w-image-h\"><img decoding=\"async\" src=\"https:\/\/beditom.pl\/app\/uploads\/2024\/05\/03-bezpieczenstwo.svg\" class=\"attachment-us_200_200 size-us_200_200\" alt=\"Beditom bramy gara\u017cowe\" loading=\"lazy\" title=\"Portes de garage sectionnelles Beditom\"><\/div><\/div><div class=\"w-separator size_small\"><\/div><div class=\"wpb_text_column us_custom_954cbfd9 has_text_color\"><div class=\"wpb_wrapper\"><p>Dbamy o bezpiecze\u0144stwo<\/p>\n<\/div><\/div><div class=\"w-separator size_small\"><\/div><div class=\"wpb_text_column\"><div class=\"wpb_wrapper\"><p>klient\u00f3w . Nasze wyroby spe\u0142niaj\u0105 wymagania europejskich norm i przepis\u00f3w.<\/p>\n<\/div><\/div><\/div><\/div><\/div><div class=\"w-separator size_medium\"><\/div><div class=\"g-cols wpb_row via_grid cols_2 laptops-cols_2 tablets-cols_inherit mobiles-cols_1 valign_top type_default stacking_default\" style=\"--columns-gap:3rem;\"><div class=\"wpb_column vc_column_container us_custom_3a970018 has_bg_color\"><div class=\"vc_column-inner\"><div class=\"w-image us_custom_f9501a1c has_height align_center\"><div class=\"w-image-h\"><img decoding=\"async\" src=\"https:\/\/beditom.pl\/app\/uploads\/2024\/06\/handshake-2.svg\" class=\"attachment-us_200_200 size-us_200_200\" alt=\"Beditom bramy gara\u017cowe\" loading=\"lazy\" title=\"Portes de garage sectionnelles Beditom\"><\/div><\/div><div class=\"w-separator size_small\"><\/div><div class=\"wpb_text_column us_custom_954cbfd9 has_text_color\"><div class=\"wpb_wrapper\"><p>W relacjach z naszymi klientami<\/p>\n<\/div><\/div><div class=\"w-separator size_small\"><\/div><div class=\"wpb_text_column\"><div class=\"wpb_wrapper\"><p>oraz partnerami handlowymi przestrzegamy wysokich standard\u00f3w zawodowych i etycznych.<br \/>\nZaufanie ze strony klient\u00f3w i partner\u00f3w jest wyrazem najwy\u017cszego uznania dla pracy naszego zespo\u0142u.<\/p>\n<\/div><\/div><\/div><\/div><div class=\"wpb_column vc_column_container us_custom_3a970018 has_bg_color\"><div class=\"vc_column-inner\"><div class=\"w-image us_custom_2515fe1d has_height align_center\"><div class=\"w-image-h\"><img decoding=\"async\" src=\"https:\/\/beditom.pl\/app\/uploads\/2024\/05\/05-podejmujemy-wyzwania.svg\" class=\"attachment-us_200_200 size-us_200_200\" alt=\"Beditom bramy gara\u017cowe\" loading=\"lazy\" title=\"Portes de garage sectionnelles Beditom\"><\/div><\/div><div class=\"w-separator size_small\"><\/div><div class=\"wpb_text_column us_custom_954cbfd9 has_text_color\"><div class=\"wpb_wrapper\"><p>Z pasj\u0105 podejmujemy wyzwania<\/p>\n<\/div><\/div><div class=\"w-separator size_small\"><\/div><div class=\"wpb_text_column\"><div class=\"wpb_wrapper\"><p>doskonalenia produkt\u00f3w i obs\u0142ugi klient\u00f3w. Swoje cele realizujemy ze szczeg\u00f3ln\u0105 dba\u0142o\u015bci\u0105 o wymagania \u015brodowiskowe co wyra\u017ca si\u0119 poprzez zapewnienie wysokiej trwa\u0142o\u015bci produkt\u00f3w i optymalnej\u00a0 efektywno\u015bci energetycznej.<\/p>\n<\/div><\/div><\/div><\/div><\/div><div class=\"w-separator size_small\"><\/div><div class=\"w-separator size_medium\"><\/div><\/div><\/div><\/div><\/div><\/section>","protected":false},"excerpt":{"rendered":"Firma BEDITOM, za\u0142o\u017cona w 1995 roku, specjalizuje si\u0119 w produkcji bram segmentowych przemys\u0142owych i gara\u017cowych, b\u0119d\u0105c jednym z pionier\u00f3w w tej dziedzinie na polskim rynku. Strona g\u0142\u00f3wnaPages Historia firmy Firma BEDITOM powsta\u0142a w 1995. Od samego pocz\u0105tku dzia\u0142a na rynku bram, drzwi i nap\u0119d\u00f3w automatycznych dla budownictwa mieszkaniowego oraz przemys\u0142owego. Jeste\u015bmy jednym z pierwszych producent\u00f3w...","protected":false},"author":1,"featured_media":599,"parent":0,"menu_order":0,"comment_status":"closed","ping_status":"closed","template":"","meta":{"_acf_changed":false,"footnotes":""},"class_list":["post-2083","page","type-page","status-publish","has-post-thumbnail","hentry"],"acf":[],"_links":{"self":[{"href":"https:\/\/beditom.pl\/fr\/wp-json\/wp\/v2\/pages\/2083","targetHints":{"allow":["GET"]}}],"collection":[{"href":"https:\/\/beditom.pl\/fr\/wp-json\/wp\/v2\/pages"}],"about":[{"href":"https:\/\/beditom.pl\/fr\/wp-json\/wp\/v2\/types\/page"}],"author":[{"embeddable":true,"href":"https:\/\/beditom.pl\/fr\/wp-json\/wp\/v2\/users\/1"}],"replies":[{"embeddable":true,"href":"https:\/\/beditom.pl\/fr\/wp-json\/wp\/v2\/comments?post=2083"}],"version-history":[{"count":35,"href":"https:\/\/beditom.pl\/fr\/wp-json\/wp\/v2\/pages\/2083\/revisions"}],"predecessor-version":[{"id":4162,"href":"https:\/\/beditom.pl\/fr\/wp-json\/wp\/v2\/pages\/2083\/revisions\/4162"}],"wp:featuredmedia":[{"embeddable":true,"href":"https:\/\/beditom.pl\/fr\/wp-json\/wp\/v2\/media\/599"}],"wp:attachment":[{"href":"https:\/\/beditom.pl\/fr\/wp-json\/wp\/v2\/media?parent=2083"}],"curies":[{"name":"wp","href":"https:\/\/api.w.org\/{rel}","templated":true}]}}