{"id":1879,"date":"2024-04-01T18:19:16","date_gmt":"2024-04-01T18:19:16","guid":{"rendered":"https:\/\/beditom.pl\/?page_id=1879"},"modified":"2026-03-24T12:20:50","modified_gmt":"2026-03-24T11:20:50","slug":"kontakt","status":"publish","type":"page","link":"https:\/\/beditom.pl\/fr\/kontakt\/","title":{"rendered":"Contact"},"content":{"rendered":"<section class=\"l-section wpb_row height_medium width_custom color_primary\" style=\"--site-content-width:1320px;\"><div class=\"l-section-h i-cf\"><div class=\"g-cols vc_row via_grid cols_1-4-1 laptops-cols_inherit tablets-cols_inherit mobiles-cols_1 valign_top type_default stacking_default\"><div class=\"wpb_column vc_column_container\"><div class=\"vc_column-inner\"><\/div><\/div><div class=\"wpb_column vc_column_container\"><div class=\"vc_column-inner\"><div class=\"w-html us_custom_b011e678 has_text_color\"><h1 class=\"us_custom_b011e678\">Contact<\/h1><\/div><\/div><\/div><div class=\"wpb_column vc_column_container\"><div class=\"vc_column-inner\"><\/div><\/div><\/div><\/div><\/section><section class=\"l-section wpb_row height_medium\"><div class=\"l-section-h i-cf\"><div class=\"g-cols vc_row via_grid cols_1-3 laptops-cols_inherit tablets-cols_inherit mobiles-cols_1 valign_top type_default stacking_default\"><div class=\"wpb_column vc_column_container\"><div class=\"vc_column-inner\"><div class=\"w-separator size_medium\"><\/div><div class=\"w-html us_custom_bc42498e has_text_color\"><h2 class=\"us_custom_244de500\">Si\u00e8ge de l'entreprise<\/h1><\/div><div class=\"wpb_text_column us_custom_244de500 hide_on_default hide_on_laptops hide_on_tablets hide_on_mobiles\"><div class=\"wpb_wrapper\"><p>Si\u00e8ge de l'entreprise<\/p>\n<\/div><\/div><div class=\"w-text us_custom_8fe1466f has_text_color\"><span class=\"w-text-h\"><span class=\"w-text-value\">BEDITOM sp. z o.o.<\/span><\/span><\/div><div class=\"w-separator size_small\"><\/div><div class=\"wpb_text_column\"><div class=\"wpb_wrapper\"><div>ul. P\u00f3\u0142nocna 1D, 81-029 Gdynia,<\/div>\n<p><a style=\"color: black;\" href=\"tel:48 58 667 37 10\"><i class=\"fal fa-phone\" style=\"color: #00a53d;\"><\/i>\u00a0 +48 58 667 37 10<\/a><br \/>\n<a href=\"mailto:biuro@beditom.pl\"><i class=\"fal fa-envelope\" style=\"color: #00a53d;\"><\/i> biuro@beditom.pl<\/a><\/p>\n<p><strong>PNM<\/strong>\u00a05861030703<br \/>\n<strong>REGON<\/strong>\u00a0190832322<br \/>\n<strong>KRS<\/strong>\u00a00000948691<\/p>\n<\/div><\/div><div class=\"w-separator size_small\"><\/div><div class=\"w-btn-wrapper align_left\"><a class=\"w-btn us-btn-style_1 us_custom_ec383906\" href=\"\/fr\/kontakt\/dla-firm-wspolpraca\/\"><span class=\"w-btn-label\">La coop\u00e9ration<\/span><\/a><\/div><\/div><\/div><div class=\"wpb_column vc_column_container\"><div class=\"vc_column-inner\"><div class=\"w-html\"><iframe src=\"https:\/\/www.google.com\/maps\/embed?pb=!1m18!1m12!1m3!1d598964.2235719651!2d17.93444153121656!3d53.006723302938436!2m3!1f0!2f0!3f0!3m2!1i1024!2i768!4f13.1!3m3!1m2!1s0x46fda4255fd2048d%3A0x91d11296e6c46643!2sBeditom%20Sp.%20z%20o.o.!5e0!3m2!1spl!2spl!4v1720101525113!5m2!1spl!2spl\" width=\"1250\" height=\"400\" style=\"border:0;\" allowfullscreen=\"\" loading=\"lazy\" referrerpolicy=\"no-referrer-when-downgrade\"><\/iframe><\/div><\/div><\/div><\/div><\/div><\/section><section class=\"l-section wpb_row us_custom_69b620a1 has_text_color height_medium\"><div class=\"l-section-h i-cf\"><div class=\"g-cols vc_row via_grid cols_1 laptops-cols_inherit tablets-cols_inherit mobiles-cols_1 valign_top type_default stacking_default\"><div class=\"wpb_column vc_column_container\"><div class=\"vc_column-inner\"><div class=\"wpb_text_column us_custom_afccc8c1\"><div class=\"wpb_wrapper\"><p>Salle d'exposition BEDITOM<\/p>\n<\/div><\/div><div class=\"w-separator size_small\"><\/div><div class=\"wpb_text_column us_custom_eb849559\"><div class=\"wpb_wrapper\"><h4 style=\"text-align: center;\">Le fabricant de portes sectionnelles vous invite \u00e0 visiter la salle d'exposition situ\u00e9e au si\u00e8ge de l'entreprise.<\/h4>\n<h4 style=\"text-align: center;\">Portails pour la maison et l'industrie, portes ext\u00e9rieures, portes d'acc\u00e8s et automatismes et motorisations pour portails. D\u00e9couvrez tout cela dans notre exposition et faites votre choix.<\/h4>\n<h4 style=\"text-align: center;\"><strong>Vous \u00eates les bienvenus du lundi au vendredi de 8h00 \u00e0 16h00. .<\/strong><\/h4>\n<\/div><\/div><div class=\"w-btn-wrapper align_center hide_on_default hide_on_laptops hide_on_tablets\"><a class=\"w-btn us-btn-style_2 icon_atleft\" href=\"https:\/\/maps.google.com\/maps\/dir\/\/Beditom+Sp.+z+o.o.+P\u00f3\u0142nocna+1D+81-029+Gdynia\/@54.5516263,18.4590387,10z\/data=!4m5!4m4!1m0!1m2!1m1!1s0x46fda4255fd2048d:0x91d11296e6c46643\" target=\"_blank\" rel=\"noopener\"><i class=\"material-icons\">carte<\/i><span class=\"w-btn-label\">Ouvrez la voie vers le salon<\/span><\/a><\/div><\/div><\/div><\/div><\/div><\/section>","protected":false},"excerpt":{"rendered":"KontaktSiedziba firmySiedziba firmy BEDITOM sp. z o.o.ul. P\u00f3\u0142nocna 1D, 81-029 Gdynia, \u00a0 +48 58 667 37 10 biuro@beditom.pl NIP\u00a05861030703 REGON\u00a0190832322 KRS\u00a00000948691 Wsp\u00f3\u0142pracaSalon Firmowy BEDITOM Producent bram segmentowych zaprasza do salonu ekspozycyjnego znajduj\u0105cego si\u0119 w siedzibie firmy. Bramy dla domu i przemys\u0142u, drzwi zewn\u0119trzne, drzwi przygara\u017cowe oraz automatyka i nap\u0119dy do bram. Zobacz to wszystko na...","protected":false},"author":1,"featured_media":933,"parent":0,"menu_order":0,"comment_status":"closed","ping_status":"closed","template":"","meta":{"_acf_changed":false,"footnotes":""},"class_list":["post-1879","page","type-page","status-publish","has-post-thumbnail","hentry"],"acf":[],"_links":{"self":[{"href":"https:\/\/beditom.pl\/fr\/wp-json\/wp\/v2\/pages\/1879","targetHints":{"allow":["GET"]}}],"collection":[{"href":"https:\/\/beditom.pl\/fr\/wp-json\/wp\/v2\/pages"}],"about":[{"href":"https:\/\/beditom.pl\/fr\/wp-json\/wp\/v2\/types\/page"}],"author":[{"embeddable":true,"href":"https:\/\/beditom.pl\/fr\/wp-json\/wp\/v2\/users\/1"}],"replies":[{"embeddable":true,"href":"https:\/\/beditom.pl\/fr\/wp-json\/wp\/v2\/comments?post=1879"}],"version-history":[{"count":110,"href":"https:\/\/beditom.pl\/fr\/wp-json\/wp\/v2\/pages\/1879\/revisions"}],"predecessor-version":[{"id":5102,"href":"https:\/\/beditom.pl\/fr\/wp-json\/wp\/v2\/pages\/1879\/revisions\/5102"}],"wp:featuredmedia":[{"embeddable":true,"href":"https:\/\/beditom.pl\/fr\/wp-json\/wp\/v2\/media\/933"}],"wp:attachment":[{"href":"https:\/\/beditom.pl\/fr\/wp-json\/wp\/v2\/media?parent=1879"}],"curies":[{"name":"wp","href":"https:\/\/api.w.org\/{rel}","templated":true}]}}