{"id":1866,"date":"2024-04-01T17:47:29","date_gmt":"2024-04-01T17:47:29","guid":{"rendered":"https:\/\/beditom.pl\/?page_id=1866"},"modified":"2024-12-09T13:36:34","modified_gmt":"2024-12-09T13:36:34","slug":"zapytanie-ofertowe-dla-firm","status":"publish","type":"page","link":"https:\/\/beditom.pl\/fr\/kontakt\/zapytanie-ofertowe-dla-firm\/","title":{"rendered":"Appel d'offres pour les entreprises"},"content":{"rendered":"<section class=\"l-section wpb_row height_medium width_custom color_primary\" style=\"--site-content-width:1320px;\"><div class=\"l-section-h i-cf\"><div class=\"g-cols vc_row via_grid cols_1-4-1 laptops-cols_inherit tablets-cols_inherit mobiles-cols_1 valign_top type_default stacking_default\"><div class=\"wpb_column vc_column_container\"><div class=\"vc_column-inner\"><\/div><\/div><div class=\"wpb_column vc_column_container\"><div class=\"vc_column-inner\"><div class=\"w-html us_custom_9dfb85bd has_text_color\"><p>POUR L'INDUSTRIE<\/p><\/div><div class=\"w-html us_custom_b011e678 has_text_color\"><h1 class=\"us_custom_b011e678\">Demande de renseignements pour l'industrie<\/h1><\/div><\/div><\/div><div class=\"wpb_column vc_column_container\"><div class=\"vc_column-inner\"><\/div><\/div><\/div><\/div><\/section><section class=\"l-section wpb_row us_custom_e29345e3 height_medium width_custom\" style=\"--site-content-width:1320px;\"><div class=\"l-section-h i-cf\"><div class=\"g-cols vc_row via_grid cols_1 laptops-cols_inherit tablets-cols_inherit mobiles-cols_1 valign_top type_default stacking_default\"><div class=\"wpb_column vc_column_container\"><div class=\"vc_column-inner\"><nav class=\"g-breadcrumbs us_custom_fdcab3db separator_icon align_none hide_current\" itemscope itemtype=\"http:\/\/schema.org\/BreadcrumbList\"><div class=\"g-breadcrumbs-item\" itemscope itemprop=\"itemListElement\" itemtype=\"http:\/\/schema.org\/ListItem\"><a itemprop=\"item\" href=\"https:\/\/beditom.pl\/fr\/\"><span itemprop=\"name\">Page d'accueil<\/span><\/a><meta itemprop=\"position\" content=\"1\"\/><\/div><div class=\"g-breadcrumbs-separator\"><i class=\"far fa-angle-right\"><\/i><\/div><div class=\"g-breadcrumbs-item\">Pages<\/div><\/nav><\/div><\/div><\/div><\/div><\/section>\n<section class=\"l-section wpb_row height_medium width_custom\" style=\"--site-content-width:1320px;\"><div class=\"l-section-h i-cf\"><div class=\"g-cols vc_row via_grid cols_2 laptops-cols_inherit tablets-cols_inherit mobiles-cols_1 valign_top type_default stacking_default\"><div class=\"wpb_column vc_column_container\"><div class=\"vc_column-inner\"><form class=\"w-form  us-field-style_1 layout_ver show_message_after_sending for_cform us_form_1\" action=\"https:\/\/beditom.pl\/fr\/fr\/wp-json\/wp\/v2\/pages\/1866\" method=\"post\" enctype=\"multipart\/form-data\" data-trp-original-action=\"https:\/\/beditom.pl\/fr\/fr\/wp-json\/wp\/v2\/pages\/1866\"><div class=\"w-form-h\"><div class=\"w-form-row for_checkboxes has_label\">\r\n\t\t\t<div class=\"w-form-row-label\">\r\n\t\t\t<span>Je suis int\u00e9ress\u00e9 par la gamme de produits suivante<\/span>\r\n\t\t<\/div>\r\n\t\t<div class=\"w-form-row-field\">\r\n\t\t\t\t\t<label>\r\n\t\t\t\t<input type=\"checkbox\" name=\"us_form_1_checkboxes_1[]\" value=\"Bramy przemys\u0142owe segmentowe\"\/>\r\n\t\t\t\t<span>Portes sectionnelles industrielles<\/span>\r\n\t\t\t<\/label>\r\n\t\t\t\t\t\t<label>\r\n\t\t\t\t<input type=\"checkbox\" name=\"us_form_1_checkboxes_1[]\" value=\"Automatyka przemys\u0142owa\"\/>\r\n\t\t\t\t<span>Automatisation industrielle<\/span>\r\n\t\t\t<\/label>\r\n\t\t\t\t\t\t<label>\r\n\t\t\t\t<input type=\"checkbox\" name=\"us_form_1_checkboxes_1[]\" value=\"Drzwi przemys\u0142owe\"\/>\r\n\t\t\t\t<span>Portes industrielles<\/span>\r\n\t\t\t<\/label>\r\n\t\t\t\t\t\t<label>\r\n\t\t\t\t<input type=\"checkbox\" name=\"us_form_1_checkboxes_1[]\" value=\"Doki prze\u0142adunkowe\"\/>\r\n\t\t\t\t<span>Quais de chargement<\/span>\r\n\t\t\t<\/label>\r\n\t\t\t\t\t\t<label>\r\n\t\t\t\t<input type=\"checkbox\" name=\"us_form_1_checkboxes_1[]\" value=\"Bramy szybkobie\u017cne\"\/>\r\n\t\t\t\t<span>Portes \u00e0 grande vitesse<\/span>\r\n\t\t\t<\/label>\r\n\t\t\t\t\t\t<label>\r\n\t\t\t\t<input type=\"checkbox\" name=\"us_form_1_checkboxes_1[]\" value=\"Inne\"\/>\r\n\t\t\t\t<span>Autres<\/span>\r\n\t\t\t<\/label>\r\n\t\t\t\t<\/div>\r\n\t\t<div class=\"w-form-row-state\">S\u00e9lectionner une option<\/div>\r\n<\/div>\r\n<div class=\"w-form-row for_text has_label required\">\r\n\t\t\t<div class=\"w-form-row-label\">\r\n\t\t\t<span>Nom de l'entreprise *<\/span>\r\n\t\t<\/div>\r\n\t\t<div class=\"w-form-row-field\">\r\n\t\t\t\t\t\t<input aria-label=\"Nom de l&#039;entreprise\" type=\"text\" name=\"us_form_1_text_1\" value placeholder data-required=\"true\" aria-required=\"true\"\/>\r\n\t\t\t<\/div>\r\n\t\t<div class=\"w-form-row-state\">Vous devez remplir ce champ<\/div>\r\n<\/div>\r\n<div class=\"w-form-row for_text has_label required\">\r\n\t\t\t<div class=\"w-form-row-label\">\r\n\t\t\t<span>Nom *<\/span>\r\n\t\t<\/div>\r\n\t\t<div class=\"w-form-row-field\">\r\n\t\t\t\t\t\t<input aria-label=\"Nom\" type=\"text\" name=\"us_form_1_text_2\" value placeholder data-required=\"true\" aria-required=\"true\"\/>\r\n\t\t\t<\/div>\r\n\t\t<div class=\"w-form-row-state\">Vous devez remplir ce champ<\/div>\r\n<\/div>\r\n<div class=\"w-form-row for_text has_label required\">\r\n\t\t\t<div class=\"w-form-row-label\">\r\n\t\t\t<span>Num\u00e9ro de t\u00e9l\u00e9phone *<\/span>\r\n\t\t<\/div>\r\n\t\t<div class=\"w-form-row-field\">\r\n\t\t\t\t\t\t<input aria-label=\"Num\u00e9ro de t\u00e9l\u00e9phone\" type=\"text\" name=\"us_form_1_text_3\" value placeholder data-required=\"true\" aria-required=\"true\"\/>\r\n\t\t\t<\/div>\r\n\t\t<div class=\"w-form-row-state\">Vous devez remplir ce champ<\/div>\r\n<\/div>\r\n<div class=\"w-form-row for_email has_label required\">\r\n\t\t\t<div class=\"w-form-row-label\">\r\n\t\t\t<span>Adresse \u00e9lectronique *<\/span>\r\n\t\t<\/div>\r\n\t\t<div class=\"w-form-row-field\">\r\n\t\t\t\t\t\t<input aria-label=\"Adresse \u00e9lectronique\" type=\"email\" name=\"us_form_1_email_1\" value placeholder data-required=\"true\" aria-required=\"true\"\/>\r\n\t\t\t<\/div>\r\n\t\t<div class=\"w-form-row-state\">Veuillez saisir une adresse e-mail valide.<\/div>\r\n<\/div>\r\n<div class=\"w-form-row for_select has_label required\">\r\n\t\t\t<div class=\"w-form-row-label\">\r\n\t\t\t<span>Province *<\/span>\r\n\t\t<\/div>\r\n\t\t<div class=\"w-form-row-field\">\r\n\t\t\t\t\t\t<select aria-label=\"Province\" data-required=\"true\" aria-required=\"true\" name=\"us_form_1_select_1\">\r\n\t\t\t<option value=\"pomorskie\">Pom\u00e9ranien<\/option><option value=\"dolno\u015bl\u0105skie\">Basse Sil\u00e9sie<\/option><option value=\"kujawsko-pomorskie\">kujawsko-pomorskie<\/option><option value=\"lubelskie\">Lubelskie<\/option><option value=\"lubuskie\">Lubuskie<\/option><option value=\"\u0142\u00f3dzkie\">Lodz<\/option><option value=\"ma\u0142opolskie\">Ma\u0142opolskie<\/option><option value=\"mazowieckie\">mazowieckie<\/option><option value=\"opolskie\">Opolskie<\/option><option value=\"podkarpackie\">Podkarpackie<\/option><option value=\"podlaskie\">podlaskie<\/option><option value=\"\u015bl\u0105skie\">Sil\u00e9sie<\/option><option value=\"\u015bwi\u0119tokrzyskie\">\u015awi\u0119tokrzyskie<\/option><option value=\"warmi\u0144sko-mazurskie\">Warminsko-Mazurskie<\/option><option value=\"wielkopolskie\">Wielkopolskie<\/option><option value=\"zachodniopomorskie\">zachodniopomorskie<\/option>\t\t<\/select>\r\n\t\t\t<\/div>\r\n\t\t<div class=\"w-form-row-state\">S\u00e9lectionner une option<\/div>\r\n<\/div>\r\n<div class=\"w-form-row for_text has_label required\">\r\n\t\t\t<div class=\"w-form-row-label\">\r\n\t\t\t<span>Ville *<\/span>\r\n\t\t<\/div>\r\n\t\t<div class=\"w-form-row-field\">\r\n\t\t\t\t\t\t<input aria-label=\"Ville\" type=\"text\" name=\"us_form_1_text_4\" value placeholder data-required=\"true\" aria-required=\"true\"\/>\r\n\t\t\t<\/div>\r\n\t\t<div class=\"w-form-row-state\">Vous devez remplir ce champ<\/div>\r\n<\/div>\r\n<div class=\"w-form-row for_textarea has_label\">\r\n\t\t\t<div class=\"w-form-row-label\">\r\n\t\t\t<span>o Informations compl\u00e9mentaires (d\u00e9tails de la demande)<\/span>\r\n\t\t<\/div>\r\n\t\t<div class=\"w-form-row-field\">\r\n\t\t\t\t\t\t<textarea aria-label=\"o Informations compl\u00e9mentaires (d\u00e9tails de la demande)\" name=\"us_form_1_textarea_1\" placeholder><\/textarea>\r\n\t\t\t<\/div>\r\n\t\t<div class=\"w-form-row-state\">Vous devez remplir ce champ<\/div>\r\n<\/div>\r\n<div class=\"w-form-row for_file has_label\">\r\n\t\t\t<div class=\"w-form-row-label\">\r\n\t\t\t<span>Pi\u00e8ces jointes (dessin technique ou photographie de l'objet)<\/span>\r\n\t\t<\/div>\r\n\t\t<div class=\"w-form-row-field\">\r\n\t\t\t\t\t\t<input aria-label=\"Pi\u00e8ces jointes (dessin technique ou photographie de l&#039;objet)\" type=\"file\" name=\"us_form_1_file_1\" data-std=\"10MB\" data-max_size=\"10\"\/>\r\n\t\t\t<\/div>\r\n\t\t<div class=\"w-form-row-state\">Vous devez remplir ce champ<\/div>\r\n<\/div>\r\n<div class=\"w-form-row for_agreement required\">\r\n\t\t<div class=\"w-form-row-field\">\r\n\t\t\t\t<label>\r\n\t\t\t<input type=\"checkbox\" value=\"1\" data-required=\"true\" aria-required=\"true\" name=\"us_form_1_agreement_1\"\/>\r\n\t\t\t<span>Je confirme avoir lu et accept\u00e9 <a href=\"https:\/\/beditom.pl\/fr\/regulamin-serwisu-internetowego\/\" target=\"_blank\">conditions d'utilisation du site web<\/a>.<\/span>\r\n\t\t<\/label>\r\n\t\t\t<\/div>\r\n\t\t<div class=\"w-form-row-state\">Vous devez accepter les conditions pour continuer<\/div>\r\n<\/div>\r\n<div class=\"w-form-row for_agreement required\">\r\n\t\t<div class=\"w-form-row-field\">\r\n\t\t\t\t<label>\r\n\t\t\t<input type=\"checkbox\" value=\"1\" data-required=\"true\" aria-required=\"true\" name=\"us_form_1_agreement_2\"\/>\r\n\t\t\t<span>Je confirme que j'ai lu et compris le <a href=\"https:\/\/beditom.pl\/fr\/polityka-prywatnosci\/\" target=\"_blank\">politique de confidentialit\u00e9<\/a> service de site web. <br \/>L'administrateur des donn\u00e9es personnelles collect\u00e9es via le site web est Beditom sp. z o.o., bas\u00e9 \u00e0 Gdynia. Les donn\u00e9es sont ou peuvent \u00eatre trait\u00e9es aux fins et pour les motifs indiqu\u00e9s en d\u00e9tail dans la politique de confidentialit\u00e9 (par exemple, l'utilisation de services \u00e9lectroniques, le marketing direct). La politique de confidentialit\u00e9 contient des informations compl\u00e8tes sur le traitement des donn\u00e9es par le responsable du traitement ainsi que sur les droits de la personne concern\u00e9e. Contact rapide avec le responsable du traitement : rodo@beditom.pl, num\u00e9ro de t\u00e9l\u00e9phone : +48 58 667 37 10.<\/span>\r\n\t\t<\/label>\r\n\t\t\t<\/div>\r\n\t\t<div class=\"w-form-row-state\">Vous devez accepter les conditions pour continuer<\/div>\r\n<\/div>\r\n<input type=\"hidden\" name=\"action\" value=\"us_ajax_cform\" \/>\r\n<input type=\"hidden\" name=\"post_id\" value=\"0\" \/>\r\n<input type=\"hidden\" name=\"form_index\" value=\"1\" \/>\r\n<div class=\"w-form-row for_submit align_none\"><button class=\"w-btn us-btn-style_4\" type=\"submit\" aria-label=\"Envoyer une demande de renseignements\"><span class=\"g-preloader type_1\"><\/span><span class=\"w-btn-label\">Envoyer une demande de renseignements<\/span><\/button><\/div><\/div><div class=\"w-form-message\"><\/div><div class=\"w-form-json hidden\" onclick='return {&quot;ajaxurl&quot;:&quot;https:\\\/\\\/beditom.pl\\\/wp\\\/wp-admin\\\/admin-ajax.php&quot;,&quot;messages&quot;:{&quot;err_empty&quot;:&quot;Vous devez remplir ce champ&quot;,&quot;err_size&quot;:&quot;La taille du fichier ne peut pas d\\u00e9passer %s Mo&quot;,&quot;err_extension&quot;:&quot;Le type de fichier %s n&#039;est pas autoris\\u00e9&quot;,&quot;err_recaptcha_keys&quot;:&quot;Les cl\\u00e9s reCAPTCHA sont incorrectes&quot;}}'><\/div><input type=\"hidden\" name=\"trp-form-language\" value=\"fr\"\/><\/form><\/div><\/div><div class=\"wpb_column vc_column_container\"><div class=\"vc_column-inner\"><div class=\"w-image align_none\"><div class=\"w-image-h\"><img decoding=\"async\" width=\"1024\" height=\"681\" src=\"https:\/\/beditom.pl\/app\/uploads\/2024\/04\/3_p_3-1024x681.webp\" class=\"attachment-large size-large\" alt=\"Beditom bramy gara\u017cowe\" loading=\"lazy\" srcset=\"https:\/\/beditom.pl\/app\/uploads\/2024\/04\/3_p_3-1024x681.webp 1024w, https:\/\/beditom.pl\/app\/uploads\/2024\/04\/3_p_3-300x199.webp 300w, https:\/\/beditom.pl\/app\/uploads\/2024\/04\/3_p_3-50x33.webp 50w, https:\/\/beditom.pl\/app\/uploads\/2024\/04\/3_p_3-600x399.webp 600w, https:\/\/beditom.pl\/app\/uploads\/2024\/04\/3_p_3.webp 1920w\" sizes=\"auto, (max-width: 1024px) 100vw, 1024px\" title=\"Portes de garage sectionnelles Beditom\"><\/div><\/div><div class=\"w-separator size_medium\"><\/div><div class=\"w-image align_none\"><div class=\"w-image-h\"><img decoding=\"async\" width=\"1024\" height=\"683\" src=\"https:\/\/beditom.pl\/app\/uploads\/2024\/04\/4_p_2-1024x683.webp\" class=\"attachment-large size-large\" alt=\"Beditom bramy gara\u017cowe\" loading=\"lazy\" srcset=\"https:\/\/beditom.pl\/app\/uploads\/2024\/04\/4_p_2-1024x683.webp 1024w, https:\/\/beditom.pl\/app\/uploads\/2024\/04\/4_p_2-300x200.webp 300w, https:\/\/beditom.pl\/app\/uploads\/2024\/04\/4_p_2-50x33.webp 50w, https:\/\/beditom.pl\/app\/uploads\/2024\/04\/4_p_2-600x400.webp 600w, https:\/\/beditom.pl\/app\/uploads\/2024\/04\/4_p_2.webp 1920w\" sizes=\"auto, (max-width: 1024px) 100vw, 1024px\" title=\"Portes de garage sectionnelles Beditom\"><\/div><\/div><div class=\"w-separator size_medium\"><\/div><div class=\"w-image align_none\"><div class=\"w-image-h\"><img decoding=\"async\" width=\"1024\" height=\"683\" src=\"https:\/\/beditom.pl\/app\/uploads\/2024\/04\/4_p_9-1024x683.webp\" class=\"attachment-large size-large\" alt=\"Beditom bramy gara\u017cowe\" loading=\"lazy\" srcset=\"https:\/\/beditom.pl\/app\/uploads\/2024\/04\/4_p_9-1024x683.webp 1024w, https:\/\/beditom.pl\/app\/uploads\/2024\/04\/4_p_9-300x200.webp 300w, https:\/\/beditom.pl\/app\/uploads\/2024\/04\/4_p_9-50x33.webp 50w, https:\/\/beditom.pl\/app\/uploads\/2024\/04\/4_p_9-600x400.webp 600w, https:\/\/beditom.pl\/app\/uploads\/2024\/04\/4_p_9.webp 1920w\" sizes=\"auto, (max-width: 1024px) 100vw, 1024px\" title=\"Portes de garage sectionnelles Beditom\"><\/div><\/div><\/div><\/div><\/div><\/div><\/section>","protected":false},"excerpt":{"rendered":"DLA PRZEMYS\u0141UZapytanie ofertowe dla przemys\u0142uStrona g\u0142\u00f3wnaPages Jestem zainteresowana\/y nast\u0119puj\u0105cym asortymentem Bramy przemys\u0142owe segmentowe Automatyka przemys\u0142owa Drzwi przemys\u0142owe Doki prze\u0142adunkowe Bramy szybkobie\u017cne Inne S\u00e9lectionner une option Nazwa firmy * Vous devez remplir ce champ Imi\u0119 i nazwisko * Vous devez remplir ce champ Numer telefonu * Vous devez remplir ce champ Adres e-mail * Veuillez saisir...","protected":false},"author":1,"featured_media":1728,"parent":1879,"menu_order":0,"comment_status":"closed","ping_status":"closed","template":"","meta":{"_acf_changed":false,"footnotes":""},"class_list":["post-1866","page","type-page","status-publish","has-post-thumbnail","hentry"],"acf":[],"_links":{"self":[{"href":"https:\/\/beditom.pl\/fr\/wp-json\/wp\/v2\/pages\/1866","targetHints":{"allow":["GET"]}}],"collection":[{"href":"https:\/\/beditom.pl\/fr\/wp-json\/wp\/v2\/pages"}],"about":[{"href":"https:\/\/beditom.pl\/fr\/wp-json\/wp\/v2\/types\/page"}],"author":[{"embeddable":true,"href":"https:\/\/beditom.pl\/fr\/wp-json\/wp\/v2\/users\/1"}],"replies":[{"embeddable":true,"href":"https:\/\/beditom.pl\/fr\/wp-json\/wp\/v2\/comments?post=1866"}],"version-history":[{"count":24,"href":"https:\/\/beditom.pl\/fr\/wp-json\/wp\/v2\/pages\/1866\/revisions"}],"predecessor-version":[{"id":4520,"href":"https:\/\/beditom.pl\/fr\/wp-json\/wp\/v2\/pages\/1866\/revisions\/4520"}],"up":[{"embeddable":true,"href":"https:\/\/beditom.pl\/fr\/wp-json\/wp\/v2\/pages\/1879"}],"wp:featuredmedia":[{"embeddable":true,"href":"https:\/\/beditom.pl\/fr\/wp-json\/wp\/v2\/media\/1728"}],"wp:attachment":[{"href":"https:\/\/beditom.pl\/fr\/wp-json\/wp\/v2\/media?parent=1866"}],"curies":[{"name":"wp","href":"https:\/\/api.w.org\/{rel}","templated":true}]}}