{"id":1825,"date":"2024-04-01T17:00:22","date_gmt":"2024-04-01T17:00:22","guid":{"rendered":"https:\/\/beditom.pl\/?page_id=1825"},"modified":"2025-08-26T11:58:26","modified_gmt":"2025-08-26T11:58:26","slug":"cele-i-misja","status":"publish","type":"page","link":"https:\/\/beditom.pl\/fr\/o-firmie\/cele-i-misja\/","title":{"rendered":"Cele i misja"},"content":{"rendered":"<section class=\"l-section wpb_row height_medium width_custom color_primary\" style=\"--site-content-width:1320px;\"><div class=\"l-section-h i-cf\"><div class=\"g-cols vc_row via_grid cols_1-4-1 laptops-cols_inherit tablets-cols_inherit mobiles-cols_1 valign_top type_default stacking_default\"><div class=\"wpb_column vc_column_container\"><div class=\"vc_column-inner\"><\/div><\/div><div class=\"wpb_column vc_column_container\"><div class=\"vc_column-inner\"><div class=\"w-html us_custom_9dfb85bd has_text_color\"><p>Beditom<\/p><\/div><div class=\"w-html us_custom_b011e678 has_text_color\"><h1 class=\"us_custom_b011e678\">Cele i misja<\/h1><\/div><\/div><\/div><div class=\"wpb_column vc_column_container\"><div class=\"vc_column-inner\"><\/div><\/div><\/div><\/div><\/section><section class=\"l-section wpb_row us_custom_e29345e3 height_medium width_custom\" style=\"--site-content-width:1320px;\"><div class=\"l-section-h i-cf\"><div class=\"g-cols vc_row via_grid cols_1 laptops-cols_inherit tablets-cols_inherit mobiles-cols_1 valign_top type_default stacking_default\"><div class=\"wpb_column vc_column_container\"><div class=\"vc_column-inner\"><nav class=\"g-breadcrumbs us_custom_fdcab3db separator_icon align_none hide_current\" itemscope itemtype=\"http:\/\/schema.org\/BreadcrumbList\"><div class=\"g-breadcrumbs-item\" itemscope itemprop=\"itemListElement\" itemtype=\"http:\/\/schema.org\/ListItem\"><a itemprop=\"item\" href=\"https:\/\/beditom.pl\/fr\/\"><span itemprop=\"name\">Page d'accueil<\/span><\/a><meta itemprop=\"position\" content=\"1\"\/><\/div><div class=\"g-breadcrumbs-separator\"><i class=\"far fa-angle-right\"><\/i><\/div><div class=\"g-breadcrumbs-item\">Pages<\/div><\/nav><\/div><\/div><\/div><\/div><\/section>\n<section class=\"l-section wpb_row height_medium width_custom\" style=\"--site-content-width:1320px;\"><div class=\"l-section-h i-cf\"><div class=\"g-cols vc_row via_grid cols_1 laptops-cols_inherit tablets-cols_inherit mobiles-cols_1 valign_top type_default stacking_default\"><div class=\"wpb_column vc_column_container\"><div class=\"vc_column-inner\"><div class=\"w-html us_custom_9ebf969f\"><p>Cele i misja firmy Beditom\n\n<\/p><\/div><div class=\"w-separator size_small\"><\/div><div class=\"w-image align_left\"><div class=\"w-image-h\"><img decoding=\"async\" width=\"1180\" height=\"184\" src=\"https:\/\/beditom.pl\/app\/uploads\/2024\/04\/baner_misja2_2.webp\" class=\"attachment-full size-full\" alt=\"Beditom bramy gara\u017cowe\" loading=\"lazy\" srcset=\"https:\/\/beditom.pl\/app\/uploads\/2024\/04\/baner_misja2_2.webp 1180w, https:\/\/beditom.pl\/app\/uploads\/2024\/04\/baner_misja2_2-300x47.webp 300w, https:\/\/beditom.pl\/app\/uploads\/2024\/04\/baner_misja2_2-1024x160.webp 1024w, https:\/\/beditom.pl\/app\/uploads\/2024\/04\/baner_misja2_2-50x8.webp 50w, https:\/\/beditom.pl\/app\/uploads\/2024\/04\/baner_misja2_2-600x94.webp 600w\" sizes=\"auto, (max-width: 1180px) 100vw, 1180px\" title=\"Portes de garage sectionnelles Beditom\"><\/div><\/div><div class=\"w-separator size_medium\"><\/div><div class=\"wpb_text_column us_custom_e603393c has_text_color\"><div class=\"wpb_wrapper\"><p>Naszym celem jest<\/p>\n<\/div><\/div><div class=\"wpb_text_column\"><div class=\"wpb_wrapper\"><p>dostarczanie klientom produkt\u00f3w na najwy\u017cszym poziomie technologicznym.<br \/>\nRozpoznajemy potrzeby odbiorc\u00f3w a nast\u0119pnie przetwarzamy je w innowacyjne rozwi\u0105zania dbaj\u0105c o konkurencyjno\u015b\u0107 naszych wyrob\u00f3w.<\/p>\n<\/div><\/div><div class=\"w-separator size_medium\"><\/div><div class=\"wpb_text_column us_custom_e603393c has_text_color\"><div class=\"wpb_wrapper\"><p>Zadowolenie klienta<\/p>\n<\/div><\/div><div class=\"wpb_text_column\"><div class=\"wpb_wrapper\"><p>komfort u\u017cytkowania i bezpiecze\u0144stwo jest dla nas najwy\u017cszym wyzwaniem.<br \/>\nOferujemy obs\u0142ug\u0119 klienta od etapu\u00a0 doradztwa poprzez wykonanie, monta\u017c oraz serwis w ca\u0142ym okresie u\u017cytkowania.<\/p>\n<\/div><\/div><div class=\"w-separator size_medium\"><\/div><div class=\"wpb_text_column us_custom_e603393c has_text_color\"><div class=\"wpb_wrapper\"><p>Dbamy o bezpiecze\u0144stwo<\/p>\n<\/div><\/div><div class=\"wpb_text_column\"><div class=\"wpb_wrapper\"><p>klient\u00f3w . Nasze wyroby spe\u0142niaj\u0105 wymagania europejskich norm i przepis\u00f3w.<\/p>\n<\/div><\/div><div class=\"w-separator size_medium\"><\/div><div class=\"wpb_text_column us_custom_e603393c has_text_color\"><div class=\"wpb_wrapper\"><p>W relacjach z naszymi klientami<\/p>\n<\/div><\/div><div class=\"wpb_text_column\"><div class=\"wpb_wrapper\"><p>oraz partnerami handlowymi przestrzegamy wysokich standard\u00f3w zawodowych i etycznych.<br \/>\nZaufanie ze strony klient\u00f3w i partner\u00f3w jest wyrazem najwy\u017cszego uznania dla pracy naszego zespo\u0142u.<\/p>\n<\/div><\/div><div class=\"w-separator size_medium\"><\/div><div class=\"wpb_text_column us_custom_e603393c has_text_color\"><div class=\"wpb_wrapper\"><p>Z pasj\u0105 podejmujemy wyzwania<\/p>\n<\/div><\/div><div class=\"wpb_text_column\"><div class=\"wpb_wrapper\"><p>doskonalenia produkt\u00f3w i obs\u0142ugi klient\u00f3w. Swoje cele realizujemy ze szczeg\u00f3ln\u0105 dba\u0142o\u015bci\u0105 o wymagania \u015brodowiskowe co wyra\u017ca si\u0119 poprzez zapewnienie wysokiej trwa\u0142o\u015bci produkt\u00f3w i optymalnej\u00a0 efektywno\u015bci energetycznej.<\/p>\n<\/div><\/div><div class=\"w-separator size_medium\"><\/div><div class=\"w-image align_left\"><div class=\"w-image-h\"><img decoding=\"async\" width=\"1180\" height=\"184\" src=\"https:\/\/beditom.pl\/app\/uploads\/2024\/04\/baner_misja1_1_2.webp\" class=\"attachment-full size-full\" alt=\"Beditom bramy gara\u017cowe\" loading=\"lazy\" srcset=\"https:\/\/beditom.pl\/app\/uploads\/2024\/04\/baner_misja1_1_2.webp 1180w, https:\/\/beditom.pl\/app\/uploads\/2024\/04\/baner_misja1_1_2-300x47.webp 300w, https:\/\/beditom.pl\/app\/uploads\/2024\/04\/baner_misja1_1_2-1024x160.webp 1024w, https:\/\/beditom.pl\/app\/uploads\/2024\/04\/baner_misja1_1_2-50x8.webp 50w, https:\/\/beditom.pl\/app\/uploads\/2024\/04\/baner_misja1_1_2-600x94.webp 600w\" sizes=\"auto, (max-width: 1180px) 100vw, 1180px\" title=\"Portes de garage sectionnelles Beditom\"><\/div><\/div><\/div><\/div><\/div><\/div><\/section><section class=\"l-section wpb_row height_medium\"><div class=\"l-section-h i-cf\"><div class=\"g-cols vc_row via_grid cols_1 laptops-cols_inherit tablets-cols_inherit mobiles-cols_1 valign_top type_default stacking_default\"><div class=\"wpb_column vc_column_container\"><div class=\"vc_column-inner\"><\/div><\/div><\/div><\/div><\/section>","protected":false},"excerpt":{"rendered":"BeditomCele i misjaStrona g\u0142\u00f3wnaPages Cele i misja firmy Beditom Naszym celem jest dostarczanie klientom produkt\u00f3w na najwy\u017cszym poziomie technologicznym. Rozpoznajemy potrzeby odbiorc\u00f3w a nast\u0119pnie przetwarzamy je w innowacyjne rozwi\u0105zania dbaj\u0105c o konkurencyjno\u015b\u0107 naszych wyrob\u00f3w. Zadowolenie klienta komfort u\u017cytkowania i bezpiecze\u0144stwo jest dla nas najwy\u017cszym wyzwaniem. Oferujemy obs\u0142ug\u0119 klienta od etapu\u00a0 doradztwa poprzez wykonanie, monta\u017c oraz...","protected":false},"author":1,"featured_media":675,"parent":2083,"menu_order":0,"comment_status":"closed","ping_status":"closed","template":"","meta":{"_acf_changed":false,"footnotes":""},"class_list":["post-1825","page","type-page","status-publish","has-post-thumbnail","hentry"],"acf":[],"_links":{"self":[{"href":"https:\/\/beditom.pl\/fr\/wp-json\/wp\/v2\/pages\/1825","targetHints":{"allow":["GET"]}}],"collection":[{"href":"https:\/\/beditom.pl\/fr\/wp-json\/wp\/v2\/pages"}],"about":[{"href":"https:\/\/beditom.pl\/fr\/wp-json\/wp\/v2\/types\/page"}],"author":[{"embeddable":true,"href":"https:\/\/beditom.pl\/fr\/wp-json\/wp\/v2\/users\/1"}],"replies":[{"embeddable":true,"href":"https:\/\/beditom.pl\/fr\/wp-json\/wp\/v2\/comments?post=1825"}],"version-history":[{"count":11,"href":"https:\/\/beditom.pl\/fr\/wp-json\/wp\/v2\/pages\/1825\/revisions"}],"predecessor-version":[{"id":4786,"href":"https:\/\/beditom.pl\/fr\/wp-json\/wp\/v2\/pages\/1825\/revisions\/4786"}],"up":[{"embeddable":true,"href":"https:\/\/beditom.pl\/fr\/wp-json\/wp\/v2\/pages\/2083"}],"wp:featuredmedia":[{"embeddable":true,"href":"https:\/\/beditom.pl\/fr\/wp-json\/wp\/v2\/media\/675"}],"wp:attachment":[{"href":"https:\/\/beditom.pl\/fr\/wp-json\/wp\/v2\/media?parent=1825"}],"curies":[{"name":"wp","href":"https:\/\/api.w.org\/{rel}","templated":true}]}}