{"id":1642,"date":"2024-04-01T11:46:41","date_gmt":"2024-04-01T11:46:41","guid":{"rendered":"https:\/\/beditom.pl\/?page_id=1642"},"modified":"2024-06-12T18:05:42","modified_gmt":"2024-06-12T18:05:42","slug":"pomosty","status":"publish","type":"page","link":"https:\/\/beditom.pl\/fr\/dla-przemyslu\/doki-przeladunkowe\/pomosty\/","title":{"rendered":"Pomosty"},"content":{"rendered":"<section class=\"l-section wpb_row height_medium width_custom color_primary\" style=\"--site-content-width:1320px;\"><div class=\"l-section-h i-cf\"><div class=\"g-cols vc_row via_grid cols_1-4-1 laptops-cols_inherit tablets-cols_inherit mobiles-cols_1 valign_top type_default stacking_default\"><div class=\"wpb_column vc_column_container\"><div class=\"vc_column-inner\"><\/div><\/div><div class=\"wpb_column vc_column_container\"><div class=\"vc_column-inner\"><div class=\"w-html us_custom_b011e678 has_text_color\"><p>Rampy i pomosty inne\n\n<\/p><\/div><\/div><\/div><div class=\"wpb_column vc_column_container\"><div class=\"vc_column-inner\"><\/div><\/div><\/div><\/div><\/section><section class=\"l-section wpb_row us_custom_e29345e3 height_medium width_custom\" style=\"--site-content-width:1320px;\"><div class=\"l-section-h i-cf\"><div class=\"g-cols vc_row via_grid cols_1 laptops-cols_inherit tablets-cols_inherit mobiles-cols_1 valign_top type_default stacking_default\"><div class=\"wpb_column vc_column_container\"><div class=\"vc_column-inner\"><nav class=\"g-breadcrumbs us_custom_fdcab3db separator_icon align_none hide_current\" itemscope itemtype=\"http:\/\/schema.org\/BreadcrumbList\"><div class=\"g-breadcrumbs-item\" itemscope itemprop=\"itemListElement\" itemtype=\"http:\/\/schema.org\/ListItem\"><a itemprop=\"item\" href=\"https:\/\/beditom.pl\/fr\/\"><span itemprop=\"name\">Page d'accueil<\/span><\/a><meta itemprop=\"position\" content=\"1\"\/><\/div><div class=\"g-breadcrumbs-separator\"><i class=\"far fa-angle-right\"><\/i><\/div><div class=\"g-breadcrumbs-item\">Pages<\/div><\/nav><\/div><\/div><\/div><\/div><\/section>\n<section class=\"l-section wpb_row height_medium width_custom\" style=\"--site-content-width:1320px;\"><div class=\"l-section-h i-cf\"><div class=\"g-cols vc_row via_grid cols_3-2 laptops-cols_inherit tablets-cols_inherit mobiles-cols_1 valign_top type_default stacking_default\"><div class=\"wpb_column vc_column_container\"><div class=\"vc_column-inner\"><div class=\"w-html us_custom_ecd4848b has_text_color\"><p>DESCRIPTION DU PRODUIT<\/p><\/div><div class=\"wpb_text_column us_custom_9ebf969f\"><div class=\"wpb_wrapper\"><p>Rampy i pomosty inne<\/p>\n<\/div><\/div><div class=\"wpb_text_column\"><div class=\"wpb_wrapper\"><p>Tam gdzie z r\u00f3\u017cnych wzgl\u0119d\u00f3w zastosowanie tradycyjnych rozwi\u0105za\u0144 prze\u0142adunkowych jest nieefektywne stosuje si\u0119 r\u0119czne pomosty lub rampy mobilne niezintegrowane z obiektem.<\/p>\n<\/div><\/div><\/div><\/div><div class=\"wpb_column vc_column_container\"><div class=\"vc_column-inner\"><div class=\"w-image align_none\"><div class=\"w-image-h\"><img decoding=\"async\" width=\"600\" height=\"600\" src=\"https:\/\/beditom.pl\/app\/uploads\/2024\/04\/doki_rampy_1_2.webp\" class=\"attachment-woocommerce_single size-woocommerce_single\" alt=\"Beditom bramy gara\u017cowe\" loading=\"lazy\" srcset=\"https:\/\/beditom.pl\/app\/uploads\/2024\/04\/doki_rampy_1_2.webp 600w, https:\/\/beditom.pl\/app\/uploads\/2024\/04\/doki_rampy_1_2-300x300.webp 300w, https:\/\/beditom.pl\/app\/uploads\/2024\/04\/doki_rampy_1_2-150x150.webp 150w, https:\/\/beditom.pl\/app\/uploads\/2024\/04\/doki_rampy_1_2-50x50.webp 50w\" sizes=\"auto, (max-width: 600px) 100vw, 600px\" title=\"Portes de garage sectionnelles Beditom\"><\/div><\/div><\/div><\/div><\/div><\/div><\/section><section class=\"l-section wpb_row us_custom_5cd26a65 height_auto width_custom\" style=\"--site-content-width:1320px;\"><div class=\"l-section-h i-cf\"><div class=\"g-cols vc_row via_grid cols_1 laptops-cols_inherit tablets-cols_inherit mobiles-cols_1 valign_top type_default stacking_default\"><div class=\"wpb_column vc_column_container\"><div class=\"vc_column-inner\"><div class=\"w-html us_custom_ecd4848b has_text_color\"><p>Opcje wykonania<\/p><\/div><\/div><\/div><\/div><\/div><\/section><section class=\"l-section wpb_row us_custom_887a049b height_medium width_custom\" style=\"--site-content-width:1320px;\"><div class=\"l-section-h i-cf\"><div class=\"g-cols vc_row via_grid cols_3 laptops-cols_inherit tablets-cols_inherit mobiles-cols_1 valign_top type_default stacking_default\"><div class=\"wpb_column vc_column_container\"><div class=\"vc_column-inner\"><div class=\"w-image align_center\"><div class=\"w-image-h\"><img decoding=\"async\" width=\"150\" height=\"150\" src=\"https:\/\/beditom.pl\/app\/uploads\/2024\/04\/doki_rampy_1_2-150x150.webp\" class=\"attachment-thumbnail size-thumbnail\" alt=\"Beditom bramy gara\u017cowe\" loading=\"lazy\" srcset=\"https:\/\/beditom.pl\/app\/uploads\/2024\/04\/doki_rampy_1_2-150x150.webp 150w, https:\/\/beditom.pl\/app\/uploads\/2024\/04\/doki_rampy_1_2-300x300.webp 300w, https:\/\/beditom.pl\/app\/uploads\/2024\/04\/doki_rampy_1_2-50x50.webp 50w, https:\/\/beditom.pl\/app\/uploads\/2024\/04\/doki_rampy_1_2.webp 600w\" sizes=\"auto, (max-width: 150px) 100vw, 150px\" title=\"Portes de garage sectionnelles Beditom\"><\/div><\/div><div class=\"wpb_text_column us_custom_32207688\"><div class=\"wpb_wrapper\"><p style=\"text-align: center;\">Pomost prze\u0142adunkowy PP<\/p>\n<\/div><\/div><div class=\"w-separator size_small\"><\/div><div class=\"wpb_text_column\"><div class=\"wpb_wrapper\"><p style=\"text-align: center;\">Jest przeznaczony dla ramp zewn\u0119trznych i wewn\u0119trznych, gdy zmostkowane maj\u0105 by\u0107 ma\u0142e i \u015brednie r\u00f3\u017cnice wysoko\u015bci pomi\u0119dzy kraw\u0119dzi\u0105 rampy a powierzchni\u0105 \u0142adunkow\u0105 pojazdu.<\/p>\n<p>Spr\u0119\u017cyny naciskowe kompensuj\u0105 ci\u0119\u017car pomostu tak \u017ce obs\u0142uga jednoosobowa jest wystarczaj\u0105ca. Dost\u0119pne w wersji stacjonarnej i przesuwnej.<\/p>\n<\/div><\/div><\/div><\/div><div class=\"wpb_column vc_column_container\"><div class=\"vc_column-inner\"><div class=\"w-image align_center\"><div class=\"w-image-h\"><img decoding=\"async\" width=\"150\" height=\"150\" src=\"https:\/\/beditom.pl\/app\/uploads\/2024\/04\/doki_rampy-150x150.webp\" class=\"attachment-thumbnail size-thumbnail\" alt=\"Beditom bramy gara\u017cowe\" loading=\"lazy\" srcset=\"https:\/\/beditom.pl\/app\/uploads\/2024\/04\/doki_rampy-150x150.webp 150w, https:\/\/beditom.pl\/app\/uploads\/2024\/04\/doki_rampy-300x300.webp 300w, https:\/\/beditom.pl\/app\/uploads\/2024\/04\/doki_rampy-50x50.webp 50w, https:\/\/beditom.pl\/app\/uploads\/2024\/04\/doki_rampy.webp 600w\" sizes=\"auto, (max-width: 150px) 100vw, 150px\" title=\"Portes de garage sectionnelles Beditom\"><\/div><\/div><div class=\"wpb_text_column us_custom_32207688\"><div class=\"wpb_wrapper\"><p style=\"text-align: center;\">Pomosty prze\u0142adunkowe PTU<\/p>\n<\/div><\/div><div class=\"w-separator size_small\"><\/div><div class=\"wpb_text_column\"><div class=\"wpb_wrapper\"><p style=\"text-align: center;\">Elektrohydrauliczny pomost prze\u0142adunkowy z dzielonym teleskopowo wysuwanym najazdem dost\u0119pny w dw\u00f3ch kolorach RAL 5010 niebieski i RAL 7016 antracyt.<\/p>\n<p style=\"text-align: center;\">Zaprojektowany zosta\u0142 z my\u015bl\u0105 o obs\u0142udze szerokiej gamy pojazd\u00f3w r\u00f3\u017cni\u0105cych si\u0119 konstrukcj\u0105 oraz gabarytami powierzchni \u0142adunkowej.<\/p>\n<\/div><\/div><\/div><\/div><div class=\"wpb_column vc_column_container\"><div class=\"vc_column-inner\"><div class=\"w-image align_center\"><div class=\"w-image-h\"><img decoding=\"async\" width=\"150\" height=\"150\" src=\"https:\/\/beditom.pl\/app\/uploads\/2024\/04\/doki_rampy_1_3-150x150.webp\" class=\"attachment-thumbnail size-thumbnail\" alt=\"Beditom bramy gara\u017cowe\" loading=\"lazy\" srcset=\"https:\/\/beditom.pl\/app\/uploads\/2024\/04\/doki_rampy_1_3-150x150.webp 150w, https:\/\/beditom.pl\/app\/uploads\/2024\/04\/doki_rampy_1_3-300x300.webp 300w, https:\/\/beditom.pl\/app\/uploads\/2024\/04\/doki_rampy_1_3-50x50.webp 50w, https:\/\/beditom.pl\/app\/uploads\/2024\/04\/doki_rampy_1_3.webp 400w\" sizes=\"auto, (max-width: 150px) 100vw, 150px\" title=\"Portes de garage sectionnelles Beditom\"><\/div><\/div><div class=\"wpb_text_column us_custom_32207688\"><div class=\"wpb_wrapper\"><p style=\"text-align: center;\">Pomosty mobilne<\/p>\n<\/div><\/div><div class=\"w-separator size_small\"><\/div><div class=\"wpb_text_column\"><div class=\"wpb_wrapper\"><p style=\"text-align: center;\">Oferuj\u0105 mo\u017cliwo\u015b\u0107 bezpo\u015bredniego roz\u0142adunku i za\u0142adunku z poziomu gruntu przestrzeni \u0142adunkowej ci\u0119\u017car\u00f3wek, kontener\u00f3w, wagon\u00f3w itp. Dost\u0119pne s\u0105 w dw\u00f3ch wariantach standardowej (PAR) i z dodatkow\u0105 poziom\u0105 platform\u0105 (PARP).<\/p>\n<\/div><\/div><\/div><\/div><\/div><\/div><\/section><section class=\"l-section wpb_row height_auto width_custom\" style=\"--site-content-width:1320px;\"><div class=\"l-section-h i-cf\"><div class=\"g-cols vc_row via_grid cols_1 laptops-cols_inherit tablets-cols_inherit mobiles-cols_1 valign_top type_default stacking_default\"><div class=\"wpb_column vc_column_container\"><div class=\"vc_column-inner\"><div class=\"w-html us_custom_ecd4848b has_text_color\"><p>Accessoires<\/p><\/div><\/div><\/div><\/div><\/div><\/section><section class=\"l-section wpb_row us_custom_887a049b height_medium width_custom\" style=\"--site-content-width:1320px;\"><div class=\"l-section-h i-cf\"><div class=\"g-cols vc_row via_grid cols_3 laptops-cols_inherit tablets-cols_inherit mobiles-cols_1 valign_top type_default stacking_default\"><div class=\"wpb_column vc_column_container\"><div class=\"vc_column-inner\"><div class=\"w-image align_center\"><div class=\"w-image-h\"><img decoding=\"async\" width=\"136\" height=\"150\" src=\"https:\/\/beditom.pl\/app\/uploads\/2024\/04\/pomosty_akcesoria_1-136x150.webp\" class=\"attachment-thumbnail size-thumbnail\" alt=\"Beditom bramy gara\u017cowe\" loading=\"lazy\" title=\"Portes de garage sectionnelles Beditom\"><\/div><\/div><div class=\"wpb_text_column us_custom_32207688\"><div class=\"wpb_wrapper\"><p style=\"text-align: center;\">PGB<\/p>\n<\/div><\/div><div class=\"w-separator size_small\"><\/div><div class=\"wpb_text_column\"><div class=\"wpb_wrapper\"><p style=\"text-align: center;\">Ruchomy odb\u00f3j najazdowy (p\u0142ywaj\u0105cy)<\/p>\n<\/div><\/div><\/div><\/div><div class=\"wpb_column vc_column_container\"><div class=\"vc_column-inner\"><div class=\"w-image align_center\"><div class=\"w-image-h\"><img decoding=\"async\" width=\"146\" height=\"150\" src=\"https:\/\/beditom.pl\/app\/uploads\/2024\/04\/pomosty_akcesoria_2-146x150.webp\" class=\"attachment-thumbnail size-thumbnail\" alt=\"Beditom bramy gara\u017cowe\" loading=\"lazy\" srcset=\"https:\/\/beditom.pl\/app\/uploads\/2024\/04\/pomosty_akcesoria_2-146x150.webp 146w, https:\/\/beditom.pl\/app\/uploads\/2024\/04\/pomosty_akcesoria_2-50x50.webp 50w\" sizes=\"auto, (max-width: 146px) 100vw, 146px\" title=\"Portes de garage sectionnelles Beditom\"><\/div><\/div><div class=\"wpb_text_column us_custom_32207688\"><div class=\"wpb_wrapper\"><p style=\"text-align: center;\">PGV<\/p>\n<\/div><\/div><div class=\"w-separator size_small\"><\/div><div class=\"wpb_text_column\"><div class=\"wpb_wrapper\"><p style=\"text-align: center;\">Ruchomy odb\u00f3j najazdowy (przestawny)<\/p>\n<\/div><\/div><\/div><\/div><div class=\"wpb_column vc_column_container\"><div class=\"vc_column-inner\"><div class=\"w-image align_center\"><div class=\"w-image-h\"><img decoding=\"async\" width=\"150\" height=\"150\" src=\"https:\/\/beditom.pl\/app\/uploads\/2024\/04\/pomosty_akcesoria_3-150x150.webp\" class=\"attachment-thumbnail size-thumbnail\" alt=\"Beditom bramy gara\u017cowe\" loading=\"lazy\" srcset=\"https:\/\/beditom.pl\/app\/uploads\/2024\/04\/pomosty_akcesoria_3-150x150.webp 150w, https:\/\/beditom.pl\/app\/uploads\/2024\/04\/pomosty_akcesoria_3-50x50.webp 50w\" sizes=\"auto, (max-width: 150px) 100vw, 150px\" title=\"Portes de garage sectionnelles Beditom\"><\/div><\/div><div class=\"wpb_text_column us_custom_32207688\"><div class=\"wpb_wrapper\"><p style=\"text-align: center;\">ODBOJE<\/p>\n<\/div><\/div><div class=\"w-separator size_small\"><\/div><div class=\"wpb_text_column\"><div class=\"wpb_wrapper\"><p style=\"text-align: center;\">Odboje sta\u0142e PGF, PGFS, PGS, PBGP, p\u0142yta odbojowa PZPS<\/p>\n<\/div><\/div><\/div><\/div><\/div><\/div><\/section><section class=\"l-section wpb_row us_custom_887a049b height_medium width_custom\" style=\"--site-content-width:1320px;\"><div class=\"l-section-h i-cf\"><div class=\"g-cols vc_row via_grid cols_3 laptops-cols_inherit tablets-cols_inherit mobiles-cols_1 valign_top type_default stacking_default\"><div class=\"wpb_column vc_column_container\"><div class=\"vc_column-inner\"><div class=\"w-image align_center\"><div class=\"w-image-h\"><img decoding=\"async\" width=\"150\" height=\"150\" src=\"https:\/\/beditom.pl\/app\/uploads\/2024\/04\/pomosty_akcesoria_4-150x150.webp\" class=\"attachment-thumbnail size-thumbnail\" alt=\"Beditom bramy gara\u017cowe\" loading=\"lazy\" srcset=\"https:\/\/beditom.pl\/app\/uploads\/2024\/04\/pomosty_akcesoria_4-150x150.webp 150w, https:\/\/beditom.pl\/app\/uploads\/2024\/04\/pomosty_akcesoria_4-50x50.webp 50w\" sizes=\"auto, (max-width: 150px) 100vw, 150px\" title=\"Portes de garage sectionnelles Beditom\"><\/div><\/div><div class=\"wpb_text_column us_custom_32207688\"><div class=\"wpb_wrapper\"><p style=\"text-align: center;\">PEF, PEK<\/p>\n<\/div><\/div><div class=\"w-separator size_small\"><\/div><div class=\"wpb_text_column\"><div class=\"wpb_wrapper\"><p style=\"text-align: center;\">Naprowadzacze<\/p>\n<\/div><\/div><\/div><\/div><div class=\"wpb_column vc_column_container\"><div class=\"vc_column-inner\"><div class=\"w-image align_center\"><div class=\"w-image-h\"><img decoding=\"async\" width=\"150\" height=\"150\" src=\"https:\/\/beditom.pl\/app\/uploads\/2024\/04\/pafp-150x150.png\" class=\"attachment-thumbnail size-thumbnail\" alt=\"Beditom bramy gara\u017cowe\" loading=\"lazy\" srcset=\"https:\/\/beditom.pl\/app\/uploads\/2024\/04\/pafp-150x150.png 150w, https:\/\/beditom.pl\/app\/uploads\/2024\/04\/pafp-50x50.png 50w, https:\/\/beditom.pl\/app\/uploads\/2024\/04\/pafp-300x300.png 300w\" sizes=\"auto, (max-width: 150px) 100vw, 150px\" title=\"Portes de garage sectionnelles Beditom\"><\/div><\/div><div class=\"wpb_text_column us_custom_32207688\"><div class=\"wpb_wrapper\"><p style=\"text-align: center;\">PAFP, PAFO<\/p>\n<\/div><\/div><div class=\"w-separator size_small\"><\/div><div class=\"wpb_text_column\"><div class=\"wpb_wrapper\"><p style=\"text-align: center;\">S\u0142upki ochronne<\/p>\n<\/div><\/div><\/div><\/div><div class=\"wpb_column vc_column_container\"><div class=\"vc_column-inner\"><\/div><\/div><\/div><\/div><\/section>","protected":false},"excerpt":{"rendered":"Rampy i pomosty inne Strona g\u0142\u00f3wnaPages OPIS PRODUKTURampy i pomosty inne Tam gdzie z r\u00f3\u017cnych wzgl\u0119d\u00f3w zastosowanie tradycyjnych rozwi\u0105za\u0144 prze\u0142adunkowych jest nieefektywne stosuje si\u0119 r\u0119czne pomosty lub rampy mobilne niezintegrowane z obiektem. Opcje wykonaniaPomost prze\u0142adunkowy PP Jest przeznaczony dla ramp zewn\u0119trznych i wewn\u0119trznych, gdy zmostkowane maj\u0105 by\u0107 ma\u0142e i \u015brednie r\u00f3\u017cnice wysoko\u015bci pomi\u0119dzy kraw\u0119dzi\u0105 rampy...","protected":false},"author":1,"featured_media":1643,"parent":1592,"menu_order":0,"comment_status":"closed","ping_status":"closed","template":"","meta":{"_acf_changed":false,"footnotes":""},"class_list":["post-1642","page","type-page","status-publish","has-post-thumbnail","hentry"],"acf":[],"_links":{"self":[{"href":"https:\/\/beditom.pl\/fr\/wp-json\/wp\/v2\/pages\/1642","targetHints":{"allow":["GET"]}}],"collection":[{"href":"https:\/\/beditom.pl\/fr\/wp-json\/wp\/v2\/pages"}],"about":[{"href":"https:\/\/beditom.pl\/fr\/wp-json\/wp\/v2\/types\/page"}],"author":[{"embeddable":true,"href":"https:\/\/beditom.pl\/fr\/wp-json\/wp\/v2\/users\/1"}],"replies":[{"embeddable":true,"href":"https:\/\/beditom.pl\/fr\/wp-json\/wp\/v2\/comments?post=1642"}],"version-history":[{"count":7,"href":"https:\/\/beditom.pl\/fr\/wp-json\/wp\/v2\/pages\/1642\/revisions"}],"predecessor-version":[{"id":3392,"href":"https:\/\/beditom.pl\/fr\/wp-json\/wp\/v2\/pages\/1642\/revisions\/3392"}],"up":[{"embeddable":true,"href":"https:\/\/beditom.pl\/fr\/wp-json\/wp\/v2\/pages\/1592"}],"wp:featuredmedia":[{"embeddable":true,"href":"https:\/\/beditom.pl\/fr\/wp-json\/wp\/v2\/media\/1643"}],"wp:attachment":[{"href":"https:\/\/beditom.pl\/fr\/wp-json\/wp\/v2\/media?parent=1642"}],"curies":[{"name":"wp","href":"https:\/\/api.w.org\/{rel}","templated":true}]}}