{"id":1334,"date":"2024-03-31T17:40:56","date_gmt":"2024-03-31T17:40:56","guid":{"rendered":"https:\/\/beditom.pl\/?page_id=1334"},"modified":"2024-12-09T14:10:09","modified_gmt":"2024-12-09T14:10:09","slug":"dlaczego-beditom","status":"publish","type":"page","link":"https:\/\/beditom.pl\/fr\/dla-domu\/dlaczego-beditom\/","title":{"rendered":"Pourquoi Beditom ?"},"content":{"rendered":"<section class=\"l-section wpb_row height_medium width_custom color_primary\" style=\"--site-content-width:1320px;\"><div class=\"l-section-h i-cf\"><div class=\"g-cols vc_row via_grid cols_1-4-1 laptops-cols_inherit tablets-cols_inherit mobiles-cols_1 valign_top type_default stacking_default\"><div class=\"wpb_column vc_column_container\"><div class=\"vc_column-inner\"><\/div><\/div><div class=\"wpb_column vc_column_container\"><div class=\"vc_column-inner\"><div class=\"w-html us_custom_b011e678 has_text_color\"><h1 class=\"us_custom_b011e678\">Dlaczego BEDITOM?\n<\/h1><\/div><\/div><\/div><div class=\"wpb_column vc_column_container\"><div class=\"vc_column-inner\"><\/div><\/div><\/div><\/div><\/section><section class=\"l-section wpb_row height_auto\"><div class=\"l-section-h i-cf\"><div class=\"g-cols vc_row via_grid cols_1 laptops-cols_inherit tablets-cols_inherit mobiles-cols_1 valign_top type_default stacking_default\"><div class=\"wpb_column vc_column_container\"><div class=\"vc_column-inner\"><\/div><\/div><\/div><\/div><\/section><section class=\"l-section wpb_row us_custom_eb849559 height_small\"><div class=\"l-section-h i-cf\"><div class=\"g-cols vc_row via_grid cols_1 laptops-cols_inherit tablets-cols_inherit mobiles-cols_1 valign_top type_default stacking_default\"><div class=\"wpb_column vc_column_container\"><div class=\"vc_column-inner\"><div class=\"w-separator size_medium\"><\/div><div class=\"g-cols wpb_row via_grid cols_3 laptops-cols_3 tablets-cols_inherit mobiles-cols_1 valign_top type_default stacking_default\" style=\"--columns-gap:3rem;\"><div class=\"wpb_column vc_column_container us_custom_38bb2da8\"><div class=\"vc_column-overlay\" style=\"background:var(--color-chrome-toolbar)\"><\/div><div class=\"vc_column-inner\"><div class=\"w-vwrapper us_custom_8b3d6790 has_text_color align_center valign_top\"><div class=\"wpb_text_column us_custom_adf5e1d0 has_text_color us_animate_this\"><div class=\"wpb_wrapper\"><p class=\"wp-block-heading\" style=\"text-align: center;\">1<\/p>\n<\/div><\/div><div class=\"wpb_text_column us_custom_a296b92a has_text_color\"><div class=\"wpb_wrapper\"><p data-pm-slice=\"1 1 &#091;&quot;bulletList&quot;,null,&quot;listItem&quot;,null&#093;\">sprawdzona jako\u015b\u0107<\/p>\n<\/div><\/div><\/div><div class=\"w-separator size_small\"><\/div><div class=\"wpb_text_column\"><div class=\"wpb_wrapper\"><p>Potwierdzona certyfikatami niezale\u017cnych instytucji. Produkcja bram Beditom odbywa si\u0119 z zastosowaniem system\u00f3w zarz\u0105dzania jako\u015bci\u0105 DNV ISO 9001 i spe\u0142nia najwy\u017csze wymagania europejskie i \u015bwiatowe. Dzi\u0119ki temu udzielamy wieloletnich gwarancji na nasze produkty.<\/p>\n<\/div><\/div><div class=\"w-separator size_medium\"><\/div><\/div><\/div><div class=\"wpb_column vc_column_container us_custom_7ebc4029 has_bg_color\"><div class=\"vc_column-inner\"><div class=\"w-vwrapper us_custom_8b3d6790 has_text_color align_center valign_top\"><div class=\"wpb_text_column us_custom_adf5e1d0 has_text_color us_animate_this\"><div class=\"wpb_wrapper\"><p class=\"wp-block-heading\" style=\"text-align: center;\">2<\/p>\n<\/div><\/div><div class=\"wpb_text_column us_custom_a296b92a has_text_color\"><div class=\"wpb_wrapper\"><p data-pm-slice=\"1 1 &#091;&quot;bulletList&quot;,null,&quot;listItem&quot;,null&#093;\">do\u015bwiadczenie 30 lat<\/p>\n<\/div><\/div><\/div><div class=\"w-separator size_small\"><\/div><div class=\"wpb_text_column\"><div class=\"wpb_wrapper\"><p>Beditom posiada najwi\u0119ksze do\u015bwiadczenie i tradycje w zakresie sprzeda\u017cy i produkcji bram segmentowych w Polsce. Nasi wysoce wykwalifikowani specjali\u015bci dbaj\u0105 o ka\u017cdy szczeg\u00f3\u0142 i bezustannie pracuj\u0105 nad nowatorskimi rozwi\u0105zaniami technicznymi.<\/p>\n<\/div><\/div><div class=\"w-separator size_medium\"><\/div><\/div><\/div><div class=\"wpb_column vc_column_container us_custom_4a708eea has_bg_color\"><div class=\"vc_column-inner\"><h4 class=\"w-text us_custom_a2f79c23\"><span class=\"w-text-h\"><span class=\"w-text-value\">odpowied\u017a na zapytania w 24h<\/span><\/span><\/h4><div class=\"w-separator size_medium\"><\/div><div class=\"w-separator size_medium\"><\/div><div class=\"w-separator size_medium\"><\/div><div class=\"w-separator size_medium\"><\/div><div class=\"w-separator size_medium\"><\/div><\/div><\/div><\/div><\/div><\/div><\/div><\/div><\/section><section class=\"l-section wpb_row us_custom_eb849559 height_small\"><div class=\"l-section-h i-cf\"><div class=\"g-cols vc_row via_grid cols_1 laptops-cols_inherit tablets-cols_inherit mobiles-cols_1 valign_top type_default stacking_default\"><div class=\"wpb_column vc_column_container\"><div class=\"vc_column-inner\"><div class=\"g-cols wpb_row via_grid cols_3 laptops-cols_3 tablets-cols_inherit mobiles-cols_1 valign_top type_default stacking_default\" style=\"--columns-gap:3rem;\"><div class=\"wpb_column vc_column_container us_custom_7cb7d878 has_bg_color\"><div class=\"vc_column-inner\"><div class=\"w-vwrapper align_center valign_top\"><div class=\"wpb_text_column us_custom_adf5e1d0 has_text_color us_animate_this\"><div class=\"wpb_wrapper\"><p class=\"wp-block-heading\" style=\"text-align: center;\">3<\/p>\n<\/div><\/div><div class=\"wpb_text_column us_custom_a296b92a has_text_color\"><div class=\"wpb_wrapper\"><p data-pm-slice=\"1 1 &#091;&quot;bulletList&quot;,null,&quot;listItem&quot;,null&#093;\">innowacyjno\u015b\u0107 i bezpiecze\u0144stwo<\/p>\n<\/div><\/div><\/div><div class=\"w-separator size_small\"><\/div><div class=\"wpb_text_column\"><div class=\"wpb_wrapper\"><p>zabezpieczenia przeciwko p\u0119kni\u0119ciu spr\u0119\u017cyn, zabezpieczenia przeciwko zerwaniu linek, zabezpieczenia przeciwko przytrza\u015bni\u0119ciu palc\u00f3w a tak\u017ce u\u017cycie niskiego progu w drzwiach serwisowych pozwalaj\u0105 na bezpieczn\u0105 prac\u0119 naszych bram przez ca\u0142y okres eksploatacji.<\/p>\n<\/div><\/div><div class=\"w-separator size_medium\"><\/div><\/div><\/div><div class=\"wpb_column vc_column_container us_custom_508fa9a4 has_bg_color\"><div class=\"vc_column-inner\"><h4 class=\"w-text us_custom_a2f79c23\"><span class=\"w-text-h\"><span class=\"w-text-value\">ROZWI\u0104ZANIA DOSTOSOWANE DO SPECYFIKI OBIEKTU<\/span><\/span><\/h4><div class=\"w-separator size_large\"><\/div><div class=\"w-separator size_large\"><\/div><div class=\"w-separator size_large\"><\/div><\/div><\/div><div class=\"wpb_column vc_column_container us_custom_38bb2da8\"><div class=\"vc_column-overlay\" style=\"background:var(--color-chrome-toolbar)\"><\/div><div class=\"vc_column-inner\"><div class=\"w-vwrapper align_center valign_top\"><div class=\"wpb_text_column us_custom_adf5e1d0 has_text_color us_animate_this\"><div class=\"wpb_wrapper\"><p class=\"wp-block-heading\" style=\"text-align: center;\">4<\/p>\n<\/div><\/div><div class=\"wpb_text_column us_custom_a296b92a has_text_color\"><div class=\"wpb_wrapper\"><p class=\"wp-block-heading\">Energooszcz\u0119dno\u015b\u0107 gwarantowana<\/p>\n<\/div><\/div><\/div><div class=\"w-separator size_small\"><\/div><div class=\"wpb_text_column us_custom_eb849559\"><div class=\"wpb_wrapper\"><p>Bramy Beditom wykonane s\u0105 z panela o grubo\u015bci 40 mm wype\u0142nionego trudnopaln\u0105 piank\u0105 poliuretanow\u0105 ( bez freonu) i wyposa\u017cone s\u0105 w system, trwa\u0142ych, elastycznych i odpornych na dzia\u0142anie warunk\u00f3w atmosferycznych uszczelek , kt\u00f3re umieszczone s\u0105 na ca\u0142ym obwodzie bramy. Zastosowane przez nas uszczelki nie tylko chroni\u0105 przed wiatrem, deszczem i ch\u0142odem lecz tak\u017ce dzi\u0119ki u\u017cyciu szerokiej uszczelki pod\u0142ogowej w kszta\u0142cie litery U, dodatkowo niweluje ma\u0142e nier\u00f3wno\u015bci pod\u0142ogowe.<\/p>\n<\/div><\/div><\/div><\/div><\/div><\/div><\/div><\/div><\/div><\/section><section class=\"l-section wpb_row height_small\"><div class=\"l-section-h i-cf\"><div class=\"g-cols vc_row via_grid cols_1 laptops-cols_inherit tablets-cols_inherit mobiles-cols_1 valign_top type_default stacking_default\"><div class=\"wpb_column vc_column_container\"><div class=\"vc_column-inner\"><div class=\"g-cols wpb_row via_grid cols_3 laptops-cols_3 tablets-cols_inherit mobiles-cols_1 valign_top type_default stacking_default\" style=\"--columns-gap:3rem;\"><div class=\"wpb_column vc_column_container us_custom_8108fcd0 has_bg_color\"><div class=\"vc_column-inner\"><h4 class=\"w-text us_custom_a2f79c23\"><span class=\"w-text-h\"><span class=\"w-text-value\">WSP\u00d3\u0141PRACA Z RENOMOWANYMI DOSTAWCAMI AUTOMATYKI<\/span><\/span><\/h4><div class=\"w-separator size_small\"><\/div><div class=\"w-separator size_small\"><\/div><div class=\"w-separator size_small\"><\/div><div class=\"w-separator size_small\"><\/div><div class=\"w-separator size_small\"><\/div><div class=\"w-separator size_small\"><\/div><div class=\"w-separator size_small\"><\/div><div class=\"w-separator size_small\"><\/div><div class=\"w-separator size_small\"><\/div><\/div><\/div><div class=\"wpb_column vc_column_container us_custom_7ebc4029 has_bg_color\"><div class=\"vc_column-inner\"><div class=\"w-vwrapper align_center valign_top\"><div class=\"wpb_text_column us_custom_adf5e1d0 has_text_color us_animate_this\"><div class=\"wpb_wrapper\"><p class=\"wp-block-heading\" style=\"text-align: center;\">5<\/p>\n<\/div><\/div><div class=\"wpb_text_column us_custom_a296b92a has_text_color\"><div class=\"wpb_wrapper\"><p data-pm-slice=\"1 1 &#091;&quot;bulletList&quot;,null,&quot;listItem&quot;,null&#093;\">doradztwo techniczne<\/p>\n<\/div><\/div><\/div><div class=\"w-separator size_small\"><\/div><div class=\"wpb_text_column\"><div class=\"wpb_wrapper\"><p>W por\u00f3wnaniu z rozwi\u0105zaniami stosowanymi przez konkurencyjne firmy, a szczeg\u00f3lnie tam gdzie przewidziane s\u0105 bramy skrzyd\u0142owe, segmentowe bramy Beditom zapewniaj\u0105 szersze \u015bwiat\u0142o przejazdu, co jest szczeg\u00f3lnie wa\u017cne dla klient\u00f3w kt\u00f3rzy posiadaj\u0105 nowowczesne samochody osobowe, terenowe lub vany.<\/p>\n<\/div><\/div><\/div><\/div><div class=\"wpb_column vc_column_container us_custom_7cb7d878 has_bg_color\"><div class=\"vc_column-inner\"><div class=\"w-vwrapper align_center valign_top\"><div class=\"wpb_text_column us_custom_adf5e1d0 has_text_color us_animate_this\"><div class=\"wpb_wrapper\"><p class=\"wp-block-heading\" style=\"text-align: center;\">6<\/p>\n<\/div><\/div><div class=\"wpb_text_column us_custom_a296b92a has_text_color\"><div class=\"wpb_wrapper\"><p class=\"wp-block-heading\">Niezawodne dzia\u0142anie<\/p>\n<\/div><\/div><\/div><div class=\"w-separator size_small\"><\/div><div class=\"wpb_text_column\"><div class=\"wpb_wrapper\"><p>Komfort ponad wszystko \u2013 poprzez zastosowanie nap\u0119d\u00f3w najwy\u017cszej \u015bwiatowej klasy i renomie, nasze bramy otwieraj\u0105 si\u0119 automatycznie i dzi\u0119ki u\u017cyciu np. nap\u0119du Duo Rapido, kt\u00f3ry charakteryzuje si\u0119 zwi\u0119kszon\u0105 pr\u0119dko\u015bci\u0105 otwierania nawet o 50 % w por\u00f3wnaniu z rozwi\u0105zaniami konkurencyjnymi , umo\u017cliwia szybszy wjazd do gara\u017cu, co jest szczeg\u00f3lnie istotne tam gdzie wyst\u0119puje zwi\u0119kszone nasilenie ruchu.<\/p>\n<\/div><\/div><\/div><\/div><\/div><\/div><\/div><\/div><\/div><\/section><section class=\"l-section wpb_row height_small\"><div class=\"l-section-h i-cf\"><div class=\"g-cols vc_row via_grid cols_1 laptops-cols_inherit tablets-cols_inherit mobiles-cols_1 valign_top type_default stacking_default\"><div class=\"wpb_column vc_column_container\"><div class=\"vc_column-inner\"><div class=\"g-cols wpb_row via_grid cols_3 laptops-cols_3 tablets-cols_inherit mobiles-cols_1 valign_top type_default stacking_default\" style=\"--columns-gap:3rem;\"><div class=\"wpb_column vc_column_container us_custom_7cb7d878 has_bg_color\"><div class=\"vc_column-inner\"><div class=\"w-vwrapper align_center valign_top\"><div class=\"wpb_text_column us_custom_adf5e1d0 has_text_color us_animate_this\"><div class=\"wpb_wrapper\"><p class=\"wp-block-heading\" style=\"text-align: center;\">7<\/p>\n<\/div><\/div><div class=\"wpb_text_column us_custom_a296b92a has_text_color\"><div class=\"wpb_wrapper\"><p class=\"wp-block-heading\">Bezpieczny gara\u017c<\/p>\n<\/div><\/div><\/div><div class=\"w-separator size_small\"><\/div><div class=\"wpb_text_column\"><div class=\"wpb_wrapper\"><p>\u015apij spokojnie. Automatyczne bramy Beditom pozwalaj\u0105 Ci spa\u0107 spokojnie. Automatyczne ryglowanie w prowadnicy bardzo skutecznie chroni przed w\u0142amaniem i zabezpiecza bramy przed podwa\u017ceniem nawet w wypadku awarii zasilania.<\/p>\n<\/div><\/div><div class=\"w-separator size_medium\"><\/div><\/div><\/div><div class=\"wpb_column vc_column_container us_custom_dd0716b3 has_bg_color\"><div class=\"vc_column-inner\"><div class=\"w-vwrapper align_center valign_top\"><div class=\"wpb_text_column us_custom_adf5e1d0 has_text_color us_animate_this\"><div class=\"wpb_wrapper\"><p class=\"wp-block-heading\" style=\"text-align: center;\">8<\/p>\n<\/div><\/div><div class=\"wpb_text_column us_custom_a296b92a has_text_color\"><div class=\"wpb_wrapper\"><p class=\"wp-block-heading\">\u0141amiemy standardy wymiar\u00f3w<\/p>\n<\/div><\/div><\/div><div class=\"w-separator size_small\"><\/div><div class=\"wpb_text_column\"><div class=\"wpb_wrapper\"><p>Wszystkie bramy Beditom wykonywane s\u0105 na indywidualne zam\u00f3wienie. W zwi\u0105zku z tym dost\u0119pne s\u0105 wszystkie szeroko\u015bci bram bez dop\u0142at za wymiary niestandardowe.<\/p>\n<\/div><\/div><div class=\"w-separator size_medium\"><\/div><\/div><\/div><div class=\"wpb_column vc_column_container us_custom_7cb7d878 has_bg_color\"><div class=\"vc_column-inner\"><div class=\"w-vwrapper align_center valign_top\"><div class=\"wpb_text_column us_custom_adf5e1d0 has_text_color us_animate_this\"><div class=\"wpb_wrapper\"><p class=\"wp-block-heading\" style=\"text-align: center;\">9<\/p>\n<\/div><\/div><div class=\"wpb_text_column us_custom_a296b92a has_text_color\"><div class=\"wpb_wrapper\"><p class=\"wp-block-heading\">Ekologicznie przyjazne<\/p>\n<\/div><\/div><\/div><div class=\"w-separator size_small\"><\/div><div class=\"wpb_text_column\"><div class=\"wpb_wrapper\"><p>Z my\u015bl\u0105 o ochronie \u015brodowiska korzystamy tylko z ekologicznych technologii. Nasza firma nie tylko dba o jako\u015b\u0107 produkowanych wyrob\u00f3w lecz tak\u017ce o \u015brodowisko kt\u00f3re nas otacza i dlatego w naszej produkcji u\u017cywamy tylko ekologicznie przyjaznych materia\u0142\u00f3w.<\/p>\n<\/div><\/div><div class=\"w-separator size_medium\"><\/div><\/div><\/div><\/div><\/div><\/div><\/div><\/div><\/section><div class=\"wpb_column vc_column_container\"><div class=\"vc_column-inner\"><div class=\"w-separator size_medium\"><\/div><\/div><\/div><section class=\"l-section wpb_row height_auto\"><div class=\"l-section-h i-cf\"><div class=\"g-cols vc_row via_grid cols_1 laptops-cols_inherit tablets-cols_inherit mobiles-cols_1 valign_top type_default stacking_default\"><div class=\"wpb_column vc_column_container\"><div class=\"vc_column-inner\"><div class=\"w-separator size_medium\"><\/div><div class=\"w-separator size_medium\"><\/div><\/div><\/div><\/div><\/div><\/section>","protected":false},"excerpt":{"rendered":"Dlaczego BEDITOM? 1 sprawdzona jako\u015b\u0107 Potwierdzona certyfikatami niezale\u017cnych instytucji. Produkcja bram Beditom odbywa si\u0119 z zastosowaniem system\u00f3w zarz\u0105dzania jako\u015bci\u0105 DNV ISO 9001 i spe\u0142nia najwy\u017csze wymagania europejskie i \u015bwiatowe. Dzi\u0119ki temu udzielamy wieloletnich gwarancji na nasze produkty. 2 do\u015bwiadczenie 30 lat Beditom posiada najwi\u0119ksze do\u015bwiadczenie i tradycje w zakresie sprzeda\u017cy i produkcji bram segmentowych w...","protected":false},"author":1,"featured_media":599,"parent":1926,"menu_order":0,"comment_status":"closed","ping_status":"closed","template":"","meta":{"_acf_changed":false,"footnotes":""},"class_list":["post-1334","page","type-page","status-publish","has-post-thumbnail","hentry"],"acf":[],"_links":{"self":[{"href":"https:\/\/beditom.pl\/fr\/wp-json\/wp\/v2\/pages\/1334","targetHints":{"allow":["GET"]}}],"collection":[{"href":"https:\/\/beditom.pl\/fr\/wp-json\/wp\/v2\/pages"}],"about":[{"href":"https:\/\/beditom.pl\/fr\/wp-json\/wp\/v2\/types\/page"}],"author":[{"embeddable":true,"href":"https:\/\/beditom.pl\/fr\/wp-json\/wp\/v2\/users\/1"}],"replies":[{"embeddable":true,"href":"https:\/\/beditom.pl\/fr\/wp-json\/wp\/v2\/comments?post=1334"}],"version-history":[{"count":30,"href":"https:\/\/beditom.pl\/fr\/wp-json\/wp\/v2\/pages\/1334\/revisions"}],"predecessor-version":[{"id":4534,"href":"https:\/\/beditom.pl\/fr\/wp-json\/wp\/v2\/pages\/1334\/revisions\/4534"}],"up":[{"embeddable":true,"href":"https:\/\/beditom.pl\/fr\/wp-json\/wp\/v2\/pages\/1926"}],"wp:featuredmedia":[{"embeddable":true,"href":"https:\/\/beditom.pl\/fr\/wp-json\/wp\/v2\/media\/599"}],"wp:attachment":[{"href":"https:\/\/beditom.pl\/fr\/wp-json\/wp\/v2\/media?parent=1334"}],"curies":[{"name":"wp","href":"https:\/\/api.w.org\/{rel}","templated":true}]}}