{"id":1197,"date":"2024-03-25T20:06:04","date_gmt":"2024-03-25T20:06:04","guid":{"rendered":"https:\/\/beditom.pl\/?page_id=1197"},"modified":"2026-03-20T12:52:12","modified_gmt":"2026-03-20T11:52:12","slug":"automatyka-do-bram-wjazdowych","status":"publish","type":"page","link":"https:\/\/beditom.pl\/fr\/dla-domu\/automatyka-do-bram-wjazdowych\/","title":{"rendered":"Automatisation des portes d'entr\u00e9e"},"content":{"rendered":"<section class=\"l-section wpb_row height_medium width_custom color_primary\" style=\"--site-content-width:1320px;\"><div class=\"l-section-h i-cf\"><div class=\"g-cols vc_row via_grid cols_1-4-1 laptops-cols_inherit tablets-cols_inherit mobiles-cols_1 valign_top type_default stacking_default\"><div class=\"wpb_column vc_column_container\"><div class=\"vc_column-inner\"><\/div><\/div><div class=\"wpb_column vc_column_container\"><div class=\"vc_column-inner\"><div class=\"w-html us_custom_9dfb85bd has_text_color\"><p>POUR LA MAISON<\/p><\/div><div class=\"w-html us_custom_b011e678 has_text_color\"><h1 class=\"us_custom_b011e678\">Automatisation des portes d'entr\u00e9e\n\n<\/h1><\/div><\/div><\/div><div class=\"wpb_column vc_column_container\"><div class=\"vc_column-inner\"><\/div><\/div><\/div><\/div><\/section><section class=\"l-section wpb_row us_custom_e29345e3 height_medium width_custom\" style=\"--site-content-width:1320px;\"><div class=\"l-section-h i-cf\"><div class=\"g-cols vc_row via_grid cols_1 laptops-cols_inherit tablets-cols_inherit mobiles-cols_1 valign_top type_default stacking_default\"><div class=\"wpb_column vc_column_container\"><div class=\"vc_column-inner\"><nav class=\"g-breadcrumbs us_custom_fdcab3db separator_icon align_none hide_current\" itemscope itemtype=\"http:\/\/schema.org\/BreadcrumbList\"><div class=\"g-breadcrumbs-item\" itemscope itemprop=\"itemListElement\" itemtype=\"http:\/\/schema.org\/ListItem\"><a itemprop=\"item\" href=\"https:\/\/beditom.pl\/fr\/\"><span itemprop=\"name\">Page d'accueil<\/span><\/a><meta itemprop=\"position\" content=\"1\"\/><\/div><div class=\"g-breadcrumbs-separator\"><i class=\"far fa-angle-right\"><\/i><\/div><div class=\"g-breadcrumbs-item\">Pages<\/div><\/nav><\/div><\/div><\/div><\/div><\/section>\n<section class=\"l-section wpb_row height_medium width_custom\" style=\"--site-content-width:1320px;\"><div class=\"l-section-h i-cf\"><div class=\"g-cols vc_row via_grid cols_1 laptops-cols_inherit tablets-cols_inherit mobiles-cols_1 valign_top type_default stacking_default\"><div class=\"wpb_column vc_column_container\"><div class=\"vc_column-inner\"><div class=\"w-html us_custom_ecd4848b has_text_color\"><p>PRODUITS<\/p><\/div><div class=\"w-html us_custom_9ebf969f\"><p>Automatisation des portes d'entr\u00e9e<\/p><\/div><div class=\"wpb_text_column\"><div class=\"wpb_wrapper\"><p><span>Dans le domaine de l'automatisation des portes, nous ne collaborons qu'avec les meilleures entreprises europ\u00e9ennes. Gr\u00e2ce \u00e0 cela, nous offrons \u00e0 nos clients le plus haut niveau de confort et de s\u00e9curit\u00e9.<\/span><\/p>\n<\/div><\/div><div class=\"g-cols wpb_row via_grid cols_3 laptops-cols_inherit tablets-cols_inherit mobiles-cols_1 valign_top type_default stacking_default\" style=\"--columns-gap:3rem;\"><div class=\"wpb_column vc_column_container\"><div class=\"vc_column-inner\"><div class=\"w-html\"><div class=\"w-grid-item-h\">\n\t\t\t\t\t\t<div class=\"w-vwrapper usg_vwrapper_1 align_left valign_top\"><div class=\"w-post-elm post_image usg_post_image_1 stretched\"><a target=\"_blank\" href=\"https:\/\/liftmaster.eu\/en\/collections\/swing-gates\" aria-label=\"Automatismes LiftMaster pour portes d&#039;entr\u00e9e\" rel=\"noopener\"><img fetchpriority=\"high\" decoding=\"async\" width=\"300\" height=\"200\" src=\"https:\/\/beditom.pl\/app\/uploads\/2024\/07\/Logo_LiftMaster-e1720681628112.png\" class=\"attachment-medium size-medium wp-post-image\" alt=\"Beditom bramy gara\u017cowe\" srcset=\"https:\/\/beditom.pl\/app\/uploads\/2024\/07\/Logo_LiftMaster-e1720681628112.png 300w, https:\/\/beditom.pl\/app\/uploads\/2024\/07\/Logo_LiftMaster-e1720681628112-200x133.png 200w\" sizes=\"(max-width: 300px) 100vw, 300px\" title=\"Automatisation Beditom pour portes d&#039;entr\u00e9e\"><\/a><\/div><p class=\"w-post-elm post_title usg_post_title_1 entry-title color_link_inherit\"><a target=\"_blank\" href=\"https:\/\/liftmaster.eu\/en\/collections\/swing-gates\" rel=\"noopener\">Automatismes LiftMaster pour portes d'entr\u00e9e<\/a><\/p><a class=\"w-btn us-btn-style_4 usg_btn_1\" href=\"https:\/\/liftmaster.eu\/en\/collections\/swing-gates\" target=\"_blank\" rel=\"noopener\"><span class=\"w-btn-label\">Plus d'informations<\/span><\/a><\/div>\t\t<\/div><\/div><\/div><\/div><div class=\"wpb_column vc_column_container\"><div class=\"vc_column-inner\"><div class=\"w-html\"><div class=\"w-grid-item-h\">\n\t\t\t\t\t\t<div class=\"w-vwrapper usg_vwrapper_1 align_left valign_top\"><div class=\"w-post-elm post_image usg_post_image_1 stretched\"><a target=\"_blank\" href=\"https:\/\/www.sommer.eu\/en-int\/products\/swing-gate-operators\" aria-label=\"Automatismes Sommer pour portes d&#039;entr\u00e9e\" rel=\"noopener\"><img loading=\"lazy\" decoding=\"async\" width=\"300\" height=\"200\" src=\"https:\/\/beditom.pl\/app\/uploads\/2024\/07\/logo_sommer-e1720681671456.png\" class=\"attachment-medium size-medium wp-post-image\" alt=\"Beditom automation for entrance doors\" srcset=\"https:\/\/beditom.pl\/app\/uploads\/2024\/07\/logo_sommer-e1720681671456.png 300w, https:\/\/beditom.pl\/app\/uploads\/2024\/07\/logo_sommer-e1720681671456-200x133.png 200w\" sizes=\"auto, (max-width: 300px) 100vw, 300px\" title=\"Portes de garage sectionnelles Beditom\"><\/a><\/div><p class=\"w-post-elm post_title usg_post_title_1 entry-title color_link_inherit\"><a target=\"_blank\" href=\"https:\/\/www.sommer.eu\/en-int\/products\/swing-gate-operators\" rel=\"noopener\">Automatismes Sommer pour portes d'entr\u00e9e<\/a><\/p><a class=\"w-btn us-btn-style_4 usg_btn_1\" href=\"https:\/\/www.sommer.eu\/en-int\/products\/swing-gate-operators\" target=\"_blank\" rel=\"noopener\"><span class=\"w-btn-label\">Plus d'informations<\/span><\/a><\/div>\t\t<\/div><\/div><\/div><\/div><div class=\"wpb_column vc_column_container\"><div class=\"vc_column-inner\"><div class=\"w-html\"><div class=\"w-grid-item-h\">\n\t\t\t\t\t\t<div class=\"w-vwrapper usg_vwrapper_1 align_left valign_top\"><div class=\"w-post-elm post_image usg_post_image_1 stretched\"><a target=\"_blank\" href=\"https:\/\/www.somfy.co.uk\/products\/gate-automation\" aria-label=\"Automatisation Somfy pour les portes d&#039;entr\u00e9e\" rel=\"noopener\"><img loading=\"lazy\" decoding=\"async\" width=\"300\" height=\"200\" src=\"https:\/\/beditom.pl\/app\/uploads\/2024\/07\/logo_somfy-e1720681654505.png\" class=\"attachment-medium size-medium wp-post-image\" alt=\"Beditom automation for entrance doors\" srcset=\"https:\/\/beditom.pl\/app\/uploads\/2024\/07\/logo_somfy-e1720681654505.png 300w, https:\/\/beditom.pl\/app\/uploads\/2024\/07\/logo_somfy-e1720681654505-200x133.png 200w\" sizes=\"auto, (max-width: 300px) 100vw, 300px\" title=\"Portes de garage sectionnelles Beditom\"><\/a><\/div><p class=\"w-post-elm post_title usg_post_title_1 entry-title color_link_inherit\"><a target=\"_blank\" href=\"https:\/\/www.somfy.co.uk\/products\/gate-automation\" rel=\"noopener\">Automatisation Somfy pour les portes d'entr\u00e9e<\/a><\/p><a class=\"w-btn us-btn-style_4 usg_btn_1\" href=\"https:\/\/www.somfy.co.uk\/products\/gate-automation\" target=\"_blank\" rel=\"noopener\"><span class=\"w-btn-label\">Plus d'informations<\/span><\/a><\/div>\t\t<\/div><\/div><\/div><\/div><\/div><\/div><\/div><\/div><\/div><\/section>","protected":false},"excerpt":{"rendered":"Somfy Automatyka do bram przesuwnych i skrzyd\u0142owych Strona g\u0142\u00f3wnaPages OPIS PRODUKTU Automatyka do bram skrzyd\u0142owychNap\u0119dy z serii Ixengo s\u0105 przeznaczone do bram skrzyd\u0142owych wykonanych ze stali, drewna, PCV lub aluminium. Czy wiesz, \u017ce nawet przy braku zasilania mo\u017cesz otworzy\u0107 lub zamkn\u0105\u0107 swoj\u0105 bram\u0119? MODELE Ixengo L 230 V RTSMaks. masa bramy 400 kgMaks. d\u0142ugo\u015b\u0107 bramy:...","protected":false},"author":1,"featured_media":1936,"parent":1926,"menu_order":0,"comment_status":"closed","ping_status":"closed","template":"","meta":{"_acf_changed":false,"footnotes":""},"class_list":["post-1197","page","type-page","status-publish","has-post-thumbnail","hentry"],"acf":[],"_links":{"self":[{"href":"https:\/\/beditom.pl\/fr\/wp-json\/wp\/v2\/pages\/1197","targetHints":{"allow":["GET"]}}],"collection":[{"href":"https:\/\/beditom.pl\/fr\/wp-json\/wp\/v2\/pages"}],"about":[{"href":"https:\/\/beditom.pl\/fr\/wp-json\/wp\/v2\/types\/page"}],"author":[{"embeddable":true,"href":"https:\/\/beditom.pl\/fr\/wp-json\/wp\/v2\/users\/1"}],"replies":[{"embeddable":true,"href":"https:\/\/beditom.pl\/fr\/wp-json\/wp\/v2\/comments?post=1197"}],"version-history":[{"count":20,"href":"https:\/\/beditom.pl\/fr\/wp-json\/wp\/v2\/pages\/1197\/revisions"}],"predecessor-version":[{"id":5065,"href":"https:\/\/beditom.pl\/fr\/wp-json\/wp\/v2\/pages\/1197\/revisions\/5065"}],"up":[{"embeddable":true,"href":"https:\/\/beditom.pl\/fr\/wp-json\/wp\/v2\/pages\/1926"}],"wp:featuredmedia":[{"embeddable":true,"href":"https:\/\/beditom.pl\/fr\/wp-json\/wp\/v2\/media\/1936"}],"wp:attachment":[{"href":"https:\/\/beditom.pl\/fr\/wp-json\/wp\/v2\/media?parent=1197"}],"curies":[{"name":"wp","href":"https:\/\/api.w.org\/{rel}","templated":true}]}}