{"id":4635,"date":"2025-03-01T00:01:28","date_gmt":"2025-03-01T00:01:28","guid":{"rendered":"https:\/\/beditom.pl\/?page_id=4635"},"modified":"2026-03-23T08:01:51","modified_gmt":"2026-03-23T07:01:51","slug":"skyline","status":"publish","type":"page","link":"https:\/\/beditom.pl\/fi\/dla-domu\/bramy-garazowe\/skyline\/","title":{"rendered":"Skyline"},"content":{"rendered":"<section class=\"l-section wpb_row height_medium width_custom color_primary\" style=\"--site-content-width:1320px;\"><div class=\"l-section-h i-cf\"><div class=\"g-cols vc_row via_grid cols_1-4-1 laptops-cols_inherit tablets-cols_inherit mobiles-cols_1 valign_top type_default stacking_default\"><div class=\"wpb_column vc_column_container\"><div class=\"vc_column-inner\"><\/div><\/div><div class=\"wpb_column vc_column_container\"><div class=\"vc_column-inner\"><div class=\"w-html us_custom_b011e678 has_text_color\"><p>SKYLINE<\/p><\/div><\/div><\/div><div class=\"wpb_column vc_column_container\"><div class=\"vc_column-inner\"><\/div><\/div><\/div><\/div><\/section><section class=\"l-section wpb_row us_custom_e29345e3 height_medium width_custom\" style=\"--site-content-width:1320px;\"><div class=\"l-section-h i-cf\"><div class=\"g-cols vc_row via_grid cols_1 laptops-cols_inherit tablets-cols_inherit mobiles-cols_1 valign_top type_default stacking_default\"><div class=\"wpb_column vc_column_container\"><div class=\"vc_column-inner\"><nav class=\"g-breadcrumbs us_custom_fdcab3db separator_icon align_none hide_current\" itemscope itemtype=\"http:\/\/schema.org\/BreadcrumbList\"><div class=\"g-breadcrumbs-item\" itemscope itemprop=\"itemListElement\" itemtype=\"http:\/\/schema.org\/ListItem\"><a itemprop=\"item\" href=\"https:\/\/beditom.pl\/fi\/\"><span itemprop=\"name\">Kotisivu<\/span><\/a><meta itemprop=\"position\" content=\"1\"\/><\/div><div class=\"g-breadcrumbs-separator\"><i class=\"far fa-angle-right\"><\/i><\/div><div class=\"g-breadcrumbs-item\">Sivut<\/div><\/nav><\/div><\/div><\/div><\/div><\/section>\n<section class=\"l-section wpb_row height_small width_custom\" style=\"--site-content-width:1320px;\"><div class=\"l-section-h i-cf\"><div class=\"g-cols vc_row via_grid cols_2 laptops-cols_inherit tablets-cols_inherit mobiles-cols_1 valign_top type_default stacking_default\"><div class=\"wpb_column vc_column_container\"><div class=\"vc_column-inner\"><div class=\"w-separator size_medium\"><\/div><div class=\"w-html us_custom_ecd4848b has_text_color\"><p>TUOTEKUVAUS\n<\/p><\/div><div class=\"w-html us_custom_9ebf969f\"><p>Skyline\n<\/p><\/div><div class=\"wpb_text_column\"><div class=\"wpb_wrapper\"><div class=\"page\" title=\"Sivu 1\">\n<div class=\"section\">\n<div class=\"layoutArea\">\n<div class=\"column\">\n<p>SKYLINE-ovet ovat paras tapa erottua omakotitalojen ja arvokkaiden kerrostalojen arkkitehtuurissa. Se on ainutlaatuinen tuote, joka on valmistettu<br \/>\ntunnetun ulko-ovimerkin ainutlaatuisessa \u201eCRYSTAL SKY COLOR\u201d -v\u00e4rimaailmassa. <b>WIK\u0118D <img loading=\"lazy\" decoding=\"async\" class=\"wp-image-3344 alignnone\" src=\"https:\/\/beditom.pl\/app\/uploads\/2024\/06\/cropped-Wiked_SYGNET_PODST_RGB-1-1-300x300.png\" alt=\"Beditom bramy gara\u017cowe\" width=\"22\" height=\"22\" srcset=\"https:\/\/beditom.pl\/app\/uploads\/2024\/06\/cropped-Wiked_SYGNET_PODST_RGB-1-1-300x300.png 300w, https:\/\/beditom.pl\/app\/uploads\/2024\/06\/cropped-Wiked_SYGNET_PODST_RGB-1-1-150x150.png 150w, https:\/\/beditom.pl\/app\/uploads\/2024\/06\/cropped-Wiked_SYGNET_PODST_RGB-1-1-200x200.png 200w, https:\/\/beditom.pl\/app\/uploads\/2024\/06\/cropped-Wiked_SYGNET_PODST_RGB-1-1.png 512w\" sizes=\"auto, (max-width: 22px) 100vw, 22px\" title=\"Beditom autotallin ovet\"><\/b>. Ainutlaatuiset muotoiluratkaisut, jotka on maalattu mustaksi tai valkoiseksi, t\u00e4ydent\u00e4v\u00e4t jakso-ovien luokan korkeimman esteettisen standardin mukaisen muodon.<\/p>\n<div class=\"page\" title=\"Sivu 2\">\n<div class=\"layoutArea\">\n<div class=\"column\">\n<p><img loading=\"lazy\" decoding=\"async\" class=\"aligncenter size-medium wp-image-3778\" src=\"https:\/\/beditom.pl\/app\/uploads\/2024\/07\/panel_gladki-300x289.png\" alt=\"Beditom bramy gara\u017cowe\" width=\"300\" height=\"289\" srcset=\"https:\/\/beditom.pl\/app\/uploads\/2024\/07\/panel_gladki-300x289.png 300w, https:\/\/beditom.pl\/app\/uploads\/2024\/07\/panel_gladki-200x193.png 200w, https:\/\/beditom.pl\/app\/uploads\/2024\/07\/panel_gladki.png 307w\" sizes=\"auto, (max-width: 300px) 100vw, 300px\" title=\"Beditom autotallin ovet\"><\/p>\n<p style=\"text-align: center;\">Paneeli ilman kohokuviointia.<br \/>\nValmistettu erityisesti maalausta varten.<\/p>\n<\/div>\n<\/div>\n<\/div>\n<\/div>\n<\/div>\n<\/div>\n<\/div>\n<\/div><\/div><div class=\"w-separator size_medium\"><\/div><\/div><\/div><div class=\"wpb_column vc_column_container\"><div class=\"vc_column-inner\"><div class=\"w-image hide_on_default hide_on_laptops hide_on_tablets hide_on_mobiles align_left\"><div class=\"w-image-h\"><img decoding=\"async\" width=\"800\" height=\"769\" src=\"https:\/\/beditom.pl\/app\/uploads\/2024\/05\/green.png\" class=\"attachment-full size-full\" alt=\"Beditom bramy gara\u017cowe\" loading=\"lazy\" srcset=\"https:\/\/beditom.pl\/app\/uploads\/2024\/05\/green.png 800w, https:\/\/beditom.pl\/app\/uploads\/2024\/05\/green-300x288.png 300w, https:\/\/beditom.pl\/app\/uploads\/2024\/05\/green-200x192.png 200w\" sizes=\"auto, (max-width: 800px) 100vw, 800px\" title=\"Beditom autotallin ovet\"><\/div><\/div><div class=\"w-image align_left\"><div class=\"w-image-h\"><img decoding=\"async\" width=\"810\" height=\"811\" src=\"https:\/\/beditom.pl\/app\/uploads\/2025\/03\/skyline_2025.png\" class=\"attachment-full size-full\" alt=\"Skyline\" loading=\"lazy\" srcset=\"https:\/\/beditom.pl\/app\/uploads\/2025\/03\/skyline_2025.png 810w, https:\/\/beditom.pl\/app\/uploads\/2025\/03\/skyline_2025-300x300.png 300w, https:\/\/beditom.pl\/app\/uploads\/2025\/03\/skyline_2025-150x150.png 150w, https:\/\/beditom.pl\/app\/uploads\/2025\/03\/skyline_2025-12x12.png 12w, https:\/\/beditom.pl\/app\/uploads\/2025\/03\/skyline_2025-200x200.png 200w\" sizes=\"auto, (max-width: 810px) 100vw, 810px\" title=\"Beditom autotallin ovet\"><\/div><\/div><\/div><\/div><\/div><\/div><\/section><section class=\"l-section wpb_row height_auto width_custom\" style=\"--site-content-width:1320px;\"><div class=\"l-section-h i-cf\"><div class=\"g-cols vc_row via_grid cols_1 laptops-cols_inherit tablets-cols_inherit mobiles-cols_1 valign_top type_default stacking_default\"><div class=\"wpb_column vc_column_container\"><div class=\"vc_column-inner\"><div class=\"w-html us_custom_ecd4848b has_text_color\"><p>Arvostettu, ainutlaatuinen suorituskyky<\/p><\/div><\/div><\/div><\/div><\/div><\/section><section class=\"l-section wpb_row height_auto width_custom\" style=\"--site-content-width:1320px;\"><div class=\"l-section-h i-cf\"><div class=\"g-cols vc_row via_grid cols_3 laptops-cols_inherit tablets-cols_inherit mobiles-cols_1 valign_top type_default stacking_default\"><div class=\"wpb_column vc_column_container\"><div class=\"vc_column-inner\"><div class=\"w-image us_custom_06c796b3 align_center meta_simple\"><div class=\"w-image-h\"><img decoding=\"async\" width=\"300\" height=\"300\" src=\"https:\/\/beditom.pl\/app\/uploads\/2024\/05\/Zrzut-ekranu-2024-05-27-o-12.24.05-300x300.png\" class=\"attachment-medium size-medium\" alt=\"Beditom bramy gara\u017cowe\" loading=\"lazy\" srcset=\"https:\/\/beditom.pl\/app\/uploads\/2024\/05\/Zrzut-ekranu-2024-05-27-o-12.24.05-300x300.png 300w, https:\/\/beditom.pl\/app\/uploads\/2024\/05\/Zrzut-ekranu-2024-05-27-o-12.24.05-150x150.png 150w, https:\/\/beditom.pl\/app\/uploads\/2024\/05\/Zrzut-ekranu-2024-05-27-o-12.24.05-200x200.png 200w, https:\/\/beditom.pl\/app\/uploads\/2024\/05\/Zrzut-ekranu-2024-05-27-o-12.24.05.png 914w\" sizes=\"auto, (max-width: 300px) 100vw, 300px\" title=\"Beditom autotallin ovet\"><\/div><div class=\"w-image-meta\"><div class=\"w-image-title\">musta<\/div><\/div><\/div><\/div><\/div><div class=\"wpb_column vc_column_container\"><div class=\"vc_column-inner\"><div class=\"wpb_text_column\"><div class=\"wpb_wrapper\"><div class=\"wpb_text_column\">\n<div class=\"wpb_wrapper\">\n<div class=\"page\" title=\"Sivu 1\">\n<div class=\"section\">\n<div class=\"layoutArea\">\n<div class=\"column\">\n<div class=\"page\" title=\"Sivu 2\">\n<div class=\"layoutArea\">\n<div class=\"column\">\n<p>Kest\u00e4vyyden ja luotettavuuden lis\u00e4ksi kiinnit\u00e4mme yh\u00e4 enemm\u00e4n huomiota muotoiluun. Skyline-ovet valmistetaan kiinnitt\u00e4en erityist\u00e4 huomiota kaikkiin esteettisiin yksityiskohtiin. Sinkityt ja pulverimaalatut rakenneosat, kuten pysty- ja vaakaohjaimet tai s\u00e4\u00e4dett\u00e4v\u00e4t ripustusj\u00e4rjestelm\u00e4t, pident\u00e4v\u00e4t ovien k\u00e4ytt\u00f6ik\u00e4\u00e4 ja parantavat huomattavasti niiden esteettisyytt\u00e4.  Riippuen autotallin tyylist\u00e4 ja sijoittajan odotuksista voimme valmistaa ne mustana tai valkoisena painoksena.<\/p>\n<\/div>\n<\/div>\n<\/div>\n<\/div>\n<\/div>\n<\/div>\n<\/div>\n<\/div>\n<\/div>\n<\/div><\/div><\/div><\/div><div class=\"wpb_column vc_column_container\"><div class=\"vc_column-inner\"><div class=\"w-image us_custom_06c796b3 align_center meta_simple\"><div class=\"w-image-h\"><img decoding=\"async\" width=\"300\" height=\"300\" src=\"https:\/\/beditom.pl\/app\/uploads\/2024\/05\/Zrzut-ekranu-2024-05-27-o-12.24.15-300x300.png\" class=\"attachment-medium size-medium\" alt=\"Beditom bramy gara\u017cowe\" loading=\"lazy\" srcset=\"https:\/\/beditom.pl\/app\/uploads\/2024\/05\/Zrzut-ekranu-2024-05-27-o-12.24.15-300x300.png 300w, https:\/\/beditom.pl\/app\/uploads\/2024\/05\/Zrzut-ekranu-2024-05-27-o-12.24.15-150x150.png 150w, https:\/\/beditom.pl\/app\/uploads\/2024\/05\/Zrzut-ekranu-2024-05-27-o-12.24.15-200x200.png 200w, https:\/\/beditom.pl\/app\/uploads\/2024\/05\/Zrzut-ekranu-2024-05-27-o-12.24.15.png 912w\" sizes=\"auto, (max-width: 300px) 100vw, 300px\" title=\"Beditom autotallin ovet\"><\/div><div class=\"w-image-meta\"><div class=\"w-image-title\">valkoinen<\/div><\/div><\/div><\/div><\/div><\/div><\/div><\/section><section class=\"l-section wpb_row height_auto width_custom\" style=\"--site-content-width:1320px;\"><div class=\"l-section-h i-cf\"><div class=\"g-cols vc_row via_grid cols_1 laptops-cols_inherit tablets-cols_inherit mobiles-cols_1 valign_top type_default stacking_default\"><div class=\"wpb_column vc_column_container\"><div class=\"vc_column-inner\"><div class=\"w-separator size_medium\"><\/div><div class=\"w-html us_custom_ecd4848b has_text_color\"><p>RAKENNE JA V\u00c4RITYS<\/p><\/div><div class=\"wpb_text_column\"><div class=\"wpb_wrapper\"><div class=\"page\" title=\"Sivu 1\">\n<div class=\"section\">\n<div class=\"layoutArea\">\n<div class=\"column\">\n<div class=\"page\" title=\"Sivu 2\">\n<div class=\"layoutArea\">\n<div class=\"column\">\n<p style=\"text-align: center;\"><img loading=\"lazy\" decoding=\"async\" class=\"aligncenter wp-image-4643\" src=\"https:\/\/beditom.pl\/app\/uploads\/2025\/03\/dom_skyline-300x174.png\" alt=\"Beditom bramy gara\u017cowe\" width=\"618\" height=\"358\" srcset=\"https:\/\/beditom.pl\/app\/uploads\/2025\/03\/dom_skyline-300x174.png 300w, https:\/\/beditom.pl\/app\/uploads\/2025\/03\/dom_skyline-1024x594.png 1024w, https:\/\/beditom.pl\/app\/uploads\/2025\/03\/dom_skyline-18x10.png 18w, https:\/\/beditom.pl\/app\/uploads\/2025\/03\/dom_skyline-200x116.png 200w, https:\/\/beditom.pl\/app\/uploads\/2025\/03\/dom_skyline.png 2036w\" sizes=\"auto, (max-width: 618px) 100vw, 618px\" title=\"Beditom autotallin ovet\">Visualisoinnissa k\u00e4ytet\u00e4\u00e4n WIK\u00caD-malliston suunnitteluun kuuluvia ovia. <strong>GL03<\/strong><\/p>\n<p><img loading=\"lazy\" decoding=\"async\" class=\"aligncenter size-full wp-image-4648\" src=\"https:\/\/beditom.pl\/app\/uploads\/2025\/03\/CRYSTAL_SKY.png\" alt=\"Beditom bramy gara\u017cowe\" width=\"223\" height=\"37\" srcset=\"https:\/\/beditom.pl\/app\/uploads\/2025\/03\/CRYSTAL_SKY.png 223w, https:\/\/beditom.pl\/app\/uploads\/2025\/03\/CRYSTAL_SKY-18x3.png 18w, https:\/\/beditom.pl\/app\/uploads\/2025\/03\/CRYSTAL_SKY-200x33.png 200w\" sizes=\"auto, (max-width: 223px) 100vw, 223px\" title=\"Beditom autotallin ovet\"><\/p>\n<\/div>\n<\/div>\n<\/div>\n<\/div>\n<\/div>\n<\/div>\n<\/div>\n<\/div><\/div><\/div><\/div><\/div><\/div><\/section><section class=\"l-section wpb_row height_small width_custom\" style=\"--site-content-width:1320px;\"><div class=\"l-section-h i-cf\"><div class=\"g-cols vc_row via_grid cols_1 laptops-cols_inherit tablets-cols_inherit mobiles-cols_1 valign_top type_default stacking_default\"><div class=\"wpb_column vc_column_container\"><div class=\"vc_column-inner\"><div class=\"w-gallery fit_cover type_grid action_popup_image ratio_1x1 count_7\" style=\"--columns:5;--items-gap:10px;\"><div class=\"w-gallery-list\"><div class=\"w-gallery-item\"><div class=\"w-gallery-item-img\"><img loading=\"lazy\" decoding=\"async\" width=\"300\" height=\"300\" src=\"https:\/\/beditom.pl\/app\/uploads\/2026\/02\/AZURE-300x300.webp\" class=\"attachment-medium size-medium\" alt=\"Beditom bramy gara\u017cowe\" srcset=\"https:\/\/beditom.pl\/app\/uploads\/2026\/02\/AZURE-300x300.webp 300w, https:\/\/beditom.pl\/app\/uploads\/2026\/02\/AZURE-150x150.webp 150w, https:\/\/beditom.pl\/app\/uploads\/2026\/02\/AZURE-12x12.webp 12w, https:\/\/beditom.pl\/app\/uploads\/2026\/02\/AZURE-200x200.webp 200w, https:\/\/beditom.pl\/app\/uploads\/2026\/02\/AZURE.webp 1000w\" sizes=\"auto, (max-width: 300px) 100vw, 300px\" title=\"Beditom autotallin ovet\"><\/div><a class=\"w-gallery-item-link\" aria-label=\"AZURE\" href=\"https:\/\/beditom.pl\/fi\/app\/uploads\/2026\/02\/AZURE.webp\/\"><\/a><\/div><div class=\"w-gallery-item\"><div class=\"w-gallery-item-img\"><img loading=\"lazy\" decoding=\"async\" width=\"300\" height=\"300\" src=\"https:\/\/beditom.pl\/app\/uploads\/2026\/02\/COFFEE_MILK-300x300.webp\" class=\"attachment-medium size-medium\" alt=\"Beditom bramy gara\u017cowe\" srcset=\"https:\/\/beditom.pl\/app\/uploads\/2026\/02\/COFFEE_MILK-300x300.webp 300w, https:\/\/beditom.pl\/app\/uploads\/2026\/02\/COFFEE_MILK-150x150.webp 150w, https:\/\/beditom.pl\/app\/uploads\/2026\/02\/COFFEE_MILK-12x12.webp 12w, https:\/\/beditom.pl\/app\/uploads\/2026\/02\/COFFEE_MILK-200x200.webp 200w, https:\/\/beditom.pl\/app\/uploads\/2026\/02\/COFFEE_MILK.webp 1000w\" sizes=\"auto, (max-width: 300px) 100vw, 300px\" title=\"Beditom autotallin ovet\"><\/div><a class=\"w-gallery-item-link\" aria-label=\"COFFEE_MILK\" href=\"https:\/\/beditom.pl\/fi\/app\/uploads\/2026\/02\/COFFEE_MILK.webp\/\"><\/a><\/div><div class=\"w-gallery-item\"><div class=\"w-gallery-item-img\"><img loading=\"lazy\" decoding=\"async\" width=\"300\" height=\"300\" src=\"https:\/\/beditom.pl\/app\/uploads\/2024\/07\/moss-300x300.webp\" class=\"attachment-medium size-medium\" alt=\"Beditom bramy gara\u017cowe\" srcset=\"https:\/\/beditom.pl\/app\/uploads\/2024\/07\/moss-300x300.webp 300w, https:\/\/beditom.pl\/app\/uploads\/2024\/07\/moss-150x150.webp 150w, https:\/\/beditom.pl\/app\/uploads\/2024\/07\/moss-200x200.webp 200w, https:\/\/beditom.pl\/app\/uploads\/2024\/07\/moss.webp 1000w\" sizes=\"auto, (max-width: 300px) 100vw, 300px\" title=\"Beditom autotallin ovet\"><\/div><a class=\"w-gallery-item-link\" aria-label=\"sammal\" href=\"https:\/\/beditom.pl\/fi\/app\/uploads\/2024\/07\/moss.webp\/\"><\/a><\/div><div class=\"w-gallery-item\"><div class=\"w-gallery-item-img\"><img loading=\"lazy\" decoding=\"async\" width=\"300\" height=\"300\" src=\"https:\/\/beditom.pl\/app\/uploads\/2024\/07\/magnolia-300x300.webp\" class=\"attachment-medium size-medium\" alt=\"Beditom bramy gara\u017cowe\" srcset=\"https:\/\/beditom.pl\/app\/uploads\/2024\/07\/magnolia-300x300.webp 300w, https:\/\/beditom.pl\/app\/uploads\/2024\/07\/magnolia-150x150.webp 150w, https:\/\/beditom.pl\/app\/uploads\/2024\/07\/magnolia-200x200.webp 200w, https:\/\/beditom.pl\/app\/uploads\/2024\/07\/magnolia.webp 1000w\" sizes=\"auto, (max-width: 300px) 100vw, 300px\" title=\"Beditom autotallin ovet\"><\/div><a class=\"w-gallery-item-link\" aria-label=\"magnolia\" href=\"https:\/\/beditom.pl\/fi\/app\/uploads\/2024\/07\/magnolia.webp\/\"><\/a><\/div><div class=\"w-gallery-item\"><div class=\"w-gallery-item-img\"><img loading=\"lazy\" decoding=\"async\" width=\"300\" height=\"300\" src=\"https:\/\/beditom.pl\/app\/uploads\/2024\/07\/dark_mint-300x300.webp\" class=\"attachment-medium size-medium\" alt=\"Beditom bramy gara\u017cowe\" srcset=\"https:\/\/beditom.pl\/app\/uploads\/2024\/07\/dark_mint-300x300.webp 300w, https:\/\/beditom.pl\/app\/uploads\/2024\/07\/dark_mint-150x150.webp 150w, https:\/\/beditom.pl\/app\/uploads\/2024\/07\/dark_mint-200x200.webp 200w, https:\/\/beditom.pl\/app\/uploads\/2024\/07\/dark_mint.webp 1000w\" sizes=\"auto, (max-width: 300px) 100vw, 300px\" title=\"Beditom autotallin ovet\"><\/div><a class=\"w-gallery-item-link\" aria-label=\"dark_mint\" href=\"https:\/\/beditom.pl\/fi\/app\/uploads\/2024\/07\/dark_mint.webp\/\"><\/a><\/div><div class=\"w-gallery-item\"><div class=\"w-gallery-item-img\"><img loading=\"lazy\" decoding=\"async\" width=\"300\" height=\"300\" src=\"https:\/\/beditom.pl\/app\/uploads\/2024\/07\/dark_grey-300x300.webp\" class=\"attachment-medium size-medium\" alt=\"Beditom bramy gara\u017cowe\" srcset=\"https:\/\/beditom.pl\/app\/uploads\/2024\/07\/dark_grey-300x300.webp 300w, https:\/\/beditom.pl\/app\/uploads\/2024\/07\/dark_grey-150x150.webp 150w, https:\/\/beditom.pl\/app\/uploads\/2024\/07\/dark_grey-200x200.webp 200w, https:\/\/beditom.pl\/app\/uploads\/2024\/07\/dark_grey.webp 1000w\" sizes=\"auto, (max-width: 300px) 100vw, 300px\" title=\"Beditom autotallin ovet\"><\/div><a class=\"w-gallery-item-link\" aria-label=\"dark_grey\" href=\"https:\/\/beditom.pl\/fi\/app\/uploads\/2024\/07\/dark_grey.webp\/\"><\/a><\/div><div class=\"w-gallery-item\"><div class=\"w-gallery-item-img\"><img loading=\"lazy\" decoding=\"async\" width=\"300\" height=\"300\" src=\"https:\/\/beditom.pl\/app\/uploads\/2024\/07\/carbon-300x300.webp\" class=\"attachment-medium size-medium\" alt=\"Beditom bramy gara\u017cowe\" srcset=\"https:\/\/beditom.pl\/app\/uploads\/2024\/07\/carbon-300x300.webp 300w, https:\/\/beditom.pl\/app\/uploads\/2024\/07\/carbon-150x150.webp 150w, https:\/\/beditom.pl\/app\/uploads\/2024\/07\/carbon-200x200.webp 200w, https:\/\/beditom.pl\/app\/uploads\/2024\/07\/carbon.webp 1000w\" sizes=\"auto, (max-width: 300px) 100vw, 300px\" title=\"Beditom autotallin ovet\"><\/div><a class=\"w-gallery-item-link\" aria-label=\"hiili\" href=\"https:\/\/beditom.pl\/fi\/app\/uploads\/2024\/07\/carbon.webp\/\"><\/a><\/div><\/div><\/div><\/div><\/div><\/div><\/div><\/section><section class=\"l-section wpb_row height_auto width_custom\" style=\"--site-content-width:1320px;\"><div class=\"l-section-h i-cf\"><div class=\"g-cols vc_row via_grid cols_1 laptops-cols_inherit tablets-cols_inherit mobiles-cols_1 valign_top type_default stacking_default\"><div class=\"wpb_column vc_column_container\"><div class=\"vc_column-inner\"><div class=\"w-html us_custom_ecd4848b has_text_color\"><p>SUORITUSKYVYN VAIHTOEHDOT<\/p><\/div><div class=\"w-hwrapper valign_top align_center\"><div class=\"w-image align_center meta_simple\"><div class=\"w-image-h\"><img decoding=\"async\" width=\"300\" height=\"264\" src=\"https:\/\/beditom.pl\/app\/uploads\/2024\/05\/Zrzut-ekranu-2024-05-21-o-11.48.11-300x264.png\" class=\"attachment-medium size-medium\" alt=\"Beditom bramy gara\u017cowe\" loading=\"lazy\" srcset=\"https:\/\/beditom.pl\/app\/uploads\/2024\/05\/Zrzut-ekranu-2024-05-21-o-11.48.11-300x264.png 300w, https:\/\/beditom.pl\/app\/uploads\/2024\/05\/Zrzut-ekranu-2024-05-21-o-11.48.11-1024x900.png 1024w, https:\/\/beditom.pl\/app\/uploads\/2024\/05\/Zrzut-ekranu-2024-05-21-o-11.48.11-200x176.png 200w, https:\/\/beditom.pl\/app\/uploads\/2024\/05\/Zrzut-ekranu-2024-05-21-o-11.48.11.png 1556w\" sizes=\"auto, (max-width: 300px) 100vw, 300px\" title=\"Beditom autotallin ovet\"><\/div><div class=\"w-image-meta\"><div class=\"w-image-title\">ALUDOOR alumiinipaneeli<\/div><\/div><\/div><div class=\"w-image align_center meta_simple\"><div class=\"w-image-h\"><img decoding=\"async\" width=\"300\" height=\"264\" src=\"https:\/\/beditom.pl\/app\/uploads\/2024\/05\/Zrzut-ekranu-2024-05-21-o-11.48.22-300x264.png\" class=\"attachment-medium size-medium\" alt=\"Beditom bramy gara\u017cowe\" loading=\"lazy\" srcset=\"https:\/\/beditom.pl\/app\/uploads\/2024\/05\/Zrzut-ekranu-2024-05-21-o-11.48.22-300x264.png 300w, https:\/\/beditom.pl\/app\/uploads\/2024\/05\/Zrzut-ekranu-2024-05-21-o-11.48.22-1024x901.png 1024w, https:\/\/beditom.pl\/app\/uploads\/2024\/05\/Zrzut-ekranu-2024-05-21-o-11.48.22-200x176.png 200w, https:\/\/beditom.pl\/app\/uploads\/2024\/05\/Zrzut-ekranu-2024-05-21-o-11.48.22.png 1548w\" sizes=\"auto, (max-width: 300px) 100vw, 300px\" title=\"Beditom autotallin ovet\"><\/div><div class=\"w-image-meta\"><div class=\"w-image-title\">P3 430x770mm ikkuna<\/div><\/div><\/div><div class=\"w-image align_center meta_simple\"><div class=\"w-image-h\"><img decoding=\"async\" width=\"300\" height=\"263\" src=\"https:\/\/beditom.pl\/app\/uploads\/2024\/05\/Zrzut-ekranu-2024-05-21-o-11.48.32-300x263.png\" class=\"attachment-medium size-medium\" alt=\"Beditom bramy gara\u017cowe\" loading=\"lazy\" srcset=\"https:\/\/beditom.pl\/app\/uploads\/2024\/05\/Zrzut-ekranu-2024-05-21-o-11.48.32-300x263.png 300w, https:\/\/beditom.pl\/app\/uploads\/2024\/05\/Zrzut-ekranu-2024-05-21-o-11.48.32-1024x896.png 1024w, https:\/\/beditom.pl\/app\/uploads\/2024\/05\/Zrzut-ekranu-2024-05-21-o-11.48.32-200x175.png 200w, https:\/\/beditom.pl\/app\/uploads\/2024\/05\/Zrzut-ekranu-2024-05-21-o-11.48.32.png 1558w\" sizes=\"auto, (max-width: 300px) 100vw, 300px\" title=\"Beditom autotallin ovet\"><\/div><div class=\"w-image-meta\"><div class=\"w-image-title\">P2-ikkuna 336x640mm ja huolto-ovi<\/div><\/div><\/div><div class=\"w-image align_center meta_simple\"><div class=\"w-image-h\"><img decoding=\"async\" width=\"300\" height=\"264\" src=\"https:\/\/beditom.pl\/app\/uploads\/2024\/05\/Zrzut-ekranu-2024-05-21-o-11.48.41-300x264.png\" class=\"attachment-medium size-medium\" alt=\"Beditom bramy gara\u017cowe\" loading=\"lazy\" srcset=\"https:\/\/beditom.pl\/app\/uploads\/2024\/05\/Zrzut-ekranu-2024-05-21-o-11.48.41-300x264.png 300w, https:\/\/beditom.pl\/app\/uploads\/2024\/05\/Zrzut-ekranu-2024-05-21-o-11.48.41-1024x901.png 1024w, https:\/\/beditom.pl\/app\/uploads\/2024\/05\/Zrzut-ekranu-2024-05-21-o-11.48.41-200x176.png 200w, https:\/\/beditom.pl\/app\/uploads\/2024\/05\/Zrzut-ekranu-2024-05-21-o-11.48.41.png 1552w\" sizes=\"auto, (max-width: 300px) 100vw, 300px\" title=\"Beditom autotallin ovet\"><\/div><div class=\"w-image-meta\"><div class=\"w-image-title\">P1 ikkuna 203x610mm<\/div><\/div><\/div><\/div><\/div><\/div><\/div><\/div><\/section>","protected":false},"excerpt":{"rendered":"","protected":false},"author":3,"featured_media":4688,"parent":598,"menu_order":0,"comment_status":"closed","ping_status":"closed","template":"","meta":{"_acf_changed":false,"footnotes":""},"class_list":["post-4635","page","type-page","status-publish","has-post-thumbnail","hentry"],"acf":[],"_links":{"self":[{"href":"https:\/\/beditom.pl\/fi\/wp-json\/wp\/v2\/pages\/4635","targetHints":{"allow":["GET"]}}],"collection":[{"href":"https:\/\/beditom.pl\/fi\/wp-json\/wp\/v2\/pages"}],"about":[{"href":"https:\/\/beditom.pl\/fi\/wp-json\/wp\/v2\/types\/page"}],"author":[{"embeddable":true,"href":"https:\/\/beditom.pl\/fi\/wp-json\/wp\/v2\/users\/3"}],"replies":[{"embeddable":true,"href":"https:\/\/beditom.pl\/fi\/wp-json\/wp\/v2\/comments?post=4635"}],"version-history":[{"count":12,"href":"https:\/\/beditom.pl\/fi\/wp-json\/wp\/v2\/pages\/4635\/revisions"}],"predecessor-version":[{"id":5080,"href":"https:\/\/beditom.pl\/fi\/wp-json\/wp\/v2\/pages\/4635\/revisions\/5080"}],"up":[{"embeddable":true,"href":"https:\/\/beditom.pl\/fi\/wp-json\/wp\/v2\/pages\/598"}],"wp:featuredmedia":[{"embeddable":true,"href":"https:\/\/beditom.pl\/fi\/wp-json\/wp\/v2\/media\/4688"}],"wp:attachment":[{"href":"https:\/\/beditom.pl\/fi\/wp-json\/wp\/v2\/media?parent=4635"}],"curies":[{"name":"wp","href":"https:\/\/api.w.org\/{rel}","templated":true}]}}