{"id":1866,"date":"2024-04-01T17:47:29","date_gmt":"2024-04-01T17:47:29","guid":{"rendered":"https:\/\/beditom.pl\/?page_id=1866"},"modified":"2024-12-09T13:36:34","modified_gmt":"2024-12-09T13:36:34","slug":"zapytanie-ofertowe-dla-firm","status":"publish","type":"page","link":"https:\/\/beditom.pl\/fi\/kontakt\/zapytanie-ofertowe-dla-firm\/","title":{"rendered":"Zapytanie ofertowe dla firm"},"content":{"rendered":"<section class=\"l-section wpb_row height_medium width_custom color_primary\" style=\"--site-content-width:1320px;\"><div class=\"l-section-h i-cf\"><div class=\"g-cols vc_row via_grid cols_1-4-1 laptops-cols_inherit tablets-cols_inherit mobiles-cols_1 valign_top type_default stacking_default\"><div class=\"wpb_column vc_column_container\"><div class=\"vc_column-inner\"><\/div><\/div><div class=\"wpb_column vc_column_container\"><div class=\"vc_column-inner\"><div class=\"w-html us_custom_9dfb85bd has_text_color\"><p>DLA PRZEMYS\u0141U<\/p><\/div><div class=\"w-html us_custom_b011e678 has_text_color\"><h1 class=\"us_custom_b011e678\">Kysely teollisuudelle<\/h1><\/div><\/div><\/div><div class=\"wpb_column vc_column_container\"><div class=\"vc_column-inner\"><\/div><\/div><\/div><\/div><\/section><section class=\"l-section wpb_row us_custom_e29345e3 height_medium width_custom\" style=\"--site-content-width:1320px;\"><div class=\"l-section-h i-cf\"><div class=\"g-cols vc_row via_grid cols_1 laptops-cols_inherit tablets-cols_inherit mobiles-cols_1 valign_top type_default stacking_default\"><div class=\"wpb_column vc_column_container\"><div class=\"vc_column-inner\"><nav class=\"g-breadcrumbs us_custom_fdcab3db separator_icon align_none hide_current\" itemscope itemtype=\"http:\/\/schema.org\/BreadcrumbList\"><div class=\"g-breadcrumbs-item\" itemscope itemprop=\"itemListElement\" itemtype=\"http:\/\/schema.org\/ListItem\"><a itemprop=\"item\" href=\"https:\/\/beditom.pl\/fi\/\"><span itemprop=\"name\">Kotisivu<\/span><\/a><meta itemprop=\"position\" content=\"1\"\/><\/div><div class=\"g-breadcrumbs-separator\"><i class=\"far fa-angle-right\"><\/i><\/div><div class=\"g-breadcrumbs-item\">Sivut<\/div><\/nav><\/div><\/div><\/div><\/div><\/section>\n<section class=\"l-section wpb_row height_medium width_custom\" style=\"--site-content-width:1320px;\"><div class=\"l-section-h i-cf\"><div class=\"g-cols vc_row via_grid cols_2 laptops-cols_inherit tablets-cols_inherit mobiles-cols_1 valign_top type_default stacking_default\"><div class=\"wpb_column vc_column_container\"><div class=\"vc_column-inner\"><form class=\"w-form  us-field-style_1 layout_ver show_message_after_sending for_cform us_form_1\" action=\"https:\/\/beditom.pl\/fi\/fi\/wp-json\/wp\/v2\/pages\/1866\" method=\"post\" enctype=\"multipart\/form-data\" data-trp-original-action=\"https:\/\/beditom.pl\/fi\/fi\/wp-json\/wp\/v2\/pages\/1866\"><div class=\"w-form-h\"><div class=\"w-form-row for_checkboxes has_label\">\r\n\t\t\t<div class=\"w-form-row-label\">\r\n\t\t\t<span>Olen kiinnostunut seuraavista tuotteista<\/span>\r\n\t\t<\/div>\r\n\t\t<div class=\"w-form-row-field\">\r\n\t\t\t\t\t<label>\r\n\t\t\t\t<input type=\"checkbox\" name=\"us_form_1_checkboxes_1[]\" value=\"Bramy przemys\u0142owe segmentowe\"\/>\r\n\t\t\t\t<span>Bramy przemys\u0142owe segmentowe<\/span>\r\n\t\t\t<\/label>\r\n\t\t\t\t\t\t<label>\r\n\t\t\t\t<input type=\"checkbox\" name=\"us_form_1_checkboxes_1[]\" value=\"Automatyka przemys\u0142owa\"\/>\r\n\t\t\t\t<span>Automatyka przemys\u0142owa<\/span>\r\n\t\t\t<\/label>\r\n\t\t\t\t\t\t<label>\r\n\t\t\t\t<input type=\"checkbox\" name=\"us_form_1_checkboxes_1[]\" value=\"Drzwi przemys\u0142owe\"\/>\r\n\t\t\t\t<span>Drzwi przemys\u0142owe<\/span>\r\n\t\t\t<\/label>\r\n\t\t\t\t\t\t<label>\r\n\t\t\t\t<input type=\"checkbox\" name=\"us_form_1_checkboxes_1[]\" value=\"Doki prze\u0142adunkowe\"\/>\r\n\t\t\t\t<span>Lastauslaiturit<\/span>\r\n\t\t\t<\/label>\r\n\t\t\t\t\t\t<label>\r\n\t\t\t\t<input type=\"checkbox\" name=\"us_form_1_checkboxes_1[]\" value=\"Bramy szybkobie\u017cne\"\/>\r\n\t\t\t\t<span>Suurnopeusovet<\/span>\r\n\t\t\t<\/label>\r\n\t\t\t\t\t\t<label>\r\n\t\t\t\t<input type=\"checkbox\" name=\"us_form_1_checkboxes_1[]\" value=\"Inne\"\/>\r\n\t\t\t\t<span>Muut<\/span>\r\n\t\t\t<\/label>\r\n\t\t\t\t<\/div>\r\n\t\t<div class=\"w-form-row-state\">Select an option<\/div>\r\n<\/div>\r\n<div class=\"w-form-row for_text has_label required\">\r\n\t\t\t<div class=\"w-form-row-label\">\r\n\t\t\t<span>Yrityksen nimi *<\/span>\r\n\t\t<\/div>\r\n\t\t<div class=\"w-form-row-field\">\r\n\t\t\t\t\t\t<input aria-label=\"Yrityksen nimi\" type=\"text\" name=\"us_form_1_text_1\" value placeholder data-required=\"true\" aria-required=\"true\"\/>\r\n\t\t\t<\/div>\r\n\t\t<div class=\"w-form-row-state\">Fill out this field<\/div>\r\n<\/div>\r\n<div class=\"w-form-row for_text has_label required\">\r\n\t\t\t<div class=\"w-form-row-label\">\r\n\t\t\t<span>Nimi *<\/span>\r\n\t\t<\/div>\r\n\t\t<div class=\"w-form-row-field\">\r\n\t\t\t\t\t\t<input aria-label=\"Nimi\" type=\"text\" name=\"us_form_1_text_2\" value placeholder data-required=\"true\" aria-required=\"true\"\/>\r\n\t\t\t<\/div>\r\n\t\t<div class=\"w-form-row-state\">Fill out this field<\/div>\r\n<\/div>\r\n<div class=\"w-form-row for_text has_label required\">\r\n\t\t\t<div class=\"w-form-row-label\">\r\n\t\t\t<span>Puhelinnumero *<\/span>\r\n\t\t<\/div>\r\n\t\t<div class=\"w-form-row-field\">\r\n\t\t\t\t\t\t<input aria-label=\"Puhelinnumero\" type=\"text\" name=\"us_form_1_text_3\" value placeholder data-required=\"true\" aria-required=\"true\"\/>\r\n\t\t\t<\/div>\r\n\t\t<div class=\"w-form-row-state\">Fill out this field<\/div>\r\n<\/div>\r\n<div class=\"w-form-row for_email has_label required\">\r\n\t\t\t<div class=\"w-form-row-label\">\r\n\t\t\t<span>S\u00e4hk\u00f6postiosoite *<\/span>\r\n\t\t<\/div>\r\n\t\t<div class=\"w-form-row-field\">\r\n\t\t\t\t\t\t<input aria-label=\"S\u00e4hk\u00f6postiosoite\" type=\"email\" name=\"us_form_1_email_1\" value placeholder data-required=\"true\" aria-required=\"true\"\/>\r\n\t\t\t<\/div>\r\n\t\t<div class=\"w-form-row-state\">Sy\u00f6t\u00e4 kelvollinen s\u00e4hk\u00f6postiosoite.<\/div>\r\n<\/div>\r\n<div class=\"w-form-row for_select has_label required\">\r\n\t\t\t<div class=\"w-form-row-label\">\r\n\t\t\t<span>Maakunta *<\/span>\r\n\t\t<\/div>\r\n\t\t<div class=\"w-form-row-field\">\r\n\t\t\t\t\t\t<select aria-label=\"Maakunta\" data-required=\"true\" aria-required=\"true\" name=\"us_form_1_select_1\">\r\n\t\t\t<option value=\"pomorskie\">Pomeranian<\/option><option value=\"dolno\u015bl\u0105skie\">Ala-Sleesia<\/option><option value=\"kujawsko-pomorskie\">kujawsko-pomorskie<\/option><option value=\"lubelskie\">Lubelskie<\/option><option value=\"lubuskie\">Lubuskie<\/option><option value=\"\u0142\u00f3dzkie\">Lodz<\/option><option value=\"ma\u0142opolskie\">Ma\u0142opolskie<\/option><option value=\"mazowieckie\">mazowieckie<\/option><option value=\"opolskie\">Opolskie<\/option><option value=\"podkarpackie\">Podkarpackie<\/option><option value=\"podlaskie\">podlaskie<\/option><option value=\"\u015bl\u0105skie\">Sleesia<\/option><option value=\"\u015bwi\u0119tokrzyskie\">\u015awi\u0119tokrzyskie<\/option><option value=\"warmi\u0144sko-mazurskie\">Warminsko-Mazurskie<\/option><option value=\"wielkopolskie\">Wielkopolskie<\/option><option value=\"zachodniopomorskie\">zachodniopomomorskie<\/option>\t\t<\/select>\r\n\t\t\t<\/div>\r\n\t\t<div class=\"w-form-row-state\">Select an option<\/div>\r\n<\/div>\r\n<div class=\"w-form-row for_text has_label required\">\r\n\t\t\t<div class=\"w-form-row-label\">\r\n\t\t\t<span>Kaupunki *<\/span>\r\n\t\t<\/div>\r\n\t\t<div class=\"w-form-row-field\">\r\n\t\t\t\t\t\t<input aria-label=\"Kaupunki\" type=\"text\" name=\"us_form_1_text_4\" value placeholder data-required=\"true\" aria-required=\"true\"\/>\r\n\t\t\t<\/div>\r\n\t\t<div class=\"w-form-row-state\">Fill out this field<\/div>\r\n<\/div>\r\n<div class=\"w-form-row for_textarea has_label\">\r\n\t\t\t<div class=\"w-form-row-label\">\r\n\t\t\t<span>o\tInformacje dodatkowe (szczeg\u00f3\u0142y zapytania)<\/span>\r\n\t\t<\/div>\r\n\t\t<div class=\"w-form-row-field\">\r\n\t\t\t\t\t\t<textarea aria-label=\"o\tInformacje dodatkowe (szczeg\u00f3\u0142y zapytania)\" name=\"us_form_1_textarea_1\" placeholder><\/textarea>\r\n\t\t\t<\/div>\r\n\t\t<div class=\"w-form-row-state\">Fill out this field<\/div>\r\n<\/div>\r\n<div class=\"w-form-row for_file has_label\">\r\n\t\t\t<div class=\"w-form-row-label\">\r\n\t\t\t<span>Liitteet (tekninen piirustus tai valokuva esineest\u00e4).<\/span>\r\n\t\t<\/div>\r\n\t\t<div class=\"w-form-row-field\">\r\n\t\t\t\t\t\t<input aria-label=\"Liitteet (tekninen piirustus tai valokuva esineest\u00e4).\" type=\"file\" name=\"us_form_1_file_1\" data-std=\"10MB\" data-max_size=\"10\"\/>\r\n\t\t\t<\/div>\r\n\t\t<div class=\"w-form-row-state\">Fill out this field<\/div>\r\n<\/div>\r\n<div class=\"w-form-row for_agreement required\">\r\n\t\t<div class=\"w-form-row-field\">\r\n\t\t\t\t<label>\r\n\t\t\t<input type=\"checkbox\" value=\"1\" data-required=\"true\" aria-required=\"true\" name=\"us_form_1_agreement_1\"\/>\r\n\t\t\t<span>Vahvistan, ett\u00e4 olen lukenut ja hyv\u00e4ksyn <a href=\"https:\/\/beditom.pl\/fi\/regulamin-serwisu-internetowego\/\" target=\"_blank\">verkkosivuston ehdot ja edellytykset<\/a>.<\/span>\r\n\t\t<\/label>\r\n\t\t\t<\/div>\r\n\t\t<div class=\"w-form-row-state\">You need to agree with the terms to proceed<\/div>\r\n<\/div>\r\n<div class=\"w-form-row for_agreement required\">\r\n\t\t<div class=\"w-form-row-field\">\r\n\t\t\t\t<label>\r\n\t\t\t<input type=\"checkbox\" value=\"1\" data-required=\"true\" aria-required=\"true\" name=\"us_form_1_agreement_2\"\/>\r\n\t\t\t<span>Vahvistan, ett\u00e4 olen ottanut huomioon <a href=\"https:\/\/beditom.pl\/fi\/polityka-prywatnosci\/\" target=\"_blank\">tietosuojak\u00e4yt\u00e4nt\u00f6<\/a> verkkosivuston palvelu. <br \/>Verkkosivuston kautta ker\u00e4ttyjen henkil\u00f6tietojen hallinnoija on Beditom sp. z o.o., jonka kotipaikka on Gdynia. Tietoja k\u00e4sitell\u00e4\u00e4n tai voidaan k\u00e4sitell\u00e4 yksityisyydensuojak\u00e4yt\u00e4nn\u00f6ss\u00e4 yksityiskohtaisesti mainittuja tarkoituksia ja perusteita varten (esim. s\u00e4hk\u00f6isten palvelujen k\u00e4ytt\u00f6, suoramarkkinointi). Tietosuojaseloste sis\u00e4lt\u00e4\u00e4 t\u00e4ydelliset tiedot rekisterinpit\u00e4j\u00e4n suorittamasta tietojen k\u00e4sittelyst\u00e4 sek\u00e4 rekister\u00f6idyn oikeudet. Nopea yhteydenotto rekisterinpit\u00e4j\u00e4\u00e4n: rodo@beditom.pl, puhelinnumero: +48 58 667 37 10.<\/span>\r\n\t\t<\/label>\r\n\t\t\t<\/div>\r\n\t\t<div class=\"w-form-row-state\">You need to agree with the terms to proceed<\/div>\r\n<\/div>\r\n<input type=\"hidden\" name=\"action\" value=\"us_ajax_cform\" \/>\r\n<input type=\"hidden\" name=\"post_id\" value=\"0\" \/>\r\n<input type=\"hidden\" name=\"form_index\" value=\"1\" \/>\r\n<div class=\"w-form-row for_submit align_none\"><button class=\"w-btn us-btn-style_4\" type=\"submit\" aria-label=\"L\u00e4het\u00e4 tiedustelu\"><span class=\"g-preloader type_1\"><\/span><span class=\"w-btn-label\">L\u00e4het\u00e4 tiedustelu<\/span><\/button><\/div><\/div><div class=\"w-form-message\"><\/div><div class=\"w-form-json hidden\" onclick='return {&quot;ajaxurl&quot;:&quot;https:\\\/\\\/beditom.pl\\\/wp\\\/wp-admin\\\/admin-ajax.php&quot;,&quot;messages&quot;:{&quot;err_empty&quot;:&quot;Fill out this field&quot;,&quot;err_size&quot;:&quot;File size cannot exceed %s MB&quot;,&quot;err_extension&quot;:&quot;%s file type is not allowed&quot;,&quot;err_recaptcha_keys&quot;:&quot;reCAPTCHA keys are incorrect&quot;}}'><\/div><input type=\"hidden\" name=\"trp-form-language\" value=\"fi\"\/><\/form><\/div><\/div><div class=\"wpb_column vc_column_container\"><div class=\"vc_column-inner\"><div class=\"w-image align_none\"><div class=\"w-image-h\"><img decoding=\"async\" width=\"1024\" height=\"681\" src=\"https:\/\/beditom.pl\/app\/uploads\/2024\/04\/3_p_3-1024x681.webp\" class=\"attachment-large size-large\" alt=\"Beditom bramy gara\u017cowe\" loading=\"lazy\" srcset=\"https:\/\/beditom.pl\/app\/uploads\/2024\/04\/3_p_3-1024x681.webp 1024w, https:\/\/beditom.pl\/app\/uploads\/2024\/04\/3_p_3-300x199.webp 300w, https:\/\/beditom.pl\/app\/uploads\/2024\/04\/3_p_3-50x33.webp 50w, https:\/\/beditom.pl\/app\/uploads\/2024\/04\/3_p_3-600x399.webp 600w, https:\/\/beditom.pl\/app\/uploads\/2024\/04\/3_p_3.webp 1920w\" sizes=\"auto, (max-width: 1024px) 100vw, 1024px\" title=\"Beditom autotallin ovet\"><\/div><\/div><div class=\"w-separator size_medium\"><\/div><div class=\"w-image align_none\"><div class=\"w-image-h\"><img decoding=\"async\" width=\"1024\" height=\"683\" src=\"https:\/\/beditom.pl\/app\/uploads\/2024\/04\/4_p_2-1024x683.webp\" class=\"attachment-large size-large\" alt=\"Beditom bramy gara\u017cowe\" loading=\"lazy\" srcset=\"https:\/\/beditom.pl\/app\/uploads\/2024\/04\/4_p_2-1024x683.webp 1024w, https:\/\/beditom.pl\/app\/uploads\/2024\/04\/4_p_2-300x200.webp 300w, https:\/\/beditom.pl\/app\/uploads\/2024\/04\/4_p_2-50x33.webp 50w, https:\/\/beditom.pl\/app\/uploads\/2024\/04\/4_p_2-600x400.webp 600w, https:\/\/beditom.pl\/app\/uploads\/2024\/04\/4_p_2.webp 1920w\" sizes=\"auto, (max-width: 1024px) 100vw, 1024px\" title=\"Beditom autotallin ovet\"><\/div><\/div><div class=\"w-separator size_medium\"><\/div><div class=\"w-image align_none\"><div class=\"w-image-h\"><img decoding=\"async\" width=\"1024\" height=\"683\" src=\"https:\/\/beditom.pl\/app\/uploads\/2024\/04\/4_p_9-1024x683.webp\" class=\"attachment-large size-large\" alt=\"Beditom bramy gara\u017cowe\" loading=\"lazy\" srcset=\"https:\/\/beditom.pl\/app\/uploads\/2024\/04\/4_p_9-1024x683.webp 1024w, https:\/\/beditom.pl\/app\/uploads\/2024\/04\/4_p_9-300x200.webp 300w, https:\/\/beditom.pl\/app\/uploads\/2024\/04\/4_p_9-50x33.webp 50w, https:\/\/beditom.pl\/app\/uploads\/2024\/04\/4_p_9-600x400.webp 600w, https:\/\/beditom.pl\/app\/uploads\/2024\/04\/4_p_9.webp 1920w\" sizes=\"auto, (max-width: 1024px) 100vw, 1024px\" title=\"Beditom autotallin ovet\"><\/div><\/div><\/div><\/div><\/div><\/div><\/section>","protected":false},"excerpt":{"rendered":"DLA PRZEMYS\u0141UZapytanie ofertowe dla przemys\u0142uStrona g\u0142\u00f3wnaSivut Jestem zainteresowana\/y nast\u0119puj\u0105cym asortymentem Bramy przemys\u0142owe segmentowe Automatyka przemys\u0142owa Drzwi przemys\u0142owe Doki prze\u0142adunkowe Bramy szybkobie\u017cne Inne Select an option Nazwa firmy * Fill out this field Imi\u0119 i nazwisko * Fill out this field Numer telefonu * Fill out this field Adres e-mail * Sy\u00f6t\u00e4 kelvollinen s\u00e4hk\u00f6postiosoite. Wojew\u00f3dztwo *...","protected":false},"author":1,"featured_media":1728,"parent":1879,"menu_order":0,"comment_status":"closed","ping_status":"closed","template":"","meta":{"_acf_changed":false,"footnotes":""},"class_list":["post-1866","page","type-page","status-publish","has-post-thumbnail","hentry"],"acf":[],"_links":{"self":[{"href":"https:\/\/beditom.pl\/fi\/wp-json\/wp\/v2\/pages\/1866","targetHints":{"allow":["GET"]}}],"collection":[{"href":"https:\/\/beditom.pl\/fi\/wp-json\/wp\/v2\/pages"}],"about":[{"href":"https:\/\/beditom.pl\/fi\/wp-json\/wp\/v2\/types\/page"}],"author":[{"embeddable":true,"href":"https:\/\/beditom.pl\/fi\/wp-json\/wp\/v2\/users\/1"}],"replies":[{"embeddable":true,"href":"https:\/\/beditom.pl\/fi\/wp-json\/wp\/v2\/comments?post=1866"}],"version-history":[{"count":24,"href":"https:\/\/beditom.pl\/fi\/wp-json\/wp\/v2\/pages\/1866\/revisions"}],"predecessor-version":[{"id":4520,"href":"https:\/\/beditom.pl\/fi\/wp-json\/wp\/v2\/pages\/1866\/revisions\/4520"}],"up":[{"embeddable":true,"href":"https:\/\/beditom.pl\/fi\/wp-json\/wp\/v2\/pages\/1879"}],"wp:featuredmedia":[{"embeddable":true,"href":"https:\/\/beditom.pl\/fi\/wp-json\/wp\/v2\/media\/1728"}],"wp:attachment":[{"href":"https:\/\/beditom.pl\/fi\/wp-json\/wp\/v2\/media?parent=1866"}],"curies":[{"name":"wp","href":"https:\/\/api.w.org\/{rel}","templated":true}]}}