{"id":1386,"date":"2024-03-31T19:23:32","date_gmt":"2024-03-31T19:23:32","guid":{"rendered":"https:\/\/beditom.pl\/?page_id=1386"},"modified":"2024-06-18T06:42:02","modified_gmt":"2024-06-18T06:42:02","slug":"sterowniki-do-bram-przemyslowych","status":"publish","type":"page","link":"https:\/\/beditom.pl\/fi\/dla-przemyslu\/bramy-przemyslowe-automatyka\/sterowniki-do-bram-przemyslowych\/","title":{"rendered":"CENTRALE STERUJ\u0104CE"},"content":{"rendered":"<section class=\"l-section wpb_row height_medium width_custom color_primary\" style=\"--site-content-width:1320px;\"><div class=\"l-section-h i-cf\"><div class=\"g-cols vc_row via_grid cols_1-4-1 laptops-cols_inherit tablets-cols_inherit mobiles-cols_1 valign_top type_default stacking_default\"><div class=\"wpb_column vc_column_container\"><div class=\"vc_column-inner\"><\/div><\/div><div class=\"wpb_column vc_column_container\"><div class=\"vc_column-inner\"><div class=\"w-html us_custom_b011e678 has_text_color\"><p>CENTRALE STERUJ\u0104CE\n<\/p><\/div><\/div><\/div><div class=\"wpb_column vc_column_container\"><div class=\"vc_column-inner\"><\/div><\/div><\/div><\/div><\/section><section class=\"l-section wpb_row us_custom_e29345e3 height_medium width_custom\" style=\"--site-content-width:1320px;\"><div class=\"l-section-h i-cf\"><div class=\"g-cols vc_row via_grid cols_1 laptops-cols_inherit tablets-cols_inherit mobiles-cols_1 valign_top type_default stacking_default\"><div class=\"wpb_column vc_column_container\"><div class=\"vc_column-inner\"><nav class=\"g-breadcrumbs us_custom_fdcab3db separator_icon align_none hide_current\" itemscope itemtype=\"http:\/\/schema.org\/BreadcrumbList\"><div class=\"g-breadcrumbs-item\" itemscope itemprop=\"itemListElement\" itemtype=\"http:\/\/schema.org\/ListItem\"><a itemprop=\"item\" href=\"https:\/\/beditom.pl\/fi\/\"><span itemprop=\"name\">Strona g\u0142\u00f3wna<\/span><\/a><meta itemprop=\"position\" content=\"1\"\/><\/div><div class=\"g-breadcrumbs-separator\"><i class=\"far fa-angle-right\"><\/i><\/div><div class=\"g-breadcrumbs-item\">Sivut<\/div><\/nav><\/div><\/div><\/div><\/div><\/section>\n<section class=\"l-section wpb_row height_auto width_custom\" style=\"--site-content-width:1320px;\"><div class=\"l-section-h i-cf\"><div class=\"g-cols vc_row via_grid cols_2 laptops-cols_inherit tablets-cols_inherit mobiles-cols_1 valign_middle type_default stacking_default\"><div class=\"wpb_column vc_column_container\"><div class=\"vc_column-inner\"><div class=\"w-separator size_large\"><\/div><div class=\"w-html us_custom_ecd4848b has_text_color\"><p>OPIS PRODUKTU<\/p><\/div><div class=\"g-cols wpb_row via_grid cols_5-1 laptops-cols_inherit tablets-cols_inherit mobiles-cols_1 valign_top type_default stacking_default\" style=\"--columns-gap:3rem;\"><div class=\"wpb_column vc_column_container\"><div class=\"vc_column-inner\"><div class=\"wpb_text_column us_custom_9ebf969f\"><div class=\"wpb_wrapper\"><p>Centrale steruj\u0105ce serii TS<\/p>\n<\/div><\/div><\/div><\/div><div class=\"wpb_column vc_column_container\"><div class=\"vc_column-inner\"><div class=\"w-image align_none\"><div class=\"w-image-h\"><img decoding=\"async\" width=\"177\" height=\"178\" src=\"https:\/\/beditom.pl\/app\/uploads\/2024\/03\/gfa_logo_2.webp\" class=\"attachment-large size-large\" alt=\"Beditom bramy gara\u017cowe\" loading=\"lazy\" srcset=\"https:\/\/beditom.pl\/app\/uploads\/2024\/03\/gfa_logo_2.webp 177w, https:\/\/beditom.pl\/app\/uploads\/2024\/03\/gfa_logo_2-150x150.webp 150w, https:\/\/beditom.pl\/app\/uploads\/2024\/03\/gfa_logo_2-50x50.webp 50w\" sizes=\"auto, (max-width: 177px) 100vw, 177px\" title=\"Beditom bramy gara\u017cowe segmentowe\"><\/div><\/div><\/div><\/div><\/div><div class=\"w-separator size_small\"><\/div><div class=\"wpb_text_column\"><div class=\"wpb_wrapper\"><p>To najnowocze\u015bniejsze cyfrowe centrale, kt\u00f3re za pomoc\u0105 intuicyjnego menu umo\u017cliwiaj\u0105 Klientowi precyzyjnie dostosowa\u0107 spos\u00f3b sterowania bram\u0105 do swoich wymaga\u0144. Zaawansowany system auto diagnostyki zapewnia komfortow\u0105 i bezpieczn\u0105 eksploatacj\u0119.<\/p>\n<p>&#8211; zasilanie 1 x 230 V lub 3 x 400 V, w zale\u017cno\u015bci od wybranego si\u0142ownika,<br \/>\n&#8211; obs\u0142uga si\u0142ownik\u00f3w z wy\u0142\u0105cznikami kra\u0144cowymi DES lub NES,<br \/>\n&#8211; zintegrowane przyciski sterownicze OTW-STOP-ZAM,<br \/>\n&#8211; wbudowany wy\u015bwietlacz,<br \/>\n&#8211; zmiana kierunk\u00f3w obrot\u00f3w za pomoc\u0105 klawiatury,<br \/>\n&#8211; niezale\u017cne programowalne wyj\u015bcia,<br \/>\n&#8211; p\u0142ynna regulacja pr\u0119dko\u015bci z si\u0142ownikami serii FU,<br \/>\n&#8211; dwa tryby pracy: Totmann lub Automatik,<br \/>\n&#8211; wysoka klasa szczelno\u015bci IP54 lub IP65,<br \/>\n&#8211; p\u0142ynna regulacja parametr\u00f3w,<br \/>\n&#8211; mo\u017cna pod\u0142\u0105czy\u0107 dowolne urz\u0105dzenia<\/p>\n<\/div><\/div><\/div><\/div><div class=\"wpb_column vc_column_container\"><div class=\"vc_column-inner\"><div class=\"w-image align_none\"><div class=\"w-image-h\"><img decoding=\"async\" width=\"400\" height=\"400\" src=\"https:\/\/beditom.pl\/app\/uploads\/2024\/03\/gfa_STEROWNIKI.webp\" class=\"attachment-woocommerce_single size-woocommerce_single\" alt=\"Beditom bramy gara\u017cowe\" loading=\"lazy\" srcset=\"https:\/\/beditom.pl\/app\/uploads\/2024\/03\/gfa_STEROWNIKI.webp 400w, https:\/\/beditom.pl\/app\/uploads\/2024\/03\/gfa_STEROWNIKI-300x300.webp 300w, https:\/\/beditom.pl\/app\/uploads\/2024\/03\/gfa_STEROWNIKI-150x150.webp 150w, https:\/\/beditom.pl\/app\/uploads\/2024\/03\/gfa_STEROWNIKI-50x50.webp 50w\" sizes=\"auto, (max-width: 400px) 100vw, 400px\" title=\"Beditom bramy gara\u017cowe segmentowe\"><\/div><\/div><\/div><\/div><\/div><\/div><\/section><section class=\"l-section wpb_row height_auto width_custom\" style=\"--site-content-width:1320px;\"><div class=\"l-section-h i-cf\"><div class=\"g-cols vc_row via_grid cols_1 laptops-cols_inherit tablets-cols_inherit mobiles-cols_1 valign_top type_default stacking_default\"><div class=\"wpb_column vc_column_container\"><div class=\"vc_column-inner\"><div class=\"wpb_text_column\"><div class=\"wpb_wrapper\"><p>&#8211; zabezpieczaj\u0105ce (kraw\u0119dziowa listwa bezpiecze\u0144stwa, fotokom\u00f3rki, kurtyna bezpiecze\u0144stwa, czujnik otwarcia drzwi przej\u015bciowych, czujnik lu\u017anej linki),<br \/>\n&#8211; steruj\u0105ce (kasety steruj\u0105ce, przyciski na\u015bcienne)<br \/>\n&#8211; kontroli dost\u0119pu (zamki szyfrowe, czytniki zbli\u017ceniowe, odbiorniki radiowe, detektory p\u0119tli indukcyjnych)<br \/>\n&#8211; sygnalizacyjne (lampy sygnalizacyjne LED, sygnalizator LED czerwony-zielony).<\/p>\n<p>Centrala steruj\u0105ca TS981 umo\u017cliwia sterowanie ruchem oraz pod\u0142\u0105czenie jej do systemu oddymiania i napowietrzania budynku<\/p>\n<\/div><\/div><\/div><\/div><\/div><\/div><\/section><section class=\"l-section wpb_row hide_on_default hide_on_laptops hide_on_tablets hide_on_mobiles height_medium width_custom\" style=\"--site-content-width:1320px;\"><div class=\"l-section-h i-cf\"><div class=\"g-cols vc_row via_grid cols_1 laptops-cols_inherit tablets-cols_inherit mobiles-cols_1 valign_top type_default stacking_default\"><div class=\"wpb_column vc_column_container\"><div class=\"vc_column-inner\"><div class=\"wpb_text_column us_custom_9ebf969f\"><div class=\"wpb_wrapper\"><p>Modele<\/p>\n<\/div><\/div><\/div><\/div><\/div><\/div><\/section><section class=\"l-section wpb_row us_custom_5cd26a65 hide_on_default hide_on_laptops hide_on_tablets hide_on_mobiles height_medium width_custom\" style=\"--site-content-width:1320px;\"><div class=\"l-section-h i-cf\"><div class=\"g-cols vc_row via_grid cols_3 laptops-cols_inherit tablets-cols_inherit mobiles-cols_1 valign_top type_default stacking_default\"><div class=\"wpb_column vc_column_container\"><div class=\"vc_column-inner\"><div class=\"w-image align_center\"><div class=\"w-image-h\"><img decoding=\"async\" width=\"150\" height=\"150\" src=\"https:\/\/beditom.pl\/app\/uploads\/2024\/03\/GFA_WS_900-150x150.webp\" class=\"attachment-thumbnail size-thumbnail\" alt=\"Beditom bramy gara\u017cowe\" loading=\"lazy\" srcset=\"https:\/\/beditom.pl\/app\/uploads\/2024\/03\/GFA_WS_900-150x150.webp 150w, https:\/\/beditom.pl\/app\/uploads\/2024\/03\/GFA_WS_900-50x50.webp 50w\" sizes=\"auto, (max-width: 150px) 100vw, 150px\" title=\"Beditom bramy gara\u017cowe segmentowe\"><\/div><\/div><div class=\"wpb_text_column us_custom_32207688\"><div class=\"wpb_wrapper\"><p style=\"text-align: center;\">WS900<\/p>\n<\/div><\/div><\/div><\/div><div class=\"wpb_column vc_column_container\"><div class=\"vc_column-inner\"><div class=\"w-image align_center\"><div class=\"w-image-h\"><img decoding=\"async\" width=\"150\" height=\"150\" src=\"https:\/\/beditom.pl\/app\/uploads\/2024\/03\/GFA_TS_959-150x150.webp\" class=\"attachment-thumbnail size-thumbnail\" alt=\"Beditom bramy gara\u017cowe\" loading=\"lazy\" srcset=\"https:\/\/beditom.pl\/app\/uploads\/2024\/03\/GFA_TS_959-150x150.webp 150w, https:\/\/beditom.pl\/app\/uploads\/2024\/03\/GFA_TS_959-50x50.webp 50w\" sizes=\"auto, (max-width: 150px) 100vw, 150px\" title=\"Beditom bramy gara\u017cowe segmentowe\"><\/div><\/div><div class=\"wpb_text_column us_custom_32207688\"><div class=\"wpb_wrapper\"><p style=\"text-align: center;\">TS959<\/p>\n<\/div><\/div><\/div><\/div><div class=\"wpb_column vc_column_container\"><div class=\"vc_column-inner\"><div class=\"w-image align_center\"><div class=\"w-image-h\"><img decoding=\"async\" width=\"150\" height=\"150\" src=\"https:\/\/beditom.pl\/app\/uploads\/2024\/03\/GFA_TS_959-150x150.webp\" class=\"attachment-thumbnail size-thumbnail\" alt=\"Beditom bramy gara\u017cowe\" loading=\"lazy\" srcset=\"https:\/\/beditom.pl\/app\/uploads\/2024\/03\/GFA_TS_959-150x150.webp 150w, https:\/\/beditom.pl\/app\/uploads\/2024\/03\/GFA_TS_959-50x50.webp 50w\" sizes=\"auto, (max-width: 150px) 100vw, 150px\" title=\"Beditom bramy gara\u017cowe segmentowe\"><\/div><\/div><div class=\"wpb_text_column us_custom_32207688\"><div class=\"wpb_wrapper\"><p style=\"text-align: center;\">TS970<\/p>\n<\/div><\/div><\/div><\/div><\/div><\/div><\/section><section class=\"l-section wpb_row us_custom_887a049b hide_on_default hide_on_laptops hide_on_tablets hide_on_mobiles height_medium width_custom\" style=\"--site-content-width:1320px;\"><div class=\"l-section-h i-cf\"><div class=\"g-cols vc_row via_grid cols_3 laptops-cols_inherit tablets-cols_inherit mobiles-cols_1 valign_top type_default stacking_default\"><div class=\"wpb_column vc_column_container\"><div class=\"vc_column-inner\"><div class=\"w-image align_center\"><div class=\"w-image-h\"><img decoding=\"async\" width=\"150\" height=\"150\" src=\"https:\/\/beditom.pl\/app\/uploads\/2024\/03\/GFA_TS_971-150x150.webp\" class=\"attachment-thumbnail size-thumbnail\" alt=\"Beditom bramy gara\u017cowe\" loading=\"lazy\" srcset=\"https:\/\/beditom.pl\/app\/uploads\/2024\/03\/GFA_TS_971-150x150.webp 150w, https:\/\/beditom.pl\/app\/uploads\/2024\/03\/GFA_TS_971-50x50.webp 50w\" sizes=\"auto, (max-width: 150px) 100vw, 150px\" title=\"Beditom bramy gara\u017cowe segmentowe\"><\/div><\/div><div class=\"wpb_text_column us_custom_32207688\"><div class=\"wpb_wrapper\"><p style=\"text-align: center;\">TS971<\/p>\n<\/div><\/div><\/div><\/div><div class=\"wpb_column vc_column_container\"><div class=\"vc_column-inner\"><div class=\"w-image align_center\"><div class=\"w-image-h\"><img decoding=\"async\" width=\"150\" height=\"150\" src=\"https:\/\/beditom.pl\/app\/uploads\/2024\/03\/GFA_TS_980-150x150.webp\" class=\"attachment-thumbnail size-thumbnail\" alt=\"Beditom bramy gara\u017cowe\" loading=\"lazy\" srcset=\"https:\/\/beditom.pl\/app\/uploads\/2024\/03\/GFA_TS_980-150x150.webp 150w, https:\/\/beditom.pl\/app\/uploads\/2024\/03\/GFA_TS_980-50x50.webp 50w\" sizes=\"auto, (max-width: 150px) 100vw, 150px\" title=\"Beditom bramy gara\u017cowe segmentowe\"><\/div><\/div><div class=\"wpb_text_column us_custom_32207688\"><div class=\"wpb_wrapper\"><p style=\"text-align: center;\">TS980<\/p>\n<\/div><\/div><\/div><\/div><div class=\"wpb_column vc_column_container\"><div class=\"vc_column-inner\"><\/div><\/div><\/div><\/div><\/section><section class=\"l-section wpb_row hide_on_default hide_on_laptops hide_on_tablets hide_on_mobiles height_medium width_custom\" style=\"--site-content-width:1320px;\"><div class=\"l-section-h i-cf\"><div class=\"g-cols vc_row via_grid cols_1 laptops-cols_inherit tablets-cols_inherit mobiles-cols_1 valign_top type_default stacking_default\"><div class=\"wpb_column vc_column_container\"><div class=\"vc_column-inner\"><div class=\"wpb_text_column us_custom_9ebf969f\"><div class=\"wpb_wrapper\"><p>Por\u00f3wnanie sterownik\u00f3w<\/p>\n<\/div><\/div><div class=\"wpb_text_column\"><div class=\"wpb_wrapper\"><table class=\"ipTableManagement table\" border=\"0\">\n<tbody>\n<tr>\n<th><\/th>\n<th>WS 900<\/th>\n<th>TS 959<\/th>\n<th>TS 970<\/th>\n<th>TS 971<\/th>\n<th>TS 980<\/th>\n<\/tr>\n<tr>\n<td>Dla ELEKTROMATEN z wy\u0142\u0105cznikami kra\u0144cowymi<\/td>\n<td>NES<\/td>\n<td>DES \/ NES<\/td>\n<td>DES \/ NES<\/td>\n<td>DES \/ NES<\/td>\n<td>DES<\/td>\n<\/tr>\n<tr>\n<td>Z przeznaczeniem do nap\u0119d\u00f3w FU\/DU-ELEKTROMATEN<\/td>\n<td>\u2014<\/td>\n<td>\u2014<\/td>\n<td>V<\/td>\n<td>V<\/td>\n<td>V<\/td>\n<\/tr>\n<tr>\n<td>Tryb czuwakowy ZAM \/ OTW<\/td>\n<td>V<\/td>\n<td>V<\/td>\n<td>V<\/td>\n<td>V<\/td>\n<td>V<\/td>\n<\/tr>\n<tr>\n<td>Tryb czuwakowy ZAM \/ Samopodtrzymanie OTW<\/td>\n<td>V<\/td>\n<td>V<\/td>\n<td>V<\/td>\n<td>V<\/td>\n<td>V<\/td>\n<\/tr>\n<tr>\n<td>Samopodtrzymanie ZAM \/ OTW<\/td>\n<td>\u2014<\/td>\n<td>\u2014<\/td>\n<td>V<\/td>\n<td>V<\/td>\n<td>V<\/td>\n<\/tr>\n<tr>\n<td>Zintegrowane przyciski sterownicze OTW-STOP-ZAM<\/td>\n<td>\u2014<\/td>\n<td>V<\/td>\n<td>V<\/td>\n<td>V<\/td>\n<td>V<\/td>\n<\/tr>\n<tr>\n<td>Pod\u0142\u0105czenie: kaseta sterownicza OTW-STOP-ZAM<\/td>\n<td>V<\/td>\n<td>V<\/td>\n<td>V<\/td>\n<td>V<\/td>\n<td>V<\/td>\n<\/tr>\n<tr>\n<td>Wy\u015bwietlacz cyfrowy<\/td>\n<td>\u2014<\/td>\n<td>V<\/td>\n<td>V<\/td>\n<td>V<\/td>\n<td>V<\/td>\n<\/tr>\n<tr>\n<td>Pod\u0142\u0105czenie wy\u0142\u0105cznika awaryjnego<\/td>\n<td>V<\/td>\n<td>V<\/td>\n<td>V<\/td>\n<td>V<\/td>\n<td>V<\/td>\n<\/tr>\n<tr>\n<td>Pod\u0142\u0105czenie fotokom\u00f3rki<\/td>\n<td>\u2014<\/td>\n<td>\u2014<\/td>\n<td>V<\/td>\n<td>V<\/td>\n<td>V<\/td>\n<\/tr>\n<tr>\n<td>Pod\u0142\u0105czenie: Optyczna listwa stykowa<\/td>\n<td>\u2014<\/td>\n<td>\u2014<\/td>\n<td>V<\/td>\n<td>V<\/td>\n<td>V<\/td>\n<\/tr>\n<tr>\n<td>Pod\u0142\u0105czenie: Listwa elektryczna 8k2<\/td>\n<td>\u2014<\/td>\n<td>\u2014<\/td>\n<td>V<\/td>\n<td>V<\/td>\n<td>V<\/td>\n<\/tr>\n<tr>\n<td>Pod\u0142\u0105czenie: Listwa pneumatyczna 1K2<\/td>\n<td>\u2014<\/td>\n<td>\u2014<\/td>\n<td>V<\/td>\n<td>V<\/td>\n<td>V<\/td>\n<\/tr>\n<tr>\n<td>Pod\u0142\u0105czenie odbiornik radiowy \/ wy\u0142\u0105cznik ci\u0119gnowy<\/td>\n<td>V<\/td>\n<td>\u2014<\/td>\n<td>V<\/td>\n<td>V<\/td>\n<td>V<\/td>\n<\/tr>\n<tr>\n<td>Programowalne wyj\u015bcie przeka\u017anikowe [liczba]<\/td>\n<td>\u2014<\/td>\n<td>1<\/td>\n<td>1<\/td>\n<td>2<\/td>\n<td>2<\/td>\n<\/tr>\n<tr>\n<td>Pod\u0142\u0105czenie: Czerwony lub zielony sygnalizator \u015bwietlny<\/td>\n<td>\u2014<\/td>\n<td>V<\/td>\n<td>V<\/td>\n<td>V<\/td>\n<td>V<\/td>\n<\/tr>\n<tr>\n<td>Pod\u0142\u0105czenie: Czerwono-zielony sygnalizator \u015bwietlny<\/td>\n<td>\u2014<\/td>\n<td>\u2014<\/td>\n<td>\u2014<\/td>\n<td>V<\/td>\n<td>V<\/td>\n<\/tr>\n<tr>\n<td>Przy\u0142\u0105cze UBS 5 [liczba]<\/td>\n<td>\u2014<\/td>\n<td>\u2014<\/td>\n<td>1<\/td>\n<td>2<\/td>\n<td>5<\/td>\n<\/tr>\n<tr>\n<td>Zasilanie urz\u0105dze\u0144 peryferyjnych 24V<\/td>\n<td>1000mA<\/td>\n<td>\u2014<\/td>\n<td>180mA<\/td>\n<td>350mA<\/td>\n<td>1000mA<\/td>\n<\/tr>\n<tr>\n<td>Zasilanie urz\u0105dze\u0144 peryferyjnych 230V<\/td>\n<td>\u2014<\/td>\n<td>1,6 A<\/td>\n<td>1,6 A<\/td>\n<td>1,6 A<\/td>\n<td>1,6 A<\/td>\n<\/tr>\n<tr>\n<td>Zintegrowany odbiornik radiowy dla r\u00f3\u017cnych system\u00f3w 434 MHz<\/td>\n<td>\u2014<\/td>\n<td>\u2014<\/td>\n<td>\u2014<\/td>\n<td>V<\/td>\n<td>\u2014<\/td>\n<\/tr>\n<tr>\n<td>Zintegrowany odbiornik radiowy dla r\u00f3\u017cnych system\u00f3w WSD 7<\/td>\n<td>\u2014<\/td>\n<td>\u2014<\/td>\n<td>\u2014<\/td>\n<td>V<\/td>\n<td>\u2014<\/td>\n<\/tr>\n<tr>\n<td>Otwarcie po\u015brednie<\/td>\n<td>\u2014<\/td>\n<td>\u2014<\/td>\n<td>V<\/td>\n<td>V<\/td>\n<td>V<\/td>\n<\/tr>\n<tr>\n<td>Automatyczne zamykanie czasowe regulowane<\/td>\n<td>\u2014<\/td>\n<td>\u2014<\/td>\n<td>V<\/td>\n<td>V<\/td>\n<td>V<\/td>\n<\/tr>\n<tr>\n<td>Sterowanie ruchu jedno-lub dwukierunkowego mo\u017cliwo\u015b\u0107 ustawienia \u015bwiate\u0142<\/td>\n<td>\u2014<\/td>\n<td>\u2014<\/td>\n<td>\u2014<\/td>\n<td>\u2014<\/td>\n<td>V<\/td>\n<\/tr>\n<tr>\n<td>Sterowanie \u015bluzowe<\/td>\n<td>\u2014<\/td>\n<td>\u2014<\/td>\n<td>\u2014<\/td>\n<td>\u2014<\/td>\n<td>V<\/td>\n<\/tr>\n<tr>\n<td>Funkcja RWA 9<\/td>\n<td>\u2014<\/td>\n<td>\u2014<\/td>\n<td>\u2014<\/td>\n<td>\u2014<\/td>\n<td>V<\/td>\n<\/tr>\n<tr>\n<td>Zabezpieczenie przed wci\u0105gni\u0119ciem<\/td>\n<td>\u2014<\/td>\n<td>\u2014<\/td>\n<td>\u2014<\/td>\n<td>\u2014<\/td>\n<td>V<\/td>\n<\/tr>\n<tr>\n<td>Mo\u017cliwo\u015b\u0107 zastosowania GfA-Stick<\/td>\n<td>\u2014<\/td>\n<td>V<\/td>\n<td>V<\/td>\n<td>V<\/td>\n<td>\u2014<\/td>\n<\/tr>\n<\/tbody>\n<\/table>\n<\/div><\/div><\/div><\/div><\/div><\/div><\/section><section class=\"l-section wpb_row height_auto width_custom\" style=\"--site-content-width:1320px;\"><div class=\"l-section-h i-cf\"><div class=\"g-cols vc_row via_grid cols_1 laptops-cols_inherit tablets-cols_inherit mobiles-cols_1 valign_top type_default stacking_default\"><div class=\"wpb_column vc_column_container\"><div class=\"vc_column-inner\"><div class=\"w-separator size_medium\"><\/div><div class=\"w-html us_custom_ecd4848b has_text_color\"><p>Opcje wykonania<\/p><\/div><\/div><\/div><\/div><\/div><\/section><section class=\"l-section wpb_row us_custom_5cd26a65 height_medium width_custom\" style=\"--site-content-width:1320px;\"><div class=\"l-section-h i-cf\"><div class=\"g-cols vc_row via_grid cols_3 laptops-cols_inherit tablets-cols_inherit mobiles-cols_1 valign_top type_default stacking_default\"><div class=\"wpb_column vc_column_container\"><div class=\"vc_column-inner\"><div class=\"w-image align_center\"><div class=\"w-image-h\"><img decoding=\"async\" width=\"358\" height=\"400\" src=\"https:\/\/beditom.pl\/app\/uploads\/2024\/03\/gfa_obudowa_SPECJALNA.webp\" class=\"attachment-us_200_200 size-us_200_200\" alt=\"Beditom bramy gara\u017cowe\" loading=\"lazy\" srcset=\"https:\/\/beditom.pl\/app\/uploads\/2024\/03\/gfa_obudowa_SPECJALNA.webp 358w, https:\/\/beditom.pl\/app\/uploads\/2024\/03\/gfa_obudowa_SPECJALNA-269x300.webp 269w, https:\/\/beditom.pl\/app\/uploads\/2024\/03\/gfa_obudowa_SPECJALNA-45x50.webp 45w\" sizes=\"auto, (max-width: 358px) 100vw, 358px\" title=\"Beditom bramy gara\u017cowe segmentowe\"><\/div><\/div><div class=\"wpb_text_column us_custom_32207688\"><div class=\"wpb_wrapper\"><p style=\"text-align: center;\">Wodoszczelna obudowa XL dla dodatkowych urz\u0105dze\u0144 z ochron\u0105 IP65<\/p>\n<\/div><\/div><\/div><\/div><div class=\"wpb_column vc_column_container\"><div class=\"vc_column-inner\"><div class=\"w-image align_center\"><div class=\"w-image-h\"><img decoding=\"async\" width=\"205\" height=\"400\" src=\"https:\/\/beditom.pl\/app\/uploads\/2024\/03\/gfa_akcesoria1jpg.webp\" class=\"attachment-us_200_200 size-us_200_200\" alt=\"Beditom bramy gara\u017cowe\" loading=\"lazy\" srcset=\"https:\/\/beditom.pl\/app\/uploads\/2024\/03\/gfa_akcesoria1jpg.webp 205w, https:\/\/beditom.pl\/app\/uploads\/2024\/03\/gfa_akcesoria1jpg-154x300.webp 154w, https:\/\/beditom.pl\/app\/uploads\/2024\/03\/gfa_akcesoria1jpg-26x50.webp 26w\" sizes=\"auto, (max-width: 205px) 100vw, 205px\" title=\"Beditom bramy gara\u017cowe segmentowe\"><\/div><\/div><div class=\"wpb_text_column us_custom_32207688\"><div class=\"wpb_wrapper\"><p style=\"text-align: center;\">Obudowa z wy\u0142\u0105cznikiem g\u0142\u00f3wnym, awaryjnym i prze\u0142\u0105cznikiem kluczykowym<\/p>\n<\/div><\/div><\/div><\/div><div class=\"wpb_column vc_column_container\"><div class=\"vc_column-inner\"><div class=\"w-image align_center\"><div class=\"w-image-h\"><img decoding=\"async\" width=\"185\" height=\"400\" src=\"https:\/\/beditom.pl\/app\/uploads\/2024\/03\/gfa_akcesoria2.webp\" class=\"attachment-us_200_200 size-us_200_200\" alt=\"Beditom bramy gara\u017cowe\" loading=\"lazy\" srcset=\"https:\/\/beditom.pl\/app\/uploads\/2024\/03\/gfa_akcesoria2.webp 185w, https:\/\/beditom.pl\/app\/uploads\/2024\/03\/gfa_akcesoria2-139x300.webp 139w, https:\/\/beditom.pl\/app\/uploads\/2024\/03\/gfa_akcesoria2-23x50.webp 23w\" sizes=\"auto, (max-width: 185px) 100vw, 185px\" title=\"Beditom bramy gara\u017cowe segmentowe\"><\/div><\/div><div class=\"wpb_text_column us_custom_32207688\"><div class=\"wpb_wrapper\"><p style=\"text-align: center;\">Obudowa z os\u0142ona klawiatury<\/p>\n<\/div><\/div><\/div><\/div><\/div><\/div><\/section><section class=\"l-section wpb_row height_auto width_custom\" style=\"--site-content-width:1320px;\"><div class=\"l-section-h i-cf\"><div class=\"g-cols vc_row via_grid cols_1 laptops-cols_inherit tablets-cols_inherit mobiles-cols_1 valign_top type_default stacking_default\"><div class=\"wpb_column vc_column_container\"><div class=\"vc_column-inner\"><div class=\"w-html us_custom_ecd4848b has_text_color\"><p>PLIKI DO POBRANIA<\/p><\/div><div class=\"w-grid us_grid type_grid layout_737 cols_2 preload_style_spinner\" id=\"us_grid_1\" style=\"--columns:2;--gap:1.5rem;\"><style>@media (max-width:480px){#us_grid_1{--columns:1!important}}.layout_737 .w-grid-item-h{}@media(max-width:479px){.layout_737 .usg_post_image_1{display:none!important}}.layout_737 .usg_hwrapper_1{color:var(--color-content-text)!important;padding-top:6%!important;padding-bottom:6%!important;background:var(--color-content-bg-alt)!important}.layout_737 .usg_vwrapper_1{width:48%!important;margin-left:6%!important;margin-right:0!important}.layout_737 .usg_post_image_1{text-align:right!important;width:50%!important;max-width:150px!important;margin-left:7%!important}.layout_737 .usg_post_title_1{font-size:1.6rem!important;line-height:1.1!important}@media (max-width:480px){.layout_737 .usg_hwrapper_1{margin-left:0!important;margin-right:0!important;padding-top:0!important;padding-bottom:0!important}.layout_737 .usg_vwrapper_1{width:86%!important;margin:7% 7% 5% 7%!important}.layout_737 .usg_post_image_1{width:100%!important;margin-left:0!important;margin-right:0!important}}<\/style><div class=\"w-grid-list\">\t<article class=\"w-grid-item size_1x1 post-3495 plik type-plik status-publish has-post-thumbnail hentry\" data-id=\"3495\">\r\n\t\t<div class=\"w-grid-item-h\">\r\n\t\t\t\t\t\t<div class=\"w-hwrapper usg_hwrapper_1 has_text_color align_left valign_middle wrap\" style=\"--hwrapper-gap:1rem\"><div class=\"w-vwrapper usg_vwrapper_1 align_left valign_top\"><h3 class=\"w-post-elm post_title usg_post_title_1 entry-title color_link_inherit\"><a href=\"https:\/\/beditom.pl\/fi\/plik\/przeglad-central-do-bram-przemyslowych\/\">GfA Centrale steruj\u0105ce bram przemys\u0142owych<\/a><\/h3><a class=\"w-btn us-btn-style_4 usg_btn_1\" href=\"https:\/\/beditom.pl\/fi\/plik\/przeglad-central-do-bram-przemyslowych\/\"><span class=\"w-btn-label\">Zobacz PDF<\/span><\/a><\/div><div class=\"w-post-elm post_image usg_post_image_1 has_width stretched\"><a href=\"https:\/\/beditom.pl\/fi\/plik\/przeglad-central-do-bram-przemyslowych\/\" aria-label=\"GfA Centrale steruj\u0105ce bram przemys\u0142owych\"><img loading=\"lazy\" decoding=\"async\" width=\"150\" height=\"150\" src=\"https:\/\/beditom.pl\/app\/uploads\/2024\/06\/Centrale-GfA-bram-przemyslowych-150x150.png\" class=\"attachment-thumbnail size-thumbnail wp-post-image\" alt=\"Beditom bramy gara\u017cowe\" srcset=\"https:\/\/beditom.pl\/app\/uploads\/2024\/06\/Centrale-GfA-bram-przemyslowych-150x150.png 150w, https:\/\/beditom.pl\/app\/uploads\/2024\/06\/Centrale-GfA-bram-przemyslowych-200x200.png 200w, https:\/\/beditom.pl\/app\/uploads\/2024\/06\/Centrale-GfA-bram-przemyslowych.png 300w\" sizes=\"auto, (max-width: 150px) 100vw, 150px\" title=\"Beditom bramy gara\u017cowe segmentowe\"><\/a><\/div><\/div>\t\t<\/div>\r\n\t\t\t<\/article>\r\n<\/div>\t<div class=\"w-grid-preloader\">\r\n\t\t<div class=\"g-preloader type_1\">\r\n\t\t\t<div><\/div>\r\n\t\t<\/div>\r\n\t<\/div>\r\n\t\t<div class=\"w-grid-json hidden\" onclick='return {&quot;action&quot;:&quot;us_ajax_grid&quot;,&quot;infinite_scroll&quot;:0,&quot;max_num_pages&quot;:1,&quot;pagination&quot;:&quot;none&quot;,&quot;template_vars&quot;:{&quot;columns&quot;:&quot;2&quot;,&quot;exclude_items&quot;:&quot;none&quot;,&quot;img_size&quot;:&quot;default&quot;,&quot;ignore_items_size&quot;:0,&quot;items_layout&quot;:&quot;737&quot;,&quot;items_offset&quot;:&quot;1&quot;,&quot;load_animation&quot;:&quot;none&quot;,&quot;overriding_link&quot;:&quot;%7B%22url%22%3A%22%22%7D&quot;,&quot;post_id&quot;:3524,&quot;query_args&quot;:{&quot;ignore_sticky_posts&quot;:1,&quot;post_type&quot;:&quot;any&quot;,&quot;post__in&quot;:[&quot;3495&quot;],&quot;posts_per_page&quot;:&quot;10&quot;},&quot;orderby_query_args&quot;:{&quot;orderby&quot;:{&quot;date&quot;:&quot;DESC&quot;}},&quot;type&quot;:&quot;grid&quot;,&quot;us_grid_post_type&quot;:&quot;ids&quot;,&quot;us_grid_ajax_index&quot;:1,&quot;us_grid_filter_query_string&quot;:null,&quot;us_grid_index&quot;:1,&quot;page_args&quot;:[]}}'><\/div>\r\n\t<\/div>\n<div class=\"w-separator size_medium\"><\/div><\/div><\/div><\/div><\/div><\/section>\n","protected":false},"excerpt":{"rendered":"","protected":false},"author":1,"featured_media":3015,"parent":1361,"menu_order":0,"comment_status":"closed","ping_status":"closed","template":"","meta":{"_acf_changed":false,"footnotes":""},"class_list":["post-1386","page","type-page","status-publish","has-post-thumbnail","hentry"],"acf":[],"_links":{"self":[{"href":"https:\/\/beditom.pl\/fi\/wp-json\/wp\/v2\/pages\/1386","targetHints":{"allow":["GET"]}}],"collection":[{"href":"https:\/\/beditom.pl\/fi\/wp-json\/wp\/v2\/pages"}],"about":[{"href":"https:\/\/beditom.pl\/fi\/wp-json\/wp\/v2\/types\/page"}],"author":[{"embeddable":true,"href":"https:\/\/beditom.pl\/fi\/wp-json\/wp\/v2\/users\/1"}],"replies":[{"embeddable":true,"href":"https:\/\/beditom.pl\/fi\/wp-json\/wp\/v2\/comments?post=1386"}],"version-history":[{"count":31,"href":"https:\/\/beditom.pl\/fi\/wp-json\/wp\/v2\/pages\/1386\/revisions"}],"predecessor-version":[{"id":3529,"href":"https:\/\/beditom.pl\/fi\/wp-json\/wp\/v2\/pages\/1386\/revisions\/3529"}],"up":[{"embeddable":true,"href":"https:\/\/beditom.pl\/fi\/wp-json\/wp\/v2\/pages\/1361"}],"wp:featuredmedia":[{"embeddable":true,"href":"https:\/\/beditom.pl\/fi\/wp-json\/wp\/v2\/media\/3015"}],"wp:attachment":[{"href":"https:\/\/beditom.pl\/fi\/wp-json\/wp\/v2\/media?parent=1386"}],"curies":[{"name":"wp","href":"https:\/\/api.w.org\/{rel}","templated":true}]}}