{"id":1340,"date":"2024-03-31T18:08:10","date_gmt":"2024-03-31T18:08:10","guid":{"rendered":"https:\/\/beditom.pl\/?page_id=1340"},"modified":"2025-08-12T11:35:40","modified_gmt":"2025-08-12T11:35:40","slug":"warto-wiedziec-o-bramach-garazowych","status":"publish","type":"page","link":"https:\/\/beditom.pl\/fi\/dla-domu\/warto-wiedziec-o-bramach-garazowych\/","title":{"rendered":"Hyv\u00e4 tiet\u00e4\u00e4 autotallin ovista"},"content":{"rendered":"<section class=\"l-section wpb_row height_medium width_custom color_primary\" style=\"--site-content-width:1320px;\"><div class=\"l-section-h i-cf\"><div class=\"g-cols vc_row via_grid cols_1-4-1 laptops-cols_inherit tablets-cols_inherit mobiles-cols_1 valign_top type_default stacking_default\"><div class=\"wpb_column vc_column_container\"><div class=\"vc_column-inner\"><\/div><\/div><div class=\"wpb_column vc_column_container\"><div class=\"vc_column-inner\"><div class=\"w-html us_custom_9dfb85bd has_text_color\"><p>KOTIIN<\/p><\/div><div class=\"w-html us_custom_b011e678 has_text_color\"><h1 class=\"us_custom_b011e678\">Hyv\u00e4 tiet\u00e4\u00e4 autotallin ovista\n<\/h1><\/div><\/div><\/div><div class=\"wpb_column vc_column_container\"><div class=\"vc_column-inner\"><\/div><\/div><\/div><\/div><\/section><section class=\"l-section wpb_row us_custom_e29345e3 height_medium width_custom\" style=\"--site-content-width:1320px;\"><div class=\"l-section-h i-cf\"><div class=\"g-cols vc_row via_grid cols_1 laptops-cols_inherit tablets-cols_inherit mobiles-cols_1 valign_top type_default stacking_default\"><div class=\"wpb_column vc_column_container\"><div class=\"vc_column-inner\"><nav class=\"g-breadcrumbs us_custom_fdcab3db separator_icon align_none hide_current\" itemscope itemtype=\"http:\/\/schema.org\/BreadcrumbList\"><div class=\"g-breadcrumbs-item\" itemscope itemprop=\"itemListElement\" itemtype=\"http:\/\/schema.org\/ListItem\"><a itemprop=\"item\" href=\"https:\/\/beditom.pl\/fi\/\"><span itemprop=\"name\">Kotisivu<\/span><\/a><meta itemprop=\"position\" content=\"1\"\/><\/div><div class=\"g-breadcrumbs-separator\"><i class=\"far fa-angle-right\"><\/i><\/div><div class=\"g-breadcrumbs-item\">Sivut<\/div><\/nav><\/div><\/div><\/div><\/div><\/section>\n<section class=\"l-section wpb_row height_medium width_custom\" style=\"--site-content-width:1320px;\"><div class=\"l-section-h i-cf\"><div class=\"g-cols vc_row via_grid cols_1 laptops-cols_inherit tablets-cols_inherit mobiles-cols_1 valign_top type_default stacking_default\"><div class=\"wpb_column vc_column_container\"><div class=\"vc_column-inner\"><div class=\"w-tabs style_default switch_click accordion has_scrolling\" style=\"--sections-title-size:inherit\"><div class=\"w-tabs-sections titles-align_none icon_chevron cpos_right\"><div class=\"w-tabs-section has_text_color active\" id=\"m543\"><button class=\"w-tabs-section-header active\" aria-controls=\"content-m543\" aria-expanded=\"true\"><div class=\"w-tabs-section-title\">Tiesitk\u00f6?<\/div><div class=\"w-tabs-section-control\"><\/div><\/button><div  class=\"w-tabs-section-content us_custom_df5f4c97\" id=\"content-m543\"><div class=\"w-tabs-section-content-h i-cf\"><div class=\"wpb_text_column\"><div class=\"wpb_wrapper\"><ul>\n<li>Autotallin ovi vie jopa 40% asuinrakennuksen julkisivusta, ja se on yksi t\u00e4rkeimmist\u00e4 elementeist\u00e4, jotka muokkaavat kotisi arkkitehtuuria.<\/li>\n<li>Osastoovi on kotisi suurin siirrett\u00e4v\u00e4 rakenneosa.<\/li>\n<li>Oikeanlainen autotallin ovi yhdess\u00e4 automaation ja sopivan \u00e4lykk\u00e4\u00e4n ohjausj\u00e4rjestelm\u00e4n kanssa voi s\u00e4\u00e4st\u00e4\u00e4 huomattavia m\u00e4\u00e4ri\u00e4 energiaa.<\/li>\n<li>S\u00e4\u00e4nn\u00f6llinen huolto pident\u00e4\u00e4 ovien k\u00e4ytt\u00f6ik\u00e4\u00e4 ja vaikuttaa my\u00f6nteisesti ymp\u00e4rist\u00f6\u00f6n.<\/li>\n<li>BEDITOM-tallinovien laskennallinen k\u00e4ytt\u00f6ik\u00e4 on yli 25 vuotta.<\/li>\n<\/ul>\n<\/div><\/div><\/div><\/div><\/div><div class=\"w-tabs-section has_text_color\" id=\"w75b\"><button class=\"w-tabs-section-header\" aria-controls=\"content-w75b\" aria-expanded=\"false\"><div class=\"w-tabs-section-title\">Mik\u00e4 portti minun pit\u00e4isi valita - yl\u00f6s ja alas k\u00e4\u00e4ntyv\u00e4, k\u00e4\u00e4ntyv\u00e4 vai osastoiva?<\/div><div class=\"w-tabs-section-control\"><\/div><\/button><div  class=\"w-tabs-section-content us_custom_df5f4c97\" id=\"content-w75b\"><div class=\"w-tabs-section-content-h i-cf\"><div class=\"wpb_text_column\"><div class=\"wpb_wrapper\"><ul>\n<li>Gateway <strong>tilt <\/strong>Kaksoislehtinen autotallin ovi on perinteinen ratkaisu. T\u00e4m\u00e4ntyyppisess\u00e4 ovessa on oltava suojaus (jalka, lukko, pys\u00e4ytin) hallitsematonta sulkemista\/avaamista vastaan, esimerkiksi voimakkaiden tuulenpuuskien vuoksi. Pys\u00e4k\u00f6inti sen edess\u00e4 vaatii et\u00e4isyytt\u00e4, joka on suurempi kuin ovilehden leveys, mink\u00e4 vuoksi joskus on tarpeen suunnitella suurempi ajotie.<\/li>\n<li>Gateway <strong>peruutettavissa<\/strong> tarvitsee hieman v\u00e4hemm\u00e4n tilaa sen edess\u00e4 kuin k\u00e4\u00e4ntyv\u00e4 portti. Sen toimintatavan vuoksi portin eteen on kuitenkin edelleen j\u00e4tett\u00e4v\u00e4 tilaa, jotta se voidaan avata kokonaan. Lis\u00e4ksi k\u00e4\u00e4ntyv\u00e4t portit ovat usein erist\u00e4m\u00e4tt\u00f6mi\u00e4 eiv\u00e4tk\u00e4 kovin ilmatiiviit\u00e4. N\u00e4m\u00e4 mallit ovat heiluriporttien tavoin hankalia kylmiss\u00e4 tai kohtalaisissa ilmasto-olosuhteissa, erityisesti talvella, jolloin pienikin m\u00e4\u00e4r\u00e4 puhaltavaa ja ker\u00e4\u00e4ntyv\u00e4\u00e4 lunta portin edess\u00e4 aiheuttaa haittaa, kun porttia yritet\u00e4\u00e4n avata.<\/li>\n<li>Gateway <strong>segmentoitu<\/strong> on paras rakenneratkaisu. Sen soveltamistapauksessa voimme pys\u00e4k\u00f6id\u00e4 auton suoraan oven eteen, sill\u00e4 ovioven vaippa liikkuu aukossa pystysuoraan yl\u00f6sp\u00e4in ja asettuu sitten vaakasuoriin kiskoihin autotallin katon alle. Oviemme rakenteen ja teknisten ratkaisujen ansiosta BEDITOM-ovet ovat t\u00e4ysin tasapainossa, mik\u00e4 tarkoittaa, ett\u00e4 niiden avaamiseen ja sulkemiseen tarvitaan hyvin v\u00e4h\u00e4n voimaa, ja oma automatiikka mahdollistaa t\u00e4yden k\u00e4ytt\u00f6mukavuuden. Laaja valikoima kiskoja, 40 tai 60 mm:n polyuretaanivaahtomuovisyd\u00e4mell\u00e4 varustettuja paneeleita ja t\u00e4ydellinen tiivistesarja tekev\u00e4t oviovista nykyisten l\u00e4mm\u00f6neristysvaatimusten (Warm House, Passive House jne.) mukaisia, ja laaja v\u00e4rivalikoima t\u00e4ydent\u00e4\u00e4 esteettist\u00e4 vaikutusta.<\/li>\n<\/ul>\n<\/div><\/div><\/div><\/div><\/div><div class=\"w-tabs-section has_text_color\" id=\"j93f\"><button class=\"w-tabs-section-header\" aria-controls=\"content-j93f\" aria-expanded=\"false\"><div class=\"w-tabs-section-title\">Kummat jouset ovessani pit\u00e4isi olla - v\u00e4\u00e4nt\u00f6- vai kiristysjouset?<\/div><div class=\"w-tabs-section-control\"><\/div><\/button><div  class=\"w-tabs-section-content us_custom_df5f4c97\" id=\"content-j93f\"><div class=\"w-tabs-section-content-h i-cf\"><div class=\"wpb_text_column\"><div class=\"wpb_wrapper\"><p>Osastoovissa voidaan k\u00e4ytt\u00e4\u00e4 kahta perustyyppi\u00e4 ovien tasapainotusta.<span style=\"text-decoration: line-through;\">y<\/span> perustuvat v\u00e4\u00e4nt\u00f6jousiin tai vetojousiin. V\u00e4\u00e4nt\u00f6jouset on asennettu akselille, ja ne asennetaan asennustilanteesta riippuen suoraan oven yl\u00e4puolelle karmiin tai vaakakiskojen taakse katon alapuolelle (niin sanottu matala p\u00e4\u00e4ty).  Vetojouset taas sijaitsevat aina pystysuorissa kiskoissa ovilevyn vasemmalla ja oikealla puolella asennusolosuhteista riippumatta.<\/p>\n<p>Molemmat tasapainoj\u00e4rjestelm\u00e4t on suunniteltu siten, ett\u00e4 k\u00e4ytt\u00e4j\u00e4 voi avata BEDITOM-ovet helposti k\u00e4sin ilman tarpeetonta ponnistelua. Lis\u00e4ksi molemmat jousipaketit on suunniteltu turvallisiksi, mik\u00e4 tarkoittaa, ett\u00e4 jos jokin jousista rikkoutuu, oviverho ei p\u00e4\u00e4se nopeasti putoamaan tai v\u00e4\u00e4ntym\u00e4\u00e4n.<\/p>\n<\/div><\/div><\/div><\/div><\/div><div class=\"w-tabs-section has_text_color\" id=\"xb22\"><button class=\"w-tabs-section-header\" aria-controls=\"content-xb22\" aria-expanded=\"false\"><div class=\"w-tabs-section-title\">Kuinka paljon korkeutta BEDITOM-sektioovi vaatii?<\/div><div class=\"w-tabs-section-control\"><\/div><\/button><div  class=\"w-tabs-section-content us_custom_df5f4c97\" id=\"content-xb22\"><div class=\"w-tabs-section-content-h i-cf\"><div class=\"wpb_text_column\"><div class=\"wpb_wrapper\"><div class=\"elementor-accordion-item\">\n<div id=\"elementor-tab-content-17012\" class=\"elementor-tab-content elementor-clearfix elementor-active\" role=\"region\" data-tab=\"12\" aria-labelledby=\"elementor-tab-title-17012\">\n<p>BEDITOM-ovet tarjoavat erilaisia ohjainratkaisuja osastooviin. Vakiovarusteena vaaditaan 200 mm:n vapaa korkeus. T\u00e4ss\u00e4 vaihtoehdossa v\u00e4\u00e4nt\u00f6jouset on kiinnitetty karmiin, eik\u00e4 oveen voida ongelmitta asentaa mit\u00e4 tahansa sopivaa s\u00e4hk\u00f6k\u00e4ytt\u00f6\u00e4. Tarvittaessa voimme valmistaa oven j\u00e4rjestelm\u00e4n\u00e4, jossa on pienempi, enint\u00e4\u00e4n 115 mm:n vapaakorkeus, jolloin oven avaamiseen ja sulkemiseen on edelleen mahdollista asentaa s\u00e4hk\u00f6k\u00e4ytt\u00f6.<\/p>\n<\/div>\n<\/div>\n<div class=\"elementor-accordion-item\"><\/div>\n<\/div><\/div><\/div><\/div><\/div><div class=\"w-tabs-section has_text_color\" id=\"ocfc\"><button class=\"w-tabs-section-header\" aria-controls=\"content-ocfc\" aria-expanded=\"false\"><div class=\"w-tabs-section-title\">Mink\u00e4 kokoinen autotallin oven pit\u00e4isi olla?<\/div><div class=\"w-tabs-section-control\"><\/div><\/button><div  class=\"w-tabs-section-content us_custom_df5f4c97\" id=\"content-ocfc\"><div class=\"w-tabs-section-content-h i-cf\"><div class=\"wpb_text_column\"><div class=\"wpb_wrapper\"><p>Yksitt\u00e4isille autotalleille ja useimmille autoille riitt\u00e4\u00e4 2500 mm:n oven leveys. Kahden auton autotalleihin, joissa autot seisovat vierekk\u00e4in, suosittelemme 4800-5000 mm:n ovileveytt\u00e4 autojen tyypist\u00e4 ja arvioidusta koosta riippuen.<\/p>\n<p>Tavallisen henkil\u00f6auton suositeltu vapaa aukon korkeus on 2125 mm. Jos sinulla on maasturi, tila-auto tai vastaavan korkuinen auto, suosittelemme v\u00e4hint\u00e4\u00e4n 2250 mm:n aukkokorkeutta. Useimmille pakettiautoille on varattava v\u00e4hint\u00e4\u00e4n 2500 mm:n vapaa aukkokorkeus. On my\u00f6s muistettava, ett\u00e4 tuotetut automallit kasvavat ajan my\u00f6t\u00e4. Jos p\u00e4\u00e4t\u00e4t rakentaa autotallin tai vaihtaa oven, on otettava huomioon, ett\u00e4 BEDITOM-ovi kest\u00e4\u00e4 paljon kauemmin kuin ajoneuvon keskim\u00e4\u00e4r\u00e4inen k\u00e4ytt\u00f6ik\u00e4.<\/p>\n<\/div><\/div><\/div><\/div><\/div><div class=\"w-tabs-section has_text_color\" id=\"nec8\"><button class=\"w-tabs-section-header\" aria-controls=\"content-nec8\" aria-expanded=\"false\"><div class=\"w-tabs-section-title\">Voinko sovittaa s\u00e4ngynoven v\u00e4rin taloni ikkuna- ja ovikehyksiin?<\/div><div class=\"w-tabs-section-control\"><\/div><\/button><div  class=\"w-tabs-section-content us_custom_df5f4c97\" id=\"content-nec8\"><div class=\"w-tabs-section-content-h i-cf\"><div class=\"wpb_text_column\"><div class=\"wpb_wrapper\"><p>Tarjonnastamme l\u00f6yd\u00e4t tuotteet, jotka sopivat t\u00e4ydellisesti WIK\u0118D-ovien ja -ikkunoiden v\u00e4reihin. Jos sinulla on muiden valmistajien puupuusep\u00e4nty\u00f6t tai vaneroidut puusep\u00e4nty\u00f6t, laajan kuviovalikoimamme avulla voit todenn\u00e4k\u00f6isesti valita sopivan sisustuksen odotuksiesi mukaisesti.<\/p>\n<p>Jos tarvitaan r\u00e4\u00e4t\u00e4l\u00f6ityj\u00e4 v\u00e4rej\u00e4, voimme lakata portin kuoren maalauskammiossamme mill\u00e4 tahansa RAL-v\u00e4rill\u00e4 k\u00e4ytt\u00e4en tunnettujen valmistajien lakkoja tiukkoja teknisi\u00e4 s\u00e4\u00e4nt\u00f6j\u00e4 ja ekologisia n\u00e4k\u00f6kohtia noudattaen. BEDITOM-portit on p\u00e4\u00e4llystetty korroosionestopinnoitteilla, joihin kuuluu sinkitty pelti ja v\u00e4hint\u00e4\u00e4n kaksi eri v\u00e4rist\u00e4 ja mattapintaista maalikerrosta.<\/p>\n<\/div><\/div><\/div><\/div><\/div><div class=\"w-tabs-section has_text_color\" id=\"e0b9\"><button class=\"w-tabs-section-header\" aria-controls=\"content-e0b9\" aria-expanded=\"false\"><div class=\"w-tabs-section-title\">Kuinka tehokas on BEDITOM-portin tarvitsema s\u00e4hk\u00f6k\u00e4ytt\u00f6?<\/div><div class=\"w-tabs-section-control\"><\/div><\/button><div  class=\"w-tabs-section-content us_custom_df5f4c97\" id=\"content-e0b9\"><div class=\"w-tabs-section-content-h i-cf\"><div class=\"wpb_text_column\"><div class=\"wpb_wrapper\"><div class=\"elementor-accordion-item\">\n<div id=\"elementor-tab-content-17013\" class=\"elementor-tab-content elementor-clearfix elementor-active\" role=\"region\" data-tab=\"13\" aria-labelledby=\"elementor-tab-title-17013\">\n<p>Voimansiirron teho valitaan oven koon ja kiskotyypin mukaan. Koska BEDITOM-sektioovet ovat tarkkaan tasapainotettuja, oven avaamiseen tarvittava voima on 2-4 kg (voima, jolla ovi voidaan avata vaivattomasti yhdell\u00e4 k\u00e4dell\u00e4), voit siis k\u00e4ytt\u00e4\u00e4 ovissamme mink\u00e4 tahansa valmistajan s\u00e4hk\u00f6k\u00e4ytt\u00f6\u00e4 niiden ovien mittoja koskevien tietojen mukaisesti. BEDITOM suosittelee autotallioviinsa amerikkalaisen valmistajan LIFTMASTERin ja teollisuusoviin saksalaisen valmistajan GFA:n k\u00e4ytt\u00f6voimia ja laitteita. Molemmat yritykset kuuluvat monivuotisen kokemuksensa ansiosta markkinajohtajiin ja takaavat tarjoamiensa tuotteiden laadun. Niiden valmistamille taajuusmuuttajille on ominaista korkea luotettavuus ja laatu sek\u00e4 valikoiman ja lis\u00e4varusteiden mukauttaminen Euroopan markkinoille (ne t\u00e4ytt\u00e4v\u00e4t EU:n standardit ja niill\u00e4 on asianmukaiset sertifikaatit).<\/p>\n<\/div>\n<\/div>\n<div class=\"elementor-accordion-item\"><\/div>\n<\/div><\/div><\/div><\/div><\/div><div class=\"w-tabs-section has_text_color\" id=\"r275\"><button class=\"w-tabs-section-header\" aria-controls=\"content-r275\" aria-expanded=\"false\"><div class=\"w-tabs-section-title\">Jos asennan BEDITOM-oven, saanko ongelmitta vaaditun rakennuksen energiatodistuksen?<\/div><div class=\"w-tabs-section-control\"><\/div><\/button><div  class=\"w-tabs-section-content us_custom_df5f4c97\" id=\"content-r275\"><div class=\"w-tabs-section-content-h i-cf\"><div class=\"wpb_text_column\"><div class=\"wpb_wrapper\"><p>BEDITOM-ovet t\u00e4ytt\u00e4v\u00e4t Clean Air -ohjelmaan liittyv\u00e4t kriteerit. Segmenttien korkea eristys, segmenttien v\u00e4liset tiiviit liitokset ja koko oven asianmukaisesti suunnitellut tiivistyselementit varmistavat, ett\u00e4 sertifikaatti saadaan ongelmitta ja ett\u00e4 rakennuksen energiatehokkuus on asianmukainen. Useimpien massiivisten oviemme l\u00e4mm\u00f6nsiirtokerroin on 1,1 -1,3 W\/m2K .<\/p>\n<\/div><\/div><\/div><\/div><\/div><div class=\"w-tabs-section has_text_color\" id=\"w445\"><button class=\"w-tabs-section-header\" aria-controls=\"content-w445\" aria-expanded=\"false\"><div class=\"w-tabs-section-title\">Miten tilaan portin?<\/div><div class=\"w-tabs-section-control\"><\/div><\/button><div  class=\"w-tabs-section-content us_custom_df5f4c97\" id=\"content-w445\"><div class=\"w-tabs-section-content-h i-cf\"><div class=\"wpb_text_column\"><div class=\"wpb_wrapper\"><p>L\u00e4het\u00e4 meille t\u00e4ytetty tiedustelulomake haluamaasi ovimallia varten. Siin\u00e4 kaikki ! Ty\u00f6ntekij\u00e4mme ottaa sinuun yhteytt\u00e4, keskustelee teknisist\u00e4 yksityiskohdista, auttaa sinua valitsemaan tuotteen ja neuvoo sinulle parhaan ratkaisun.<\/p>\n<p>Keskim\u00e4\u00e4r\u00e4inen l\u00e4pimenoaika tyypillisille tilauksille on 10-15 ty\u00f6p\u00e4iv\u00e4\u00e4 tilauksen allekirjoitusp\u00e4iv\u00e4st\u00e4.<\/p>\n<\/div><\/div><\/div><\/div><\/div><div class=\"w-tabs-section has_text_color\" id=\"p604\"><button class=\"w-tabs-section-header\" aria-controls=\"content-p604\" aria-expanded=\"false\"><div class=\"w-tabs-section-title\">Milloin 8%-verokantaa voidaan k\u00e4ytt\u00e4\u00e4?<\/div><div class=\"w-tabs-section-control\"><\/div><\/button><div  class=\"w-tabs-section-content us_custom_df5f4c97\" id=\"content-p604\"><div class=\"w-tabs-section-content-h i-cf\"><div class=\"wpb_text_column\"><div class=\"wpb_wrapper\"><p>Asuinrakennusten osalta vain, jos autotalli sijaitsee asuinrakennuksen rungossa. Arvonlis\u00e4verokantaa 8% sovelletaan, kun tuote toimitetaan yhdess\u00e4 asennuspalvelun kanssa - t\u00e4m\u00e4 koskee my\u00f6s automaattisia portteja (s\u00e4hk\u00f6k\u00e4ytt\u00f6isi\u00e4). Arvonlis\u00e4verokantaa 8% ei sovelleta automaattisiin portteihin, jotka on tarkoitettu kiinteist\u00f6n sis\u00e4\u00e4nk\u00e4yntiin.<\/p>\n<\/div><\/div><\/div><\/div><\/div><div class=\"w-tabs-section has_text_color\" id=\"k875\"><button class=\"w-tabs-section-header\" aria-controls=\"content-k875\" aria-expanded=\"false\"><div class=\"w-tabs-section-title\">Kuinka paljon autotallin oven asentaminen maksaa?<\/div><div class=\"w-tabs-section-control\"><\/div><\/button><div  class=\"w-tabs-section-content us_custom_df5f4c97\" id=\"content-k875\"><div class=\"w-tabs-section-content-h i-cf\"><div class=\"wpb_text_column\"><div class=\"wpb_wrapper\"><p>T\u00e4rkeimm\u00e4t kustannusten m\u00e4\u00e4rittelyyn vaikuttavat tekij\u00e4t ovat:<\/p>\n<ul>\n<li>autotallin oven koko ja malli,<\/li>\n<li>k\u00e4ytetyn aseman tyyppi,<\/li>\n<li>oven varustaminen lis\u00e4varusteilla,<\/li>\n<li>asennuspalvelun ty\u00f6voimakustannukset (asennusolosuhteista riippuen).<\/li>\n<\/ul>\n<p>BEDITOMin asiakaspalvelu antaa kaikki tarvittavat tiedot sen j\u00e4lkeen, kun se on analysoinut yksityiskohtaisesti tuotteen ostoon ja asennuspalveluun liittyv\u00e4t tarpeesi.<\/p>\n<\/div><\/div><\/div><\/div><\/div><div class=\"w-tabs-section has_text_color\" id=\"qa64\"><button class=\"w-tabs-section-header\" aria-controls=\"content-qa64\" aria-expanded=\"false\"><div class=\"w-tabs-section-title\">Mist\u00e4 ostaa BEDITOM-ovi?<\/div><div class=\"w-tabs-section-control\"><\/div><\/button><div  class=\"w-tabs-section-content us_custom_df5f4c97\" id=\"content-qa64\"><div class=\"w-tabs-section-content-h i-cf\"><div class=\"wpb_text_column\"><div class=\"wpb_wrapper\"><div class=\"elementor-accordion-item\">\n<div id=\"elementor-tab-content-17019\" class=\"elementor-tab-content elementor-clearfix elementor-active\" role=\"region\" data-tab=\"19\" aria-labelledby=\"elementor-tab-title-17019\">\n<p>BEDITOMilla on valtuutettujen myyntipisteiden verkosto kaikkialla Puolassa. Lis\u00e4tietoja saat osoitteesta <a href=\"https:\/\/beditom.pl\/fi\/gdzie-kupic\/\">https:\/\/beditom.pl\/gdzie-kupic\/<\/a>\u00a0 tai ota yhteytt\u00e4 asiakaspalvelutoimistoon <a href=\"https:\/\/beditom.pl\/fi\/kontakt\/\">https:\/\/beditom.pl\/kontakt\/<\/a> , jossa annamme sinulle yksityiskohtaisia tietoja.<\/p>\n<\/div>\n<\/div>\n<div class=\"elementor-accordion-item\"><\/div>\n<\/div><\/div><\/div><\/div><\/div><div class=\"w-tabs-section has_text_color\" id=\"jc64\"><button class=\"w-tabs-section-header\" aria-controls=\"content-jc64\" aria-expanded=\"false\"><div class=\"w-tabs-section-title\">Voinko asentaa BEDITOM-oven itse?<\/div><div class=\"w-tabs-section-control\"><\/div><\/button><div  class=\"w-tabs-section-content us_custom_df5f4c97\" id=\"content-jc64\"><div class=\"w-tabs-section-content-h i-cf\"><div class=\"wpb_text_column\"><div class=\"wpb_wrapper\"><div class=\"elementor-accordion-item\">\n<div id=\"elementor-tab-content-17016\" class=\"elementor-tab-content elementor-clearfix elementor-active\" role=\"region\" data-tab=\"16\" aria-labelledby=\"elementor-tab-title-17016\">\n<p>BEDITOM-sektioovien asennus on k\u00e4ytettyjen ratkaisujen vuoksi yst\u00e4v\u00e4llist\u00e4 erikoistuneelle asennusryhm\u00e4lle. Oven suuren koon ja kokoonpanon edellytt\u00e4m\u00e4n tarkkuuden vuoksi suosittelemme, ett\u00e4 kokoonpanon suorittaa ammattitaitoinen ja koulutettu kokoonpanotiimi. Joidenkin oviosien asentaminen vaatii erikoisty\u00f6kaluja (esim. v\u00e4\u00e4nt\u00f6jousien asennus ja s\u00e4\u00e4t\u00f6). Laadukas kokoonpano on avain oven h\u00e4iri\u00f6tt\u00f6m\u00e4\u00e4n ja miellytt\u00e4v\u00e4\u00e4n toimintaan monien vuosien ajan. Virheellinen asennus aiheuttaa haittaa p\u00e4ivitt\u00e4isess\u00e4 k\u00e4yt\u00f6ss\u00e4 ja \u00e4\u00e4ritapauksissa usein vikoja.<\/p>\n<p>Autotallin ovien asennus kest\u00e4\u00e4 yleens\u00e4 2-4 tuntia riippuen ty\u00f6maan olosuhteista, kuten energian saatavuudesta, autotallin aukon kunnosta, lattian valmistelusta jne. Asennusaika riippuu my\u00f6s oven koosta ja lis\u00e4varusteiden m\u00e4\u00e4r\u00e4st\u00e4 (k\u00e4ytt\u00f6laite, valokennot, lis\u00e4turvalaitteet). Asennuksen j\u00e4lkeen suoritetaan toimintatarkastus ja kaikkien turvatoimintojen tarkastus onnettomuuksien v\u00e4ltt\u00e4miseksi. T\u00e4ss\u00e4 vaiheessa asennusryhm\u00e4 on velvollinen l\u00e4hestym\u00e4\u00e4n asiakasta\/k\u00e4ytt\u00e4j\u00e4\u00e4 ja antamaan h\u00e4nelle lyhyet k\u00e4ytt\u00f6ohjeet ja tarvittavat asiakirjat. Lopuksi allekirjoitetaan kahdenv\u00e4linen hyv\u00e4ksymisp\u00f6yt\u00e4kirja. T\u00e4st\u00e4 l\u00e4htien ovi on vapautettu k\u00e4ytt\u00f6\u00f6n ja se kuuluu takuun piiriin.<\/p>\n<\/div>\n<\/div>\n<\/div><\/div><\/div><\/div><\/div><div class=\"w-tabs-section has_text_color\" id=\"we4b\"><button class=\"w-tabs-section-header\" aria-controls=\"content-we4b\" aria-expanded=\"false\"><div class=\"w-tabs-section-title\">Ovatko kaikki autotallin ovet rakenteeltaan ja varusteiltaan samanlaisia?<\/div><div class=\"w-tabs-section-control\"><\/div><\/button><div  class=\"w-tabs-section-content us_custom_df5f4c97\" id=\"content-we4b\"><div class=\"w-tabs-section-content-h i-cf\"><div class=\"wpb_text_column\"><div class=\"wpb_wrapper\"><p>Osastoovien valmistajia on monia. Tuotteen laatu ja hinta m\u00e4\u00e4r\u00e4ytyv\u00e4t k\u00e4ytettyjen materiaalien, laitteistokomponenttien ja automaation laadun mukaan.<\/p>\n<p>BEDITOM on valmistanut sektionaaliovia useiden vuosikymmenten ajan. Kokemuksemme ansiosta olemme kehitt\u00e4neet nykyaikaisia ratkaisuja, jotka t\u00e4ytt\u00e4v\u00e4t korkeimmat laatuvaatimukset. Teemme yhteisty\u00f6t\u00e4 yksinomaan Euroopan markkinoiden tunnettujen komponenttitoimittajien kanssa. Olemme tietoisia siit\u00e4, ett\u00e4 k\u00e4ytettyjen komponenttien laadulla on ratkaiseva vaikutus tuotteidemme pitk\u00e4aikaiseen ja virheett\u00f6m\u00e4\u00e4n toimintaan. Emme tingi oviemme laadusta. Olemme yksi johtavista valmistajista, jotka keskittyv\u00e4t tuotteidemme kest\u00e4vyyteen ja k\u00e4ytt\u00f6turvallisuuteen. Lue lis\u00e4\u00e4 l\u00e4hestymistavastamme osoitteessa: <a href=\"https:\/\/beditom.pl\/fi\/o-firmie\/\">https:\/\/beditom.pl\/o-firmie\/<\/a>.<\/p>\n<\/div><\/div><\/div><\/div><\/div><div class=\"w-tabs-section has_text_color\" id=\"o04b\"><button class=\"w-tabs-section-header\" aria-controls=\"content-o04b\" aria-expanded=\"false\"><div class=\"w-tabs-section-title\">Miten huollan ja hoidan uutta BEDITOM-oveani?<\/div><div class=\"w-tabs-section-control\"><\/div><\/button><div  class=\"w-tabs-section-content us_custom_df5f4c97\" id=\"content-o04b\"><div class=\"w-tabs-section-content-h i-cf\"><div class=\"wpb_text_column\"><div class=\"wpb_wrapper\"><p>BEDITOM-ovet eiv\u00e4t vaadi k\u00e4ytt\u00e4j\u00e4lt\u00e4 erityist\u00e4 huolellisuutta. Riitt\u00e4\u00e4, ett\u00e4 oven osat pidet\u00e4\u00e4n puhtaina ja mekaaniset osat puhtaina liasta ja huolletaan asianmukaisilla suoja-aineilla. Kitkaelementit on voideltava tasaisen toiminnan varmistamiseksi, mik\u00e4 takaa useiden vuosien h\u00e4iri\u00f6tt\u00f6m\u00e4n k\u00e4ytt\u00f6i\u00e4n.<\/p>\n<p>Tyypillisen rakennussyklin ja monivuotisen kokemuksen vuoksi suosittelemme takuutarkastusta ensimm\u00e4isen k\u00e4ytt\u00f6vuoden j\u00e4lkeen. Olemme tietoisia siit\u00e4, ett\u00e4 rakennusolosuhteissa ovet altistuvat erityisen ankarille ty\u00f6olosuhteille eritt\u00e4in ep\u00e4suotuisassa mekaanisessa ymp\u00e4rist\u00f6ss\u00e4 (sementtip\u00f6ly, rappaus, tasoitus, lattiapinnoitus jne.).<\/p>\n<p>Rakennust\u00f6iden p\u00e4\u00e4tytty\u00e4 on suositeltavaa suorittaa ammattitaitoinen huoltoty\u00f6, johon sis\u00e4ltyy oven s\u00e4\u00e4t\u00f6, ottaen huomioon tuotteen todellinen, nykyinen tila ty\u00f6maalla kaikkien mahdollisten muutosten j\u00e4lkeen (esim. lattian korkeuden muuttaminen terrakottalaattojen asentamisen vuoksi). Lis\u00e4ksi on tarkistettava oven tasapaino ja sellaisten mekaanisten ja s\u00e4hk\u00f6isten turvalaitteiden tehokkuus, joita ei ole suunniteltu toimimaan p\u00f6lyisiss\u00e4 olosuhteissa (esim. rappauksen asennuksen aikana).<\/p>\n<p>Tuotteen korkea laatu ja osastoovien tekniset ratkaisut merkitsev\u00e4t sit\u00e4, ett\u00e4 edell\u00e4 mainituissa seikoissa tapahtuvat laiminly\u00f6nnit vaikuttavat oven kest\u00e4vyyteen ja mukavuuteen my\u00f6hempien k\u00e4ytt\u00f6vuosien aikana.<\/p>\n<\/div><\/div><\/div><\/div><\/div><\/div><\/div><\/div><\/div><\/div><\/div><\/section>","protected":false},"excerpt":{"rendered":"DLA DOMUWarto wiedzie\u0107 o bramach gara\u017cowych Strona g\u0142\u00f3wnaSivut Czy wiesz \u017ce? Brama gara\u017cowa zajmuje do 40% powierzchni elewacji frontowej budynku mieszkalnego i jest jednym z g\u0142\u00f3wnych element\u00f3w kszta\u0142tuj\u0105cych architektur\u0119 Twojego domu. Brama segmentowa jest najwi\u0119kszym ruchomym elementem konstrukcyjnym Twojego domu. Odpowiednio dobrana brama gara\u017cowa wraz z automatyk\u0105 i odpowiednim inteligentnym systemem sterowania pozwala zaoszcz\u0119dzi\u0107 znaczne...","protected":false},"author":1,"featured_media":599,"parent":1926,"menu_order":0,"comment_status":"closed","ping_status":"closed","template":"","meta":{"_acf_changed":false,"footnotes":""},"class_list":["post-1340","page","type-page","status-publish","has-post-thumbnail","hentry"],"acf":[],"_links":{"self":[{"href":"https:\/\/beditom.pl\/fi\/wp-json\/wp\/v2\/pages\/1340","targetHints":{"allow":["GET"]}}],"collection":[{"href":"https:\/\/beditom.pl\/fi\/wp-json\/wp\/v2\/pages"}],"about":[{"href":"https:\/\/beditom.pl\/fi\/wp-json\/wp\/v2\/types\/page"}],"author":[{"embeddable":true,"href":"https:\/\/beditom.pl\/fi\/wp-json\/wp\/v2\/users\/1"}],"replies":[{"embeddable":true,"href":"https:\/\/beditom.pl\/fi\/wp-json\/wp\/v2\/comments?post=1340"}],"version-history":[{"count":24,"href":"https:\/\/beditom.pl\/fi\/wp-json\/wp\/v2\/pages\/1340\/revisions"}],"predecessor-version":[{"id":4784,"href":"https:\/\/beditom.pl\/fi\/wp-json\/wp\/v2\/pages\/1340\/revisions\/4784"}],"up":[{"embeddable":true,"href":"https:\/\/beditom.pl\/fi\/wp-json\/wp\/v2\/pages\/1926"}],"wp:featuredmedia":[{"embeddable":true,"href":"https:\/\/beditom.pl\/fi\/wp-json\/wp\/v2\/media\/599"}],"wp:attachment":[{"href":"https:\/\/beditom.pl\/fi\/wp-json\/wp\/v2\/media?parent=1340"}],"curies":[{"name":"wp","href":"https:\/\/api.w.org\/{rel}","templated":true}]}}