{"id":1334,"date":"2024-03-31T17:40:56","date_gmt":"2024-03-31T17:40:56","guid":{"rendered":"https:\/\/beditom.pl\/?page_id=1334"},"modified":"2024-12-09T14:10:09","modified_gmt":"2024-12-09T14:10:09","slug":"dlaczego-beditom","status":"publish","type":"page","link":"https:\/\/beditom.pl\/fi\/dla-domu\/dlaczego-beditom\/","title":{"rendered":"Miksi Beditom?"},"content":{"rendered":"<section class=\"l-section wpb_row height_medium width_custom color_primary\" style=\"--site-content-width:1320px;\"><div class=\"l-section-h i-cf\"><div class=\"g-cols vc_row via_grid cols_1-4-1 laptops-cols_inherit tablets-cols_inherit mobiles-cols_1 valign_top type_default stacking_default\"><div class=\"wpb_column vc_column_container\"><div class=\"vc_column-inner\"><\/div><\/div><div class=\"wpb_column vc_column_container\"><div class=\"vc_column-inner\"><div class=\"w-html us_custom_b011e678 has_text_color\"><h1 class=\"us_custom_b011e678\">Miksi BEDITOM?\n<\/h1><\/div><\/div><\/div><div class=\"wpb_column vc_column_container\"><div class=\"vc_column-inner\"><\/div><\/div><\/div><\/div><\/section><section class=\"l-section wpb_row height_auto\"><div class=\"l-section-h i-cf\"><div class=\"g-cols vc_row via_grid cols_1 laptops-cols_inherit tablets-cols_inherit mobiles-cols_1 valign_top type_default stacking_default\"><div class=\"wpb_column vc_column_container\"><div class=\"vc_column-inner\"><\/div><\/div><\/div><\/div><\/section><section class=\"l-section wpb_row us_custom_eb849559 height_small\"><div class=\"l-section-h i-cf\"><div class=\"g-cols vc_row via_grid cols_1 laptops-cols_inherit tablets-cols_inherit mobiles-cols_1 valign_top type_default stacking_default\"><div class=\"wpb_column vc_column_container\"><div class=\"vc_column-inner\"><div class=\"w-separator size_medium\"><\/div><div class=\"g-cols wpb_row via_grid cols_3 laptops-cols_3 tablets-cols_inherit mobiles-cols_1 valign_top type_default stacking_default\" style=\"--columns-gap:3rem;\"><div class=\"wpb_column vc_column_container us_custom_38bb2da8\"><div class=\"vc_column-overlay\" style=\"background:var(--color-chrome-toolbar)\"><\/div><div class=\"vc_column-inner\"><div class=\"w-vwrapper us_custom_8b3d6790 has_text_color align_center valign_top\"><div class=\"wpb_text_column us_custom_adf5e1d0 has_text_color us_animate_this\"><div class=\"wpb_wrapper\"><p class=\"wp-block-heading\" style=\"text-align: center;\">1<\/p>\n<\/div><\/div><div class=\"wpb_text_column us_custom_a296b92a has_text_color\"><div class=\"wpb_wrapper\"><p data-pm-slice=\"1 1 &#091;&quot;bulletList&quot;,null,&quot;listItem&quot;,null&#093;\">todistettu laatu<\/p>\n<\/div><\/div><\/div><div class=\"w-separator size_small\"><\/div><div class=\"wpb_text_column\"><div class=\"wpb_wrapper\"><p>Vahvistettu riippumattomien laitosten todistuksilla. Beditom-porttien tuotanto tapahtuu DNV ISO 9001 -laadunhallintaj\u00e4rjestelm\u00e4n mukaisesti ja t\u00e4ytt\u00e4\u00e4 korkeimmat eurooppalaiset ja maailmanlaajuiset vaatimukset. T\u00e4m\u00e4n ansiosta annamme tuotteillemme pitk\u00e4aikaiset takuut.<\/p>\n<\/div><\/div><div class=\"w-separator size_medium\"><\/div><\/div><\/div><div class=\"wpb_column vc_column_container us_custom_7ebc4029 has_bg_color\"><div class=\"vc_column-inner\"><div class=\"w-vwrapper us_custom_8b3d6790 has_text_color align_center valign_top\"><div class=\"wpb_text_column us_custom_adf5e1d0 has_text_color us_animate_this\"><div class=\"wpb_wrapper\"><p class=\"wp-block-heading\" style=\"text-align: center;\">2<\/p>\n<\/div><\/div><div class=\"wpb_text_column us_custom_a296b92a has_text_color\"><div class=\"wpb_wrapper\"><p data-pm-slice=\"1 1 &#091;&quot;bulletList&quot;,null,&quot;listItem&quot;,null&#093;\">30 vuoden kokemus<\/p>\n<\/div><\/div><\/div><div class=\"w-separator size_small\"><\/div><div class=\"wpb_text_column\"><div class=\"wpb_wrapper\"><p>Beditomilla on Puolan suurin kokemus ja perinteet osastoovien myynniss\u00e4 ja tuotannossa. Korkeasti koulutetut asiantuntijamme huolehtivat jokaisesta yksityiskohdasta ja ty\u00f6skentelev\u00e4t jatkuvasti innovatiivisten teknisten ratkaisujen parissa.<\/p>\n<\/div><\/div><div class=\"w-separator size_medium\"><\/div><\/div><\/div><div class=\"wpb_column vc_column_container us_custom_4a708eea has_bg_color\"><div class=\"vc_column-inner\"><h4 class=\"w-text us_custom_a2f79c23\"><span class=\"w-text-h\"><span class=\"w-text-value\">vastaus tiedusteluihin 24 tunnin kuluessa<\/span><\/span><\/h4><div class=\"w-separator size_medium\"><\/div><div class=\"w-separator size_medium\"><\/div><div class=\"w-separator size_medium\"><\/div><div class=\"w-separator size_medium\"><\/div><div class=\"w-separator size_medium\"><\/div><\/div><\/div><\/div><\/div><\/div><\/div><\/div><\/section><section class=\"l-section wpb_row us_custom_eb849559 height_small\"><div class=\"l-section-h i-cf\"><div class=\"g-cols vc_row via_grid cols_1 laptops-cols_inherit tablets-cols_inherit mobiles-cols_1 valign_top type_default stacking_default\"><div class=\"wpb_column vc_column_container\"><div class=\"vc_column-inner\"><div class=\"g-cols wpb_row via_grid cols_3 laptops-cols_3 tablets-cols_inherit mobiles-cols_1 valign_top type_default stacking_default\" style=\"--columns-gap:3rem;\"><div class=\"wpb_column vc_column_container us_custom_7cb7d878 has_bg_color\"><div class=\"vc_column-inner\"><div class=\"w-vwrapper align_center valign_top\"><div class=\"wpb_text_column us_custom_adf5e1d0 has_text_color us_animate_this\"><div class=\"wpb_wrapper\"><p class=\"wp-block-heading\" style=\"text-align: center;\">3<\/p>\n<\/div><\/div><div class=\"wpb_text_column us_custom_a296b92a has_text_color\"><div class=\"wpb_wrapper\"><p data-pm-slice=\"1 1 &#091;&quot;bulletList&quot;,null,&quot;listItem&quot;,null&#093;\">innovaatio ja turvallisuus<\/p>\n<\/div><\/div><\/div><div class=\"w-separator size_small\"><\/div><div class=\"wpb_text_column\"><div class=\"wpb_wrapper\"><p>Jousen murtumissuoja, kaapelin murtumissuoja, sormilukkosuoja ja matalan kynnyksen k\u00e4ytt\u00f6 k\u00e4ytt\u00f6ovessa takaavat oviemme turvallisen k\u00e4yt\u00f6n koko niiden k\u00e4ytt\u00f6i\u00e4n ajan.<\/p>\n<\/div><\/div><div class=\"w-separator size_medium\"><\/div><\/div><\/div><div class=\"wpb_column vc_column_container us_custom_508fa9a4 has_bg_color\"><div class=\"vc_column-inner\"><h4 class=\"w-text us_custom_a2f79c23\"><span class=\"w-text-h\"><span class=\"w-text-value\">PAIKKAKOHTAISET RATKAISUT<\/span><\/span><\/h4><div class=\"w-separator size_large\"><\/div><div class=\"w-separator size_large\"><\/div><div class=\"w-separator size_large\"><\/div><\/div><\/div><div class=\"wpb_column vc_column_container us_custom_38bb2da8\"><div class=\"vc_column-overlay\" style=\"background:var(--color-chrome-toolbar)\"><\/div><div class=\"vc_column-inner\"><div class=\"w-vwrapper align_center valign_top\"><div class=\"wpb_text_column us_custom_adf5e1d0 has_text_color us_animate_this\"><div class=\"wpb_wrapper\"><p class=\"wp-block-heading\" style=\"text-align: center;\">4<\/p>\n<\/div><\/div><div class=\"wpb_text_column us_custom_a296b92a has_text_color\"><div class=\"wpb_wrapper\"><p class=\"wp-block-heading\">Taattu energiatehokkuus<\/p>\n<\/div><\/div><\/div><div class=\"w-separator size_small\"><\/div><div class=\"wpb_text_column us_custom_eb849559\"><div class=\"wpb_wrapper\"><p>Beditom-ovet on valmistettu 40 mm:n paksuisista paneeleista, jotka on t\u00e4ytetty palonkest\u00e4v\u00e4ll\u00e4 polyuretaanivaahdolla (CFC-vapaa), ja ne on varustettu kest\u00e4v\u00e4ll\u00e4, joustavalla ja s\u00e4\u00e4nkest\u00e4v\u00e4ll\u00e4 tiivistej\u00e4rjestelm\u00e4ll\u00e4, joka on sijoitettu oven ymp\u00e4rille. K\u00e4ytt\u00e4m\u00e4mme tiivisteet eiv\u00e4t ainoastaan suojaa tuulelta, sateelta ja kylm\u00e4lt\u00e4, vaan my\u00f6s tasoittavat lattian pieni\u00e4 ep\u00e4tasaisuuksia leve\u00e4n U-muotoisen lattiatiivisteen ansiosta.<\/p>\n<\/div><\/div><\/div><\/div><\/div><\/div><\/div><\/div><\/div><\/section><section class=\"l-section wpb_row height_small\"><div class=\"l-section-h i-cf\"><div class=\"g-cols vc_row via_grid cols_1 laptops-cols_inherit tablets-cols_inherit mobiles-cols_1 valign_top type_default stacking_default\"><div class=\"wpb_column vc_column_container\"><div class=\"vc_column-inner\"><div class=\"g-cols wpb_row via_grid cols_3 laptops-cols_3 tablets-cols_inherit mobiles-cols_1 valign_top type_default stacking_default\" style=\"--columns-gap:3rem;\"><div class=\"wpb_column vc_column_container us_custom_8108fcd0 has_bg_color\"><div class=\"vc_column-inner\"><h4 class=\"w-text us_custom_a2f79c23\"><span class=\"w-text-h\"><span class=\"w-text-value\">YHTEISTY\u00d6 TUNNETTUJEN AUTOMAATIOTOIMITTAJIEN KANSSA<\/span><\/span><\/h4><div class=\"w-separator size_small\"><\/div><div class=\"w-separator size_small\"><\/div><div class=\"w-separator size_small\"><\/div><div class=\"w-separator size_small\"><\/div><div class=\"w-separator size_small\"><\/div><div class=\"w-separator size_small\"><\/div><div class=\"w-separator size_small\"><\/div><div class=\"w-separator size_small\"><\/div><div class=\"w-separator size_small\"><\/div><\/div><\/div><div class=\"wpb_column vc_column_container us_custom_7ebc4029 has_bg_color\"><div class=\"vc_column-inner\"><div class=\"w-vwrapper align_center valign_top\"><div class=\"wpb_text_column us_custom_adf5e1d0 has_text_color us_animate_this\"><div class=\"wpb_wrapper\"><p class=\"wp-block-heading\" style=\"text-align: center;\">5<\/p>\n<\/div><\/div><div class=\"wpb_text_column us_custom_a296b92a has_text_color\"><div class=\"wpb_wrapper\"><p data-pm-slice=\"1 1 &#091;&quot;bulletList&quot;,null,&quot;listItem&quot;,null&#093;\">tekninen neuvonta<\/p>\n<\/div><\/div><\/div><div class=\"w-separator size_small\"><\/div><div class=\"wpb_text_column\"><div class=\"wpb_wrapper\"><p>Kilpailevien yritysten k\u00e4ytt\u00e4miin ratkaisuihin verrattuna ja erityisesti silloin, kun suunnitellaan k\u00e4\u00e4ntyvi\u00e4 portteja, Beditomin osittaisportit tarjoavat laajemman kulkualueen, mik\u00e4 on erityisen t\u00e4rke\u00e4\u00e4 asiakkaille, joilla on uudempia autoja, maastoajoneuvoja tai pakettiautoja.<\/p>\n<\/div><\/div><\/div><\/div><div class=\"wpb_column vc_column_container us_custom_7cb7d878 has_bg_color\"><div class=\"vc_column-inner\"><div class=\"w-vwrapper align_center valign_top\"><div class=\"wpb_text_column us_custom_adf5e1d0 has_text_color us_animate_this\"><div class=\"wpb_wrapper\"><p class=\"wp-block-heading\" style=\"text-align: center;\">6<\/p>\n<\/div><\/div><div class=\"wpb_text_column us_custom_a296b92a has_text_color\"><div class=\"wpb_wrapper\"><p class=\"wp-block-heading\">Luotettava suorituskyky<\/p>\n<\/div><\/div><\/div><div class=\"w-separator size_small\"><\/div><div class=\"wpb_text_column\"><div class=\"wpb_wrapper\"><p>Mukavuus ennen kaikkea - k\u00e4ytt\u00e4m\u00e4ll\u00e4 maailmanluokan ja hyv\u00e4maineisia k\u00e4ytt\u00f6koneistoja ovemme avautuvat automaattisesti, ja esimerkiksi Duo Rapido k\u00e4ytt\u00f6koneisto, jonka avautumisnopeus on jopa 50 % nopeampi kuin kilpailevilla ratkaisuilla, mahdollistaa nopeamman sis\u00e4\u00e4nk\u00e4ynnin autotalliin, mik\u00e4 on erityisen t\u00e4rke\u00e4\u00e4, jos liikenne on vilkasta.<\/p>\n<\/div><\/div><\/div><\/div><\/div><\/div><\/div><\/div><\/div><\/section><section class=\"l-section wpb_row height_small\"><div class=\"l-section-h i-cf\"><div class=\"g-cols vc_row via_grid cols_1 laptops-cols_inherit tablets-cols_inherit mobiles-cols_1 valign_top type_default stacking_default\"><div class=\"wpb_column vc_column_container\"><div class=\"vc_column-inner\"><div class=\"g-cols wpb_row via_grid cols_3 laptops-cols_3 tablets-cols_inherit mobiles-cols_1 valign_top type_default stacking_default\" style=\"--columns-gap:3rem;\"><div class=\"wpb_column vc_column_container us_custom_7cb7d878 has_bg_color\"><div class=\"vc_column-inner\"><div class=\"w-vwrapper align_center valign_top\"><div class=\"wpb_text_column us_custom_adf5e1d0 has_text_color us_animate_this\"><div class=\"wpb_wrapper\"><p class=\"wp-block-heading\" style=\"text-align: center;\">7<\/p>\n<\/div><\/div><div class=\"wpb_text_column us_custom_a296b92a has_text_color\"><div class=\"wpb_wrapper\"><p class=\"wp-block-heading\">Turvallinen autotalli<\/p>\n<\/div><\/div><\/div><div class=\"w-separator size_small\"><\/div><div class=\"wpb_text_column\"><div class=\"wpb_wrapper\"><p>Nuku hyvin. Beditomin automaattisten porttien ansiosta voit nukkua rauhassa. Automaattilukitus oppaassa on eritt\u00e4in tehokas murtovarkauksia vastaan ja suojaa portteja heikentymiselt\u00e4 my\u00f6s s\u00e4hk\u00f6katkoksen sattuessa.<\/p>\n<\/div><\/div><div class=\"w-separator size_medium\"><\/div><\/div><\/div><div class=\"wpb_column vc_column_container us_custom_dd0716b3 has_bg_color\"><div class=\"vc_column-inner\"><div class=\"w-vwrapper align_center valign_top\"><div class=\"wpb_text_column us_custom_adf5e1d0 has_text_color us_animate_this\"><div class=\"wpb_wrapper\"><p class=\"wp-block-heading\" style=\"text-align: center;\">8<\/p>\n<\/div><\/div><div class=\"wpb_text_column us_custom_a296b92a has_text_color\"><div class=\"wpb_wrapper\"><p class=\"wp-block-heading\">Rikomme mittojen standardia<\/p>\n<\/div><\/div><\/div><div class=\"w-separator size_small\"><\/div><div class=\"wpb_text_column\"><div class=\"wpb_wrapper\"><p>Kaikki Beditom-portit valmistetaan yksil\u00f6lliseen tilaukseen. Siksi kaikki portin leveydet ovat saatavilla ilman lis\u00e4maksua poikkeavista mitoista.<\/p>\n<\/div><\/div><div class=\"w-separator size_medium\"><\/div><\/div><\/div><div class=\"wpb_column vc_column_container us_custom_7cb7d878 has_bg_color\"><div class=\"vc_column-inner\"><div class=\"w-vwrapper align_center valign_top\"><div class=\"wpb_text_column us_custom_adf5e1d0 has_text_color us_animate_this\"><div class=\"wpb_wrapper\"><p class=\"wp-block-heading\" style=\"text-align: center;\">9<\/p>\n<\/div><\/div><div class=\"wpb_text_column us_custom_a296b92a has_text_color\"><div class=\"wpb_wrapper\"><p class=\"wp-block-heading\">Ymp\u00e4rist\u00f6yst\u00e4v\u00e4llinen<\/p>\n<\/div><\/div><\/div><div class=\"w-separator size_small\"><\/div><div class=\"wpb_text_column\"><div class=\"wpb_wrapper\"><p>Ymp\u00e4rist\u00f6n suojelemiseksi k\u00e4yt\u00e4mme ainoastaan ekologista tekniikkaa. Yrityksemme ei v\u00e4lit\u00e4 ainoastaan tuotteidemme laadusta vaan my\u00f6s meit\u00e4 ymp\u00e4r\u00f6iv\u00e4st\u00e4 ymp\u00e4rist\u00f6st\u00e4, mink\u00e4 vuoksi k\u00e4yt\u00e4mme tuotannossamme vain ymp\u00e4rist\u00f6yst\u00e4v\u00e4llisi\u00e4 materiaaleja.<\/p>\n<\/div><\/div><div class=\"w-separator size_medium\"><\/div><\/div><\/div><\/div><\/div><\/div><\/div><\/div><\/section><div class=\"wpb_column vc_column_container\"><div class=\"vc_column-inner\"><div class=\"w-separator size_medium\"><\/div><\/div><\/div><section class=\"l-section wpb_row height_auto\"><div class=\"l-section-h i-cf\"><div class=\"g-cols vc_row via_grid cols_1 laptops-cols_inherit tablets-cols_inherit mobiles-cols_1 valign_top type_default stacking_default\"><div class=\"wpb_column vc_column_container\"><div class=\"vc_column-inner\"><div class=\"w-separator size_medium\"><\/div><div class=\"w-separator size_medium\"><\/div><\/div><\/div><\/div><\/div><\/section>","protected":false},"excerpt":{"rendered":"Dlaczego BEDITOM? 1 sprawdzona jako\u015b\u0107 Potwierdzona certyfikatami niezale\u017cnych instytucji. Produkcja bram Beditom odbywa si\u0119 z zastosowaniem system\u00f3w zarz\u0105dzania jako\u015bci\u0105 DNV ISO 9001 i spe\u0142nia najwy\u017csze wymagania europejskie i \u015bwiatowe. Dzi\u0119ki temu udzielamy wieloletnich gwarancji na nasze produkty. 2 do\u015bwiadczenie 30 lat Beditom posiada najwi\u0119ksze do\u015bwiadczenie i tradycje w zakresie sprzeda\u017cy i produkcji bram segmentowych w...","protected":false},"author":1,"featured_media":599,"parent":1926,"menu_order":0,"comment_status":"closed","ping_status":"closed","template":"","meta":{"_acf_changed":false,"footnotes":""},"class_list":["post-1334","page","type-page","status-publish","has-post-thumbnail","hentry"],"acf":[],"_links":{"self":[{"href":"https:\/\/beditom.pl\/fi\/wp-json\/wp\/v2\/pages\/1334","targetHints":{"allow":["GET"]}}],"collection":[{"href":"https:\/\/beditom.pl\/fi\/wp-json\/wp\/v2\/pages"}],"about":[{"href":"https:\/\/beditom.pl\/fi\/wp-json\/wp\/v2\/types\/page"}],"author":[{"embeddable":true,"href":"https:\/\/beditom.pl\/fi\/wp-json\/wp\/v2\/users\/1"}],"replies":[{"embeddable":true,"href":"https:\/\/beditom.pl\/fi\/wp-json\/wp\/v2\/comments?post=1334"}],"version-history":[{"count":30,"href":"https:\/\/beditom.pl\/fi\/wp-json\/wp\/v2\/pages\/1334\/revisions"}],"predecessor-version":[{"id":4534,"href":"https:\/\/beditom.pl\/fi\/wp-json\/wp\/v2\/pages\/1334\/revisions\/4534"}],"up":[{"embeddable":true,"href":"https:\/\/beditom.pl\/fi\/wp-json\/wp\/v2\/pages\/1926"}],"wp:featuredmedia":[{"embeddable":true,"href":"https:\/\/beditom.pl\/fi\/wp-json\/wp\/v2\/media\/599"}],"wp:attachment":[{"href":"https:\/\/beditom.pl\/fi\/wp-json\/wp\/v2\/media?parent=1334"}],"curies":[{"name":"wp","href":"https:\/\/api.w.org\/{rel}","templated":true}]}}