{"id":1307,"date":"2024-03-31T17:04:24","date_gmt":"2024-03-31T17:04:24","guid":{"rendered":"https:\/\/beditom.pl\/?page_id=1307"},"modified":"2024-12-09T14:09:30","modified_gmt":"2024-12-09T14:09:30","slug":"bramy-przesuwne","status":"publish","type":"page","link":"https:\/\/beditom.pl\/fi\/dla-domu\/bramy-przesuwne\/","title":{"rendered":"Bramy przesuwne"},"content":{"rendered":"<section class=\"l-section wpb_row height_medium width_custom color_primary\" style=\"--site-content-width:1320px;\"><div class=\"l-section-h i-cf\"><div class=\"g-cols vc_row via_grid cols_1-4-1 laptops-cols_inherit tablets-cols_inherit mobiles-cols_1 valign_top type_default stacking_default\"><div class=\"wpb_column vc_column_container\"><div class=\"vc_column-inner\"><\/div><\/div><div class=\"wpb_column vc_column_container\"><div class=\"vc_column-inner\"><div class=\"w-html us_custom_9dfb85bd has_text_color\"><p>KOTIIN<\/p><\/div><div class=\"w-html us_custom_b011e678 has_text_color\"><h1 class=\"us_custom_b011e678\">Bramy przesuwne\n\n<\/h1><\/div><\/div><\/div><div class=\"wpb_column vc_column_container\"><div class=\"vc_column-inner\"><\/div><\/div><\/div><\/div><\/section><section class=\"l-section wpb_row us_custom_e29345e3 height_medium width_custom\" style=\"--site-content-width:1320px;\"><div class=\"l-section-h i-cf\"><div class=\"g-cols vc_row via_grid cols_1 laptops-cols_inherit tablets-cols_inherit mobiles-cols_1 valign_top type_default stacking_default\"><div class=\"wpb_column vc_column_container\"><div class=\"vc_column-inner\"><nav class=\"g-breadcrumbs us_custom_fdcab3db separator_icon align_none hide_current\" itemscope itemtype=\"http:\/\/schema.org\/BreadcrumbList\"><div class=\"g-breadcrumbs-item\" itemscope itemprop=\"itemListElement\" itemtype=\"http:\/\/schema.org\/ListItem\"><a itemprop=\"item\" href=\"https:\/\/beditom.pl\/fi\/\"><span itemprop=\"name\">Kotisivu<\/span><\/a><meta itemprop=\"position\" content=\"1\"\/><\/div><div class=\"g-breadcrumbs-separator\"><i class=\"far fa-angle-right\"><\/i><\/div><div class=\"g-breadcrumbs-item\">Sivut<\/div><\/nav><\/div><\/div><\/div><\/div><\/section>\n<section class=\"l-section wpb_row height_medium width_custom\" style=\"--site-content-width:1320px;\"><div class=\"l-section-h i-cf\"><div class=\"g-cols vc_row via_grid cols_2 laptops-cols_inherit tablets-cols_inherit mobiles-cols_1 valign_top type_default stacking_default\"><div class=\"wpb_column vc_column_container\"><div class=\"vc_column-inner\"><div class=\"w-html us_custom_ecd4848b has_text_color\"><p>TUOTTEET<\/p><\/div><div class=\"w-html us_custom_9ebf969f\"><p>Jako\u015b\u0107 tworzona z pasj\u0105\n<\/p><\/div><div class=\"wpb_text_column\"><div class=\"wpb_wrapper\"><p>Aluminiowe bramy przesuwne klasy premium<\/p>\n<p>Dla os\u00f3b ceni\u0105cych indywidualizm i wysok\u0105 precyzj\u0119 wykonania.<\/p>\n<p>Zastosowanie w naszych bramach przesuwnych stopu aluminium o wysokiej twardo\u015bci wraz z opatentowanym systemem \u0142\u0105czenia, konstrukcja niespawana, czyni\u0105 j\u0105 antykorozyjn\u0105 i stabiln\u0105 w ca\u0142ym okresie u\u017cytkowania.<\/p>\n<p>Bezpieczne szklane wype\u0142nienie w szerokiej gamie kolorystycznej z mo\u017cliwo\u015bci\u0105 umieszczenia dodatkowych aplikacji np. numer\u00f3w, loga, nazw firmy itp. wraz ze zintegrowanym nap\u0119dem stanowi idealne uzupe\u0142nienie.<\/p>\n<\/div><\/div><\/div><\/div><div class=\"wpb_column vc_column_container\"><div class=\"vc_column-inner\"><div class=\"w-image align_none\"><div class=\"w-image-h\"><img decoding=\"async\" width=\"1180\" height=\"831\" src=\"https:\/\/beditom.pl\/app\/uploads\/2024\/03\/bramy_przesuwne_splash1.webp\" class=\"attachment-us_600_0 size-us_600_0\" alt=\"Beditom bramy gara\u017cowe\" loading=\"lazy\" srcset=\"https:\/\/beditom.pl\/app\/uploads\/2024\/03\/bramy_przesuwne_splash1.webp 1180w, https:\/\/beditom.pl\/app\/uploads\/2024\/03\/bramy_przesuwne_splash1-300x211.webp 300w, https:\/\/beditom.pl\/app\/uploads\/2024\/03\/bramy_przesuwne_splash1-1024x721.webp 1024w, https:\/\/beditom.pl\/app\/uploads\/2024\/03\/bramy_przesuwne_splash1-50x35.webp 50w, https:\/\/beditom.pl\/app\/uploads\/2024\/03\/bramy_przesuwne_splash1-600x423.webp 600w\" sizes=\"auto, (max-width: 1180px) 100vw, 1180px\" title=\"Beditom autotallin ovet\"><\/div><\/div><\/div><\/div><\/div><\/div><\/section><section class=\"l-section wpb_row height_medium width_custom\" style=\"--site-content-width:1320px;\"><div class=\"l-section-h i-cf\"><div class=\"g-cols vc_row via_grid cols_1 laptops-cols_inherit tablets-cols_inherit mobiles-cols_1 valign_top type_default stacking_default\"><div class=\"wpb_column vc_column_container\"><div class=\"vc_column-inner\"><div class=\"w-html us_custom_9ebf969f\"><p>Mocne argumenty\n<\/p><\/div><\/div><\/div><\/div><\/div><\/section><section class=\"l-section wpb_row us_custom_5cd26a65 height_medium width_custom\" style=\"--site-content-width:1320px;\"><div class=\"l-section-h i-cf\"><div class=\"g-cols vc_row via_grid cols_3 laptops-cols_inherit tablets-cols_inherit mobiles-cols_1 valign_top type_default stacking_default\"><div class=\"wpb_column vc_column_container\"><div class=\"vc_column-inner\"><div class=\"w-image us_custom_4b7c0ab9 has_height align_center\"><div class=\"w-image-h\"><img decoding=\"async\" width=\"300\" height=\"300\" src=\"https:\/\/beditom.pl\/app\/uploads\/2024\/03\/rolki_berner-300x300.webp\" class=\"attachment-woocommerce_thumbnail size-woocommerce_thumbnail\" alt=\"Beditom bramy gara\u017cowe\" loading=\"lazy\" srcset=\"https:\/\/beditom.pl\/app\/uploads\/2024\/03\/rolki_berner-300x300.webp 300w, https:\/\/beditom.pl\/app\/uploads\/2024\/03\/rolki_berner-150x150.webp 150w, https:\/\/beditom.pl\/app\/uploads\/2024\/03\/rolki_berner-50x50.webp 50w\" sizes=\"auto, (max-width: 300px) 100vw, 300px\" title=\"Beditom autotallin ovet\"><\/div><\/div><div class=\"w-separator size_small\"><\/div><div class=\"wpb_text_column\"><div class=\"wpb_wrapper\"><p style=\"text-align: center;\">Specjalnie wyprofilowane rolki zapewniaj\u0105ce cichy przesuw i zapobiegaj\u0105ce odk\u0142adaniu si\u0119 zabrudze\u0144.<\/p>\n<\/div><\/div><\/div><\/div><div class=\"wpb_column vc_column_container\"><div class=\"vc_column-inner\"><div class=\"w-image us_custom_4b7c0ab9 has_height align_center\"><div class=\"w-image-h\"><img decoding=\"async\" width=\"300\" height=\"271\" src=\"https:\/\/beditom.pl\/app\/uploads\/2024\/03\/profil_przekroj_belka_berner_13-300x271.webp\" class=\"attachment-woocommerce_thumbnail size-woocommerce_thumbnail\" alt=\"Beditom bramy gara\u017cowe\" loading=\"lazy\" title=\"Beditom autotallin ovet\"><\/div><\/div><div class=\"w-separator size_small\"><\/div><div class=\"wpb_text_column\"><div class=\"wpb_wrapper\"><p style=\"text-align: center;\">Innowacyjna kompozytowa rama systemowa<\/p>\n<\/div><\/div><\/div><\/div><div class=\"wpb_column vc_column_container\"><div class=\"vc_column-inner\"><div class=\"w-image us_custom_4b7c0ab9 has_height align_center\"><div class=\"w-image-h\"><img decoding=\"async\" width=\"300\" height=\"300\" src=\"https:\/\/beditom.pl\/app\/uploads\/2024\/03\/przekroj_profil_slupek_berner_1-300x300.webp\" class=\"attachment-woocommerce_thumbnail size-woocommerce_thumbnail\" alt=\"Beditom bramy gara\u017cowe\" loading=\"lazy\" srcset=\"https:\/\/beditom.pl\/app\/uploads\/2024\/03\/przekroj_profil_slupek_berner_1-300x300.webp 300w, https:\/\/beditom.pl\/app\/uploads\/2024\/03\/przekroj_profil_slupek_berner_1-150x150.webp 150w, https:\/\/beditom.pl\/app\/uploads\/2024\/03\/przekroj_profil_slupek_berner_1-50x50.webp 50w\" sizes=\"auto, (max-width: 300px) 100vw, 300px\" title=\"Beditom autotallin ovet\"><\/div><\/div><div class=\"w-separator size_small\"><\/div><div class=\"wpb_text_column\"><div class=\"wpb_wrapper\"><p style=\"text-align: center;\">Unikalny wielokomorowy profil o wypuk\u0142ym kszta\u0142cie odporny na zginanie.<\/p>\n<\/div><\/div><\/div><\/div><\/div><\/div><\/section><section class=\"l-section wpb_row height_medium width_custom\" style=\"--site-content-width:1320px;\"><div class=\"l-section-h i-cf\"><div class=\"g-cols vc_row via_grid cols_1 laptops-cols_inherit tablets-cols_inherit mobiles-cols_1 valign_top type_default stacking_default\"><div class=\"wpb_column vc_column_container\"><div class=\"vc_column-inner\"><div class=\"w-html us_custom_9ebf969f\"><p>Kolorystyka\n<\/p><\/div><\/div><\/div><\/div><\/div><\/section><section class=\"l-section wpb_row us_custom_5cd26a65 height_medium width_custom\" style=\"--site-content-width:1320px;\"><div class=\"l-section-h i-cf\"><div class=\"g-cols vc_row via_grid cols_2 laptops-cols_inherit tablets-cols_inherit mobiles-cols_1 valign_middle type_default stacking_default\"><div class=\"wpb_column vc_column_container\"><div class=\"vc_column-inner\"><div class=\"w-slider style_none fit_scaledown nav_dots count_4\"><div class=\"w-slider-h\" aria-hidden=\"true\"><div class=\"royalSlider\"><div class=\"rsContent\"><a class=\"rsImg\" data-rsw=\"1180\" data-rsh=\"382\" href=\"https:\/\/beditom.pl\/fi\/app\/uploads\/2024\/03\/SUPEERO_3.webp\/\"><span data-alt=\"\"><\/span><\/a><\/div><div class=\"rsContent\"><a class=\"rsImg\" data-rsw=\"1180\" data-rsh=\"382\" href=\"https:\/\/beditom.pl\/fi\/app\/uploads\/2024\/03\/SUPEERO.webp\/\"><span data-alt=\"\"><\/span><\/a><\/div><div class=\"rsContent\"><a class=\"rsImg\" data-rsw=\"1180\" data-rsh=\"382\" href=\"https:\/\/beditom.pl\/fi\/app\/uploads\/2024\/03\/SUPEERO_2.webp\/\"><span data-alt=\"\"><\/span><\/a><\/div><div class=\"rsContent\"><a class=\"rsImg\" data-rsw=\"1180\" data-rsh=\"382\" href=\"https:\/\/beditom.pl\/fi\/app\/uploads\/2024\/03\/SUPEERO_1.webp\/\"><span data-alt=\"\"><\/span><\/a><\/div><\/div><img decoding=\"async\" src=\"https:\/\/beditom.pl\/app\/uploads\/2024\/03\/SUPEERO_3.webp\" width=\"1180\" height=\"382\" loading=\"lazy\" alt=\"Beditom bramy gara\u017cowe\" title=\"Beditom autotallin ovet\"><\/div><div class=\"w-slider-json\" onclick='return {&quot;autoScaleSlider&quot;:true,&quot;addActiveClass&quot;:true,&quot;loop&quot;:true,&quot;fadeInLoadedSlide&quot;:false,&quot;slidesSpacing&quot;:0,&quot;imageScalePadding&quot;:0,&quot;numImagesToPreload&quot;:2,&quot;arrowsNav&quot;:true,&quot;arrowsNavAutoHide&quot;:false,&quot;transitionType&quot;:&quot;move&quot;,&quot;transitionSpeed&quot;:250,&quot;block&quot;:{&quot;moveEffect&quot;:&quot;none&quot;,&quot;speed&quot;:300},&quot;thumbs&quot;:{&quot;fitInViewport&quot;:false,&quot;firstMargin&quot;:false,&quot;spacing&quot;:4},&quot;controlNavigation&quot;:&quot;bullets&quot;,&quot;autoScaleSliderWidth&quot;:1180,&quot;autoScaleSliderHeight&quot;:382}'><\/div><\/div><\/div><\/div><div class=\"wpb_column vc_column_container\"><div class=\"vc_column-inner\"><div class=\"w-image align_center\"><div class=\"w-image-h\"><img decoding=\"async\" width=\"600\" height=\"126\" src=\"https:\/\/beditom.pl\/app\/uploads\/2024\/03\/kolorystyka_wypelnienia-600x126.webp\" class=\"attachment-woocommerce_single size-woocommerce_single\" alt=\"Beditom bramy gara\u017cowe\" loading=\"lazy\" srcset=\"https:\/\/beditom.pl\/app\/uploads\/2024\/03\/kolorystyka_wypelnienia-600x126.webp 600w, https:\/\/beditom.pl\/app\/uploads\/2024\/03\/kolorystyka_wypelnienia-300x63.webp 300w, https:\/\/beditom.pl\/app\/uploads\/2024\/03\/kolorystyka_wypelnienia-50x10.webp 50w, https:\/\/beditom.pl\/app\/uploads\/2024\/03\/kolorystyka_wypelnienia.webp 681w\" sizes=\"auto, (max-width: 600px) 100vw, 600px\" title=\"Beditom autotallin ovet\"><\/div><\/div><\/div><\/div><\/div><\/div><\/section>","protected":false},"excerpt":{"rendered":"DLA DOMUBramy przesuwne Strona g\u0142\u00f3wnaSivut PRODUKTYJako\u015b\u0107 tworzona z pasj\u0105 Aluminiowe bramy przesuwne klasy premium Dla os\u00f3b ceni\u0105cych indywidualizm i wysok\u0105 precyzj\u0119 wykonania. Zastosowanie w naszych bramach przesuwnych stopu aluminium o wysokiej twardo\u015bci wraz z opatentowanym systemem \u0142\u0105czenia, konstrukcja niespawana, czyni\u0105 j\u0105 antykorozyjn\u0105 i stabiln\u0105 w ca\u0142ym okresie u\u017cytkowania. Bezpieczne szklane wype\u0142nienie w szerokiej gamie kolorystycznej...","protected":false},"author":1,"featured_media":1935,"parent":1926,"menu_order":0,"comment_status":"closed","ping_status":"closed","template":"","meta":{"_acf_changed":false,"footnotes":""},"class_list":["post-1307","page","type-page","status-publish","has-post-thumbnail","hentry"],"acf":[],"_links":{"self":[{"href":"https:\/\/beditom.pl\/fi\/wp-json\/wp\/v2\/pages\/1307","targetHints":{"allow":["GET"]}}],"collection":[{"href":"https:\/\/beditom.pl\/fi\/wp-json\/wp\/v2\/pages"}],"about":[{"href":"https:\/\/beditom.pl\/fi\/wp-json\/wp\/v2\/types\/page"}],"author":[{"embeddable":true,"href":"https:\/\/beditom.pl\/fi\/wp-json\/wp\/v2\/users\/1"}],"replies":[{"embeddable":true,"href":"https:\/\/beditom.pl\/fi\/wp-json\/wp\/v2\/comments?post=1307"}],"version-history":[{"count":9,"href":"https:\/\/beditom.pl\/fi\/wp-json\/wp\/v2\/pages\/1307\/revisions"}],"predecessor-version":[{"id":4533,"href":"https:\/\/beditom.pl\/fi\/wp-json\/wp\/v2\/pages\/1307\/revisions\/4533"}],"up":[{"embeddable":true,"href":"https:\/\/beditom.pl\/fi\/wp-json\/wp\/v2\/pages\/1926"}],"wp:featuredmedia":[{"embeddable":true,"href":"https:\/\/beditom.pl\/fi\/wp-json\/wp\/v2\/media\/1935"}],"wp:attachment":[{"href":"https:\/\/beditom.pl\/fi\/wp-json\/wp\/v2\/media?parent=1307"}],"curies":[{"name":"wp","href":"https:\/\/api.w.org\/{rel}","templated":true}]}}