{"id":1272,"date":"2024-03-25T21:34:37","date_gmt":"2024-03-25T21:34:37","guid":{"rendered":"https:\/\/beditom.pl\/?page_id=1272"},"modified":"2024-04-15T18:04:50","modified_gmt":"2024-04-15T18:04:50","slug":"elixo-500-3s-rts","status":"publish","type":"page","link":"https:\/\/beditom.pl\/fi\/dla-domu\/automatyka-do-bram-wjazdowych\/somfy-napedy-do-bram-przesuwnych\/elixo-500-3s-rts\/","title":{"rendered":"Elixo 500 3S RTS"},"content":{"rendered":"<section class=\"l-section wpb_row height_medium width_custom color_primary\" style=\"--site-content-width:1320px;\"><div class=\"l-section-h i-cf\"><div class=\"g-cols vc_row via_grid cols_1-4-1 laptops-cols_inherit tablets-cols_inherit mobiles-cols_1 valign_top type_default stacking_default\"><div class=\"wpb_column vc_column_container\"><div class=\"vc_column-inner\"><\/div><\/div><div class=\"wpb_column vc_column_container\"><div class=\"vc_column-inner\"><div class=\"w-html us_custom_9dfb85bd has_text_color\"><p>KOTIIN<\/p><\/div><div class=\"w-html us_custom_b011e678 has_text_color\"><p>Somfy nap\u0119d do bram skrzyd\u0142owych\n<\/p><\/div><\/div><\/div><div class=\"wpb_column vc_column_container\"><div class=\"vc_column-inner\"><\/div><\/div><\/div><\/div><\/section><section class=\"l-section wpb_row us_custom_e29345e3 height_medium width_custom\" style=\"--site-content-width:1320px;\"><div class=\"l-section-h i-cf\"><div class=\"g-cols vc_row via_grid cols_1 laptops-cols_inherit tablets-cols_inherit mobiles-cols_1 valign_top type_default stacking_default\"><div class=\"wpb_column vc_column_container\"><div class=\"vc_column-inner\"><nav class=\"g-breadcrumbs us_custom_fdcab3db separator_icon align_none hide_current\" itemscope itemtype=\"http:\/\/schema.org\/BreadcrumbList\"><div class=\"g-breadcrumbs-item\" itemscope itemprop=\"itemListElement\" itemtype=\"http:\/\/schema.org\/ListItem\"><a itemprop=\"item\" href=\"https:\/\/beditom.pl\/fi\/\"><span itemprop=\"name\">Kotisivu<\/span><\/a><meta itemprop=\"position\" content=\"1\"\/><\/div><div class=\"g-breadcrumbs-separator\"><i class=\"far fa-angle-right\"><\/i><\/div><div class=\"g-breadcrumbs-item\">Sivut<\/div><\/nav><\/div><\/div><\/div><\/div><\/section>\n<section class=\"l-section wpb_row height_medium width_custom\" style=\"--site-content-width:1320px;\"><div class=\"l-section-h i-cf\"><div class=\"g-cols vc_row via_grid cols_1 laptops-cols_inherit tablets-cols_inherit mobiles-cols_1 valign_bottom type_default stacking_default\"><div class=\"wpb_column vc_column_container\"><div class=\"vc_column-inner\"><div class=\"w-image align_none\"><div class=\"w-image-h\"><img decoding=\"async\" width=\"300\" height=\"98\" src=\"https:\/\/beditom.pl\/app\/uploads\/2024\/03\/logo_somfy-300x98.webp\" class=\"attachment-medium size-medium\" alt=\"Beditom bramy gara\u017cowe\" loading=\"lazy\" srcset=\"https:\/\/beditom.pl\/app\/uploads\/2024\/03\/logo_somfy-300x98.webp 300w, https:\/\/beditom.pl\/app\/uploads\/2024\/03\/logo_somfy.webp 399w\" sizes=\"auto, (max-width: 300px) 100vw, 300px\" title=\"Beditom autotallin ovet\"><\/div><\/div><div class=\"w-html us_custom_9ebf969f\"><p>Nap\u0119d do bram wjazdowych Elixo 500 3S RTS\n\n<\/p><\/div><\/div><\/div><\/div><\/div><\/section><section class=\"l-section wpb_row us_custom_887a049b height_medium width_custom\" style=\"--site-content-width:1320px;\"><div class=\"l-section-h i-cf\"><div class=\"g-cols vc_row via_grid cols_2 laptops-cols_inherit tablets-cols_inherit mobiles-cols_1 valign_top type_default stacking_default\"><div class=\"wpb_column vc_column_container\"><div class=\"vc_column-inner\"><div class=\"wpb_text_column us_custom_eb6ff7ce has_text_color\"><div class=\"wpb_wrapper\"><p>Niezawodny, wytrzyma\u0142y i cichy nap\u0119d do bram przesuwnych<\/p>\n<\/div><\/div><div class=\"w-separator size_medium\"><\/div><div class=\"wpb_text_column\"><div class=\"wpb_wrapper\"><p><b>Centrala 3S: szybka instalacja, mo\u017cliwo\u015b\u0107 ustawiania parametr\u00f3w pracy, intuicyjna obs\u0142uga<\/b><\/p>\n<p><strong>Niezawodno\u015b\u0107 i trwa\u0142o\u015b\u0107<\/strong><\/p>\n<ul>\n<li>Sprawdzony uk\u0142ad mechaniczny<br \/>\nwykorzystuj\u0105cy 30 lat do\u015bwiadcze\u0144<br \/>\nproducenta<\/li>\n<li>Do 30 cykli na dob\u0119 dla bramy w wadze 500 kg<\/li>\n<li>\u0141agodne domykanie si\u0119 bramy<\/li>\n<\/ul>\n<p><strong>Wygodne u\u017cytkowanie<\/strong><\/p>\n<ul>\n<li>Szybko\u015b\u0107: przesuwanie bramy o 3 metry w czasie 15 sek.<\/li>\n<li>Przy u\u017cyciu kluczyka, \u0142atwe odblokowanie i otwieranie bramy od zewn\u0105trz<\/li>\n<li>Cicha praca<\/li>\n<\/ul>\n<p><strong>U\u017cyteczno\u015b\u0107<\/strong><\/p>\n<ul>\n<li>\u0141atwe otwieranie kluczem od wewn\u0105trz<\/li>\n<\/ul>\n<p><strong>Kompatybilno\u015b\u0107 z uk\u0142adami zasilania energi\u0105\u00a0<\/strong><strong>s\u0142oneczn\u0105, w przypadku instalacji w miejscach <\/strong><strong>trudno dost\u0119pnych dla doprowadzenia <\/strong><strong>przewod\u00f3w zasilaj\u0105cych<\/strong><\/p>\n<\/div><\/div><\/div><\/div><div class=\"wpb_column vc_column_container\"><div class=\"vc_column-inner\"><div class=\"w-image align_none\"><div class=\"w-image-h\"><img decoding=\"async\" width=\"400\" height=\"400\" src=\"https:\/\/beditom.pl\/app\/uploads\/2024\/03\/somfy_wjazowe_6.webp\" class=\"attachment-woocommerce_single size-woocommerce_single\" alt=\"Beditom bramy gara\u017cowe\" loading=\"lazy\" srcset=\"https:\/\/beditom.pl\/app\/uploads\/2024\/03\/somfy_wjazowe_6.webp 400w, https:\/\/beditom.pl\/app\/uploads\/2024\/03\/somfy_wjazowe_6-300x300.webp 300w, https:\/\/beditom.pl\/app\/uploads\/2024\/03\/somfy_wjazowe_6-150x150.webp 150w, https:\/\/beditom.pl\/app\/uploads\/2024\/03\/somfy_wjazowe_6-50x50.webp 50w\" sizes=\"auto, (max-width: 400px) 100vw, 400px\" title=\"Beditom autotallin ovet\"><\/div><\/div><\/div><\/div><\/div><\/div><\/section><section class=\"l-section wpb_row height_medium width_custom\" style=\"--site-content-width:1320px;\"><div class=\"l-section-h i-cf\"><div class=\"g-cols vc_row via_grid cols_1-4-1 laptops-cols_inherit tablets-cols_inherit mobiles-cols_1 valign_top type_default stacking_default\"><div class=\"wpb_column vc_column_container\"><div class=\"vc_column-inner\"><\/div><\/div><div class=\"wpb_column vc_column_container\"><div class=\"vc_column-inner\"><div class=\"wpb_text_column\"><div class=\"wpb_wrapper\"><table>\n<tbody>\n<tr>\n<th>Specyfikacja techniczna<\/th>\n<th><\/th>\n<\/tr>\n<tr>\n<td>Zasilanie g\u0142\u00f3wne<\/td>\n<td>230 V (-15% \/ +10%) \u2013 50 Hz<\/td>\n<\/tr>\n<tr>\n<td>Zasilanie silnika<\/td>\n<td>24 V DC<\/td>\n<\/tr>\n<tr>\n<td>Pob\u00f3r mocy (maks.)<\/td>\n<td>130 W<\/td>\n<\/tr>\n<tr>\n<td>Zasilanie akcesori\u00f3w<\/td>\n<td>24 V DC \/ 200 mA<\/td>\n<\/tr>\n<tr>\n<td>O\u015bwietlenie<\/td>\n<td>500 W maximum<br \/>\nNie kompatybilne z panelem s\u0142onecznym<\/td>\n<\/tr>\n<tr>\n<td>Czas otwierania do 3 m<\/td>\n<td>21 sekund<\/td>\n<\/tr>\n<tr>\n<td>Cz\u0119stotliwo\u015b\u0107 radiowa RTS<\/td>\n<td>433.42 MHz<\/td>\n<\/tr>\n<tr>\n<td>Maks. liczba mo\u017cliwych do<br \/>\nzapami\u0119tania urz\u0105dze\u0144 sterowania zdalnego<\/td>\n<td>40<\/td>\n<\/tr>\n<tr>\n<td>Stopie\u0144 ochrony<\/td>\n<td>IP 44<\/td>\n<\/tr>\n<tr>\n<td>Temperatura pracy<\/td>\n<td>od -20\u00b0C do +60\u00b0C<\/td>\n<\/tr>\n<\/tbody>\n<\/table>\n<\/div><\/div><\/div><\/div><div class=\"wpb_column vc_column_container\"><div class=\"vc_column-inner\"><\/div><\/div><\/div><\/div><\/section>","protected":false},"excerpt":{"rendered":"DLA DOMUSomfy nap\u0119d do bram skrzyd\u0142owych Strona g\u0142\u00f3wnaSivut Nap\u0119d do bram wjazdowych Elixo 500 3S RTS Niezawodny, wytrzyma\u0142y i cichy nap\u0119d do bram przesuwnych Centrala 3S: szybka instalacja, mo\u017cliwo\u015b\u0107 ustawiania parametr\u00f3w pracy, intuicyjna obs\u0142uga Niezawodno\u015b\u0107 i trwa\u0142o\u015b\u0107 Sprawdzony uk\u0142ad mechaniczny wykorzystuj\u0105cy 30 lat do\u015bwiadcze\u0144 producenta Do 30 cykli na dob\u0119 dla bramy w wadze 500...","protected":false},"author":1,"featured_media":1273,"parent":1229,"menu_order":0,"comment_status":"closed","ping_status":"closed","template":"","meta":{"_acf_changed":false,"footnotes":""},"class_list":["post-1272","page","type-page","status-publish","has-post-thumbnail","hentry"],"acf":[],"_links":{"self":[{"href":"https:\/\/beditom.pl\/fi\/wp-json\/wp\/v2\/pages\/1272","targetHints":{"allow":["GET"]}}],"collection":[{"href":"https:\/\/beditom.pl\/fi\/wp-json\/wp\/v2\/pages"}],"about":[{"href":"https:\/\/beditom.pl\/fi\/wp-json\/wp\/v2\/types\/page"}],"author":[{"embeddable":true,"href":"https:\/\/beditom.pl\/fi\/wp-json\/wp\/v2\/users\/1"}],"replies":[{"embeddable":true,"href":"https:\/\/beditom.pl\/fi\/wp-json\/wp\/v2\/comments?post=1272"}],"version-history":[{"count":3,"href":"https:\/\/beditom.pl\/fi\/wp-json\/wp\/v2\/pages\/1272\/revisions"}],"predecessor-version":[{"id":2168,"href":"https:\/\/beditom.pl\/fi\/wp-json\/wp\/v2\/pages\/1272\/revisions\/2168"}],"up":[{"embeddable":true,"href":"https:\/\/beditom.pl\/fi\/wp-json\/wp\/v2\/pages\/1229"}],"wp:featuredmedia":[{"embeddable":true,"href":"https:\/\/beditom.pl\/fi\/wp-json\/wp\/v2\/media\/1273"}],"wp:attachment":[{"href":"https:\/\/beditom.pl\/fi\/wp-json\/wp\/v2\/media?parent=1272"}],"curies":[{"name":"wp","href":"https:\/\/api.w.org\/{rel}","templated":true}]}}