{"id":1021,"date":"2024-03-24T21:33:24","date_gmt":"2024-03-24T21:33:24","guid":{"rendered":"https:\/\/beditom.pl\/?page_id=1021"},"modified":"2024-04-15T17:56:29","modified_gmt":"2024-04-15T17:56:29","slug":"dexxo-pro-1000-rts","status":"publish","type":"page","link":"https:\/\/beditom.pl\/fi\/dla-domu\/automatyka-do-bram-garazowych\/somfy\/dexxo-pro-1000-rts\/","title":{"rendered":"Dexxo PRO 1000 RTS"},"content":{"rendered":"<section class=\"l-section wpb_row height_medium width_custom color_primary\" style=\"--site-content-width:1320px;\"><div class=\"l-section-h i-cf\"><div class=\"g-cols vc_row via_grid cols_1-4-1 laptops-cols_inherit tablets-cols_inherit mobiles-cols_1 valign_top type_default stacking_default\"><div class=\"wpb_column vc_column_container\"><div class=\"vc_column-inner\"><\/div><\/div><div class=\"wpb_column vc_column_container\"><div class=\"vc_column-inner\"><div class=\"w-html us_custom_9dfb85bd has_text_color\"><p>KOTIIN<\/p><\/div><div class=\"w-html us_custom_b011e678 has_text_color\"><p>Somfy nap\u0119d do bram gara\u017cowych\n<\/p><\/div><\/div><\/div><div class=\"wpb_column vc_column_container\"><div class=\"vc_column-inner\"><\/div><\/div><\/div><\/div><\/section><section class=\"l-section wpb_row us_custom_e29345e3 height_medium width_custom\" style=\"--site-content-width:1320px;\"><div class=\"l-section-h i-cf\"><div class=\"g-cols vc_row via_grid cols_1 laptops-cols_inherit tablets-cols_inherit mobiles-cols_1 valign_top type_default stacking_default\"><div class=\"wpb_column vc_column_container\"><div class=\"vc_column-inner\"><nav class=\"g-breadcrumbs us_custom_fdcab3db separator_icon align_none hide_current\" itemscope itemtype=\"http:\/\/schema.org\/BreadcrumbList\"><div class=\"g-breadcrumbs-item\" itemscope itemprop=\"itemListElement\" itemtype=\"http:\/\/schema.org\/ListItem\"><a itemprop=\"item\" href=\"https:\/\/beditom.pl\/fi\/\"><span itemprop=\"name\">Kotisivu<\/span><\/a><meta itemprop=\"position\" content=\"1\"\/><\/div><div class=\"g-breadcrumbs-separator\"><i class=\"far fa-angle-right\"><\/i><\/div><div class=\"g-breadcrumbs-item\">Sivut<\/div><\/nav><\/div><\/div><\/div><\/div><\/section>\n<section class=\"l-section wpb_row height_medium width_custom\" style=\"--site-content-width:1320px;\"><div class=\"l-section-h i-cf\"><div class=\"g-cols vc_row via_grid cols_1 laptops-cols_inherit tablets-cols_inherit mobiles-cols_1 valign_bottom type_default stacking_default\"><div class=\"wpb_column vc_column_container\"><div class=\"vc_column-inner\"><div class=\"w-image align_none\"><div class=\"w-image-h\"><img decoding=\"async\" width=\"300\" height=\"98\" src=\"https:\/\/beditom.pl\/app\/uploads\/2024\/03\/logo_somfy-300x98.webp\" class=\"attachment-medium size-medium\" alt=\"Beditom bramy gara\u017cowe\" loading=\"lazy\" srcset=\"https:\/\/beditom.pl\/app\/uploads\/2024\/03\/logo_somfy-300x98.webp 300w, https:\/\/beditom.pl\/app\/uploads\/2024\/03\/logo_somfy.webp 399w\" sizes=\"auto, (max-width: 300px) 100vw, 300px\" title=\"Beditom autotallin ovet\"><\/div><\/div><div class=\"w-html us_custom_9ebf969f\"><p>Nap\u0119d do bram gara\u017cowych Dexxo Optimo RTS\n<\/p><\/div><\/div><\/div><\/div><\/div><\/section><section class=\"l-section wpb_row height_medium width_custom\" style=\"--site-content-width:1320px;\"><div class=\"l-section-h i-cf\"><div class=\"g-cols vc_row via_grid cols_2 laptops-cols_inherit tablets-cols_inherit mobiles-cols_1 valign_top type_default stacking_default\"><div class=\"wpb_column vc_column_container\"><div class=\"vc_column-inner\"><div class=\"wpb_text_column us_custom_a574d586 has_text_color\"><div class=\"wpb_wrapper\"><p>Pewny i trwa\u0142y nap\u0119d do r\u00f3\u017cnych konfiguracji instalacji<\/p>\n<\/div><\/div><div class=\"w-separator size_medium\"><\/div><div class=\"wpb_text_column\"><div class=\"wpb_wrapper\"><p><strong>Bardzo \u0142atwe programowanie<\/strong><\/p>\n<ul>\n<li>Nap\u0119d gotowy do pracy po mniej ni\u017c 90 sekundach<\/li>\n<li>Wszystkie parametry s\u0105 ju\u017c fabrycznie wst\u0119pnie zaprogramowane<\/li>\n<li>Ekran LCD pomaga w intuicyjnie \u0142atwym i bezpiecznym programowaniu<\/li>\n<\/ul>\n<p><strong>Szeroki zakres dostosowania instalacji<\/strong><\/p>\n<ul>\n<li>17 mo\u017cliwych do ustawiania parametr\u00f3w<\/li>\n<li>Mo\u017cliwo\u015b\u0107 do\u0142\u0105czenia wielu urz\u0105dze\u0144<br \/>\nzapewniaj\u0105cych bezpiecze\u0144stwo i wygod\u0119 pracy<\/li>\n<li>Mo\u017cliwo\u015b\u0107 zamontowania w nap\u0119dzie<br \/>\nzasilania awaryjnego w postaci akumulatora<\/li>\n<li>Mo\u017cliwo\u015b\u0107 do\u0142\u0105czenia zewn\u0119trznego \u017ar\u00f3d\u0142a o\u015bwietlenia o mocy do 500 W<\/li>\n<\/ul>\n<p><strong>Elementy pomocne w konserwacji nap\u0119du<\/strong><\/p>\n<ul>\n<li>Wy\u015bwietlanie w czasie rzeczywistym statusu nap\u0119du<\/li>\n<li>Wy\u015bwietlanie w czasie rzeczywistym b\u0142\u0119d\u00f3w i kod\u00f3w b\u0142\u0119d\u00f3w<\/li>\n<li>Dost\u0119p do danych: licznik cykli, wykaz zaistnia\u0142ych b\u0142\u0119d\u00f3w, itd.<\/li>\n<li>Przypomnienie o konieczno\u015bci przeprowadzenia konserwacji po wykonaniu zadanej ilo\u015bci cykli pracy<\/li>\n<\/ul>\n<p><strong>Elementy bezpiecze\u0144stwa do bramy gara\u017cowej<\/strong><\/p>\n<ul>\n<li>Syrena alarmowa sygnalizuj\u0105ca pr\u00f3b\u0119 si\u0142owego otwierania bramy<\/li>\n<li>Zamek przeciww\u0142amaniowy<\/li>\n<\/ul>\n<p><strong>Solidno\u015b\u0107, kt\u00f3ra przetrwa up\u0142yw czasu<\/strong><\/p>\n<ul>\n<li>5 lat gwarancji<\/li>\n<li>Zdolno\u015b\u0107 do intensywnej pracy i wykonania do 36500 cykli<\/li>\n<\/ul>\n<p><strong>Kompleksowy zakres dost\u0119pnych szyn nap\u0119dowych<\/strong><\/p>\n<ul>\n<li>\u0141a\u0144cuch, pasek, szyny o podwy\u017cszonej trwa\u0142o\u015bci<\/li>\n<\/ul>\n<\/div><\/div><\/div><\/div><div class=\"wpb_column vc_column_container\"><div class=\"vc_column-inner\"><div class=\"w-image align_none\"><div class=\"w-image-h\"><img decoding=\"async\" width=\"1024\" height=\"935\" src=\"https:\/\/beditom.pl\/app\/uploads\/2024\/03\/DEXXO_1000_PRO_more-1024x935.webp\" class=\"attachment-large size-large\" alt=\"Beditom bramy gara\u017cowe\" loading=\"lazy\" srcset=\"https:\/\/beditom.pl\/app\/uploads\/2024\/03\/DEXXO_1000_PRO_more-1024x935.webp 1024w, https:\/\/beditom.pl\/app\/uploads\/2024\/03\/DEXXO_1000_PRO_more-300x274.webp 300w, https:\/\/beditom.pl\/app\/uploads\/2024\/03\/DEXXO_1000_PRO_more-600x548.webp 600w, https:\/\/beditom.pl\/app\/uploads\/2024\/03\/DEXXO_1000_PRO_more.webp 1180w\" sizes=\"auto, (max-width: 1024px) 100vw, 1024px\" title=\"Beditom autotallin ovet\"><\/div><\/div><div class=\"wpb_text_column\"><div class=\"wpb_wrapper\"><table class=\"ipTableManagement table\">\n<tbody>\n<tr>\n<th>Specyfikacja techniczna<\/th>\n<th><\/th>\n<\/tr>\n<tr>\n<td>Zasilanie nap\u0119du<\/td>\n<td>230 V \u2013 50 Hz<\/td>\n<\/tr>\n<tr>\n<td>Zasilanie silnika<\/td>\n<td>24 V DC<\/td>\n<\/tr>\n<tr>\n<td>Pob\u00f3r mocy (maks.) \u2013 praca<\/td>\n<td>600 W (z o\u015bwietleniem zewn\u0119trznym)<\/td>\n<\/tr>\n<tr>\n<td>Pob\u00f3r mocy (maks.) \u2013 tryb czuwania<\/td>\n<td>5 W<\/td>\n<\/tr>\n<tr>\n<td>Si\u0142a poci\u0105gowa \u2013 moc szczytowa<\/td>\n<td>1000 N<\/td>\n<\/tr>\n<tr>\n<td>Zintegrowane o\u015bwietlenie<\/td>\n<td>24V\/21W (\u017car\u00f3wka w zestawie \u2013 gniazdo BA15s)<\/td>\n<\/tr>\n<tr>\n<td>Maks. ilo\u015b\u0107 cykli dziennie<\/td>\n<td>20 (szyna standardowa), 50 (szyna wzmocniona)<\/td>\n<\/tr>\n<tr>\n<td>Maks. pr\u0119dko\u015b\u0107<\/td>\n<td>18 cm\/s<\/td>\n<\/tr>\n<tr>\n<td>Temperatura pracy<\/td>\n<td>od -20 \u00b0C do +60 \u00b0C<\/td>\n<\/tr>\n<tr>\n<td>Cz\u0119stotliwo\u015b\u0107 radiowa\u00a0Somfy<\/td>\n<td>RTS 433,42 MHz<\/td>\n<\/tr>\n<tr>\n<td>Ilo\u015b\u0107 mo\u017cliwych do zapami\u0119tania<br \/>\nurz\u0105dze\u0144 sterowania zdalnego<\/td>\n<td>\u00a032<\/td>\n<\/tr>\n<tr>\n<td>Waga pakietu<\/td>\n<td>6,8 kg<\/td>\n<\/tr>\n<tr>\n<td>Rozmiary pakietu (d\u0142ug. x szer. x wys.)<\/td>\n<td>470 x 230 x 210 mm<\/td>\n<\/tr>\n<tr>\n<td>Przetestowano dla<\/td>\n<td>36 500 cykli (szyna standardowa)<br \/>\n90 000 cykli (szyna wzmocniona)<\/td>\n<\/tr>\n<tr>\n<td>Wielko\u015b\u0107 bramy<\/td>\n<td>do 15 m2<\/td>\n<\/tr>\n<\/tbody>\n<\/table>\n<\/div><\/div><\/div><\/div><\/div><\/div><\/section>","protected":false},"excerpt":{"rendered":"DLA DOMUSomfy nap\u0119d do bram gara\u017cowych Strona g\u0142\u00f3wnaSivut Nap\u0119d do bram gara\u017cowych Dexxo Optimo RTS Pewny i trwa\u0142y nap\u0119d do r\u00f3\u017cnych konfiguracji instalacji Bardzo \u0142atwe programowanie Nap\u0119d gotowy do pracy po mniej ni\u017c 90 sekundach Wszystkie parametry s\u0105 ju\u017c fabrycznie wst\u0119pnie zaprogramowane Ekran LCD pomaga w intuicyjnie \u0142atwym i bezpiecznym programowaniu Szeroki zakres dostosowania instalacji...","protected":false},"author":1,"featured_media":1023,"parent":914,"menu_order":0,"comment_status":"closed","ping_status":"closed","template":"","meta":{"_acf_changed":false,"footnotes":""},"class_list":["post-1021","page","type-page","status-publish","has-post-thumbnail","hentry"],"acf":[],"_links":{"self":[{"href":"https:\/\/beditom.pl\/fi\/wp-json\/wp\/v2\/pages\/1021","targetHints":{"allow":["GET"]}}],"collection":[{"href":"https:\/\/beditom.pl\/fi\/wp-json\/wp\/v2\/pages"}],"about":[{"href":"https:\/\/beditom.pl\/fi\/wp-json\/wp\/v2\/types\/page"}],"author":[{"embeddable":true,"href":"https:\/\/beditom.pl\/fi\/wp-json\/wp\/v2\/users\/1"}],"replies":[{"embeddable":true,"href":"https:\/\/beditom.pl\/fi\/wp-json\/wp\/v2\/comments?post=1021"}],"version-history":[{"count":3,"href":"https:\/\/beditom.pl\/fi\/wp-json\/wp\/v2\/pages\/1021\/revisions"}],"predecessor-version":[{"id":2150,"href":"https:\/\/beditom.pl\/fi\/wp-json\/wp\/v2\/pages\/1021\/revisions\/2150"}],"up":[{"embeddable":true,"href":"https:\/\/beditom.pl\/fi\/wp-json\/wp\/v2\/pages\/914"}],"wp:featuredmedia":[{"embeddable":true,"href":"https:\/\/beditom.pl\/fi\/wp-json\/wp\/v2\/media\/1023"}],"wp:attachment":[{"href":"https:\/\/beditom.pl\/fi\/wp-json\/wp\/v2\/media?parent=1021"}],"curies":[{"name":"wp","href":"https:\/\/api.w.org\/{rel}","templated":true}]}}