{"id":975,"date":"2024-03-24T20:28:22","date_gmt":"2024-03-24T20:28:22","guid":{"rendered":"https:\/\/beditom.pl\/?page_id=975"},"modified":"2024-07-19T08:42:18","modified_gmt":"2024-07-19T08:42:18","slug":"naped-do-bram-garazowych-ga501","status":"publish","type":"page","link":"https:\/\/beditom.pl\/en\/dla-domu\/automatyka-do-bram-garazowych\/berner\/naped-do-bram-garazowych-ga501\/","title":{"rendered":"Nap\u0119d do bram gara\u017cowych GA501"},"content":{"rendered":"<section class=\"l-section wpb_row height_medium width_custom color_primary\" style=\"--site-content-width:1320px;\"><div class=\"l-section-h i-cf\"><div class=\"g-cols vc_row via_grid cols_1-4-1 laptops-cols_inherit tablets-cols_inherit mobiles-cols_1 valign_top type_default stacking_default\"><div class=\"wpb_column vc_column_container\"><div class=\"vc_column-inner\"><\/div><\/div><div class=\"wpb_column vc_column_container\"><div class=\"vc_column-inner\"><div class=\"w-html us_custom_9dfb85bd has_text_color\"><p>FOR HOME<\/p><\/div><div class=\"w-html us_custom_b011e678 has_text_color\"><p>Berner Automatyka do bram gara\u017cowych\n<\/p><\/div><\/div><\/div><div class=\"wpb_column vc_column_container\"><div class=\"vc_column-inner\"><\/div><\/div><\/div><\/div><\/section><section class=\"l-section wpb_row us_custom_e29345e3 height_medium width_custom\" style=\"--site-content-width:1320px;\"><div class=\"l-section-h i-cf\"><div class=\"g-cols vc_row via_grid cols_1 laptops-cols_inherit tablets-cols_inherit mobiles-cols_1 valign_top type_default stacking_default\"><div class=\"wpb_column vc_column_container\"><div class=\"vc_column-inner\"><nav class=\"g-breadcrumbs us_custom_fdcab3db separator_icon align_none hide_current\" itemscope itemtype=\"http:\/\/schema.org\/BreadcrumbList\"><div class=\"g-breadcrumbs-item\" itemscope itemprop=\"itemListElement\" itemtype=\"http:\/\/schema.org\/ListItem\"><a itemprop=\"item\" href=\"https:\/\/beditom.pl\/en\/\"><span itemprop=\"name\">HOME<\/span><\/a><meta itemprop=\"position\" content=\"1\"\/><\/div><div class=\"g-breadcrumbs-separator\"><i class=\"far fa-angle-right\"><\/i><\/div><div class=\"g-breadcrumbs-item\">Pages<\/div><\/nav><\/div><\/div><\/div><\/div><\/section>\n<section class=\"l-section wpb_row height_medium width_custom\" style=\"--site-content-width:1320px;\"><div class=\"l-section-h i-cf\"><div class=\"g-cols vc_row via_grid cols_2-1 laptops-cols_inherit tablets-cols_inherit mobiles-cols_1 valign_bottom type_default stacking_default\"><div class=\"wpb_column vc_column_container\"><div class=\"vc_column-inner\"><div class=\"w-image align_none\"><div class=\"w-image-h\"><img decoding=\"async\" width=\"300\" height=\"120\" src=\"https:\/\/beditom.pl\/app\/uploads\/2024\/03\/LOGO_BERNER_dystrybutor1-1-300x120.webp\" class=\"attachment-medium size-medium\" alt=\"Beditom bramy gara\u017cowe\" loading=\"lazy\" srcset=\"https:\/\/beditom.pl\/app\/uploads\/2024\/03\/LOGO_BERNER_dystrybutor1-1-300x120.webp 300w, https:\/\/beditom.pl\/app\/uploads\/2024\/03\/LOGO_BERNER_dystrybutor1-1.webp 440w\" sizes=\"auto, (max-width: 300px) 100vw, 300px\" title=\"Beditom sectional garage doors\"><\/div><\/div><div class=\"w-separator size_medium\"><\/div><div class=\"w-html us_custom_9ebf969f\"><p>Nap\u0119d do bram gara\u017cowych GA501\n<\/p><\/div><div class=\"wpb_text_column\"><div class=\"wpb_wrapper\"><p>Solidny silnik z przek\u0142adni\u0105 wytrzymuj\u0105cy trudy codziennej obs\u0142ugi gara\u017cu podziemnego<br \/>\nFunkcja Soft Start \/ Soft Stop we wszystkich po\u0142o\u017ceniach bramy<br \/>\nDzia\u0142aj\u0105ce si\u0142y przetestowane zgodnie z norm\u0105 DIN EN 13241-1<br \/>\nCzu\u0142y wy\u0142\u0105cznik automatyczny<br \/>\nOpatentowana zasuwa zabezpieczaj\u0105ca<br \/>\nAutomatyczne zamykanie bramy<\/p>\n<\/div><\/div><\/div><\/div><div class=\"wpb_column vc_column_container\"><div class=\"vc_column-inner\"><div class=\"w-image align_none\"><div class=\"w-image-h\"><img decoding=\"async\" width=\"400\" height=\"311\" src=\"https:\/\/beditom.pl\/app\/uploads\/2024\/03\/GA101.webp\" class=\"attachment-large size-large\" alt=\"Beditom bramy gara\u017cowe\" loading=\"lazy\" srcset=\"https:\/\/beditom.pl\/app\/uploads\/2024\/03\/GA101.webp 400w, https:\/\/beditom.pl\/app\/uploads\/2024\/03\/GA101-300x233.webp 300w\" sizes=\"auto, (max-width: 400px) 100vw, 400px\" title=\"Beditom sectional garage doors\"><\/div><\/div><\/div><\/div><\/div><\/div><\/section><section class=\"l-section wpb_row height_medium width_custom\" style=\"--site-content-width:1320px;\"><div class=\"l-section-h i-cf\"><div class=\"g-cols vc_row via_grid cols_2-1 laptops-cols_inherit tablets-cols_inherit mobiles-cols_1 valign_top type_default stacking_default\"><div class=\"wpb_column vc_column_container\"><div class=\"vc_column-inner\"><div class=\"w-html us_custom_9ebf969f\"><p>Si\u0142a i wytrwa\u0142o\u015b\u0107 w wersji 24 V \u2013 o ka\u017cdej porze\n\n<\/p><\/div><div class=\"wpb_text_column\"><div class=\"wpb_wrapper\"><p>Bezobs\u0142ugowy, cichobie\u017cny nap\u0119d do bram gara\u017cy podziemnych GA501 wyr\u00f3\u017cnia si\u0119 szczeg\u00f3lnie na tle typowych nap\u0119d\u00f3w do bram gara\u017cowych dzi\u0119ki bardzo mocnemu i niezawodnemu silnikowi z przek\u0142adni\u0105. Otwiera i zamyka gara\u017ce zbiorcze licz\u0105ce do 100 stanowisk. Tak\u017ce w aspekcie bezpiecze\u0144stwa jego ca\u0142kowicie automatyczne, odporne na manipulacje wy\u0142\u0105czanie mocy jest zawsze o krok do przodu: czynniki pogodowe, kt\u00f3re mog\u0105 wp\u0142ywa\u0107 na swobod\u0119 ruchu bramy, s\u0105 rozpoznawane i automatycznie rekompensowane.<\/p>\n<\/div><\/div><div class=\"w-separator size_medium\"><\/div><div class=\"w-html us_custom_9ebf969f\"><p>\u0141atwy w monta\u017cu i obs\u0142udze sterownik w osobnej obudowie natynkowej<\/p><\/div><div class=\"wpb_text_column\"><div class=\"wpb_wrapper\"><p>Obudow\u0119 sterownika GA501 mo\u017cna z \u0142atwo\u015bci\u0105 przymocowa\u0107 na \u015bcianie, oszcz\u0119dzaj\u0105c sobie prac na wysoko\u015bci. Wy\u015bwietlacz 7-segmentowy umo\u017cliwia proste programowanie oraz bezproblemowe odczytywanie stanu licznik\u00f3w i b\u0142\u0119d\u00f3w. Zaciski wtykowe zapewniaj\u0105 wygodny monta\u017c. <\/p>\n<\/div><\/div><\/div><\/div><div class=\"wpb_column vc_column_container\"><div class=\"vc_column-inner\"><div class=\"w-image align_left\"><div class=\"w-image-h\"><img decoding=\"async\" width=\"300\" height=\"316\" src=\"https:\/\/beditom.pl\/app\/uploads\/2024\/03\/ga501sterowanie.webp\" class=\"attachment-large size-large\" alt=\"Beditom bramy gara\u017cowe\" loading=\"lazy\" srcset=\"https:\/\/beditom.pl\/app\/uploads\/2024\/03\/ga501sterowanie.webp 300w, https:\/\/beditom.pl\/app\/uploads\/2024\/03\/ga501sterowanie-285x300.webp 285w\" sizes=\"auto, (max-width: 300px) 100vw, 300px\" title=\"Beditom sectional garage doors\"><\/div><\/div><\/div><\/div><\/div><\/div><\/section>","protected":false},"excerpt":{"rendered":"DLA DOMUBerner Automatyka do bram gara\u017cowych Strona g\u0142\u00f3wnaPages Nap\u0119d do bram gara\u017cowych GA501 Solidny silnik z przek\u0142adni\u0105 wytrzymuj\u0105cy trudy codziennej obs\u0142ugi gara\u017cu podziemnego Funkcja Soft Start \/ Soft Stop we wszystkich po\u0142o\u017ceniach bramy Dzia\u0142aj\u0105ce si\u0142y przetestowane zgodnie z norm\u0105 DIN EN 13241-1 Czu\u0142y wy\u0142\u0105cznik automatyczny Opatentowana zasuwa zabezpieczaj\u0105ca Automatyczne zamykanie bramy Si\u0142a i wytrwa\u0142o\u015b\u0107 w...","protected":false},"author":1,"featured_media":928,"parent":907,"menu_order":0,"comment_status":"closed","ping_status":"closed","template":"","meta":{"_acf_changed":false,"footnotes":""},"class_list":["post-975","page","type-page","status-publish","has-post-thumbnail","hentry"],"acf":[],"_links":{"self":[{"href":"https:\/\/beditom.pl\/en\/wp-json\/wp\/v2\/pages\/975","targetHints":{"allow":["GET"]}}],"collection":[{"href":"https:\/\/beditom.pl\/en\/wp-json\/wp\/v2\/pages"}],"about":[{"href":"https:\/\/beditom.pl\/en\/wp-json\/wp\/v2\/types\/page"}],"author":[{"embeddable":true,"href":"https:\/\/beditom.pl\/en\/wp-json\/wp\/v2\/users\/1"}],"replies":[{"embeddable":true,"href":"https:\/\/beditom.pl\/en\/wp-json\/wp\/v2\/comments?post=975"}],"version-history":[{"count":6,"href":"https:\/\/beditom.pl\/en\/wp-json\/wp\/v2\/pages\/975\/revisions"}],"predecessor-version":[{"id":4037,"href":"https:\/\/beditom.pl\/en\/wp-json\/wp\/v2\/pages\/975\/revisions\/4037"}],"up":[{"embeddable":true,"href":"https:\/\/beditom.pl\/en\/wp-json\/wp\/v2\/pages\/907"}],"wp:featuredmedia":[{"embeddable":true,"href":"https:\/\/beditom.pl\/en\/wp-json\/wp\/v2\/media\/928"}],"wp:attachment":[{"href":"https:\/\/beditom.pl\/en\/wp-json\/wp\/v2\/media?parent=975"}],"curies":[{"name":"wp","href":"https:\/\/api.w.org\/{rel}","templated":true}]}}