{"id":963,"date":"2024-03-24T20:19:21","date_gmt":"2024-03-24T20:19:21","guid":{"rendered":"https:\/\/beditom.pl\/?page_id=963"},"modified":"2024-04-15T17:51:35","modified_gmt":"2024-04-15T17:51:35","slug":"naped-do-bram-garazowych-ga403-g-i-ga403-tg","status":"publish","type":"page","link":"https:\/\/beditom.pl\/en\/dla-domu\/automatyka-do-bram-garazowych\/berner\/naped-do-bram-garazowych-ga403-g-i-ga403-tg\/","title":{"rendered":"Nap\u0119d do bram gara\u017cowych GA403-G i GA403-TG"},"content":{"rendered":"<section class=\"l-section wpb_row height_medium width_custom color_primary\" style=\"--site-content-width:1320px;\"><div class=\"l-section-h i-cf\"><div class=\"g-cols vc_row via_grid cols_1-4-1 laptops-cols_inherit tablets-cols_inherit mobiles-cols_1 valign_top type_default stacking_default\"><div class=\"wpb_column vc_column_container\"><div class=\"vc_column-inner\"><\/div><\/div><div class=\"wpb_column vc_column_container\"><div class=\"vc_column-inner\"><div class=\"w-html us_custom_9dfb85bd has_text_color\"><p>FOR HOME<\/p><\/div><div class=\"w-html us_custom_b011e678 has_text_color\"><p>Berner Automatyka do bram gara\u017cowych\n<\/p><\/div><\/div><\/div><div class=\"wpb_column vc_column_container\"><div class=\"vc_column-inner\"><\/div><\/div><\/div><\/div><\/section><section class=\"l-section wpb_row us_custom_e29345e3 height_medium width_custom\" style=\"--site-content-width:1320px;\"><div class=\"l-section-h i-cf\"><div class=\"g-cols vc_row via_grid cols_1 laptops-cols_inherit tablets-cols_inherit mobiles-cols_1 valign_top type_default stacking_default\"><div class=\"wpb_column vc_column_container\"><div class=\"vc_column-inner\"><nav class=\"g-breadcrumbs us_custom_fdcab3db separator_icon align_none hide_current\" itemscope itemtype=\"http:\/\/schema.org\/BreadcrumbList\"><div class=\"g-breadcrumbs-item\" itemscope itemprop=\"itemListElement\" itemtype=\"http:\/\/schema.org\/ListItem\"><a itemprop=\"item\" href=\"https:\/\/beditom.pl\/en\/\"><span itemprop=\"name\">HOME<\/span><\/a><meta itemprop=\"position\" content=\"1\"\/><\/div><div class=\"g-breadcrumbs-separator\"><i class=\"far fa-angle-right\"><\/i><\/div><div class=\"g-breadcrumbs-item\">Pages<\/div><\/nav><\/div><\/div><\/div><\/div><\/section>\n<section class=\"l-section wpb_row height_medium width_custom\" style=\"--site-content-width:1320px;\"><div class=\"l-section-h i-cf\"><div class=\"g-cols vc_row via_grid cols_2-1 laptops-cols_inherit tablets-cols_inherit mobiles-cols_1 valign_bottom type_default stacking_default\"><div class=\"wpb_column vc_column_container\"><div class=\"vc_column-inner\"><div class=\"w-image align_none\"><div class=\"w-image-h\"><img decoding=\"async\" width=\"300\" height=\"120\" src=\"https:\/\/beditom.pl\/app\/uploads\/2024\/03\/LOGO_BERNER_dystrybutor1-1-300x120.webp\" class=\"attachment-medium size-medium\" alt=\"Beditom bramy gara\u017cowe\" loading=\"lazy\" srcset=\"https:\/\/beditom.pl\/app\/uploads\/2024\/03\/LOGO_BERNER_dystrybutor1-1-300x120.webp 300w, https:\/\/beditom.pl\/app\/uploads\/2024\/03\/LOGO_BERNER_dystrybutor1-1.webp 440w\" sizes=\"auto, (max-width: 300px) 100vw, 300px\" title=\"Beditom sectional garage doors\"><\/div><\/div><div class=\"w-separator size_medium\"><\/div><div class=\"w-html us_custom_9ebf969f\"><p>Nap\u0119dy do bram gara\u017cowych podziemnych GA403-G I GA403-TG\n<\/p><\/div><div class=\"wpb_text_column\"><div class=\"wpb_wrapper\"><p>Nap\u0119dy s\u0105 zaprojektowane do gara\u017cy z 30 (GA403-G) i 75 (GA403-TG) miejscami parkingowymi. Brama mo\u017ce otwiera\u0107 si\u0119 codziennie do 100 razy (GA403-G) lub 250 razy (GA403-TG). Nap\u0119dy gwarantuj\u0105 przy tym maksymalne bezpiecze\u0144stwo i niezawodno\u015b\u0107 przez ca\u0142y czas. Wp\u0142yw czynnik\u00f3w pogodowych jest rozpoznawany i wyr\u00f3wnywany automatycznie.<br \/>\n.<br \/>\nFunkcja oszcz\u0119dzania energii 0,5 W w trybie stand-by zapewnia oszcz\u0119dno\u015b\u0107 pr\u0105du i pieni\u0119dzy, przyczyniaj\u0105c si\u0119 dodatkowo do ochrony \u015brodowiska<\/p>\n<\/div><\/div><\/div><\/div><div class=\"wpb_column vc_column_container\"><div class=\"vc_column-inner\"><div class=\"w-image align_none\"><div class=\"w-image-h\"><img decoding=\"async\" width=\"400\" height=\"300\" src=\"https:\/\/beditom.pl\/app\/uploads\/2024\/03\/GA403.webp\" class=\"attachment-large size-large\" alt=\"Beditom bramy gara\u017cowe\" loading=\"lazy\" srcset=\"https:\/\/beditom.pl\/app\/uploads\/2024\/03\/GA403.webp 400w, https:\/\/beditom.pl\/app\/uploads\/2024\/03\/GA403-300x225.webp 300w\" sizes=\"auto, (max-width: 400px) 100vw, 400px\" title=\"Beditom sectional garage doors\"><\/div><\/div><\/div><\/div><\/div><\/div><\/section><section class=\"l-section wpb_row height_medium width_custom\" style=\"--site-content-width:1320px;\"><div class=\"l-section-h i-cf\"><div class=\"g-cols vc_row via_grid cols_2-1 laptops-cols_inherit tablets-cols_inherit mobiles-cols_1 valign_top type_default stacking_default\"><div class=\"wpb_column vc_column_container\"><div class=\"vc_column-inner\"><div class=\"w-html us_custom_9ebf969f\"><p>Wygodne programowanie i odczytywanie \u2013 oddzielne mo\u017cliwo\u015bci pod\u0142\u0105czenia dla oszcz\u0119dno\u015bci miejsca<\/p><\/div><div class=\"wpb_text_column\"><div class=\"wpb_wrapper\"><p>Oddzielne obudowy sterownika obydwu nap\u0119d\u00f3w do bram gara\u017cowych podziemnych GA403-G i GA403-TG umieszczane s\u0105 na \u015bcianie zapewniaj\u0105c wygodn\u0105 obs\u0142ug\u0119.\u00a0Pozwala to unikn\u0105\u0107 uci\u0105\u017cliwej pracy nad g\u0142ow\u0105, u\u0142atwiaj\u0105c programowanie na 7-segmentowym wy\u015bwietlaczu oraz odczytywanie stanu licznika i b\u0142\u0119d\u00f3w. Zdejmowane zaciski wtykowe umo\u017cliwiaj\u0105 niezwykle prosty monta\u017c.<\/p>\n<\/div><\/div><\/div><\/div><div class=\"wpb_column vc_column_container\"><div class=\"vc_column-inner\"><div class=\"w-image align_left\"><div class=\"w-image-h\"><img decoding=\"async\" width=\"504\" height=\"351\" src=\"https:\/\/beditom.pl\/app\/uploads\/2024\/03\/ga403sterowanie.webp\" class=\"attachment-large size-large\" alt=\"Beditom bramy gara\u017cowe\" loading=\"lazy\" srcset=\"https:\/\/beditom.pl\/app\/uploads\/2024\/03\/ga403sterowanie.webp 504w, https:\/\/beditom.pl\/app\/uploads\/2024\/03\/ga403sterowanie-300x209.webp 300w\" sizes=\"auto, (max-width: 504px) 100vw, 504px\" title=\"Beditom sectional garage doors\"><\/div><\/div><\/div><\/div><\/div><\/div><\/section><section class=\"l-section wpb_row height_medium width_custom\" style=\"--site-content-width:1320px;\"><div class=\"l-section-h i-cf\"><div class=\"g-cols vc_row via_grid cols_2-1 laptops-cols_inherit tablets-cols_inherit mobiles-cols_1 valign_top type_default stacking_default\"><div class=\"wpb_column vc_column_container\"><div class=\"vc_column-inner\"><div class=\"w-html us_custom_9ebf969f\"><p>Zestaw akumulator\u00f3w awaryjnych zapewnia gotowo\u015b\u0107 do u\u017cycia przez ca\u0142y czas<\/p><\/div><div class=\"wpb_text_column\"><div class=\"wpb_wrapper\"><p>Nawet w razie awarii zasilania i pilnej potrzeby wjazdu lub wyjazdu \u2013 dodatkowy akumulator dla GA403-G\/GA403-TG zapewnia tak\u0105 mo\u017cliwo\u015b\u0107 w ka\u017cdym momencie i jest gotowy do u\u017cycia przez maksymalnie 18 godzin oraz do 5 cykli.<\/p>\n<\/div><\/div><\/div><\/div><div class=\"wpb_column vc_column_container\"><div class=\"vc_column-inner\"><div class=\"w-image align_left\"><div class=\"w-image-h\"><img decoding=\"async\" width=\"504\" height=\"351\" src=\"https:\/\/beditom.pl\/app\/uploads\/2024\/03\/ga403sterowanie-1.webp\" class=\"attachment-large size-large\" alt=\"Beditom bramy gara\u017cowe\" loading=\"lazy\" srcset=\"https:\/\/beditom.pl\/app\/uploads\/2024\/03\/ga403sterowanie-1.webp 504w, https:\/\/beditom.pl\/app\/uploads\/2024\/03\/ga403sterowanie-1-300x209.webp 300w\" sizes=\"auto, (max-width: 504px) 100vw, 504px\" title=\"Beditom sectional garage doors\"><\/div><\/div><\/div><\/div><\/div><\/div><\/section>","protected":false},"excerpt":{"rendered":"DLA DOMUBerner Automatyka do bram gara\u017cowych Strona g\u0142\u00f3wnaPages Nap\u0119dy do bram gara\u017cowych podziemnych GA403-G I GA403-TG Nap\u0119dy s\u0105 zaprojektowane do gara\u017cy z 30 (GA403-G) i 75 (GA403-TG) miejscami parkingowymi. Brama mo\u017ce otwiera\u0107 si\u0119 codziennie do 100 razy (GA403-G) lub 250 razy (GA403-TG). Nap\u0119dy gwarantuj\u0105 przy tym maksymalne bezpiecze\u0144stwo i niezawodno\u015b\u0107 przez ca\u0142y czas. Wp\u0142yw czynnik\u00f3w...","protected":false},"author":1,"featured_media":931,"parent":907,"menu_order":0,"comment_status":"closed","ping_status":"closed","template":"","meta":{"_acf_changed":false,"footnotes":""},"class_list":["post-963","page","type-page","status-publish","has-post-thumbnail","hentry"],"acf":[],"_links":{"self":[{"href":"https:\/\/beditom.pl\/en\/wp-json\/wp\/v2\/pages\/963","targetHints":{"allow":["GET"]}}],"collection":[{"href":"https:\/\/beditom.pl\/en\/wp-json\/wp\/v2\/pages"}],"about":[{"href":"https:\/\/beditom.pl\/en\/wp-json\/wp\/v2\/types\/page"}],"author":[{"embeddable":true,"href":"https:\/\/beditom.pl\/en\/wp-json\/wp\/v2\/users\/1"}],"replies":[{"embeddable":true,"href":"https:\/\/beditom.pl\/en\/wp-json\/wp\/v2\/comments?post=963"}],"version-history":[{"count":5,"href":"https:\/\/beditom.pl\/en\/wp-json\/wp\/v2\/pages\/963\/revisions"}],"predecessor-version":[{"id":2137,"href":"https:\/\/beditom.pl\/en\/wp-json\/wp\/v2\/pages\/963\/revisions\/2137"}],"up":[{"embeddable":true,"href":"https:\/\/beditom.pl\/en\/wp-json\/wp\/v2\/pages\/907"}],"wp:featuredmedia":[{"embeddable":true,"href":"https:\/\/beditom.pl\/en\/wp-json\/wp\/v2\/media\/931"}],"wp:attachment":[{"href":"https:\/\/beditom.pl\/en\/wp-json\/wp\/v2\/media?parent=963"}],"curies":[{"name":"wp","href":"https:\/\/api.w.org\/{rel}","templated":true}]}}