{"id":953,"date":"2024-03-24T19:52:21","date_gmt":"2024-03-24T19:52:21","guid":{"rendered":"https:\/\/beditom.pl\/?page_id=953"},"modified":"2024-07-19T08:44:05","modified_gmt":"2024-07-19T08:44:05","slug":"naped-do-bram-garazowych-ga403","status":"publish","type":"page","link":"https:\/\/beditom.pl\/en\/dla-domu\/automatyka-do-bram-garazowych\/berner\/naped-do-bram-garazowych-ga403\/","title":{"rendered":"Nap\u0119d do bram gara\u017cowych GA403"},"content":{"rendered":"<section class=\"l-section wpb_row height_medium width_custom color_primary\" style=\"--site-content-width:1320px;\"><div class=\"l-section-h i-cf\"><div class=\"g-cols vc_row via_grid cols_1-4-1 laptops-cols_inherit tablets-cols_inherit mobiles-cols_1 valign_top type_default stacking_default\"><div class=\"wpb_column vc_column_container\"><div class=\"vc_column-inner\"><\/div><\/div><div class=\"wpb_column vc_column_container\"><div class=\"vc_column-inner\"><div class=\"w-html us_custom_9dfb85bd has_text_color\"><p>FOR HOME<\/p><\/div><div class=\"w-html us_custom_b011e678 has_text_color\"><p>Berner Automatyka do bram gara\u017cowych\n<\/p><\/div><\/div><\/div><div class=\"wpb_column vc_column_container\"><div class=\"vc_column-inner\"><\/div><\/div><\/div><\/div><\/section><section class=\"l-section wpb_row us_custom_e29345e3 height_medium width_custom\" style=\"--site-content-width:1320px;\"><div class=\"l-section-h i-cf\"><div class=\"g-cols vc_row via_grid cols_1 laptops-cols_inherit tablets-cols_inherit mobiles-cols_1 valign_top type_default stacking_default\"><div class=\"wpb_column vc_column_container\"><div class=\"vc_column-inner\"><nav class=\"g-breadcrumbs us_custom_fdcab3db separator_icon align_none hide_current\" itemscope itemtype=\"http:\/\/schema.org\/BreadcrumbList\"><div class=\"g-breadcrumbs-item\" itemscope itemprop=\"itemListElement\" itemtype=\"http:\/\/schema.org\/ListItem\"><a itemprop=\"item\" href=\"https:\/\/beditom.pl\/en\/\"><span itemprop=\"name\">HOME<\/span><\/a><meta itemprop=\"position\" content=\"1\"\/><\/div><div class=\"g-breadcrumbs-separator\"><i class=\"far fa-angle-right\"><\/i><\/div><div class=\"g-breadcrumbs-item\">Pages<\/div><\/nav><\/div><\/div><\/div><\/div><\/section>\n<section class=\"l-section wpb_row height_medium width_custom\" style=\"--site-content-width:1320px;\"><div class=\"l-section-h i-cf\"><div class=\"g-cols vc_row via_grid cols_2-1 laptops-cols_inherit tablets-cols_inherit mobiles-cols_1 valign_bottom type_default stacking_default\"><div class=\"wpb_column vc_column_container\"><div class=\"vc_column-inner\"><div class=\"w-image align_none\"><div class=\"w-image-h\"><img decoding=\"async\" width=\"300\" height=\"120\" src=\"https:\/\/beditom.pl\/app\/uploads\/2024\/03\/LOGO_BERNER_dystrybutor1-1-300x120.webp\" class=\"attachment-medium size-medium\" alt=\"Beditom bramy gara\u017cowe\" loading=\"lazy\" srcset=\"https:\/\/beditom.pl\/app\/uploads\/2024\/03\/LOGO_BERNER_dystrybutor1-1-300x120.webp 300w, https:\/\/beditom.pl\/app\/uploads\/2024\/03\/LOGO_BERNER_dystrybutor1-1.webp 440w\" sizes=\"auto, (max-width: 300px) 100vw, 300px\" title=\"Beditom sectional garage doors\"><\/div><\/div><div class=\"w-separator size_medium\"><\/div><div class=\"w-html us_custom_9ebf969f\"><p>Nap\u0119d do bram gara\u017cowych GA403\n<\/p><\/div><div class=\"wpb_text_column\"><div class=\"wpb_wrapper\"><p>Nadaje si\u0119 do gara\u017cy z maksymalnie 25 stanowiskami<br \/>\nMaksymalna si\u0142a poci\u0105gowa \/ nacisku 1000 N<br \/>\nWielko\u015b\u0107 bramy do 15 m2<br \/>\nMaksymalna pr\u0119dko\u015b\u0107 otwierania 220 mm\/s<br \/>\n0,5 W w trybie gotowo\u015bci<\/p>\n<\/div><\/div><\/div><\/div><div class=\"wpb_column vc_column_container\"><div class=\"vc_column-inner\"><div class=\"w-image align_none\"><div class=\"w-image-h\"><img decoding=\"async\" width=\"400\" height=\"300\" src=\"https:\/\/beditom.pl\/app\/uploads\/2024\/03\/GA403.webp\" class=\"attachment-large size-large\" alt=\"Beditom bramy gara\u017cowe\" loading=\"lazy\" srcset=\"https:\/\/beditom.pl\/app\/uploads\/2024\/03\/GA403.webp 400w, https:\/\/beditom.pl\/app\/uploads\/2024\/03\/GA403-300x225.webp 300w\" sizes=\"auto, (max-width: 400px) 100vw, 400px\" title=\"Beditom sectional garage doors\"><\/div><\/div><\/div><\/div><\/div><\/div><\/section><section class=\"l-section wpb_row height_medium width_custom\" style=\"--site-content-width:1320px;\"><div class=\"l-section-h i-cf\"><div class=\"g-cols vc_row via_grid cols_2-1 laptops-cols_inherit tablets-cols_inherit mobiles-cols_1 valign_top type_default stacking_default\"><div class=\"wpb_column vc_column_container\"><div class=\"vc_column-inner\"><div class=\"w-html us_custom_9ebf969f\"><p>Wszystko w jednym<\/p><\/div><div class=\"wpb_text_column\"><div class=\"wpb_wrapper\"><p>Nap\u0119d do bram gara\u017cowych GA403 firmy Berner \u0142\u0105czy po raz pierwszy wszystkie innowacyjne funkcje i zalety. O\u015bwietlenie LED, energooszcz\u0119dna funkcja czuwania, szybsze otwieranie, wi\u0119cej mocy, najlepsze z mo\u017cliwych zabezpiecze\u0144 przed w\u0142amaniem i bezpiecze\u0144stwo u\u017cytkowania, 5-letnia gwarancja i wiele wi\u0119cej.<\/p>\n<\/div><\/div><\/div><\/div><div class=\"wpb_column vc_column_container\"><div class=\"vc_column-inner\"><div class=\"w-image align_left meta_simple\"><div class=\"w-image-h\"><img decoding=\"async\" width=\"300\" height=\"220\" src=\"https:\/\/beditom.pl\/app\/uploads\/2024\/03\/ga103_1.webp\" class=\"attachment-large size-large\" alt=\"Beditom bramy gara\u017cowe\" loading=\"lazy\" title=\"Beditom sectional garage doors\"><\/div><div class=\"w-image-meta\"><div class=\"w-image-title\">2-kana\u0142owy pilot BHS121 jednokierunkowy<\/div><\/div><\/div><\/div><\/div><\/div><\/div><\/section>","protected":false},"excerpt":{"rendered":"DLA DOMUBerner Automatyka do bram gara\u017cowych Strona g\u0142\u00f3wnaPages Nap\u0119d do bram gara\u017cowych GA403 Nadaje si\u0119 do gara\u017cy z maksymalnie 25 stanowiskami Maksymalna si\u0142a poci\u0105gowa \/ nacisku 1000 N Wielko\u015b\u0107 bramy do 15 m2 Maksymalna pr\u0119dko\u015b\u0107 otwierania 220 mm\/s 0,5 W w trybie gotowo\u015bci Wszystko w jednymNap\u0119d do bram gara\u017cowych GA403 firmy Berner \u0142\u0105czy po raz...","protected":false},"author":1,"featured_media":931,"parent":907,"menu_order":0,"comment_status":"closed","ping_status":"closed","template":"","meta":{"_acf_changed":false,"footnotes":""},"class_list":["post-953","page","type-page","status-publish","has-post-thumbnail","hentry"],"acf":[],"_links":{"self":[{"href":"https:\/\/beditom.pl\/en\/wp-json\/wp\/v2\/pages\/953","targetHints":{"allow":["GET"]}}],"collection":[{"href":"https:\/\/beditom.pl\/en\/wp-json\/wp\/v2\/pages"}],"about":[{"href":"https:\/\/beditom.pl\/en\/wp-json\/wp\/v2\/types\/page"}],"author":[{"embeddable":true,"href":"https:\/\/beditom.pl\/en\/wp-json\/wp\/v2\/users\/1"}],"replies":[{"embeddable":true,"href":"https:\/\/beditom.pl\/en\/wp-json\/wp\/v2\/comments?post=953"}],"version-history":[{"count":5,"href":"https:\/\/beditom.pl\/en\/wp-json\/wp\/v2\/pages\/953\/revisions"}],"predecessor-version":[{"id":4039,"href":"https:\/\/beditom.pl\/en\/wp-json\/wp\/v2\/pages\/953\/revisions\/4039"}],"up":[{"embeddable":true,"href":"https:\/\/beditom.pl\/en\/wp-json\/wp\/v2\/pages\/907"}],"wp:featuredmedia":[{"embeddable":true,"href":"https:\/\/beditom.pl\/en\/wp-json\/wp\/v2\/media\/931"}],"wp:attachment":[{"href":"https:\/\/beditom.pl\/en\/wp-json\/wp\/v2\/media?parent=953"}],"curies":[{"name":"wp","href":"https:\/\/api.w.org\/{rel}","templated":true}]}}