{"id":927,"date":"2024-03-24T19:25:17","date_gmt":"2024-03-24T19:25:17","guid":{"rendered":"https:\/\/beditom.pl\/?page_id=927"},"modified":"2024-04-15T17:50:30","modified_gmt":"2024-04-15T17:50:30","slug":"naped-do-bram-garazowych-ga103","status":"publish","type":"page","link":"https:\/\/beditom.pl\/en\/dla-domu\/automatyka-do-bram-garazowych\/berner\/naped-do-bram-garazowych-ga103\/","title":{"rendered":"Nap\u0119d do bram gara\u017cowych GA103"},"content":{"rendered":"<section class=\"l-section wpb_row height_medium width_custom color_primary\" style=\"--site-content-width:1320px;\"><div class=\"l-section-h i-cf\"><div class=\"g-cols vc_row via_grid cols_1-4-1 laptops-cols_inherit tablets-cols_inherit mobiles-cols_1 valign_top type_default stacking_default\"><div class=\"wpb_column vc_column_container\"><div class=\"vc_column-inner\"><\/div><\/div><div class=\"wpb_column vc_column_container\"><div class=\"vc_column-inner\"><div class=\"w-html us_custom_9dfb85bd has_text_color\"><p>FOR HOME<\/p><\/div><div class=\"w-html us_custom_b011e678 has_text_color\"><p>Berner Automatyka do bram gara\u017cowych\n<\/p><\/div><\/div><\/div><div class=\"wpb_column vc_column_container\"><div class=\"vc_column-inner\"><\/div><\/div><\/div><\/div><\/section><section class=\"l-section wpb_row us_custom_e29345e3 height_medium width_custom\" style=\"--site-content-width:1320px;\"><div class=\"l-section-h i-cf\"><div class=\"g-cols vc_row via_grid cols_1 laptops-cols_inherit tablets-cols_inherit mobiles-cols_1 valign_top type_default stacking_default\"><div class=\"wpb_column vc_column_container\"><div class=\"vc_column-inner\"><nav class=\"g-breadcrumbs us_custom_fdcab3db separator_icon align_none hide_current\" itemscope itemtype=\"http:\/\/schema.org\/BreadcrumbList\"><div class=\"g-breadcrumbs-item\" itemscope itemprop=\"itemListElement\" itemtype=\"http:\/\/schema.org\/ListItem\"><a itemprop=\"item\" href=\"https:\/\/beditom.pl\/en\/\"><span itemprop=\"name\">HOME<\/span><\/a><meta itemprop=\"position\" content=\"1\"\/><\/div><div class=\"g-breadcrumbs-separator\"><i class=\"far fa-angle-right\"><\/i><\/div><div class=\"g-breadcrumbs-item\">Pages<\/div><\/nav><\/div><\/div><\/div><\/div><\/section>\n<section class=\"l-section wpb_row height_medium width_custom\" style=\"--site-content-width:1320px;\"><div class=\"l-section-h i-cf\"><div class=\"g-cols vc_row via_grid cols_2-1 laptops-cols_inherit tablets-cols_inherit mobiles-cols_1 valign_bottom type_default stacking_default\"><div class=\"wpb_column vc_column_container\"><div class=\"vc_column-inner\"><div class=\"w-image align_none\"><div class=\"w-image-h\"><img decoding=\"async\" width=\"300\" height=\"120\" src=\"https:\/\/beditom.pl\/app\/uploads\/2024\/03\/LOGO_BERNER_dystrybutor1-1-300x120.webp\" class=\"attachment-medium size-medium\" alt=\"Beditom bramy gara\u017cowe\" loading=\"lazy\" srcset=\"https:\/\/beditom.pl\/app\/uploads\/2024\/03\/LOGO_BERNER_dystrybutor1-1-300x120.webp 300w, https:\/\/beditom.pl\/app\/uploads\/2024\/03\/LOGO_BERNER_dystrybutor1-1.webp 440w\" sizes=\"auto, (max-width: 300px) 100vw, 300px\" title=\"Beditom sectional garage doors\"><\/div><\/div><div class=\"w-separator size_medium\"><\/div><div class=\"w-html us_custom_9ebf969f\"><p>Nap\u0119d do bram gara\u017cowych GA103\n<\/p><\/div><div class=\"wpb_text_column\"><div class=\"wpb_wrapper\"><div class=\"elementor-column elementor-col-50 elementor-top-column elementor-element elementor-element-49e1760\" data-id=\"49e1760\" data-element_type=\"column\">\n<div class=\"elementor-column-wrap elementor-element-populated\">\n<div class=\"elementor-widget-wrap\">\n<div class=\"elementor-element elementor-element-698bc02 elementor-widget elementor-widget-text-editor\" data-id=\"698bc02\" data-element_type=\"widget\" data-widget_type=\"text-editor.default\">\n<div class=\"elementor-widget-container\">\n<div class=\"elementor-text-editor elementor-clearfix\">\n<p>Przeznaczony do gara\u017cy z maks. 2 miejscami parkingowymi<br \/>\nMaksymalna si\u0142a poci\u0105gowa \/ nacisku 600 N<br \/>\nWielko\u015b\u0107 bramy do 9m<sup>2<br \/>\n<\/sup>Maksymalna pr\u0119dko\u015b\u0107 otwierania 135 mm\/sek.<\/p>\n<\/div>\n<\/div>\n<\/div>\n<\/div>\n<\/div>\n<\/div>\n<\/div><\/div><\/div><\/div><div class=\"wpb_column vc_column_container\"><div class=\"vc_column-inner\"><div class=\"w-image align_none\"><div class=\"w-image-h\"><img decoding=\"async\" width=\"400\" height=\"311\" src=\"https:\/\/beditom.pl\/app\/uploads\/2024\/03\/GA103.webp\" class=\"attachment-large size-large\" alt=\"Beditom bramy gara\u017cowe\" loading=\"lazy\" srcset=\"https:\/\/beditom.pl\/app\/uploads\/2024\/03\/GA103.webp 400w, https:\/\/beditom.pl\/app\/uploads\/2024\/03\/GA103-300x233.webp 300w\" sizes=\"auto, (max-width: 400px) 100vw, 400px\" title=\"Beditom sectional garage doors\"><\/div><\/div><\/div><\/div><\/div><\/div><\/section><section class=\"l-section wpb_row height_medium width_custom\" style=\"--site-content-width:1320px;\"><div class=\"l-section-h i-cf\"><div class=\"g-cols vc_row via_grid cols_2-1 laptops-cols_inherit tablets-cols_inherit mobiles-cols_1 valign_top type_default stacking_default\"><div class=\"wpb_column vc_column_container\"><div class=\"vc_column-inner\"><div class=\"w-html us_custom_9ebf969f\"><p>Konsekwentny rozw\u00f3j techniczny<\/p><\/div><div class=\"wpb_text_column\"><div class=\"wpb_wrapper\"><div class=\"elementor-column elementor-col-50 elementor-inner-column elementor-element elementor-element-dad9af7\" data-id=\"dad9af7\" data-element_type=\"column\">\n<div class=\"elementor-column-wrap elementor-element-populated\">\n<div class=\"elementor-widget-wrap\">\n<div class=\"elementor-element elementor-element-36702a2 elementor-widget elementor-widget-text-editor\" data-id=\"36702a2\" data-element_type=\"widget\" data-widget_type=\"text-editor.default\">\n<div class=\"elementor-widget-container\">\n<div class=\"elementor-text-editor elementor-clearfix\">\n<p>Ekonomiczny i stale udoskonalany nap\u0119d do bram gara\u017cowych GA103 jest pe\u0142en innowacji i spe\u0142nia najwy\u017csze wymagania. Mo\u017cliwo\u015b\u0107 zaprogramowania dw\u00f3ch wysoko\u015bci otwarcia bramy dost\u0119pna jest w standardzie.<\/p>\n<p>Nap\u0119d wyposa\u017cony jest w najwy\u017csze z mo\u017cliwych zabezpiecze\u0144 przed w\u0142amaniem oraz zapewnia bezpiecze\u0144stwo u\u017cytkowania. Obj\u0119ty 5-letni\u0105 gwarancj\u0105, posiada znak jako\u015bci T\u00dcV i spe\u0142nia wszelkie powszechnie obowi\u0105zuj\u0105ce normy. Dodatkowo, nowo\u015bci\u0105 jest zwi\u0119kszona moc silnika wynosz\u0105ca 600 N.<\/p>\n<\/div>\n<\/div>\n<\/div>\n<\/div>\n<\/div>\n<\/div>\n<\/div><\/div><\/div><\/div><div class=\"wpb_column vc_column_container\"><div class=\"vc_column-inner\"><div class=\"w-image align_left meta_simple\"><div class=\"w-image-h\"><img decoding=\"async\" width=\"300\" height=\"220\" src=\"https:\/\/beditom.pl\/app\/uploads\/2024\/03\/ga103_1.webp\" class=\"attachment-large size-large\" alt=\"Beditom bramy gara\u017cowe\" loading=\"lazy\" title=\"Beditom sectional garage doors\"><\/div><div class=\"w-image-meta\"><div class=\"w-image-title\">2-kana\u0142owy pilot BHS121 jednokierunkowy<\/div><\/div><\/div><\/div><\/div><\/div><\/div><\/section>","protected":false},"excerpt":{"rendered":"DLA DOMUBerner Automatyka do bram gara\u017cowych Strona g\u0142\u00f3wnaPages Nap\u0119d do bram gara\u017cowych GA103 Przeznaczony do gara\u017cy z maks. 2 miejscami parkingowymi Maksymalna si\u0142a poci\u0105gowa \/ nacisku 600 N Wielko\u015b\u0107 bramy do 9m2 Maksymalna pr\u0119dko\u015b\u0107 otwierania 135 mm\/sek. Konsekwentny rozw\u00f3j techniczny Ekonomiczny i stale udoskonalany nap\u0119d do bram gara\u017cowych GA103 jest pe\u0142en innowacji i spe\u0142nia najwy\u017csze...","protected":false},"author":1,"featured_media":933,"parent":907,"menu_order":0,"comment_status":"closed","ping_status":"closed","template":"","meta":{"_acf_changed":false,"footnotes":""},"class_list":["post-927","page","type-page","status-publish","has-post-thumbnail","hentry"],"acf":[],"_links":{"self":[{"href":"https:\/\/beditom.pl\/en\/wp-json\/wp\/v2\/pages\/927","targetHints":{"allow":["GET"]}}],"collection":[{"href":"https:\/\/beditom.pl\/en\/wp-json\/wp\/v2\/pages"}],"about":[{"href":"https:\/\/beditom.pl\/en\/wp-json\/wp\/v2\/types\/page"}],"author":[{"embeddable":true,"href":"https:\/\/beditom.pl\/en\/wp-json\/wp\/v2\/users\/1"}],"replies":[{"embeddable":true,"href":"https:\/\/beditom.pl\/en\/wp-json\/wp\/v2\/comments?post=927"}],"version-history":[{"count":7,"href":"https:\/\/beditom.pl\/en\/wp-json\/wp\/v2\/pages\/927\/revisions"}],"predecessor-version":[{"id":2133,"href":"https:\/\/beditom.pl\/en\/wp-json\/wp\/v2\/pages\/927\/revisions\/2133"}],"up":[{"embeddable":true,"href":"https:\/\/beditom.pl\/en\/wp-json\/wp\/v2\/pages\/907"}],"wp:featuredmedia":[{"embeddable":true,"href":"https:\/\/beditom.pl\/en\/wp-json\/wp\/v2\/media\/933"}],"wp:attachment":[{"href":"https:\/\/beditom.pl\/en\/wp-json\/wp\/v2\/media?parent=927"}],"curies":[{"name":"wp","href":"https:\/\/api.w.org\/{rel}","templated":true}]}}