{"id":1858,"date":"2024-04-01T17:32:40","date_gmt":"2024-04-01T17:32:40","guid":{"rendered":"https:\/\/beditom.pl\/?page_id=1858"},"modified":"2024-12-09T13:35:54","modified_gmt":"2024-12-09T13:35:54","slug":"zapytanie-ofertowe-dla-domu","status":"publish","type":"page","link":"https:\/\/beditom.pl\/en\/kontakt\/zapytanie-ofertowe-dla-domu\/","title":{"rendered":"Request for quotation for a house"},"content":{"rendered":"<section class=\"l-section wpb_row height_medium width_custom color_primary\" style=\"--site-content-width:1320px;\"><div class=\"l-section-h i-cf\"><div class=\"g-cols vc_row via_grid cols_1-4-1 laptops-cols_inherit tablets-cols_inherit mobiles-cols_1 valign_top type_default stacking_default\"><div class=\"wpb_column vc_column_container\"><div class=\"vc_column-inner\"><\/div><\/div><div class=\"wpb_column vc_column_container\"><div class=\"vc_column-inner\"><div class=\"w-html us_custom_9dfb85bd has_text_color\"><p>FOR HOME<\/p><\/div><div class=\"w-html us_custom_b011e678 has_text_color\"><h1 class=\"us_custom_b011e678\">Request for quotation for a house<\/h1><\/div><\/div><\/div><div class=\"wpb_column vc_column_container\"><div class=\"vc_column-inner\"><\/div><\/div><\/div><\/div><\/section><section class=\"l-section wpb_row us_custom_e29345e3 height_medium width_custom\" style=\"--site-content-width:1320px;\"><div class=\"l-section-h i-cf\"><div class=\"g-cols vc_row via_grid cols_1 laptops-cols_inherit tablets-cols_inherit mobiles-cols_1 valign_top type_default stacking_default\"><div class=\"wpb_column vc_column_container\"><div class=\"vc_column-inner\"><nav class=\"g-breadcrumbs us_custom_fdcab3db separator_icon align_none hide_current\" itemscope itemtype=\"http:\/\/schema.org\/BreadcrumbList\"><div class=\"g-breadcrumbs-item\" itemscope itemprop=\"itemListElement\" itemtype=\"http:\/\/schema.org\/ListItem\"><a itemprop=\"item\" href=\"https:\/\/beditom.pl\/en\/\"><span itemprop=\"name\">HOME<\/span><\/a><meta itemprop=\"position\" content=\"1\"\/><\/div><div class=\"g-breadcrumbs-separator\"><i class=\"far fa-angle-right\"><\/i><\/div><div class=\"g-breadcrumbs-item\">Pages<\/div><\/nav><\/div><\/div><\/div><\/div><\/section>\n<section class=\"l-section wpb_row height_medium width_custom\" style=\"--site-content-width:1320px;\"><div class=\"l-section-h i-cf\"><div class=\"g-cols vc_row via_grid cols_2 laptops-cols_inherit tablets-cols_inherit mobiles-cols_1 valign_top type_default stacking_default\"><div class=\"wpb_column vc_column_container\"><div class=\"vc_column-inner\"><form class=\"w-form  us-field-style_1 layout_ver show_message_after_sending for_cform us_form_1\" action=\"https:\/\/beditom.pl\/en\/en\/wp-json\/wp\/v2\/pages\/1858\" method=\"post\" enctype=\"multipart\/form-data\" data-trp-original-action=\"https:\/\/beditom.pl\/en\/en\/wp-json\/wp\/v2\/pages\/1858\"><div class=\"w-form-h\"><div class=\"w-form-row for_checkboxes has_label\">\r\n\t\t\t<div class=\"w-form-row-label\">\r\n\t\t\t<span>I am interested in the following assortment<\/span>\r\n\t\t<\/div>\r\n\t\t<div class=\"w-form-row-field\">\r\n\t\t\t\t\t<label>\r\n\t\t\t\t<input type=\"checkbox\" name=\"us_form_1_checkboxes_1[]\" value=\"Bramy gara\u017cowe segmentowe\"\/>\r\n\t\t\t\t<span>Sectional garage doors<\/span>\r\n\t\t\t<\/label>\r\n\t\t\t\t\t\t<label>\r\n\t\t\t\t<input type=\"checkbox\" name=\"us_form_1_checkboxes_1[]\" value=\"Bramy gara\u017cowe dwuskrzyd\u0142owe\"\/>\r\n\t\t\t\t<span>Double garage doors<\/span>\r\n\t\t\t<\/label>\r\n\t\t\t\t\t\t<label>\r\n\t\t\t\t<input type=\"checkbox\" name=\"us_form_1_checkboxes_1[]\" value=\"Automatyka do bram (gara\u017cowych, wjazdowych)\"\/>\r\n\t\t\t\t<span>Automation for doors (garage, entrance)<\/span>\r\n\t\t\t<\/label>\r\n\t\t\t\t\t\t<label>\r\n\t\t\t\t<input type=\"checkbox\" name=\"us_form_1_checkboxes_1[]\" value=\"Drzwi przygara\u017cowe\"\/>\r\n\t\t\t\t<span>Technical doors<\/span>\r\n\t\t\t<\/label>\r\n\t\t\t\t\t\t<label>\r\n\t\t\t\t<input type=\"checkbox\" name=\"us_form_1_checkboxes_1[]\" value=\"Drzwi zewn\u0119trzne\"\/>\r\n\t\t\t\t<span>External doors<\/span>\r\n\t\t\t<\/label>\r\n\t\t\t\t\t\t<label>\r\n\t\t\t\t<input type=\"checkbox\" name=\"us_form_1_checkboxes_1[]\" value=\"Inne wyroby i us\u0142ugi\"\/>\r\n\t\t\t\t<span>Other products and services<\/span>\r\n\t\t\t<\/label>\r\n\t\t\t\t<\/div>\r\n\t\t<div class=\"w-form-row-state\">Select an option<\/div>\r\n<\/div>\r\n<div class=\"w-form-row for_text has_label required\">\r\n\t\t\t<div class=\"w-form-row-label\">\r\n\t\t\t<span>Name and surname *<\/span>\r\n\t\t<\/div>\r\n\t\t<div class=\"w-form-row-field\">\r\n\t\t\t\t\t\t<input aria-label=\"Name and surname\" type=\"text\" name=\"us_form_1_text_1\" value placeholder data-required=\"true\" aria-required=\"true\"\/>\r\n\t\t\t<\/div>\r\n\t\t<div class=\"w-form-row-state\">Fill out this field<\/div>\r\n<\/div>\r\n<div class=\"w-form-row for_text has_label required\">\r\n\t\t\t<div class=\"w-form-row-label\">\r\n\t\t\t<span>Phone number *<\/span>\r\n\t\t<\/div>\r\n\t\t<div class=\"w-form-row-field\">\r\n\t\t\t\t\t\t<input aria-label=\"Phone number\" type=\"text\" name=\"us_form_1_text_2\" value placeholder data-required=\"true\" aria-required=\"true\"\/>\r\n\t\t\t<\/div>\r\n\t\t<div class=\"w-form-row-state\">Fill out this field<\/div>\r\n<\/div>\r\n<div class=\"w-form-row for_email has_label required\">\r\n\t\t\t<div class=\"w-form-row-label\">\r\n\t\t\t<span>Email address *<\/span>\r\n\t\t<\/div>\r\n\t\t<div class=\"w-form-row-field\">\r\n\t\t\t\t\t\t<input aria-label=\"Email address\" type=\"email\" name=\"us_form_1_email_1\" value placeholder data-required=\"true\" aria-required=\"true\"\/>\r\n\t\t\t<\/div>\r\n\t\t<div class=\"w-form-row-state\">Please enter a valid email address.<\/div>\r\n<\/div>\r\n<div class=\"w-form-row for_select has_label required\">\r\n\t\t\t<div class=\"w-form-row-label\">\r\n\t\t\t<span>Voivodeship *<\/span>\r\n\t\t<\/div>\r\n\t\t<div class=\"w-form-row-field\">\r\n\t\t\t\t\t\t<select aria-label=\"Voivodeship\" data-required=\"true\" aria-required=\"true\" name=\"us_form_1_select_1\">\r\n\t\t\t<option value=\"pomorskie\">Pomeranian<\/option><option value=\"dolno\u015bl\u0105skie\">Lower Silesia<\/option><option value=\"kujawsko-pomorskie\">kujawsko-pomorskie<\/option><option value=\"lubelskie\">Lubelskie<\/option><option value=\"lubuskie\">Lubuskie<\/option><option value=\"\u0142\u00f3dzkie\">Lodz<\/option><option value=\"ma\u0142opolskie\">Ma\u0142opolskie<\/option><option value=\"mazowieckie\">mazowieckie<\/option><option value=\"opolskie\">Opolskie<\/option><option value=\"podkarpackie\">Podkarpackie<\/option><option value=\"podlaskie\">podlaskie<\/option><option value=\"\u015bl\u0105skie\">Silesia<\/option><option value=\"\u015bwi\u0119tokrzyskie\">\u015awi\u0119tokrzyskie<\/option><option value=\"warmi\u0144sko-mazurskie\">Warminsko-Mazurskie<\/option><option value=\"wielkopolskie\">Wielkopolskie<\/option><option value=\"zachodniopomorskie\">zachodniopomorskie<\/option>\t\t<\/select>\r\n\t\t\t<\/div>\r\n\t\t<div class=\"w-form-row-state\">Select an option<\/div>\r\n<\/div>\r\n<div class=\"w-form-row for_text has_label required\">\r\n\t\t\t<div class=\"w-form-row-label\">\r\n\t\t\t<span>Town *<\/span>\r\n\t\t<\/div>\r\n\t\t<div class=\"w-form-row-field\">\r\n\t\t\t\t\t\t<input aria-label=\"Town\" type=\"text\" name=\"us_form_1_text_3\" value placeholder data-required=\"true\" aria-required=\"true\"\/>\r\n\t\t\t<\/div>\r\n\t\t<div class=\"w-form-row-state\">Fill out this field<\/div>\r\n<\/div>\r\n<div class=\"w-form-row for_textarea has_label\">\r\n\t\t\t<div class=\"w-form-row-label\">\r\n\t\t\t<span>Additional information (query details)<\/span>\r\n\t\t<\/div>\r\n\t\t<div class=\"w-form-row-field\">\r\n\t\t\t\t\t\t<textarea aria-label=\"Additional information (query details)\" name=\"us_form_1_textarea_1\" placeholder><\/textarea>\r\n\t\t\t<\/div>\r\n\t\t<div class=\"w-form-row-state\">Fill out this field<\/div>\r\n<\/div>\r\n<div class=\"w-form-row for_file has_label\">\r\n\t\t\t<div class=\"w-form-row-label\">\r\n\t\t\t<span>Attachments (technical drawing or a photo of the object)<\/span>\r\n\t\t<\/div>\r\n\t\t<div class=\"w-form-row-field\">\r\n\t\t\t\t\t\t<input aria-label=\"Attachments (technical drawing or a photo of the object)\" type=\"file\" name=\"us_form_1_file_1\" data-std=\"10MB\" data-max_size=\"10\"\/>\r\n\t\t\t<\/div>\r\n\t\t<div class=\"w-form-row-state\">Fill out this field<\/div>\r\n<\/div>\r\n<div class=\"w-form-row for_agreement required\">\r\n\t\t<div class=\"w-form-row-field\">\r\n\t\t\t\t<label>\r\n\t\t\t<input type=\"checkbox\" value=\"1\" data-required=\"true\" aria-required=\"true\" name=\"us_form_1_agreement_1\"\/>\r\n\t\t\t<span>I confirm that I have read and accept <a href=\"https:\/\/beditom.pl\/en\/regulamin-serwisu-internetowego\/\" target=\"_blank\">the website regulations<\/a>.<\/span>\r\n\t\t<\/label>\r\n\t\t\t<\/div>\r\n\t\t<div class=\"w-form-row-state\">You need to agree with the terms to proceed<\/div>\r\n<\/div>\r\n<div class=\"w-form-row for_agreement required\">\r\n\t\t<div class=\"w-form-row-field\">\r\n\t\t\t\t<label>\r\n\t\t\t<input type=\"checkbox\" value=\"1\" data-required=\"true\" aria-required=\"true\" name=\"us_form_1_agreement_2\"\/>\r\n\t\t\t<span>I confirm that I have read <a href=\"https:\/\/beditom.pl\/en\/polityka-prywatnosci\/\" target=\"_blank\">the website's privacy policy<\/a> . <br \/>The administrator of personal data collected via the website is Beditom sp. z o.o. with its registered office in Gdynia. Data is or may be processed for the purposes and on the basis specified in detail in the privacy policy (e.g. use of electronic services, direct marketing). The privacy policy contains complete information on the processing of data by the administrator, together with the rights of the data subject. Quick contact with the administrator: rodo@beditom.pl, telephone number: +48 58 667 37 10.<\/span>\r\n\t\t<\/label>\r\n\t\t\t<\/div>\r\n\t\t<div class=\"w-form-row-state\">You need to agree with the terms to proceed<\/div>\r\n<\/div>\r\n<input type=\"hidden\" name=\"action\" value=\"us_ajax_cform\" \/>\r\n<input type=\"hidden\" name=\"post_id\" value=\"0\" \/>\r\n<input type=\"hidden\" name=\"form_index\" value=\"1\" \/>\r\n<div class=\"w-form-row for_submit align_none\"><button class=\"w-btn us-btn-style_4\" type=\"submit\" aria-label=\"Send inquiry\"><span class=\"g-preloader type_1\"><\/span><span class=\"w-btn-label\">Send inquiry<\/span><\/button><\/div><\/div><div class=\"w-form-message\"><\/div><div class=\"w-form-json hidden\" onclick='return {&quot;ajaxurl&quot;:&quot;https:\\\/\\\/beditom.pl\\\/wp\\\/wp-admin\\\/admin-ajax.php&quot;,&quot;messages&quot;:{&quot;err_empty&quot;:&quot;Fill out this field&quot;,&quot;err_size&quot;:&quot;File size cannot exceed %s MB&quot;,&quot;err_extension&quot;:&quot;%s file type is not allowed&quot;,&quot;err_recaptcha_keys&quot;:&quot;reCAPTCHA keys are incorrect&quot;}}'><\/div><input type=\"hidden\" name=\"trp-form-language\" value=\"en\"\/><\/form><\/div><\/div><div class=\"wpb_column vc_column_container\"><div class=\"vc_column-inner\"><div class=\"w-image align_left\"><div class=\"w-image-h\"><img decoding=\"async\" width=\"1024\" height=\"690\" src=\"https:\/\/beditom.pl\/app\/uploads\/2024\/04\/1_g_22-1024x690.webp\" class=\"attachment-large size-large\" alt=\"Beditom bramy gara\u017cowe\" loading=\"lazy\" srcset=\"https:\/\/beditom.pl\/app\/uploads\/2024\/04\/1_g_22-1024x690.webp 1024w, https:\/\/beditom.pl\/app\/uploads\/2024\/04\/1_g_22-300x202.webp 300w, https:\/\/beditom.pl\/app\/uploads\/2024\/04\/1_g_22-50x34.webp 50w, https:\/\/beditom.pl\/app\/uploads\/2024\/04\/1_g_22-600x404.webp 600w, https:\/\/beditom.pl\/app\/uploads\/2024\/04\/1_g_22.webp 1908w\" sizes=\"auto, (max-width: 1024px) 100vw, 1024px\" title=\"Beditom sectional garage doors\"><\/div><\/div><div class=\"w-separator size_medium\"><\/div><div class=\"w-image align_left\"><div class=\"w-image-h\"><img decoding=\"async\" width=\"744\" height=\"568\" src=\"https:\/\/beditom.pl\/app\/uploads\/2024\/03\/wspolpraca-02.png\" class=\"attachment-large size-large\" alt=\"Beditom bramy gara\u017cowe\" loading=\"lazy\" srcset=\"https:\/\/beditom.pl\/app\/uploads\/2024\/03\/wspolpraca-02.png 744w, https:\/\/beditom.pl\/app\/uploads\/2024\/03\/wspolpraca-02-300x229.png 300w, https:\/\/beditom.pl\/app\/uploads\/2024\/03\/wspolpraca-02-600x458.png 600w, https:\/\/beditom.pl\/app\/uploads\/2024\/03\/wspolpraca-02-50x38.png 50w\" sizes=\"auto, (max-width: 744px) 100vw, 744px\" title=\"Beditom sectional garage doors\"><\/div><\/div><div class=\"w-separator size_medium\"><\/div><div class=\"w-image align_left\"><div class=\"w-image-h\"><img decoding=\"async\" width=\"1024\" height=\"690\" src=\"https:\/\/beditom.pl\/app\/uploads\/2024\/04\/1_g_15-1024x690.webp\" class=\"attachment-large size-large\" alt=\"Beditom bramy gara\u017cowe\" loading=\"lazy\" srcset=\"https:\/\/beditom.pl\/app\/uploads\/2024\/04\/1_g_15-1024x690.webp 1024w, https:\/\/beditom.pl\/app\/uploads\/2024\/04\/1_g_15-300x202.webp 300w, https:\/\/beditom.pl\/app\/uploads\/2024\/04\/1_g_15-50x34.webp 50w, https:\/\/beditom.pl\/app\/uploads\/2024\/04\/1_g_15-600x404.webp 600w, https:\/\/beditom.pl\/app\/uploads\/2024\/04\/1_g_15.webp 1908w\" sizes=\"auto, (max-width: 1024px) 100vw, 1024px\" title=\"Beditom sectional garage doors\"><\/div><\/div><\/div><\/div><\/div><\/div><\/section>","protected":false},"excerpt":{"rendered":"DLA DOMUZapytanie ofertowe dla domuStrona g\u0142\u00f3wnaPages Jestem zainteresowana\/y nast\u0119puj\u0105cym asortymentem Bramy gara\u017cowe segmentowe Bramy gara\u017cowe dwuskrzyd\u0142owe Automatyka do bram (gara\u017cowych, wjazdowych) Drzwi przygara\u017cowe Drzwi zewn\u0119trzne Inne wyroby i us\u0142ugi Select an option Imi\u0119 i nazwisko * Fill out this field Numer telefonu * Fill out this field Adres e-mail * Please enter a valid email...","protected":false},"author":1,"featured_media":602,"parent":1879,"menu_order":0,"comment_status":"closed","ping_status":"closed","template":"","meta":{"_acf_changed":false,"footnotes":""},"class_list":["post-1858","page","type-page","status-publish","has-post-thumbnail","hentry"],"acf":[],"_links":{"self":[{"href":"https:\/\/beditom.pl\/en\/wp-json\/wp\/v2\/pages\/1858","targetHints":{"allow":["GET"]}}],"collection":[{"href":"https:\/\/beditom.pl\/en\/wp-json\/wp\/v2\/pages"}],"about":[{"href":"https:\/\/beditom.pl\/en\/wp-json\/wp\/v2\/types\/page"}],"author":[{"embeddable":true,"href":"https:\/\/beditom.pl\/en\/wp-json\/wp\/v2\/users\/1"}],"replies":[{"embeddable":true,"href":"https:\/\/beditom.pl\/en\/wp-json\/wp\/v2\/comments?post=1858"}],"version-history":[{"count":37,"href":"https:\/\/beditom.pl\/en\/wp-json\/wp\/v2\/pages\/1858\/revisions"}],"predecessor-version":[{"id":4560,"href":"https:\/\/beditom.pl\/en\/wp-json\/wp\/v2\/pages\/1858\/revisions\/4560"}],"up":[{"embeddable":true,"href":"https:\/\/beditom.pl\/en\/wp-json\/wp\/v2\/pages\/1879"}],"wp:featuredmedia":[{"embeddable":true,"href":"https:\/\/beditom.pl\/en\/wp-json\/wp\/v2\/media\/602"}],"wp:attachment":[{"href":"https:\/\/beditom.pl\/en\/wp-json\/wp\/v2\/media?parent=1858"}],"curies":[{"name":"wp","href":"https:\/\/api.w.org\/{rel}","templated":true}]}}