{"id":1785,"date":"2024-04-01T14:53:50","date_gmt":"2024-04-01T14:53:50","guid":{"rendered":"https:\/\/beditom.pl\/?page_id=1785"},"modified":"2025-12-03T10:21:36","modified_gmt":"2025-12-03T10:21:36","slug":"aktualnosci","status":"publish","type":"page","link":"https:\/\/beditom.pl\/en\/aktualnosci\/","title":{"rendered":"NEWS"},"content":{"rendered":"<section class=\"l-section wpb_row height_medium width_custom color_primary\" style=\"--site-content-width:1320px;\"><div class=\"l-section-h i-cf\"><div class=\"g-cols vc_row via_grid cols_1-4-1 laptops-cols_inherit tablets-cols_inherit mobiles-cols_1 valign_top type_default stacking_default\"><div class=\"wpb_column vc_column_container\"><div class=\"vc_column-inner\"><\/div><\/div><div class=\"wpb_column vc_column_container\"><div class=\"vc_column-inner\"><div class=\"w-html us_custom_b011e678 has_text_color\"><h1 class=\"us_custom_b011e678\">NEWS\n<\/h1><\/div><\/div><\/div><div class=\"wpb_column vc_column_container\"><div class=\"vc_column-inner\"><\/div><\/div><\/div><\/div><\/section>","protected":false},"excerpt":{"rendered":"BEDITOM, wykorzystuj\u0105c potencja\u0142 GRUPY WIK\u0118D, intensywnie pracuje nad rozszerzeniem swojej sieci sprzeda\u017cy. W ostatnim czasie mieli\u015bmy przyjemno\u015b\u0107 go\u015bci\u0107 w naszej siedzibie przedstawicieli firm z bran\u017cy, takich jak DW DOMEL, PROHAUS, STALREM, IMPOL, TOMCZAK, SIMAR, AS-STYLE oraz MAJSTER-WAGAT. Zakres szkole\u0144 Podczas intensywnych sesji szkoleniowych, nasi eksperci skupili si\u0119 na przekazaniu kompleksowej wiedzy z zakresu: Pe\u0142nej oferty...","protected":false},"author":1,"featured_media":599,"parent":0,"menu_order":0,"comment_status":"closed","ping_status":"closed","template":"","meta":{"_acf_changed":false,"footnotes":""},"class_list":["post-1785","page","type-page","status-publish","has-post-thumbnail","hentry"],"acf":[],"_links":{"self":[{"href":"https:\/\/beditom.pl\/en\/wp-json\/wp\/v2\/pages\/1785","targetHints":{"allow":["GET"]}}],"collection":[{"href":"https:\/\/beditom.pl\/en\/wp-json\/wp\/v2\/pages"}],"about":[{"href":"https:\/\/beditom.pl\/en\/wp-json\/wp\/v2\/types\/page"}],"author":[{"embeddable":true,"href":"https:\/\/beditom.pl\/en\/wp-json\/wp\/v2\/users\/1"}],"replies":[{"embeddable":true,"href":"https:\/\/beditom.pl\/en\/wp-json\/wp\/v2\/comments?post=1785"}],"version-history":[{"count":7,"href":"https:\/\/beditom.pl\/en\/wp-json\/wp\/v2\/pages\/1785\/revisions"}],"predecessor-version":[{"id":4847,"href":"https:\/\/beditom.pl\/en\/wp-json\/wp\/v2\/pages\/1785\/revisions\/4847"}],"wp:featuredmedia":[{"embeddable":true,"href":"https:\/\/beditom.pl\/en\/wp-json\/wp\/v2\/media\/599"}],"wp:attachment":[{"href":"https:\/\/beditom.pl\/en\/wp-json\/wp\/v2\/media?parent=1785"}],"curies":[{"name":"wp","href":"https:\/\/api.w.org\/{rel}","templated":true}]}}