{"id":1340,"date":"2024-03-31T18:08:10","date_gmt":"2024-03-31T18:08:10","guid":{"rendered":"https:\/\/beditom.pl\/?page_id=1340"},"modified":"2025-08-12T11:35:40","modified_gmt":"2025-08-12T11:35:40","slug":"warto-wiedziec-o-bramach-garazowych","status":"publish","type":"page","link":"https:\/\/beditom.pl\/en\/dla-domu\/warto-wiedziec-o-bramach-garazowych\/","title":{"rendered":"What you need to know about garage doors"},"content":{"rendered":"<section class=\"l-section wpb_row height_medium width_custom color_primary\" style=\"--site-content-width:1320px;\"><div class=\"l-section-h i-cf\"><div class=\"g-cols vc_row via_grid cols_1-4-1 laptops-cols_inherit tablets-cols_inherit mobiles-cols_1 valign_top type_default stacking_default\"><div class=\"wpb_column vc_column_container\"><div class=\"vc_column-inner\"><\/div><\/div><div class=\"wpb_column vc_column_container\"><div class=\"vc_column-inner\"><div class=\"w-html us_custom_9dfb85bd has_text_color\"><p>FOR HOME<\/p><\/div><div class=\"w-html us_custom_b011e678 has_text_color\"><h1 class=\"us_custom_b011e678\">What you need to know about garage doors\n<\/h1><\/div><\/div><\/div><div class=\"wpb_column vc_column_container\"><div class=\"vc_column-inner\"><\/div><\/div><\/div><\/div><\/section><section class=\"l-section wpb_row us_custom_e29345e3 height_medium width_custom\" style=\"--site-content-width:1320px;\"><div class=\"l-section-h i-cf\"><div class=\"g-cols vc_row via_grid cols_1 laptops-cols_inherit tablets-cols_inherit mobiles-cols_1 valign_top type_default stacking_default\"><div class=\"wpb_column vc_column_container\"><div class=\"vc_column-inner\"><nav class=\"g-breadcrumbs us_custom_fdcab3db separator_icon align_none hide_current\" itemscope itemtype=\"http:\/\/schema.org\/BreadcrumbList\"><div class=\"g-breadcrumbs-item\" itemscope itemprop=\"itemListElement\" itemtype=\"http:\/\/schema.org\/ListItem\"><a itemprop=\"item\" href=\"https:\/\/beditom.pl\/en\/\"><span itemprop=\"name\">HOME<\/span><\/a><meta itemprop=\"position\" content=\"1\"\/><\/div><div class=\"g-breadcrumbs-separator\"><i class=\"far fa-angle-right\"><\/i><\/div><div class=\"g-breadcrumbs-item\">Pages<\/div><\/nav><\/div><\/div><\/div><\/div><\/section>\n<section class=\"l-section wpb_row height_medium width_custom\" style=\"--site-content-width:1320px;\"><div class=\"l-section-h i-cf\"><div class=\"g-cols vc_row via_grid cols_1 laptops-cols_inherit tablets-cols_inherit mobiles-cols_1 valign_top type_default stacking_default\"><div class=\"wpb_column vc_column_container\"><div class=\"vc_column-inner\"><div class=\"w-tabs style_default switch_click accordion has_scrolling\" style=\"--sections-title-size:inherit\"><div class=\"w-tabs-sections titles-align_none icon_chevron cpos_right\"><div class=\"w-tabs-section has_text_color active\" id=\"i3f2\"><button class=\"w-tabs-section-header active\" aria-controls=\"content-i3f2\" aria-expanded=\"true\"><div class=\"w-tabs-section-title\">Did you know?<\/div><div class=\"w-tabs-section-control\"><\/div><\/button><div  class=\"w-tabs-section-content us_custom_df5f4c97\" id=\"content-i3f2\"><div class=\"w-tabs-section-content-h i-cf\"><div class=\"wpb_text_column\"><div class=\"wpb_wrapper\"><ul>\n<li>The garage door takes up to 40% of the front facade of a residential building and is one of the main elements shaping the architecture of your home.<\/li>\n<li>A sectional door is the largest movable structural element of your home.<\/li>\n<li>A properly selected garage door, together with automation and an appropriate intelligent control system, allows for significant energy savings.<\/li>\n<li>Regular inspections increase the lifespan of doors and have a positive impact on the environment.<\/li>\n<li>The estimated lifespan of BEDITOM garage doors exceeds 25 years.<\/li>\n<\/ul>\n<\/div><\/div><\/div><\/div><\/div><div class=\"w-tabs-section has_text_color\" id=\"k655\"><button class=\"w-tabs-section-header\" aria-controls=\"content-k655\" aria-expanded=\"false\"><div class=\"w-tabs-section-title\">Which door should you choose \u2013 tilt-and-turn, swing-and-turn or sectional?<\/div><div class=\"w-tabs-section-control\"><\/div><\/button><div  class=\"w-tabs-section-content us_custom_df5f4c97\" id=\"content-k655\"><div class=\"w-tabs-section-content-h i-cf\"><div class=\"wpb_text_column\"><div class=\"wpb_wrapper\"><ul>\n<li>Brama <strong>A double-leaf swinging <\/strong>garage door is a traditional solution. For this type of door, it is necessary to protect them (foot, lock, limiter) against uncontrolled closing\/opening, e.g., due to strong gusts of wind. Parking in front of it requires maintaining a distance greater than the width of the wing, which sometimes necessitates planning a larger driveway.<\/li>\n<li>Brama <strong>A tilting door<\/strong> requires slightly less space to work in front of it than a swinging door. However, due to its design, it still requires free space in front of the door to open fully. Moreover, up-and-over doors are often not insulated and not very airtight. Like swing doors, these structures are troublesome in cold or moderate climate conditions, especially in winter, when even a minimal amount of blowing and accumulating snow in front of the door causes inconvenience when trying to open it.<\/li>\n<li>Brama <strong>A sectional door<\/strong> is the best construction solution. When using it, you can park your car directly in front of the door, because the sectional door leaf moves vertically upwards within the opening, then aligns itself with horizontal guides under the garage ceiling. The design and technical solutions of our doors make BEDITOM doors perfectly balanced, which means that very little force is required to open and close them, and the dedicated automation allows for full comfort of use. A wide range of guides, panels with a 40 or 60 mm thick polyurethane foam insulating core, and a full set of seals ensure that our sectional doors meet current thermal insulation requirements (Warm House, Passive House, etc.), and a wide range of colors completes the aesthetic effect.<\/li>\n<\/ul>\n<\/div><\/div><\/div><\/div><\/div><div class=\"w-tabs-section has_text_color\" id=\"n862\"><button class=\"w-tabs-section-header\" aria-controls=\"content-n862\" aria-expanded=\"false\"><div class=\"w-tabs-section-title\">What kind of springs should my door have \u2013 torsion or extension?<\/div><div class=\"w-tabs-section-control\"><\/div><\/button><div  class=\"w-tabs-section-content us_custom_df5f4c97\" id=\"content-n862\"><div class=\"w-tabs-section-content-h i-cf\"><div class=\"wpb_text_column\"><div class=\"wpb_wrapper\"><p>In sectional doors, two basic types of door balancing can be used: torsion springs or extension springs. Torsion springs are mounted on a shaft and, depending on the installation conditions, installed directly above the door in the lintel or at the back of the horizontal guides under the ceiling (so-called low leads).  In turn, regardless of the installation conditions, the extension springs are always located in the vertical guides, on the left and right sides of the door casing.<span style=\"text-decoration: line-through;\">y<\/span> oparte na\u00a0 spr\u0119\u017cynach skr\u0119tnych lub spr\u0119\u017cynach naci\u0105gowych. Spr\u0119\u017cyny skr\u0119tne mocowane s\u0105 na wale i w zale\u017cno\u015bci od warunk\u00f3w zabudowy instalowane bezpo\u015brednio nad bram\u0105 w nadpro\u017cu lub te\u017c z ty\u0142u prowadnic poziomych pod sufitem (tzw. niskie prowadzenia).\u00a0 Z kolei spr\u0119\u017cyny naci\u0105gowe niezale\u017cnie od warunk\u00f3w zabudowy zawsze znajduj\u0105 si\u0119 w prowadnicach pionowych, po lewej i prawej stronie p\u0142aszcza bramy.<\/p>\n<p>Both balancing systems are designed to ensure that the user can easily open BEDITOM doors manually, without unnecessary effort. Additionally, both spring packages are designed to be safe, which means that if one of the springs breaks, the door will not suddenly fall or tilt.<\/p>\n<\/div><\/div><\/div><\/div><\/div><div class=\"w-tabs-section has_text_color\" id=\"ja71\"><button class=\"w-tabs-section-header\" aria-controls=\"content-ja71\" aria-expanded=\"false\"><div class=\"w-tabs-section-title\">How much free lintel does a BEDITOM sectional door need?<\/div><div class=\"w-tabs-section-control\"><\/div><\/button><div  class=\"w-tabs-section-content us_custom_df5f4c97\" id=\"content-ja71\"><div class=\"w-tabs-section-content-h i-cf\"><div class=\"wpb_text_column\"><div class=\"wpb_wrapper\"><div class=\"elementor-accordion-item\">\n<div id=\"elementor-tab-content-17012\" class=\"elementor-tab-content elementor-clearfix elementor-active\" role=\"region\" data-tab=\"12\" aria-labelledby=\"elementor-tab-title-17012\">\n<p>In BEDITOM doors, we offer a range of guiding solutions for sectional doors. As standard, 200 mm of free headroom is required. In this variant, the torsion springs are attached to the lintel, and there are no problems with equipping the door with any suitable electric drive. If necessary, we can manufacture a door with a lowered lintel system, even up to 115 mm, where it will still be possible to install an electric drive to open and close it.<\/p>\n<\/div>\n<\/div>\n<div class=\"elementor-accordion-item\"><\/div>\n<\/div><\/div><\/div><\/div><\/div><div class=\"w-tabs-section has_text_color\" id=\"xc5c\"><button class=\"w-tabs-section-header\" aria-controls=\"content-xc5c\" aria-expanded=\"false\"><div class=\"w-tabs-section-title\">How big should a garage door be?<\/div><div class=\"w-tabs-section-control\"><\/div><\/button><div  class=\"w-tabs-section-content us_custom_df5f4c97\" id=\"content-xc5c\"><div class=\"w-tabs-section-content-h i-cf\"><div class=\"wpb_text_column\"><div class=\"wpb_wrapper\"><p>For single-car garages and most passenger cars, a door width of 2500 mm is sufficient. For double garages where cars are parked next to each other, we recommend doors with a width of 4800-5000 mm, depending on the type and expected size of your vehicles.<\/p>\n<p>For a standard passenger car, the recommended opening height is 2125 mm. If you have an off-road vehicle, minivan, or a car of similar height, we recommend making a door with a clear opening height of at least 2250 mm. For most delivery vehicles, the entry height in the clear opening should be at least 2500 mm. Let us also remember that the car models produced are becoming larger over time. If you decide to build a garage or replace the door, you must take into account that the BEDITOM door will last much longer than the average lifespan of a vehicle.<\/p>\n<\/div><\/div><\/div><\/div><\/div><div class=\"w-tabs-section has_text_color\" id=\"le3e\"><button class=\"w-tabs-section-header\" aria-controls=\"content-le3e\" aria-expanded=\"false\"><div class=\"w-tabs-section-title\">Can I match the color of the beditom door to the windows and doors in my house?<\/div><div class=\"w-tabs-section-control\"><\/div><\/button><div  class=\"w-tabs-section-content us_custom_df5f4c97\" id=\"content-le3e\"><div class=\"w-tabs-section-content-h i-cf\"><div class=\"wpb_text_column\"><div class=\"wpb_wrapper\"><p>Our offer includes products perfectly matched in color to WIK\u0118D doors and windows. If you have wooden or veneered joinery from another manufacturer, our extensive range of patterns will likely enable you to select the perfect decor that meets your expectations.<\/p>\n<p>If you need to match the color scheme to your individual needs, we can paint the door leaf in our painting chamber in any RAL color, using paints from renowned manufacturers, while maintaining strict technological and ecological conditions. BEDITOM doors are covered with anti-corrosion coatings, including galvanized sheet metal and at least two layers of paint of various colors and degrees of matte finish.<\/p>\n<\/div><\/div><\/div><\/div><\/div><div class=\"w-tabs-section has_text_color\" id=\"j047\"><button class=\"w-tabs-section-header\" aria-controls=\"content-j047\" aria-expanded=\"false\"><div class=\"w-tabs-section-title\">What power of electric drive is required for the BEDITOM door?<\/div><div class=\"w-tabs-section-control\"><\/div><\/button><div  class=\"w-tabs-section-content us_custom_df5f4c97\" id=\"content-j047\"><div class=\"w-tabs-section-content-h i-cf\"><div class=\"wpb_text_column\"><div class=\"wpb_wrapper\"><div class=\"elementor-accordion-item\">\n<div id=\"elementor-tab-content-17013\" class=\"elementor-tab-content elementor-clearfix elementor-active\" role=\"region\" data-tab=\"13\" aria-labelledby=\"elementor-tab-title-17013\">\n<p>The drive power is selected based on the door size and the type of guides. Because BEDITOM sectional doors are precisely balanced, the force required to open them is 2-4 kg (the force needed to open the door effortlessly with one hand). Therefore, our doors can be fitted with an electric drive from any manufacturer, in accordance with their guidelines regarding the door dimensions. BEDITOM recommends drives and equipment from the American manufacturer LIFTMASTER for its garage doors, and from the German manufacturer GFA for industrial doors. Both companies, with many years of experience, are market leaders and guarantee the quality of the products offered. The drives they produce are characterized by high reliability and quality, as well as the adaptation of the range and accessories to the European market (they meet EU standards and have the appropriate certificates).<\/p>\n<\/div>\n<\/div>\n<div class=\"elementor-accordion-item\"><\/div>\n<\/div><\/div><\/div><\/div><\/div><div class=\"w-tabs-section has_text_color\" id=\"m218\"><button class=\"w-tabs-section-header\" aria-controls=\"content-m218\" aria-expanded=\"false\"><div class=\"w-tabs-section-title\">If I install the BEDITOM door, will I encounter any issues obtaining the required energy certificate for the building?<\/div><div class=\"w-tabs-section-control\"><\/div><\/button><div  class=\"w-tabs-section-content us_custom_df5f4c97\" id=\"content-m218\"><div class=\"w-tabs-section-content-h i-cf\"><div class=\"wpb_text_column\"><div class=\"wpb_wrapper\"><p>BEDITOM doors meet the criteria of the \"Clean Air\" program. High insulation of the segments, tight connections between the segments, and properly designed sealing elements for the entire door not only ensure trouble-free certification, but also ensure the proper energy efficiency of the building. The heat transfer coefficient for most of our solid doors is between 1.1 and 1.3 W\/m2K.<\/p>\n<\/div><\/div><\/div><\/div><\/div><div class=\"w-tabs-section has_text_color\" id=\"k3ed\"><button class=\"w-tabs-section-header\" aria-controls=\"content-k3ed\" aria-expanded=\"false\"><div class=\"w-tabs-section-title\">How to order a door?<\/div><div class=\"w-tabs-section-control\"><\/div><\/button><div  class=\"w-tabs-section-content us_custom_df5f4c97\" id=\"content-k3ed\"><div class=\"w-tabs-section-content-h i-cf\"><div class=\"wpb_text_column\"><div class=\"wpb_wrapper\"><p>Please send us a completed inquiry form about the door model you are interested in. That's all! Our employee will contact you, discuss technical details, help you select the right product, and advise you on the best solutions for you.<\/p>\n<p>The average delivery time for typical orders is 10 to 15 business days from the date of signing the order.<\/p>\n<\/div><\/div><\/div><\/div><\/div><div class=\"w-tabs-section has_text_color\" id=\"v5cb\"><button class=\"w-tabs-section-header\" aria-controls=\"content-v5cb\" aria-expanded=\"false\"><div class=\"w-tabs-section-title\">When can you benefit from the 8% VAT rate?<\/div><div class=\"w-tabs-section-control\"><\/div><\/button><div  class=\"w-tabs-section-content us_custom_df5f4c97\" id=\"content-v5cb\"><div class=\"w-tabs-section-content-h i-cf\"><div class=\"wpb_text_column\"><div class=\"wpb_wrapper\"><p>In the case of residential construction, the garage is only located within the body of the residential building. The 8% VAT rate applies to the delivery of a product with an assembly service \u2013 this also applies to automatic doors (equipped with an electric drive). The 8% VAT rate does not include automation for entrance doors to the property.<\/p>\n<\/div><\/div><\/div><\/div><\/div><div class=\"w-tabs-section has_text_color\" id=\"b7cd\"><button class=\"w-tabs-section-header\" aria-controls=\"content-b7cd\" aria-expanded=\"false\"><div class=\"w-tabs-section-title\">How much does it cost to install a garage door?<\/div><div class=\"w-tabs-section-control\"><\/div><\/button><div  class=\"w-tabs-section-content us_custom_df5f4c97\" id=\"content-b7cd\"><div class=\"w-tabs-section-content-h i-cf\"><div class=\"wpb_text_column\"><div class=\"wpb_wrapper\"><p>The basic factors influencing the determination of costs are:<\/p>\n<ul>\n<li>size and model of the garage door,<\/li>\n<li>type of drive used,<\/li>\n<li>equipping the door with additional accessories,<\/li>\n<li>labor costs related to the assembly service (depending on building conditions).<\/li>\n<\/ul>\n<p>All necessary information will be provided to you by the BEDITOM Customer Service Office staff after a detailed analysis of your needs regarding the purchase of the product and the service related to installation.<\/p>\n<\/div><\/div><\/div><\/div><\/div><div class=\"w-tabs-section has_text_color\" id=\"z9d9\"><button class=\"w-tabs-section-header\" aria-controls=\"content-z9d9\" aria-expanded=\"false\"><div class=\"w-tabs-section-title\">Where to buy a BEDITOM door?<\/div><div class=\"w-tabs-section-control\"><\/div><\/button><div  class=\"w-tabs-section-content us_custom_df5f4c97\" id=\"content-z9d9\"><div class=\"w-tabs-section-content-h i-cf\"><div class=\"wpb_text_column\"><div class=\"wpb_wrapper\"><div class=\"elementor-accordion-item\">\n<div id=\"elementor-tab-content-17019\" class=\"elementor-tab-content elementor-clearfix elementor-active\" role=\"region\" data-tab=\"19\" aria-labelledby=\"elementor-tab-title-17019\">\n<p>BEDITOM has a network of Authorized Sales Points throughout Poland. For more information, please visit <a href=\"https:\/\/beditom.pl\/en\/gdzie-kupic\/\">https:\/\/beditom.pl\/gdzie-kupic\/<\/a>\u00a0 or contact our Customer Service Office at <a href=\"https:\/\/beditom.pl\/en\/kontakt\/\">https:\/\/beditom.pl\/kontakt\/<\/a> , where we will provide you with detailed information.<\/p>\n<\/div>\n<\/div>\n<div class=\"elementor-accordion-item\"><\/div>\n<\/div><\/div><\/div><\/div><\/div><div class=\"w-tabs-section has_text_color\" id=\"pbcf\"><button class=\"w-tabs-section-header\" aria-controls=\"content-pbcf\" aria-expanded=\"false\"><div class=\"w-tabs-section-title\">Can I install the BEDITOM door myself?<\/div><div class=\"w-tabs-section-control\"><\/div><\/button><div  class=\"w-tabs-section-content us_custom_df5f4c97\" id=\"content-pbcf\"><div class=\"w-tabs-section-content-h i-cf\"><div class=\"wpb_text_column\"><div class=\"wpb_wrapper\"><div class=\"elementor-accordion-item\">\n<div id=\"elementor-tab-content-17016\" class=\"elementor-tab-content elementor-clearfix elementor-active\" role=\"region\" data-tab=\"16\" aria-labelledby=\"elementor-tab-title-17016\">\n<p>Due to the solutions used, the installation of BEDITOM sectional doors is user-friendly for a specialized assembly team. Due to the large size of the door and the required precision of installation, we recommend that a professional and trained assembly team perform the installation. The installation of some elements of a sectional door requires specialized tools (e.g. installation and adjustment of torsion springs). Quality installation is the key to trouble-free and comfortable operation of the door for many years. Improper installation will result in inconvenience in everyday use and, in extreme cases, frequent breakdowns.<\/p>\n<p>In the case of garage doors, installation usually takes from 2 to 4 hours depending on the conditions at the installation site, such as: energy availability, condition of the garage opening, floor preparation, etc. The installation time will also depend on the size of the door and the number of additional pieces of equipment (drive, photocells, and additional security). After installation, the correct operation is checked, and all types of safety devices protecting against accidents are checked. At this stage, the installation team is required to contact the investor\/user and provide them with brief instructions for use, along with the relevant documentation. The final element is the signing of a bilateral acceptance protocol. From this moment on, the door is approved for use and covered by the warranty.<\/p>\n<\/div>\n<\/div>\n<\/div><\/div><\/div><\/div><\/div><div class=\"w-tabs-section has_text_color\" id=\"ldc8\"><button class=\"w-tabs-section-header\" aria-controls=\"content-ldc8\" aria-expanded=\"false\"><div class=\"w-tabs-section-title\">Are the construction and hardware of all sectional garage doors the same?<\/div><div class=\"w-tabs-section-control\"><\/div><\/button><div  class=\"w-tabs-section-content us_custom_df5f4c97\" id=\"content-ldc8\"><div class=\"w-tabs-section-content-h i-cf\"><div class=\"wpb_text_column\"><div class=\"wpb_wrapper\"><p>There are many manufacturers of sectional doors. The quality of the product and its price depend on the quality of the materials, accessories, and automation used.<\/p>\n<p>BEDITOM has been a manufacturer of sectional doors for several decades. Thanks to our experience, we have developed modern solutions that meet the highest quality standards. We work exclusively with reputable component suppliers from the European market. We are aware that the quality of the components used has a decisive influence on the long-term and failure-free operation of our products. We do not compromise on quality in our doors. We are one of the leading manufacturers, focusing on the durability and safety of our products. You can learn more about our approach at: <a href=\"https:\/\/beditom.pl\/en\/o-firmie\/\">https:\/\/beditom.pl\/o-firmie\/<\/a>.<\/p>\n<\/div><\/div><\/div><\/div><\/div><div class=\"w-tabs-section has_text_color\" id=\"gfb4\"><button class=\"w-tabs-section-header\" aria-controls=\"content-gfb4\" aria-expanded=\"false\"><div class=\"w-tabs-section-title\">How should I maintain and care for my new BEDITOM door?<\/div><div class=\"w-tabs-section-control\"><\/div><\/button><div  class=\"w-tabs-section-content us_custom_df5f4c97\" id=\"content-gfb4\"><div class=\"w-tabs-section-content-h i-cf\"><div class=\"wpb_text_column\"><div class=\"wpb_wrapper\"><p>BEDITOM doors do not require any special attention from the user. Normal maintenance is sufficient, including keeping the door segments clean and ensuring that the mechanical components are free from dirt and maintained with appropriate protective agents. Friction elements should be lubricated to ensure smooth operation, which will ensure many years of trouble-free service life.<\/p>\n<p>Due to the typical construction cycle and many years of experience in the production and installation of sectional doors, we recommend a warranty inspection after the first year of operation. We are aware that during construction, doors are exposed to particularly difficult working conditions in an environment that is very unfavorable to mechanical elements (cement dust, plastering, filler, flooring, etc.).<\/p>\n<p>After completion of construction works, professional service is recommended, including adjustment of the door, taking into account the actual, current condition of the product at the installation site, after all potential changes (e.g. change in floor height due to the installation of terracotta tiles). It is also required to check the door balance and the effectiveness of any mechanical and electrical protection devices that are not designed to operate in dusty conditions (e.g. when applying plaster).<\/p>\n<p>The high quality of the product and the technical solutions adopted for sectional doors mean that any negligence in the above-mentioned scope will have an impact on the durability and comfort of use of the door in the following years of operation.<\/p>\n<\/div><\/div><\/div><\/div><\/div><\/div><\/div><\/div><\/div><\/div><\/div><\/section>","protected":false},"excerpt":{"rendered":"DLA DOMUWarto wiedzie\u0107 o bramach gara\u017cowych Strona g\u0142\u00f3wnaPages Czy wiesz \u017ce? Brama gara\u017cowa zajmuje do 40% powierzchni elewacji frontowej budynku mieszkalnego i jest jednym z g\u0142\u00f3wnych element\u00f3w kszta\u0142tuj\u0105cych architektur\u0119 Twojego domu. Brama segmentowa jest najwi\u0119kszym ruchomym elementem konstrukcyjnym Twojego domu. Odpowiednio dobrana brama gara\u017cowa wraz z automatyk\u0105 i odpowiednim inteligentnym systemem sterowania pozwala zaoszcz\u0119dzi\u0107 znaczne...","protected":false},"author":1,"featured_media":599,"parent":1926,"menu_order":0,"comment_status":"closed","ping_status":"closed","template":"","meta":{"_acf_changed":false,"footnotes":""},"class_list":["post-1340","page","type-page","status-publish","has-post-thumbnail","hentry"],"acf":[],"_links":{"self":[{"href":"https:\/\/beditom.pl\/en\/wp-json\/wp\/v2\/pages\/1340","targetHints":{"allow":["GET"]}}],"collection":[{"href":"https:\/\/beditom.pl\/en\/wp-json\/wp\/v2\/pages"}],"about":[{"href":"https:\/\/beditom.pl\/en\/wp-json\/wp\/v2\/types\/page"}],"author":[{"embeddable":true,"href":"https:\/\/beditom.pl\/en\/wp-json\/wp\/v2\/users\/1"}],"replies":[{"embeddable":true,"href":"https:\/\/beditom.pl\/en\/wp-json\/wp\/v2\/comments?post=1340"}],"version-history":[{"count":24,"href":"https:\/\/beditom.pl\/en\/wp-json\/wp\/v2\/pages\/1340\/revisions"}],"predecessor-version":[{"id":4784,"href":"https:\/\/beditom.pl\/en\/wp-json\/wp\/v2\/pages\/1340\/revisions\/4784"}],"up":[{"embeddable":true,"href":"https:\/\/beditom.pl\/en\/wp-json\/wp\/v2\/pages\/1926"}],"wp:featuredmedia":[{"embeddable":true,"href":"https:\/\/beditom.pl\/en\/wp-json\/wp\/v2\/media\/599"}],"wp:attachment":[{"href":"https:\/\/beditom.pl\/en\/wp-json\/wp\/v2\/media?parent=1340"}],"curies":[{"name":"wp","href":"https:\/\/api.w.org\/{rel}","templated":true}]}}