{"id":1246,"date":"2024-03-25T21:04:53","date_gmt":"2024-03-25T21:04:53","guid":{"rendered":"https:\/\/beditom.pl\/?page_id=1246"},"modified":"2024-04-15T18:06:01","modified_gmt":"2024-04-15T18:06:01","slug":"ixengo-l-3s-rts","status":"publish","type":"page","link":"https:\/\/beditom.pl\/en\/dla-domu\/automatyka-do-bram-wjazdowych\/somfy-napedy-do-bram-przesuwnych\/ixengo-l-3s-rts\/","title":{"rendered":"Ixengo L 3S RTS"},"content":{"rendered":"<section class=\"l-section wpb_row height_medium width_custom color_primary\" style=\"--site-content-width:1320px;\"><div class=\"l-section-h i-cf\"><div class=\"g-cols vc_row via_grid cols_1-4-1 laptops-cols_inherit tablets-cols_inherit mobiles-cols_1 valign_top type_default stacking_default\"><div class=\"wpb_column vc_column_container\"><div class=\"vc_column-inner\"><\/div><\/div><div class=\"wpb_column vc_column_container\"><div class=\"vc_column-inner\"><div class=\"w-html us_custom_9dfb85bd has_text_color\"><p>FOR HOME<\/p><\/div><div class=\"w-html us_custom_b011e678 has_text_color\"><p>Somfy nap\u0119d do bram skrzyd\u0142owych\n<\/p><\/div><\/div><\/div><div class=\"wpb_column vc_column_container\"><div class=\"vc_column-inner\"><\/div><\/div><\/div><\/div><\/section><section class=\"l-section wpb_row us_custom_e29345e3 height_medium width_custom\" style=\"--site-content-width:1320px;\"><div class=\"l-section-h i-cf\"><div class=\"g-cols vc_row via_grid cols_1 laptops-cols_inherit tablets-cols_inherit mobiles-cols_1 valign_top type_default stacking_default\"><div class=\"wpb_column vc_column_container\"><div class=\"vc_column-inner\"><nav class=\"g-breadcrumbs us_custom_fdcab3db separator_icon align_none hide_current\" itemscope itemtype=\"http:\/\/schema.org\/BreadcrumbList\"><div class=\"g-breadcrumbs-item\" itemscope itemprop=\"itemListElement\" itemtype=\"http:\/\/schema.org\/ListItem\"><a itemprop=\"item\" href=\"https:\/\/beditom.pl\/en\/\"><span itemprop=\"name\">HOME<\/span><\/a><meta itemprop=\"position\" content=\"1\"\/><\/div><div class=\"g-breadcrumbs-separator\"><i class=\"far fa-angle-right\"><\/i><\/div><div class=\"g-breadcrumbs-item\">Pages<\/div><\/nav><\/div><\/div><\/div><\/div><\/section>\n<section class=\"l-section wpb_row height_medium width_custom\" style=\"--site-content-width:1320px;\"><div class=\"l-section-h i-cf\"><div class=\"g-cols vc_row via_grid cols_1 laptops-cols_inherit tablets-cols_inherit mobiles-cols_1 valign_bottom type_default stacking_default\"><div class=\"wpb_column vc_column_container\"><div class=\"vc_column-inner\"><div class=\"w-image align_none\"><div class=\"w-image-h\"><img decoding=\"async\" width=\"300\" height=\"98\" src=\"https:\/\/beditom.pl\/app\/uploads\/2024\/03\/logo_somfy-300x98.webp\" class=\"attachment-medium size-medium\" alt=\"Beditom bramy gara\u017cowe\" loading=\"lazy\" srcset=\"https:\/\/beditom.pl\/app\/uploads\/2024\/03\/logo_somfy-300x98.webp 300w, https:\/\/beditom.pl\/app\/uploads\/2024\/03\/logo_somfy.webp 399w\" sizes=\"auto, (max-width: 300px) 100vw, 300px\" title=\"Beditom sectional garage doors\"><\/div><\/div><div class=\"w-html us_custom_9ebf969f\"><p>Nap\u0119d do bram wjazdowych Ixengo L 3S RTS\n<\/p><\/div><\/div><\/div><\/div><\/div><\/section><section class=\"l-section wpb_row us_custom_887a049b height_medium width_custom\" style=\"--site-content-width:1320px;\"><div class=\"l-section-h i-cf\"><div class=\"g-cols vc_row via_grid cols_2 laptops-cols_inherit tablets-cols_inherit mobiles-cols_1 valign_top type_default stacking_default\"><div class=\"wpb_column vc_column_container\"><div class=\"vc_column-inner\"><div class=\"wpb_text_column us_custom_eb6ff7ce has_text_color\"><div class=\"wpb_wrapper\"><p>Mocny, efektywny i bezpieczny nap\u0119d do du\u017cych bram metalowych<\/p>\n<\/div><\/div><div class=\"w-separator size_medium\"><\/div><div class=\"wpb_text_column\"><div class=\"wpb_wrapper\"><p><b>Centrala 3S: szybka instalacja, mo\u017cliwo\u015b\u0107 ustawiania parametr\u00f3w pracy, intuicyjna obs\u0142uga<\/b><\/p>\n<p><strong>Moc<\/strong><\/p>\n<ul>\n<li>Zdolno\u015b\u0107 otwierania skrzyde\u0142 o d\u0142ugo\u015bci do 4 m i wadze do 400 kg<\/li>\n<li>Zdolno\u015b\u0107 do pracy do 60 cykli na dob\u0119<\/li>\n<li>\u0141agodne domykanie<\/li>\n<\/ul>\n<p><strong>Spe\u0142nia Twoje potrzeby w zakresie efektywno\u015bci<\/strong><\/p>\n<ul>\n<li>Instalacja nie wymaga specjalistycznych narz\u0119dzi ani spawania<\/li>\n<li>Regulowane wsporniki dopasuj\u0105 nap\u0119d do ka\u017cdej bramy<\/li>\n<li>Dla bramy jednoskrzyd\u0142owej wystarczy jeden nap\u0119d<\/li>\n<\/ul>\n<p><strong>Bezpiecze\u0144stwo<\/strong><\/p>\n<ul>\n<li>Nie cofaj\u0105cy si\u0119 mechanizm zapewnia<br \/>\nbardzo wysok\u0105 odporno\u015b\u0107 na silny nap\u00f3r wiatru i innych si\u0142<\/li>\n<li>Przy u\u017cyciu kluczyka, \u0142atwe odblokowanie i otwieranie bramy od zewn\u0105trz<\/li>\n<\/ul>\n<p><strong>Kompatybilno\u015b\u0107 z uk\u0142adami zasilania energi\u0105\u00a0<\/strong><strong>s\u0142oneczn\u0105, w przypadku instalacji w miejscach\u00a0<\/strong><strong>trudno dost\u0119pnych dla doprowadzenia przewod\u00f3w\u00a0<\/strong><strong>zasilaj\u0105cych<\/strong><\/p>\n<\/div><\/div><\/div><\/div><div class=\"wpb_column vc_column_container\"><div class=\"vc_column-inner\"><div class=\"w-image align_none\"><div class=\"w-image-h\"><img decoding=\"async\" width=\"400\" height=\"400\" src=\"https:\/\/beditom.pl\/app\/uploads\/2024\/03\/somfy_wjazowe_2.webp\" class=\"attachment-large size-large\" alt=\"Beditom bramy gara\u017cowe\" loading=\"lazy\" srcset=\"https:\/\/beditom.pl\/app\/uploads\/2024\/03\/somfy_wjazowe_2.webp 400w, https:\/\/beditom.pl\/app\/uploads\/2024\/03\/somfy_wjazowe_2-300x300.webp 300w, https:\/\/beditom.pl\/app\/uploads\/2024\/03\/somfy_wjazowe_2-150x150.webp 150w, https:\/\/beditom.pl\/app\/uploads\/2024\/03\/somfy_wjazowe_2-50x50.webp 50w\" sizes=\"auto, (max-width: 400px) 100vw, 400px\" title=\"Beditom sectional garage doors\"><\/div><\/div><\/div><\/div><\/div><\/div><\/section><section class=\"l-section wpb_row height_medium width_custom\" style=\"--site-content-width:1320px;\"><div class=\"l-section-h i-cf\"><div class=\"g-cols vc_row via_grid cols_1-4-1 laptops-cols_inherit tablets-cols_inherit mobiles-cols_1 valign_top type_default stacking_default\"><div class=\"wpb_column vc_column_container\"><div class=\"vc_column-inner\"><\/div><\/div><div class=\"wpb_column vc_column_container\"><div class=\"vc_column-inner\"><div class=\"wpb_text_column\"><div class=\"wpb_wrapper\"><table class=\"ipTableManagement table\">\n<tbody>\n<tr>\n<th>Specyfikacja techniczna<\/th>\n<th><\/th>\n<\/tr>\n<tr>\n<td>Zasilanie nap\u0119du<\/td>\n<td>230 V \u2013 50 Hz<\/td>\n<\/tr>\n<tr>\n<td>Minimalny odst\u0119p za skrzyd\u0142em*<\/td>\n<td>275 mm<\/td>\n<\/tr>\n<tr>\n<td>Maksymalne odsuni\u0119cie zawiasu**<\/td>\n<td>183 mm<\/td>\n<\/tr>\n<tr>\n<td>Napi\u0119cie silnika<\/td>\n<td>24 V DC<\/td>\n<\/tr>\n<tr>\n<td>Pob\u00f3r mocy (maks.)<\/td>\n<td>40\u00a0W<\/td>\n<\/tr>\n<tr>\n<td>O\u015bwietlenie<\/td>\n<td>500 W maximum<\/td>\n<\/tr>\n<tr>\n<td>Zasilanie akcesori\u00f3w<\/td>\n<td>24 V DC \/ 1200 mA<\/td>\n<\/tr>\n<tr>\n<td>Si\u0142a pchania i ci\u0105gni\u0119cia<\/td>\n<td>2,000 N<\/td>\n<\/tr>\n<tr>\n<td>Zakres pracy<\/td>\n<td>410 mm<\/td>\n<\/tr>\n<tr>\n<td>Czas otwierania<\/td>\n<td>do 90\u00b0\u00a0od 16 do 35 sekund w zale\u017cno\u015bci<br \/>\nod instalacji<\/td>\n<\/tr>\n<tr>\n<td>Cz\u0119stotliwo\u015b\u0107 radiowa RTS<\/td>\n<td>433.42 MHz<\/td>\n<\/tr>\n<tr>\n<td>Maksymalna liczba mo\u017cliwych do<br \/>\nzapami\u0119tania urz\u0105dze\u0144 sterowania zdalnego<\/td>\n<td>40<\/td>\n<\/tr>\n<tr>\n<td>Stopie\u0144 ochrony<\/td>\n<td>IP 44<\/td>\n<\/tr>\n<tr>\n<td>Temperatura pracy<\/td>\n<td>od -20\u00b0C do +60\u00b0C<\/td>\n<\/tr>\n<\/tbody>\n<\/table>\n<\/div><\/div><\/div><\/div><div class=\"wpb_column vc_column_container\"><div class=\"vc_column-inner\"><\/div><\/div><\/div><\/div><\/section>","protected":false},"excerpt":{"rendered":"DLA DOMUSomfy nap\u0119d do bram skrzyd\u0142owych Strona g\u0142\u00f3wnaPages Nap\u0119d do bram wjazdowych Ixengo L 3S RTS Mocny, efektywny i bezpieczny nap\u0119d do du\u017cych bram metalowych Centrala 3S: szybka instalacja, mo\u017cliwo\u015b\u0107 ustawiania parametr\u00f3w pracy, intuicyjna obs\u0142uga Moc Zdolno\u015b\u0107 otwierania skrzyde\u0142 o d\u0142ugo\u015bci do 4 m i wadze do 400 kg Zdolno\u015b\u0107 do pracy do 60 cykli...","protected":false},"author":1,"featured_media":1249,"parent":1229,"menu_order":0,"comment_status":"closed","ping_status":"closed","template":"","meta":{"_acf_changed":false,"footnotes":""},"class_list":["post-1246","page","type-page","status-publish","has-post-thumbnail","hentry"],"acf":[],"_links":{"self":[{"href":"https:\/\/beditom.pl\/en\/wp-json\/wp\/v2\/pages\/1246","targetHints":{"allow":["GET"]}}],"collection":[{"href":"https:\/\/beditom.pl\/en\/wp-json\/wp\/v2\/pages"}],"about":[{"href":"https:\/\/beditom.pl\/en\/wp-json\/wp\/v2\/types\/page"}],"author":[{"embeddable":true,"href":"https:\/\/beditom.pl\/en\/wp-json\/wp\/v2\/users\/1"}],"replies":[{"embeddable":true,"href":"https:\/\/beditom.pl\/en\/wp-json\/wp\/v2\/comments?post=1246"}],"version-history":[{"count":7,"href":"https:\/\/beditom.pl\/en\/wp-json\/wp\/v2\/pages\/1246\/revisions"}],"predecessor-version":[{"id":2172,"href":"https:\/\/beditom.pl\/en\/wp-json\/wp\/v2\/pages\/1246\/revisions\/2172"}],"up":[{"embeddable":true,"href":"https:\/\/beditom.pl\/en\/wp-json\/wp\/v2\/pages\/1229"}],"wp:featuredmedia":[{"embeddable":true,"href":"https:\/\/beditom.pl\/en\/wp-json\/wp\/v2\/media\/1249"}],"wp:attachment":[{"href":"https:\/\/beditom.pl\/en\/wp-json\/wp\/v2\/media?parent=1246"}],"curies":[{"name":"wp","href":"https:\/\/api.w.org\/{rel}","templated":true}]}}