{"id":1156,"date":"2024-03-25T14:25:18","date_gmt":"2024-03-25T14:25:18","guid":{"rendered":"https:\/\/beditom.pl\/?page_id=1156"},"modified":"2024-07-12T11:34:04","modified_gmt":"2024-07-12T11:34:04","slug":"lm50evff","status":"publish","type":"page","link":"https:\/\/beditom.pl\/en\/dla-domu\/automatyka-do-bram-garazowych\/liftmaster-automatyka-do-bram-garazowych\/lm50evff\/","title":{"rendered":"LM50EVFF"},"content":{"rendered":"<section class=\"l-section wpb_row height_medium width_custom color_primary\" style=\"--site-content-width:1320px;\"><div class=\"l-section-h i-cf\"><div class=\"g-cols vc_row via_grid cols_1-4-1 laptops-cols_inherit tablets-cols_inherit mobiles-cols_1 valign_top type_default stacking_default\"><div class=\"wpb_column vc_column_container\"><div class=\"vc_column-inner\"><\/div><\/div><div class=\"wpb_column vc_column_container\"><div class=\"vc_column-inner\"><div class=\"w-html us_custom_9dfb85bd has_text_color\"><p>FOR HOME<\/p><\/div><div class=\"w-html us_custom_b011e678 has_text_color\"><p>Liftmaster nap\u0119dy do bram gara\u017cowych\n<\/p><\/div><\/div><\/div><div class=\"wpb_column vc_column_container\"><div class=\"vc_column-inner\"><\/div><\/div><\/div><\/div><\/section><section class=\"l-section wpb_row height_medium width_custom\" style=\"--site-content-width:1320px;\"><div class=\"l-section-h i-cf\"><div class=\"g-cols vc_row via_grid cols_1 laptops-cols_inherit tablets-cols_inherit mobiles-cols_1 valign_top type_default stacking_default\"><div class=\"wpb_column vc_column_container\"><div class=\"vc_column-inner\"><div class=\"w-image align_none\"><div class=\"w-image-h\"><img decoding=\"async\" width=\"300\" height=\"52\" src=\"https:\/\/beditom.pl\/app\/uploads\/2024\/03\/Logo_LiftMaster-300x52.webp\" class=\"attachment-medium size-medium\" alt=\"Beditom bramy gara\u017cowe\" loading=\"lazy\" srcset=\"https:\/\/beditom.pl\/app\/uploads\/2024\/03\/Logo_LiftMaster-300x52.webp 300w, https:\/\/beditom.pl\/app\/uploads\/2024\/03\/Logo_LiftMaster-600x104.webp 600w, https:\/\/beditom.pl\/app\/uploads\/2024\/03\/Logo_LiftMaster.webp 1023w\" sizes=\"auto, (max-width: 300px) 100vw, 300px\" title=\"Beditom sectional garage doors\"><\/div><\/div><div class=\"w-html us_custom_9ebf969f\"><p>Nap\u0119d do bram gara\u017cowych LiftMaster\n\n<\/p><\/div><div class=\"wpb_text_column\"><div class=\"wpb_wrapper\"><p>Nap\u0119dy do bram gara\u017cowy LM50EVFF<br \/>\n<strong>Model do bram do 90 kg. 500 N<\/strong><\/p>\n<\/div><\/div><\/div><\/div><\/div><\/div><\/section><section class=\"l-section wpb_row height_medium width_custom\" style=\"--site-content-width:1320px;\"><div class=\"l-section-h i-cf\"><div class=\"g-cols vc_row via_grid cols_3 laptops-cols_inherit tablets-cols_inherit mobiles-cols_1 valign_top type_default stacking_default\"><div class=\"wpb_column vc_column_container\"><div class=\"vc_column-inner\"><div class=\"w-image align_none\"><div class=\"w-image-h\"><img decoding=\"async\" width=\"300\" height=\"192\" src=\"https:\/\/beditom.pl\/app\/uploads\/2024\/03\/LiftMaster-LM55EVFA-300x192.webp\" class=\"attachment-medium size-medium\" alt=\"Beditom bramy gara\u017cowe\" loading=\"lazy\" srcset=\"https:\/\/beditom.pl\/app\/uploads\/2024\/03\/LiftMaster-LM55EVFA-300x192.webp 300w, https:\/\/beditom.pl\/app\/uploads\/2024\/03\/LiftMaster-LM55EVFA-50x32.webp 50w, https:\/\/beditom.pl\/app\/uploads\/2024\/03\/LiftMaster-LM55EVFA-600x384.webp 600w, https:\/\/beditom.pl\/app\/uploads\/2024\/03\/LiftMaster-LM55EVFA.webp 668w\" sizes=\"auto, (max-width: 300px) 100vw, 300px\" title=\"Beditom sectional garage doors\"><\/div><\/div><\/div><\/div><div class=\"wpb_column vc_column_container\"><div class=\"vc_column-inner\"><div class=\"w-image align_none\"><div class=\"w-image-h\"><img decoding=\"async\" width=\"300\" height=\"201\" src=\"https:\/\/beditom.pl\/app\/uploads\/2024\/03\/LM55EVFA-min-max-300x201.webp\" class=\"attachment-medium size-medium\" alt=\"Beditom bramy gara\u017cowe\" loading=\"lazy\" srcset=\"https:\/\/beditom.pl\/app\/uploads\/2024\/03\/LM55EVFA-min-max-300x201.webp 300w, https:\/\/beditom.pl\/app\/uploads\/2024\/03\/LM55EVFA-min-max-50x34.webp 50w, https:\/\/beditom.pl\/app\/uploads\/2024\/03\/LM55EVFA-min-max.webp 459w\" sizes=\"auto, (max-width: 300px) 100vw, 300px\" title=\"Beditom sectional garage doors\"><\/div><\/div><\/div><\/div><div class=\"wpb_column vc_column_container\"><div class=\"vc_column-inner\"><div class=\"w-vwrapper align_center valign_top\"><div class=\"w-image align_none\"><div class=\"w-image-h\"><img decoding=\"async\" width=\"125\" height=\"157\" src=\"https:\/\/beditom.pl\/app\/uploads\/2024\/03\/strzalki.webp\" class=\"attachment-medium size-medium\" alt=\"Beditom bramy gara\u017cowe\" loading=\"lazy\" srcset=\"https:\/\/beditom.pl\/app\/uploads\/2024\/03\/strzalki.webp 125w, https:\/\/beditom.pl\/app\/uploads\/2024\/03\/strzalki-40x50.webp 40w\" sizes=\"auto, (max-width: 125px) 100vw, 125px\" title=\"Beditom sectional garage doors\"><\/div><\/div><div class=\"wpb_text_column\"><div class=\"wpb_wrapper\"><p style=\"text-align: center;\">Maksymalnie:<br \/>\nOtwieranie 100mm\/min<br \/>\nZamykanie 100mm\/min<\/p>\n<\/div><\/div><\/div><\/div><\/div><\/div><\/div><\/section><section class=\"l-section wpb_row height_medium width_custom\" style=\"--site-content-width:1320px;\"><div class=\"l-section-h i-cf\"><div class=\"g-cols vc_row via_grid cols_1 laptops-cols_inherit tablets-cols_inherit mobiles-cols_1 valign_top type_default stacking_default\"><div class=\"wpb_column vc_column_container\"><div class=\"vc_column-inner\"><div class=\"wpb_text_column us_custom_9ebf969f\"><div class=\"wpb_wrapper\"><p>Zawarte akcesoria<\/p>\n<\/div><\/div><\/div><\/div><\/div><\/div><\/section><section class=\"l-section wpb_row us_custom_887a049b height_medium width_custom\" style=\"--site-content-width:1320px;\"><div class=\"l-section-h i-cf\"><div class=\"g-cols vc_row via_grid cols_3 laptops-cols_inherit tablets-cols_inherit mobiles-cols_1 valign_top type_default stacking_default\"><div class=\"wpb_column vc_column_container\"><div class=\"vc_column-inner\"><div class=\"w-image align_center\"><div class=\"w-image-h\"><img decoding=\"async\" width=\"214\" height=\"214\" src=\"https:\/\/beditom.pl\/app\/uploads\/2024\/03\/TX4EVF-4kan.webp\" class=\"attachment-woocommerce_thumbnail size-woocommerce_thumbnail\" alt=\"Beditom bramy gara\u017cowe\" loading=\"lazy\" srcset=\"https:\/\/beditom.pl\/app\/uploads\/2024\/03\/TX4EVF-4kan.webp 214w, https:\/\/beditom.pl\/app\/uploads\/2024\/03\/TX4EVF-4kan-150x150.webp 150w, https:\/\/beditom.pl\/app\/uploads\/2024\/03\/TX4EVF-4kan-50x50.webp 50w\" sizes=\"auto, (max-width: 214px) 100vw, 214px\" title=\"Beditom sectional garage doors\"><\/div><\/div><div class=\"wpb_text_column us_custom_32207688\"><div class=\"wpb_wrapper\"><p style=\"text-align: center;\">2 x Pilot TX4EVF<\/p>\n<\/div><\/div><div class=\"w-separator size_small\"><\/div><div class=\"wpb_text_column\"><div class=\"wpb_wrapper\"><div class=\"elementor-element elementor-element-7b37bc6 elementor-position-top elementor-vertical-align-top elementor-widget elementor-widget-image-box\" data-id=\"7b37bc6\" data-element_type=\"widget\" data-widget_type=\"image-box.default\">\n<div class=\"elementor-widget-container\">\n<div class=\"elementor-image-box-wrapper\">\n<div class=\"elementor-image-box-content\">\n<p class=\"elementor-image-box-description\" style=\"text-align: center;\">Pilot 4 kana\u0142owy. Kontroluje do 4 nap\u0119d\u00f3w<\/p>\n<\/div>\n<\/div>\n<\/div>\n<\/div>\n<section class=\"elementor-section elementor-inner-section elementor-element elementor-element-1febb00 elementor-section-boxed elementor-section-height-default elementor-section-height-default\" data-id=\"1febb00\" data-element_type=\"section\">\n<div class=\"elementor-container elementor-column-gap-default\">\n<div class=\"elementor-row\">\n<div class=\"elementor-column elementor-col-100 elementor-inner-column elementor-element elementor-element-7f6c8fe\" data-id=\"7f6c8fe\" data-element_type=\"column\">\n<div class=\"elementor-column-wrap elementor-element-populated\">\n<div class=\"elementor-widget-wrap\">\n<div class=\"elementor-element elementor-element-446b644 elementor-position-top elementor-vertical-align-top elementor-widget elementor-widget-image-box\" data-id=\"446b644\" data-element_type=\"widget\" data-widget_type=\"image-box.default\">\n<div class=\"elementor-widget-container\" style=\"text-align: center;\"><\/div>\n<\/div>\n<\/div>\n<\/div>\n<\/div>\n<\/div>\n<\/div>\n<\/section>\n<\/div><\/div><\/div><\/div><div class=\"wpb_column vc_column_container\"><div class=\"vc_column-inner\"><\/div><\/div><div class=\"wpb_column vc_column_container\"><div class=\"vc_column-inner\"><\/div><\/div><\/div><\/div><\/section><section class=\"l-section wpb_row height_medium width_custom\" style=\"--site-content-width:1320px;\"><div class=\"l-section-h i-cf\"><div class=\"g-cols vc_row via_grid cols_1 laptops-cols_inherit tablets-cols_inherit mobiles-cols_1 valign_top type_default stacking_default\"><div class=\"wpb_column vc_column_container\"><div class=\"vc_column-inner\"><div class=\"wpb_text_column us_custom_9ebf969f\"><div class=\"wpb_wrapper\"><p>Akcesoria dost\u0119pne opcjonalnie<\/p>\n<\/div><\/div><\/div><\/div><\/div><\/div><\/section><section class=\"l-section wpb_row us_custom_887a049b height_medium width_custom\" style=\"--site-content-width:1320px;\"><div class=\"l-section-h i-cf\"><div class=\"g-cols vc_row via_grid cols_2 laptops-cols_inherit tablets-cols_inherit mobiles-cols_1 valign_top type_default stacking_default\"><div class=\"wpb_column vc_column_container\"><div class=\"vc_column-inner\"><div class=\"wpb_text_column\"><div class=\"wpb_wrapper\"><table>\n<tbody>\n<tr>\n<td><strong> 128EV <\/strong><\/td>\n<td>Przycisk \u015bcienny radiowy 2-kana\u0142owy<\/td>\n<\/tr>\n<tr>\n<td><strong>780EV<\/strong><\/td>\n<td>Radiowy zamek szyfrowy<\/td>\n<\/tr>\n<tr>\n<td><strong> 75EV <\/strong><\/td>\n<td>Pod\u015bwietlany przycisk \u015bcienny<\/td>\n<\/tr>\n<\/tbody>\n<\/table>\n<\/div><\/div><\/div><\/div><div class=\"wpb_column vc_column_container\"><div class=\"vc_column-inner\"><div class=\"wpb_text_column\"><div class=\"wpb_wrapper\"><table>\n<tbody>\n<tr>\n<td><strong> 771EVK <\/strong><\/td>\n<td>Zestaw fotokom\u00f3rek<\/td>\n<\/tr>\n<tr>\n<td><strong> FLA1-LED<\/strong><\/td>\n<td>Lampa sygnalizacyjna pomara\u0144czora<\/td>\n<\/tr>\n<\/tbody>\n<\/table>\n<\/div><\/div><\/div><\/div><\/div><\/div><\/section><section class=\"l-section wpb_row us_custom_887a049b height_medium width_custom\" style=\"--site-content-width:1320px;\"><div class=\"l-section-h i-cf\"><div class=\"g-cols vc_row via_grid cols_1 laptops-cols_inherit tablets-cols_inherit mobiles-cols_1 valign_top type_default stacking_default\"><div class=\"wpb_column vc_column_container\"><div class=\"vc_column-inner\"><\/div><\/div><\/div><\/div><\/section>","protected":false},"excerpt":{"rendered":"DLA DOMULiftmaster nap\u0119dy do bram gara\u017cowych Nap\u0119d do bram gara\u017cowych LiftMaster Nap\u0119dy do bram gara\u017cowy LM50EVFF Model do bram do 90 kg. 500 N Maksymalnie: Otwieranie 100mm\/min Zamykanie 100mm\/min Zawarte akcesoria 2 x Pilot TX4EVF Pilot 4 kana\u0142owy. Kontroluje do 4 nap\u0119d\u00f3w Akcesoria dost\u0119pne opcjonalnie 128EV Przycisk \u015bcienny radiowy 2-kana\u0142owy 780EV Radiowy zamek szyfrowy 75EV...","protected":false},"author":1,"featured_media":1157,"parent":919,"menu_order":0,"comment_status":"closed","ping_status":"closed","template":"","meta":{"_acf_changed":false,"footnotes":""},"class_list":["post-1156","page","type-page","status-publish","has-post-thumbnail","hentry"],"acf":[],"_links":{"self":[{"href":"https:\/\/beditom.pl\/en\/wp-json\/wp\/v2\/pages\/1156","targetHints":{"allow":["GET"]}}],"collection":[{"href":"https:\/\/beditom.pl\/en\/wp-json\/wp\/v2\/pages"}],"about":[{"href":"https:\/\/beditom.pl\/en\/wp-json\/wp\/v2\/types\/page"}],"author":[{"embeddable":true,"href":"https:\/\/beditom.pl\/en\/wp-json\/wp\/v2\/users\/1"}],"replies":[{"embeddable":true,"href":"https:\/\/beditom.pl\/en\/wp-json\/wp\/v2\/comments?post=1156"}],"version-history":[{"count":9,"href":"https:\/\/beditom.pl\/en\/wp-json\/wp\/v2\/pages\/1156\/revisions"}],"predecessor-version":[{"id":3920,"href":"https:\/\/beditom.pl\/en\/wp-json\/wp\/v2\/pages\/1156\/revisions\/3920"}],"up":[{"embeddable":true,"href":"https:\/\/beditom.pl\/en\/wp-json\/wp\/v2\/pages\/919"}],"wp:featuredmedia":[{"embeddable":true,"href":"https:\/\/beditom.pl\/en\/wp-json\/wp\/v2\/media\/1157"}],"wp:attachment":[{"href":"https:\/\/beditom.pl\/en\/wp-json\/wp\/v2\/media?parent=1156"}],"curies":[{"name":"wp","href":"https:\/\/api.w.org\/{rel}","templated":true}]}}