{"id":1115,"date":"2024-03-25T11:51:29","date_gmt":"2024-03-25T11:51:29","guid":{"rendered":"https:\/\/beditom.pl\/?page_id=1115"},"modified":"2024-04-15T18:02:08","modified_gmt":"2024-04-15T18:02:08","slug":"duo-vision","status":"publish","type":"page","link":"https:\/\/beditom.pl\/en\/dla-domu\/automatyka-do-bram-garazowych\/sommer-automatyka-do-bram-garazowych\/duo-vision\/","title":{"rendered":"duo vision"},"content":{"rendered":"<section class=\"l-section wpb_row height_medium width_custom color_primary\" style=\"--site-content-width:1320px;\"><div class=\"l-section-h i-cf\"><div class=\"g-cols vc_row via_grid cols_1-4-1 laptops-cols_inherit tablets-cols_inherit mobiles-cols_1 valign_top type_default stacking_default\"><div class=\"wpb_column vc_column_container\"><div class=\"vc_column-inner\"><\/div><\/div><div class=\"wpb_column vc_column_container\"><div class=\"vc_column-inner\"><div class=\"w-html us_custom_9dfb85bd has_text_color\"><p>FOR HOME<\/p><\/div><div class=\"w-html us_custom_b011e678 has_text_color\"><p>Sommer nap\u0119dy do bram gara\u017cowych\n<\/p><\/div><\/div><\/div><div class=\"wpb_column vc_column_container\"><div class=\"vc_column-inner\"><\/div><\/div><\/div><\/div><\/section><section class=\"l-section wpb_row us_custom_e29345e3 height_medium width_custom\" style=\"--site-content-width:1320px;\"><div class=\"l-section-h i-cf\"><div class=\"g-cols vc_row via_grid cols_1 laptops-cols_inherit tablets-cols_inherit mobiles-cols_1 valign_top type_default stacking_default\"><div class=\"wpb_column vc_column_container\"><div class=\"vc_column-inner\"><nav class=\"g-breadcrumbs us_custom_fdcab3db separator_icon align_none hide_current\" itemscope itemtype=\"http:\/\/schema.org\/BreadcrumbList\"><div class=\"g-breadcrumbs-item\" itemscope itemprop=\"itemListElement\" itemtype=\"http:\/\/schema.org\/ListItem\"><a itemprop=\"item\" href=\"https:\/\/beditom.pl\/en\/\"><span itemprop=\"name\">HOME<\/span><\/a><meta itemprop=\"position\" content=\"1\"\/><\/div><div class=\"g-breadcrumbs-separator\"><i class=\"far fa-angle-right\"><\/i><\/div><div class=\"g-breadcrumbs-item\">Pages<\/div><\/nav><\/div><\/div><\/div><\/div><\/section>\n<section class=\"l-section wpb_row height_medium width_custom\" style=\"--site-content-width:1320px;\"><div class=\"l-section-h i-cf\"><div class=\"g-cols vc_row via_grid cols_1 laptops-cols_inherit tablets-cols_inherit mobiles-cols_1 valign_top type_default stacking_default\"><div class=\"wpb_column vc_column_container\"><div class=\"vc_column-inner\"><div class=\"w-image align_none\"><div class=\"w-image-h\"><img decoding=\"async\" width=\"300\" height=\"116\" src=\"https:\/\/beditom.pl\/app\/uploads\/2024\/03\/logo_sommer-300x116.webp\" class=\"attachment-medium size-medium\" alt=\"Beditom bramy gara\u017cowe\" loading=\"lazy\" srcset=\"https:\/\/beditom.pl\/app\/uploads\/2024\/03\/logo_sommer-300x116.webp 300w, https:\/\/beditom.pl\/app\/uploads\/2024\/03\/logo_sommer.webp 400w\" sizes=\"auto, (max-width: 300px) 100vw, 300px\" title=\"Beditom sectional garage doors\"><\/div><\/div><\/div><\/div><\/div><\/div><\/section><section class=\"l-section wpb_row height_medium width_custom\" style=\"--site-content-width:1320px;\"><div class=\"l-section-h i-cf\"><div class=\"g-cols vc_row via_grid cols_2-1 laptops-cols_inherit tablets-cols_inherit mobiles-cols_1 valign_bottom type_default stacking_default\"><div class=\"wpb_column vc_column_container\"><div class=\"vc_column-inner\"><div class=\"w-html us_custom_9ebf969f\"><p>duo vision\n<\/p><\/div><div class=\"wpb_text_column\"><div class=\"wpb_wrapper\"><p>Klasyk z oddzieln\u0105 obudow\u0105 sterownika<\/p>\n<p>Nap\u0119d do bram gara\u017cowych duo vision SOMMER charakteryzuje si\u0119 innowacyjn\u0105 technologi\u0105 po\u0142\u0105czon\u0105 z eleganckim wygl\u0105dem.<\/p>\n<p>Warianty: duo vision 500 \\ duo vision 650 \\ duo vision 800<\/p>\n<\/div><\/div><\/div><\/div><div class=\"wpb_column vc_column_container\"><div class=\"vc_column-inner\"><div class=\"w-image align_none\"><div class=\"w-image-h\"><img decoding=\"async\" width=\"400\" height=\"185\" src=\"https:\/\/beditom.pl\/app\/uploads\/2024\/03\/duo_vision.webp\" class=\"attachment-large size-large\" alt=\"Beditom bramy gara\u017cowe\" loading=\"lazy\" srcset=\"https:\/\/beditom.pl\/app\/uploads\/2024\/03\/duo_vision.webp 400w, https:\/\/beditom.pl\/app\/uploads\/2024\/03\/duo_vision-300x139.webp 300w, https:\/\/beditom.pl\/app\/uploads\/2024\/03\/duo_vision-50x23.webp 50w\" sizes=\"auto, (max-width: 400px) 100vw, 400px\" title=\"Beditom sectional garage doors\"><\/div><\/div><\/div><\/div><\/div><\/div><\/section><section class=\"l-section wpb_row height_medium width_custom\" style=\"--site-content-width:1320px;\"><div class=\"l-section-h i-cf\"><div class=\"g-cols vc_row via_grid cols_2-1 laptops-cols_inherit tablets-cols_inherit mobiles-cols_1 valign_top type_default stacking_default\"><div class=\"wpb_column vc_column_container\"><div class=\"vc_column-inner\"><div class=\"wpb_text_column\"><div class=\"wpb_wrapper\"><table>\n<tbody>\n<tr>\n<td>duo vision<\/td>\n<th>500<\/th>\n<th>650<\/th>\n<th>800<\/th>\n<\/tr>\n<tr>\n<td>Maksymalna wielko\u015b\u0107 bram do:<\/td>\n<td>8,2 m\u00b2<\/td>\n<td>11,7 m\u00b2<\/td>\n<td>12,9 m\u00b2<\/td>\n<\/tr>\n<tr>\n<td>Maksymalna si\u0142a poci\u0105gowa<\/td>\n<td>500N<\/td>\n<td>6500N<\/td>\n<td>800N<\/td>\n<\/tr>\n<\/tbody>\n<\/table>\n<\/div><\/div><\/div><\/div><div class=\"wpb_column vc_column_container\"><div class=\"vc_column-inner\"><div class=\"w-image align_left meta_simple\"><div class=\"w-image-h\"><img decoding=\"async\" width=\"1024\" height=\"581\" src=\"https:\/\/beditom.pl\/app\/uploads\/2024\/03\/duo_vision_sterowanie-1024x581.webp\" class=\"attachment-large size-large\" alt=\"Beditom bramy gara\u017cowe\" loading=\"lazy\" srcset=\"https:\/\/beditom.pl\/app\/uploads\/2024\/03\/duo_vision_sterowanie-1024x581.webp 1024w, https:\/\/beditom.pl\/app\/uploads\/2024\/03\/duo_vision_sterowanie-300x170.webp 300w, https:\/\/beditom.pl\/app\/uploads\/2024\/03\/duo_vision_sterowanie-50x28.webp 50w, https:\/\/beditom.pl\/app\/uploads\/2024\/03\/duo_vision_sterowanie-600x341.webp 600w, https:\/\/beditom.pl\/app\/uploads\/2024\/03\/duo_vision_sterowanie.webp 1180w\" sizes=\"auto, (max-width: 1024px) 100vw, 1024px\" title=\"Beditom sectional garage doors\"><\/div><div class=\"w-image-meta\"><div class=\"w-image-title\">Centrala steruj\u0105ca duo vision<\/div><\/div><\/div><\/div><\/div><\/div><\/div><\/section>","protected":false},"excerpt":{"rendered":"DLA DOMUSommer nap\u0119dy do bram gara\u017cowych Strona g\u0142\u00f3wnaPages duo vision Klasyk z oddzieln\u0105 obudow\u0105 sterownika Nap\u0119d do bram gara\u017cowych duo vision SOMMER charakteryzuje si\u0119 innowacyjn\u0105 technologi\u0105 po\u0142\u0105czon\u0105 z eleganckim wygl\u0105dem. Warianty: duo vision 500 \\ duo vision 650 \\ duo vision 800 duo vision 500 650 800 Maksymalna wielko\u015b\u0107 bram do: 8,2 m\u00b2 11,7 m\u00b2...","protected":false},"author":1,"featured_media":1116,"parent":917,"menu_order":0,"comment_status":"closed","ping_status":"closed","template":"","meta":{"_acf_changed":false,"footnotes":""},"class_list":["post-1115","page","type-page","status-publish","has-post-thumbnail","hentry"],"acf":[],"_links":{"self":[{"href":"https:\/\/beditom.pl\/en\/wp-json\/wp\/v2\/pages\/1115","targetHints":{"allow":["GET"]}}],"collection":[{"href":"https:\/\/beditom.pl\/en\/wp-json\/wp\/v2\/pages"}],"about":[{"href":"https:\/\/beditom.pl\/en\/wp-json\/wp\/v2\/types\/page"}],"author":[{"embeddable":true,"href":"https:\/\/beditom.pl\/en\/wp-json\/wp\/v2\/users\/1"}],"replies":[{"embeddable":true,"href":"https:\/\/beditom.pl\/en\/wp-json\/wp\/v2\/comments?post=1115"}],"version-history":[{"count":4,"href":"https:\/\/beditom.pl\/en\/wp-json\/wp\/v2\/pages\/1115\/revisions"}],"predecessor-version":[{"id":2159,"href":"https:\/\/beditom.pl\/en\/wp-json\/wp\/v2\/pages\/1115\/revisions\/2159"}],"up":[{"embeddable":true,"href":"https:\/\/beditom.pl\/en\/wp-json\/wp\/v2\/pages\/917"}],"wp:featuredmedia":[{"embeddable":true,"href":"https:\/\/beditom.pl\/en\/wp-json\/wp\/v2\/media\/1116"}],"wp:attachment":[{"href":"https:\/\/beditom.pl\/en\/wp-json\/wp\/v2\/media?parent=1115"}],"curies":[{"name":"wp","href":"https:\/\/api.w.org\/{rel}","templated":true}]}}