{"id":1111,"date":"2024-03-25T11:49:09","date_gmt":"2024-03-25T11:49:09","guid":{"rendered":"https:\/\/beditom.pl\/?page_id=1111"},"modified":"2024-05-22T11:16:59","modified_gmt":"2024-05-22T11:16:59","slug":"tiga-tiga","status":"publish","type":"page","link":"https:\/\/beditom.pl\/en\/dla-domu\/automatyka-do-bram-garazowych\/sommer-automatyka-do-bram-garazowych\/tiga-tiga\/","title":{"rendered":"tiga \/ tiga+"},"content":{"rendered":"<section class=\"l-section wpb_row height_medium width_custom color_primary\" style=\"--site-content-width:1320px;\"><div class=\"l-section-h i-cf\"><div class=\"g-cols vc_row via_grid cols_1-4-1 laptops-cols_inherit tablets-cols_inherit mobiles-cols_1 valign_top type_default stacking_default\"><div class=\"wpb_column vc_column_container\"><div class=\"vc_column-inner\"><\/div><\/div><div class=\"wpb_column vc_column_container\"><div class=\"vc_column-inner\"><div class=\"w-html us_custom_9dfb85bd has_text_color\"><p>FOR HOME<\/p><\/div><div class=\"w-html us_custom_b011e678 has_text_color\"><p>Sommer nap\u0119dy do bram gara\u017cowych\n<\/p><\/div><\/div><\/div><div class=\"wpb_column vc_column_container\"><div class=\"vc_column-inner\"><\/div><\/div><\/div><\/div><\/section><section class=\"l-section wpb_row us_custom_e29345e3 height_medium width_custom\" style=\"--site-content-width:1320px;\"><div class=\"l-section-h i-cf\"><div class=\"g-cols vc_row via_grid cols_1 laptops-cols_inherit tablets-cols_inherit mobiles-cols_1 valign_top type_default stacking_default\"><div class=\"wpb_column vc_column_container\"><div class=\"vc_column-inner\"><nav class=\"g-breadcrumbs us_custom_fdcab3db separator_icon align_none hide_current\" itemscope itemtype=\"http:\/\/schema.org\/BreadcrumbList\"><div class=\"g-breadcrumbs-item\" itemscope itemprop=\"itemListElement\" itemtype=\"http:\/\/schema.org\/ListItem\"><a itemprop=\"item\" href=\"https:\/\/beditom.pl\/en\/\"><span itemprop=\"name\">HOME<\/span><\/a><meta itemprop=\"position\" content=\"1\"\/><\/div><div class=\"g-breadcrumbs-separator\"><i class=\"far fa-angle-right\"><\/i><\/div><div class=\"g-breadcrumbs-item\">Pages<\/div><\/nav><\/div><\/div><\/div><\/div><\/section>\n<section class=\"l-section wpb_row height_medium width_custom\" style=\"--site-content-width:1320px;\"><div class=\"l-section-h i-cf\"><div class=\"g-cols vc_row via_grid cols_1 laptops-cols_inherit tablets-cols_inherit mobiles-cols_1 valign_top type_default stacking_default\"><div class=\"wpb_column vc_column_container\"><div class=\"vc_column-inner\"><div class=\"w-image align_none\"><div class=\"w-image-h\"><img decoding=\"async\" width=\"300\" height=\"116\" src=\"https:\/\/beditom.pl\/app\/uploads\/2024\/03\/logo_sommer-300x116.webp\" class=\"attachment-medium size-medium\" alt=\"Beditom bramy gara\u017cowe\" loading=\"lazy\" srcset=\"https:\/\/beditom.pl\/app\/uploads\/2024\/03\/logo_sommer-300x116.webp 300w, https:\/\/beditom.pl\/app\/uploads\/2024\/03\/logo_sommer.webp 400w\" sizes=\"auto, (max-width: 300px) 100vw, 300px\" title=\"Beditom sectional garage doors\"><\/div><\/div><\/div><\/div><\/div><\/div><\/section><section class=\"l-section wpb_row height_medium width_custom\" style=\"--site-content-width:1320px;\"><div class=\"l-section-h i-cf\"><div class=\"g-cols vc_row via_grid cols_2-1 laptops-cols_inherit tablets-cols_inherit mobiles-cols_1 valign_bottom type_default stacking_default\"><div class=\"wpb_column vc_column_container\"><div class=\"vc_column-inner\"><div class=\"w-html us_custom_9ebf969f\"><p>tiga \/ tiga+<\/p><\/div><div class=\"wpb_text_column\"><div class=\"wpb_wrapper\"><p>To udoskonalone wersje nap\u0119d\u00f3w pro+. Wymagania stawiane nap\u0119dom do bram gara\u017cy podziemnych s\u0105 szczeg\u00f3lnie wysokie. Te uk\u0142ady nap\u0119dowe cz\u0119\u015bciej podlegaj\u0105 wi\u0119kszym obci\u0105\u017ceniom, a jednocze\u015bnie musz\u0105 zapewnia\u0107 maksimum bezpiecze\u0144stwa i ochrony.<\/p>\n<p>W przypadku nap\u0119d\u00f3w tiga i tiga+ rozwi\u0105zaniem jest typowa zasada stosowana w produktach SOMMER: w\u0142a\u015bciwe po\u0142\u0105czenie si\u0142y i inteligencji.<\/p>\n<p>W zale\u017cno\u015bci od wielko\u015bci bramy i nat\u0119\u017cenia ruchu dost\u0119pne s\u0105 trzy warianty si\u0142y poci\u0105gowej 600N, 800N i 1100 N. Wersja tiga+zosta\u0142a stworzona obs\u0142ug\u0119 ruchu wahad\u0142owego za pomoc\u0105 dw\u00f3ch par sygnalizator\u00f3w czerwony\/zielony umieszczonych po obu stronach bramy.<\/p>\n<\/div><\/div><\/div><\/div><div class=\"wpb_column vc_column_container\"><div class=\"vc_column-inner\"><div class=\"w-image align_none\"><div class=\"w-image-h\"><img decoding=\"async\" width=\"400\" height=\"185\" src=\"https:\/\/beditom.pl\/app\/uploads\/2024\/03\/tiga_tiga_plus.webp\" class=\"attachment-large size-large\" alt=\"Beditom bramy gara\u017cowe\" loading=\"lazy\" srcset=\"https:\/\/beditom.pl\/app\/uploads\/2024\/03\/tiga_tiga_plus.webp 400w, https:\/\/beditom.pl\/app\/uploads\/2024\/03\/tiga_tiga_plus-300x139.webp 300w, https:\/\/beditom.pl\/app\/uploads\/2024\/03\/tiga_tiga_plus-50x23.webp 50w\" sizes=\"auto, (max-width: 400px) 100vw, 400px\" title=\"Beditom sectional garage doors\"><\/div><\/div><\/div><\/div><\/div><\/div><\/section><section class=\"l-section wpb_row height_medium width_custom\" style=\"--site-content-width:1320px;\"><div class=\"l-section-h i-cf\"><div class=\"g-cols vc_row via_grid cols_2-1 laptops-cols_inherit tablets-cols_inherit mobiles-cols_1 valign_top type_default stacking_default\"><div class=\"wpb_column vc_column_container\"><div class=\"vc_column-inner\"><div class=\"wpb_text_column\"><div class=\"wpb_wrapper\"><table class=\"aligncenter\">\n<tbody>\n<tr>\n<th>tiga \/ tiga+<\/th>\n<th>S 9060<\/th>\n<th>S 9080<\/th>\n<th>S9110<\/th>\n<\/tr>\n<tr>\n<td>Maksymalna wielko\u015b\u0107 bram do:<\/td>\n<td>9 m\u00b2<\/td>\n<td>12 m\u00b2<\/td>\n<td>15 m\u00b2<\/td>\n<\/tr>\n<tr>\n<td>Maksymalna si\u0142a poci\u0105gowa<\/td>\n<td>600N<\/td>\n<td>800N<\/td>\n<td>1100N<\/td>\n<\/tr>\n<tr>\n<td>Maksymalna pr\u0119dko\u015b\u0107 otwierania<\/td>\n<td>240 mm\/s<\/td>\n<td>210 mm\/s<\/td>\n<td>180 mm\/s<\/td>\n<\/tr>\n<tr>\n<td>Maksymalna ilo\u015b\u0107 miejsc postojowych<\/td>\n<td>30<\/td>\n<td>50<\/td>\n<td>30<\/td>\n<\/tr>\n<\/tbody>\n<\/table>\n<\/div><\/div><\/div><\/div><div class=\"wpb_column vc_column_container\"><div class=\"vc_column-inner\"><div class=\"w-image align_left meta_simple\"><div class=\"w-image-h\"><img decoding=\"async\" width=\"300\" height=\"300\" src=\"https:\/\/beditom.pl\/app\/uploads\/2024\/03\/Pilot_Pearl_Twin.webp\" class=\"attachment-large size-large\" alt=\"Beditom bramy gara\u017cowe\" loading=\"lazy\" srcset=\"https:\/\/beditom.pl\/app\/uploads\/2024\/03\/Pilot_Pearl_Twin.webp 300w, https:\/\/beditom.pl\/app\/uploads\/2024\/03\/Pilot_Pearl_Twin-150x150.webp 150w\" sizes=\"auto, (max-width: 300px) 100vw, 300px\" title=\"Beditom sectional garage doors\"><\/div><div class=\"w-image-meta\"><div class=\"w-image-title\">PERL TWIN Pilot 2 -kana\u0142owy o dwukierunkowej transmisji.<\/div><\/div><\/div><\/div><\/div><\/div><\/div><\/section>","protected":false},"excerpt":{"rendered":"DLA DOMUSommer nap\u0119dy do bram gara\u017cowych Strona g\u0142\u00f3wnaPages tiga \/ tiga+To udoskonalone wersje nap\u0119d\u00f3w pro+. Wymagania stawiane nap\u0119dom do bram gara\u017cy podziemnych s\u0105 szczeg\u00f3lnie wysokie. Te uk\u0142ady nap\u0119dowe cz\u0119\u015bciej podlegaj\u0105 wi\u0119kszym obci\u0105\u017ceniom, a jednocze\u015bnie musz\u0105 zapewnia\u0107 maksimum bezpiecze\u0144stwa i ochrony. W przypadku nap\u0119d\u00f3w tiga i tiga+ rozwi\u0105zaniem jest typowa zasada stosowana w produktach SOMMER: w\u0142a\u015bciwe...","protected":false},"author":1,"featured_media":1112,"parent":917,"menu_order":0,"comment_status":"closed","ping_status":"closed","template":"","meta":{"_acf_changed":false,"footnotes":""},"class_list":["post-1111","page","type-page","status-publish","has-post-thumbnail","hentry"],"acf":[],"_links":{"self":[{"href":"https:\/\/beditom.pl\/en\/wp-json\/wp\/v2\/pages\/1111","targetHints":{"allow":["GET"]}}],"collection":[{"href":"https:\/\/beditom.pl\/en\/wp-json\/wp\/v2\/pages"}],"about":[{"href":"https:\/\/beditom.pl\/en\/wp-json\/wp\/v2\/types\/page"}],"author":[{"embeddable":true,"href":"https:\/\/beditom.pl\/en\/wp-json\/wp\/v2\/users\/1"}],"replies":[{"embeddable":true,"href":"https:\/\/beditom.pl\/en\/wp-json\/wp\/v2\/comments?post=1111"}],"version-history":[{"count":4,"href":"https:\/\/beditom.pl\/en\/wp-json\/wp\/v2\/pages\/1111\/revisions"}],"predecessor-version":[{"id":3054,"href":"https:\/\/beditom.pl\/en\/wp-json\/wp\/v2\/pages\/1111\/revisions\/3054"}],"up":[{"embeddable":true,"href":"https:\/\/beditom.pl\/en\/wp-json\/wp\/v2\/pages\/917"}],"wp:featuredmedia":[{"embeddable":true,"href":"https:\/\/beditom.pl\/en\/wp-json\/wp\/v2\/media\/1112"}],"wp:attachment":[{"href":"https:\/\/beditom.pl\/en\/wp-json\/wp\/v2\/media?parent=1111"}],"curies":[{"name":"wp","href":"https:\/\/api.w.org\/{rel}","templated":true}]}}