{"id":1099,"date":"2024-03-25T11:30:07","date_gmt":"2024-03-25T11:30:07","guid":{"rendered":"https:\/\/beditom.pl\/?page_id=1099"},"modified":"2024-04-15T18:01:38","modified_gmt":"2024-04-15T18:01:38","slug":"base","status":"publish","type":"page","link":"https:\/\/beditom.pl\/en\/dla-domu\/automatyka-do-bram-garazowych\/sommer-automatyka-do-bram-garazowych\/base\/","title":{"rendered":"base+"},"content":{"rendered":"<section class=\"l-section wpb_row height_medium width_custom color_primary\" style=\"--site-content-width:1320px;\"><div class=\"l-section-h i-cf\"><div class=\"g-cols vc_row via_grid cols_1-4-1 laptops-cols_inherit tablets-cols_inherit mobiles-cols_1 valign_top type_default stacking_default\"><div class=\"wpb_column vc_column_container\"><div class=\"vc_column-inner\"><\/div><\/div><div class=\"wpb_column vc_column_container\"><div class=\"vc_column-inner\"><div class=\"w-html us_custom_9dfb85bd has_text_color\"><p>FOR HOME<\/p><\/div><div class=\"w-html us_custom_b011e678 has_text_color\"><p>Sommer nap\u0119dy do bram gara\u017cowych\n<\/p><\/div><\/div><\/div><div class=\"wpb_column vc_column_container\"><div class=\"vc_column-inner\"><\/div><\/div><\/div><\/div><\/section><section class=\"l-section wpb_row us_custom_e29345e3 height_medium width_custom\" style=\"--site-content-width:1320px;\"><div class=\"l-section-h i-cf\"><div class=\"g-cols vc_row via_grid cols_1 laptops-cols_inherit tablets-cols_inherit mobiles-cols_1 valign_top type_default stacking_default\"><div class=\"wpb_column vc_column_container\"><div class=\"vc_column-inner\"><nav class=\"g-breadcrumbs us_custom_fdcab3db separator_icon align_none hide_current\" itemscope itemtype=\"http:\/\/schema.org\/BreadcrumbList\"><div class=\"g-breadcrumbs-item\" itemscope itemprop=\"itemListElement\" itemtype=\"http:\/\/schema.org\/ListItem\"><a itemprop=\"item\" href=\"https:\/\/beditom.pl\/en\/\"><span itemprop=\"name\">HOME<\/span><\/a><meta itemprop=\"position\" content=\"1\"\/><\/div><div class=\"g-breadcrumbs-separator\"><i class=\"far fa-angle-right\"><\/i><\/div><div class=\"g-breadcrumbs-item\">Pages<\/div><\/nav><\/div><\/div><\/div><\/div><\/section>\n<section class=\"l-section wpb_row height_medium width_custom\" style=\"--site-content-width:1320px;\"><div class=\"l-section-h i-cf\"><div class=\"g-cols vc_row via_grid cols_1 laptops-cols_inherit tablets-cols_inherit mobiles-cols_1 valign_top type_default stacking_default\"><div class=\"wpb_column vc_column_container\"><div class=\"vc_column-inner\"><div class=\"w-image align_none\"><div class=\"w-image-h\"><img decoding=\"async\" width=\"300\" height=\"116\" src=\"https:\/\/beditom.pl\/app\/uploads\/2024\/03\/logo_sommer-300x116.webp\" class=\"attachment-medium size-medium\" alt=\"Beditom bramy gara\u017cowe\" loading=\"lazy\" srcset=\"https:\/\/beditom.pl\/app\/uploads\/2024\/03\/logo_sommer-300x116.webp 300w, https:\/\/beditom.pl\/app\/uploads\/2024\/03\/logo_sommer.webp 400w\" sizes=\"auto, (max-width: 300px) 100vw, 300px\" title=\"Beditom sectional garage doors\"><\/div><\/div><div class=\"w-html us_custom_9ebf969f\"><p>Nap\u0119d do bram gara\u017cowych base+\n\n\n<\/p><\/div><div class=\"wpb_text_column\"><div class=\"wpb_wrapper\"><p>Nap\u0119dy do bram gara\u017cowych serii base+ dost\u0119pne s\u0105 w trzech wersjach w zale\u017cno\u015bci od wielko\u015bci bramy. Rozbudowane sterowania zapewnia mo\u017cliwo\u015b\u0107 rozbudowy o dodatkowe modu\u0142y: zasilania awaryjnego, czujnika wilgoci, przeciww\u0142amaniowej blokady elektromagnetycznej, lasera pozycji parkowania, detektora ruchu, brz\u0119czyka alarmowego i innych.<\/p>\n<\/div><\/div><\/div><\/div><\/div><\/div><\/section><section class=\"l-section wpb_row height_medium width_custom\" style=\"--site-content-width:1320px;\"><div class=\"l-section-h i-cf\"><div class=\"g-cols vc_row via_grid cols_2 laptops-cols_inherit tablets-cols_inherit mobiles-cols_1 valign_top type_default stacking_default\"><div class=\"wpb_column vc_column_container\"><div class=\"vc_column-inner\"><div class=\"w-image align_none\"><div class=\"w-image-h\"><img decoding=\"async\" width=\"400\" height=\"266\" src=\"https:\/\/beditom.pl\/app\/uploads\/2024\/03\/base_plus.webp\" class=\"attachment-large size-large\" alt=\"Beditom bramy gara\u017cowe\" loading=\"lazy\" srcset=\"https:\/\/beditom.pl\/app\/uploads\/2024\/03\/base_plus.webp 400w, https:\/\/beditom.pl\/app\/uploads\/2024\/03\/base_plus-300x200.webp 300w, https:\/\/beditom.pl\/app\/uploads\/2024\/03\/base_plus-50x33.webp 50w\" sizes=\"auto, (max-width: 400px) 100vw, 400px\" title=\"Beditom sectional garage doors\"><\/div><\/div><\/div><\/div><div class=\"wpb_column vc_column_container\"><div class=\"vc_column-inner\"><div class=\"w-image align_none\"><div class=\"w-image-h\"><img decoding=\"async\" width=\"580\" height=\"261\" src=\"https:\/\/beditom.pl\/app\/uploads\/2024\/03\/sommer_pro_plus_side_detail.webp\" class=\"attachment-large size-large\" alt=\"Beditom bramy gara\u017cowe\" loading=\"lazy\" srcset=\"https:\/\/beditom.pl\/app\/uploads\/2024\/03\/sommer_pro_plus_side_detail.webp 580w, https:\/\/beditom.pl\/app\/uploads\/2024\/03\/sommer_pro_plus_side_detail-300x135.webp 300w, https:\/\/beditom.pl\/app\/uploads\/2024\/03\/sommer_pro_plus_side_detail-50x23.webp 50w\" sizes=\"auto, (max-width: 580px) 100vw, 580px\" title=\"Beditom sectional garage doors\"><\/div><\/div><\/div><\/div><\/div><\/div><\/section><section class=\"l-section wpb_row height_medium width_custom\" style=\"--site-content-width:1320px;\"><div class=\"l-section-h i-cf\"><div class=\"g-cols vc_row via_grid cols_2-1 laptops-cols_inherit tablets-cols_inherit mobiles-cols_1 valign_top type_default stacking_default\"><div class=\"wpb_column vc_column_container\"><div class=\"vc_column-inner\"><div class=\"wpb_text_column\"><div class=\"wpb_wrapper\"><table class=\"aligncenter\">\n<tbody>\n<tr>\n<th><b><i>base+<\/i><\/b><\/th>\n<th><b><i>S 9060<\/i><\/b><\/th>\n<th>S 9080<\/th>\n<th>S9110<\/th>\n<\/tr>\n<tr>\n<td>Maksymalna wielko\u015b\u0107 bram do:<\/td>\n<td>9 m\u00b2<\/td>\n<td>12 m\u00b2<\/td>\n<td>15 m\u00b2<\/td>\n<\/tr>\n<tr>\n<td>Maksymalna si\u0142a poci\u0105gowa<\/td>\n<td>600N<\/td>\n<td>800N<\/td>\n<td>1100N<\/td>\n<\/tr>\n<tr>\n<td>Maksymalna pr\u0119dko\u015b\u0107 otwierania<\/td>\n<td>240 mm\/s<\/td>\n<td>210 mm\/s<\/td>\n<td>180 mm\/s<\/td>\n<\/tr>\n<tr>\n<td>Maksymalna ilo\u015b\u0107 miejsc postojowych<\/td>\n<td>30<\/td>\n<td>50<\/td>\n<td>30<\/td>\n<\/tr>\n<\/tbody>\n<\/table>\n<\/div><\/div><\/div><\/div><div class=\"wpb_column vc_column_container\"><div class=\"vc_column-inner\"><div class=\"w-image align_left meta_simple\"><div class=\"w-image-h\"><img decoding=\"async\" width=\"300\" height=\"300\" src=\"https:\/\/beditom.pl\/app\/uploads\/2024\/03\/4_kanalowy_Pearl_Vibo.webp\" class=\"attachment-large size-large\" alt=\"Beditom bramy gara\u017cowe\" loading=\"lazy\" srcset=\"https:\/\/beditom.pl\/app\/uploads\/2024\/03\/4_kanalowy_Pearl_Vibo.webp 300w, https:\/\/beditom.pl\/app\/uploads\/2024\/03\/4_kanalowy_Pearl_Vibo-150x150.webp 150w, https:\/\/beditom.pl\/app\/uploads\/2024\/03\/4_kanalowy_Pearl_Vibo-50x50.webp 50w\" sizes=\"auto, (max-width: 300px) 100vw, 300px\" title=\"Beditom sectional garage doors\"><\/div><div class=\"w-image-meta\"><div class=\"w-image-title\">PERL Pilot 4 -kana\u0142owy o dwukierunkowej transmisji.<\/div><\/div><\/div><\/div><\/div><\/div><\/div><\/section>","protected":false},"excerpt":{"rendered":"DLA DOMUSommer nap\u0119dy do bram gara\u017cowych Strona g\u0142\u00f3wnaPages Nap\u0119d do bram gara\u017cowych base+ Nap\u0119dy do bram gara\u017cowych serii base+ dost\u0119pne s\u0105 w trzech wersjach w zale\u017cno\u015bci od wielko\u015bci bramy. Rozbudowane sterowania zapewnia mo\u017cliwo\u015b\u0107 rozbudowy o dodatkowe modu\u0142y: zasilania awaryjnego, czujnika wilgoci, przeciww\u0142amaniowej blokady elektromagnetycznej, lasera pozycji parkowania, detektora ruchu, brz\u0119czyka alarmowego i innych. base+ S...","protected":false},"author":1,"featured_media":1100,"parent":917,"menu_order":0,"comment_status":"closed","ping_status":"closed","template":"","meta":{"_acf_changed":false,"footnotes":""},"class_list":["post-1099","page","type-page","status-publish","has-post-thumbnail","hentry"],"acf":[],"_links":{"self":[{"href":"https:\/\/beditom.pl\/en\/wp-json\/wp\/v2\/pages\/1099","targetHints":{"allow":["GET"]}}],"collection":[{"href":"https:\/\/beditom.pl\/en\/wp-json\/wp\/v2\/pages"}],"about":[{"href":"https:\/\/beditom.pl\/en\/wp-json\/wp\/v2\/types\/page"}],"author":[{"embeddable":true,"href":"https:\/\/beditom.pl\/en\/wp-json\/wp\/v2\/users\/1"}],"replies":[{"embeddable":true,"href":"https:\/\/beditom.pl\/en\/wp-json\/wp\/v2\/comments?post=1099"}],"version-history":[{"count":4,"href":"https:\/\/beditom.pl\/en\/wp-json\/wp\/v2\/pages\/1099\/revisions"}],"predecessor-version":[{"id":1102,"href":"https:\/\/beditom.pl\/en\/wp-json\/wp\/v2\/pages\/1099\/revisions\/1102"}],"up":[{"embeddable":true,"href":"https:\/\/beditom.pl\/en\/wp-json\/wp\/v2\/pages\/917"}],"wp:featuredmedia":[{"embeddable":true,"href":"https:\/\/beditom.pl\/en\/wp-json\/wp\/v2\/media\/1100"}],"wp:attachment":[{"href":"https:\/\/beditom.pl\/en\/wp-json\/wp\/v2\/media?parent=1099"}],"curies":[{"name":"wp","href":"https:\/\/api.w.org\/{rel}","templated":true}]}}