{"id":1043,"date":"2024-03-24T22:00:07","date_gmt":"2024-03-24T22:00:07","guid":{"rendered":"https:\/\/beditom.pl\/?page_id=1043"},"modified":"2024-05-22T11:16:29","modified_gmt":"2024-05-22T11:16:29","slug":"aperto","status":"publish","type":"page","link":"https:\/\/beditom.pl\/en\/dla-domu\/automatyka-do-bram-garazowych\/sommer-automatyka-do-bram-garazowych\/aperto\/","title":{"rendered":"Aperto"},"content":{"rendered":"<section class=\"l-section wpb_row height_medium width_custom color_primary\" style=\"--site-content-width:1320px;\"><div class=\"l-section-h i-cf\"><div class=\"g-cols vc_row via_grid cols_1-4-1 laptops-cols_inherit tablets-cols_inherit mobiles-cols_1 valign_top type_default stacking_default\"><div class=\"wpb_column vc_column_container\"><div class=\"vc_column-inner\"><\/div><\/div><div class=\"wpb_column vc_column_container\"><div class=\"vc_column-inner\"><div class=\"w-html us_custom_9dfb85bd has_text_color\"><p>FOR HOME<\/p><\/div><div class=\"w-html us_custom_b011e678 has_text_color\"><p>Sommer nap\u0119dy do bram gara\u017cowych\n<\/p><\/div><\/div><\/div><div class=\"wpb_column vc_column_container\"><div class=\"vc_column-inner\"><\/div><\/div><\/div><\/div><\/section><section class=\"l-section wpb_row us_custom_e29345e3 height_medium width_custom\" style=\"--site-content-width:1320px;\"><div class=\"l-section-h i-cf\"><div class=\"g-cols vc_row via_grid cols_1 laptops-cols_inherit tablets-cols_inherit mobiles-cols_1 valign_top type_default stacking_default\"><div class=\"wpb_column vc_column_container\"><div class=\"vc_column-inner\"><nav class=\"g-breadcrumbs us_custom_fdcab3db separator_icon align_none hide_current\" itemscope itemtype=\"http:\/\/schema.org\/BreadcrumbList\"><div class=\"g-breadcrumbs-item\" itemscope itemprop=\"itemListElement\" itemtype=\"http:\/\/schema.org\/ListItem\"><a itemprop=\"item\" href=\"https:\/\/beditom.pl\/en\/\"><span itemprop=\"name\">HOME<\/span><\/a><meta itemprop=\"position\" content=\"1\"\/><\/div><div class=\"g-breadcrumbs-separator\"><i class=\"far fa-angle-right\"><\/i><\/div><div class=\"g-breadcrumbs-item\">Pages<\/div><\/nav><\/div><\/div><\/div><\/div><\/section>\n<section class=\"l-section wpb_row height_medium width_custom\" style=\"--site-content-width:1320px;\"><div class=\"l-section-h i-cf\"><div class=\"g-cols vc_row via_grid cols_1 laptops-cols_inherit tablets-cols_inherit mobiles-cols_1 valign_top type_default stacking_default\"><div class=\"wpb_column vc_column_container\"><div class=\"vc_column-inner\"><div class=\"w-image align_none\"><div class=\"w-image-h\"><img decoding=\"async\" width=\"300\" height=\"116\" src=\"https:\/\/beditom.pl\/app\/uploads\/2024\/03\/logo_sommer-300x116.webp\" class=\"attachment-medium size-medium\" alt=\"Beditom bramy gara\u017cowe\" loading=\"lazy\" srcset=\"https:\/\/beditom.pl\/app\/uploads\/2024\/03\/logo_sommer-300x116.webp 300w, https:\/\/beditom.pl\/app\/uploads\/2024\/03\/logo_sommer.webp 400w\" sizes=\"auto, (max-width: 300px) 100vw, 300px\" title=\"Beditom sectional garage doors\"><\/div><\/div><\/div><\/div><\/div><\/div><\/section><section class=\"l-section wpb_row height_medium width_custom\" style=\"--site-content-width:1320px;\"><div class=\"l-section-h i-cf\"><div class=\"g-cols vc_row via_grid cols_2-1 laptops-cols_inherit tablets-cols_inherit mobiles-cols_1 valign_bottom type_default stacking_default\"><div class=\"wpb_column vc_column_container\"><div class=\"vc_column-inner\"><div class=\"w-html us_custom_9ebf969f\"><p>Nap\u0119d do bram gara\u017cowych Aperto\n\n<\/p><\/div><div class=\"wpb_text_column\"><div class=\"wpb_wrapper\"><p>Nap\u0119dy do bram gara\u017cowy serii Aperto s\u0105 idealnym po\u0142\u0105czeniem ekonomii z niemieck\u0105 niezawodno\u015bci\u0105 Inteligentne, energooszcz\u0119dne sterowanie wraz z systemem o\u015bwietlenia LED zapewnia ekonomiczn\u0105, bezpieczn\u0105 i komfortow\u0105 eksploatacj\u0119 przez wiele lat.<\/p>\n<\/div><\/div><\/div><\/div><div class=\"wpb_column vc_column_container\"><div class=\"vc_column-inner\"><div class=\"w-image align_none\"><div class=\"w-image-h\"><img decoding=\"async\" width=\"1024\" height=\"495\" src=\"https:\/\/beditom.pl\/app\/uploads\/2024\/03\/sommer_base_plus-1024x495.webp\" class=\"attachment-large size-large\" alt=\"Beditom bramy gara\u017cowe\" loading=\"lazy\" srcset=\"https:\/\/beditom.pl\/app\/uploads\/2024\/03\/sommer_base_plus-1024x495.webp 1024w, https:\/\/beditom.pl\/app\/uploads\/2024\/03\/sommer_base_plus-300x145.webp 300w, https:\/\/beditom.pl\/app\/uploads\/2024\/03\/sommer_base_plus-600x290.webp 600w, https:\/\/beditom.pl\/app\/uploads\/2024\/03\/sommer_base_plus.webp 1180w\" sizes=\"auto, (max-width: 1024px) 100vw, 1024px\" title=\"Beditom sectional garage doors\"><\/div><\/div><\/div><\/div><\/div><\/div><\/section><section class=\"l-section wpb_row height_medium width_custom\" style=\"--site-content-width:1320px;\"><div class=\"l-section-h i-cf\"><div class=\"g-cols vc_row via_grid cols_2-1 laptops-cols_inherit tablets-cols_inherit mobiles-cols_1 valign_top type_default stacking_default\"><div class=\"wpb_column vc_column_container\"><div class=\"vc_column-inner\"><div class=\"wpb_text_column\"><div class=\"wpb_wrapper\"><table class=\"ipTableManagement table aligncenter\">\n<tbody>\n<tr>\n<th>APERTO<\/th>\n<th>A 550L<\/th>\n<th>A 800 XL<\/th>\n<\/tr>\n<tr>\n<td>Maksymalna wielko\u015b\u0107 bram do:<\/td>\n<td>9 m\u00b2<\/td>\n<td>12 m\u00b2<\/td>\n<\/tr>\n<tr>\n<td>Maksymalna si\u0142a poci\u0105gowa<\/td>\n<td>550N<\/td>\n<td>800N<\/td>\n<\/tr>\n<tr>\n<td>Maksymalna pr\u0119dko\u015b\u0107 otwierania<\/td>\n<td>200 mm\/s<\/td>\n<td>180 mm\/s<\/td>\n<\/tr>\n<tr>\n<td colspan=\"3\">Przeznaczony do gara\u017cy jedno i dwustanowiskowych<\/td>\n<\/tr>\n<\/tbody>\n<\/table>\n<\/div><\/div><\/div><\/div><div class=\"wpb_column vc_column_container\"><div class=\"vc_column-inner\"><div class=\"w-image align_left meta_simple\"><div class=\"w-image-h\"><img decoding=\"async\" width=\"300\" height=\"300\" src=\"https:\/\/beditom.pl\/app\/uploads\/2024\/03\/Pilot_Pearl_Twin.webp\" class=\"attachment-large size-large\" alt=\"Beditom bramy gara\u017cowe\" loading=\"lazy\" srcset=\"https:\/\/beditom.pl\/app\/uploads\/2024\/03\/Pilot_Pearl_Twin.webp 300w, https:\/\/beditom.pl\/app\/uploads\/2024\/03\/Pilot_Pearl_Twin-150x150.webp 150w\" sizes=\"auto, (max-width: 300px) 100vw, 300px\" title=\"Beditom sectional garage doors\"><\/div><div class=\"w-image-meta\"><div class=\"w-image-title\">PERL TWIN Pilot 2 -kana\u0142owy o dwukierunkowej transmisji.<\/div><\/div><\/div><\/div><\/div><\/div><\/div><\/section>","protected":false},"excerpt":{"rendered":"DLA DOMUSommer nap\u0119dy do bram gara\u017cowych Strona g\u0142\u00f3wnaPages Nap\u0119d do bram gara\u017cowych Aperto Nap\u0119dy do bram gara\u017cowy serii Aperto s\u0105 idealnym po\u0142\u0105czeniem ekonomii z niemieck\u0105 niezawodno\u015bci\u0105 Inteligentne, energooszcz\u0119dne sterowanie wraz z systemem o\u015bwietlenia LED zapewnia ekonomiczn\u0105, bezpieczn\u0105 i komfortow\u0105 eksploatacj\u0119 przez wiele lat. APERTO A 550L A 800 XL Maksymalna wielko\u015b\u0107 bram do: 9 m\u00b2...","protected":false},"author":1,"featured_media":3050,"parent":917,"menu_order":0,"comment_status":"closed","ping_status":"closed","template":"","meta":{"_acf_changed":false,"footnotes":""},"class_list":["post-1043","page","type-page","status-publish","has-post-thumbnail","hentry"],"acf":[],"_links":{"self":[{"href":"https:\/\/beditom.pl\/en\/wp-json\/wp\/v2\/pages\/1043","targetHints":{"allow":["GET"]}}],"collection":[{"href":"https:\/\/beditom.pl\/en\/wp-json\/wp\/v2\/pages"}],"about":[{"href":"https:\/\/beditom.pl\/en\/wp-json\/wp\/v2\/types\/page"}],"author":[{"embeddable":true,"href":"https:\/\/beditom.pl\/en\/wp-json\/wp\/v2\/users\/1"}],"replies":[{"embeddable":true,"href":"https:\/\/beditom.pl\/en\/wp-json\/wp\/v2\/comments?post=1043"}],"version-history":[{"count":8,"href":"https:\/\/beditom.pl\/en\/wp-json\/wp\/v2\/pages\/1043\/revisions"}],"predecessor-version":[{"id":3053,"href":"https:\/\/beditom.pl\/en\/wp-json\/wp\/v2\/pages\/1043\/revisions\/3053"}],"up":[{"embeddable":true,"href":"https:\/\/beditom.pl\/en\/wp-json\/wp\/v2\/pages\/917"}],"wp:featuredmedia":[{"embeddable":true,"href":"https:\/\/beditom.pl\/en\/wp-json\/wp\/v2\/media\/3050"}],"wp:attachment":[{"href":"https:\/\/beditom.pl\/en\/wp-json\/wp\/v2\/media?parent=1043"}],"curies":[{"name":"wp","href":"https:\/\/api.w.org\/{rel}","templated":true}]}}